
{"id":7768,"date":"2019-08-08T08:23:05","date_gmt":"2019-08-08T06:23:05","guid":{"rendered":"https:\/\/www.baque.com\/?page_id=7768"},"modified":"2023-03-27T13:04:08","modified_gmt":"2023-03-27T11:04:08","slug":"baque-experience","status":"publish","type":"page","link":"https:\/\/www.baque.com\/es\/especialistas-cafe\/baque-experience\/","title":{"rendered":"Baqu\u00e9 Experience"},"content":{"rendered":"<section  id='experience-portada'><img src='\/wp-content\/uploads\/2019\/08\/baque-experience-eventos-madrid-1.jpg' class='bg withoutbgresp' alt='' \/><video class='video_fondo' src='\/wp-content\/uploads\/2019\/08\/baque-experience-eventos-madrid.mp4' muted autoplay loop><\/video><div class='container'><\/p>\n\n\n\n<h1>Baqu\u00e9 Experience<\/h1>\n<h2>Vive una experiencia cafetera \u00fanica.<\/h2>\n\n\n<p><\/div><\/section>\n\n\n<section  id='experience-slider'><div class='container'><\/p>\n\n\n\n<div class=\"info\">\n\n<p><strong>Baque Experience<\/strong> es un espacio <strong>multifuncional<\/strong> \u00fanico en <strong>Madrid<\/strong>, perfecto para celebrar <strong>eventos corporativos o particulares<\/strong> en un entorno <strong>distinguido y elegante<\/strong>.<\/p>\n\n<p>Celebra desde <strong>reuniones<\/strong> en un ambiente m\u00e1s distendido, hasta <strong>comidas o cenas<\/strong> de la mano de nuestros colaboradores expertos en restauraci\u00f3n.<\/p>\n\n<\/div>\n\n<div class=\"imagenes\">\n\n<img decoding=\"async\" src=\"\/wp-content\/uploads\/2019\/08\/baque-experience-espacio-eventos-madrid-1.jpg\" alt=\"baque-experience-espacio-eventos-madrid-1\">\n<img decoding=\"async\" src=\"\/wp-content\/uploads\/2019\/08\/baque-experience-espacio-eventos-madrid-2.jpg\" alt=\"baque-experience-espacio-eventos-madrid-2\">\n<img decoding=\"async\" src=\"\/wp-content\/uploads\/2019\/08\/baque-experience-espacio-eventos-madrid-3.jpg\" alt=\"baque-experience-espacio-eventos-madrid-3\">\n<img decoding=\"async\" src=\"\/wp-content\/uploads\/2019\/08\/baque-experience-espacio-eventos-madrid-4.jpg\" alt=\"baque-experience-espacio-eventos-madrid-4\">\n<img decoding=\"async\" src=\"\/wp-content\/uploads\/2019\/08\/baque-experience-espacio-eventos-madrid-5.jpg\" alt=\"baque-experience-espacio-eventos-madrid-5\">\n\n<div class=\"selector\">\n<img decoding=\"async\" src=\"\/wp-content\/themes\/baque\/img\/flecha.svg\" alt=\"\">\n<span>1<\/span>\n<img decoding=\"async\" src=\"\/wp-content\/themes\/baque\/img\/flecha.svg\" alt=\"\">\n<\/div>\n<\/div>\n\n\n<p><\/div><\/section>\n\n\n<section  id='experience-video'><div class='container'><\/p>\n\n\n\n<img decoding=\"async\" src=\"\/wp-content\/uploads\/2019\/08\/baque-experience-video.jpg\" alt=\"baque-experience-video\">\n<i class=\"fa fa-play\"><\/i>\n<div class=\"iframe\">\n<iframe src=\"https:\/\/www.youtube.com\/embed\/MdUE0xgAT2M\" allow=\"accelerometer; autoplay; encrypted-media; gyroscope; picture-in-picture\" allowfullscreen=\"\" frameborder=\"0\"><\/iframe>\n<span class=\"cerrar\">\u2715<\/span>\n<\/div>\n\n\n<p><\/div><\/section>\n\n\n<section  id='experience-texto' class='introtext'><div class='container'><\/p>\n\n\n\n<p>Nuestro espacio est\u00e1 acondicionado para el <strong>showcooking<\/strong> gracias a su <strong>espl\u00e9ndida cocina con barra americana.<\/strong> <\/p>\n\n\n\n<p>Podr\u00e1s disfrutar de una<strong> comida\/cena en su comedor privado<\/strong> de la mano de nuestro servicio de <strong>catering<\/strong> con <strong>colaboradores<\/strong> como el <strong>Hotel Wellington, El Paraguas o Babero<\/strong>.<\/p>\n\n\n\n<p>Ubicado en una de las <strong>zonas m\u00e1s exclusivas de Madrid<\/strong>, en la calle Alcal\u00e1 junto a la calle Vel\u00e1zquez, es un local situado frente al Parque del Retiro donde podr\u00e1s dar continuidad a una reuni\u00f3n con una agradable comida o tarde de cocktails, o incluso disfrutar de una experiencia cafetera \u00fanica.<\/p>\n\n\n<p><\/div><\/section>\n\n\n<section  id='experience-catering'><img src='\/wp-content\/uploads\/2019\/08\/baque-experience-catering.jpg' class='bg withoutbgresp' alt='' \/><video class='video_fondo' src='\/wp-content\/uploads\/2019\/08\/baque-experience-catering.mp4' muted autoplay loop><\/video><div class='container'><\/p>\n\n\n\n<p>CATERING OFICIAL<\/p>\n<div>\n<img decoding=\"async\" src=\"\/wp-content\/themes\/baque\/img\/logos\/wellington.svg\" alt=\"hotel-wellington\">\n<img decoding=\"async\" src=\"\/wp-content\/themes\/baque\/img\/logos\/elparaguas.svg\" alt=\"el-paraguas\">\n<img decoding=\"async\" src=\"\/wp-content\/themes\/baque\/img\/logos\/elbabero.svg\" alt=\"el-babero\">\n<\/div>\n\n\n<p><\/div><\/section>\n\n\n<section  id='experience-info'><div class='container'><\/p>\n\n\n\n<img decoding=\"async\" src=\"\/wp-content\/uploads\/2019\/08\/baque-experiencia-cafetera-unica.jpg\" alt=\"baque-experiencia-cafetera-unica\">\n<div>\n<h3>EXPERIENCIA CAFETERA \u00daNICA<\/h3>\n<p>Sum\u00e9rgete en un espacio dise\u00f1ado para disfrutar de una experiencia cafetera \u00fanica, en la que de la mano de baristas profesionales, podr\u00e1s saborear todos los aromas y matices del caf\u00e9 elaborado mediante diferentes procesos de extracci\u00f3n, desde los m\u00e1s tradicionales hasta los m\u00e1s innovadores y que son tendencia.<\/p>\n<\/div>\n\n\n<p><\/div><\/section>\n\n\n<section  id='experience-info'><div class='container'><\/p>\n\n\n\n<img decoding=\"async\" src=\"\/wp-content\/uploads\/2019\/08\/baque-experience-espacio-multifuncional.jpg\" alt=\"baque-experience-espacio-multifuncional\">\n<div>\n<h3>ESPACIO MULTIFUNCIONAL<\/h3>\n<ul>\n<li>Reuniones<\/li>\n<li>Eventos<\/li>\n<li>Celebraciones<\/li>\n<li>Formaciones<\/li>\n<li>Masterclases<\/li>\n<li>Exposiciones<\/li>\n<li>Showcooking<\/li>\n<li>Catas y maridaje<\/li>\n<li>Teambuilding<\/li>\n<\/ul>\n<\/div>\n\n\n<p><\/div><\/section>\n\n\n<section  id='experience-servicios'><div class='container'><\/p>\n\n\n\n<h4 class=\"titulo-seccion\">SERVICIOS<\/h4>\n<ul>\n\n\n<p><li><div class='imagen'><img src='\/wp-content\/uploads\/2019\/08\/baque-experience-catering-1.jpg' alt='CATERING'><\/div><span class='titulo'>CATERING<\/span><span>Showcooking de la mano de nuestro servicio de catering especializado.<\/span><\/li><\/p>\n\n\n<p><li><div class='imagen'><img src='\/wp-content\/uploads\/2019\/08\/baque-experience-barman.jpg' alt='BARTENDER'><\/div><span class='titulo'>BARTENDER<\/span><span>Profesionales de la mano del Hotel Wellington a tu disposici\u00f3n.<\/span><\/li><\/p>\n\n\n<p><li><div class='imagen'><img src='\/wp-content\/uploads\/2019\/08\/baque-experience-barista.jpg' alt='BARISTA'><\/div><span class='titulo'>BARISTA<\/span><span>Disfruta de una experiencia barista \u00fanica.<\/span><\/li><\/p>\n\n\n<p><li><div class='imagen'><img src='\/wp-content\/uploads\/2019\/08\/baque-experience-wifi.jpg' alt='WIFI'><\/div><span class='titulo'>WIFI<\/span><span>Conexi\u00f3n WiFi de calidad incluida.<\/span><\/li><\/p>\n\n\n<p><li><div class='imagen'><img src='\/wp-content\/uploads\/2019\/08\/baque-experience-audiovisual.jpg' alt='AUDIOVISUAL'><\/div><span class='titulo'>AUDIOVISUAL<\/span><span>Pantalla 85 pulgadas, videoconferencia y spotify.<\/span><\/li><\/p>\n\n\n<p><li><div class='imagen'><img src='\/wp-content\/uploads\/2019\/08\/baque-experience-decoracion.jpg' alt='DECORACI\u00d3N PERSONALIZADA'><\/div><span class='titulo'>DECORACI\u00d3N PERSONALIZADA<\/span><span>Detalles en cada esquina. Un ambiente c\u00e1lido para acompa\u00f1ar tus reuniones y eventos.<\/span><\/li><\/p>\n\n\n<p><li><div class='imagen'><img src='\/wp-content\/uploads\/2019\/08\/baque-experience-climatizacion.jpg' alt='CLIMATIZACI\u00d3N'><\/div><span class='titulo'>CLIMATIZACI\u00d3N<\/span><span>Climatizaci\u00f3n en todas las plantas.<\/span><\/li><\/p>\n\n\n<p><li><div class='imagen'><img src='\/wp-content\/uploads\/2019\/08\/baque-experience-shuttle.jpg' alt='SERVICIOS SHUTTLE'><\/div><span class='titulo'>SERVICIOS SHUTTLE<\/span><span>Desde los puntos que nos indiques previamente. Gestionamos el servicio para ti.<\/span><\/li><\/p>\n\n\n\n<\/ul>\n\n\n<p><\/div><\/section>\n\n\n<section ><div class='container'><\/p>\n\n\n\n<h4 class=\"titulo-seccion\">UN ESPACIO A TU MEDIDA<\/h4>\n\n\n<p>    \n    <div class=\"espacio_experience showroom\">\n        \n        <div>\n            <p>Showroom<span>34,65 m2<\/span><\/p>\n            \n            <ol>\n                <li><span>1.<\/span>Acceso a Sal\u00f3n Comedor<\/li>\n                <li><span>2.<\/span>Espacio degustaci\u00f3n Showroom<\/li>\n                <li><span>3.<\/span>Mesa barista<\/li>\n                <li><span>4.<\/span>Acceso a s\u00f3tano<\/li>\n                <li><span style=\"color: #8C2222;\">5.<\/span>Barra Cafeter\u00eda<\/li>\n                <li><span>6.<\/span>Entrada a Baqu\u00e9 Experience<\/li>\n            <\/ol>\n        <\/div>\n        \n        <div>\n            <div class=\"imagen\">\n                <img decoding=\"async\" src=\"\/wp-content\/uploads\/2019\/08\/baque-experience-show-room-1.jpg\" alt=\"baque-experience-show-room-1\">\n                <img decoding=\"async\" src=\"\/wp-content\/uploads\/2019\/08\/baque-experience-show-room-2.jpg\" alt=\"baque-experience-show-room-2\">\n                <img decoding=\"async\" src=\"\/wp-content\/uploads\/2019\/08\/baque-experience-show-room-3.jpg\" alt=\"baque-experience-show-room-3\">\n                <img decoding=\"async\" src=\"\/wp-content\/uploads\/2019\/08\/baque-experience-show-room-4.jpg\" alt=\"baque-experience-show-room-4\">\n                <img decoding=\"async\" src=\"\/wp-content\/uploads\/2019\/08\/baque-experience-show-room-5.jpg\" alt=\"baque-experience-show-room-5\">\n                <img decoding=\"async\" src=\"\/wp-content\/uploads\/2019\/08\/baque-experience-show-room-6.jpg\" alt=\"baque-experience-show-room-6\">\n            <\/div>\n            \n            <div>\n                <div class=\"mapa\">\n                    <img decoding=\"async\" src=\"\/wp-content\/uploads\/2019\/08\/baque-experience-showroom.png\" alt=\"baque-experience-showroom\">\n                    <div class=\"pointer pos_1\">1<\/div>\n                    <div class=\"pointer pos_2\">2<\/div>\n                    <div class=\"pointer pos_3\">3<\/div>\n                    <div class=\"pointer pos_4\">4<\/div>\n                    <div class=\"pointer pos_5 actual\">5<\/div>\n                    <div class=\"pointer pos_6\">6<\/div>\n                <\/div>\n            <\/div>\n        <\/div>\n        \n    <\/div>\n    \n    <div class=\"espacio_experience salon\">\n        \n        <div>\n            <p>Sal\u00f3n cocina<span>91,5 m2<\/span><\/p>\n            \n            <ol>\n                <li><span>1.<\/span>Office<\/li>\n                <li><span>2.<\/span>Sala cursos de caf\u00e9<\/li>\n                <li><span style=\"color: #8C2222;\">3.<\/span>Sal\u00f3n<\/li>\n                <li><span>4.<\/span>Barra de bar<\/li>\n                <li><span>5.<\/span>Cocina<\/li>\n                <li><span>6.<\/span>Comedor<\/li>\n                <li><span>7.<\/span>Salida<\/li>\n                <li><span>8.<\/span>Mesa principal<\/li>\n                <li><span>9.<\/span>Mostrador multimedia<\/li>\n            <\/ol>\n        <\/div>\n        \n        <div>\n            <div class=\"imagen\">\n                <img decoding=\"async\" src=\"\/wp-content\/uploads\/2019\/08\/baque-experience-salon-comedor-1.jpg\" alt=\"baque-experience-salon-comedor-1\">\n                <img decoding=\"async\" src=\"\/wp-content\/uploads\/2019\/08\/baque-experience-salon-comedor-2.jpg\" alt=\"baque-experience-salon-comedor-2\">\n                <img decoding=\"async\" src=\"\/wp-content\/uploads\/2019\/08\/baque-experience-salon-comedor-3.jpg\" alt=\"baque-experience-salon-comedor-3\">\n                <img decoding=\"async\" src=\"\/wp-content\/uploads\/2019\/08\/baque-experience-salon-comedor-4.jpg\" alt=\"baque-experience-salon-comedor-4\">\n                <img decoding=\"async\" src=\"\/wp-content\/uploads\/2019\/08\/baque-experience-salon-comedor-5.jpg\" alt=\"baque-experience-salon-comedor-5\">\n                <img decoding=\"async\" src=\"\/wp-content\/uploads\/2019\/08\/baque-experience-salon-comedor-6.jpg\" alt=\"baque-experience-salon-comedor-6\">\n                <img decoding=\"async\" src=\"\/wp-content\/uploads\/2019\/08\/baque-experience-salon-comedor-7.jpg\" alt=\"baque-experience-salon-comedor-7\">\n                <img decoding=\"async\" src=\"\/wp-content\/uploads\/2019\/08\/baque-experience-salon-comedor-8.jpg\" alt=\"baque-experience-salon-comedor-8\">\n                <img decoding=\"async\" src=\"\/wp-content\/uploads\/2019\/08\/baque-experience-salon-comedor-9.jpg\" alt=\"baque-experience-salon-comedor-9\">\n            <\/div>\n            \n            <div>\n                <div class=\"mapa\">\n                    <img decoding=\"async\" src=\"\/wp-content\/uploads\/2019\/08\/baque-experience-salon-cocina.jpg\" alt=\"baque-experience-salon-cocina\">\n                    <div class=\"pointer pos_1\">1<\/div>\n                    <div class=\"pointer pos_2\">2<\/div>\n                    <div class=\"pointer pos_3 actual\">3<\/div>\n                    <div class=\"pointer pos_4\">4<\/div>\n                    <div class=\"pointer pos_5\">5<\/div>\n                    <div class=\"pointer pos_6\">6<\/div>\n                    <div class=\"pointer pos_7\">7<\/div>\n                    <div class=\"pointer pos_8\">8<\/div>\n                    <div class=\"pointer pos_9\">9<\/div>\n                <\/div>\n            <\/div>\n        <\/div>\n        \n    <\/div>\n    \n    <div class=\"espacio_experience sotano\">\n        \n        <div>\n            <p>S\u00f3tano<span>52,5 m2<\/span><\/p>\n            \n            <ol>\n                <li><span style=\"color: #8C2222;\">1.<\/span>Sala de reuniones<\/li>\n            <\/ol>\n        <\/div>\n        \n        <div>\n            <div class=\"imagen\">\n                <img decoding=\"async\" src=\"\/wp-content\/uploads\/2019\/08\/baque-experience-sotano-1.jpg\" alt=\"baque-experience-sotano-1\">\n            <\/div>\n            \n            <div>\n                <div class=\"mapa\">\n                    <img decoding=\"async\" src=\"\/wp-content\/uploads\/2019\/08\/baque-experience-sotano.jpg\" alt=\"baque-experience-sotano\">\n                    <div class=\"pointer pos_1 actual\">1<\/div>\n                <\/div>\n            <\/div>\n        <\/div>\n        \n    <\/div>\n    \n    <\/p>\n\n\n<p><\/div><\/section>\n\n\n<section  id='experience-localizacion'><div class='container'><\/p>\n\n\n\n<h4 class=\"titulo-seccion\">LOCALIZACI\u00d3N<\/h4>\n<div>\n<p>Calle de Alcal\u00e1, 99. Madrid.<\/p>\n<ul>\n<li><span>200 m<\/span> &#8211; Estaci\u00f3n de metro de El Retiro.<\/li>\n<li><span>400 m<\/span> &#8211; Puerta de Alcal\u00e1.<\/li>\n<li><span>100 m<\/span> &#8211; Parque del Retiro.<\/li>\n<\/ul>\n<\/div>\n\n\n<p><\/div><\/section>\n\n\n\n<iframe src=\"https:\/\/www.google.com\/maps\/embed?pb=!1m18!1m12!1m3!1d3037.429230751126!2d-3.685787283699352!3d40.4214934793645!2m3!1f0!2f0!3f0!3m2!1i1024!2i768!4f13.1!3m3!1m2!1s0xd42289866917327%3A0xa74aeb16af785d02!2sCalle+de+Alcal%C3%A1%2C+99%2C+28009+Madrid!5e0!3m2!1ses!2ses!4v1565259341091!5m2!1ses!2ses\" allowfullscreen=\"\"><\/iframe>\n\n\n<section  id='experience-faq'><div class='container'><\/p>\n\n\n\n<div>\n<h4 class=\"titulo-seccion\">SOLICITA INFORMACI\u00d3N SIN COMPROMISO<\/h4>\n\n<p>Contacto: Att. al cliente<br>\n<a href=\"mailto:baque@baque.com\">baque@baque.com<\/a><br>\n<a href=\"tel:946215610\">94 621 56 10<\/a><\/p>\n\n\n<\/div>\n\n    \n    <form method=\"post\" onsubmit='enviarExperience(event);' action=\"\">\n      \n        <div id=\"bloque-errores\"><\/div>\n       \n        <div class='form-select' id='tipo'>\n            <select name='tipo'>\n                <option value='' disabled selected>\u00bfQu\u00e9 tipo de evento quieres realizar?<\/option>\n                <option value='Reuni\u00f3n de trabajo'>Reuni\u00f3n de trabajo<\/option>\n                <option value='Celebraci\u00f3n'>Celebraci\u00f3n<\/option>\n                <option value='Formaci\u00f3n'>Formaci\u00f3n<\/option>\n                <option value='Exposici\u00f3n'>Exposici\u00f3n<\/option>\n                <option value='Otros...'>Otros...<\/option> \n            <\/select>\n        <\/div>\n        <span class='error-texto' id=\"error-tipo\"><\/span>\n        \n        \n        <input id='personas' class='form-text' type='text' name='personas' placeholder='\u00bfCu\u00e1ntas personas asistir\u00e1n?'\/>\n\n        \n        \n        <div class='form-select' id='servicios'>\n            <select name='servicios'>\n                <option value='' disabled selected>\u00bfDe qu\u00e9 servicios necesitas disponer?<\/option>\n                <option value='Catering'>Catering<\/option>\n                <option value='Uso de cocina'>Uso de cocina<\/option>\n                <option value='Barman'>Barman<\/option>\n                <option value='Barista Caf\u00e9'>Barista Caf\u00e9<\/option>\n                <option value='Shuttle'>Shuttle<\/option>\n                <option value='Audiovisual'>Audiovisual<\/option>\n                <option value='Decoraci\u00f3n personaliza'>Decoraci\u00f3n personaliza<\/option>\n                <option value='Catering'>Catering<\/option>\n                <option value='Otros...'>Otros...<\/option> \n            <\/select>\n        <\/div>\n        <span class='error-texto' id=\"error-servicios\"><\/span>\n \n        \n        <input id='fechas' class='form-text' type='text' name='fechas' placeholder='\u00bfEn qu\u00e9 fechas te interesa reservar el espacio?'\/>\n        \n        \n        <input id='nombre' class='form-text' type='text' name='nombre' placeholder='Nombre y apellidos'\/>\n        \n        \n        <input id='contactar' class='form-text' type='text' name='contactar' placeholder='D\u00e9janos un email o tel\u00e9fono de contacto'\/>\n        <span class='error-texto' id=\"error-contactar\"><\/span>\n        \n        <div class='form-check'>\n            <input type='checkbox' id='aviso' name='legal' value='1'>\n            <label for='aviso'>\n                <div><div><\/div><\/div>\n                <p>He le\u00eddo y acepto el <a href='https:\/\/www.baque.com\/es\/aviso-legal\/' target='_blank'>aviso legal<\/a><\/p>\n            <\/label>\n        <\/div>\n        <p id='aviso-texto' class='error-texto'><\/p>\n        \n        <input type=\"hidden\" value=\"experience\" name=\"form\">\n        \n        <input class='form-enviar' type='submit' name=\"sendform\" value='Quiero m\u00e1s informaci\u00f3n' \/>\n        \n    <\/form>\n    \n    <script>\n        \n        function enviarExperience (e) {\n            \n            var errors = \"\";\n            \n            if (jQuery(\"#tipo > select\").val() == null || jQuery(\"#personas\").val() == \"\" || jQuery(\"#servicios > select\").val() == null || jQuery(\"#fechas\").val() == \"\" || jQuery(\"#nombre\").val() == \"\" || jQuery(\"#contactar\").val() == \"\") {\n                errors += \"Debes rellenar todos los campos.<br\/>\";\n            }\n            \n            if (!jQuery(\"#aviso\").prop(\"checked\")) {\n                errors += \"Debes aceptar el aviso legal.<br\/>\";\n            }\n            \n            if (errors != \"\") {\n                e.preventDefault();\n                jQuery(\"#bloque-errores\").html(errors);\n            } \n            \n        }\n        \n    <\/script>\n    \n    \n\n\n<p><\/div><\/section>\n","protected":false},"excerpt":{"rendered":"","protected":false},"author":1,"featured_media":0,"parent":110,"menu_order":0,"comment_status":"closed","ping_status":"closed","template":"page-experience.php","meta":{"_acf_changed":false,"footnotes":""},"class_list":["post-7768","page","type-page","status-publish","hentry"],"acf":[],"yoast_head":"<!-- This site is optimized with the Yoast SEO plugin v27.3 - https:\/\/yoast.com\/product\/yoast-seo-wordpress\/ -->\n<title>Baqu\u00e9 Experience Madrid \/\/ Caf\u00e9s Baqu\u00e9<\/title>\n<meta name=\"description\" content=\"Baqu\u00e9 Experience es un espacio multifuncional \u00fanico en Madrid, perfecto para celebrar eventos en un entorno distinguido y elegante.\" \/>\n<meta name=\"robots\" content=\"index, follow, max-snippet:-1, max-image-preview:large, max-video-preview:-1\" \/>\n<meta property=\"og:locale\" content=\"es_ES\" \/>\n<meta property=\"og:type\" content=\"article\" \/>\n<meta property=\"og:title\" content=\"Baqu\u00e9 Experience Madrid \/\/ Caf\u00e9s Baqu\u00e9\" \/>\n<meta property=\"og:description\" content=\"Baqu\u00e9 Experience es un espacio multifuncional \u00fanico en Madrid, perfecto para celebrar eventos en un entorno distinguido y elegante.\" \/>\n<meta property=\"og:url\" content=\"https:\/\/www.baque.com\/es\/especialistas-cafe\/baque-experience\/\" \/>\n<meta property=\"og:site_name\" content=\"Caf\u00e9s Baqu\u00e9\" \/>\n<meta property=\"article:modified_time\" content=\"2023-03-27T11:04:08+00:00\" \/>\n<meta name=\"twitter:card\" content=\"summary_large_image\" \/>\n<meta name=\"twitter:label1\" content=\"Tiempo de lectura\" \/>\n\t<meta name=\"twitter:data1\" content=\"5 minutos\" \/>\n<script type=\"application\/ld+json\" class=\"yoast-schema-graph\">{\"@context\":\"https:\\\/\\\/schema.org\",\"@graph\":[{\"@type\":\"WebPage\",\"@id\":\"https:\\\/\\\/www.baque.com\\\/es\\\/especialistas-cafe\\\/baque-experience\\\/\",\"url\":\"https:\\\/\\\/www.baque.com\\\/es\\\/especialistas-cafe\\\/baque-experience\\\/\",\"name\":\"Baqu\u00e9 Experience Madrid \\\/\\\/ Caf\u00e9s Baqu\u00e9\",\"isPartOf\":{\"@id\":\"https:\\\/\\\/www.baque.com\\\/es\\\/#website\"},\"datePublished\":\"2019-08-08T06:23:05+00:00\",\"dateModified\":\"2023-03-27T11:04:08+00:00\",\"description\":\"Baqu\u00e9 Experience es un espacio multifuncional \u00fanico en Madrid, perfecto para celebrar eventos en un entorno distinguido y elegante.\",\"breadcrumb\":{\"@id\":\"https:\\\/\\\/www.baque.com\\\/es\\\/especialistas-cafe\\\/baque-experience\\\/#breadcrumb\"},\"inLanguage\":\"es\",\"potentialAction\":[{\"@type\":\"ReadAction\",\"target\":[\"https:\\\/\\\/www.baque.com\\\/es\\\/especialistas-cafe\\\/baque-experience\\\/\"]}]},{\"@type\":\"BreadcrumbList\",\"@id\":\"https:\\\/\\\/www.baque.com\\\/es\\\/especialistas-cafe\\\/baque-experience\\\/#breadcrumb\",\"itemListElement\":[{\"@type\":\"ListItem\",\"position\":1,\"name\":\"Portada\",\"item\":\"https:\\\/\\\/www.baque.com\\\/es\\\/\"},{\"@type\":\"ListItem\",\"position\":2,\"name\":\"Especialistas en caf\u00e9\",\"item\":\"https:\\\/\\\/www.baque.com\\\/es\\\/especialistas-cafe\\\/\"},{\"@type\":\"ListItem\",\"position\":3,\"name\":\"Baqu\u00e9 Experience\"}]},{\"@type\":\"WebSite\",\"@id\":\"https:\\\/\\\/www.baque.com\\\/es\\\/#website\",\"url\":\"https:\\\/\\\/www.baque.com\\\/es\\\/\",\"name\":\"Caf\u00e9s Baqu\u00e9\",\"description\":\"Somos l\u00edderes en hosteler\u00eda en Pa\u00eds Vasco y La Rioja y una de las marcas m\u00e1s reconocidas en el mercado nacional. Somos una empresa familiar en constante innovaci\u00f3n en el producto. Tostamos y distribuimos caf\u00e9 molido, en grano y c\u00e1psulas para disfrutar en casa, en el bar y en la oficina.\",\"potentialAction\":[{\"@type\":\"SearchAction\",\"target\":{\"@type\":\"EntryPoint\",\"urlTemplate\":\"https:\\\/\\\/www.baque.com\\\/es\\\/?s={search_term_string}\"},\"query-input\":{\"@type\":\"PropertyValueSpecification\",\"valueRequired\":true,\"valueName\":\"search_term_string\"}}],\"inLanguage\":\"es\"}]}<\/script>\n<!-- \/ Yoast SEO plugin. -->","yoast_head_json":{"title":"Baqu\u00e9 Experience Madrid \/\/ Caf\u00e9s Baqu\u00e9","description":"Baqu\u00e9 Experience es un espacio multifuncional \u00fanico en Madrid, perfecto para celebrar eventos en un entorno distinguido y elegante.","robots":{"index":"index","follow":"follow","max-snippet":"max-snippet:-1","max-image-preview":"max-image-preview:large","max-video-preview":"max-video-preview:-1"},"og_locale":"es_ES","og_type":"article","og_title":"Baqu\u00e9 Experience Madrid \/\/ Caf\u00e9s Baqu\u00e9","og_description":"Baqu\u00e9 Experience es un espacio multifuncional \u00fanico en Madrid, perfecto para celebrar eventos en un entorno distinguido y elegante.","og_url":"https:\/\/www.baque.com\/es\/especialistas-cafe\/baque-experience\/","og_site_name":"Caf\u00e9s Baqu\u00e9","article_modified_time":"2023-03-27T11:04:08+00:00","twitter_card":"summary_large_image","twitter_misc":{"Tiempo de lectura":"5 minutos"},"schema":{"@context":"https:\/\/schema.org","@graph":[{"@type":"WebPage","@id":"https:\/\/www.baque.com\/es\/especialistas-cafe\/baque-experience\/","url":"https:\/\/www.baque.com\/es\/especialistas-cafe\/baque-experience\/","name":"Baqu\u00e9 Experience Madrid \/\/ Caf\u00e9s Baqu\u00e9","isPartOf":{"@id":"https:\/\/www.baque.com\/es\/#website"},"datePublished":"2019-08-08T06:23:05+00:00","dateModified":"2023-03-27T11:04:08+00:00","description":"Baqu\u00e9 Experience es un espacio multifuncional \u00fanico en Madrid, perfecto para celebrar eventos en un entorno distinguido y elegante.","breadcrumb":{"@id":"https:\/\/www.baque.com\/es\/especialistas-cafe\/baque-experience\/#breadcrumb"},"inLanguage":"es","potentialAction":[{"@type":"ReadAction","target":["https:\/\/www.baque.com\/es\/especialistas-cafe\/baque-experience\/"]}]},{"@type":"BreadcrumbList","@id":"https:\/\/www.baque.com\/es\/especialistas-cafe\/baque-experience\/#breadcrumb","itemListElement":[{"@type":"ListItem","position":1,"name":"Portada","item":"https:\/\/www.baque.com\/es\/"},{"@type":"ListItem","position":2,"name":"Especialistas en caf\u00e9","item":"https:\/\/www.baque.com\/es\/especialistas-cafe\/"},{"@type":"ListItem","position":3,"name":"Baqu\u00e9 Experience"}]},{"@type":"WebSite","@id":"https:\/\/www.baque.com\/es\/#website","url":"https:\/\/www.baque.com\/es\/","name":"Caf\u00e9s Baqu\u00e9","description":"Somos l\u00edderes en hosteler\u00eda en Pa\u00eds Vasco y La Rioja y una de las marcas m\u00e1s reconocidas en el mercado nacional. Somos una empresa familiar en constante innovaci\u00f3n en el producto. Tostamos y distribuimos caf\u00e9 molido, en grano y c\u00e1psulas para disfrutar en casa, en el bar y en la oficina.","potentialAction":[{"@type":"SearchAction","target":{"@type":"EntryPoint","urlTemplate":"https:\/\/www.baque.com\/es\/?s={search_term_string}"},"query-input":{"@type":"PropertyValueSpecification","valueRequired":true,"valueName":"search_term_string"}}],"inLanguage":"es"}]}},"_links":{"self":[{"href":"https:\/\/www.baque.com\/es\/wp-json\/wp\/v2\/pages\/7768","targetHints":{"allow":["GET"]}}],"collection":[{"href":"https:\/\/www.baque.com\/es\/wp-json\/wp\/v2\/pages"}],"about":[{"href":"https:\/\/www.baque.com\/es\/wp-json\/wp\/v2\/types\/page"}],"author":[{"embeddable":true,"href":"https:\/\/www.baque.com\/es\/wp-json\/wp\/v2\/users\/1"}],"replies":[{"embeddable":true,"href":"https:\/\/www.baque.com\/es\/wp-json\/wp\/v2\/comments?post=7768"}],"version-history":[{"count":76,"href":"https:\/\/www.baque.com\/es\/wp-json\/wp\/v2\/pages\/7768\/revisions"}],"predecessor-version":[{"id":1346807,"href":"https:\/\/www.baque.com\/es\/wp-json\/wp\/v2\/pages\/7768\/revisions\/1346807"}],"up":[{"embeddable":true,"href":"https:\/\/www.baque.com\/es\/wp-json\/wp\/v2\/pages\/110"}],"wp:attachment":[{"href":"https:\/\/www.baque.com\/es\/wp-json\/wp\/v2\/media?parent=7768"}],"curies":[{"name":"wp","href":"https:\/\/api.w.org\/{rel}","templated":true}]}}