
{"id":7965,"date":"2019-08-09T08:43:22","date_gmt":"2019-08-09T06:43:22","guid":{"rendered":"https:\/\/www.baque.com\/?page_id=7965"},"modified":"2019-08-09T14:08:57","modified_gmt":"2019-08-09T12:08:57","slug":"muchas-gracias-por-contactar-con-nosotros","status":"publish","type":"page","link":"https:\/\/www.baque.com\/es\/especialistas-cafe\/baque-experience\/muchas-gracias-por-contactar-con-nosotros\/","title":{"rendered":"Muchas gracias por contactar con nosotros."},"content":{"rendered":"\n<h2 class=\"wp-block-heading\">En breve nos pondremos en contacto contigo.<\/h2>\n\n\n<div class='separator height25' ><\/div>\n\n\n\n<p>De mientras, puedes seguir navegando por nuestro blog.<\/p>\n\n\n<div class='separator height25' ><\/div>\n\n\n\n<a href='\/es\/blog-cafes-baque\/' class='button ' target='_blank'>Ir al blog<\/a>\n","protected":false},"excerpt":{"rendered":"<p>En breve nos pondremos en contacto contigo. De mientras, puedes seguir navegando por nuestro blog.<\/p>\n","protected":false},"author":1,"featured_media":0,"parent":7768,"menu_order":0,"comment_status":"closed","ping_status":"closed","template":"page-typ.php","meta":{"_acf_changed":false,"footnotes":""},"class_list":["post-7965","page","type-page","status-publish","hentry"],"acf":[],"yoast_head":"<!-- This site is optimized with the Yoast SEO plugin v27.3 - https:\/\/yoast.com\/product\/yoast-seo-wordpress\/ -->\n<title>Muchas gracias por contactar con nosotros. - Caf\u00e9s Baqu\u00e9<\/title>\n<meta name=\"robots\" content=\"index, follow, max-snippet:-1, max-image-preview:large, max-video-preview:-1\" \/>\n<meta property=\"og:locale\" content=\"es_ES\" \/>\n<meta property=\"og:type\" content=\"article\" \/>\n<meta property=\"og:title\" content=\"Muchas gracias por contactar con nosotros. - Caf\u00e9s Baqu\u00e9\" \/>\n<meta property=\"og:description\" content=\"En breve nos pondremos en contacto contigo. De mientras, puedes seguir navegando por nuestro blog.\" \/>\n<meta property=\"og:url\" content=\"https:\/\/www.baque.com\/es\/especialistas-cafe\/baque-experience\/muchas-gracias-por-contactar-con-nosotros\/\" \/>\n<meta property=\"og:site_name\" content=\"Caf\u00e9s Baqu\u00e9\" \/>\n<meta property=\"article:modified_time\" content=\"2019-08-09T12:08:57+00:00\" \/>\n<meta name=\"twitter:card\" content=\"summary_large_image\" \/>\n<script type=\"application\/ld+json\" class=\"yoast-schema-graph\">{\"@context\":\"https:\\\/\\\/schema.org\",\"@graph\":[{\"@type\":\"WebPage\",\"@id\":\"https:\\\/\\\/www.baque.com\\\/es\\\/especialistas-cafe\\\/baque-experience\\\/muchas-gracias-por-contactar-con-nosotros\\\/\",\"url\":\"https:\\\/\\\/www.baque.com\\\/es\\\/especialistas-cafe\\\/baque-experience\\\/muchas-gracias-por-contactar-con-nosotros\\\/\",\"name\":\"Muchas gracias por contactar con nosotros. - Caf\u00e9s Baqu\u00e9\",\"isPartOf\":{\"@id\":\"https:\\\/\\\/www.baque.com\\\/es\\\/#website\"},\"datePublished\":\"2019-08-09T06:43:22+00:00\",\"dateModified\":\"2019-08-09T12:08:57+00:00\",\"breadcrumb\":{\"@id\":\"https:\\\/\\\/www.baque.com\\\/es\\\/especialistas-cafe\\\/baque-experience\\\/muchas-gracias-por-contactar-con-nosotros\\\/#breadcrumb\"},\"inLanguage\":\"es\",\"potentialAction\":[{\"@type\":\"ReadAction\",\"target\":[\"https:\\\/\\\/www.baque.com\\\/es\\\/especialistas-cafe\\\/baque-experience\\\/muchas-gracias-por-contactar-con-nosotros\\\/\"]}]},{\"@type\":\"BreadcrumbList\",\"@id\":\"https:\\\/\\\/www.baque.com\\\/es\\\/especialistas-cafe\\\/baque-experience\\\/muchas-gracias-por-contactar-con-nosotros\\\/#breadcrumb\",\"itemListElement\":[{\"@type\":\"ListItem\",\"position\":1,\"name\":\"Portada\",\"item\":\"https:\\\/\\\/www.baque.com\\\/es\\\/\"},{\"@type\":\"ListItem\",\"position\":2,\"name\":\"Especialistas en caf\u00e9\",\"item\":\"https:\\\/\\\/www.baque.com\\\/es\\\/especialistas-cafe\\\/\"},{\"@type\":\"ListItem\",\"position\":3,\"name\":\"Baqu\u00e9 Experience\",\"item\":\"https:\\\/\\\/www.baque.com\\\/es\\\/especialistas-cafe\\\/baque-experience\\\/\"},{\"@type\":\"ListItem\",\"position\":4,\"name\":\"Muchas gracias por contactar con nosotros.\"}]},{\"@type\":\"WebSite\",\"@id\":\"https:\\\/\\\/www.baque.com\\\/es\\\/#website\",\"url\":\"https:\\\/\\\/www.baque.com\\\/es\\\/\",\"name\":\"Caf\u00e9s Baqu\u00e9\",\"description\":\"Somos l\u00edderes en hosteler\u00eda en Pa\u00eds Vasco y La Rioja y una de las marcas m\u00e1s reconocidas en el mercado nacional. Somos una empresa familiar en constante innovaci\u00f3n en el producto. Tostamos y distribuimos caf\u00e9 molido, en grano y c\u00e1psulas para disfrutar en casa, en el bar y en la oficina.\",\"potentialAction\":[{\"@type\":\"SearchAction\",\"target\":{\"@type\":\"EntryPoint\",\"urlTemplate\":\"https:\\\/\\\/www.baque.com\\\/es\\\/?s={search_term_string}\"},\"query-input\":{\"@type\":\"PropertyValueSpecification\",\"valueRequired\":true,\"valueName\":\"search_term_string\"}}],\"inLanguage\":\"es\"}]}<\/script>\n<!-- \/ Yoast SEO plugin. -->","yoast_head_json":{"title":"Muchas gracias por contactar con nosotros. - Caf\u00e9s Baqu\u00e9","robots":{"index":"index","follow":"follow","max-snippet":"max-snippet:-1","max-image-preview":"max-image-preview:large","max-video-preview":"max-video-preview:-1"},"og_locale":"es_ES","og_type":"article","og_title":"Muchas gracias por contactar con nosotros. - Caf\u00e9s Baqu\u00e9","og_description":"En breve nos pondremos en contacto contigo. De mientras, puedes seguir navegando por nuestro blog.","og_url":"https:\/\/www.baque.com\/es\/especialistas-cafe\/baque-experience\/muchas-gracias-por-contactar-con-nosotros\/","og_site_name":"Caf\u00e9s Baqu\u00e9","article_modified_time":"2019-08-09T12:08:57+00:00","twitter_card":"summary_large_image","schema":{"@context":"https:\/\/schema.org","@graph":[{"@type":"WebPage","@id":"https:\/\/www.baque.com\/es\/especialistas-cafe\/baque-experience\/muchas-gracias-por-contactar-con-nosotros\/","url":"https:\/\/www.baque.com\/es\/especialistas-cafe\/baque-experience\/muchas-gracias-por-contactar-con-nosotros\/","name":"Muchas gracias por contactar con nosotros. - Caf\u00e9s Baqu\u00e9","isPartOf":{"@id":"https:\/\/www.baque.com\/es\/#website"},"datePublished":"2019-08-09T06:43:22+00:00","dateModified":"2019-08-09T12:08:57+00:00","breadcrumb":{"@id":"https:\/\/www.baque.com\/es\/especialistas-cafe\/baque-experience\/muchas-gracias-por-contactar-con-nosotros\/#breadcrumb"},"inLanguage":"es","potentialAction":[{"@type":"ReadAction","target":["https:\/\/www.baque.com\/es\/especialistas-cafe\/baque-experience\/muchas-gracias-por-contactar-con-nosotros\/"]}]},{"@type":"BreadcrumbList","@id":"https:\/\/www.baque.com\/es\/especialistas-cafe\/baque-experience\/muchas-gracias-por-contactar-con-nosotros\/#breadcrumb","itemListElement":[{"@type":"ListItem","position":1,"name":"Portada","item":"https:\/\/www.baque.com\/es\/"},{"@type":"ListItem","position":2,"name":"Especialistas en caf\u00e9","item":"https:\/\/www.baque.com\/es\/especialistas-cafe\/"},{"@type":"ListItem","position":3,"name":"Baqu\u00e9 Experience","item":"https:\/\/www.baque.com\/es\/especialistas-cafe\/baque-experience\/"},{"@type":"ListItem","position":4,"name":"Muchas gracias por contactar con nosotros."}]},{"@type":"WebSite","@id":"https:\/\/www.baque.com\/es\/#website","url":"https:\/\/www.baque.com\/es\/","name":"Caf\u00e9s Baqu\u00e9","description":"Somos l\u00edderes en hosteler\u00eda en Pa\u00eds Vasco y La Rioja y una de las marcas m\u00e1s reconocidas en el mercado nacional. Somos una empresa familiar en constante innovaci\u00f3n en el producto. Tostamos y distribuimos caf\u00e9 molido, en grano y c\u00e1psulas para disfrutar en casa, en el bar y en la oficina.","potentialAction":[{"@type":"SearchAction","target":{"@type":"EntryPoint","urlTemplate":"https:\/\/www.baque.com\/es\/?s={search_term_string}"},"query-input":{"@type":"PropertyValueSpecification","valueRequired":true,"valueName":"search_term_string"}}],"inLanguage":"es"}]}},"_links":{"self":[{"href":"https:\/\/www.baque.com\/es\/wp-json\/wp\/v2\/pages\/7965","targetHints":{"allow":["GET"]}}],"collection":[{"href":"https:\/\/www.baque.com\/es\/wp-json\/wp\/v2\/pages"}],"about":[{"href":"https:\/\/www.baque.com\/es\/wp-json\/wp\/v2\/types\/page"}],"author":[{"embeddable":true,"href":"https:\/\/www.baque.com\/es\/wp-json\/wp\/v2\/users\/1"}],"replies":[{"embeddable":true,"href":"https:\/\/www.baque.com\/es\/wp-json\/wp\/v2\/comments?post=7965"}],"version-history":[{"count":1,"href":"https:\/\/www.baque.com\/es\/wp-json\/wp\/v2\/pages\/7965\/revisions"}],"predecessor-version":[{"id":7966,"href":"https:\/\/www.baque.com\/es\/wp-json\/wp\/v2\/pages\/7965\/revisions\/7966"}],"up":[{"embeddable":true,"href":"https:\/\/www.baque.com\/es\/wp-json\/wp\/v2\/pages\/7768"}],"wp:attachment":[{"href":"https:\/\/www.baque.com\/es\/wp-json\/wp\/v2\/media?parent=7965"}],"curies":[{"name":"wp","href":"https:\/\/api.w.org\/{rel}","templated":true}]}}