
{"id":891,"date":"2018-02-07T12:36:08","date_gmt":"2018-02-07T12:36:08","guid":{"rendered":"http:\/\/www.baque.com\/?page_id=891"},"modified":"2018-02-20T16:39:16","modified_gmt":"2018-02-20T16:39:16","slug":"servicio-asesoramiento","status":"publish","type":"page","link":"https:\/\/www.baque.com\/es\/para-hosteleria\/servicio-asesoramiento\/","title":{"rendered":"Nuestro servicio"},"content":{"rendered":"<p><section  id='nuestro-servicio' class='multicol'><div class='container'><br \/>\n\t<div class='col1'><img src='\/wp-content\/themes\/baque\/img\/images\/nuestro-servicio.jpg' class='bg withoutbgresp' alt='' \/><\/div><\/p>\n<div class=\"col2\">\n\t\t<img decoding=\"async\" src=\"\/wp-content\/themes\/baque\/img\/images\/nuestro-servicio-cafe-1.jpg\" class=\"bg withoutbgresp\" alt=\"\" style=\"margin-bottom: 25px;\"><br \/>\n\t\t<img decoding=\"async\" src=\"\/wp-content\/themes\/baque\/img\/images\/nuestro-servicio-cafe-2.jpg\" class=\"bg withoutbgresp\" alt=\"\"><br \/>\n\t\t<div class='separator height25' ><\/div><\/p>\n<p class=\"text-left black\">Asesoramiento, instalaci\u00f3n, mantenimiento, asistencia t\u00e9cnica y mucho m\u00e1s.<\/p>\n<\/p><\/div>\n<div class='col3'>\n<h2>Servicio \u00fanico para personas \u00fanicas como t\u00fa.<\/h2>\n<p class=\"text-left\">Somos un proveedor integral y ofrecemos apoyo desde el inicio: asesoramiento, instalaci\u00f3n y mantenimiento de cafeteras, servicio de asistencia t\u00e9cnica y mucho m\u00e1s.<\/p>\n<p class=\"text-left\">Los clientes de Caf\u00e9s Baqu\u00e9 son clientes que valoran la cercan\u00eda del servicio y, sobre todo, la calidad del producto final. <\/p>\n<h2>Por eso, te ofrecemos:<\/h2>\n<p class=\"text-left\">La tranquilidad de saber que en momentos de urgencia <strong>Caf\u00e9s Baqu\u00e9 va a responder siempre<\/strong>. Estamos siempre al lado del cliente en mantenimiento de m\u00e1quinas, pedidos de \u00faltima hora por rotura de stock o apoyando peque\u00f1os eventos que se deseen realizar, entre otros.<\/p>\n<p>\t<\/div><br \/>\n<\/div><\/section><br \/>\n<div class='separator height100' ><\/div><br \/>\n<section  id='nuestro-servicio-1' class='multicol'><div class='container'><\/p>\n<h2>Ventajas de conf\u00edar en Caf\u00e9s Baqu\u00e9 para tu local de hosteler\u00eda<\/h2>\n<p><\/div><\/section><br \/>\n<section  id='nuestro-servicio-2' class='multicol'><div class='container'><\/p>\n<div class=\"service-box\">\n<div><img decoding=\"async\" src=\"\/wp-content\/themes\/baque\/img\/images\/ventajas-confiar-baque-1.jpg\" alt=\"Te escuchamos.\" \/><\/div>\n<h3>Te escuchamos.<\/h3>\n<p class=\"text-left\">Ofrecer el producto m\u00e1s adecuado a cada cliente y a cada momento de consumo. Contamos con un servicio integral que garantiza el \u00e9xito de tu negocio.<\/p>\n<\/p><\/div>\n<div class=\"service-box\">\n<div><img decoding=\"async\" src=\"\/wp-content\/themes\/baque\/img\/images\/ventajas-confiar-baque-2.jpg\" alt=\"Calidad garantizada.\" \/><\/div>\n<h3>Calidad garantizada.<\/h3>\n<p class=\"text-left\">Nuestro departamento de calidad que realiza catas de m\u00e1s de 20.000 tazas al a\u00f1o, asegurando la calidad y homogeneidad del caf\u00e9 en cada taza.<\/p>\n<\/p><\/div>\n<div class=\"service-box\">\n<div><img decoding=\"async\" src=\"\/wp-content\/themes\/baque\/img\/images\/ventajas-confiar-baque-3.jpg\" alt=\"Equipamiento a medida.\" \/><\/div>\n<h3>Equipamiento a medida.<\/h3>\n<p class=\"text-left\">Te instalamos las herramientas indispensables para garantizarte siempre que puedas servir el mejor caf\u00e9. Cafeteras y molinos que destacan por un refinado dise\u00f1o y la m\u00e1s avanzada tecnolog\u00eda.<\/p>\n<\/p><\/div>\n<p><\/div><\/section><br \/>\n<section  id='nuestro-servicio-3' class='multicol'><div class='container'><\/p>\n<div class=\"service-box\">\n<div><img decoding=\"async\" src=\"\/wp-content\/themes\/baque\/img\/images\/ventajas-confiar-baque-4.jpg\" alt=\"Si\u00e9ntete seguro.\" \/><\/div>\n<h3>Si\u00e9ntete seguro.<\/h3>\n<p class=\"text-left\">Nuestro servicio de asistencia t\u00e9cnica (SAT) que te garantizar\u00e1 la m\u00e1s alta calidad y homogeneidad en cada taza de caf\u00e9.<\/p>\n<p class=\"text-left\">De lunes a domingo los 365 d\u00edas del a\u00f1o manteniendo tus equipos en perfecto estado y cubriendo cualquier imprevisto que pueda surgir en tu negocio.<\/p>\n<\/p><\/div>\n<div class=\"service-box\">\n<div><img decoding=\"async\" src=\"\/wp-content\/themes\/baque\/img\/images\/ventajas-confiar-baque-5.jpg\" alt=\"S\u00e9 diferente.\" \/><\/div>\n<h3>S\u00e9 diferente.<\/h3>\n<p class=\"text-left\">Los distintos tipos de caf\u00e9s y productos complementarios de Caf\u00e9s Baqu\u00e9 se adaptan a ti y a tu consumidor. Contar\u00e1s con una oferta de producto diferencial, de calidad y contrastada que har\u00e1 que tu negocio sea diferente del resto.<\/p>\n<\/p><\/div>\n<div class=\"service-box\">\n<div><img decoding=\"async\" src=\"\/wp-content\/themes\/baque\/img\/images\/ventajas-confiar-baque-6.jpg\" alt=\"Formaci\u00f3n.\" \/><\/div>\n<h3>Formaci\u00f3n.<\/h3>\n<p class=\"text-left\">En nuestra Escuela de Caf\u00e9 y te asesoramos de acuerdo a tus necesidades. Contamos con cursos b\u00e1sicos, avanzados y experto barista.<\/p>\n<\/p><\/div>\n<p><\/div><\/section><br \/>\n<div class='separator height50' ><\/div><br \/>\n<section  id='nuestro-servicio-5' class='multicol'><div class='container'><\/p>\n<h3>ATENCI\u00d3N SAT 24\/7 LOS 365 D\u00cdAS DEL A\u00d1O<\/h3>\n<p clasS=\"text-left\">Estamos m\u00e1s cerca de ti que nunca con nuestro servicio asistencial t\u00e9cnico.<\/p>\n<p clasS=\"text-left\">En Caf\u00e9s Baqu\u00e9 contamos con un Servicio de Asistencia T\u00e9cnica (SAT) propio que te garantiza la mayor eficiencia en nuestro servicio y, por supuesto, la mayor tranquilidad para tu negocio.<\/p>\n<p clasS=\"text-left\">Estos son algunos de los datos de nuestro Servicio de Asistencia T\u00e9cnica.<\/p>\n<p><\/div><\/section><br \/>\n<section  id='nuestro-servicio-6' class='multicol'><div class='container'><\/p>\n<ul>\n<li><img decoding=\"async\" src=\"\/wp-content\/themes\/baque\/img\/images\/365dias.jpg\" alt=\"\" \/>Departamento SAT que ofrece un servicio 365 d\u00edas\/a\u00f1o.<\/li>\n<li><img decoding=\"async\" src=\"\/wp-content\/themes\/baque\/img\/images\/41horas.jpg\" alt=\"41 horas\" \/>Tiempo medio de respuesta por incidencia.<\/li>\n<li><img decoding=\"async\" src=\"\/wp-content\/themes\/baque\/img\/images\/10personas.jpg\" alt=\"\" \/>Equipo propio compuesto por 10 personas.<\/li>\n<li><img decoding=\"async\" src=\"\/wp-content\/themes\/baque\/img\/images\/355poblaciones.jpg\" alt=\"355\" \/>Poblaciones atendidas en 2017.<\/li>\n<li><img decoding=\"async\" src=\"\/wp-content\/themes\/baque\/img\/images\/40minutos.jpg\" alt=\"40 minutos\" \/>Tiempo medio de reparaci\u00f3n en el establecimiento del cliente.<\/li>\n<li><img decoding=\"async\" src=\"\/wp-content\/themes\/baque\/img\/images\/10000horas.jpg\" alt=\"100000\" \/>Total de horas reparaci\u00f3n en 2017.<\/li>\n<li><img decoding=\"async\" src=\"\/wp-content\/themes\/baque\/img\/images\/3300clientesatendidos.jpg\" alt=\"3300\" \/>Clientes atendidos en 2017.<\/li>\n<li><img decoding=\"async\" src=\"\/wp-content\/themes\/baque\/img\/images\/11524maquinas.jpg\" alt=\"11524\" \/>M\u00e1quinas reparadas en 2017.<\/li>\n<li><img decoding=\"async\" src=\"\/wp-content\/themes\/baque\/img\/images\/12402desplazamientos.jpg\" alt=\"12402\" \/>Desplazamientos realizados en 2017.<\/li>\n<li><img decoding=\"async\" src=\"\/wp-content\/themes\/baque\/img\/images\/657molinos.jpg\" alt=\"657\" \/>Molinos reparados en 2017.<\/li>\n<li><img decoding=\"async\" src=\"\/wp-content\/themes\/baque\/img\/images\/10500incidencias.jpg\" alt=\"M\u00e1s de 10500\" \/>Incidencias atendidas en 2017.<\/li>\n<li><img decoding=\"async\" src=\"\/wp-content\/themes\/baque\/img\/images\/322incidencasfindesemana.jpg\" alt=\"322\" \/>Servicios de urgencia (fines de semana y festivos) realizados en 2017.<\/li>\n<\/ul>\n<p><\/div><\/section><br \/>\n<div class='separator height50' ><\/div><br \/>\n<section  id='informacion' class='videophoto expand'><img src='\/wp-content\/themes\/baque\/img\/images\/informacion.jpg' class='bg' alt='' \/><img src='\/wp-content\/themes\/baque\/img\/images\/informacion_resp.jpg' class='bgresp' alt='' \/><div class='container'><\/p>\n<h2 class=\"likeh1\">SOLICITA AHORA M\u00c1S<br \/>INFORMACI\u00d3N SIN<br \/>COMPROMISO.<\/h2>\n<p>\t<a href='https:\/\/www.baque.com\/es\/contacto\/' class='button  white'>M\u00c1S INFORMACI\u00d3N<\/a><br \/>\n<\/div><\/section><br \/>\n<section  id='nuestro-servicio-6' class='squares videophoto cols3 borderwhite borderwhitefooter'><br \/>\n\t<div  class='square nocontainer'>\n\t\t\t<img src='\/wp-content\/themes\/baque\/img\/images\/nuestro-servicio-1.jpg' class='bg withoutbgresp' alt='' \/>\n\t\t\t\n\t\t\t<div class='container'>\n\t\t\t\t\n\t\t\t<\/div>\n\t\t<\/div><br \/>\n\t<div  class='square nocontainer'>\n\t\t\t<img src='\/wp-content\/themes\/baque\/img\/images\/nuestro-servicio-2.jpg' class='bg withoutbgresp' alt='' \/>\n\t\t\t\n\t\t\t<div class='container'>\n\t\t\t\t\n\t\t\t<\/div>\n\t\t<\/div><br \/>\n\t<div  class='square nocontainer'>\n\t\t\t<img src='\/wp-content\/themes\/baque\/img\/images\/nuestro-servicio-3.jpg' class='bg withoutbgresp' alt='' \/>\n\t\t\t\n\t\t\t<div class='container'>\n\t\t\t\t\n\t\t\t<\/div>\n\t\t<\/div><br \/>\n<\/section><\/p>\n","protected":false},"excerpt":{"rendered":"","protected":false},"author":1,"featured_media":0,"parent":639,"menu_order":90,"comment_status":"closed","ping_status":"closed","template":"","meta":{"_acf_changed":false,"footnotes":""},"class_list":["post-891","page","type-page","status-publish","hentry"],"acf":[],"yoast_head":"<!-- This site is optimized with the Yoast SEO plugin v27.3 - https:\/\/yoast.com\/product\/yoast-seo-wordpress\/ -->\n<title>Proveedor integral de caf\u00e9 para hosteler\u00eda | Asesoramiento hosteler\u00eda | Caf\u00e9s Baqu\u00e9<\/title>\n<meta name=\"description\" content=\"Caf\u00e9s Baqu\u00e9 es un proveedor integral en caf\u00e9 para la hosteler\u00eda. Ofrecemos apoyo desde el inicio: asesoramiento, instalaci\u00f3n y mantenimiento de cafeteras, servicio de asistencia t\u00e9cnica y mucho m\u00e1s.\" \/>\n<meta name=\"robots\" content=\"index, follow, max-snippet:-1, max-image-preview:large, max-video-preview:-1\" \/>\n<meta property=\"og:locale\" content=\"es_ES\" \/>\n<meta property=\"og:type\" content=\"article\" \/>\n<meta property=\"og:title\" content=\"Proveedor integral de caf\u00e9 para hosteler\u00eda | Asesoramiento hosteler\u00eda | Caf\u00e9s Baqu\u00e9\" \/>\n<meta property=\"og:description\" content=\"Caf\u00e9s Baqu\u00e9 es un proveedor integral en caf\u00e9 para la hosteler\u00eda. Ofrecemos apoyo desde el inicio: asesoramiento, instalaci\u00f3n y mantenimiento de cafeteras, servicio de asistencia t\u00e9cnica y mucho m\u00e1s.\" \/>\n<meta property=\"og:url\" content=\"https:\/\/www.baque.com\/es\/para-hosteleria\/servicio-asesoramiento\/\" \/>\n<meta property=\"og:site_name\" content=\"Caf\u00e9s Baqu\u00e9\" \/>\n<meta property=\"article:modified_time\" content=\"2018-02-20T16:39:16+00:00\" \/>\n<meta property=\"og:image\" content=\"https:\/\/www.baque.com\/wp-content\/themes\/baque\/img\/images\/nuestro-servicio-cafe-1.jpg\" \/>\n<meta name=\"twitter:card\" content=\"summary_large_image\" \/>\n<meta name=\"twitter:label1\" content=\"Tiempo de lectura\" \/>\n\t<meta name=\"twitter:data1\" content=\"3 minutos\" \/>\n<script type=\"application\/ld+json\" class=\"yoast-schema-graph\">{\"@context\":\"https:\\\/\\\/schema.org\",\"@graph\":[{\"@type\":\"WebPage\",\"@id\":\"https:\\\/\\\/www.baque.com\\\/es\\\/para-hosteleria\\\/servicio-asesoramiento\\\/\",\"url\":\"https:\\\/\\\/www.baque.com\\\/es\\\/para-hosteleria\\\/servicio-asesoramiento\\\/\",\"name\":\"Proveedor integral de caf\u00e9 para hosteler\u00eda | Asesoramiento hosteler\u00eda | Caf\u00e9s Baqu\u00e9\",\"isPartOf\":{\"@id\":\"https:\\\/\\\/www.baque.com\\\/es\\\/#website\"},\"datePublished\":\"2018-02-07T12:36:08+00:00\",\"dateModified\":\"2018-02-20T16:39:16+00:00\",\"description\":\"Caf\u00e9s Baqu\u00e9 es un proveedor integral en caf\u00e9 para la hosteler\u00eda. Ofrecemos apoyo desde el inicio: asesoramiento, instalaci\u00f3n y mantenimiento de cafeteras, servicio de asistencia t\u00e9cnica y mucho m\u00e1s.\",\"breadcrumb\":{\"@id\":\"https:\\\/\\\/www.baque.com\\\/es\\\/para-hosteleria\\\/servicio-asesoramiento\\\/#breadcrumb\"},\"inLanguage\":\"es\",\"potentialAction\":[{\"@type\":\"ReadAction\",\"target\":[\"https:\\\/\\\/www.baque.com\\\/es\\\/para-hosteleria\\\/servicio-asesoramiento\\\/\"]}]},{\"@type\":\"BreadcrumbList\",\"@id\":\"https:\\\/\\\/www.baque.com\\\/es\\\/para-hosteleria\\\/servicio-asesoramiento\\\/#breadcrumb\",\"itemListElement\":[{\"@type\":\"ListItem\",\"position\":1,\"name\":\"Portada\",\"item\":\"https:\\\/\\\/www.baque.com\\\/es\\\/\"},{\"@type\":\"ListItem\",\"position\":2,\"name\":\"Soluciones para tu negocio\",\"item\":\"https:\\\/\\\/www.baque.com\\\/es\\\/para-hosteleria\\\/\"},{\"@type\":\"ListItem\",\"position\":3,\"name\":\"Nuestro servicio\"}]},{\"@type\":\"WebSite\",\"@id\":\"https:\\\/\\\/www.baque.com\\\/es\\\/#website\",\"url\":\"https:\\\/\\\/www.baque.com\\\/es\\\/\",\"name\":\"Caf\u00e9s Baqu\u00e9\",\"description\":\"Somos l\u00edderes en hosteler\u00eda en Pa\u00eds Vasco y La Rioja y una de las marcas m\u00e1s reconocidas en el mercado nacional. Somos una empresa familiar en constante innovaci\u00f3n en el producto. Tostamos y distribuimos caf\u00e9 molido, en grano y c\u00e1psulas para disfrutar en casa, en el bar y en la oficina.\",\"potentialAction\":[{\"@type\":\"SearchAction\",\"target\":{\"@type\":\"EntryPoint\",\"urlTemplate\":\"https:\\\/\\\/www.baque.com\\\/es\\\/?s={search_term_string}\"},\"query-input\":{\"@type\":\"PropertyValueSpecification\",\"valueRequired\":true,\"valueName\":\"search_term_string\"}}],\"inLanguage\":\"es\"}]}<\/script>\n<!-- \/ Yoast SEO plugin. -->","yoast_head_json":{"title":"Proveedor integral de caf\u00e9 para hosteler\u00eda | Asesoramiento hosteler\u00eda | Caf\u00e9s Baqu\u00e9","description":"Caf\u00e9s Baqu\u00e9 es un proveedor integral en caf\u00e9 para la hosteler\u00eda. Ofrecemos apoyo desde el inicio: asesoramiento, instalaci\u00f3n y mantenimiento de cafeteras, servicio de asistencia t\u00e9cnica y mucho m\u00e1s.","robots":{"index":"index","follow":"follow","max-snippet":"max-snippet:-1","max-image-preview":"max-image-preview:large","max-video-preview":"max-video-preview:-1"},"og_locale":"es_ES","og_type":"article","og_title":"Proveedor integral de caf\u00e9 para hosteler\u00eda | Asesoramiento hosteler\u00eda | Caf\u00e9s Baqu\u00e9","og_description":"Caf\u00e9s Baqu\u00e9 es un proveedor integral en caf\u00e9 para la hosteler\u00eda. Ofrecemos apoyo desde el inicio: asesoramiento, instalaci\u00f3n y mantenimiento de cafeteras, servicio de asistencia t\u00e9cnica y mucho m\u00e1s.","og_url":"https:\/\/www.baque.com\/es\/para-hosteleria\/servicio-asesoramiento\/","og_site_name":"Caf\u00e9s Baqu\u00e9","article_modified_time":"2018-02-20T16:39:16+00:00","og_image":[{"url":"https:\/\/www.baque.com\/wp-content\/themes\/baque\/img\/images\/nuestro-servicio-cafe-1.jpg","type":"","width":"","height":""}],"twitter_card":"summary_large_image","twitter_misc":{"Tiempo de lectura":"3 minutos"},"schema":{"@context":"https:\/\/schema.org","@graph":[{"@type":"WebPage","@id":"https:\/\/www.baque.com\/es\/para-hosteleria\/servicio-asesoramiento\/","url":"https:\/\/www.baque.com\/es\/para-hosteleria\/servicio-asesoramiento\/","name":"Proveedor integral de caf\u00e9 para hosteler\u00eda | Asesoramiento hosteler\u00eda | Caf\u00e9s Baqu\u00e9","isPartOf":{"@id":"https:\/\/www.baque.com\/es\/#website"},"datePublished":"2018-02-07T12:36:08+00:00","dateModified":"2018-02-20T16:39:16+00:00","description":"Caf\u00e9s Baqu\u00e9 es un proveedor integral en caf\u00e9 para la hosteler\u00eda. Ofrecemos apoyo desde el inicio: asesoramiento, instalaci\u00f3n y mantenimiento de cafeteras, servicio de asistencia t\u00e9cnica y mucho m\u00e1s.","breadcrumb":{"@id":"https:\/\/www.baque.com\/es\/para-hosteleria\/servicio-asesoramiento\/#breadcrumb"},"inLanguage":"es","potentialAction":[{"@type":"ReadAction","target":["https:\/\/www.baque.com\/es\/para-hosteleria\/servicio-asesoramiento\/"]}]},{"@type":"BreadcrumbList","@id":"https:\/\/www.baque.com\/es\/para-hosteleria\/servicio-asesoramiento\/#breadcrumb","itemListElement":[{"@type":"ListItem","position":1,"name":"Portada","item":"https:\/\/www.baque.com\/es\/"},{"@type":"ListItem","position":2,"name":"Soluciones para tu negocio","item":"https:\/\/www.baque.com\/es\/para-hosteleria\/"},{"@type":"ListItem","position":3,"name":"Nuestro servicio"}]},{"@type":"WebSite","@id":"https:\/\/www.baque.com\/es\/#website","url":"https:\/\/www.baque.com\/es\/","name":"Caf\u00e9s Baqu\u00e9","description":"Somos l\u00edderes en hosteler\u00eda en Pa\u00eds Vasco y La Rioja y una de las marcas m\u00e1s reconocidas en el mercado nacional. Somos una empresa familiar en constante innovaci\u00f3n en el producto. Tostamos y distribuimos caf\u00e9 molido, en grano y c\u00e1psulas para disfrutar en casa, en el bar y en la oficina.","potentialAction":[{"@type":"SearchAction","target":{"@type":"EntryPoint","urlTemplate":"https:\/\/www.baque.com\/es\/?s={search_term_string}"},"query-input":{"@type":"PropertyValueSpecification","valueRequired":true,"valueName":"search_term_string"}}],"inLanguage":"es"}]}},"_links":{"self":[{"href":"https:\/\/www.baque.com\/es\/wp-json\/wp\/v2\/pages\/891","targetHints":{"allow":["GET"]}}],"collection":[{"href":"https:\/\/www.baque.com\/es\/wp-json\/wp\/v2\/pages"}],"about":[{"href":"https:\/\/www.baque.com\/es\/wp-json\/wp\/v2\/types\/page"}],"author":[{"embeddable":true,"href":"https:\/\/www.baque.com\/es\/wp-json\/wp\/v2\/users\/1"}],"replies":[{"embeddable":true,"href":"https:\/\/www.baque.com\/es\/wp-json\/wp\/v2\/comments?post=891"}],"version-history":[{"count":0,"href":"https:\/\/www.baque.com\/es\/wp-json\/wp\/v2\/pages\/891\/revisions"}],"up":[{"embeddable":true,"href":"https:\/\/www.baque.com\/es\/wp-json\/wp\/v2\/pages\/639"}],"wp:attachment":[{"href":"https:\/\/www.baque.com\/es\/wp-json\/wp\/v2\/media?parent=891"}],"curies":[{"name":"wp","href":"https:\/\/api.w.org\/{rel}","templated":true}]}}