
{"id":916,"date":"2018-02-07T14:07:26","date_gmt":"2018-02-07T14:07:26","guid":{"rendered":"http:\/\/www.baque.com\/?page_id=916"},"modified":"2024-06-14T11:38:34","modified_gmt":"2024-06-14T09:38:34","slug":"cacaos-leche-solubles","status":"publish","type":"page","link":"https:\/\/www.baque.com\/es\/para-hosteleria\/cacaos-leche-solubles\/","title":{"rendered":"Cacaos y leche solubles para hosteler\u00eda"},"content":{"rendered":"<p><section  id='cacaos' class='videophoto expand nocontainer'><img src='\/wp-content\/themes\/baque\/img\/images\/milkshakes-cacaos-negocio.jpg' class='bg' alt='' \/><img src='\/wp-content\/themes\/baque\/img\/images\/milkshakes-cacaos-negocio_resp.jpg' class='bgresp' alt='' \/><div class='container'><\/div><\/section><br \/>\n<div class='separator height50' ><\/div><br \/>\n<section  id='cacaos-1' class='introtext step'><div class='container'><\/p>\n<h2>CACAOS Y LECHE<\/h2>\n<h3>Los fr\u00edos d\u00edas de invierno te sabr\u00e1n m\u00e1s dulces.<\/h3>\n<p class=\"text-center\">Complementamos nuestro amplio surtido de bebidas calientes con un peque\u00f1o surtido de exquisitos y cremosos chocolates, cacaos y leche en su versi\u00f3n m\u00e1s calentita. Su delicioso sabor los convierte en una bebida irresistible de alta calidad.<\/p>\n<p><\/div><\/section><\/p>\n<section  id='milk-shakes-cacaos-2-1' class='productsquares step'><div class='container'><\/p>\n<p><div class='productsquare' itemscope itemtype='http:\/\/schema.org\/Product'><div class='productsquareimg' ><img src='\/wp-content\/uploads\/2020\/06\/cacao-sin-gluten-baque.jpg' itemprop='image' alt='CACAO SIN GLUTEN' \/><\/div><div class='productsquaretext'><h3 itemprop='name'>CACAO SIN GLUTEN<\/h3><span itemprop='description'><\/p>\n<p class=\"text-left\">El cacao soluble de siempre, ahora sin gluten. Disfruta del olor, aroma y textura a cacao con esta opci\u00f3n apta para cel\u00edacos.<\/p>\n<table>\n<tbody>\n<tr>\n<th colspan=\"2\"><strong>Ficha T\u00e9cnica:<\/strong><\/th>\n<\/tr>\n<tr>\n<th valign=\"top\">Presentaci\u00f3n<\/th>\n<td valign=\"top\">Estuche dispensador en cart\u00f3n.<\/td>\n<\/tr>\n<tr>\n<th valign=\"top\">Formato log\u00edstico<\/th>\n<td valign=\"top\">30 sobres de 18 g.<\/td>\n<\/tr>\n<\/tbody>\n<\/table>\n<p>\n<\/span><\/div><\/div><\/p>\n<p><div class='productsquare' itemscope itemtype='http:\/\/schema.org\/Product'><div class='productsquareimg' ><img src='\/wp-content\/themes\/baque\/img\/productos\/chocolate-taza-baque.jpg' itemprop='image' alt='CHOCOLATE A LA TAZA' \/><\/div><div class='productsquaretext'><h3 itemprop='name'>CHOCOLATE A LA TAZA<\/h3><span itemprop='description'><\/p>\n<p class=\"text-left\">Tan f\u00e1cil y c\u00f3modo de preparar que lo puedes hacer en tu cafetera express o en tu emulsionador de leche. Ideal para meriendas.<\/p>\n<table>\n<tbody>\n<tr>\n<th colspan=\"2\"><strong>Ficha T\u00e9cnica:<\/strong><\/th>\n<\/tr>\n<tr>\n<th valign=\"top\">Presentaci\u00f3n<\/th>\n<td valign=\"top\">Estuche dispensador en cart\u00f3n.<\/td>\n<\/tr>\n<tr>\n<th valign=\"top\">Formato log\u00edstico<\/th>\n<td valign=\"top\">25 sobres de 30 g.<\/td>\n<\/tr>\n<\/tbody>\n<\/table>\n<p><span style=\"font-size: inherit;\"><\/p>\n<\/span><\/div><\/div><\/span><\/p>\n<p><div class='productsquare' itemscope itemtype='http:\/\/schema.org\/Product'><div class='productsquareimg' ><img src='\/wp-content\/uploads\/2024\/06\/cacao-soluble-sin-gluten-baque-hosteleria-1.png' itemprop='image' alt='CACAO EN POLVO SIN GLUTEN' \/><\/div><div class='productsquaretext'><h3 itemprop='name'>CACAO EN POLVO SIN GLUTEN<\/h3><span itemprop='description'><\/p>\n<p class=\"text-left\">Cacao en polvo perfecto para m\u00e1quinas vending y m\u00e1quinas super autom\u00e1ticas. Sin gluten y sin conservantes ni colorantes artificiales.<\/p>\n<table>\n<tbody>\n<tr>\n<th colspan=\"2\"><strong>Ficha T\u00e9cnica:<\/strong><\/th>\n<\/tr>\n<tr>\n<th valign=\"top\">Presentaci\u00f3n<\/th>\n<td valign=\"top\">Bolsa 1 kg.<\/td>\n<\/tr>\n<\/tbody>\n<\/table>\n<p>\n<\/span><\/div><\/div><\/p>\n<p><div class='productsquare' itemscope itemtype='http:\/\/schema.org\/Product'><div class='productsquareimg' ><img src='\/wp-content\/uploads\/2024\/06\/leche-desnatada-polvo-baque-hosteleria-1.png' itemprop='image' alt='LECHE DESNATADA EN POLVO' \/><\/div><div class='productsquaretext'><h3 itemprop='name'>LECHE DESNATADA EN POLVO<\/h3><span itemprop='description'><\/p>\n<p class=\"text-left\">Leche desnatada en polvo sin gluten y sin conservantes ni colorantes artificiales. 100% leche.<\/p>\n<table>\n<tbody>\n<tr>\n<th colspan=\"2\"><strong>Ficha T\u00e9cnica:<\/strong><\/th>\n<\/tr>\n<tr>\n<th valign=\"top\">Presentaci\u00f3n<\/th>\n<td valign=\"top\">Bolsa 500 g.<\/td>\n<\/tr>\n<\/tbody>\n<\/table>\n<p>\n<\/span><\/div><\/div><\/p>\n<p><\/div><\/section>\n<p><div class='separator height50' ><\/div><br \/>\n<section  id='mas-informacion'><div class='container'><\/p>\n<h3>SOLICITA AHORA M\u00c1S INFORMACI\u00d3N SIN COMPROMISO.<\/h3>\n<p><a href='https:\/\/www.baque.com\/es\/contacto\/' class='button '>M\u00c1S INFORMACI\u00d3N<\/a><br \/>\n<\/div><\/section><\/p>\n","protected":false},"excerpt":{"rendered":"","protected":false},"author":1,"featured_media":0,"parent":639,"menu_order":40,"comment_status":"closed","ping_status":"closed","template":"","meta":{"_acf_changed":false,"footnotes":""},"class_list":["post-916","page","type-page","status-publish","hentry"],"acf":[],"yoast_head":"<!-- This site is optimized with the Yoast SEO plugin v27.3 - https:\/\/yoast.com\/product\/yoast-seo-wordpress\/ -->\n<title>Cacaos para hosteler\u00eda, bares y restauraci\u00f3n | Caf\u00e9s Baqu\u00e9<\/title>\n<meta name=\"description\" content=\"Complementamos nuestro amplio surtido de bebidas calientes con un peque\u00f1o surtido de exquisitos y cremosos chocolates y cacaos en su versi\u00f3n m\u00e1s calentita, ideales para las meriendas de invierno. Su delicioso sabor los convierte en una bebida irresistible de alta calidad.\" \/>\n<meta name=\"robots\" content=\"index, follow, max-snippet:-1, max-image-preview:large, max-video-preview:-1\" \/>\n<meta property=\"og:locale\" content=\"es_ES\" \/>\n<meta property=\"og:type\" content=\"article\" \/>\n<meta property=\"og:title\" content=\"Cacaos para hosteler\u00eda, bares y restauraci\u00f3n | Caf\u00e9s Baqu\u00e9\" \/>\n<meta property=\"og:description\" content=\"Complementamos nuestro amplio surtido de bebidas calientes con un peque\u00f1o surtido de exquisitos y cremosos chocolates y cacaos en su versi\u00f3n m\u00e1s calentita, ideales para las meriendas de invierno. Su delicioso sabor los convierte en una bebida irresistible de alta calidad.\" \/>\n<meta property=\"og:url\" content=\"https:\/\/www.baque.com\/es\/para-hosteleria\/cacaos-leche-solubles\/\" \/>\n<meta property=\"og:site_name\" content=\"Caf\u00e9s Baqu\u00e9\" \/>\n<meta property=\"article:modified_time\" content=\"2024-06-14T09:38:34+00:00\" \/>\n<meta name=\"twitter:card\" content=\"summary_large_image\" \/>\n<meta name=\"twitter:label1\" content=\"Tiempo de lectura\" \/>\n\t<meta name=\"twitter:data1\" content=\"2 minutos\" \/>\n<script type=\"application\/ld+json\" class=\"yoast-schema-graph\">{\"@context\":\"https:\\\/\\\/schema.org\",\"@graph\":[{\"@type\":\"WebPage\",\"@id\":\"https:\\\/\\\/www.baque.com\\\/es\\\/para-hosteleria\\\/cacaos-leche-solubles\\\/\",\"url\":\"https:\\\/\\\/www.baque.com\\\/es\\\/para-hosteleria\\\/cacaos-leche-solubles\\\/\",\"name\":\"Cacaos para hosteler\u00eda, bares y restauraci\u00f3n | Caf\u00e9s Baqu\u00e9\",\"isPartOf\":{\"@id\":\"https:\\\/\\\/www.baque.com\\\/es\\\/#website\"},\"datePublished\":\"2018-02-07T14:07:26+00:00\",\"dateModified\":\"2024-06-14T09:38:34+00:00\",\"description\":\"Complementamos nuestro amplio surtido de bebidas calientes con un peque\u00f1o surtido de exquisitos y cremosos chocolates y cacaos en su versi\u00f3n m\u00e1s calentita, ideales para las meriendas de invierno. Su delicioso sabor los convierte en una bebida irresistible de alta calidad.\",\"breadcrumb\":{\"@id\":\"https:\\\/\\\/www.baque.com\\\/es\\\/para-hosteleria\\\/cacaos-leche-solubles\\\/#breadcrumb\"},\"inLanguage\":\"es\",\"potentialAction\":[{\"@type\":\"ReadAction\",\"target\":[\"https:\\\/\\\/www.baque.com\\\/es\\\/para-hosteleria\\\/cacaos-leche-solubles\\\/\"]}]},{\"@type\":\"BreadcrumbList\",\"@id\":\"https:\\\/\\\/www.baque.com\\\/es\\\/para-hosteleria\\\/cacaos-leche-solubles\\\/#breadcrumb\",\"itemListElement\":[{\"@type\":\"ListItem\",\"position\":1,\"name\":\"Portada\",\"item\":\"https:\\\/\\\/www.baque.com\\\/es\\\/\"},{\"@type\":\"ListItem\",\"position\":2,\"name\":\"Soluciones para tu negocio\",\"item\":\"https:\\\/\\\/www.baque.com\\\/es\\\/para-hosteleria\\\/\"},{\"@type\":\"ListItem\",\"position\":3,\"name\":\"Cacaos y leche solubles para hosteler\u00eda\"}]},{\"@type\":\"WebSite\",\"@id\":\"https:\\\/\\\/www.baque.com\\\/es\\\/#website\",\"url\":\"https:\\\/\\\/www.baque.com\\\/es\\\/\",\"name\":\"Caf\u00e9s Baqu\u00e9\",\"description\":\"Somos l\u00edderes en hosteler\u00eda en Pa\u00eds Vasco y La Rioja y una de las marcas m\u00e1s reconocidas en el mercado nacional. Somos una empresa familiar en constante innovaci\u00f3n en el producto. Tostamos y distribuimos caf\u00e9 molido, en grano y c\u00e1psulas para disfrutar en casa, en el bar y en la oficina.\",\"potentialAction\":[{\"@type\":\"SearchAction\",\"target\":{\"@type\":\"EntryPoint\",\"urlTemplate\":\"https:\\\/\\\/www.baque.com\\\/es\\\/?s={search_term_string}\"},\"query-input\":{\"@type\":\"PropertyValueSpecification\",\"valueRequired\":true,\"valueName\":\"search_term_string\"}}],\"inLanguage\":\"es\"}]}<\/script>\n<!-- \/ Yoast SEO plugin. -->","yoast_head_json":{"title":"Cacaos para hosteler\u00eda, bares y restauraci\u00f3n | Caf\u00e9s Baqu\u00e9","description":"Complementamos nuestro amplio surtido de bebidas calientes con un peque\u00f1o surtido de exquisitos y cremosos chocolates y cacaos en su versi\u00f3n m\u00e1s calentita, ideales para las meriendas de invierno. Su delicioso sabor los convierte en una bebida irresistible de alta calidad.","robots":{"index":"index","follow":"follow","max-snippet":"max-snippet:-1","max-image-preview":"max-image-preview:large","max-video-preview":"max-video-preview:-1"},"og_locale":"es_ES","og_type":"article","og_title":"Cacaos para hosteler\u00eda, bares y restauraci\u00f3n | Caf\u00e9s Baqu\u00e9","og_description":"Complementamos nuestro amplio surtido de bebidas calientes con un peque\u00f1o surtido de exquisitos y cremosos chocolates y cacaos en su versi\u00f3n m\u00e1s calentita, ideales para las meriendas de invierno. Su delicioso sabor los convierte en una bebida irresistible de alta calidad.","og_url":"https:\/\/www.baque.com\/es\/para-hosteleria\/cacaos-leche-solubles\/","og_site_name":"Caf\u00e9s Baqu\u00e9","article_modified_time":"2024-06-14T09:38:34+00:00","twitter_card":"summary_large_image","twitter_misc":{"Tiempo de lectura":"2 minutos"},"schema":{"@context":"https:\/\/schema.org","@graph":[{"@type":"WebPage","@id":"https:\/\/www.baque.com\/es\/para-hosteleria\/cacaos-leche-solubles\/","url":"https:\/\/www.baque.com\/es\/para-hosteleria\/cacaos-leche-solubles\/","name":"Cacaos para hosteler\u00eda, bares y restauraci\u00f3n | Caf\u00e9s Baqu\u00e9","isPartOf":{"@id":"https:\/\/www.baque.com\/es\/#website"},"datePublished":"2018-02-07T14:07:26+00:00","dateModified":"2024-06-14T09:38:34+00:00","description":"Complementamos nuestro amplio surtido de bebidas calientes con un peque\u00f1o surtido de exquisitos y cremosos chocolates y cacaos en su versi\u00f3n m\u00e1s calentita, ideales para las meriendas de invierno. Su delicioso sabor los convierte en una bebida irresistible de alta calidad.","breadcrumb":{"@id":"https:\/\/www.baque.com\/es\/para-hosteleria\/cacaos-leche-solubles\/#breadcrumb"},"inLanguage":"es","potentialAction":[{"@type":"ReadAction","target":["https:\/\/www.baque.com\/es\/para-hosteleria\/cacaos-leche-solubles\/"]}]},{"@type":"BreadcrumbList","@id":"https:\/\/www.baque.com\/es\/para-hosteleria\/cacaos-leche-solubles\/#breadcrumb","itemListElement":[{"@type":"ListItem","position":1,"name":"Portada","item":"https:\/\/www.baque.com\/es\/"},{"@type":"ListItem","position":2,"name":"Soluciones para tu negocio","item":"https:\/\/www.baque.com\/es\/para-hosteleria\/"},{"@type":"ListItem","position":3,"name":"Cacaos y leche solubles para hosteler\u00eda"}]},{"@type":"WebSite","@id":"https:\/\/www.baque.com\/es\/#website","url":"https:\/\/www.baque.com\/es\/","name":"Caf\u00e9s Baqu\u00e9","description":"Somos l\u00edderes en hosteler\u00eda en Pa\u00eds Vasco y La Rioja y una de las marcas m\u00e1s reconocidas en el mercado nacional. Somos una empresa familiar en constante innovaci\u00f3n en el producto. Tostamos y distribuimos caf\u00e9 molido, en grano y c\u00e1psulas para disfrutar en casa, en el bar y en la oficina.","potentialAction":[{"@type":"SearchAction","target":{"@type":"EntryPoint","urlTemplate":"https:\/\/www.baque.com\/es\/?s={search_term_string}"},"query-input":{"@type":"PropertyValueSpecification","valueRequired":true,"valueName":"search_term_string"}}],"inLanguage":"es"}]}},"_links":{"self":[{"href":"https:\/\/www.baque.com\/es\/wp-json\/wp\/v2\/pages\/916","targetHints":{"allow":["GET"]}}],"collection":[{"href":"https:\/\/www.baque.com\/es\/wp-json\/wp\/v2\/pages"}],"about":[{"href":"https:\/\/www.baque.com\/es\/wp-json\/wp\/v2\/types\/page"}],"author":[{"embeddable":true,"href":"https:\/\/www.baque.com\/es\/wp-json\/wp\/v2\/users\/1"}],"replies":[{"embeddable":true,"href":"https:\/\/www.baque.com\/es\/wp-json\/wp\/v2\/comments?post=916"}],"version-history":[{"count":14,"href":"https:\/\/www.baque.com\/es\/wp-json\/wp\/v2\/pages\/916\/revisions"}],"predecessor-version":[{"id":2333772,"href":"https:\/\/www.baque.com\/es\/wp-json\/wp\/v2\/pages\/916\/revisions\/2333772"}],"up":[{"embeddable":true,"href":"https:\/\/www.baque.com\/es\/wp-json\/wp\/v2\/pages\/639"}],"wp:attachment":[{"href":"https:\/\/www.baque.com\/es\/wp-json\/wp\/v2\/media?parent=916"}],"curies":[{"name":"wp","href":"https:\/\/api.w.org\/{rel}","templated":true}]}}