
{"id":917283,"date":"2022-06-30T16:08:43","date_gmt":"2022-06-30T14:08:43","guid":{"rendered":"https:\/\/www.baque.com\/?page_id=917283"},"modified":"2024-09-25T08:41:39","modified_gmt":"2024-09-25T06:41:39","slug":"trabaja-en-cafes-baque","status":"publish","type":"page","link":"https:\/\/www.baque.com\/es\/trabaja-en-cafes-baque\/","title":{"rendered":"Trabaja en Caf\u00e9s Baqu\u00e9"},"content":{"rendered":"<section  id='caffe-latte' class='videophoto expand nocontainer'><img src='\/wp-content\/uploads\/2022\/07\/cabecera-scaled.jpg' class='bg' alt='' \/><img src='\/wp-content\/uploads\/2022\/07\/cabecera-mobile.jpg' class='bgresp' alt='' \/><div class='container'><\/div><\/section>\n<section  class='introtext normal centrado short margen-negativo'><div class='container'><\/p>\n<p><a class=\"boton grande\" href=\"#formulario-trabaja\" rel=\"noopener\">Enviar CV<\/a><\/p>\n<p><\/div><\/section>\n<p><div class='separator height50' ><\/div><br \/>\n<div class='separator height50' ><\/div><\/p>\n<section  class='introtext normal short'><div class='container'><\/p>\n<h2>En Caf\u00e9s Baqu\u00e9 llevamos m\u00e1s de 100 a\u00f1os dedic\u00e1ndonos a nuestra pasi\u00f3n: el caf\u00e9.<\/h2>\n<p>Somos una empresa familiar, que apuesta por combinar tradici\u00f3n e innovaci\u00f3n para satisfacer a todos nuestros clientes, tanto particulares como de hosteler\u00eda y empresa.<\/p>\n<p>Somos l\u00edderes en hosteler\u00eda en Pa\u00eds Vasco y La Rioja y una de las marcas m\u00e1s reconocidas en el mercado nacional. Tenemos delegaciones en CAV, La Rioja, Madrid, M\u00e1laga y Sevilla, y trabajamos con distribuidores en todo el territorio nacional.<\/p>\n<p>Creemos en el valor de las personas para transformar nuestro sector y ofrecer el mejor servicio, con el fin de crear experiencias \u00fanicas alrededor del caf\u00e9.<\/p>\n<p>Tostamos m\u00e1s de 3 millones de kilos de caf\u00e9 al a\u00f1o y se consumen cada d\u00eda m\u00e1s de 300.000 tazas de Caf\u00e9s Baqu\u00e9.<\/p>\n<p><strong>Y queremos seguir creciendo por esta pasi\u00f3n que nos une junto a ti.<\/strong><\/p>\n<p><\/div><\/section>\n<section  id='mas-informacion'><div class='container'><\/p>\n<h3>\u00bfTienes algo que contarnos?<br \/>\n\u00bfNos tomamos un caf\u00e9?<\/h3>\n<p><a class=\"boton\" href=\"#formulario-trabaja\" rel=\"noopener\">Enviar CV<\/a><\/p>\n<p><\/div><\/section>\n<div class='separator height50' ><\/div>\n<section  class='introtext normal short'><div class='container'><\/p>\n<h2>Plan de Acci\u00f3n igualdad Caf\u00e9s Baqu\u00e9<\/h2>\n<p><p class='entradilla'>Caf\u00e9s Baqu\u00e9 con el objetivo de lograr la igualdad de oportunidades de mujeres y hombres, se comprometi\u00f3 a elaborar e implantar un <strong>plan de igualdad<\/strong> en el que se contemplaban objetivos, estrategias y pr\u00e1cticas a adoptar en materias de gesti\u00f3n de personas y todas las condiciones laborales, la conciliaci\u00f3n familiar, personal y laboral, as\u00ed como la prevenci\u00f3n del acoso por raz\u00f3n de sexo.<\/p><\/p>\n<p><\/div><\/section>\n<div class='separator height25' ><\/div>\n<section  class='multicol'><div class='container'><br \/>\n<div class='col1'><img src='\/wp-content\/uploads\/2023\/08\/plan-accion-igualdad-cafes-baque.jpg' class='bg withoutbgresp' alt='' \/><\/div><br \/>\n<div class='col4'><\/p>\n<p>Con este fin, en febrero de 2021 se comunica internamente el compromiso de la empresa con la igualdad y posteriormente, en octubre de 2021, es cuando se anuncia el inicio de dicho proyecto.<\/p>\n<p>Para impulsar y llevar a cabo este compromiso se han llevado a cabo las siguientes acciones:<\/p>\n<ul>\n<li>Se ha elaborado un diagn\u00f3stico previo para conocer la situaci\u00f3n de partida de la<br \/>\nempresa en materia de igualdad. Para ello se ha contado con el asesoramiento t\u00e9cnico<br \/>\nexterno homologado por Emakunde.<\/li>\n<li>Se ha creado una Comisi\u00f3n de Igualdad formada por representantes de la empresa y<br \/>\nde la plantilla.<\/li>\n<li>Se ha fomentado la colaboraci\u00f3n de la plantilla, para recoger sus opiniones,<br \/>\nnecesidades y sugerencias en esta materia y se ha mantenido una comunicaci\u00f3n fluida<br \/>\npara informar del avance del proceso.<\/li>\n<\/ul>\n<p>El primer objetivo es sacar conclusiones e identificar aquellos aspectos que requieran una mejora en el \u00e1mbito de la igualdad, y bas\u00e1ndonos en estas conclusiones, se ha desarrollado un plan de acci\u00f3n con claros objetivos y puntos de mejora. Adem\u00e1s, este plan tambi\u00e9n puede servir como elemento de concienciaci\u00f3n interna y externa, tanto para la plantilla como para la clientela, sensibilizando a aquellas personas que creen que no tendr\u00eda que existir una obligatoriedad por ley y que piensan que no hay desigualdad en la sociedad en general y en las empresas en particular.<\/p>\n<p>En conclusi\u00f3n, en Caf\u00e9s Baqu\u00e9 ya se ha comenzado a trabajar para la igualdad, cumpliendo el primer a\u00f1o satisfactoriamente con los objetivos marcados e implementando m\u00e1s de 20 medidas durante el 2022. Trat\u00e1ndose de un plan a 4 a\u00f1os, podemos afirmar que seguiremos caminando hacia una igualdad real, con un plan transversal, preventivo y con el di\u00e1logo como principio para seguir avanzando en la igualdad de oportunidades entre mujeres y hombres.<\/p>\n<p><!-- <a class=\"boton\" href=\"https:\/\/baque.epreselec.com?id_origen=web+corporativa\" target=\"_blank\" rel=\"noopener\">Enviar CV<\/a> --><br \/>\n<\/div><br \/>\n<\/div><\/section>\n<p><div class='separator height50' ><\/div><br \/>\n<div class='separator height50' ><\/div><\/p>\n<div id=\"formulario-trabaja\">\n<section class=\"introtext normal short\">\n<div class=\"container\">\n<h2>Trabaja en Caf\u00e9s Baqu\u00e9<\/h2>\n<div class=\"wpforms-container \" id=\"wpforms-2560227\"><form id=\"wpforms-form-2560227\" class=\"wpforms-validate wpforms-form wpforms-ajax-form\" data-formid=\"2560227\" method=\"post\" enctype=\"multipart\/form-data\" action=\"\/es\/wp-json\/wp\/v2\/pages\/917283?wpforms_form_id=2560227\" data-token=\"52a659b0ed8c9ec898c49e6e784c4388\" data-token-time=\"1775818397\"><noscript class=\"wpforms-error-noscript\">Por favor, activa JavaScript en tu navegador para completar este formulario.<\/noscript><div class=\"wpforms-field-container\"><div id=\"wpforms-2560227-field_1-container\" class=\"wpforms-field wpforms-field-text\" data-field-id=\"1\"><label class=\"wpforms-field-label wpforms-label-hide\" for=\"wpforms-2560227-field_1\">Nombre <span class=\"wpforms-required-label\">*<\/span><\/label><input type=\"text\" id=\"wpforms-2560227-field_1\" class=\"wpforms-field-medium wpforms-field-required\" name=\"wpforms[fields][1]\" placeholder=\"Introduzca tu nombre*\" required><\/div><div id=\"wpforms-2560227-field_2-container\" class=\"wpforms-field wpforms-field-text\" data-field-id=\"2\"><label class=\"wpforms-field-label wpforms-label-hide\" for=\"wpforms-2560227-field_2\">Apellidos <span class=\"wpforms-required-label\">*<\/span><\/label><input type=\"text\" id=\"wpforms-2560227-field_2\" class=\"wpforms-field-medium wpforms-field-required\" name=\"wpforms[fields][2]\" placeholder=\"Introduzca apellidos*\" required><\/div><div id=\"wpforms-2560227-field_10-container\" class=\"wpforms-field wpforms-field-select wpforms-field-select-style-classic\" data-field-id=\"10\"><label class=\"wpforms-field-label wpforms-label-hide\" for=\"wpforms-2560227-field_10\">Departamento <span class=\"wpforms-required-label\">*<\/span><\/label><select id=\"wpforms-2560227-field_10\" class=\"wpforms-field-medium wpforms-field-required\" name=\"wpforms[fields][10]\" required=\"required\"><option value=\"\" class=\"placeholder\" disabled  selected='selected'>Selecciona un departamento*<\/option><option value=\"ALMAC\u00c9N\"  class=\"choice-4 depth-1\"  >ALMAC\u00c9N<\/option><option value=\"COMPRAS\"  class=\"choice-5 depth-1\"  >COMPRAS<\/option><option value=\"CALIDAD\"  class=\"choice-6 depth-1\"  >CALIDAD<\/option><option value=\"PRODUCCI\u00d3N\"  class=\"choice-7 depth-1\"  >PRODUCCI\u00d3N<\/option><option value=\"MARKETING\"  class=\"choice-8 depth-1\"  >MARKETING<\/option><option value=\"ESCUELA CAF\u00c9\/BARISTAS\"  class=\"choice-9 depth-1\"  >ESCUELA CAF\u00c9\/BARISTAS<\/option><option value=\"INTERNACIONAL\"  class=\"choice-10 depth-1\"  >INTERNACIONAL<\/option><option value=\"COMERCIAL\"  class=\"choice-11 depth-1\"  >COMERCIAL<\/option><option value=\"FINANCIERO\"  class=\"choice-12 depth-1\"  >FINANCIERO<\/option><option value=\"ADMINISTRACI\u00d3N\"  class=\"choice-13 depth-1\"  >ADMINISTRACI\u00d3N<\/option><option value=\"RECURSOS HUMANOS\"  class=\"choice-14 depth-1\"  >RECURSOS HUMANOS<\/option><\/select><\/div><div id=\"wpforms-2560227-field_3-container\" class=\"wpforms-field wpforms-field-select wpforms-field-select-style-classic\" data-field-id=\"3\"><label class=\"wpforms-field-label wpforms-label-hide\" for=\"wpforms-2560227-field_3\">Provincia <span class=\"wpforms-required-label\">*<\/span><\/label><select id=\"wpforms-2560227-field_3\" class=\"wpforms-field-medium wpforms-field-required\" name=\"wpforms[fields][3]\" required=\"required\"><option value=\"\" class=\"placeholder\" disabled  selected='selected'>Elige tu provincia*<\/option><option value=\"\u00c1lava\/Araba\"  class=\"choice-4 depth-1\"  >\u00c1lava\/Araba<\/option><option value=\"Albacete\"  class=\"choice-5 depth-1\"  >Albacete<\/option><option value=\"Alicante\"  class=\"choice-6 depth-1\"  >Alicante<\/option><option value=\"Almer\u00eda\"  class=\"choice-7 depth-1\"  >Almer\u00eda<\/option><option value=\"Asturias\"  class=\"choice-8 depth-1\"  >Asturias<\/option><option value=\"\u00c1vila\"  class=\"choice-9 depth-1\"  >\u00c1vila<\/option><option value=\"Badajoz\"  class=\"choice-10 depth-1\"  >Badajoz<\/option><option value=\"Baleares\"  class=\"choice-11 depth-1\"  >Baleares<\/option><option value=\"Barcelona\"  class=\"choice-12 depth-1\"  >Barcelona<\/option><option value=\"Burgos\"  class=\"choice-13 depth-1\"  >Burgos<\/option><option value=\"C\u00e1ceres\"  class=\"choice-14 depth-1\"  >C\u00e1ceres<\/option><option value=\"C\u00e1diz\"  class=\"choice-15 depth-1\"  >C\u00e1diz<\/option><option value=\"Cantabria\"  class=\"choice-16 depth-1\"  >Cantabria<\/option><option value=\"Castell\u00f3n\"  class=\"choice-17 depth-1\"  >Castell\u00f3n<\/option><option value=\"Ceuta\"  class=\"choice-18 depth-1\"  >Ceuta<\/option><option value=\"Ciudad Real\"  class=\"choice-19 depth-1\"  >Ciudad Real<\/option><option value=\"C\u00f3rdoba\"  class=\"choice-20 depth-1\"  >C\u00f3rdoba<\/option><option value=\"Cuenca\"  class=\"choice-21 depth-1\"  >Cuenca<\/option><option value=\"Gerona\/Girona\"  class=\"choice-22 depth-1\"  >Gerona\/Girona<\/option><option value=\"Granada\"  class=\"choice-23 depth-1\"  >Granada<\/option><option value=\"Guadalajara\"  class=\"choice-24 depth-1\"  >Guadalajara<\/option><option value=\"Guip\u00fazcoa\/Gipuzkoa\"  class=\"choice-25 depth-1\"  >Guip\u00fazcoa\/Gipuzkoa<\/option><option value=\"Huelva\"  class=\"choice-26 depth-1\"  >Huelva<\/option><option value=\"Huesca\"  class=\"choice-27 depth-1\"  >Huesca<\/option><option value=\"Ja\u00e9n\"  class=\"choice-28 depth-1\"  >Ja\u00e9n<\/option><option value=\"La Coru\u00f1a\/A Coru\u00f1a\"  class=\"choice-29 depth-1\"  >La Coru\u00f1a\/A Coru\u00f1a<\/option><option value=\"La Rioja&gt;La\"  class=\"choice-30 depth-1\"  >La Rioja&gt;La<\/option><option value=\"Las Palmas\"  class=\"choice-31 depth-1\"  >Las Palmas<\/option><option value=\"Le\u00f3n\"  class=\"choice-32 depth-1\"  >Le\u00f3n<\/option><option value=\"L\u00e9rida\/Lleida\"  class=\"choice-33 depth-1\"  >L\u00e9rida\/Lleida<\/option><option value=\"Lugo\"  class=\"choice-34 depth-1\"  >Lugo<\/option><option value=\"Madrid\"  class=\"choice-35 depth-1\"  >Madrid<\/option><option value=\"M\u00e1laga\"  class=\"choice-36 depth-1\"  >M\u00e1laga<\/option><option value=\"Melilla\"  class=\"choice-37 depth-1\"  >Melilla<\/option><option value=\"Murcia\"  class=\"choice-38 depth-1\"  >Murcia<\/option><option value=\"Navarra\"  class=\"choice-39 depth-1\"  >Navarra<\/option><option value=\"Orense\/Ourense\"  class=\"choice-40 depth-1\"  >Orense\/Ourense<\/option><option value=\"Palencia\"  class=\"choice-41 depth-1\"  >Palencia<\/option><option value=\"Pontevedra\"  class=\"choice-42 depth-1\"  >Pontevedra<\/option><option value=\"Salamanca\"  class=\"choice-43 depth-1\"  >Salamanca<\/option><option value=\"Segovia\"  class=\"choice-44 depth-1\"  >Segovia<\/option><option value=\"Sevilla\"  class=\"choice-45 depth-1\"  >Sevilla<\/option><option value=\"Soria\"  class=\"choice-46 depth-1\"  >Soria<\/option><option value=\"Tarragona\"  class=\"choice-47 depth-1\"  >Tarragona<\/option><option value=\"Tenerife\"  class=\"choice-48 depth-1\"  >Tenerife<\/option><option value=\"Teruel\"  class=\"choice-49 depth-1\"  >Teruel<\/option><option value=\"Toledo\"  class=\"choice-50 depth-1\"  >Toledo<\/option><option value=\"Valencia\"  class=\"choice-51 depth-1\"  >Valencia<\/option><option value=\"Valladolid\"  class=\"choice-52 depth-1\"  >Valladolid<\/option><option value=\"Vizcaya\/Bizkaia\"  class=\"choice-53 depth-1\"  >Vizcaya\/Bizkaia<\/option><option value=\"Zamora\"  class=\"choice-54 depth-1\"  >Zamora<\/option><option value=\"Zaragoza\"  class=\"choice-55 depth-1\"  >Zaragoza<\/option><\/select><\/div><div id=\"wpforms-2560227-field_4-container\" class=\"wpforms-field wpforms-field-phone\" data-field-id=\"4\"><label class=\"wpforms-field-label wpforms-label-hide\" for=\"wpforms-2560227-field_4\">Tel\u00e9fono <span class=\"wpforms-required-label\">*<\/span><\/label><input type=\"tel\" id=\"wpforms-2560227-field_4\" class=\"wpforms-field-large wpforms-field-required wpforms-smart-phone-field\" data-rule-smart-phone-field=\"true\" name=\"wpforms[fields][4]\" placeholder=\"Tel\u00e9fono de contacto*\" aria-label=\"Tel\u00e9fono\" required><\/div><div id=\"wpforms-2560227-field_6-container\" class=\"wpforms-field wpforms-field-email\" data-field-id=\"6\"><label class=\"wpforms-field-label wpforms-label-hide\" for=\"wpforms-2560227-field_6\">Correo electr\u00f3nico <span class=\"wpforms-required-label\">*<\/span><\/label><input type=\"email\" id=\"wpforms-2560227-field_6\" class=\"wpforms-field-medium wpforms-field-required\" name=\"wpforms[fields][6]\" placeholder=\"Correo electr\u00f3nico de contacto*\" spellcheck=\"false\" required><\/div><div id=\"wpforms-2560227-field_7-container\" class=\"wpforms-field wpforms-field-textarea\" data-field-id=\"7\"><label class=\"wpforms-field-label wpforms-label-hide\" for=\"wpforms-2560227-field_7\">Cu\u00e9ntanos lo que quieras<\/label><textarea id=\"wpforms-2560227-field_7\" class=\"wpforms-field-medium\" name=\"wpforms[fields][7]\" placeholder=\"Cu\u00e9ntanos lo que quieras\" ><\/textarea><\/div><div id=\"wpforms-2560227-field_8-container\" class=\"wpforms-field wpforms-field-file-upload\" data-field-id=\"8\"><label class=\"wpforms-field-label wpforms-label-hide\" for=\"wpforms-2560227-field_8\">Adjuntar curr\u00edculum <span class=\"wpforms-required-label\">*<\/span><\/label><div\n\t\tclass=\"wpforms-uploader wpforms-field-required\"\n\t\tdata-field-id=\"8\"\n\t\tdata-form-id=\"2560227\"\n\t\tdata-input-name=\"wpforms_2560227_8\"\n\t\tdata-extensions=\"doc,pdf,ppt\"\n\t\tdata-max-size=\"4194304\"\n\t\tdata-max-file-number=\"1\"\n\t\tdata-post-max-size=\"52428800\"\n\t\tdata-max-parallel-uploads=\"4\"\n\t\tdata-parallel-uploads=\"true\"\n\t\tdata-file-chunk-size=\"2097152\">\n\t<div class=\"dz-message\">\n\t\t<svg  viewBox=\"0 0 640 640\" focusable=\"false\" data-icon=\"inbox\" width=\"50px\" height=\"50px\" fill=\"currentColor\" aria-hidden=\"true\">\n\t\t\t<path d=\"M352 173.3L352 384C352 401.7 337.7 416 320 416C302.3 416 288 401.7 288 384L288 173.3L246.6 214.7C234.1 227.2 213.8 227.2 201.3 214.7C188.8 202.2 188.8 181.9 201.3 169.4L297.3 73.4C309.8 60.9 330.1 60.9 342.6 73.4L438.6 169.4C451.1 181.9 451.1 202.2 438.6 214.7C426.1 227.2 405.8 227.2 393.3 214.7L352 173.3zM320 464C364.2 464 400 428.2 400 384L480 384C515.3 384 544 412.7 544 448L544 480C544 515.3 515.3 544 480 544L160 544C124.7 544 96 515.3 96 480L96 448C96 412.7 124.7 384 160 384L240 384C240 428.2 275.8 464 320 464zM464 488C477.3 488 488 477.3 488 464C488 450.7 477.3 440 464 440C450.7 440 440 450.7 440 464C440 477.3 450.7 488 464 488z\"\/>\n\t\t<\/svg>\n\n\t\t<span class=\"modern-title\">\n\t\t\t\t\t\t\tDrag &amp; Drop Files, \t\t\t\t<span>Choose Files to Upload<\/span>\n\t\t\t\t\t<\/span>\n\n\t\t\t<\/div>\n<\/div>\n\n<input\n\t\ttype=\"text\"\n\t\tautocomplete=\"off\"\n\t\treadonly\n\t\tclass=\"dropzone-input\"\n\t\tstyle=\"position:absolute!important;clip:rect(0,0,0,0)!important;height:1px!important;width:1px!important;border:0!important;overflow:hidden!important;padding:0!important;margin:0!important;\"\n\t\tid=\"wpforms-2560227-field_8\"\n\t\tname=\"wpforms_2560227_8\" required\t\tvalue=\"\">\n<div class=\"wpforms-field-description\">Adjuntar el curr\u00edculum*. Tama\u00f1o m\u00e1ximo 4MB.<\/div><\/div><div id=\"wpforms-2560227-field_9-container\" class=\"wpforms-field wpforms-field-radio aviso-legal\" data-field-id=\"9\"><label class=\"wpforms-field-label wpforms-label-hide\">Aviso legal <span class=\"wpforms-required-label\">*<\/span><\/label><ul id=\"wpforms-2560227-field_9\" class=\"wpforms-field-required\"><li class=\"choice-1 depth-1\"><input type=\"radio\" id=\"wpforms-2560227-field_9_1\" name=\"wpforms[fields][9]\" value=\"He le\u00eddo y acepto el &lt;a href=&quot;https:\/\/www.baque.com\/es\/aviso-legal\/&quot; target=&quot;_blank&quot;&gt;aviso legal&lt;\/a&gt;\" required ><label class=\"wpforms-field-label-inline\" for=\"wpforms-2560227-field_9_1\">He le\u00eddo y acepto el <a href=\"https:\/\/www.baque.com\/es\/aviso-legal\/\" target=\"_blank\">aviso legal<\/a><\/label><\/li><\/ul><\/div><\/div><!-- .wpforms-field-container --><div class=\"wpforms-recaptcha-container wpforms-is-recaptcha wpforms-is-recaptcha-type-v3\" ><input type=\"hidden\" name=\"wpforms[recaptcha]\" value=\"\"><\/div><div class=\"wpforms-submit-container\" ><input type=\"hidden\" name=\"wpforms[id]\" value=\"2560227\"><input type=\"hidden\" name=\"page_title\" value=\"\"><input type=\"hidden\" name=\"page_url\" value=\"https:\/\/www.baque.com\/es\/wp-json\/wp\/v2\/pages\/917283\"><input type=\"hidden\" name=\"url_referer\" value=\"\"><button type=\"submit\" name=\"wpforms[submit]\" id=\"wpforms-submit-2560227\" class=\"wpforms-submit\" data-alt-text=\"Enviando...\" data-submit-text=\"Enviar\" aria-live=\"assertive\" value=\"wpforms-submit\">Enviar<\/button><img loading=\"lazy\" decoding=\"async\" src=\"https:\/\/www.baque.com\/wp-content\/plugins\/wpforms\/assets\/images\/submit-spin.svg\" class=\"wpforms-submit-spinner\" style=\"display: none;\" width=\"26\" height=\"26\" alt=\"Cargando\"><\/div><\/form><\/div>  <!-- .wpforms-container --><\/div>\n<\/section>\n<\/div>\n<section  id='capsulas-cafe-3' class='squares videophoto cols2 borderwhite borderwhitefooter'><br \/>\n<div  class='square nocontainer'>\n\t\t\t<img src='\/wp-content\/uploads\/2022\/07\/pie2-3-scaled.jpg' class='bg withoutbgresp' alt='' \/>\n\t\t\t\n\t\t\t<div class='container'>\n\t\t\t\t\n\t\t\t<\/div>\n\t\t<\/div><br \/>\n<div  class='square nocontainer'>\n\t\t\t<img src='\/wp-content\/uploads\/2022\/07\/pie1-3-scaled.jpg' class='bg withoutbgresp' alt='' \/>\n\t\t\t\n\t\t\t<div class='container'>\n\t\t\t\t\n\t\t\t<\/div>\n\t\t<\/div><br \/>\n<\/section>\n","protected":false},"excerpt":{"rendered":"<p>Trabaja en Caf\u00e9s Baqu\u00e9<\/p>\n","protected":false},"author":4013,"featured_media":0,"parent":0,"menu_order":20,"comment_status":"closed","ping_status":"closed","template":"","meta":{"_acf_changed":false,"footnotes":""},"class_list":["post-917283","page","type-page","status-publish","hentry"],"acf":[],"yoast_head":"<!-- This site is optimized with the Yoast SEO plugin v27.3 - https:\/\/yoast.com\/product\/yoast-seo-wordpress\/ -->\n<title>Trabaja en Caf\u00e9s Baqu\u00e9 - Caf\u00e9s Baqu\u00e9<\/title>\n<meta name=\"robots\" content=\"index, follow, max-snippet:-1, max-image-preview:large, max-video-preview:-1\" \/>\n<meta property=\"og:locale\" content=\"es_ES\" \/>\n<meta property=\"og:type\" content=\"article\" \/>\n<meta property=\"og:title\" content=\"Trabaja en Caf\u00e9s Baqu\u00e9 - Caf\u00e9s Baqu\u00e9\" \/>\n<meta property=\"og:description\" content=\"Trabaja en Caf\u00e9s Baqu\u00e9\" \/>\n<meta property=\"og:url\" content=\"https:\/\/www.baque.com\/es\/trabaja-en-cafes-baque\/\" \/>\n<meta property=\"og:site_name\" content=\"Caf\u00e9s Baqu\u00e9\" \/>\n<meta property=\"article:modified_time\" content=\"2024-09-25T06:41:39+00:00\" \/>\n<meta name=\"twitter:card\" content=\"summary_large_image\" \/>\n<meta name=\"twitter:label1\" content=\"Tiempo de lectura\" \/>\n\t<meta name=\"twitter:data1\" content=\"3 minutos\" \/>\n<script type=\"application\/ld+json\" class=\"yoast-schema-graph\">{\"@context\":\"https:\\\/\\\/schema.org\",\"@graph\":[{\"@type\":\"WebPage\",\"@id\":\"https:\\\/\\\/www.baque.com\\\/es\\\/trabaja-en-cafes-baque\\\/\",\"url\":\"https:\\\/\\\/www.baque.com\\\/es\\\/trabaja-en-cafes-baque\\\/\",\"name\":\"Trabaja en Caf\u00e9s Baqu\u00e9 - Caf\u00e9s Baqu\u00e9\",\"isPartOf\":{\"@id\":\"https:\\\/\\\/www.baque.com\\\/es\\\/#website\"},\"datePublished\":\"2022-06-30T14:08:43+00:00\",\"dateModified\":\"2024-09-25T06:41:39+00:00\",\"breadcrumb\":{\"@id\":\"https:\\\/\\\/www.baque.com\\\/es\\\/trabaja-en-cafes-baque\\\/#breadcrumb\"},\"inLanguage\":\"es\",\"potentialAction\":[{\"@type\":\"ReadAction\",\"target\":[\"https:\\\/\\\/www.baque.com\\\/es\\\/trabaja-en-cafes-baque\\\/\"]}]},{\"@type\":\"BreadcrumbList\",\"@id\":\"https:\\\/\\\/www.baque.com\\\/es\\\/trabaja-en-cafes-baque\\\/#breadcrumb\",\"itemListElement\":[{\"@type\":\"ListItem\",\"position\":1,\"name\":\"Portada\",\"item\":\"https:\\\/\\\/www.baque.com\\\/es\\\/\"},{\"@type\":\"ListItem\",\"position\":2,\"name\":\"Trabaja en Caf\u00e9s Baqu\u00e9\"}]},{\"@type\":\"WebSite\",\"@id\":\"https:\\\/\\\/www.baque.com\\\/es\\\/#website\",\"url\":\"https:\\\/\\\/www.baque.com\\\/es\\\/\",\"name\":\"Caf\u00e9s Baqu\u00e9\",\"description\":\"Somos l\u00edderes en hosteler\u00eda en Pa\u00eds Vasco y La Rioja y una de las marcas m\u00e1s reconocidas en el mercado nacional. Somos una empresa familiar en constante innovaci\u00f3n en el producto. Tostamos y distribuimos caf\u00e9 molido, en grano y c\u00e1psulas para disfrutar en casa, en el bar y en la oficina.\",\"potentialAction\":[{\"@type\":\"SearchAction\",\"target\":{\"@type\":\"EntryPoint\",\"urlTemplate\":\"https:\\\/\\\/www.baque.com\\\/es\\\/?s={search_term_string}\"},\"query-input\":{\"@type\":\"PropertyValueSpecification\",\"valueRequired\":true,\"valueName\":\"search_term_string\"}}],\"inLanguage\":\"es\"}]}<\/script>\n<!-- \/ Yoast SEO plugin. -->","yoast_head_json":{"title":"Trabaja en Caf\u00e9s Baqu\u00e9 - Caf\u00e9s Baqu\u00e9","robots":{"index":"index","follow":"follow","max-snippet":"max-snippet:-1","max-image-preview":"max-image-preview:large","max-video-preview":"max-video-preview:-1"},"og_locale":"es_ES","og_type":"article","og_title":"Trabaja en Caf\u00e9s Baqu\u00e9 - Caf\u00e9s Baqu\u00e9","og_description":"Trabaja en Caf\u00e9s Baqu\u00e9","og_url":"https:\/\/www.baque.com\/es\/trabaja-en-cafes-baque\/","og_site_name":"Caf\u00e9s Baqu\u00e9","article_modified_time":"2024-09-25T06:41:39+00:00","twitter_card":"summary_large_image","twitter_misc":{"Tiempo de lectura":"3 minutos"},"schema":{"@context":"https:\/\/schema.org","@graph":[{"@type":"WebPage","@id":"https:\/\/www.baque.com\/es\/trabaja-en-cafes-baque\/","url":"https:\/\/www.baque.com\/es\/trabaja-en-cafes-baque\/","name":"Trabaja en Caf\u00e9s Baqu\u00e9 - Caf\u00e9s Baqu\u00e9","isPartOf":{"@id":"https:\/\/www.baque.com\/es\/#website"},"datePublished":"2022-06-30T14:08:43+00:00","dateModified":"2024-09-25T06:41:39+00:00","breadcrumb":{"@id":"https:\/\/www.baque.com\/es\/trabaja-en-cafes-baque\/#breadcrumb"},"inLanguage":"es","potentialAction":[{"@type":"ReadAction","target":["https:\/\/www.baque.com\/es\/trabaja-en-cafes-baque\/"]}]},{"@type":"BreadcrumbList","@id":"https:\/\/www.baque.com\/es\/trabaja-en-cafes-baque\/#breadcrumb","itemListElement":[{"@type":"ListItem","position":1,"name":"Portada","item":"https:\/\/www.baque.com\/es\/"},{"@type":"ListItem","position":2,"name":"Trabaja en Caf\u00e9s Baqu\u00e9"}]},{"@type":"WebSite","@id":"https:\/\/www.baque.com\/es\/#website","url":"https:\/\/www.baque.com\/es\/","name":"Caf\u00e9s Baqu\u00e9","description":"Somos l\u00edderes en hosteler\u00eda en Pa\u00eds Vasco y La Rioja y una de las marcas m\u00e1s reconocidas en el mercado nacional. Somos una empresa familiar en constante innovaci\u00f3n en el producto. Tostamos y distribuimos caf\u00e9 molido, en grano y c\u00e1psulas para disfrutar en casa, en el bar y en la oficina.","potentialAction":[{"@type":"SearchAction","target":{"@type":"EntryPoint","urlTemplate":"https:\/\/www.baque.com\/es\/?s={search_term_string}"},"query-input":{"@type":"PropertyValueSpecification","valueRequired":true,"valueName":"search_term_string"}}],"inLanguage":"es"}]}},"_links":{"self":[{"href":"https:\/\/www.baque.com\/es\/wp-json\/wp\/v2\/pages\/917283","targetHints":{"allow":["GET"]}}],"collection":[{"href":"https:\/\/www.baque.com\/es\/wp-json\/wp\/v2\/pages"}],"about":[{"href":"https:\/\/www.baque.com\/es\/wp-json\/wp\/v2\/types\/page"}],"author":[{"embeddable":true,"href":"https:\/\/www.baque.com\/es\/wp-json\/wp\/v2\/users\/4013"}],"replies":[{"embeddable":true,"href":"https:\/\/www.baque.com\/es\/wp-json\/wp\/v2\/comments?post=917283"}],"version-history":[{"count":86,"href":"https:\/\/www.baque.com\/es\/wp-json\/wp\/v2\/pages\/917283\/revisions"}],"predecessor-version":[{"id":2561806,"href":"https:\/\/www.baque.com\/es\/wp-json\/wp\/v2\/pages\/917283\/revisions\/2561806"}],"wp:attachment":[{"href":"https:\/\/www.baque.com\/es\/wp-json\/wp\/v2\/media?parent=917283"}],"curies":[{"name":"wp","href":"https:\/\/api.w.org\/{rel}","templated":true}]}}