
{"id":923,"date":"2018-02-07T14:09:38","date_gmt":"2018-02-07T14:09:38","guid":{"rendered":"http:\/\/www.baque.com\/?page_id=923"},"modified":"2024-05-17T12:12:42","modified_gmt":"2024-05-17T10:12:42","slug":"dulces","status":"publish","type":"page","link":"https:\/\/www.baque.com\/es\/para-hosteleria\/dulces\/","title":{"rendered":"Dulces para hosteler\u00eda"},"content":{"rendered":"<section  id='dulces-negocio' class='introtext'><div class='container'>\n<h2>Hazles sentirse \u00fanicos<\/h2>\n<p class=\"text-center\">Una amplia gama de productos complementarios que har\u00e1n que tus clientes se sientan \u00fanicos y especiales. El detalle que acompa\u00f1a a cada taza supone el elemento diferenciador a la hora de ofrecer un servicio redondo, el servicio que har\u00e1 que tus clientes repitan.<\/p>\n<p class=\"text-center\">Conscientes de ello, Caf\u00e9s Baqu\u00e9 presenta un variado surtido de <strong>complementos deliciosos y de calidad<\/strong>, que se presentan en c\u00f3modos envases individuales que garantizan una perfecta conservaci\u00f3n del producto hasta su consumo. Un peque\u00f1o gui\u00f1o a tus clientes con la garant\u00eda de Caf\u00e9s Baqu\u00e9.<\/p>\n<p><\/div><\/section><br \/>\n<section  id='accesorios-negocio-1' class='videophoto expand nocontainer'><img src='\/wp-content\/themes\/baque\/img\/images\/dulces-negocio.jpg' class='bg' alt='' \/><img src='\/wp-content\/themes\/baque\/img\/images\/dulces-negocio_resp.jpg' class='bgresp' alt='' \/><div class='container'><\/div><\/section><br \/>\n<div class='separator height25' ><\/div><br \/>\n<section  class='productsquares'><div class='container'><br \/>\n<div class='productsquare' itemscope itemtype='http:\/\/schema.org\/Product'><div class='productsquareimg' ><img src='\/wp-content\/uploads\/2020\/04\/Finitas-horizontal-1.jpg' itemprop='image' alt='FINITAS DE CANELA' \/><\/div><div class='productsquaretext'><h3 itemprop='name'>FINITAS DE CANELA<\/h3><span itemprop='description'><\/p>\n<p class=\"text-left\">Excelente detalle diferenciador para tus clientes. Su sabor a canela combina muy bien con el caf\u00e9, un complemento delicioso para acompa\u00f1ar.<\/p>\n<table>\n<tbody>\n<tr>\n<th colspan=\"2\"><strong>Ficha T\u00e9cnica:<\/strong><\/th>\n<\/tr>\n<tr>\n<th valign=\"top\">Presentaci\u00f3n<\/th>\n<td valign=\"top\">Caja de cart\u00f3n.<\/td>\n<\/tr>\n<tr>\n<th valign=\"top\">Formato log\u00edstico<\/th>\n<td valign=\"top\">300 uds. \/ caja.<\/td>\n<\/tr>\n<\/tbody>\n<\/table>\n<p>\n<\/span><\/div><\/div><br \/>\n<div class='productsquare' itemscope itemtype='http:\/\/schema.org\/Product'><div class='productsquareimg' ><img src='\/wp-content\/uploads\/2019\/10\/MIX-BOLITAS.jpg' itemprop='image' alt='MIX BOLITAS DE CEREALES' \/><\/div><div class='productsquaretext'><h3 itemprop='name'>MIX BOLITAS DE CEREALES<\/h3><span itemprop='description'><\/p>\n<p class=\"text-left\">Mix de crujientes de cereales de tres sabores diferentes combinados: Pralin\u00e9, Mocca y Speculoos.<\/p>\n<table>\n<tbody>\n<tr>\n<th colspan=\"2\"><strong>Ficha T\u00e9cnica:<\/strong><\/th>\n<\/tr>\n<tr>\n<th valign=\"top\">Presentaci\u00f3n<\/th>\n<td valign=\"top\">Caja de cart\u00f3n.<\/td>\n<\/tr>\n<tr>\n<th valign=\"top\">Formato log\u00edstico<\/th>\n<td valign=\"top\">200 uds. \/ caja.<\/td>\n<\/tr>\n<\/tbody>\n<\/table>\n<p>\n<\/span><\/div><\/div><br \/>\n<\/div><\/section><br \/>\n<section  class='productsquares'><div class='container'><br \/>\n<div class='productsquare' itemscope itemtype='http:\/\/schema.org\/Product'><div class='productsquareimg' ><img src='\/wp-content\/uploads\/2022\/10\/24501305_Mini-palmerita-de-hojaldre-scaled.jpg' itemprop='image' alt='MINI PALMERITAS' \/><\/div><div class='productsquaretext'><h3 itemprop='name'>MINI PALMERITAS<\/h3><span itemprop='description'><\/p>\n<p class=\"text-left\">Deliciosas palmeritas de hojaldre 100% vegetales, sin grasas hidrogenadas, colorantes, ni conservantes. Envasadas individualmente; sistema de envasado que ofrece una mayor comodidad, limpieza, rapidez e higiene, as\u00ed como una perfecta conservaci\u00f3n del producto hasta su consumo. El complemento de calidad perfecto para acompa\u00f1ar un caf\u00e9.<\/p>\n<table>\n<tbody>\n<tr>\n<th colspan=\"2\"><strong>Ficha T\u00e9cnica:<\/strong><\/th>\n<\/tr>\n<tr>\n<th valign=\"top\">Presentaci\u00f3n<\/th>\n<td valign=\"top\">Caja de cart\u00f3n.<\/td>\n<\/tr>\n<tr>\n<th valign=\"top\">Formato log\u00edstico<\/th>\n<td valign=\"top\">235 uds. \/ caja.<\/td>\n<\/tr>\n<\/tbody>\n<\/table>\n<p>\n<\/span><\/div><\/div><br \/>\n<div class='productsquare' itemscope itemtype='http:\/\/schema.org\/Product'><div class='productsquareimg' ><img src='\/wp-content\/themes\/baque\/img\/productos\/mini-magdalenas-baque.jpg' itemprop='image' alt='MINI MAGDALENAS' \/><\/div><div class='productsquaretext'><h3 itemprop='name'>MINI MAGDALENAS<\/h3><span itemprop='description'><\/p>\n<p class=\"text-left\">Los mejores ingredientes y un preciso horneado hacen de estas mini magdalenas un producto totalmente sabroso, jugoso y suave. Envasadas individualmente.<\/p>\n<table>\n<tbody>\n<tr>\n<th colspan=\"2\"><strong>Ficha T\u00e9cnica:<\/strong><\/th>\n<\/tr>\n<tr>\n<th valign=\"top\">Presentaci\u00f3n<\/th>\n<td valign=\"top\">Caja de cart\u00f3n.<\/td>\n<\/tr>\n<tr>\n<th valign=\"top\">Formato log\u00edstico<\/th>\n<td valign=\"top\">120 uds. \/ caja.<\/td>\n<\/tr>\n<\/tbody>\n<\/table>\n<p>\n<\/span><\/div><\/div><br \/>\n<\/div><\/section><br \/>\n<section  class='productsquares'><div class='container'><br \/>\n<div class='productsquare' itemscope itemtype='http:\/\/schema.org\/Product'><div class='productsquareimg' ><img src='\/wp-content\/themes\/baque\/img\/productos\/mix-cookies-baque.jpg' itemprop='image' alt='MIX COOKIES' \/><\/div><div class='productsquaretext'><h3 itemprop='name'>MIX COOKIES<\/h3><span itemprop='description'><\/p>\n<p class=\"text-left\">Una gama de mini cookies de tres sabores (lim\u00f3n, mantequilla y chocolate) de calidad, y que degustadas con el caf\u00e9 har\u00e1n de ese momento un momento de relajaci\u00f3n y placer.<\/p>\n<table>\n<tbody>\n<tr>\n<th colspan=\"2\"><strong>Ficha T\u00e9cnica:<\/strong><\/th>\n<\/tr>\n<tr>\n<th valign=\"top\">Presentaci\u00f3n<\/th>\n<td valign=\"top\">Caja de cart\u00f3n.<\/td>\n<\/tr>\n<tr>\n<th valign=\"top\">Formato log\u00edstico<\/th>\n<td valign=\"top\">200 uds. \/ caja.<\/td>\n<\/tr>\n<\/tbody>\n<\/table>\n<p>\n<\/span><\/div><\/div><br \/>\n<div class='productsquare' itemscope itemtype='http:\/\/schema.org\/Product'><div class='productsquareimg' ><img src='\/wp-content\/uploads\/2018\/10\/Cookie.org_.-300x300.jpg' itemprop='image' alt='COOKIES ORG\u00c1NICAS' \/><\/div><div class='productsquaretext'><h3 itemprop='name'>COOKIES ORG\u00c1NICAS<\/h3><span itemprop='description'><\/p>\n<p class=\"text-left\">Galletas org\u00e1nicas de sabor a vainilla, elaboradas con ingredientes provenientes de agricultura biol\u00f3gica controlada.<\/p>\n<table>\n<tbody>\n<tr>\n<th colspan=\"2\"><strong>Ficha T\u00e9cnica:<\/strong><\/th>\n<\/tr>\n<tr>\n<th valign=\"top\">Presentaci\u00f3n<\/th>\n<td valign=\"top\">Caja de cart\u00f3n.<\/td>\n<\/tr>\n<tr>\n<th valign=\"top\">Formato log\u00edstico<\/th>\n<td valign=\"top\">200 uds. \/ caja.<\/td>\n<\/tr>\n<\/tbody>\n<\/table>\n<p>\n<\/span><\/div><\/div><br \/>\n<\/div><\/section><br \/>\n<div class='separator height50' ><\/div><br \/>\n<section  id='mas-informacion'><div class='container'><\/p>\n<h3>SOLICITA AHORA M\u00c1S INFORMACI\u00d3N SIN COMPROMISO.<\/h3>\n<p><a href='https:\/\/www.baque.com\/es\/contacto\/' class='button '>M\u00c1S INFORMACI\u00d3N<\/a><br \/>\n<\/div><\/section><\/p>\n","protected":false},"excerpt":{"rendered":"","protected":false},"author":1,"featured_media":0,"parent":639,"menu_order":70,"comment_status":"closed","ping_status":"closed","template":"","meta":{"_acf_changed":false,"footnotes":""},"class_list":["post-923","page","type-page","status-publish","hentry"],"acf":[],"yoast_head":"<!-- This site is optimized with the Yoast SEO plugin v27.3 - https:\/\/yoast.com\/product\/yoast-seo-wordpress\/ -->\n<title>Dulces para hosteler\u00eda | Dulces para bares y restauraci\u00f3n | Caf\u00e9s Baqu\u00e9<\/title>\n<meta name=\"description\" content=\"Una amplia gama de productos complementarios de Caf\u00e9s Baqu\u00e9 que har\u00e1n que tus clientes se sientan \u00fanicos y especiales. El detalle que acompa\u00f1a a cada taza supone el elemento diferenciador a la hora de ofrecer un servicio redondo, el servicio que har\u00e1 que tus clientes repitan.\" \/>\n<meta name=\"robots\" content=\"index, follow, max-snippet:-1, max-image-preview:large, max-video-preview:-1\" \/>\n<meta property=\"og:locale\" content=\"es_ES\" \/>\n<meta property=\"og:type\" content=\"article\" \/>\n<meta property=\"og:title\" content=\"Dulces para hosteler\u00eda | Dulces para bares y restauraci\u00f3n | Caf\u00e9s Baqu\u00e9\" \/>\n<meta property=\"og:description\" content=\"Una amplia gama de productos complementarios de Caf\u00e9s Baqu\u00e9 que har\u00e1n que tus clientes se sientan \u00fanicos y especiales. El detalle que acompa\u00f1a a cada taza supone el elemento diferenciador a la hora de ofrecer un servicio redondo, el servicio que har\u00e1 que tus clientes repitan.\" \/>\n<meta property=\"og:url\" content=\"https:\/\/www.baque.com\/es\/para-hosteleria\/dulces\/\" \/>\n<meta property=\"og:site_name\" content=\"Caf\u00e9s Baqu\u00e9\" \/>\n<meta property=\"article:modified_time\" content=\"2024-05-17T10:12:42+00:00\" \/>\n<meta name=\"twitter:card\" content=\"summary_large_image\" \/>\n<meta name=\"twitter:label1\" content=\"Tiempo de lectura\" \/>\n\t<meta name=\"twitter:data1\" content=\"2 minutos\" \/>\n<script type=\"application\/ld+json\" class=\"yoast-schema-graph\">{\"@context\":\"https:\\\/\\\/schema.org\",\"@graph\":[{\"@type\":\"WebPage\",\"@id\":\"https:\\\/\\\/www.baque.com\\\/es\\\/para-hosteleria\\\/dulces\\\/\",\"url\":\"https:\\\/\\\/www.baque.com\\\/es\\\/para-hosteleria\\\/dulces\\\/\",\"name\":\"Dulces para hosteler\u00eda | Dulces para bares y restauraci\u00f3n | Caf\u00e9s Baqu\u00e9\",\"isPartOf\":{\"@id\":\"https:\\\/\\\/www.baque.com\\\/es\\\/#website\"},\"datePublished\":\"2018-02-07T14:09:38+00:00\",\"dateModified\":\"2024-05-17T10:12:42+00:00\",\"description\":\"Una amplia gama de productos complementarios de Caf\u00e9s Baqu\u00e9 que har\u00e1n que tus clientes se sientan \u00fanicos y especiales. El detalle que acompa\u00f1a a cada taza supone el elemento diferenciador a la hora de ofrecer un servicio redondo, el servicio que har\u00e1 que tus clientes repitan.\",\"breadcrumb\":{\"@id\":\"https:\\\/\\\/www.baque.com\\\/es\\\/para-hosteleria\\\/dulces\\\/#breadcrumb\"},\"inLanguage\":\"es\",\"potentialAction\":[{\"@type\":\"ReadAction\",\"target\":[\"https:\\\/\\\/www.baque.com\\\/es\\\/para-hosteleria\\\/dulces\\\/\"]}]},{\"@type\":\"BreadcrumbList\",\"@id\":\"https:\\\/\\\/www.baque.com\\\/es\\\/para-hosteleria\\\/dulces\\\/#breadcrumb\",\"itemListElement\":[{\"@type\":\"ListItem\",\"position\":1,\"name\":\"Portada\",\"item\":\"https:\\\/\\\/www.baque.com\\\/es\\\/\"},{\"@type\":\"ListItem\",\"position\":2,\"name\":\"Soluciones para tu negocio\",\"item\":\"https:\\\/\\\/www.baque.com\\\/es\\\/para-hosteleria\\\/\"},{\"@type\":\"ListItem\",\"position\":3,\"name\":\"Dulces para hosteler\u00eda\"}]},{\"@type\":\"WebSite\",\"@id\":\"https:\\\/\\\/www.baque.com\\\/es\\\/#website\",\"url\":\"https:\\\/\\\/www.baque.com\\\/es\\\/\",\"name\":\"Caf\u00e9s Baqu\u00e9\",\"description\":\"Somos l\u00edderes en hosteler\u00eda en Pa\u00eds Vasco y La Rioja y una de las marcas m\u00e1s reconocidas en el mercado nacional. Somos una empresa familiar en constante innovaci\u00f3n en el producto. Tostamos y distribuimos caf\u00e9 molido, en grano y c\u00e1psulas para disfrutar en casa, en el bar y en la oficina.\",\"potentialAction\":[{\"@type\":\"SearchAction\",\"target\":{\"@type\":\"EntryPoint\",\"urlTemplate\":\"https:\\\/\\\/www.baque.com\\\/es\\\/?s={search_term_string}\"},\"query-input\":{\"@type\":\"PropertyValueSpecification\",\"valueRequired\":true,\"valueName\":\"search_term_string\"}}],\"inLanguage\":\"es\"}]}<\/script>\n<!-- \/ Yoast SEO plugin. -->","yoast_head_json":{"title":"Dulces para hosteler\u00eda | Dulces para bares y restauraci\u00f3n | Caf\u00e9s Baqu\u00e9","description":"Una amplia gama de productos complementarios de Caf\u00e9s Baqu\u00e9 que har\u00e1n que tus clientes se sientan \u00fanicos y especiales. El detalle que acompa\u00f1a a cada taza supone el elemento diferenciador a la hora de ofrecer un servicio redondo, el servicio que har\u00e1 que tus clientes repitan.","robots":{"index":"index","follow":"follow","max-snippet":"max-snippet:-1","max-image-preview":"max-image-preview:large","max-video-preview":"max-video-preview:-1"},"og_locale":"es_ES","og_type":"article","og_title":"Dulces para hosteler\u00eda | Dulces para bares y restauraci\u00f3n | Caf\u00e9s Baqu\u00e9","og_description":"Una amplia gama de productos complementarios de Caf\u00e9s Baqu\u00e9 que har\u00e1n que tus clientes se sientan \u00fanicos y especiales. El detalle que acompa\u00f1a a cada taza supone el elemento diferenciador a la hora de ofrecer un servicio redondo, el servicio que har\u00e1 que tus clientes repitan.","og_url":"https:\/\/www.baque.com\/es\/para-hosteleria\/dulces\/","og_site_name":"Caf\u00e9s Baqu\u00e9","article_modified_time":"2024-05-17T10:12:42+00:00","twitter_card":"summary_large_image","twitter_misc":{"Tiempo de lectura":"2 minutos"},"schema":{"@context":"https:\/\/schema.org","@graph":[{"@type":"WebPage","@id":"https:\/\/www.baque.com\/es\/para-hosteleria\/dulces\/","url":"https:\/\/www.baque.com\/es\/para-hosteleria\/dulces\/","name":"Dulces para hosteler\u00eda | Dulces para bares y restauraci\u00f3n | Caf\u00e9s Baqu\u00e9","isPartOf":{"@id":"https:\/\/www.baque.com\/es\/#website"},"datePublished":"2018-02-07T14:09:38+00:00","dateModified":"2024-05-17T10:12:42+00:00","description":"Una amplia gama de productos complementarios de Caf\u00e9s Baqu\u00e9 que har\u00e1n que tus clientes se sientan \u00fanicos y especiales. El detalle que acompa\u00f1a a cada taza supone el elemento diferenciador a la hora de ofrecer un servicio redondo, el servicio que har\u00e1 que tus clientes repitan.","breadcrumb":{"@id":"https:\/\/www.baque.com\/es\/para-hosteleria\/dulces\/#breadcrumb"},"inLanguage":"es","potentialAction":[{"@type":"ReadAction","target":["https:\/\/www.baque.com\/es\/para-hosteleria\/dulces\/"]}]},{"@type":"BreadcrumbList","@id":"https:\/\/www.baque.com\/es\/para-hosteleria\/dulces\/#breadcrumb","itemListElement":[{"@type":"ListItem","position":1,"name":"Portada","item":"https:\/\/www.baque.com\/es\/"},{"@type":"ListItem","position":2,"name":"Soluciones para tu negocio","item":"https:\/\/www.baque.com\/es\/para-hosteleria\/"},{"@type":"ListItem","position":3,"name":"Dulces para hosteler\u00eda"}]},{"@type":"WebSite","@id":"https:\/\/www.baque.com\/es\/#website","url":"https:\/\/www.baque.com\/es\/","name":"Caf\u00e9s Baqu\u00e9","description":"Somos l\u00edderes en hosteler\u00eda en Pa\u00eds Vasco y La Rioja y una de las marcas m\u00e1s reconocidas en el mercado nacional. Somos una empresa familiar en constante innovaci\u00f3n en el producto. Tostamos y distribuimos caf\u00e9 molido, en grano y c\u00e1psulas para disfrutar en casa, en el bar y en la oficina.","potentialAction":[{"@type":"SearchAction","target":{"@type":"EntryPoint","urlTemplate":"https:\/\/www.baque.com\/es\/?s={search_term_string}"},"query-input":{"@type":"PropertyValueSpecification","valueRequired":true,"valueName":"search_term_string"}}],"inLanguage":"es"}]}},"_links":{"self":[{"href":"https:\/\/www.baque.com\/es\/wp-json\/wp\/v2\/pages\/923","targetHints":{"allow":["GET"]}}],"collection":[{"href":"https:\/\/www.baque.com\/es\/wp-json\/wp\/v2\/pages"}],"about":[{"href":"https:\/\/www.baque.com\/es\/wp-json\/wp\/v2\/types\/page"}],"author":[{"embeddable":true,"href":"https:\/\/www.baque.com\/es\/wp-json\/wp\/v2\/users\/1"}],"replies":[{"embeddable":true,"href":"https:\/\/www.baque.com\/es\/wp-json\/wp\/v2\/comments?post=923"}],"version-history":[{"count":17,"href":"https:\/\/www.baque.com\/es\/wp-json\/wp\/v2\/pages\/923\/revisions"}],"predecessor-version":[{"id":2271826,"href":"https:\/\/www.baque.com\/es\/wp-json\/wp\/v2\/pages\/923\/revisions\/2271826"}],"up":[{"embeddable":true,"href":"https:\/\/www.baque.com\/es\/wp-json\/wp\/v2\/pages\/639"}],"wp:attachment":[{"href":"https:\/\/www.baque.com\/es\/wp-json\/wp\/v2\/media?parent=923"}],"curies":[{"name":"wp","href":"https:\/\/api.w.org\/{rel}","templated":true}]}}