
{"id":1142436,"date":"2022-12-26T13:32:30","date_gmt":"2022-12-26T12:32:30","guid":{"rendered":"https:\/\/www.baque.com\/?post_type=product&#038;p=1142436"},"modified":"2026-04-19T05:38:27","modified_gmt":"2026-04-19T03:38:27","slug":"culotte-gobik-hombre-2023","status":"publish","type":"product","link":"https:\/\/www.baque.com\/es\/tienda\/maillot\/culotte-gobik-hombre-2023\/","title":{"rendered":"CULOTTE GOBIK HOMBRE 2023"},"content":{"rendered":"<p>Culotte marca Gobik de altas prestaciones, muy ergon\u00f3mico, y con una resistencia sin igual. Est\u00e1 confeccionado con costura plana y tirantes elaborados en tejido ultra transpirable, para aportar una frescura y sujeci\u00f3n excelentes.<\/p>\n<p>Adem\u00e1s, est\u00e1 acabado con una suave y c\u00f3moda cinta el\u00e1stica corte l\u00e1ser microsiliconada para un mejor confort y ajuste.<\/p>\n<p>Ideal para usuarios medios o avanzados de cualquier complexi\u00f3n.<\/p>\n<p><strong>\u00b7 Edici\u00f3n exclusiva:<\/strong> Producida por <strong>Gobik,<\/strong> modelo <strong>Limited K10<\/strong><\/p>\n<p><strong>\u00b7 Propiedades:<\/strong> Comfort | Adjustment<\/p>\n<p><strong>\u00b7 Rango de Uso<\/strong>: 17\u00baC a 35\u00baC<\/p>\n<p><strong>\u00b7 Badana:<\/strong> K10<\/p>\n<p>&nbsp;<\/p>\n<p><strong>BADANA K10 CARBON (HOMBRE)<\/strong><\/p>\n<p>Indicada para grandes rutas en carretera o MTB. Badana de \u00faltima generaci\u00f3n que utiliza la tecnolog\u00eda \u201cstitched\u201d, superplana con estructura invertida, 2 densidades y tejido E.I.T. CARBONIUM.<\/p>\n<p><strong>\u00b7<\/strong> Rendimiento 8 horas<\/p>\n<p><strong>\u00b7<\/strong> Espesor 3-18 mm<\/p>\n<p><strong>\u00b7<\/strong> Densidad Doble 60-120 kg\/m3<\/p>\n<p><strong>\u00b7<\/strong> Espuma E.I.T Alta Densidad<\/p>\n<p><strong>\u00b7<\/strong> Tejido E.I.T Carbonium bacteriost\u00e1tico ultratranspirable<\/p>\n","protected":false},"excerpt":{"rendered":"<p>Culotte marca Gobik de altas prestaciones, muy ergon\u00f3mico, y con una resistencia sin igual. Est\u00e1 confeccionado con costura plana y tirantes elaborados en tejido ultra transpirable, para aportar una frescura y sujeci\u00f3n excelentes. Adem\u00e1s, est\u00e1 acabado con una suave y c\u00f3moda cinta el\u00e1stica corte l\u00e1ser microsiliconada para un mejor confort y ajuste. Ideal para usuarios [&hellip;]<\/p>\n","protected":false},"featured_media":1138713,"template":"","meta":{"_acf_changed":false},"product_brand":[],"product_cat":[400],"product_tag":[],"class_list":{"0":"post-1142436","1":"product","2":"type-product","3":"status-publish","4":"has-post-thumbnail","6":"product_cat-maillot","8":"first","9":"instock","10":"sale","11":"taxable","12":"shipping-taxable","13":"purchasable","14":"product-type-variable"},"bundled_by":[],"bundle_stock_status":"instock","bundle_stock_quantity":null,"bundle_virtual":false,"bundle_layout":"","bundle_add_to_cart_form_location":"","bundle_editable_in_cart":false,"bundle_sold_individually_context":"","bundle_item_grouping":"","bundle_min_size":"","bundle_max_size":"","bundle_price":[],"bundled_items":[],"bundle_sell_ids":[],"acf":[],"yoast_head":"<!-- This site is optimized with the Yoast SEO plugin v27.3 - https:\/\/yoast.com\/product\/yoast-seo-wordpress\/ -->\n<title>Culotte Gobik Hombre Caf\u00e9s Baqu\u00e9 \/\/ Equipaci\u00f3n ciclista Baqu\u00e9<\/title>\n<meta name=\"description\" content=\"Culotte marca Gobik de altas prestaciones, muy ergon\u00f3mico, y con una resistencia sin igual. Est\u00e1 confeccionado con costura plana y tirantes elaborados en tejido ultra transpirable.\" \/>\n<meta name=\"robots\" content=\"index, follow, max-snippet:-1, max-image-preview:large, max-video-preview:-1\" \/>\n<meta property=\"og:locale\" content=\"es_ES\" \/>\n<meta property=\"og:type\" content=\"article\" \/>\n<meta property=\"og:title\" content=\"Culotte Gobik Hombre Caf\u00e9s Baqu\u00e9 \/\/ Equipaci\u00f3n ciclista Baqu\u00e9\" \/>\n<meta property=\"og:description\" content=\"Culotte marca Gobik de altas prestaciones, muy ergon\u00f3mico, y con una resistencia sin igual. Est\u00e1 confeccionado con costura plana y tirantes elaborados en tejido ultra transpirable.\" \/>\n<meta property=\"og:url\" content=\"https:\/\/www.baque.com\/es\/tienda\/maillot\/culotte-gobik-hombre-2023\/\" \/>\n<meta property=\"og:site_name\" content=\"Caf\u00e9s Baqu\u00e9\" \/>\n<meta property=\"article:modified_time\" content=\"2026-04-19T03:38:27+00:00\" \/>\n<meta property=\"og:image\" content=\"https:\/\/www.baque.com\/wp-content\/uploads\/2022\/12\/Culotte-corto.jpg\" \/>\n\t<meta property=\"og:image:width\" content=\"669\" \/>\n\t<meta property=\"og:image:height\" content=\"779\" \/>\n\t<meta property=\"og:image:type\" content=\"image\/jpeg\" \/>\n<meta name=\"twitter:card\" content=\"summary_large_image\" \/>\n<meta name=\"twitter:label1\" content=\"Tiempo de lectura\" \/>\n\t<meta name=\"twitter:data1\" content=\"1 minuto\" \/>\n<script type=\"application\/ld+json\" class=\"yoast-schema-graph\">{\"@context\":\"https:\\\/\\\/schema.org\",\"@graph\":[{\"@type\":\"WebPage\",\"@id\":\"https:\\\/\\\/www.baque.com\\\/es\\\/tienda\\\/maillot\\\/culotte-gobik-hombre-2023\\\/\",\"url\":\"https:\\\/\\\/www.baque.com\\\/es\\\/tienda\\\/maillot\\\/culotte-gobik-hombre-2023\\\/\",\"name\":\"Culotte Gobik Hombre Caf\u00e9s Baqu\u00e9 \\\/\\\/ Equipaci\u00f3n ciclista Baqu\u00e9\",\"isPartOf\":{\"@id\":\"https:\\\/\\\/www.baque.com\\\/es\\\/#website\"},\"primaryImageOfPage\":{\"@id\":\"https:\\\/\\\/www.baque.com\\\/es\\\/tienda\\\/maillot\\\/culotte-gobik-hombre-2023\\\/#primaryimage\"},\"image\":{\"@id\":\"https:\\\/\\\/www.baque.com\\\/es\\\/tienda\\\/maillot\\\/culotte-gobik-hombre-2023\\\/#primaryimage\"},\"thumbnailUrl\":\"https:\\\/\\\/www.baque.com\\\/wp-content\\\/uploads\\\/2022\\\/12\\\/Culotte-corto.jpg\",\"datePublished\":\"2022-12-26T12:32:30+00:00\",\"dateModified\":\"2026-04-19T03:38:27+00:00\",\"description\":\"Culotte marca Gobik de altas prestaciones, muy ergon\u00f3mico, y con una resistencia sin igual. Est\u00e1 confeccionado con costura plana y tirantes elaborados en tejido ultra transpirable.\",\"breadcrumb\":{\"@id\":\"https:\\\/\\\/www.baque.com\\\/es\\\/tienda\\\/maillot\\\/culotte-gobik-hombre-2023\\\/#breadcrumb\"},\"inLanguage\":\"es\",\"potentialAction\":[{\"@type\":\"ReadAction\",\"target\":[\"https:\\\/\\\/www.baque.com\\\/es\\\/tienda\\\/maillot\\\/culotte-gobik-hombre-2023\\\/\"]}]},{\"@type\":\"ImageObject\",\"inLanguage\":\"es\",\"@id\":\"https:\\\/\\\/www.baque.com\\\/es\\\/tienda\\\/maillot\\\/culotte-gobik-hombre-2023\\\/#primaryimage\",\"url\":\"https:\\\/\\\/www.baque.com\\\/wp-content\\\/uploads\\\/2022\\\/12\\\/Culotte-corto.jpg\",\"contentUrl\":\"https:\\\/\\\/www.baque.com\\\/wp-content\\\/uploads\\\/2022\\\/12\\\/Culotte-corto.jpg\",\"width\":669,\"height\":779},{\"@type\":\"BreadcrumbList\",\"@id\":\"https:\\\/\\\/www.baque.com\\\/es\\\/tienda\\\/maillot\\\/culotte-gobik-hombre-2023\\\/#breadcrumb\",\"itemListElement\":[{\"@type\":\"ListItem\",\"position\":1,\"name\":\"Portada\",\"item\":\"https:\\\/\\\/www.baque.com\\\/es\\\/\"},{\"@type\":\"ListItem\",\"position\":2,\"name\":\"Tienda\",\"item\":\"https:\\\/\\\/www.baque.com\\\/es\\\/tienda\\\/\"},{\"@type\":\"ListItem\",\"position\":3,\"name\":\"CULOTTE GOBIK HOMBRE 2023\"}]},{\"@type\":\"WebSite\",\"@id\":\"https:\\\/\\\/www.baque.com\\\/es\\\/#website\",\"url\":\"https:\\\/\\\/www.baque.com\\\/es\\\/\",\"name\":\"Caf\u00e9s Baqu\u00e9\",\"description\":\"Somos l\u00edderes en hosteler\u00eda en Pa\u00eds Vasco y La Rioja y una de las marcas m\u00e1s reconocidas en el mercado nacional. Somos una empresa familiar en constante innovaci\u00f3n en el producto. Tostamos y distribuimos caf\u00e9 molido, en grano y c\u00e1psulas para disfrutar en casa, en el bar y en la oficina.\",\"potentialAction\":[{\"@type\":\"SearchAction\",\"target\":{\"@type\":\"EntryPoint\",\"urlTemplate\":\"https:\\\/\\\/www.baque.com\\\/es\\\/?s={search_term_string}\"},\"query-input\":{\"@type\":\"PropertyValueSpecification\",\"valueRequired\":true,\"valueName\":\"search_term_string\"}}],\"inLanguage\":\"es\"}]}<\/script>\n<!-- \/ Yoast SEO plugin. -->","yoast_head_json":{"title":"Culotte Gobik Hombre Caf\u00e9s Baqu\u00e9 \/\/ Equipaci\u00f3n ciclista Baqu\u00e9","description":"Culotte marca Gobik de altas prestaciones, muy ergon\u00f3mico, y con una resistencia sin igual. Est\u00e1 confeccionado con costura plana y tirantes elaborados en tejido ultra transpirable.","robots":{"index":"index","follow":"follow","max-snippet":"max-snippet:-1","max-image-preview":"max-image-preview:large","max-video-preview":"max-video-preview:-1"},"og_locale":"es_ES","og_type":"article","og_title":"Culotte Gobik Hombre Caf\u00e9s Baqu\u00e9 \/\/ Equipaci\u00f3n ciclista Baqu\u00e9","og_description":"Culotte marca Gobik de altas prestaciones, muy ergon\u00f3mico, y con una resistencia sin igual. Est\u00e1 confeccionado con costura plana y tirantes elaborados en tejido ultra transpirable.","og_url":"https:\/\/www.baque.com\/es\/tienda\/maillot\/culotte-gobik-hombre-2023\/","og_site_name":"Caf\u00e9s Baqu\u00e9","article_modified_time":"2026-04-19T03:38:27+00:00","og_image":[{"width":669,"height":779,"url":"https:\/\/www.baque.com\/wp-content\/uploads\/2022\/12\/Culotte-corto.jpg","type":"image\/jpeg"}],"twitter_card":"summary_large_image","twitter_misc":{"Tiempo de lectura":"1 minuto"},"schema":{"@context":"https:\/\/schema.org","@graph":[{"@type":"WebPage","@id":"https:\/\/www.baque.com\/es\/tienda\/maillot\/culotte-gobik-hombre-2023\/","url":"https:\/\/www.baque.com\/es\/tienda\/maillot\/culotte-gobik-hombre-2023\/","name":"Culotte Gobik Hombre Caf\u00e9s Baqu\u00e9 \/\/ Equipaci\u00f3n ciclista Baqu\u00e9","isPartOf":{"@id":"https:\/\/www.baque.com\/es\/#website"},"primaryImageOfPage":{"@id":"https:\/\/www.baque.com\/es\/tienda\/maillot\/culotte-gobik-hombre-2023\/#primaryimage"},"image":{"@id":"https:\/\/www.baque.com\/es\/tienda\/maillot\/culotte-gobik-hombre-2023\/#primaryimage"},"thumbnailUrl":"https:\/\/www.baque.com\/wp-content\/uploads\/2022\/12\/Culotte-corto.jpg","datePublished":"2022-12-26T12:32:30+00:00","dateModified":"2026-04-19T03:38:27+00:00","description":"Culotte marca Gobik de altas prestaciones, muy ergon\u00f3mico, y con una resistencia sin igual. Est\u00e1 confeccionado con costura plana y tirantes elaborados en tejido ultra transpirable.","breadcrumb":{"@id":"https:\/\/www.baque.com\/es\/tienda\/maillot\/culotte-gobik-hombre-2023\/#breadcrumb"},"inLanguage":"es","potentialAction":[{"@type":"ReadAction","target":["https:\/\/www.baque.com\/es\/tienda\/maillot\/culotte-gobik-hombre-2023\/"]}]},{"@type":"ImageObject","inLanguage":"es","@id":"https:\/\/www.baque.com\/es\/tienda\/maillot\/culotte-gobik-hombre-2023\/#primaryimage","url":"https:\/\/www.baque.com\/wp-content\/uploads\/2022\/12\/Culotte-corto.jpg","contentUrl":"https:\/\/www.baque.com\/wp-content\/uploads\/2022\/12\/Culotte-corto.jpg","width":669,"height":779},{"@type":"BreadcrumbList","@id":"https:\/\/www.baque.com\/es\/tienda\/maillot\/culotte-gobik-hombre-2023\/#breadcrumb","itemListElement":[{"@type":"ListItem","position":1,"name":"Portada","item":"https:\/\/www.baque.com\/es\/"},{"@type":"ListItem","position":2,"name":"Tienda","item":"https:\/\/www.baque.com\/es\/tienda\/"},{"@type":"ListItem","position":3,"name":"CULOTTE GOBIK HOMBRE 2023"}]},{"@type":"WebSite","@id":"https:\/\/www.baque.com\/es\/#website","url":"https:\/\/www.baque.com\/es\/","name":"Caf\u00e9s Baqu\u00e9","description":"Somos l\u00edderes en hosteler\u00eda en Pa\u00eds Vasco y La Rioja y una de las marcas m\u00e1s reconocidas en el mercado nacional. Somos una empresa familiar en constante innovaci\u00f3n en el producto. Tostamos y distribuimos caf\u00e9 molido, en grano y c\u00e1psulas para disfrutar en casa, en el bar y en la oficina.","potentialAction":[{"@type":"SearchAction","target":{"@type":"EntryPoint","urlTemplate":"https:\/\/www.baque.com\/es\/?s={search_term_string}"},"query-input":{"@type":"PropertyValueSpecification","valueRequired":true,"valueName":"search_term_string"}}],"inLanguage":"es"}]}},"_links":{"self":[{"href":"https:\/\/www.baque.com\/es\/wp-json\/wp\/v2\/product\/1142436","targetHints":{"allow":["GET"]}}],"collection":[{"href":"https:\/\/www.baque.com\/es\/wp-json\/wp\/v2\/product"}],"about":[{"href":"https:\/\/www.baque.com\/es\/wp-json\/wp\/v2\/types\/product"}],"wp:featuredmedia":[{"embeddable":true,"href":"https:\/\/www.baque.com\/es\/wp-json\/wp\/v2\/media\/1138713"}],"wp:attachment":[{"href":"https:\/\/www.baque.com\/es\/wp-json\/wp\/v2\/media?parent=1142436"}],"wp:term":[{"taxonomy":"product_brand","embeddable":true,"href":"https:\/\/www.baque.com\/es\/wp-json\/wp\/v2\/product_brand?post=1142436"},{"taxonomy":"product_cat","embeddable":true,"href":"https:\/\/www.baque.com\/es\/wp-json\/wp\/v2\/product_cat?post=1142436"},{"taxonomy":"product_tag","embeddable":true,"href":"https:\/\/www.baque.com\/es\/wp-json\/wp\/v2\/product_tag?post=1142436"}],"curies":[{"name":"wp","href":"https:\/\/api.w.org\/{rel}","templated":true}]}}