
{"id":1142633,"date":"2022-12-26T15:22:42","date_gmt":"2022-12-26T14:22:42","guid":{"rendered":"https:\/\/www.baque.com\/?post_type=product&#038;p=1142633"},"modified":"2026-04-11T11:23:58","modified_gmt":"2026-04-11T09:23:58","slug":"maillot-unisex-gobik-manga-larga-2023","status":"publish","type":"product","link":"https:\/\/www.baque.com\/es\/tienda\/maillot\/maillot-unisex-gobik-manga-larga-2023\/","title":{"rendered":"MAILLOT UNISEX GOBIK MANGA LARGA 2023"},"content":{"rendered":"<p>Se trata de un maillot ultraligero y altamente transpirable. Su combinaci\u00f3n de 4 tejidos diferentes hacen del CX PRO una prenda t\u00e9cnicamente muy completa. Con un ajuste perfecto, est\u00e1 dise\u00f1ado para conseguir el m\u00e1ximo rendimiento aerodin\u00e1mico.<\/p>\n<p>Nueva cremallera invertida oculta para lograr un resultado de confecci\u00f3n m\u00e1s uniforme en el pecho.<\/p>\n<p>En la parte trasera incorpora tres bolsillos con corte angular reforzados y que se encargar\u00e1n de cuidar tus pertenencias m\u00e1s preciadas aportando un extra de seguridad.<\/p>\n<p>Ideal para usuarios avanzados de complexi\u00f3n media o delgada.<\/p>\n<p><strong>\u00b7 Edici\u00f3n exclusiva: <\/strong>Producido por<strong>\u00a0<\/strong><strong>Gobik, modelo CX Pro.<\/strong><\/p>\n<p><strong>\u00b7 Propiedades: <\/strong>Ultra light | Perfect Fit<\/p>\n<p><strong>\u00b7 Rango de Uso: <\/strong>18\u00baC a 25\u00baC<\/p>\n","protected":false},"excerpt":{"rendered":"<p>Se trata de un maillot ultraligero y altamente transpirable. Su combinaci\u00f3n de 4 tejidos diferentes hacen del CX PRO una prenda t\u00e9cnicamente muy completa. Con un ajuste perfecto, est\u00e1 dise\u00f1ado para conseguir el m\u00e1ximo rendimiento aerodin\u00e1mico. Nueva cremallera invertida oculta para lograr un resultado de confecci\u00f3n m\u00e1s uniforme en el pecho. En la parte trasera [&hellip;]<\/p>\n","protected":false},"featured_media":1138734,"template":"","meta":{"_acf_changed":false},"product_brand":[],"product_cat":[400],"product_tag":[],"class_list":{"0":"post-1142633","1":"product","2":"type-product","3":"status-publish","4":"has-post-thumbnail","6":"product_cat-maillot","8":"first","9":"instock","10":"sale","11":"taxable","12":"shipping-taxable","13":"purchasable","14":"product-type-variable"},"bundled_by":[],"bundle_stock_status":"instock","bundle_stock_quantity":null,"bundle_virtual":false,"bundle_layout":"","bundle_add_to_cart_form_location":"","bundle_editable_in_cart":false,"bundle_sold_individually_context":"","bundle_item_grouping":"","bundle_min_size":"","bundle_max_size":"","bundle_price":[],"bundled_items":[],"bundle_sell_ids":[],"acf":[],"yoast_head":"<!-- This site is optimized with the Yoast SEO plugin v27.3 - https:\/\/yoast.com\/product\/yoast-seo-wordpress\/ -->\n<title>MAILLOT UNISEX GOBIK MANGA LARGA 2023 - Caf\u00e9s Baqu\u00e9<\/title>\n<meta name=\"robots\" content=\"index, follow, max-snippet:-1, max-image-preview:large, max-video-preview:-1\" \/>\n<meta property=\"og:locale\" content=\"es_ES\" \/>\n<meta property=\"og:type\" content=\"article\" \/>\n<meta property=\"og:title\" content=\"MAILLOT UNISEX GOBIK MANGA LARGA 2023 - Caf\u00e9s Baqu\u00e9\" \/>\n<meta property=\"og:description\" content=\"Se trata de un maillot ultraligero y altamente transpirable. Su combinaci\u00f3n de 4 tejidos diferentes hacen del CX PRO una prenda t\u00e9cnicamente muy completa. Con un ajuste perfecto, est\u00e1 dise\u00f1ado para conseguir el m\u00e1ximo rendimiento aerodin\u00e1mico. Nueva cremallera invertida oculta para lograr un resultado de confecci\u00f3n m\u00e1s uniforme en el pecho. En la parte trasera [&hellip;]\" \/>\n<meta property=\"og:url\" content=\"https:\/\/www.baque.com\/es\/tienda\/maillot\/maillot-unisex-gobik-manga-larga-2023\/\" \/>\n<meta property=\"og:site_name\" content=\"Caf\u00e9s Baqu\u00e9\" \/>\n<meta property=\"article:modified_time\" content=\"2026-04-11T09:23:58+00:00\" \/>\n<meta property=\"og:image\" content=\"https:\/\/www.baque.com\/wp-content\/uploads\/2022\/12\/Maillot-largo-frontal.jpg\" \/>\n\t<meta property=\"og:image:width\" content=\"716\" \/>\n\t<meta property=\"og:image:height\" content=\"770\" \/>\n\t<meta property=\"og:image:type\" content=\"image\/jpeg\" \/>\n<meta name=\"twitter:card\" content=\"summary_large_image\" \/>\n<meta name=\"twitter:label1\" content=\"Tiempo de lectura\" \/>\n\t<meta name=\"twitter:data1\" content=\"1 minuto\" \/>\n<script type=\"application\/ld+json\" class=\"yoast-schema-graph\">{\"@context\":\"https:\\\/\\\/schema.org\",\"@graph\":[{\"@type\":\"WebPage\",\"@id\":\"https:\\\/\\\/www.baque.com\\\/es\\\/tienda\\\/maillot\\\/maillot-unisex-gobik-manga-larga-2023\\\/\",\"url\":\"https:\\\/\\\/www.baque.com\\\/es\\\/tienda\\\/maillot\\\/maillot-unisex-gobik-manga-larga-2023\\\/\",\"name\":\"MAILLOT UNISEX GOBIK MANGA LARGA 2023 - Caf\u00e9s Baqu\u00e9\",\"isPartOf\":{\"@id\":\"https:\\\/\\\/www.baque.com\\\/es\\\/#website\"},\"primaryImageOfPage\":{\"@id\":\"https:\\\/\\\/www.baque.com\\\/es\\\/tienda\\\/maillot\\\/maillot-unisex-gobik-manga-larga-2023\\\/#primaryimage\"},\"image\":{\"@id\":\"https:\\\/\\\/www.baque.com\\\/es\\\/tienda\\\/maillot\\\/maillot-unisex-gobik-manga-larga-2023\\\/#primaryimage\"},\"thumbnailUrl\":\"https:\\\/\\\/www.baque.com\\\/wp-content\\\/uploads\\\/2022\\\/12\\\/Maillot-largo-frontal.jpg\",\"datePublished\":\"2022-12-26T14:22:42+00:00\",\"dateModified\":\"2026-04-11T09:23:58+00:00\",\"breadcrumb\":{\"@id\":\"https:\\\/\\\/www.baque.com\\\/es\\\/tienda\\\/maillot\\\/maillot-unisex-gobik-manga-larga-2023\\\/#breadcrumb\"},\"inLanguage\":\"es\",\"potentialAction\":[{\"@type\":\"ReadAction\",\"target\":[\"https:\\\/\\\/www.baque.com\\\/es\\\/tienda\\\/maillot\\\/maillot-unisex-gobik-manga-larga-2023\\\/\"]}]},{\"@type\":\"ImageObject\",\"inLanguage\":\"es\",\"@id\":\"https:\\\/\\\/www.baque.com\\\/es\\\/tienda\\\/maillot\\\/maillot-unisex-gobik-manga-larga-2023\\\/#primaryimage\",\"url\":\"https:\\\/\\\/www.baque.com\\\/wp-content\\\/uploads\\\/2022\\\/12\\\/Maillot-largo-frontal.jpg\",\"contentUrl\":\"https:\\\/\\\/www.baque.com\\\/wp-content\\\/uploads\\\/2022\\\/12\\\/Maillot-largo-frontal.jpg\",\"width\":716,\"height\":770},{\"@type\":\"BreadcrumbList\",\"@id\":\"https:\\\/\\\/www.baque.com\\\/es\\\/tienda\\\/maillot\\\/maillot-unisex-gobik-manga-larga-2023\\\/#breadcrumb\",\"itemListElement\":[{\"@type\":\"ListItem\",\"position\":1,\"name\":\"Portada\",\"item\":\"https:\\\/\\\/www.baque.com\\\/es\\\/\"},{\"@type\":\"ListItem\",\"position\":2,\"name\":\"Tienda\",\"item\":\"https:\\\/\\\/www.baque.com\\\/es\\\/tienda\\\/\"},{\"@type\":\"ListItem\",\"position\":3,\"name\":\"MAILLOT UNISEX GOBIK MANGA LARGA 2023\"}]},{\"@type\":\"WebSite\",\"@id\":\"https:\\\/\\\/www.baque.com\\\/es\\\/#website\",\"url\":\"https:\\\/\\\/www.baque.com\\\/es\\\/\",\"name\":\"Caf\u00e9s Baqu\u00e9\",\"description\":\"Somos l\u00edderes en hosteler\u00eda en Pa\u00eds Vasco y La Rioja y una de las marcas m\u00e1s reconocidas en el mercado nacional. Somos una empresa familiar en constante innovaci\u00f3n en el producto. Tostamos y distribuimos caf\u00e9 molido, en grano y c\u00e1psulas para disfrutar en casa, en el bar y en la oficina.\",\"potentialAction\":[{\"@type\":\"SearchAction\",\"target\":{\"@type\":\"EntryPoint\",\"urlTemplate\":\"https:\\\/\\\/www.baque.com\\\/es\\\/?s={search_term_string}\"},\"query-input\":{\"@type\":\"PropertyValueSpecification\",\"valueRequired\":true,\"valueName\":\"search_term_string\"}}],\"inLanguage\":\"es\"}]}<\/script>\n<!-- \/ Yoast SEO plugin. -->","yoast_head_json":{"title":"MAILLOT UNISEX GOBIK MANGA LARGA 2023 - Caf\u00e9s Baqu\u00e9","robots":{"index":"index","follow":"follow","max-snippet":"max-snippet:-1","max-image-preview":"max-image-preview:large","max-video-preview":"max-video-preview:-1"},"og_locale":"es_ES","og_type":"article","og_title":"MAILLOT UNISEX GOBIK MANGA LARGA 2023 - Caf\u00e9s Baqu\u00e9","og_description":"Se trata de un maillot ultraligero y altamente transpirable. Su combinaci\u00f3n de 4 tejidos diferentes hacen del CX PRO una prenda t\u00e9cnicamente muy completa. Con un ajuste perfecto, est\u00e1 dise\u00f1ado para conseguir el m\u00e1ximo rendimiento aerodin\u00e1mico. Nueva cremallera invertida oculta para lograr un resultado de confecci\u00f3n m\u00e1s uniforme en el pecho. En la parte trasera [&hellip;]","og_url":"https:\/\/www.baque.com\/es\/tienda\/maillot\/maillot-unisex-gobik-manga-larga-2023\/","og_site_name":"Caf\u00e9s Baqu\u00e9","article_modified_time":"2026-04-11T09:23:58+00:00","og_image":[{"width":716,"height":770,"url":"https:\/\/www.baque.com\/wp-content\/uploads\/2022\/12\/Maillot-largo-frontal.jpg","type":"image\/jpeg"}],"twitter_card":"summary_large_image","twitter_misc":{"Tiempo de lectura":"1 minuto"},"schema":{"@context":"https:\/\/schema.org","@graph":[{"@type":"WebPage","@id":"https:\/\/www.baque.com\/es\/tienda\/maillot\/maillot-unisex-gobik-manga-larga-2023\/","url":"https:\/\/www.baque.com\/es\/tienda\/maillot\/maillot-unisex-gobik-manga-larga-2023\/","name":"MAILLOT UNISEX GOBIK MANGA LARGA 2023 - Caf\u00e9s Baqu\u00e9","isPartOf":{"@id":"https:\/\/www.baque.com\/es\/#website"},"primaryImageOfPage":{"@id":"https:\/\/www.baque.com\/es\/tienda\/maillot\/maillot-unisex-gobik-manga-larga-2023\/#primaryimage"},"image":{"@id":"https:\/\/www.baque.com\/es\/tienda\/maillot\/maillot-unisex-gobik-manga-larga-2023\/#primaryimage"},"thumbnailUrl":"https:\/\/www.baque.com\/wp-content\/uploads\/2022\/12\/Maillot-largo-frontal.jpg","datePublished":"2022-12-26T14:22:42+00:00","dateModified":"2026-04-11T09:23:58+00:00","breadcrumb":{"@id":"https:\/\/www.baque.com\/es\/tienda\/maillot\/maillot-unisex-gobik-manga-larga-2023\/#breadcrumb"},"inLanguage":"es","potentialAction":[{"@type":"ReadAction","target":["https:\/\/www.baque.com\/es\/tienda\/maillot\/maillot-unisex-gobik-manga-larga-2023\/"]}]},{"@type":"ImageObject","inLanguage":"es","@id":"https:\/\/www.baque.com\/es\/tienda\/maillot\/maillot-unisex-gobik-manga-larga-2023\/#primaryimage","url":"https:\/\/www.baque.com\/wp-content\/uploads\/2022\/12\/Maillot-largo-frontal.jpg","contentUrl":"https:\/\/www.baque.com\/wp-content\/uploads\/2022\/12\/Maillot-largo-frontal.jpg","width":716,"height":770},{"@type":"BreadcrumbList","@id":"https:\/\/www.baque.com\/es\/tienda\/maillot\/maillot-unisex-gobik-manga-larga-2023\/#breadcrumb","itemListElement":[{"@type":"ListItem","position":1,"name":"Portada","item":"https:\/\/www.baque.com\/es\/"},{"@type":"ListItem","position":2,"name":"Tienda","item":"https:\/\/www.baque.com\/es\/tienda\/"},{"@type":"ListItem","position":3,"name":"MAILLOT UNISEX GOBIK MANGA LARGA 2023"}]},{"@type":"WebSite","@id":"https:\/\/www.baque.com\/es\/#website","url":"https:\/\/www.baque.com\/es\/","name":"Caf\u00e9s Baqu\u00e9","description":"Somos l\u00edderes en hosteler\u00eda en Pa\u00eds Vasco y La Rioja y una de las marcas m\u00e1s reconocidas en el mercado nacional. Somos una empresa familiar en constante innovaci\u00f3n en el producto. Tostamos y distribuimos caf\u00e9 molido, en grano y c\u00e1psulas para disfrutar en casa, en el bar y en la oficina.","potentialAction":[{"@type":"SearchAction","target":{"@type":"EntryPoint","urlTemplate":"https:\/\/www.baque.com\/es\/?s={search_term_string}"},"query-input":{"@type":"PropertyValueSpecification","valueRequired":true,"valueName":"search_term_string"}}],"inLanguage":"es"}]}},"_links":{"self":[{"href":"https:\/\/www.baque.com\/es\/wp-json\/wp\/v2\/product\/1142633","targetHints":{"allow":["GET"]}}],"collection":[{"href":"https:\/\/www.baque.com\/es\/wp-json\/wp\/v2\/product"}],"about":[{"href":"https:\/\/www.baque.com\/es\/wp-json\/wp\/v2\/types\/product"}],"wp:featuredmedia":[{"embeddable":true,"href":"https:\/\/www.baque.com\/es\/wp-json\/wp\/v2\/media\/1138734"}],"wp:attachment":[{"href":"https:\/\/www.baque.com\/es\/wp-json\/wp\/v2\/media?parent=1142633"}],"wp:term":[{"taxonomy":"product_brand","embeddable":true,"href":"https:\/\/www.baque.com\/es\/wp-json\/wp\/v2\/product_brand?post=1142633"},{"taxonomy":"product_cat","embeddable":true,"href":"https:\/\/www.baque.com\/es\/wp-json\/wp\/v2\/product_cat?post=1142633"},{"taxonomy":"product_tag","embeddable":true,"href":"https:\/\/www.baque.com\/es\/wp-json\/wp\/v2\/product_tag?post=1142633"}],"curies":[{"name":"wp","href":"https:\/\/api.w.org\/{rel}","templated":true}]}}