
{"id":1142823,"date":"2022-12-26T16:32:38","date_gmt":"2022-12-26T15:32:38","guid":{"rendered":"https:\/\/www.baque.com\/?post_type=product&#038;p=1142823"},"modified":"2026-04-15T22:39:43","modified_gmt":"2026-04-15T20:39:43","slug":"chaleco-mujer-gobik-pro-2023","status":"publish","type":"product","link":"https:\/\/www.baque.com\/es\/tienda\/maillot\/chaleco-mujer-gobik-pro-2023\/","title":{"rendered":"CHALECO MUJER GOBIK PRO 2023"},"content":{"rendered":"<p>Complemento femenino ultraligero ideal para los maillots de manga larga.<\/p>\n<p>Pensado para facilitar tus movimientos sobre la bicicleta sin soltar el manillar. Su cremallera de doble cursor te permitir\u00e1 optimizar el flujo de aire y tu temperatura corporal. Tan ligero que podr\u00e1s plegarlo y guardarlo en su propio bolsillo interior -Gobik Pocket System-.<\/p>\n<p>Duradero, transpirable e ideal como complemento a maillots largos CX PRO.<\/p>\n<p><strong>\u00b7 Edici\u00f3n exclusiva:<\/strong> Producido por Gobik, modelo PLUS.<br \/>\n<strong>\u00b7 Propiedades:<\/strong> Windproof | Superlight<br \/>\n<strong>\u00b7 Rango de Uso:<\/strong> 10\u00baC a 18\u00baC<\/p>\n","protected":false},"excerpt":{"rendered":"<p>Complemento femenino ultraligero ideal para los maillots de manga larga. Pensado para facilitar tus movimientos sobre la bicicleta sin soltar el manillar. Su cremallera de doble cursor te permitir\u00e1 optimizar el flujo de aire y tu temperatura corporal. Tan ligero que podr\u00e1s plegarlo y guardarlo en su propio bolsillo interior -Gobik Pocket System-. Duradero, transpirable [&hellip;]<\/p>\n","protected":false},"featured_media":1142779,"template":"","meta":{"_acf_changed":false},"product_brand":[],"product_cat":[400],"product_tag":[],"class_list":{"0":"post-1142823","1":"product","2":"type-product","3":"status-publish","4":"has-post-thumbnail","6":"product_cat-maillot","8":"first","9":"instock","10":"sale","11":"taxable","12":"shipping-taxable","13":"purchasable","14":"product-type-variable"},"bundled_by":[],"bundle_stock_status":"instock","bundle_stock_quantity":null,"bundle_virtual":false,"bundle_layout":"","bundle_add_to_cart_form_location":"","bundle_editable_in_cart":false,"bundle_sold_individually_context":"","bundle_item_grouping":"","bundle_min_size":"","bundle_max_size":"","bundle_price":[],"bundled_items":[],"bundle_sell_ids":[],"acf":[],"yoast_head":"<!-- This site is optimized with the Yoast SEO plugin v27.3 - https:\/\/yoast.com\/product\/yoast-seo-wordpress\/ -->\n<title>CHALECO MUJER GOBIK PRO 2023 - Caf\u00e9s Baqu\u00e9<\/title>\n<meta name=\"robots\" content=\"index, follow, max-snippet:-1, max-image-preview:large, max-video-preview:-1\" \/>\n<meta property=\"og:locale\" content=\"es_ES\" \/>\n<meta property=\"og:type\" content=\"article\" \/>\n<meta property=\"og:title\" content=\"CHALECO MUJER GOBIK PRO 2023 - Caf\u00e9s Baqu\u00e9\" \/>\n<meta property=\"og:description\" content=\"Complemento femenino ultraligero ideal para los maillots de manga larga. Pensado para facilitar tus movimientos sobre la bicicleta sin soltar el manillar. Su cremallera de doble cursor te permitir\u00e1 optimizar el flujo de aire y tu temperatura corporal. Tan ligero que podr\u00e1s plegarlo y guardarlo en su propio bolsillo interior -Gobik Pocket System-. Duradero, transpirable [&hellip;]\" \/>\n<meta property=\"og:url\" content=\"https:\/\/www.baque.com\/es\/tienda\/maillot\/chaleco-mujer-gobik-pro-2023\/\" \/>\n<meta property=\"og:site_name\" content=\"Caf\u00e9s Baqu\u00e9\" \/>\n<meta property=\"article:modified_time\" content=\"2026-04-15T20:39:43+00:00\" \/>\n<meta property=\"og:image\" content=\"https:\/\/www.baque.com\/wp-content\/uploads\/2022\/12\/Chaleco-frontal.jpg\" \/>\n\t<meta property=\"og:image:width\" content=\"660\" \/>\n\t<meta property=\"og:image:height\" content=\"818\" \/>\n\t<meta property=\"og:image:type\" content=\"image\/jpeg\" \/>\n<meta name=\"twitter:card\" content=\"summary_large_image\" \/>\n<meta name=\"twitter:label1\" content=\"Tiempo de lectura\" \/>\n\t<meta name=\"twitter:data1\" content=\"1 minuto\" \/>\n<script type=\"application\/ld+json\" class=\"yoast-schema-graph\">{\"@context\":\"https:\\\/\\\/schema.org\",\"@graph\":[{\"@type\":\"WebPage\",\"@id\":\"https:\\\/\\\/www.baque.com\\\/es\\\/tienda\\\/maillot\\\/chaleco-mujer-gobik-pro-2023\\\/\",\"url\":\"https:\\\/\\\/www.baque.com\\\/es\\\/tienda\\\/maillot\\\/chaleco-mujer-gobik-pro-2023\\\/\",\"name\":\"CHALECO MUJER GOBIK PRO 2023 - Caf\u00e9s Baqu\u00e9\",\"isPartOf\":{\"@id\":\"https:\\\/\\\/www.baque.com\\\/es\\\/#website\"},\"primaryImageOfPage\":{\"@id\":\"https:\\\/\\\/www.baque.com\\\/es\\\/tienda\\\/maillot\\\/chaleco-mujer-gobik-pro-2023\\\/#primaryimage\"},\"image\":{\"@id\":\"https:\\\/\\\/www.baque.com\\\/es\\\/tienda\\\/maillot\\\/chaleco-mujer-gobik-pro-2023\\\/#primaryimage\"},\"thumbnailUrl\":\"https:\\\/\\\/www.baque.com\\\/wp-content\\\/uploads\\\/2022\\\/12\\\/Chaleco-frontal.jpg\",\"datePublished\":\"2022-12-26T15:32:38+00:00\",\"dateModified\":\"2026-04-15T20:39:43+00:00\",\"breadcrumb\":{\"@id\":\"https:\\\/\\\/www.baque.com\\\/es\\\/tienda\\\/maillot\\\/chaleco-mujer-gobik-pro-2023\\\/#breadcrumb\"},\"inLanguage\":\"es\",\"potentialAction\":[{\"@type\":\"ReadAction\",\"target\":[\"https:\\\/\\\/www.baque.com\\\/es\\\/tienda\\\/maillot\\\/chaleco-mujer-gobik-pro-2023\\\/\"]}]},{\"@type\":\"ImageObject\",\"inLanguage\":\"es\",\"@id\":\"https:\\\/\\\/www.baque.com\\\/es\\\/tienda\\\/maillot\\\/chaleco-mujer-gobik-pro-2023\\\/#primaryimage\",\"url\":\"https:\\\/\\\/www.baque.com\\\/wp-content\\\/uploads\\\/2022\\\/12\\\/Chaleco-frontal.jpg\",\"contentUrl\":\"https:\\\/\\\/www.baque.com\\\/wp-content\\\/uploads\\\/2022\\\/12\\\/Chaleco-frontal.jpg\",\"width\":660,\"height\":818},{\"@type\":\"BreadcrumbList\",\"@id\":\"https:\\\/\\\/www.baque.com\\\/es\\\/tienda\\\/maillot\\\/chaleco-mujer-gobik-pro-2023\\\/#breadcrumb\",\"itemListElement\":[{\"@type\":\"ListItem\",\"position\":1,\"name\":\"Portada\",\"item\":\"https:\\\/\\\/www.baque.com\\\/es\\\/\"},{\"@type\":\"ListItem\",\"position\":2,\"name\":\"Tienda\",\"item\":\"https:\\\/\\\/www.baque.com\\\/es\\\/tienda\\\/\"},{\"@type\":\"ListItem\",\"position\":3,\"name\":\"CHALECO MUJER GOBIK PRO 2023\"}]},{\"@type\":\"WebSite\",\"@id\":\"https:\\\/\\\/www.baque.com\\\/es\\\/#website\",\"url\":\"https:\\\/\\\/www.baque.com\\\/es\\\/\",\"name\":\"Caf\u00e9s Baqu\u00e9\",\"description\":\"Somos l\u00edderes en hosteler\u00eda en Pa\u00eds Vasco y La Rioja y una de las marcas m\u00e1s reconocidas en el mercado nacional. Somos una empresa familiar en constante innovaci\u00f3n en el producto. Tostamos y distribuimos caf\u00e9 molido, en grano y c\u00e1psulas para disfrutar en casa, en el bar y en la oficina.\",\"potentialAction\":[{\"@type\":\"SearchAction\",\"target\":{\"@type\":\"EntryPoint\",\"urlTemplate\":\"https:\\\/\\\/www.baque.com\\\/es\\\/?s={search_term_string}\"},\"query-input\":{\"@type\":\"PropertyValueSpecification\",\"valueRequired\":true,\"valueName\":\"search_term_string\"}}],\"inLanguage\":\"es\"}]}<\/script>\n<!-- \/ Yoast SEO plugin. -->","yoast_head_json":{"title":"CHALECO MUJER GOBIK PRO 2023 - Caf\u00e9s Baqu\u00e9","robots":{"index":"index","follow":"follow","max-snippet":"max-snippet:-1","max-image-preview":"max-image-preview:large","max-video-preview":"max-video-preview:-1"},"og_locale":"es_ES","og_type":"article","og_title":"CHALECO MUJER GOBIK PRO 2023 - Caf\u00e9s Baqu\u00e9","og_description":"Complemento femenino ultraligero ideal para los maillots de manga larga. Pensado para facilitar tus movimientos sobre la bicicleta sin soltar el manillar. Su cremallera de doble cursor te permitir\u00e1 optimizar el flujo de aire y tu temperatura corporal. Tan ligero que podr\u00e1s plegarlo y guardarlo en su propio bolsillo interior -Gobik Pocket System-. Duradero, transpirable [&hellip;]","og_url":"https:\/\/www.baque.com\/es\/tienda\/maillot\/chaleco-mujer-gobik-pro-2023\/","og_site_name":"Caf\u00e9s Baqu\u00e9","article_modified_time":"2026-04-15T20:39:43+00:00","og_image":[{"width":660,"height":818,"url":"https:\/\/www.baque.com\/wp-content\/uploads\/2022\/12\/Chaleco-frontal.jpg","type":"image\/jpeg"}],"twitter_card":"summary_large_image","twitter_misc":{"Tiempo de lectura":"1 minuto"},"schema":{"@context":"https:\/\/schema.org","@graph":[{"@type":"WebPage","@id":"https:\/\/www.baque.com\/es\/tienda\/maillot\/chaleco-mujer-gobik-pro-2023\/","url":"https:\/\/www.baque.com\/es\/tienda\/maillot\/chaleco-mujer-gobik-pro-2023\/","name":"CHALECO MUJER GOBIK PRO 2023 - Caf\u00e9s Baqu\u00e9","isPartOf":{"@id":"https:\/\/www.baque.com\/es\/#website"},"primaryImageOfPage":{"@id":"https:\/\/www.baque.com\/es\/tienda\/maillot\/chaleco-mujer-gobik-pro-2023\/#primaryimage"},"image":{"@id":"https:\/\/www.baque.com\/es\/tienda\/maillot\/chaleco-mujer-gobik-pro-2023\/#primaryimage"},"thumbnailUrl":"https:\/\/www.baque.com\/wp-content\/uploads\/2022\/12\/Chaleco-frontal.jpg","datePublished":"2022-12-26T15:32:38+00:00","dateModified":"2026-04-15T20:39:43+00:00","breadcrumb":{"@id":"https:\/\/www.baque.com\/es\/tienda\/maillot\/chaleco-mujer-gobik-pro-2023\/#breadcrumb"},"inLanguage":"es","potentialAction":[{"@type":"ReadAction","target":["https:\/\/www.baque.com\/es\/tienda\/maillot\/chaleco-mujer-gobik-pro-2023\/"]}]},{"@type":"ImageObject","inLanguage":"es","@id":"https:\/\/www.baque.com\/es\/tienda\/maillot\/chaleco-mujer-gobik-pro-2023\/#primaryimage","url":"https:\/\/www.baque.com\/wp-content\/uploads\/2022\/12\/Chaleco-frontal.jpg","contentUrl":"https:\/\/www.baque.com\/wp-content\/uploads\/2022\/12\/Chaleco-frontal.jpg","width":660,"height":818},{"@type":"BreadcrumbList","@id":"https:\/\/www.baque.com\/es\/tienda\/maillot\/chaleco-mujer-gobik-pro-2023\/#breadcrumb","itemListElement":[{"@type":"ListItem","position":1,"name":"Portada","item":"https:\/\/www.baque.com\/es\/"},{"@type":"ListItem","position":2,"name":"Tienda","item":"https:\/\/www.baque.com\/es\/tienda\/"},{"@type":"ListItem","position":3,"name":"CHALECO MUJER GOBIK PRO 2023"}]},{"@type":"WebSite","@id":"https:\/\/www.baque.com\/es\/#website","url":"https:\/\/www.baque.com\/es\/","name":"Caf\u00e9s Baqu\u00e9","description":"Somos l\u00edderes en hosteler\u00eda en Pa\u00eds Vasco y La Rioja y una de las marcas m\u00e1s reconocidas en el mercado nacional. Somos una empresa familiar en constante innovaci\u00f3n en el producto. Tostamos y distribuimos caf\u00e9 molido, en grano y c\u00e1psulas para disfrutar en casa, en el bar y en la oficina.","potentialAction":[{"@type":"SearchAction","target":{"@type":"EntryPoint","urlTemplate":"https:\/\/www.baque.com\/es\/?s={search_term_string}"},"query-input":{"@type":"PropertyValueSpecification","valueRequired":true,"valueName":"search_term_string"}}],"inLanguage":"es"}]}},"_links":{"self":[{"href":"https:\/\/www.baque.com\/es\/wp-json\/wp\/v2\/product\/1142823","targetHints":{"allow":["GET"]}}],"collection":[{"href":"https:\/\/www.baque.com\/es\/wp-json\/wp\/v2\/product"}],"about":[{"href":"https:\/\/www.baque.com\/es\/wp-json\/wp\/v2\/types\/product"}],"wp:featuredmedia":[{"embeddable":true,"href":"https:\/\/www.baque.com\/es\/wp-json\/wp\/v2\/media\/1142779"}],"wp:attachment":[{"href":"https:\/\/www.baque.com\/es\/wp-json\/wp\/v2\/media?parent=1142823"}],"wp:term":[{"taxonomy":"product_brand","embeddable":true,"href":"https:\/\/www.baque.com\/es\/wp-json\/wp\/v2\/product_brand?post=1142823"},{"taxonomy":"product_cat","embeddable":true,"href":"https:\/\/www.baque.com\/es\/wp-json\/wp\/v2\/product_cat?post=1142823"},{"taxonomy":"product_tag","embeddable":true,"href":"https:\/\/www.baque.com\/es\/wp-json\/wp\/v2\/product_tag?post=1142823"}],"curies":[{"name":"wp","href":"https:\/\/api.w.org\/{rel}","templated":true}]}}