
{"id":12965,"date":"2020-02-03T11:54:20","date_gmt":"2020-02-03T09:54:20","guid":{"rendered":"https:\/\/www.baque.com\/?post_type=product&#038;p=12965"},"modified":"2026-05-04T23:52:22","modified_gmt":"2026-05-04T21:52:22","slug":"ice-tea-te-negro-sabor-limon-20-sobres","status":"publish","type":"product","link":"https:\/\/www.baque.com\/es\/tienda\/bebidas-verano\/ice-tea-te-negro-sabor-limon-20-sobres\/","title":{"rendered":"Ice Tea, T\u00e9 Negro sabor Lim\u00f3n, 20 sobres"},"content":{"rendered":"<p>D\u00e9jate sorprender por nuestras variedades de t\u00e9s e infusiones en fr\u00edo. El aroma del t\u00e9 negro se une al fresco sabor del zumo de lim\u00f3n para lograr una bebida delicada y refrescante. Un t\u00e9 sabroso para combatir el calor y rehidratar el organismo.<\/p>\n<p>&nbsp;<\/p>\n<h3>Peso\/Cantidad<\/h3>\n<p>20 bolsitas de 3 gr.<\/p>\n<h3>Ingredientes<\/h3>\n<p>Maltodextrina, acidulante (\u00e1cido c\u00edtrico), extracto de t\u00e9 negro (Camellia sinensis L.), colorante caramelo natural, zumo de lim\u00f3n en polvo, edulcorantes (sucralosa y gluc\u00f3sidos de esteviol), aroma, vitamina C, antiaglomerante (E551).<\/p>\n<h3>Al\u00e9rgenos<\/h3>\n<p>No consumir en caso de alergia a alguno de los ingredientes declarados.<\/p>\n<h3>Condiciones de uso\/conservaci\u00f3n<\/h3>\n<p>Conservar en lugar fresco y seco<\/p>\n<h3>Fecha de caducidad<\/h3>\n<p>36 meses<\/p>\n<h3>Un consejo<\/h3>\n<p>Disolver 3 g en 250 ml de agua y remover hasta la completa disoluci\u00f3n.<\/p>\n<p>Servir en una copa alta o baso de tubo con hielo pil\u00e9.<\/p>\n","protected":false},"excerpt":{"rendered":"<p>D\u00e9jate sorprender por nuestras variedades de t\u00e9s e infusiones en fr\u00edo. El aroma del t\u00e9 negro se une al fresco sabor del zumo de lim\u00f3n para lograr una bebida delicada y refrescante. Un t\u00e9 sabroso para combatir el calor y rehidratar el organismo. &nbsp; Peso\/Cantidad 20 bolsitas de 3 gr. Ingredientes Maltodextrina, acidulante (\u00e1cido c\u00edtrico), [&hellip;]<\/p>\n","protected":false},"featured_media":12966,"template":"","meta":{"_acf_changed":false},"product_brand":[],"product_cat":[118],"product_tag":[225,261,410],"class_list":{"0":"post-12965","1":"product","2":"type-product","3":"status-publish","4":"has-post-thumbnail","6":"product_cat-bebidas-verano","7":"product_tag-ice-tea","8":"product_tag-limon","9":"product_tag-te-negro","11":"first","12":"instock","13":"taxable","14":"shipping-taxable","15":"purchasable","16":"product-type-simple"},"bundled_by":[],"bundle_stock_status":"instock","bundle_stock_quantity":471,"bundle_virtual":false,"bundle_layout":"","bundle_add_to_cart_form_location":"","bundle_editable_in_cart":false,"bundle_sold_individually_context":"","bundle_item_grouping":"","bundle_min_size":"","bundle_max_size":"","bundle_price":[],"bundled_items":[],"bundle_sell_ids":[],"acf":[],"yoast_head":"<!-- This site is optimized with the Yoast SEO plugin v27.3 - https:\/\/yoast.com\/product\/yoast-seo-wordpress\/ -->\n<title>Ice Tea, T\u00e9 Negro sabor Lim\u00f3n, 20 sobres - Caf\u00e9s Baqu\u00e9<\/title>\n<meta name=\"robots\" content=\"index, follow, max-snippet:-1, max-image-preview:large, max-video-preview:-1\" \/>\n<meta property=\"og:locale\" content=\"es_ES\" \/>\n<meta property=\"og:type\" content=\"article\" \/>\n<meta property=\"og:title\" content=\"Ice Tea, T\u00e9 Negro sabor Lim\u00f3n, 20 sobres - Caf\u00e9s Baqu\u00e9\" \/>\n<meta property=\"og:description\" content=\"D\u00e9jate sorprender por nuestras variedades de t\u00e9s e infusiones en fr\u00edo. El aroma del t\u00e9 negro se une al fresco sabor del zumo de lim\u00f3n para lograr una bebida delicada y refrescante. Un t\u00e9 sabroso para combatir el calor y rehidratar el organismo. &nbsp; Peso\/Cantidad 20 bolsitas de 3 gr. Ingredientes Maltodextrina, acidulante (\u00e1cido c\u00edtrico), [&hellip;]\" \/>\n<meta property=\"og:url\" content=\"https:\/\/www.baque.com\/es\/tienda\/bebidas-verano\/ice-tea-te-negro-sabor-limon-20-sobres\/\" \/>\n<meta property=\"og:site_name\" content=\"Caf\u00e9s Baqu\u00e9\" \/>\n<meta property=\"article:modified_time\" content=\"2026-05-04T21:52:22+00:00\" \/>\n<meta property=\"og:image\" content=\"https:\/\/www.baque.com\/wp-content\/uploads\/2020\/02\/Ice-Tea_T\u00e9-negro_lim\u00f3n.jpg\" \/>\n\t<meta property=\"og:image:width\" content=\"284\" \/>\n\t<meta property=\"og:image:height\" content=\"331\" \/>\n\t<meta property=\"og:image:type\" content=\"image\/jpeg\" \/>\n<meta name=\"twitter:card\" content=\"summary_large_image\" \/>\n<meta name=\"twitter:label1\" content=\"Tiempo de lectura\" \/>\n\t<meta name=\"twitter:data1\" content=\"1 minuto\" \/>\n<script type=\"application\/ld+json\" class=\"yoast-schema-graph\">{\"@context\":\"https:\\\/\\\/schema.org\",\"@graph\":[{\"@type\":\"WebPage\",\"@id\":\"https:\\\/\\\/www.baque.com\\\/es\\\/tienda\\\/bebidas-verano\\\/ice-tea-te-negro-sabor-limon-20-sobres\\\/\",\"url\":\"https:\\\/\\\/www.baque.com\\\/es\\\/tienda\\\/bebidas-verano\\\/ice-tea-te-negro-sabor-limon-20-sobres\\\/\",\"name\":\"Ice Tea, T\u00e9 Negro sabor Lim\u00f3n, 20 sobres - Caf\u00e9s Baqu\u00e9\",\"isPartOf\":{\"@id\":\"https:\\\/\\\/www.baque.com\\\/es\\\/#website\"},\"primaryImageOfPage\":{\"@id\":\"https:\\\/\\\/www.baque.com\\\/es\\\/tienda\\\/bebidas-verano\\\/ice-tea-te-negro-sabor-limon-20-sobres\\\/#primaryimage\"},\"image\":{\"@id\":\"https:\\\/\\\/www.baque.com\\\/es\\\/tienda\\\/bebidas-verano\\\/ice-tea-te-negro-sabor-limon-20-sobres\\\/#primaryimage\"},\"thumbnailUrl\":\"https:\\\/\\\/www.baque.com\\\/wp-content\\\/uploads\\\/2020\\\/02\\\/Ice-Tea_T\u00e9-negro_lim\u00f3n.jpg\",\"datePublished\":\"2020-02-03T09:54:20+00:00\",\"dateModified\":\"2026-05-04T21:52:22+00:00\",\"breadcrumb\":{\"@id\":\"https:\\\/\\\/www.baque.com\\\/es\\\/tienda\\\/bebidas-verano\\\/ice-tea-te-negro-sabor-limon-20-sobres\\\/#breadcrumb\"},\"inLanguage\":\"es\",\"potentialAction\":[{\"@type\":\"ReadAction\",\"target\":[\"https:\\\/\\\/www.baque.com\\\/es\\\/tienda\\\/bebidas-verano\\\/ice-tea-te-negro-sabor-limon-20-sobres\\\/\"]}]},{\"@type\":\"ImageObject\",\"inLanguage\":\"es\",\"@id\":\"https:\\\/\\\/www.baque.com\\\/es\\\/tienda\\\/bebidas-verano\\\/ice-tea-te-negro-sabor-limon-20-sobres\\\/#primaryimage\",\"url\":\"https:\\\/\\\/www.baque.com\\\/wp-content\\\/uploads\\\/2020\\\/02\\\/Ice-Tea_T\u00e9-negro_lim\u00f3n.jpg\",\"contentUrl\":\"https:\\\/\\\/www.baque.com\\\/wp-content\\\/uploads\\\/2020\\\/02\\\/Ice-Tea_T\u00e9-negro_lim\u00f3n.jpg\",\"width\":284,\"height\":331},{\"@type\":\"BreadcrumbList\",\"@id\":\"https:\\\/\\\/www.baque.com\\\/es\\\/tienda\\\/bebidas-verano\\\/ice-tea-te-negro-sabor-limon-20-sobres\\\/#breadcrumb\",\"itemListElement\":[{\"@type\":\"ListItem\",\"position\":1,\"name\":\"Portada\",\"item\":\"https:\\\/\\\/www.baque.com\\\/es\\\/\"},{\"@type\":\"ListItem\",\"position\":2,\"name\":\"Tienda\",\"item\":\"https:\\\/\\\/www.baque.com\\\/es\\\/tienda\\\/\"},{\"@type\":\"ListItem\",\"position\":3,\"name\":\"Ice Tea, T\u00e9 Negro sabor Lim\u00f3n, 20 sobres\"}]},{\"@type\":\"WebSite\",\"@id\":\"https:\\\/\\\/www.baque.com\\\/es\\\/#website\",\"url\":\"https:\\\/\\\/www.baque.com\\\/es\\\/\",\"name\":\"Caf\u00e9s Baqu\u00e9\",\"description\":\"Somos l\u00edderes en hosteler\u00eda en Pa\u00eds Vasco y La Rioja y una de las marcas m\u00e1s reconocidas en el mercado nacional. Somos una empresa familiar en constante innovaci\u00f3n en el producto. Tostamos y distribuimos caf\u00e9 molido, en grano y c\u00e1psulas para disfrutar en casa, en el bar y en la oficina.\",\"potentialAction\":[{\"@type\":\"SearchAction\",\"target\":{\"@type\":\"EntryPoint\",\"urlTemplate\":\"https:\\\/\\\/www.baque.com\\\/es\\\/?s={search_term_string}\"},\"query-input\":{\"@type\":\"PropertyValueSpecification\",\"valueRequired\":true,\"valueName\":\"search_term_string\"}}],\"inLanguage\":\"es\"}]}<\/script>\n<!-- \/ Yoast SEO plugin. -->","yoast_head_json":{"title":"Ice Tea, T\u00e9 Negro sabor Lim\u00f3n, 20 sobres - Caf\u00e9s Baqu\u00e9","robots":{"index":"index","follow":"follow","max-snippet":"max-snippet:-1","max-image-preview":"max-image-preview:large","max-video-preview":"max-video-preview:-1"},"og_locale":"es_ES","og_type":"article","og_title":"Ice Tea, T\u00e9 Negro sabor Lim\u00f3n, 20 sobres - Caf\u00e9s Baqu\u00e9","og_description":"D\u00e9jate sorprender por nuestras variedades de t\u00e9s e infusiones en fr\u00edo. El aroma del t\u00e9 negro se une al fresco sabor del zumo de lim\u00f3n para lograr una bebida delicada y refrescante. Un t\u00e9 sabroso para combatir el calor y rehidratar el organismo. &nbsp; Peso\/Cantidad 20 bolsitas de 3 gr. Ingredientes Maltodextrina, acidulante (\u00e1cido c\u00edtrico), [&hellip;]","og_url":"https:\/\/www.baque.com\/es\/tienda\/bebidas-verano\/ice-tea-te-negro-sabor-limon-20-sobres\/","og_site_name":"Caf\u00e9s Baqu\u00e9","article_modified_time":"2026-05-04T21:52:22+00:00","og_image":[{"width":284,"height":331,"url":"https:\/\/www.baque.com\/wp-content\/uploads\/2020\/02\/Ice-Tea_T\u00e9-negro_lim\u00f3n.jpg","type":"image\/jpeg"}],"twitter_card":"summary_large_image","twitter_misc":{"Tiempo de lectura":"1 minuto"},"schema":{"@context":"https:\/\/schema.org","@graph":[{"@type":"WebPage","@id":"https:\/\/www.baque.com\/es\/tienda\/bebidas-verano\/ice-tea-te-negro-sabor-limon-20-sobres\/","url":"https:\/\/www.baque.com\/es\/tienda\/bebidas-verano\/ice-tea-te-negro-sabor-limon-20-sobres\/","name":"Ice Tea, T\u00e9 Negro sabor Lim\u00f3n, 20 sobres - Caf\u00e9s Baqu\u00e9","isPartOf":{"@id":"https:\/\/www.baque.com\/es\/#website"},"primaryImageOfPage":{"@id":"https:\/\/www.baque.com\/es\/tienda\/bebidas-verano\/ice-tea-te-negro-sabor-limon-20-sobres\/#primaryimage"},"image":{"@id":"https:\/\/www.baque.com\/es\/tienda\/bebidas-verano\/ice-tea-te-negro-sabor-limon-20-sobres\/#primaryimage"},"thumbnailUrl":"https:\/\/www.baque.com\/wp-content\/uploads\/2020\/02\/Ice-Tea_T\u00e9-negro_lim\u00f3n.jpg","datePublished":"2020-02-03T09:54:20+00:00","dateModified":"2026-05-04T21:52:22+00:00","breadcrumb":{"@id":"https:\/\/www.baque.com\/es\/tienda\/bebidas-verano\/ice-tea-te-negro-sabor-limon-20-sobres\/#breadcrumb"},"inLanguage":"es","potentialAction":[{"@type":"ReadAction","target":["https:\/\/www.baque.com\/es\/tienda\/bebidas-verano\/ice-tea-te-negro-sabor-limon-20-sobres\/"]}]},{"@type":"ImageObject","inLanguage":"es","@id":"https:\/\/www.baque.com\/es\/tienda\/bebidas-verano\/ice-tea-te-negro-sabor-limon-20-sobres\/#primaryimage","url":"https:\/\/www.baque.com\/wp-content\/uploads\/2020\/02\/Ice-Tea_T\u00e9-negro_lim\u00f3n.jpg","contentUrl":"https:\/\/www.baque.com\/wp-content\/uploads\/2020\/02\/Ice-Tea_T\u00e9-negro_lim\u00f3n.jpg","width":284,"height":331},{"@type":"BreadcrumbList","@id":"https:\/\/www.baque.com\/es\/tienda\/bebidas-verano\/ice-tea-te-negro-sabor-limon-20-sobres\/#breadcrumb","itemListElement":[{"@type":"ListItem","position":1,"name":"Portada","item":"https:\/\/www.baque.com\/es\/"},{"@type":"ListItem","position":2,"name":"Tienda","item":"https:\/\/www.baque.com\/es\/tienda\/"},{"@type":"ListItem","position":3,"name":"Ice Tea, T\u00e9 Negro sabor Lim\u00f3n, 20 sobres"}]},{"@type":"WebSite","@id":"https:\/\/www.baque.com\/es\/#website","url":"https:\/\/www.baque.com\/es\/","name":"Caf\u00e9s Baqu\u00e9","description":"Somos l\u00edderes en hosteler\u00eda en Pa\u00eds Vasco y La Rioja y una de las marcas m\u00e1s reconocidas en el mercado nacional. Somos una empresa familiar en constante innovaci\u00f3n en el producto. Tostamos y distribuimos caf\u00e9 molido, en grano y c\u00e1psulas para disfrutar en casa, en el bar y en la oficina.","potentialAction":[{"@type":"SearchAction","target":{"@type":"EntryPoint","urlTemplate":"https:\/\/www.baque.com\/es\/?s={search_term_string}"},"query-input":{"@type":"PropertyValueSpecification","valueRequired":true,"valueName":"search_term_string"}}],"inLanguage":"es"}]}},"_links":{"self":[{"href":"https:\/\/www.baque.com\/es\/wp-json\/wp\/v2\/product\/12965","targetHints":{"allow":["GET"]}}],"collection":[{"href":"https:\/\/www.baque.com\/es\/wp-json\/wp\/v2\/product"}],"about":[{"href":"https:\/\/www.baque.com\/es\/wp-json\/wp\/v2\/types\/product"}],"wp:featuredmedia":[{"embeddable":true,"href":"https:\/\/www.baque.com\/es\/wp-json\/wp\/v2\/media\/12966"}],"wp:attachment":[{"href":"https:\/\/www.baque.com\/es\/wp-json\/wp\/v2\/media?parent=12965"}],"wp:term":[{"taxonomy":"product_brand","embeddable":true,"href":"https:\/\/www.baque.com\/es\/wp-json\/wp\/v2\/product_brand?post=12965"},{"taxonomy":"product_cat","embeddable":true,"href":"https:\/\/www.baque.com\/es\/wp-json\/wp\/v2\/product_cat?post=12965"},{"taxonomy":"product_tag","embeddable":true,"href":"https:\/\/www.baque.com\/es\/wp-json\/wp\/v2\/product_tag?post=12965"}],"curies":[{"name":"wp","href":"https:\/\/api.w.org\/{rel}","templated":true}]}}