
{"id":1346697,"date":"2023-03-27T11:53:16","date_gmt":"2023-03-27T09:53:16","guid":{"rendered":"https:\/\/www.baque.com\/?post_type=product&#038;p=1346697"},"modified":"2026-04-20T15:37:32","modified_gmt":"2026-04-20T13:37:32","slug":"cafetera-de-grano-superautomatica-cecotec-2","status":"publish","type":"product","link":"https:\/\/www.baque.com\/es\/tienda\/cafeteras-accesorios\/cafeteras-superautomaticas\/cafetera-de-grano-superautomatica-cecotec-2\/","title":{"rendered":"Cafetera de Grano Superautom\u00e1tica Cecotec"},"content":{"rendered":"<p><strong>\u00bfEres una empresa o aut\u00f3nom@? Configura tu oferta\u00a0<a href=\"https:\/\/www.baque.com\/es\/oficina-cecotec\/\">AQU\u00cd.<\/a><\/strong><\/p>\n<p>Cecotec cafetera megautom\u00e1tica Power Matic-ccino Vaporissima para los amantes del caf\u00e9 reci\u00e9n molido. Disfruta de espressos y cappuccinos. Dispone de un sistema de r\u00e1pido calentamiento por thermoblock, 19 bares, ModoAuto para 1 y 2 caf\u00e9s y vaporizador orientable.<\/p>\n<p>\u25cf Cafetera megautom\u00e1tica y compacta con molino integrado.<br \/>\n\u25cf Dep\u00f3sito herm\u00e9tico de 150gr. de caf\u00e9 en grano.<br \/>\n\u25cf Dep\u00f3sito independiente de caf\u00e9 molido para el descafeinado.<br \/>\n\u25cf Vaporizador de leche y agua caliente para infusiones.<br \/>\n\u25cf Dep\u00f3sito de agua extra\u00edble con 1,2 litros de capacidad.<br \/>\n\u25cf Permite hacer todo tipo de caf\u00e9s con una potencia m\u00e1xima de 1470W y 19 bares de presi\u00f3n.<br \/>\n\u25cf Sistema de ahorro energ\u00e9tico con apagado autom\u00e1tico y stand-by.<br \/>\n\u25cf Salida para el caf\u00e9 regulable en altura hasta 15 cm para adaptarse tanto a las tazas de espresso, como a las tazas de desayuno.<\/p>\n","protected":false},"excerpt":{"rendered":"<p>CECOTEC POWER MATIC-CCINO VAPORISSIMA<\/p>\n","protected":false},"featured_media":1346706,"template":"","meta":{"_acf_changed":false},"product_brand":[],"product_cat":[563],"product_tag":[475,163,169,485,476],"class_list":{"0":"post-1346697","1":"product","2":"type-product","3":"status-publish","4":"has-post-thumbnail","6":"product_cat-cafeteras-superautomaticas","7":"product_tag-cafetera","8":"product_tag-capsulas","9":"product_tag-nespresso","10":"product_tag-scishare","11":"product_tag-xiaomi","13":"first","14":"outofstock","15":"taxable","16":"shipping-taxable","17":"purchasable","18":"product-type-simple"},"bundled_by":[],"bundle_stock_status":"outofstock","bundle_stock_quantity":0,"bundle_virtual":false,"bundle_layout":"","bundle_add_to_cart_form_location":"","bundle_editable_in_cart":false,"bundle_sold_individually_context":"","bundle_item_grouping":"","bundle_min_size":"","bundle_max_size":"","bundle_price":[],"bundled_items":[],"bundle_sell_ids":[],"acf":[],"yoast_head":"<!-- This site is optimized with the Yoast SEO plugin v27.3 - https:\/\/yoast.com\/product\/yoast-seo-wordpress\/ -->\n<title>Cafetera de Grano Superautom\u00e1tica Cecotec - Caf\u00e9s Baqu\u00e9<\/title>\n<meta name=\"robots\" content=\"index, follow, max-snippet:-1, max-image-preview:large, max-video-preview:-1\" \/>\n<meta property=\"og:locale\" content=\"es_ES\" \/>\n<meta property=\"og:type\" content=\"article\" \/>\n<meta property=\"og:title\" content=\"Cafetera de Grano Superautom\u00e1tica Cecotec - Caf\u00e9s Baqu\u00e9\" \/>\n<meta property=\"og:description\" content=\"CECOTEC POWER MATIC-CCINO VAPORISSIMA\" \/>\n<meta property=\"og:url\" content=\"https:\/\/www.baque.com\/es\/tienda\/cafeteras-accesorios\/cafeteras-superautomaticas\/cafetera-de-grano-superautomatica-cecotec-2\/\" \/>\n<meta property=\"og:site_name\" content=\"Caf\u00e9s Baqu\u00e9\" \/>\n<meta property=\"article:modified_time\" content=\"2026-04-20T13:37:32+00:00\" \/>\n<meta property=\"og:image\" content=\"https:\/\/www.baque.com\/wp-content\/uploads\/2023\/03\/Baque-cecotect_-1085-scaled.jpg\" \/>\n\t<meta property=\"og:image:width\" content=\"2560\" \/>\n\t<meta property=\"og:image:height\" content=\"2527\" \/>\n\t<meta property=\"og:image:type\" content=\"image\/jpeg\" \/>\n<meta name=\"twitter:card\" content=\"summary_large_image\" \/>\n<meta name=\"twitter:label1\" content=\"Tiempo de lectura\" \/>\n\t<meta name=\"twitter:data1\" content=\"1 minuto\" \/>\n<script type=\"application\/ld+json\" class=\"yoast-schema-graph\">{\"@context\":\"https:\\\/\\\/schema.org\",\"@graph\":[{\"@type\":\"WebPage\",\"@id\":\"https:\\\/\\\/www.baque.com\\\/es\\\/tienda\\\/cafeteras-accesorios\\\/cafeteras-superautomaticas\\\/cafetera-de-grano-superautomatica-cecotec-2\\\/\",\"url\":\"https:\\\/\\\/www.baque.com\\\/es\\\/tienda\\\/cafeteras-accesorios\\\/cafeteras-superautomaticas\\\/cafetera-de-grano-superautomatica-cecotec-2\\\/\",\"name\":\"Cafetera de Grano Superautom\u00e1tica Cecotec - Caf\u00e9s Baqu\u00e9\",\"isPartOf\":{\"@id\":\"https:\\\/\\\/www.baque.com\\\/es\\\/#website\"},\"primaryImageOfPage\":{\"@id\":\"https:\\\/\\\/www.baque.com\\\/es\\\/tienda\\\/cafeteras-accesorios\\\/cafeteras-superautomaticas\\\/cafetera-de-grano-superautomatica-cecotec-2\\\/#primaryimage\"},\"image\":{\"@id\":\"https:\\\/\\\/www.baque.com\\\/es\\\/tienda\\\/cafeteras-accesorios\\\/cafeteras-superautomaticas\\\/cafetera-de-grano-superautomatica-cecotec-2\\\/#primaryimage\"},\"thumbnailUrl\":\"https:\\\/\\\/www.baque.com\\\/wp-content\\\/uploads\\\/2023\\\/03\\\/Baque-cecotect_-1085-scaled.jpg\",\"datePublished\":\"2023-03-27T09:53:16+00:00\",\"dateModified\":\"2026-04-20T13:37:32+00:00\",\"breadcrumb\":{\"@id\":\"https:\\\/\\\/www.baque.com\\\/es\\\/tienda\\\/cafeteras-accesorios\\\/cafeteras-superautomaticas\\\/cafetera-de-grano-superautomatica-cecotec-2\\\/#breadcrumb\"},\"inLanguage\":\"es\",\"potentialAction\":[{\"@type\":\"ReadAction\",\"target\":[\"https:\\\/\\\/www.baque.com\\\/es\\\/tienda\\\/cafeteras-accesorios\\\/cafeteras-superautomaticas\\\/cafetera-de-grano-superautomatica-cecotec-2\\\/\"]}]},{\"@type\":\"ImageObject\",\"inLanguage\":\"es\",\"@id\":\"https:\\\/\\\/www.baque.com\\\/es\\\/tienda\\\/cafeteras-accesorios\\\/cafeteras-superautomaticas\\\/cafetera-de-grano-superautomatica-cecotec-2\\\/#primaryimage\",\"url\":\"https:\\\/\\\/www.baque.com\\\/wp-content\\\/uploads\\\/2023\\\/03\\\/Baque-cecotect_-1085-scaled.jpg\",\"contentUrl\":\"https:\\\/\\\/www.baque.com\\\/wp-content\\\/uploads\\\/2023\\\/03\\\/Baque-cecotect_-1085-scaled.jpg\",\"width\":2560,\"height\":2527},{\"@type\":\"BreadcrumbList\",\"@id\":\"https:\\\/\\\/www.baque.com\\\/es\\\/tienda\\\/cafeteras-accesorios\\\/cafeteras-superautomaticas\\\/cafetera-de-grano-superautomatica-cecotec-2\\\/#breadcrumb\",\"itemListElement\":[{\"@type\":\"ListItem\",\"position\":1,\"name\":\"Portada\",\"item\":\"https:\\\/\\\/www.baque.com\\\/es\\\/\"},{\"@type\":\"ListItem\",\"position\":2,\"name\":\"Tienda\",\"item\":\"https:\\\/\\\/www.baque.com\\\/es\\\/tienda\\\/\"},{\"@type\":\"ListItem\",\"position\":3,\"name\":\"Cafetera de Grano Superautom\u00e1tica Cecotec\"}]},{\"@type\":\"WebSite\",\"@id\":\"https:\\\/\\\/www.baque.com\\\/es\\\/#website\",\"url\":\"https:\\\/\\\/www.baque.com\\\/es\\\/\",\"name\":\"Caf\u00e9s Baqu\u00e9\",\"description\":\"Somos l\u00edderes en hosteler\u00eda en Pa\u00eds Vasco y La Rioja y una de las marcas m\u00e1s reconocidas en el mercado nacional. Somos una empresa familiar en constante innovaci\u00f3n en el producto. Tostamos y distribuimos caf\u00e9 molido, en grano y c\u00e1psulas para disfrutar en casa, en el bar y en la oficina.\",\"potentialAction\":[{\"@type\":\"SearchAction\",\"target\":{\"@type\":\"EntryPoint\",\"urlTemplate\":\"https:\\\/\\\/www.baque.com\\\/es\\\/?s={search_term_string}\"},\"query-input\":{\"@type\":\"PropertyValueSpecification\",\"valueRequired\":true,\"valueName\":\"search_term_string\"}}],\"inLanguage\":\"es\"}]}<\/script>\n<!-- \/ Yoast SEO plugin. -->","yoast_head_json":{"title":"Cafetera de Grano Superautom\u00e1tica Cecotec - Caf\u00e9s Baqu\u00e9","robots":{"index":"index","follow":"follow","max-snippet":"max-snippet:-1","max-image-preview":"max-image-preview:large","max-video-preview":"max-video-preview:-1"},"og_locale":"es_ES","og_type":"article","og_title":"Cafetera de Grano Superautom\u00e1tica Cecotec - Caf\u00e9s Baqu\u00e9","og_description":"CECOTEC POWER MATIC-CCINO VAPORISSIMA","og_url":"https:\/\/www.baque.com\/es\/tienda\/cafeteras-accesorios\/cafeteras-superautomaticas\/cafetera-de-grano-superautomatica-cecotec-2\/","og_site_name":"Caf\u00e9s Baqu\u00e9","article_modified_time":"2026-04-20T13:37:32+00:00","og_image":[{"width":2560,"height":2527,"url":"https:\/\/www.baque.com\/wp-content\/uploads\/2023\/03\/Baque-cecotect_-1085-scaled.jpg","type":"image\/jpeg"}],"twitter_card":"summary_large_image","twitter_misc":{"Tiempo de lectura":"1 minuto"},"schema":{"@context":"https:\/\/schema.org","@graph":[{"@type":"WebPage","@id":"https:\/\/www.baque.com\/es\/tienda\/cafeteras-accesorios\/cafeteras-superautomaticas\/cafetera-de-grano-superautomatica-cecotec-2\/","url":"https:\/\/www.baque.com\/es\/tienda\/cafeteras-accesorios\/cafeteras-superautomaticas\/cafetera-de-grano-superautomatica-cecotec-2\/","name":"Cafetera de Grano Superautom\u00e1tica Cecotec - Caf\u00e9s Baqu\u00e9","isPartOf":{"@id":"https:\/\/www.baque.com\/es\/#website"},"primaryImageOfPage":{"@id":"https:\/\/www.baque.com\/es\/tienda\/cafeteras-accesorios\/cafeteras-superautomaticas\/cafetera-de-grano-superautomatica-cecotec-2\/#primaryimage"},"image":{"@id":"https:\/\/www.baque.com\/es\/tienda\/cafeteras-accesorios\/cafeteras-superautomaticas\/cafetera-de-grano-superautomatica-cecotec-2\/#primaryimage"},"thumbnailUrl":"https:\/\/www.baque.com\/wp-content\/uploads\/2023\/03\/Baque-cecotect_-1085-scaled.jpg","datePublished":"2023-03-27T09:53:16+00:00","dateModified":"2026-04-20T13:37:32+00:00","breadcrumb":{"@id":"https:\/\/www.baque.com\/es\/tienda\/cafeteras-accesorios\/cafeteras-superautomaticas\/cafetera-de-grano-superautomatica-cecotec-2\/#breadcrumb"},"inLanguage":"es","potentialAction":[{"@type":"ReadAction","target":["https:\/\/www.baque.com\/es\/tienda\/cafeteras-accesorios\/cafeteras-superautomaticas\/cafetera-de-grano-superautomatica-cecotec-2\/"]}]},{"@type":"ImageObject","inLanguage":"es","@id":"https:\/\/www.baque.com\/es\/tienda\/cafeteras-accesorios\/cafeteras-superautomaticas\/cafetera-de-grano-superautomatica-cecotec-2\/#primaryimage","url":"https:\/\/www.baque.com\/wp-content\/uploads\/2023\/03\/Baque-cecotect_-1085-scaled.jpg","contentUrl":"https:\/\/www.baque.com\/wp-content\/uploads\/2023\/03\/Baque-cecotect_-1085-scaled.jpg","width":2560,"height":2527},{"@type":"BreadcrumbList","@id":"https:\/\/www.baque.com\/es\/tienda\/cafeteras-accesorios\/cafeteras-superautomaticas\/cafetera-de-grano-superautomatica-cecotec-2\/#breadcrumb","itemListElement":[{"@type":"ListItem","position":1,"name":"Portada","item":"https:\/\/www.baque.com\/es\/"},{"@type":"ListItem","position":2,"name":"Tienda","item":"https:\/\/www.baque.com\/es\/tienda\/"},{"@type":"ListItem","position":3,"name":"Cafetera de Grano Superautom\u00e1tica Cecotec"}]},{"@type":"WebSite","@id":"https:\/\/www.baque.com\/es\/#website","url":"https:\/\/www.baque.com\/es\/","name":"Caf\u00e9s Baqu\u00e9","description":"Somos l\u00edderes en hosteler\u00eda en Pa\u00eds Vasco y La Rioja y una de las marcas m\u00e1s reconocidas en el mercado nacional. Somos una empresa familiar en constante innovaci\u00f3n en el producto. Tostamos y distribuimos caf\u00e9 molido, en grano y c\u00e1psulas para disfrutar en casa, en el bar y en la oficina.","potentialAction":[{"@type":"SearchAction","target":{"@type":"EntryPoint","urlTemplate":"https:\/\/www.baque.com\/es\/?s={search_term_string}"},"query-input":{"@type":"PropertyValueSpecification","valueRequired":true,"valueName":"search_term_string"}}],"inLanguage":"es"}]}},"_links":{"self":[{"href":"https:\/\/www.baque.com\/es\/wp-json\/wp\/v2\/product\/1346697","targetHints":{"allow":["GET"]}}],"collection":[{"href":"https:\/\/www.baque.com\/es\/wp-json\/wp\/v2\/product"}],"about":[{"href":"https:\/\/www.baque.com\/es\/wp-json\/wp\/v2\/types\/product"}],"wp:featuredmedia":[{"embeddable":true,"href":"https:\/\/www.baque.com\/es\/wp-json\/wp\/v2\/media\/1346706"}],"wp:attachment":[{"href":"https:\/\/www.baque.com\/es\/wp-json\/wp\/v2\/media?parent=1346697"}],"wp:term":[{"taxonomy":"product_brand","embeddable":true,"href":"https:\/\/www.baque.com\/es\/wp-json\/wp\/v2\/product_brand?post=1346697"},{"taxonomy":"product_cat","embeddable":true,"href":"https:\/\/www.baque.com\/es\/wp-json\/wp\/v2\/product_cat?post=1346697"},{"taxonomy":"product_tag","embeddable":true,"href":"https:\/\/www.baque.com\/es\/wp-json\/wp\/v2\/product_tag?post=1346697"}],"curies":[{"name":"wp","href":"https:\/\/api.w.org\/{rel}","templated":true}]}}