
{"id":2597909,"date":"2024-10-11T13:58:47","date_gmt":"2024-10-11T11:58:47","guid":{"rendered":"https:\/\/www.baque.com\/?post_type=product&#038;p=2597909"},"modified":"2026-04-11T11:22:57","modified_gmt":"2026-04-11T09:22:57","slug":"natural-10-capsulas-aluminio-compatibles-nespresso","status":"publish","type":"product","link":"https:\/\/www.baque.com\/es\/tienda\/cafe-capsulas\/capsulas-aluminio-compatibles-con-nespresso\/natural-10-capsulas-aluminio-compatibles-nespresso\/","title":{"rendered":"Natural 10 c\u00e1psulas Aluminio compatibles Nespresso\u00ae"},"content":{"rendered":"<p>C\u00e1psulas de aluminio compatibles con cafeteras Nespresso\u00ae.<\/p>\n<p>Se caracteriza por se un caf\u00e9 arom\u00e1tico y vibrante. Selecci\u00f3n de los mejores ar\u00e1bicas lavados y no lavados. Pensado para los que buscan un caf\u00e9 con aromas frutales y un cuerpo redondo.<\/p>\n<h3>Intensidad<\/h3>\n<p class=\"intensity\">7 <span class=\"circle\"><\/span><span class=\"circle\"><\/span><span class=\"circle\"><\/span><span class=\"circle\"><\/span><span class=\"circle\"><\/span><span class=\"circle\"><\/span><span class=\"circle\"><\/span><span class=\"circle circle0\"><\/span><span class=\"circle circle0\"><\/span><span class=\"circle circle0\"><\/span><\/p>\n<h3>Peso\/Cantidad<\/h3>\n<p>10 uds.<\/p>\n<h3>Ingredientes<\/h3>\n<p>Caf\u00e9.<\/p>\n<h3>Al\u00e9rgenos<\/h3>\n<p>Ninguno.<\/p>\n<h3>Condiciones de uso\/conservaci\u00f3n<\/h3>\n<p>Conservar en un lugar fresco, seco y preservado de la luz del sol.<\/p>\n<h3>Fecha de caducidad<\/h3>\n<p>18 meses<\/p>\n<h3>Un consejo<\/h3>\n<p>Utilizar cada c\u00e1psula para preparar un solo caf\u00e9 espresso. Elaborar el caf\u00e9 de forma habitual (ver instrucciones de uso de la cafetera).<\/p>\n","protected":false},"excerpt":{"rendered":"<p>Caf\u00e9 molido de tueste natural con mezcla de ar\u00e1bicas lavados y no lavados.<\/p>\n<p>&nbsp;<\/p>\n","protected":false},"featured_media":2597911,"template":"","meta":{"_acf_changed":false},"product_brand":[],"product_cat":[599],"product_tag":[163,170,171,149,169,165],"class_list":{"0":"post-2597909","1":"product","2":"type-product","3":"status-publish","4":"has-post-thumbnail","6":"product_cat-capsulas-aluminio-compatibles-con-nespresso","7":"product_tag-capsulas","8":"product_tag-compatibles","9":"product_tag-gran-aroma","10":"product_tag-natural","11":"product_tag-nespresso","12":"product_tag-suave","14":"first","15":"instock","16":"taxable","17":"shipping-taxable","18":"purchasable","19":"product-type-simple"},"bundled_by":[],"bundle_stock_status":"instock","bundle_stock_quantity":4182,"bundle_virtual":false,"bundle_layout":"","bundle_add_to_cart_form_location":"","bundle_editable_in_cart":false,"bundle_sold_individually_context":"","bundle_item_grouping":"","bundle_min_size":"","bundle_max_size":"","bundle_price":[],"bundled_items":[],"bundle_sell_ids":[],"acf":[],"yoast_head":"<!-- This site is optimized with the Yoast SEO plugin v27.3 - https:\/\/yoast.com\/product\/yoast-seo-wordpress\/ -->\n<title>Natural 10 c\u00e1psulas Aluminio compatibles Nespresso\u00ae - Caf\u00e9s Baqu\u00e9<\/title>\n<meta name=\"robots\" content=\"index, follow, max-snippet:-1, max-image-preview:large, max-video-preview:-1\" \/>\n<meta property=\"og:locale\" content=\"es_ES\" \/>\n<meta property=\"og:type\" content=\"article\" \/>\n<meta property=\"og:title\" content=\"Natural 10 c\u00e1psulas Aluminio compatibles Nespresso\u00ae - Caf\u00e9s Baqu\u00e9\" \/>\n<meta property=\"og:description\" content=\"Caf\u00e9 molido de tueste natural con mezcla de ar\u00e1bicas lavados y no lavados.  &nbsp;\" \/>\n<meta property=\"og:url\" content=\"https:\/\/www.baque.com\/es\/tienda\/cafe-capsulas\/capsulas-aluminio-compatibles-con-nespresso\/natural-10-capsulas-aluminio-compatibles-nespresso\/\" \/>\n<meta property=\"og:site_name\" content=\"Caf\u00e9s Baqu\u00e9\" \/>\n<meta property=\"article:modified_time\" content=\"2026-04-11T09:22:57+00:00\" \/>\n<meta property=\"og:image\" content=\"https:\/\/www.baque.com\/wp-content\/uploads\/2024\/10\/NATURAL-FRENTE-2-1320x1320.png\" \/>\n\t<meta property=\"og:image:width\" content=\"1320\" \/>\n\t<meta property=\"og:image:height\" content=\"1320\" \/>\n\t<meta property=\"og:image:type\" content=\"image\/png\" \/>\n<meta name=\"twitter:card\" content=\"summary_large_image\" \/>\n<meta name=\"twitter:label1\" content=\"Tiempo de lectura\" \/>\n\t<meta name=\"twitter:data1\" content=\"1 minuto\" \/>\n<script type=\"application\/ld+json\" class=\"yoast-schema-graph\">{\"@context\":\"https:\\\/\\\/schema.org\",\"@graph\":[{\"@type\":\"WebPage\",\"@id\":\"https:\\\/\\\/www.baque.com\\\/es\\\/tienda\\\/cafe-capsulas\\\/capsulas-aluminio-compatibles-con-nespresso\\\/natural-10-capsulas-aluminio-compatibles-nespresso\\\/\",\"url\":\"https:\\\/\\\/www.baque.com\\\/es\\\/tienda\\\/cafe-capsulas\\\/capsulas-aluminio-compatibles-con-nespresso\\\/natural-10-capsulas-aluminio-compatibles-nespresso\\\/\",\"name\":\"Natural 10 c\u00e1psulas Aluminio compatibles Nespresso\u00ae - Caf\u00e9s Baqu\u00e9\",\"isPartOf\":{\"@id\":\"https:\\\/\\\/www.baque.com\\\/es\\\/#website\"},\"primaryImageOfPage\":{\"@id\":\"https:\\\/\\\/www.baque.com\\\/es\\\/tienda\\\/cafe-capsulas\\\/capsulas-aluminio-compatibles-con-nespresso\\\/natural-10-capsulas-aluminio-compatibles-nespresso\\\/#primaryimage\"},\"image\":{\"@id\":\"https:\\\/\\\/www.baque.com\\\/es\\\/tienda\\\/cafe-capsulas\\\/capsulas-aluminio-compatibles-con-nespresso\\\/natural-10-capsulas-aluminio-compatibles-nespresso\\\/#primaryimage\"},\"thumbnailUrl\":\"https:\\\/\\\/www.baque.com\\\/wp-content\\\/uploads\\\/2024\\\/10\\\/NATURAL-FRENTE-2.png\",\"datePublished\":\"2024-10-11T11:58:47+00:00\",\"dateModified\":\"2026-04-11T09:22:57+00:00\",\"breadcrumb\":{\"@id\":\"https:\\\/\\\/www.baque.com\\\/es\\\/tienda\\\/cafe-capsulas\\\/capsulas-aluminio-compatibles-con-nespresso\\\/natural-10-capsulas-aluminio-compatibles-nespresso\\\/#breadcrumb\"},\"inLanguage\":\"es\",\"potentialAction\":[{\"@type\":\"ReadAction\",\"target\":[\"https:\\\/\\\/www.baque.com\\\/es\\\/tienda\\\/cafe-capsulas\\\/capsulas-aluminio-compatibles-con-nespresso\\\/natural-10-capsulas-aluminio-compatibles-nespresso\\\/\"]}]},{\"@type\":\"ImageObject\",\"inLanguage\":\"es\",\"@id\":\"https:\\\/\\\/www.baque.com\\\/es\\\/tienda\\\/cafe-capsulas\\\/capsulas-aluminio-compatibles-con-nespresso\\\/natural-10-capsulas-aluminio-compatibles-nespresso\\\/#primaryimage\",\"url\":\"https:\\\/\\\/www.baque.com\\\/wp-content\\\/uploads\\\/2024\\\/10\\\/NATURAL-FRENTE-2.png\",\"contentUrl\":\"https:\\\/\\\/www.baque.com\\\/wp-content\\\/uploads\\\/2024\\\/10\\\/NATURAL-FRENTE-2.png\",\"width\":2000,\"height\":2000},{\"@type\":\"BreadcrumbList\",\"@id\":\"https:\\\/\\\/www.baque.com\\\/es\\\/tienda\\\/cafe-capsulas\\\/capsulas-aluminio-compatibles-con-nespresso\\\/natural-10-capsulas-aluminio-compatibles-nespresso\\\/#breadcrumb\",\"itemListElement\":[{\"@type\":\"ListItem\",\"position\":1,\"name\":\"Portada\",\"item\":\"https:\\\/\\\/www.baque.com\\\/es\\\/\"},{\"@type\":\"ListItem\",\"position\":2,\"name\":\"Tienda\",\"item\":\"https:\\\/\\\/www.baque.com\\\/es\\\/tienda\\\/\"},{\"@type\":\"ListItem\",\"position\":3,\"name\":\"Natural 10 c\u00e1psulas Aluminio compatibles Nespresso\u00ae\"}]},{\"@type\":\"WebSite\",\"@id\":\"https:\\\/\\\/www.baque.com\\\/es\\\/#website\",\"url\":\"https:\\\/\\\/www.baque.com\\\/es\\\/\",\"name\":\"Caf\u00e9s Baqu\u00e9\",\"description\":\"Somos l\u00edderes en hosteler\u00eda en Pa\u00eds Vasco y La Rioja y una de las marcas m\u00e1s reconocidas en el mercado nacional. Somos una empresa familiar en constante innovaci\u00f3n en el producto. Tostamos y distribuimos caf\u00e9 molido, en grano y c\u00e1psulas para disfrutar en casa, en el bar y en la oficina.\",\"potentialAction\":[{\"@type\":\"SearchAction\",\"target\":{\"@type\":\"EntryPoint\",\"urlTemplate\":\"https:\\\/\\\/www.baque.com\\\/es\\\/?s={search_term_string}\"},\"query-input\":{\"@type\":\"PropertyValueSpecification\",\"valueRequired\":true,\"valueName\":\"search_term_string\"}}],\"inLanguage\":\"es\"}]}<\/script>\n<!-- \/ Yoast SEO plugin. -->","yoast_head_json":{"title":"Natural 10 c\u00e1psulas Aluminio compatibles Nespresso\u00ae - Caf\u00e9s Baqu\u00e9","robots":{"index":"index","follow":"follow","max-snippet":"max-snippet:-1","max-image-preview":"max-image-preview:large","max-video-preview":"max-video-preview:-1"},"og_locale":"es_ES","og_type":"article","og_title":"Natural 10 c\u00e1psulas Aluminio compatibles Nespresso\u00ae - Caf\u00e9s Baqu\u00e9","og_description":"Caf\u00e9 molido de tueste natural con mezcla de ar\u00e1bicas lavados y no lavados.  &nbsp;","og_url":"https:\/\/www.baque.com\/es\/tienda\/cafe-capsulas\/capsulas-aluminio-compatibles-con-nespresso\/natural-10-capsulas-aluminio-compatibles-nespresso\/","og_site_name":"Caf\u00e9s Baqu\u00e9","article_modified_time":"2026-04-11T09:22:57+00:00","og_image":[{"width":1320,"height":1320,"url":"https:\/\/www.baque.com\/wp-content\/uploads\/2024\/10\/NATURAL-FRENTE-2-1320x1320.png","type":"image\/png"}],"twitter_card":"summary_large_image","twitter_misc":{"Tiempo de lectura":"1 minuto"},"schema":{"@context":"https:\/\/schema.org","@graph":[{"@type":"WebPage","@id":"https:\/\/www.baque.com\/es\/tienda\/cafe-capsulas\/capsulas-aluminio-compatibles-con-nespresso\/natural-10-capsulas-aluminio-compatibles-nespresso\/","url":"https:\/\/www.baque.com\/es\/tienda\/cafe-capsulas\/capsulas-aluminio-compatibles-con-nespresso\/natural-10-capsulas-aluminio-compatibles-nespresso\/","name":"Natural 10 c\u00e1psulas Aluminio compatibles Nespresso\u00ae - Caf\u00e9s Baqu\u00e9","isPartOf":{"@id":"https:\/\/www.baque.com\/es\/#website"},"primaryImageOfPage":{"@id":"https:\/\/www.baque.com\/es\/tienda\/cafe-capsulas\/capsulas-aluminio-compatibles-con-nespresso\/natural-10-capsulas-aluminio-compatibles-nespresso\/#primaryimage"},"image":{"@id":"https:\/\/www.baque.com\/es\/tienda\/cafe-capsulas\/capsulas-aluminio-compatibles-con-nespresso\/natural-10-capsulas-aluminio-compatibles-nespresso\/#primaryimage"},"thumbnailUrl":"https:\/\/www.baque.com\/wp-content\/uploads\/2024\/10\/NATURAL-FRENTE-2.png","datePublished":"2024-10-11T11:58:47+00:00","dateModified":"2026-04-11T09:22:57+00:00","breadcrumb":{"@id":"https:\/\/www.baque.com\/es\/tienda\/cafe-capsulas\/capsulas-aluminio-compatibles-con-nespresso\/natural-10-capsulas-aluminio-compatibles-nespresso\/#breadcrumb"},"inLanguage":"es","potentialAction":[{"@type":"ReadAction","target":["https:\/\/www.baque.com\/es\/tienda\/cafe-capsulas\/capsulas-aluminio-compatibles-con-nespresso\/natural-10-capsulas-aluminio-compatibles-nespresso\/"]}]},{"@type":"ImageObject","inLanguage":"es","@id":"https:\/\/www.baque.com\/es\/tienda\/cafe-capsulas\/capsulas-aluminio-compatibles-con-nespresso\/natural-10-capsulas-aluminio-compatibles-nespresso\/#primaryimage","url":"https:\/\/www.baque.com\/wp-content\/uploads\/2024\/10\/NATURAL-FRENTE-2.png","contentUrl":"https:\/\/www.baque.com\/wp-content\/uploads\/2024\/10\/NATURAL-FRENTE-2.png","width":2000,"height":2000},{"@type":"BreadcrumbList","@id":"https:\/\/www.baque.com\/es\/tienda\/cafe-capsulas\/capsulas-aluminio-compatibles-con-nespresso\/natural-10-capsulas-aluminio-compatibles-nespresso\/#breadcrumb","itemListElement":[{"@type":"ListItem","position":1,"name":"Portada","item":"https:\/\/www.baque.com\/es\/"},{"@type":"ListItem","position":2,"name":"Tienda","item":"https:\/\/www.baque.com\/es\/tienda\/"},{"@type":"ListItem","position":3,"name":"Natural 10 c\u00e1psulas Aluminio compatibles Nespresso\u00ae"}]},{"@type":"WebSite","@id":"https:\/\/www.baque.com\/es\/#website","url":"https:\/\/www.baque.com\/es\/","name":"Caf\u00e9s Baqu\u00e9","description":"Somos l\u00edderes en hosteler\u00eda en Pa\u00eds Vasco y La Rioja y una de las marcas m\u00e1s reconocidas en el mercado nacional. Somos una empresa familiar en constante innovaci\u00f3n en el producto. Tostamos y distribuimos caf\u00e9 molido, en grano y c\u00e1psulas para disfrutar en casa, en el bar y en la oficina.","potentialAction":[{"@type":"SearchAction","target":{"@type":"EntryPoint","urlTemplate":"https:\/\/www.baque.com\/es\/?s={search_term_string}"},"query-input":{"@type":"PropertyValueSpecification","valueRequired":true,"valueName":"search_term_string"}}],"inLanguage":"es"}]}},"_links":{"self":[{"href":"https:\/\/www.baque.com\/es\/wp-json\/wp\/v2\/product\/2597909","targetHints":{"allow":["GET"]}}],"collection":[{"href":"https:\/\/www.baque.com\/es\/wp-json\/wp\/v2\/product"}],"about":[{"href":"https:\/\/www.baque.com\/es\/wp-json\/wp\/v2\/types\/product"}],"wp:featuredmedia":[{"embeddable":true,"href":"https:\/\/www.baque.com\/es\/wp-json\/wp\/v2\/media\/2597911"}],"wp:attachment":[{"href":"https:\/\/www.baque.com\/es\/wp-json\/wp\/v2\/media?parent=2597909"}],"wp:term":[{"taxonomy":"product_brand","embeddable":true,"href":"https:\/\/www.baque.com\/es\/wp-json\/wp\/v2\/product_brand?post=2597909"},{"taxonomy":"product_cat","embeddable":true,"href":"https:\/\/www.baque.com\/es\/wp-json\/wp\/v2\/product_cat?post=2597909"},{"taxonomy":"product_tag","embeddable":true,"href":"https:\/\/www.baque.com\/es\/wp-json\/wp\/v2\/product_tag?post=2597909"}],"curies":[{"name":"wp","href":"https:\/\/api.w.org\/{rel}","templated":true}]}}