
{"id":2693095,"date":"2024-11-21T11:59:39","date_gmt":"2024-11-21T10:59:39","guid":{"rendered":"https:\/\/www.baque.com\/?post_type=product&#038;p=2693095"},"modified":"2026-04-30T13:52:42","modified_gmt":"2026-04-30T11:52:42","slug":"cacao-en-polvo-sin-gluten-1-kg","status":"publish","type":"product","link":"https:\/\/www.baque.com\/es\/tienda\/cafe\/cacao-en-polvo-sin-gluten-1-kg\/","title":{"rendered":"Cacao en polvo sin gluten, 1 kg."},"content":{"rendered":"<p>Cacao en polvo sin gluten y sin conservantes ni colorantes artificiales.<\/p>\n<h3>Peso\/Cantidad<\/h3>\n<p>1 kg.<\/p>\n<h3>Ingredientes<\/h3>\n<p>Az\u00facar, cacao en polvo (21%), leche desnatada en polvo, lactosuero, lactosa, almid\u00f3n de ma\u00edz, sal y anti-aglomerante: Di\u00f3xido de silicio.<\/p>\n<h3>Al\u00e9rgenos<\/h3>\n<p>Leche. No contiene gluten.<\/p>\n<h3>Informaci\u00f3n nutricional por 100 gr<\/h3>\n<table class='ingredientes'><tr><th align='left'>Valor Energ\u00e9tico<\/th><th align='right'>360 kcal.\/ 1524,4 kJ.<\/th><\/tr><tr><td align='left'>Grasa total<\/td><td align='right'>3,1 g.<\/td><\/tr><tr><td align='left'>de las cuales saturadas<\/td><td align='right'>1,8 g.<\/td><\/tr><tr><td align='left'>Hidratos de carbono<\/td><td align='right'>70,2 g.<\/td><\/tr><tr><td align='left'>de los cuales az\u00facares<\/td><td align='right'>66,1g.<\/td><\/tr><tr><td align='left'>Prote\u00ednas<\/td><td align='right'>8,6 g.<\/td><\/tr><tr><td align='left'>Sal<\/td><td align='right'>1,0 g.<\/td><\/tr><\/table>\n<h3>Condiciones de uso\/conservaci\u00f3n<\/h3>\n<p>Conservar en un lugar fresco y seco.<\/p>\n<h3>Fecha de caducidad<\/h3>\n<p>18 meses<\/p>\n<h3>Un consejo<\/h3>\n<p>Disoluci\u00f3n en agua caliente, especialmente indicado para m\u00e1quinas autom\u00e1ticas, pudiendo ser utilizado por consumidor final a raz\u00f3n de 20-22g de producto por cada 100ml de agua.<\/p>\n","protected":false},"excerpt":{"rendered":"<p>Cacao en polvo sin gluten y sin conservantes ni colorantes artificiales. Peso\/Cantidad 1 kg. Ingredientes Az\u00facar, cacao en polvo (21%), leche desnatada en polvo, lactosuero, lactosa, almid\u00f3n de ma\u00edz, sal y anti-aglomerante: Di\u00f3xido de silicio. Al\u00e9rgenos Leche. No contiene gluten. Informaci\u00f3n nutricional por 100 gr Condiciones de uso\/conservaci\u00f3n Conservar en un lugar fresco y seco. [&hellip;]<\/p>\n","protected":false},"featured_media":2329161,"template":"","meta":{"_acf_changed":false},"product_brand":[],"product_cat":[91,110],"product_tag":[],"class_list":{"0":"post-2693095","1":"product","2":"type-product","3":"status-publish","4":"has-post-thumbnail","6":"product_cat-cafe","7":"product_cat-solubles","9":"first","10":"instock","11":"taxable","12":"shipping-taxable","13":"purchasable","14":"product-type-simple"},"bundled_by":[],"bundle_stock_status":"instock","bundle_stock_quantity":251,"bundle_virtual":false,"bundle_layout":"","bundle_add_to_cart_form_location":"","bundle_editable_in_cart":false,"bundle_sold_individually_context":"","bundle_item_grouping":"","bundle_min_size":"","bundle_max_size":"","bundle_price":[],"bundled_items":[],"bundle_sell_ids":[],"acf":[],"yoast_head":"<!-- This site is optimized with the Yoast SEO plugin v27.3 - https:\/\/yoast.com\/product\/yoast-seo-wordpress\/ -->\n<title>Cacao en polvo sin gluten, 1 kg. - Caf\u00e9s Baqu\u00e9<\/title>\n<meta name=\"robots\" content=\"index, follow, max-snippet:-1, max-image-preview:large, max-video-preview:-1\" \/>\n<meta property=\"og:locale\" content=\"es_ES\" \/>\n<meta property=\"og:type\" content=\"article\" \/>\n<meta property=\"og:title\" content=\"Cacao en polvo sin gluten, 1 kg. - Caf\u00e9s Baqu\u00e9\" \/>\n<meta property=\"og:description\" content=\"Cacao en polvo sin gluten y sin conservantes ni colorantes artificiales. Peso\/Cantidad 1 kg. Ingredientes Az\u00facar, cacao en polvo (21%), leche desnatada en polvo, lactosuero, lactosa, almid\u00f3n de ma\u00edz, sal y anti-aglomerante: Di\u00f3xido de silicio. Al\u00e9rgenos Leche. No contiene gluten. Informaci\u00f3n nutricional por 100 gr Condiciones de uso\/conservaci\u00f3n Conservar en un lugar fresco y seco. [&hellip;]\" \/>\n<meta property=\"og:url\" content=\"https:\/\/www.baque.com\/es\/tienda\/cafe\/cacao-en-polvo-sin-gluten-1-kg\/\" \/>\n<meta property=\"og:site_name\" content=\"Caf\u00e9s Baqu\u00e9\" \/>\n<meta property=\"article:modified_time\" content=\"2026-04-30T11:52:42+00:00\" \/>\n<meta property=\"og:image\" content=\"https:\/\/www.baque.com\/wp-content\/uploads\/2024\/06\/cacao-soluble-sin-gluten-baque-hosteleria-1.png\" \/>\n\t<meta property=\"og:image:width\" content=\"500\" \/>\n\t<meta property=\"og:image:height\" content=\"687\" \/>\n\t<meta property=\"og:image:type\" content=\"image\/png\" \/>\n<meta name=\"twitter:card\" content=\"summary_large_image\" \/>\n<meta name=\"twitter:label1\" content=\"Tiempo de lectura\" \/>\n\t<meta name=\"twitter:data1\" content=\"1 minuto\" \/>\n<script type=\"application\/ld+json\" class=\"yoast-schema-graph\">{\"@context\":\"https:\\\/\\\/schema.org\",\"@graph\":[{\"@type\":\"WebPage\",\"@id\":\"https:\\\/\\\/www.baque.com\\\/es\\\/tienda\\\/cafe\\\/cacao-en-polvo-sin-gluten-1-kg\\\/\",\"url\":\"https:\\\/\\\/www.baque.com\\\/es\\\/tienda\\\/cafe\\\/cacao-en-polvo-sin-gluten-1-kg\\\/\",\"name\":\"Cacao en polvo sin gluten, 1 kg. - Caf\u00e9s Baqu\u00e9\",\"isPartOf\":{\"@id\":\"https:\\\/\\\/www.baque.com\\\/es\\\/#website\"},\"primaryImageOfPage\":{\"@id\":\"https:\\\/\\\/www.baque.com\\\/es\\\/tienda\\\/cafe\\\/cacao-en-polvo-sin-gluten-1-kg\\\/#primaryimage\"},\"image\":{\"@id\":\"https:\\\/\\\/www.baque.com\\\/es\\\/tienda\\\/cafe\\\/cacao-en-polvo-sin-gluten-1-kg\\\/#primaryimage\"},\"thumbnailUrl\":\"https:\\\/\\\/www.baque.com\\\/wp-content\\\/uploads\\\/2024\\\/06\\\/cacao-soluble-sin-gluten-baque-hosteleria-1.png\",\"datePublished\":\"2024-11-21T10:59:39+00:00\",\"dateModified\":\"2026-04-30T11:52:42+00:00\",\"breadcrumb\":{\"@id\":\"https:\\\/\\\/www.baque.com\\\/es\\\/tienda\\\/cafe\\\/cacao-en-polvo-sin-gluten-1-kg\\\/#breadcrumb\"},\"inLanguage\":\"es\",\"potentialAction\":[{\"@type\":\"ReadAction\",\"target\":[\"https:\\\/\\\/www.baque.com\\\/es\\\/tienda\\\/cafe\\\/cacao-en-polvo-sin-gluten-1-kg\\\/\"]}]},{\"@type\":\"ImageObject\",\"inLanguage\":\"es\",\"@id\":\"https:\\\/\\\/www.baque.com\\\/es\\\/tienda\\\/cafe\\\/cacao-en-polvo-sin-gluten-1-kg\\\/#primaryimage\",\"url\":\"https:\\\/\\\/www.baque.com\\\/wp-content\\\/uploads\\\/2024\\\/06\\\/cacao-soluble-sin-gluten-baque-hosteleria-1.png\",\"contentUrl\":\"https:\\\/\\\/www.baque.com\\\/wp-content\\\/uploads\\\/2024\\\/06\\\/cacao-soluble-sin-gluten-baque-hosteleria-1.png\",\"width\":500,\"height\":687},{\"@type\":\"BreadcrumbList\",\"@id\":\"https:\\\/\\\/www.baque.com\\\/es\\\/tienda\\\/cafe\\\/cacao-en-polvo-sin-gluten-1-kg\\\/#breadcrumb\",\"itemListElement\":[{\"@type\":\"ListItem\",\"position\":1,\"name\":\"Portada\",\"item\":\"https:\\\/\\\/www.baque.com\\\/es\\\/\"},{\"@type\":\"ListItem\",\"position\":2,\"name\":\"Tienda\",\"item\":\"https:\\\/\\\/www.baque.com\\\/es\\\/tienda\\\/\"},{\"@type\":\"ListItem\",\"position\":3,\"name\":\"Cacao en polvo sin gluten, 1 kg.\"}]},{\"@type\":\"WebSite\",\"@id\":\"https:\\\/\\\/www.baque.com\\\/es\\\/#website\",\"url\":\"https:\\\/\\\/www.baque.com\\\/es\\\/\",\"name\":\"Caf\u00e9s Baqu\u00e9\",\"description\":\"Somos l\u00edderes en hosteler\u00eda en Pa\u00eds Vasco y La Rioja y una de las marcas m\u00e1s reconocidas en el mercado nacional. Somos una empresa familiar en constante innovaci\u00f3n en el producto. Tostamos y distribuimos caf\u00e9 molido, en grano y c\u00e1psulas para disfrutar en casa, en el bar y en la oficina.\",\"potentialAction\":[{\"@type\":\"SearchAction\",\"target\":{\"@type\":\"EntryPoint\",\"urlTemplate\":\"https:\\\/\\\/www.baque.com\\\/es\\\/?s={search_term_string}\"},\"query-input\":{\"@type\":\"PropertyValueSpecification\",\"valueRequired\":true,\"valueName\":\"search_term_string\"}}],\"inLanguage\":\"es\"}]}<\/script>\n<!-- \/ Yoast SEO plugin. -->","yoast_head_json":{"title":"Cacao en polvo sin gluten, 1 kg. - Caf\u00e9s Baqu\u00e9","robots":{"index":"index","follow":"follow","max-snippet":"max-snippet:-1","max-image-preview":"max-image-preview:large","max-video-preview":"max-video-preview:-1"},"og_locale":"es_ES","og_type":"article","og_title":"Cacao en polvo sin gluten, 1 kg. - Caf\u00e9s Baqu\u00e9","og_description":"Cacao en polvo sin gluten y sin conservantes ni colorantes artificiales. Peso\/Cantidad 1 kg. Ingredientes Az\u00facar, cacao en polvo (21%), leche desnatada en polvo, lactosuero, lactosa, almid\u00f3n de ma\u00edz, sal y anti-aglomerante: Di\u00f3xido de silicio. Al\u00e9rgenos Leche. No contiene gluten. Informaci\u00f3n nutricional por 100 gr Condiciones de uso\/conservaci\u00f3n Conservar en un lugar fresco y seco. [&hellip;]","og_url":"https:\/\/www.baque.com\/es\/tienda\/cafe\/cacao-en-polvo-sin-gluten-1-kg\/","og_site_name":"Caf\u00e9s Baqu\u00e9","article_modified_time":"2026-04-30T11:52:42+00:00","og_image":[{"width":500,"height":687,"url":"https:\/\/www.baque.com\/wp-content\/uploads\/2024\/06\/cacao-soluble-sin-gluten-baque-hosteleria-1.png","type":"image\/png"}],"twitter_card":"summary_large_image","twitter_misc":{"Tiempo de lectura":"1 minuto"},"schema":{"@context":"https:\/\/schema.org","@graph":[{"@type":"WebPage","@id":"https:\/\/www.baque.com\/es\/tienda\/cafe\/cacao-en-polvo-sin-gluten-1-kg\/","url":"https:\/\/www.baque.com\/es\/tienda\/cafe\/cacao-en-polvo-sin-gluten-1-kg\/","name":"Cacao en polvo sin gluten, 1 kg. - Caf\u00e9s Baqu\u00e9","isPartOf":{"@id":"https:\/\/www.baque.com\/es\/#website"},"primaryImageOfPage":{"@id":"https:\/\/www.baque.com\/es\/tienda\/cafe\/cacao-en-polvo-sin-gluten-1-kg\/#primaryimage"},"image":{"@id":"https:\/\/www.baque.com\/es\/tienda\/cafe\/cacao-en-polvo-sin-gluten-1-kg\/#primaryimage"},"thumbnailUrl":"https:\/\/www.baque.com\/wp-content\/uploads\/2024\/06\/cacao-soluble-sin-gluten-baque-hosteleria-1.png","datePublished":"2024-11-21T10:59:39+00:00","dateModified":"2026-04-30T11:52:42+00:00","breadcrumb":{"@id":"https:\/\/www.baque.com\/es\/tienda\/cafe\/cacao-en-polvo-sin-gluten-1-kg\/#breadcrumb"},"inLanguage":"es","potentialAction":[{"@type":"ReadAction","target":["https:\/\/www.baque.com\/es\/tienda\/cafe\/cacao-en-polvo-sin-gluten-1-kg\/"]}]},{"@type":"ImageObject","inLanguage":"es","@id":"https:\/\/www.baque.com\/es\/tienda\/cafe\/cacao-en-polvo-sin-gluten-1-kg\/#primaryimage","url":"https:\/\/www.baque.com\/wp-content\/uploads\/2024\/06\/cacao-soluble-sin-gluten-baque-hosteleria-1.png","contentUrl":"https:\/\/www.baque.com\/wp-content\/uploads\/2024\/06\/cacao-soluble-sin-gluten-baque-hosteleria-1.png","width":500,"height":687},{"@type":"BreadcrumbList","@id":"https:\/\/www.baque.com\/es\/tienda\/cafe\/cacao-en-polvo-sin-gluten-1-kg\/#breadcrumb","itemListElement":[{"@type":"ListItem","position":1,"name":"Portada","item":"https:\/\/www.baque.com\/es\/"},{"@type":"ListItem","position":2,"name":"Tienda","item":"https:\/\/www.baque.com\/es\/tienda\/"},{"@type":"ListItem","position":3,"name":"Cacao en polvo sin gluten, 1 kg."}]},{"@type":"WebSite","@id":"https:\/\/www.baque.com\/es\/#website","url":"https:\/\/www.baque.com\/es\/","name":"Caf\u00e9s Baqu\u00e9","description":"Somos l\u00edderes en hosteler\u00eda en Pa\u00eds Vasco y La Rioja y una de las marcas m\u00e1s reconocidas en el mercado nacional. Somos una empresa familiar en constante innovaci\u00f3n en el producto. Tostamos y distribuimos caf\u00e9 molido, en grano y c\u00e1psulas para disfrutar en casa, en el bar y en la oficina.","potentialAction":[{"@type":"SearchAction","target":{"@type":"EntryPoint","urlTemplate":"https:\/\/www.baque.com\/es\/?s={search_term_string}"},"query-input":{"@type":"PropertyValueSpecification","valueRequired":true,"valueName":"search_term_string"}}],"inLanguage":"es"}]}},"_links":{"self":[{"href":"https:\/\/www.baque.com\/es\/wp-json\/wp\/v2\/product\/2693095","targetHints":{"allow":["GET"]}}],"collection":[{"href":"https:\/\/www.baque.com\/es\/wp-json\/wp\/v2\/product"}],"about":[{"href":"https:\/\/www.baque.com\/es\/wp-json\/wp\/v2\/types\/product"}],"wp:featuredmedia":[{"embeddable":true,"href":"https:\/\/www.baque.com\/es\/wp-json\/wp\/v2\/media\/2329161"}],"wp:attachment":[{"href":"https:\/\/www.baque.com\/es\/wp-json\/wp\/v2\/media?parent=2693095"}],"wp:term":[{"taxonomy":"product_brand","embeddable":true,"href":"https:\/\/www.baque.com\/es\/wp-json\/wp\/v2\/product_brand?post=2693095"},{"taxonomy":"product_cat","embeddable":true,"href":"https:\/\/www.baque.com\/es\/wp-json\/wp\/v2\/product_cat?post=2693095"},{"taxonomy":"product_tag","embeddable":true,"href":"https:\/\/www.baque.com\/es\/wp-json\/wp\/v2\/product_tag?post=2693095"}],"curies":[{"name":"wp","href":"https:\/\/api.w.org\/{rel}","templated":true}]}}