
{"id":29578,"date":"2020-06-19T10:26:39","date_gmt":"2020-06-19T08:26:39","guid":{"rendered":"https:\/\/www.baque.com\/?post_type=product&#038;p=29578"},"modified":"2026-05-02T02:37:47","modified_gmt":"2026-05-02T00:37:47","slug":"cacao-sin-gluten","status":"publish","type":"product","link":"https:\/\/www.baque.com\/es\/tienda\/cacaos\/cacao-soluble\/cacao-sin-gluten\/","title":{"rendered":"Cacao sin gluten, 30 uds"},"content":{"rendered":"<p>Cacao soluble sin gluten Baqu\u00e9 con un olor, aroma y textura a cacao. Apto para cel\u00edacos.<\/p>\n<h3>Peso\/Cantidad<\/h3>\n<p>30 uds.<\/p>\n<h3>Ingredientes<\/h3>\n<p>Az\u00facar, cacao desgrasado en polvo, harina de arroz, extracto de malta de cebada (sin gluten), antiaglomerante (fosfato dic\u00e1lcico), aromas, sal y emulgente<\/p>\n<h3>Al\u00e9rgenos<\/h3>\n<p>Ninguno. No contiene gluten, no contiene trazas.<\/p>\n<h3>Informaci\u00f3n nutricional por 100 gr<\/h3>\n<table class='ingredientes'><tr><th align='left'>Valor Energ\u00e9tico<\/th><th align='right'>371 kcal.\/ 1571 kJ.<\/th><\/tr><tr><td align='left'>Grasa total<\/td><td align='right'>2,9 g.<\/td><\/tr><tr><td align='left'>de las cuales saturadas<\/td><td align='right'>1,7 g.<\/td><\/tr><tr><td align='left'>Hidratos de carbono<\/td><td align='right'>76,1 g.<\/td><\/tr><tr><td align='left'>de los cuales az\u00facares<\/td><td align='right'>66,5 g.<\/td><\/tr><tr><td align='left'>Fibra alimentaria<\/td><td align='right'>8,2 g.<\/td><\/tr><tr><td align='left'>Prote\u00ednas<\/td><td align='right'>6,2 g.<\/td><\/tr><tr><td align='left'>Sal<\/td><td align='right'>0,04 g.<\/td><\/tr><\/table>\n<h3>Condiciones de uso\/conservaci\u00f3n<\/h3>\n<p>Conservar en un lugar fresco y seco.<\/p>\n<h3>Fecha de caducidad<\/h3>\n<p>24 meses<\/p>\n<h3>Un consejo<\/h3>\n<p>A\u00f1adir el contenido en un vaso o taza. Verter un poco de leche caliente o fr\u00eda y remover. Completar con m\u00e1s leche. Ideal para desayunos y meriendas.<\/p>\n","protected":false},"excerpt":{"rendered":"<p>Cacao sin gluten.<\/p>\n","protected":false},"featured_media":29570,"template":"","meta":{"_acf_changed":false},"product_brand":[],"product_cat":[515,115,91],"product_tag":[237,427],"class_list":{"0":"post-29578","1":"product","2":"type-product","3":"status-publish","4":"has-post-thumbnail","6":"product_cat-cacao-soluble","7":"product_cat-cacaos","8":"product_cat-cafe","9":"product_tag-cacao","10":"product_tag-sin-gluten","12":"first","13":"instock","14":"taxable","15":"shipping-taxable","16":"purchasable","17":"product-type-simple"},"bundled_by":[],"bundle_stock_status":"instock","bundle_stock_quantity":166,"bundle_virtual":false,"bundle_layout":"","bundle_add_to_cart_form_location":"","bundle_editable_in_cart":false,"bundle_sold_individually_context":"","bundle_item_grouping":"","bundle_min_size":"","bundle_max_size":"","bundle_price":[],"bundled_items":[],"bundle_sell_ids":[],"acf":[],"yoast_head":"<!-- This site is optimized with the Yoast SEO plugin v27.3 - https:\/\/yoast.com\/product\/yoast-seo-wordpress\/ -->\n<title>Cacao sin gluten, 30 uds - Caf\u00e9s Baqu\u00e9<\/title>\n<meta name=\"robots\" content=\"index, follow, max-snippet:-1, max-image-preview:large, max-video-preview:-1\" \/>\n<meta property=\"og:locale\" content=\"es_ES\" \/>\n<meta property=\"og:type\" content=\"article\" \/>\n<meta property=\"og:title\" content=\"Cacao sin gluten, 30 uds - Caf\u00e9s Baqu\u00e9\" \/>\n<meta property=\"og:description\" content=\"Cacao sin gluten.\" \/>\n<meta property=\"og:url\" content=\"https:\/\/www.baque.com\/es\/tienda\/cacaos\/cacao-soluble\/cacao-sin-gluten\/\" \/>\n<meta property=\"og:site_name\" content=\"Caf\u00e9s Baqu\u00e9\" \/>\n<meta property=\"article:modified_time\" content=\"2026-05-02T00:37:47+00:00\" \/>\n<meta property=\"og:image\" content=\"https:\/\/www.baque.com\/wp-content\/uploads\/2020\/06\/cacao-sin-gluten-baque.jpg\" \/>\n\t<meta property=\"og:image:width\" content=\"500\" \/>\n\t<meta property=\"og:image:height\" content=\"500\" \/>\n\t<meta property=\"og:image:type\" content=\"image\/jpeg\" \/>\n<meta name=\"twitter:card\" content=\"summary_large_image\" \/>\n<meta name=\"twitter:label1\" content=\"Tiempo de lectura\" \/>\n\t<meta name=\"twitter:data1\" content=\"1 minuto\" \/>\n<script type=\"application\/ld+json\" class=\"yoast-schema-graph\">{\"@context\":\"https:\\\/\\\/schema.org\",\"@graph\":[{\"@type\":\"WebPage\",\"@id\":\"https:\\\/\\\/www.baque.com\\\/es\\\/tienda\\\/cacaos\\\/cacao-soluble\\\/cacao-sin-gluten\\\/\",\"url\":\"https:\\\/\\\/www.baque.com\\\/es\\\/tienda\\\/cacaos\\\/cacao-soluble\\\/cacao-sin-gluten\\\/\",\"name\":\"Cacao sin gluten, 30 uds - Caf\u00e9s Baqu\u00e9\",\"isPartOf\":{\"@id\":\"https:\\\/\\\/www.baque.com\\\/es\\\/#website\"},\"primaryImageOfPage\":{\"@id\":\"https:\\\/\\\/www.baque.com\\\/es\\\/tienda\\\/cacaos\\\/cacao-soluble\\\/cacao-sin-gluten\\\/#primaryimage\"},\"image\":{\"@id\":\"https:\\\/\\\/www.baque.com\\\/es\\\/tienda\\\/cacaos\\\/cacao-soluble\\\/cacao-sin-gluten\\\/#primaryimage\"},\"thumbnailUrl\":\"https:\\\/\\\/www.baque.com\\\/wp-content\\\/uploads\\\/2020\\\/06\\\/cacao-sin-gluten-baque.jpg\",\"datePublished\":\"2020-06-19T08:26:39+00:00\",\"dateModified\":\"2026-05-02T00:37:47+00:00\",\"breadcrumb\":{\"@id\":\"https:\\\/\\\/www.baque.com\\\/es\\\/tienda\\\/cacaos\\\/cacao-soluble\\\/cacao-sin-gluten\\\/#breadcrumb\"},\"inLanguage\":\"es\",\"potentialAction\":[{\"@type\":\"ReadAction\",\"target\":[\"https:\\\/\\\/www.baque.com\\\/es\\\/tienda\\\/cacaos\\\/cacao-soluble\\\/cacao-sin-gluten\\\/\"]}]},{\"@type\":\"ImageObject\",\"inLanguage\":\"es\",\"@id\":\"https:\\\/\\\/www.baque.com\\\/es\\\/tienda\\\/cacaos\\\/cacao-soluble\\\/cacao-sin-gluten\\\/#primaryimage\",\"url\":\"https:\\\/\\\/www.baque.com\\\/wp-content\\\/uploads\\\/2020\\\/06\\\/cacao-sin-gluten-baque.jpg\",\"contentUrl\":\"https:\\\/\\\/www.baque.com\\\/wp-content\\\/uploads\\\/2020\\\/06\\\/cacao-sin-gluten-baque.jpg\",\"width\":500,\"height\":500},{\"@type\":\"BreadcrumbList\",\"@id\":\"https:\\\/\\\/www.baque.com\\\/es\\\/tienda\\\/cacaos\\\/cacao-soluble\\\/cacao-sin-gluten\\\/#breadcrumb\",\"itemListElement\":[{\"@type\":\"ListItem\",\"position\":1,\"name\":\"Portada\",\"item\":\"https:\\\/\\\/www.baque.com\\\/es\\\/\"},{\"@type\":\"ListItem\",\"position\":2,\"name\":\"Tienda\",\"item\":\"https:\\\/\\\/www.baque.com\\\/es\\\/tienda\\\/\"},{\"@type\":\"ListItem\",\"position\":3,\"name\":\"Cacao sin gluten, 30 uds\"}]},{\"@type\":\"WebSite\",\"@id\":\"https:\\\/\\\/www.baque.com\\\/es\\\/#website\",\"url\":\"https:\\\/\\\/www.baque.com\\\/es\\\/\",\"name\":\"Caf\u00e9s Baqu\u00e9\",\"description\":\"Somos l\u00edderes en hosteler\u00eda en Pa\u00eds Vasco y La Rioja y una de las marcas m\u00e1s reconocidas en el mercado nacional. Somos una empresa familiar en constante innovaci\u00f3n en el producto. Tostamos y distribuimos caf\u00e9 molido, en grano y c\u00e1psulas para disfrutar en casa, en el bar y en la oficina.\",\"potentialAction\":[{\"@type\":\"SearchAction\",\"target\":{\"@type\":\"EntryPoint\",\"urlTemplate\":\"https:\\\/\\\/www.baque.com\\\/es\\\/?s={search_term_string}\"},\"query-input\":{\"@type\":\"PropertyValueSpecification\",\"valueRequired\":true,\"valueName\":\"search_term_string\"}}],\"inLanguage\":\"es\"}]}<\/script>\n<!-- \/ Yoast SEO plugin. -->","yoast_head_json":{"title":"Cacao sin gluten, 30 uds - Caf\u00e9s Baqu\u00e9","robots":{"index":"index","follow":"follow","max-snippet":"max-snippet:-1","max-image-preview":"max-image-preview:large","max-video-preview":"max-video-preview:-1"},"og_locale":"es_ES","og_type":"article","og_title":"Cacao sin gluten, 30 uds - Caf\u00e9s Baqu\u00e9","og_description":"Cacao sin gluten.","og_url":"https:\/\/www.baque.com\/es\/tienda\/cacaos\/cacao-soluble\/cacao-sin-gluten\/","og_site_name":"Caf\u00e9s Baqu\u00e9","article_modified_time":"2026-05-02T00:37:47+00:00","og_image":[{"width":500,"height":500,"url":"https:\/\/www.baque.com\/wp-content\/uploads\/2020\/06\/cacao-sin-gluten-baque.jpg","type":"image\/jpeg"}],"twitter_card":"summary_large_image","twitter_misc":{"Tiempo de lectura":"1 minuto"},"schema":{"@context":"https:\/\/schema.org","@graph":[{"@type":"WebPage","@id":"https:\/\/www.baque.com\/es\/tienda\/cacaos\/cacao-soluble\/cacao-sin-gluten\/","url":"https:\/\/www.baque.com\/es\/tienda\/cacaos\/cacao-soluble\/cacao-sin-gluten\/","name":"Cacao sin gluten, 30 uds - Caf\u00e9s Baqu\u00e9","isPartOf":{"@id":"https:\/\/www.baque.com\/es\/#website"},"primaryImageOfPage":{"@id":"https:\/\/www.baque.com\/es\/tienda\/cacaos\/cacao-soluble\/cacao-sin-gluten\/#primaryimage"},"image":{"@id":"https:\/\/www.baque.com\/es\/tienda\/cacaos\/cacao-soluble\/cacao-sin-gluten\/#primaryimage"},"thumbnailUrl":"https:\/\/www.baque.com\/wp-content\/uploads\/2020\/06\/cacao-sin-gluten-baque.jpg","datePublished":"2020-06-19T08:26:39+00:00","dateModified":"2026-05-02T00:37:47+00:00","breadcrumb":{"@id":"https:\/\/www.baque.com\/es\/tienda\/cacaos\/cacao-soluble\/cacao-sin-gluten\/#breadcrumb"},"inLanguage":"es","potentialAction":[{"@type":"ReadAction","target":["https:\/\/www.baque.com\/es\/tienda\/cacaos\/cacao-soluble\/cacao-sin-gluten\/"]}]},{"@type":"ImageObject","inLanguage":"es","@id":"https:\/\/www.baque.com\/es\/tienda\/cacaos\/cacao-soluble\/cacao-sin-gluten\/#primaryimage","url":"https:\/\/www.baque.com\/wp-content\/uploads\/2020\/06\/cacao-sin-gluten-baque.jpg","contentUrl":"https:\/\/www.baque.com\/wp-content\/uploads\/2020\/06\/cacao-sin-gluten-baque.jpg","width":500,"height":500},{"@type":"BreadcrumbList","@id":"https:\/\/www.baque.com\/es\/tienda\/cacaos\/cacao-soluble\/cacao-sin-gluten\/#breadcrumb","itemListElement":[{"@type":"ListItem","position":1,"name":"Portada","item":"https:\/\/www.baque.com\/es\/"},{"@type":"ListItem","position":2,"name":"Tienda","item":"https:\/\/www.baque.com\/es\/tienda\/"},{"@type":"ListItem","position":3,"name":"Cacao sin gluten, 30 uds"}]},{"@type":"WebSite","@id":"https:\/\/www.baque.com\/es\/#website","url":"https:\/\/www.baque.com\/es\/","name":"Caf\u00e9s Baqu\u00e9","description":"Somos l\u00edderes en hosteler\u00eda en Pa\u00eds Vasco y La Rioja y una de las marcas m\u00e1s reconocidas en el mercado nacional. Somos una empresa familiar en constante innovaci\u00f3n en el producto. Tostamos y distribuimos caf\u00e9 molido, en grano y c\u00e1psulas para disfrutar en casa, en el bar y en la oficina.","potentialAction":[{"@type":"SearchAction","target":{"@type":"EntryPoint","urlTemplate":"https:\/\/www.baque.com\/es\/?s={search_term_string}"},"query-input":{"@type":"PropertyValueSpecification","valueRequired":true,"valueName":"search_term_string"}}],"inLanguage":"es"}]}},"_links":{"self":[{"href":"https:\/\/www.baque.com\/es\/wp-json\/wp\/v2\/product\/29578","targetHints":{"allow":["GET"]}}],"collection":[{"href":"https:\/\/www.baque.com\/es\/wp-json\/wp\/v2\/product"}],"about":[{"href":"https:\/\/www.baque.com\/es\/wp-json\/wp\/v2\/types\/product"}],"wp:featuredmedia":[{"embeddable":true,"href":"https:\/\/www.baque.com\/es\/wp-json\/wp\/v2\/media\/29570"}],"wp:attachment":[{"href":"https:\/\/www.baque.com\/es\/wp-json\/wp\/v2\/media?parent=29578"}],"wp:term":[{"taxonomy":"product_brand","embeddable":true,"href":"https:\/\/www.baque.com\/es\/wp-json\/wp\/v2\/product_brand?post=29578"},{"taxonomy":"product_cat","embeddable":true,"href":"https:\/\/www.baque.com\/es\/wp-json\/wp\/v2\/product_cat?post=29578"},{"taxonomy":"product_tag","embeddable":true,"href":"https:\/\/www.baque.com\/es\/wp-json\/wp\/v2\/product_tag?post=29578"}],"curies":[{"name":"wp","href":"https:\/\/api.w.org\/{rel}","templated":true}]}}