
{"id":3386,"date":"2018-06-20T10:03:34","date_gmt":"2018-06-20T08:03:34","guid":{"rendered":"http:\/\/www.baque.com\/tienda\/sin%20categorizar\/espresso-intenso-10-capsulas-compatibles-dolce-gusto\/"},"modified":"2026-04-15T05:38:18","modified_gmt":"2026-04-15T03:38:18","slug":"espresso-intenso-10-capsulas-compatibles-dolce-gusto","status":"publish","type":"product","link":"https:\/\/www.baque.com\/es\/tienda\/cafe-capsulas\/dolce-gusto-2\/espresso-intenso-10-capsulas-compatibles-dolce-gusto\/","title":{"rendered":"Espresso Intenso 10 c\u00e1psulas compatibles Dolce Gusto\u00ae"},"content":{"rendered":"<p>C\u00e1psulas compatibles con cafeteras Nescaf\u00e9\u00ae Dolce Gusto\u00ae.<\/p>\n<p>Descubre un espresso con crema, cuerpo y sabor intenso con agradables notas a caf\u00e9 tostado.<\/p>\n<h3>Intensidad<\/h3>\n<p class=\"intensity\">8 <span class=\"circle\"><\/span><span class=\"circle\"><\/span><span class=\"circle\"><\/span><span class=\"circle\"><\/span><span class=\"circle\"><\/span><span class=\"circle\"><\/span><span class=\"circle\"><\/span><span class=\"circle\"><\/span><span class=\"circle circle0\"><\/span><span class=\"circle circle0\"><\/span><\/p>\n<h3>Peso\/Cantidad<\/h3>\n<p>10 uds.<\/p>\n<h3>Ingredientes<\/h3>\n<p>Caf\u00e9.<\/p>\n<h3>Al\u00e9rgenos<\/h3>\n<p>Ninguno.<\/p>\n<h3>Condiciones de uso\/conservaci\u00f3n<\/h3>\n<p>Conservar en un lugar fresco, seco y preservado de la luz del sol.<\/p>\n<h3>Fecha de caducidad<\/h3>\n<p>18 meses<\/p>\n<h3>Un consejo<\/h3>\n<p>Utilizar cada c\u00e1psula para preparar un solo caf\u00e9 espresso. Elaborar el caf\u00e9 de forma habitual (ver instrucciones de uso de la cafetera).<\/p>\n","protected":false},"excerpt":{"rendered":"<p>Caf\u00e9 molido de tueste natural.<\/p>\n","protected":false},"featured_media":2673632,"template":"","meta":{"_acf_changed":false},"product_brand":[],"product_cat":[103],"product_tag":[163,170,180,156,149],"class_list":{"0":"post-3386","1":"product","2":"type-product","3":"status-publish","4":"has-post-thumbnail","6":"product_cat-dolce-gusto-2","7":"product_tag-capsulas","8":"product_tag-compatibles","9":"product_tag-dolce-gusto","10":"product_tag-intenso","11":"product_tag-natural","13":"first","14":"instock","15":"taxable","16":"shipping-taxable","17":"purchasable","18":"product-type-simple"},"bundled_by":[],"bundle_stock_status":"instock","bundle_stock_quantity":4003,"bundle_virtual":false,"bundle_layout":"","bundle_add_to_cart_form_location":"","bundle_editable_in_cart":false,"bundle_sold_individually_context":"","bundle_item_grouping":"","bundle_min_size":"","bundle_max_size":"","bundle_price":[],"bundled_items":[],"bundle_sell_ids":[],"acf":[],"yoast_head":"<!-- This site is optimized with the Yoast SEO plugin v27.3 - https:\/\/yoast.com\/product\/yoast-seo-wordpress\/ -->\n<title>Espresso Intenso 10 c\u00e1psulas compatibles Dolce Gusto\u00ae - Caf\u00e9s Baqu\u00e9<\/title>\n<meta name=\"robots\" content=\"index, follow, max-snippet:-1, max-image-preview:large, max-video-preview:-1\" \/>\n<meta property=\"og:locale\" content=\"es_ES\" \/>\n<meta property=\"og:type\" content=\"article\" \/>\n<meta property=\"og:title\" content=\"Espresso Intenso 10 c\u00e1psulas compatibles Dolce Gusto\u00ae - Caf\u00e9s Baqu\u00e9\" \/>\n<meta property=\"og:description\" content=\"Caf\u00e9 molido de tueste natural.\" \/>\n<meta property=\"og:url\" content=\"https:\/\/www.baque.com\/es\/tienda\/cafe-capsulas\/dolce-gusto-2\/espresso-intenso-10-capsulas-compatibles-dolce-gusto\/\" \/>\n<meta property=\"og:site_name\" content=\"Caf\u00e9s Baqu\u00e9\" \/>\n<meta property=\"article:modified_time\" content=\"2026-04-15T03:38:18+00:00\" \/>\n<meta property=\"og:image\" content=\"https:\/\/www.baque.com\/wp-content\/uploads\/2018\/06\/Montaje-DG-Espresso-Intenso-Baque-Facing.png\" \/>\n\t<meta property=\"og:image:width\" content=\"2234\" \/>\n\t<meta property=\"og:image:height\" content=\"2103\" \/>\n\t<meta property=\"og:image:type\" content=\"image\/png\" \/>\n<meta name=\"twitter:card\" content=\"summary_large_image\" \/>\n<meta name=\"twitter:label1\" content=\"Tiempo de lectura\" \/>\n\t<meta name=\"twitter:data1\" content=\"1 minuto\" \/>\n<script type=\"application\/ld+json\" class=\"yoast-schema-graph\">{\"@context\":\"https:\\\/\\\/schema.org\",\"@graph\":[{\"@type\":\"WebPage\",\"@id\":\"https:\\\/\\\/www.baque.com\\\/es\\\/tienda\\\/cafe-capsulas\\\/dolce-gusto-2\\\/espresso-intenso-10-capsulas-compatibles-dolce-gusto\\\/\",\"url\":\"https:\\\/\\\/www.baque.com\\\/es\\\/tienda\\\/cafe-capsulas\\\/dolce-gusto-2\\\/espresso-intenso-10-capsulas-compatibles-dolce-gusto\\\/\",\"name\":\"Espresso Intenso 10 c\u00e1psulas compatibles Dolce Gusto\u00ae - Caf\u00e9s Baqu\u00e9\",\"isPartOf\":{\"@id\":\"https:\\\/\\\/www.baque.com\\\/es\\\/#website\"},\"primaryImageOfPage\":{\"@id\":\"https:\\\/\\\/www.baque.com\\\/es\\\/tienda\\\/cafe-capsulas\\\/dolce-gusto-2\\\/espresso-intenso-10-capsulas-compatibles-dolce-gusto\\\/#primaryimage\"},\"image\":{\"@id\":\"https:\\\/\\\/www.baque.com\\\/es\\\/tienda\\\/cafe-capsulas\\\/dolce-gusto-2\\\/espresso-intenso-10-capsulas-compatibles-dolce-gusto\\\/#primaryimage\"},\"thumbnailUrl\":\"https:\\\/\\\/www.baque.com\\\/wp-content\\\/uploads\\\/2018\\\/06\\\/Montaje-DG-Espresso-Intenso-Baque-Facing.png\",\"datePublished\":\"2018-06-20T08:03:34+00:00\",\"dateModified\":\"2026-04-15T03:38:18+00:00\",\"breadcrumb\":{\"@id\":\"https:\\\/\\\/www.baque.com\\\/es\\\/tienda\\\/cafe-capsulas\\\/dolce-gusto-2\\\/espresso-intenso-10-capsulas-compatibles-dolce-gusto\\\/#breadcrumb\"},\"inLanguage\":\"es\",\"potentialAction\":[{\"@type\":\"ReadAction\",\"target\":[\"https:\\\/\\\/www.baque.com\\\/es\\\/tienda\\\/cafe-capsulas\\\/dolce-gusto-2\\\/espresso-intenso-10-capsulas-compatibles-dolce-gusto\\\/\"]}]},{\"@type\":\"ImageObject\",\"inLanguage\":\"es\",\"@id\":\"https:\\\/\\\/www.baque.com\\\/es\\\/tienda\\\/cafe-capsulas\\\/dolce-gusto-2\\\/espresso-intenso-10-capsulas-compatibles-dolce-gusto\\\/#primaryimage\",\"url\":\"https:\\\/\\\/www.baque.com\\\/wp-content\\\/uploads\\\/2018\\\/06\\\/Montaje-DG-Espresso-Intenso-Baque-Facing.png\",\"contentUrl\":\"https:\\\/\\\/www.baque.com\\\/wp-content\\\/uploads\\\/2018\\\/06\\\/Montaje-DG-Espresso-Intenso-Baque-Facing.png\",\"width\":2234,\"height\":2103},{\"@type\":\"BreadcrumbList\",\"@id\":\"https:\\\/\\\/www.baque.com\\\/es\\\/tienda\\\/cafe-capsulas\\\/dolce-gusto-2\\\/espresso-intenso-10-capsulas-compatibles-dolce-gusto\\\/#breadcrumb\",\"itemListElement\":[{\"@type\":\"ListItem\",\"position\":1,\"name\":\"Portada\",\"item\":\"https:\\\/\\\/www.baque.com\\\/es\\\/\"},{\"@type\":\"ListItem\",\"position\":2,\"name\":\"Tienda\",\"item\":\"https:\\\/\\\/www.baque.com\\\/es\\\/tienda\\\/\"},{\"@type\":\"ListItem\",\"position\":3,\"name\":\"Espresso Intenso 10 c\u00e1psulas compatibles Dolce Gusto\u00ae\"}]},{\"@type\":\"WebSite\",\"@id\":\"https:\\\/\\\/www.baque.com\\\/es\\\/#website\",\"url\":\"https:\\\/\\\/www.baque.com\\\/es\\\/\",\"name\":\"Caf\u00e9s Baqu\u00e9\",\"description\":\"Somos l\u00edderes en hosteler\u00eda en Pa\u00eds Vasco y La Rioja y una de las marcas m\u00e1s reconocidas en el mercado nacional. Somos una empresa familiar en constante innovaci\u00f3n en el producto. Tostamos y distribuimos caf\u00e9 molido, en grano y c\u00e1psulas para disfrutar en casa, en el bar y en la oficina.\",\"potentialAction\":[{\"@type\":\"SearchAction\",\"target\":{\"@type\":\"EntryPoint\",\"urlTemplate\":\"https:\\\/\\\/www.baque.com\\\/es\\\/?s={search_term_string}\"},\"query-input\":{\"@type\":\"PropertyValueSpecification\",\"valueRequired\":true,\"valueName\":\"search_term_string\"}}],\"inLanguage\":\"es\"}]}<\/script>\n<!-- \/ Yoast SEO plugin. -->","yoast_head_json":{"title":"Espresso Intenso 10 c\u00e1psulas compatibles Dolce Gusto\u00ae - Caf\u00e9s Baqu\u00e9","robots":{"index":"index","follow":"follow","max-snippet":"max-snippet:-1","max-image-preview":"max-image-preview:large","max-video-preview":"max-video-preview:-1"},"og_locale":"es_ES","og_type":"article","og_title":"Espresso Intenso 10 c\u00e1psulas compatibles Dolce Gusto\u00ae - Caf\u00e9s Baqu\u00e9","og_description":"Caf\u00e9 molido de tueste natural.","og_url":"https:\/\/www.baque.com\/es\/tienda\/cafe-capsulas\/dolce-gusto-2\/espresso-intenso-10-capsulas-compatibles-dolce-gusto\/","og_site_name":"Caf\u00e9s Baqu\u00e9","article_modified_time":"2026-04-15T03:38:18+00:00","og_image":[{"width":2234,"height":2103,"url":"https:\/\/www.baque.com\/wp-content\/uploads\/2018\/06\/Montaje-DG-Espresso-Intenso-Baque-Facing.png","type":"image\/png"}],"twitter_card":"summary_large_image","twitter_misc":{"Tiempo de lectura":"1 minuto"},"schema":{"@context":"https:\/\/schema.org","@graph":[{"@type":"WebPage","@id":"https:\/\/www.baque.com\/es\/tienda\/cafe-capsulas\/dolce-gusto-2\/espresso-intenso-10-capsulas-compatibles-dolce-gusto\/","url":"https:\/\/www.baque.com\/es\/tienda\/cafe-capsulas\/dolce-gusto-2\/espresso-intenso-10-capsulas-compatibles-dolce-gusto\/","name":"Espresso Intenso 10 c\u00e1psulas compatibles Dolce Gusto\u00ae - Caf\u00e9s Baqu\u00e9","isPartOf":{"@id":"https:\/\/www.baque.com\/es\/#website"},"primaryImageOfPage":{"@id":"https:\/\/www.baque.com\/es\/tienda\/cafe-capsulas\/dolce-gusto-2\/espresso-intenso-10-capsulas-compatibles-dolce-gusto\/#primaryimage"},"image":{"@id":"https:\/\/www.baque.com\/es\/tienda\/cafe-capsulas\/dolce-gusto-2\/espresso-intenso-10-capsulas-compatibles-dolce-gusto\/#primaryimage"},"thumbnailUrl":"https:\/\/www.baque.com\/wp-content\/uploads\/2018\/06\/Montaje-DG-Espresso-Intenso-Baque-Facing.png","datePublished":"2018-06-20T08:03:34+00:00","dateModified":"2026-04-15T03:38:18+00:00","breadcrumb":{"@id":"https:\/\/www.baque.com\/es\/tienda\/cafe-capsulas\/dolce-gusto-2\/espresso-intenso-10-capsulas-compatibles-dolce-gusto\/#breadcrumb"},"inLanguage":"es","potentialAction":[{"@type":"ReadAction","target":["https:\/\/www.baque.com\/es\/tienda\/cafe-capsulas\/dolce-gusto-2\/espresso-intenso-10-capsulas-compatibles-dolce-gusto\/"]}]},{"@type":"ImageObject","inLanguage":"es","@id":"https:\/\/www.baque.com\/es\/tienda\/cafe-capsulas\/dolce-gusto-2\/espresso-intenso-10-capsulas-compatibles-dolce-gusto\/#primaryimage","url":"https:\/\/www.baque.com\/wp-content\/uploads\/2018\/06\/Montaje-DG-Espresso-Intenso-Baque-Facing.png","contentUrl":"https:\/\/www.baque.com\/wp-content\/uploads\/2018\/06\/Montaje-DG-Espresso-Intenso-Baque-Facing.png","width":2234,"height":2103},{"@type":"BreadcrumbList","@id":"https:\/\/www.baque.com\/es\/tienda\/cafe-capsulas\/dolce-gusto-2\/espresso-intenso-10-capsulas-compatibles-dolce-gusto\/#breadcrumb","itemListElement":[{"@type":"ListItem","position":1,"name":"Portada","item":"https:\/\/www.baque.com\/es\/"},{"@type":"ListItem","position":2,"name":"Tienda","item":"https:\/\/www.baque.com\/es\/tienda\/"},{"@type":"ListItem","position":3,"name":"Espresso Intenso 10 c\u00e1psulas compatibles Dolce Gusto\u00ae"}]},{"@type":"WebSite","@id":"https:\/\/www.baque.com\/es\/#website","url":"https:\/\/www.baque.com\/es\/","name":"Caf\u00e9s Baqu\u00e9","description":"Somos l\u00edderes en hosteler\u00eda en Pa\u00eds Vasco y La Rioja y una de las marcas m\u00e1s reconocidas en el mercado nacional. Somos una empresa familiar en constante innovaci\u00f3n en el producto. Tostamos y distribuimos caf\u00e9 molido, en grano y c\u00e1psulas para disfrutar en casa, en el bar y en la oficina.","potentialAction":[{"@type":"SearchAction","target":{"@type":"EntryPoint","urlTemplate":"https:\/\/www.baque.com\/es\/?s={search_term_string}"},"query-input":{"@type":"PropertyValueSpecification","valueRequired":true,"valueName":"search_term_string"}}],"inLanguage":"es"}]}},"_links":{"self":[{"href":"https:\/\/www.baque.com\/es\/wp-json\/wp\/v2\/product\/3386","targetHints":{"allow":["GET"]}}],"collection":[{"href":"https:\/\/www.baque.com\/es\/wp-json\/wp\/v2\/product"}],"about":[{"href":"https:\/\/www.baque.com\/es\/wp-json\/wp\/v2\/types\/product"}],"wp:featuredmedia":[{"embeddable":true,"href":"https:\/\/www.baque.com\/es\/wp-json\/wp\/v2\/media\/2673632"}],"wp:attachment":[{"href":"https:\/\/www.baque.com\/es\/wp-json\/wp\/v2\/media?parent=3386"}],"wp:term":[{"taxonomy":"product_brand","embeddable":true,"href":"https:\/\/www.baque.com\/es\/wp-json\/wp\/v2\/product_brand?post=3386"},{"taxonomy":"product_cat","embeddable":true,"href":"https:\/\/www.baque.com\/es\/wp-json\/wp\/v2\/product_cat?post=3386"},{"taxonomy":"product_tag","embeddable":true,"href":"https:\/\/www.baque.com\/es\/wp-json\/wp\/v2\/product_tag?post=3386"}],"curies":[{"name":"wp","href":"https:\/\/api.w.org\/{rel}","templated":true}]}}