
{"id":3506,"date":"2018-06-20T10:06:35","date_gmt":"2018-06-20T08:06:35","guid":{"rendered":"http:\/\/www.baque.com\/tienda\/sin%20categorizar\/palmeritas-120-uds\/"},"modified":"2026-05-04T22:53:18","modified_gmt":"2026-05-04T20:53:18","slug":"palmeritas-120-uds","status":"publish","type":"product","link":"https:\/\/www.baque.com\/es\/tienda\/amenities\/palmeritas-120-uds\/","title":{"rendered":"Mini Palmeritas, 235 uds."},"content":{"rendered":"<p>Deliciosas palmeritas de hojaldre 100% vegetales, sin grasas hidrogenadas, colorantes, ni conservantes.<\/p>\n<p>Envasadas individualmente; sistema de envasado que ofrece una mayor comodidad, limpieza, rapidez e higiene, as\u00ed como una perfecta conservaci\u00f3n del producto hasta su consumo.<\/p>\n<p>El complemento de calidad perfecto para acompa\u00f1ar un caf\u00e9.<\/p>\n<p>&nbsp;<\/p>\n<h3>Peso\/Cantidad<\/h3>\n<p>1,2 kg\/ 235 uds. aprox.<\/p>\n<h3>Ingredientes<\/h3>\n<p>Harina de trigo, margarina vegetal [grasa de palma, aceites vegetales en proporci\u00f3n variable<br \/>\n(girasol, soja, nabina), agua, emulgente: E-471, aroma natural, acidulante: E-330], az\u00facar, agua, sal.<\/p>\n<h3>Al\u00e9rgenos<\/h3>\n<p>Contiene gluten. Puede contener leche y sus derivados (incluida la lactosa),<br \/>\nfrutos de c\u00e1scara, soja y mostaza.<\/p>\n<h3>Condiciones de uso\/conservaci\u00f3n<\/h3>\n<p>Conservar en un lugar fresco y seco y sin olores.<\/p>\n<h3>Fecha de caducidad<\/h3>\n<p>12 meses<\/p>\n","protected":false},"excerpt":{"rendered":"<p>Amenities.<\/p>\n","protected":false},"featured_media":1049289,"template":"","meta":{"_acf_changed":false},"product_brand":[],"product_cat":[119],"product_tag":[245,246,251],"class_list":{"0":"post-3506","1":"product","2":"type-product","3":"status-publish","4":"has-post-thumbnail","6":"product_cat-amenities","7":"product_tag-amenities","8":"product_tag-dulces","9":"product_tag-palmerita","11":"first","12":"instock","13":"taxable","14":"shipping-taxable","15":"purchasable","16":"product-type-simple"},"bundled_by":[],"bundle_stock_status":"instock","bundle_stock_quantity":821,"bundle_virtual":false,"bundle_layout":"","bundle_add_to_cart_form_location":"","bundle_editable_in_cart":false,"bundle_sold_individually_context":"","bundle_item_grouping":"","bundle_min_size":"","bundle_max_size":"","bundle_price":[],"bundled_items":[],"bundle_sell_ids":[],"acf":[],"yoast_head":"<!-- This site is optimized with the Yoast SEO plugin v27.3 - https:\/\/yoast.com\/product\/yoast-seo-wordpress\/ -->\n<title>Mini Palmeritas, 235 uds. - Caf\u00e9s Baqu\u00e9<\/title>\n<meta name=\"robots\" content=\"index, follow, max-snippet:-1, max-image-preview:large, max-video-preview:-1\" \/>\n<meta property=\"og:locale\" content=\"es_ES\" \/>\n<meta property=\"og:type\" content=\"article\" \/>\n<meta property=\"og:title\" content=\"Mini Palmeritas, 235 uds. - Caf\u00e9s Baqu\u00e9\" \/>\n<meta property=\"og:description\" content=\"Amenities.\" \/>\n<meta property=\"og:url\" content=\"https:\/\/www.baque.com\/es\/tienda\/amenities\/palmeritas-120-uds\/\" \/>\n<meta property=\"og:site_name\" content=\"Caf\u00e9s Baqu\u00e9\" \/>\n<meta property=\"article:modified_time\" content=\"2026-05-04T20:53:18+00:00\" \/>\n<meta property=\"og:image\" content=\"https:\/\/www.baque.com\/wp-content\/uploads\/2022\/10\/24501305_Mini-palmerita-de-hojaldre-scaled.jpg\" \/>\n\t<meta property=\"og:image:width\" content=\"2560\" \/>\n\t<meta property=\"og:image:height\" content=\"2560\" \/>\n\t<meta property=\"og:image:type\" content=\"image\/jpeg\" \/>\n<meta name=\"twitter:card\" content=\"summary_large_image\" \/>\n<meta name=\"twitter:label1\" content=\"Tiempo de lectura\" \/>\n\t<meta name=\"twitter:data1\" content=\"1 minuto\" \/>\n<script type=\"application\/ld+json\" class=\"yoast-schema-graph\">{\"@context\":\"https:\\\/\\\/schema.org\",\"@graph\":[{\"@type\":\"WebPage\",\"@id\":\"https:\\\/\\\/www.baque.com\\\/es\\\/tienda\\\/amenities\\\/palmeritas-120-uds\\\/\",\"url\":\"https:\\\/\\\/www.baque.com\\\/es\\\/tienda\\\/amenities\\\/palmeritas-120-uds\\\/\",\"name\":\"Mini Palmeritas, 235 uds. - Caf\u00e9s Baqu\u00e9\",\"isPartOf\":{\"@id\":\"https:\\\/\\\/www.baque.com\\\/es\\\/#website\"},\"primaryImageOfPage\":{\"@id\":\"https:\\\/\\\/www.baque.com\\\/es\\\/tienda\\\/amenities\\\/palmeritas-120-uds\\\/#primaryimage\"},\"image\":{\"@id\":\"https:\\\/\\\/www.baque.com\\\/es\\\/tienda\\\/amenities\\\/palmeritas-120-uds\\\/#primaryimage\"},\"thumbnailUrl\":\"https:\\\/\\\/www.baque.com\\\/wp-content\\\/uploads\\\/2022\\\/10\\\/24501305_Mini-palmerita-de-hojaldre-scaled.jpg\",\"datePublished\":\"2018-06-20T08:06:35+00:00\",\"dateModified\":\"2026-05-04T20:53:18+00:00\",\"breadcrumb\":{\"@id\":\"https:\\\/\\\/www.baque.com\\\/es\\\/tienda\\\/amenities\\\/palmeritas-120-uds\\\/#breadcrumb\"},\"inLanguage\":\"es\",\"potentialAction\":[{\"@type\":\"ReadAction\",\"target\":[\"https:\\\/\\\/www.baque.com\\\/es\\\/tienda\\\/amenities\\\/palmeritas-120-uds\\\/\"]}]},{\"@type\":\"ImageObject\",\"inLanguage\":\"es\",\"@id\":\"https:\\\/\\\/www.baque.com\\\/es\\\/tienda\\\/amenities\\\/palmeritas-120-uds\\\/#primaryimage\",\"url\":\"https:\\\/\\\/www.baque.com\\\/wp-content\\\/uploads\\\/2022\\\/10\\\/24501305_Mini-palmerita-de-hojaldre-scaled.jpg\",\"contentUrl\":\"https:\\\/\\\/www.baque.com\\\/wp-content\\\/uploads\\\/2022\\\/10\\\/24501305_Mini-palmerita-de-hojaldre-scaled.jpg\",\"width\":2560,\"height\":2560},{\"@type\":\"BreadcrumbList\",\"@id\":\"https:\\\/\\\/www.baque.com\\\/es\\\/tienda\\\/amenities\\\/palmeritas-120-uds\\\/#breadcrumb\",\"itemListElement\":[{\"@type\":\"ListItem\",\"position\":1,\"name\":\"Portada\",\"item\":\"https:\\\/\\\/www.baque.com\\\/es\\\/\"},{\"@type\":\"ListItem\",\"position\":2,\"name\":\"Tienda\",\"item\":\"https:\\\/\\\/www.baque.com\\\/es\\\/tienda\\\/\"},{\"@type\":\"ListItem\",\"position\":3,\"name\":\"Mini Palmeritas, 235 uds.\"}]},{\"@type\":\"WebSite\",\"@id\":\"https:\\\/\\\/www.baque.com\\\/es\\\/#website\",\"url\":\"https:\\\/\\\/www.baque.com\\\/es\\\/\",\"name\":\"Caf\u00e9s Baqu\u00e9\",\"description\":\"Somos l\u00edderes en hosteler\u00eda en Pa\u00eds Vasco y La Rioja y una de las marcas m\u00e1s reconocidas en el mercado nacional. Somos una empresa familiar en constante innovaci\u00f3n en el producto. Tostamos y distribuimos caf\u00e9 molido, en grano y c\u00e1psulas para disfrutar en casa, en el bar y en la oficina.\",\"potentialAction\":[{\"@type\":\"SearchAction\",\"target\":{\"@type\":\"EntryPoint\",\"urlTemplate\":\"https:\\\/\\\/www.baque.com\\\/es\\\/?s={search_term_string}\"},\"query-input\":{\"@type\":\"PropertyValueSpecification\",\"valueRequired\":true,\"valueName\":\"search_term_string\"}}],\"inLanguage\":\"es\"}]}<\/script>\n<!-- \/ Yoast SEO plugin. -->","yoast_head_json":{"title":"Mini Palmeritas, 235 uds. - Caf\u00e9s Baqu\u00e9","robots":{"index":"index","follow":"follow","max-snippet":"max-snippet:-1","max-image-preview":"max-image-preview:large","max-video-preview":"max-video-preview:-1"},"og_locale":"es_ES","og_type":"article","og_title":"Mini Palmeritas, 235 uds. - Caf\u00e9s Baqu\u00e9","og_description":"Amenities.","og_url":"https:\/\/www.baque.com\/es\/tienda\/amenities\/palmeritas-120-uds\/","og_site_name":"Caf\u00e9s Baqu\u00e9","article_modified_time":"2026-05-04T20:53:18+00:00","og_image":[{"width":2560,"height":2560,"url":"https:\/\/www.baque.com\/wp-content\/uploads\/2022\/10\/24501305_Mini-palmerita-de-hojaldre-scaled.jpg","type":"image\/jpeg"}],"twitter_card":"summary_large_image","twitter_misc":{"Tiempo de lectura":"1 minuto"},"schema":{"@context":"https:\/\/schema.org","@graph":[{"@type":"WebPage","@id":"https:\/\/www.baque.com\/es\/tienda\/amenities\/palmeritas-120-uds\/","url":"https:\/\/www.baque.com\/es\/tienda\/amenities\/palmeritas-120-uds\/","name":"Mini Palmeritas, 235 uds. - Caf\u00e9s Baqu\u00e9","isPartOf":{"@id":"https:\/\/www.baque.com\/es\/#website"},"primaryImageOfPage":{"@id":"https:\/\/www.baque.com\/es\/tienda\/amenities\/palmeritas-120-uds\/#primaryimage"},"image":{"@id":"https:\/\/www.baque.com\/es\/tienda\/amenities\/palmeritas-120-uds\/#primaryimage"},"thumbnailUrl":"https:\/\/www.baque.com\/wp-content\/uploads\/2022\/10\/24501305_Mini-palmerita-de-hojaldre-scaled.jpg","datePublished":"2018-06-20T08:06:35+00:00","dateModified":"2026-05-04T20:53:18+00:00","breadcrumb":{"@id":"https:\/\/www.baque.com\/es\/tienda\/amenities\/palmeritas-120-uds\/#breadcrumb"},"inLanguage":"es","potentialAction":[{"@type":"ReadAction","target":["https:\/\/www.baque.com\/es\/tienda\/amenities\/palmeritas-120-uds\/"]}]},{"@type":"ImageObject","inLanguage":"es","@id":"https:\/\/www.baque.com\/es\/tienda\/amenities\/palmeritas-120-uds\/#primaryimage","url":"https:\/\/www.baque.com\/wp-content\/uploads\/2022\/10\/24501305_Mini-palmerita-de-hojaldre-scaled.jpg","contentUrl":"https:\/\/www.baque.com\/wp-content\/uploads\/2022\/10\/24501305_Mini-palmerita-de-hojaldre-scaled.jpg","width":2560,"height":2560},{"@type":"BreadcrumbList","@id":"https:\/\/www.baque.com\/es\/tienda\/amenities\/palmeritas-120-uds\/#breadcrumb","itemListElement":[{"@type":"ListItem","position":1,"name":"Portada","item":"https:\/\/www.baque.com\/es\/"},{"@type":"ListItem","position":2,"name":"Tienda","item":"https:\/\/www.baque.com\/es\/tienda\/"},{"@type":"ListItem","position":3,"name":"Mini Palmeritas, 235 uds."}]},{"@type":"WebSite","@id":"https:\/\/www.baque.com\/es\/#website","url":"https:\/\/www.baque.com\/es\/","name":"Caf\u00e9s Baqu\u00e9","description":"Somos l\u00edderes en hosteler\u00eda en Pa\u00eds Vasco y La Rioja y una de las marcas m\u00e1s reconocidas en el mercado nacional. Somos una empresa familiar en constante innovaci\u00f3n en el producto. Tostamos y distribuimos caf\u00e9 molido, en grano y c\u00e1psulas para disfrutar en casa, en el bar y en la oficina.","potentialAction":[{"@type":"SearchAction","target":{"@type":"EntryPoint","urlTemplate":"https:\/\/www.baque.com\/es\/?s={search_term_string}"},"query-input":{"@type":"PropertyValueSpecification","valueRequired":true,"valueName":"search_term_string"}}],"inLanguage":"es"}]}},"_links":{"self":[{"href":"https:\/\/www.baque.com\/es\/wp-json\/wp\/v2\/product\/3506","targetHints":{"allow":["GET"]}}],"collection":[{"href":"https:\/\/www.baque.com\/es\/wp-json\/wp\/v2\/product"}],"about":[{"href":"https:\/\/www.baque.com\/es\/wp-json\/wp\/v2\/types\/product"}],"wp:featuredmedia":[{"embeddable":true,"href":"https:\/\/www.baque.com\/es\/wp-json\/wp\/v2\/media\/1049289"}],"wp:attachment":[{"href":"https:\/\/www.baque.com\/es\/wp-json\/wp\/v2\/media?parent=3506"}],"wp:term":[{"taxonomy":"product_brand","embeddable":true,"href":"https:\/\/www.baque.com\/es\/wp-json\/wp\/v2\/product_brand?post=3506"},{"taxonomy":"product_cat","embeddable":true,"href":"https:\/\/www.baque.com\/es\/wp-json\/wp\/v2\/product_cat?post=3506"},{"taxonomy":"product_tag","embeddable":true,"href":"https:\/\/www.baque.com\/es\/wp-json\/wp\/v2\/product_tag?post=3506"}],"curies":[{"name":"wp","href":"https:\/\/api.w.org\/{rel}","templated":true}]}}