
{"id":3510,"date":"2018-06-20T10:06:38","date_gmt":"2018-06-20T08:06:38","guid":{"rendered":"http:\/\/www.baque.com\/tienda\/sin%20categorizar\/mini-magdalenas-120-uds\/"},"modified":"2026-05-04T22:53:18","modified_gmt":"2026-05-04T20:53:18","slug":"mini-magdalenas-120-uds","status":"publish","type":"product","link":"https:\/\/www.baque.com\/es\/tienda\/amenities\/mini-magdalenas-120-uds\/","title":{"rendered":"Mini Magdalenas, 120 uds."},"content":{"rendered":"<p>Los mejores ingredientes y un preciso horneado hacen de estas mini magdalenas un producto totalmente sabroso, jugoso y suave. Envasadas individualmente.<\/p>\n<h3>Peso\/Cantidad<\/h3>\n<p>120 uds.<\/p>\n<h3>Ingredientes<\/h3>\n<p>Harina de trigo, az\u00facar, huevo l\u00edquido pasteurizado, mantequilla (4%), aceite de girasol refinado, agua, az\u00facar invertido, glicerina, leche en polvo, humectante, emulgente, conservantes, impulsor, almid\u00f3n de ma\u00edz, aromas y sal.<\/p>\n<h3>Al\u00e9rgenos<\/h3>\n<p>Contiene gluten, huevo, leche y derivados, sulfitos. Puede contener trazas de soja y frutos secos.<\/p>\n<h3>Informaci\u00f3n nutricional<\/h3>\n<table class='ingredientes'><tr><th align='left'>Valor Energ\u00e9tico<\/th><th align='right'>431 kcal.\/ 1808 kJ.<\/th><\/tr><tr><td align='left'>Grasa total<\/td><td align='right'>20,0 g.<\/td><\/tr><tr><td align='left'>de las cuales saturadas<\/td><td align='right'>2,5 g.<\/td><\/tr><tr><td align='left'>Hidratos de carbono<\/td><td align='right'>57,3 g.<\/td><\/tr><tr><td align='left'>de los cuales az\u00facares<\/td><td align='right'>25,9 g.<\/td><\/tr><tr><td align='left'>Prote\u00ednas<\/td><td align='right'>5,5 g.<\/td><\/tr><tr><td align='left'>Sal<\/td><td align='right'>0,01 g.<\/td><\/tr><\/table>\n<h3>Condiciones de uso\/conservaci\u00f3n<\/h3>\n<p>Conservar en un lugar fresco y seco y sin olores.<\/p>\n<h3>Fecha de caducidad<\/h3>\n<p>6 meses<\/p>\n<h3>Un consejo<\/h3>\n<p>Ideales para acompa\u00f1ar con tu caf\u00e9 por la ma\u00f1ana<\/p>\n","protected":false},"excerpt":{"rendered":"<p>Amenities.<\/p>\n","protected":false},"featured_media":5548,"template":"","meta":{"_acf_changed":false},"product_brand":[],"product_cat":[119],"product_tag":[245,246,255,254,253],"class_list":{"0":"post-3510","1":"product","2":"type-product","3":"status-publish","4":"has-post-thumbnail","6":"product_cat-amenities","7":"product_tag-amenities","8":"product_tag-dulces","9":"product_tag-madalena","10":"product_tag-magdalena","11":"product_tag-mini","13":"first","14":"instock","15":"taxable","16":"shipping-taxable","17":"purchasable","18":"product-type-simple"},"bundled_by":[],"bundle_stock_status":"instock","bundle_stock_quantity":726,"bundle_virtual":false,"bundle_layout":"","bundle_add_to_cart_form_location":"","bundle_editable_in_cart":false,"bundle_sold_individually_context":"","bundle_item_grouping":"","bundle_min_size":"","bundle_max_size":"","bundle_price":[],"bundled_items":[],"bundle_sell_ids":[],"acf":[],"yoast_head":"<!-- This site is optimized with the Yoast SEO plugin v27.3 - https:\/\/yoast.com\/product\/yoast-seo-wordpress\/ -->\n<title>Mini Magdalenas, 120 uds. - Caf\u00e9s Baqu\u00e9<\/title>\n<meta name=\"robots\" content=\"index, follow, max-snippet:-1, max-image-preview:large, max-video-preview:-1\" \/>\n<meta property=\"og:locale\" content=\"es_ES\" \/>\n<meta property=\"og:type\" content=\"article\" \/>\n<meta property=\"og:title\" content=\"Mini Magdalenas, 120 uds. - Caf\u00e9s Baqu\u00e9\" \/>\n<meta property=\"og:description\" content=\"Amenities.\" \/>\n<meta property=\"og:url\" content=\"https:\/\/www.baque.com\/es\/tienda\/amenities\/mini-magdalenas-120-uds\/\" \/>\n<meta property=\"og:site_name\" content=\"Caf\u00e9s Baqu\u00e9\" \/>\n<meta property=\"article:modified_time\" content=\"2026-05-04T20:53:18+00:00\" \/>\n<meta property=\"og:image\" content=\"https:\/\/www.baque.com\/wp-content\/uploads\/2018\/06\/amenities-mini-magdalenas-expositor.jpg\" \/>\n\t<meta property=\"og:image:width\" content=\"500\" \/>\n\t<meta property=\"og:image:height\" content=\"500\" \/>\n\t<meta property=\"og:image:type\" content=\"image\/jpeg\" \/>\n<meta name=\"twitter:card\" content=\"summary_large_image\" \/>\n<meta name=\"twitter:label1\" content=\"Tiempo de lectura\" \/>\n\t<meta name=\"twitter:data1\" content=\"1 minuto\" \/>\n<script type=\"application\/ld+json\" class=\"yoast-schema-graph\">{\"@context\":\"https:\\\/\\\/schema.org\",\"@graph\":[{\"@type\":\"WebPage\",\"@id\":\"https:\\\/\\\/www.baque.com\\\/es\\\/tienda\\\/amenities\\\/mini-magdalenas-120-uds\\\/\",\"url\":\"https:\\\/\\\/www.baque.com\\\/es\\\/tienda\\\/amenities\\\/mini-magdalenas-120-uds\\\/\",\"name\":\"Mini Magdalenas, 120 uds. - Caf\u00e9s Baqu\u00e9\",\"isPartOf\":{\"@id\":\"https:\\\/\\\/www.baque.com\\\/es\\\/#website\"},\"primaryImageOfPage\":{\"@id\":\"https:\\\/\\\/www.baque.com\\\/es\\\/tienda\\\/amenities\\\/mini-magdalenas-120-uds\\\/#primaryimage\"},\"image\":{\"@id\":\"https:\\\/\\\/www.baque.com\\\/es\\\/tienda\\\/amenities\\\/mini-magdalenas-120-uds\\\/#primaryimage\"},\"thumbnailUrl\":\"https:\\\/\\\/www.baque.com\\\/wp-content\\\/uploads\\\/2018\\\/06\\\/amenities-mini-magdalenas-expositor.jpg\",\"datePublished\":\"2018-06-20T08:06:38+00:00\",\"dateModified\":\"2026-05-04T20:53:18+00:00\",\"breadcrumb\":{\"@id\":\"https:\\\/\\\/www.baque.com\\\/es\\\/tienda\\\/amenities\\\/mini-magdalenas-120-uds\\\/#breadcrumb\"},\"inLanguage\":\"es\",\"potentialAction\":[{\"@type\":\"ReadAction\",\"target\":[\"https:\\\/\\\/www.baque.com\\\/es\\\/tienda\\\/amenities\\\/mini-magdalenas-120-uds\\\/\"]}]},{\"@type\":\"ImageObject\",\"inLanguage\":\"es\",\"@id\":\"https:\\\/\\\/www.baque.com\\\/es\\\/tienda\\\/amenities\\\/mini-magdalenas-120-uds\\\/#primaryimage\",\"url\":\"https:\\\/\\\/www.baque.com\\\/wp-content\\\/uploads\\\/2018\\\/06\\\/amenities-mini-magdalenas-expositor.jpg\",\"contentUrl\":\"https:\\\/\\\/www.baque.com\\\/wp-content\\\/uploads\\\/2018\\\/06\\\/amenities-mini-magdalenas-expositor.jpg\",\"width\":500,\"height\":500},{\"@type\":\"BreadcrumbList\",\"@id\":\"https:\\\/\\\/www.baque.com\\\/es\\\/tienda\\\/amenities\\\/mini-magdalenas-120-uds\\\/#breadcrumb\",\"itemListElement\":[{\"@type\":\"ListItem\",\"position\":1,\"name\":\"Portada\",\"item\":\"https:\\\/\\\/www.baque.com\\\/es\\\/\"},{\"@type\":\"ListItem\",\"position\":2,\"name\":\"Tienda\",\"item\":\"https:\\\/\\\/www.baque.com\\\/es\\\/tienda\\\/\"},{\"@type\":\"ListItem\",\"position\":3,\"name\":\"Mini Magdalenas, 120 uds.\"}]},{\"@type\":\"WebSite\",\"@id\":\"https:\\\/\\\/www.baque.com\\\/es\\\/#website\",\"url\":\"https:\\\/\\\/www.baque.com\\\/es\\\/\",\"name\":\"Caf\u00e9s Baqu\u00e9\",\"description\":\"Somos l\u00edderes en hosteler\u00eda en Pa\u00eds Vasco y La Rioja y una de las marcas m\u00e1s reconocidas en el mercado nacional. Somos una empresa familiar en constante innovaci\u00f3n en el producto. Tostamos y distribuimos caf\u00e9 molido, en grano y c\u00e1psulas para disfrutar en casa, en el bar y en la oficina.\",\"potentialAction\":[{\"@type\":\"SearchAction\",\"target\":{\"@type\":\"EntryPoint\",\"urlTemplate\":\"https:\\\/\\\/www.baque.com\\\/es\\\/?s={search_term_string}\"},\"query-input\":{\"@type\":\"PropertyValueSpecification\",\"valueRequired\":true,\"valueName\":\"search_term_string\"}}],\"inLanguage\":\"es\"}]}<\/script>\n<!-- \/ Yoast SEO plugin. -->","yoast_head_json":{"title":"Mini Magdalenas, 120 uds. - Caf\u00e9s Baqu\u00e9","robots":{"index":"index","follow":"follow","max-snippet":"max-snippet:-1","max-image-preview":"max-image-preview:large","max-video-preview":"max-video-preview:-1"},"og_locale":"es_ES","og_type":"article","og_title":"Mini Magdalenas, 120 uds. - Caf\u00e9s Baqu\u00e9","og_description":"Amenities.","og_url":"https:\/\/www.baque.com\/es\/tienda\/amenities\/mini-magdalenas-120-uds\/","og_site_name":"Caf\u00e9s Baqu\u00e9","article_modified_time":"2026-05-04T20:53:18+00:00","og_image":[{"width":500,"height":500,"url":"https:\/\/www.baque.com\/wp-content\/uploads\/2018\/06\/amenities-mini-magdalenas-expositor.jpg","type":"image\/jpeg"}],"twitter_card":"summary_large_image","twitter_misc":{"Tiempo de lectura":"1 minuto"},"schema":{"@context":"https:\/\/schema.org","@graph":[{"@type":"WebPage","@id":"https:\/\/www.baque.com\/es\/tienda\/amenities\/mini-magdalenas-120-uds\/","url":"https:\/\/www.baque.com\/es\/tienda\/amenities\/mini-magdalenas-120-uds\/","name":"Mini Magdalenas, 120 uds. - Caf\u00e9s Baqu\u00e9","isPartOf":{"@id":"https:\/\/www.baque.com\/es\/#website"},"primaryImageOfPage":{"@id":"https:\/\/www.baque.com\/es\/tienda\/amenities\/mini-magdalenas-120-uds\/#primaryimage"},"image":{"@id":"https:\/\/www.baque.com\/es\/tienda\/amenities\/mini-magdalenas-120-uds\/#primaryimage"},"thumbnailUrl":"https:\/\/www.baque.com\/wp-content\/uploads\/2018\/06\/amenities-mini-magdalenas-expositor.jpg","datePublished":"2018-06-20T08:06:38+00:00","dateModified":"2026-05-04T20:53:18+00:00","breadcrumb":{"@id":"https:\/\/www.baque.com\/es\/tienda\/amenities\/mini-magdalenas-120-uds\/#breadcrumb"},"inLanguage":"es","potentialAction":[{"@type":"ReadAction","target":["https:\/\/www.baque.com\/es\/tienda\/amenities\/mini-magdalenas-120-uds\/"]}]},{"@type":"ImageObject","inLanguage":"es","@id":"https:\/\/www.baque.com\/es\/tienda\/amenities\/mini-magdalenas-120-uds\/#primaryimage","url":"https:\/\/www.baque.com\/wp-content\/uploads\/2018\/06\/amenities-mini-magdalenas-expositor.jpg","contentUrl":"https:\/\/www.baque.com\/wp-content\/uploads\/2018\/06\/amenities-mini-magdalenas-expositor.jpg","width":500,"height":500},{"@type":"BreadcrumbList","@id":"https:\/\/www.baque.com\/es\/tienda\/amenities\/mini-magdalenas-120-uds\/#breadcrumb","itemListElement":[{"@type":"ListItem","position":1,"name":"Portada","item":"https:\/\/www.baque.com\/es\/"},{"@type":"ListItem","position":2,"name":"Tienda","item":"https:\/\/www.baque.com\/es\/tienda\/"},{"@type":"ListItem","position":3,"name":"Mini Magdalenas, 120 uds."}]},{"@type":"WebSite","@id":"https:\/\/www.baque.com\/es\/#website","url":"https:\/\/www.baque.com\/es\/","name":"Caf\u00e9s Baqu\u00e9","description":"Somos l\u00edderes en hosteler\u00eda en Pa\u00eds Vasco y La Rioja y una de las marcas m\u00e1s reconocidas en el mercado nacional. Somos una empresa familiar en constante innovaci\u00f3n en el producto. Tostamos y distribuimos caf\u00e9 molido, en grano y c\u00e1psulas para disfrutar en casa, en el bar y en la oficina.","potentialAction":[{"@type":"SearchAction","target":{"@type":"EntryPoint","urlTemplate":"https:\/\/www.baque.com\/es\/?s={search_term_string}"},"query-input":{"@type":"PropertyValueSpecification","valueRequired":true,"valueName":"search_term_string"}}],"inLanguage":"es"}]}},"_links":{"self":[{"href":"https:\/\/www.baque.com\/es\/wp-json\/wp\/v2\/product\/3510","targetHints":{"allow":["GET"]}}],"collection":[{"href":"https:\/\/www.baque.com\/es\/wp-json\/wp\/v2\/product"}],"about":[{"href":"https:\/\/www.baque.com\/es\/wp-json\/wp\/v2\/types\/product"}],"wp:featuredmedia":[{"embeddable":true,"href":"https:\/\/www.baque.com\/es\/wp-json\/wp\/v2\/media\/5548"}],"wp:attachment":[{"href":"https:\/\/www.baque.com\/es\/wp-json\/wp\/v2\/media?parent=3510"}],"wp:term":[{"taxonomy":"product_brand","embeddable":true,"href":"https:\/\/www.baque.com\/es\/wp-json\/wp\/v2\/product_brand?post=3510"},{"taxonomy":"product_cat","embeddable":true,"href":"https:\/\/www.baque.com\/es\/wp-json\/wp\/v2\/product_cat?post=3510"},{"taxonomy":"product_tag","embeddable":true,"href":"https:\/\/www.baque.com\/es\/wp-json\/wp\/v2\/product_tag?post=3510"}],"curies":[{"name":"wp","href":"https:\/\/api.w.org\/{rel}","templated":true}]}}