
{"id":3605,"date":"2018-06-25T09:38:18","date_gmt":"2018-06-25T07:38:18","guid":{"rendered":"http:\/\/www.baque.com\/tienda\/sin%20categorizar\/manzanilla-bio\/"},"modified":"2026-04-10T10:08:23","modified_gmt":"2026-04-10T08:08:23","slug":"manzanilla-bio","status":"publish","type":"product","link":"https:\/\/www.baque.com\/es\/tienda\/tes-infusiones\/organicas\/manzanilla-bio\/","title":{"rendered":"Manzanilla Bio"},"content":{"rendered":"<p>Infusi\u00f3n de manzanilla Bio. Una agradable y riqu\u00edsima infusi\u00f3n piramidal de cultivo biol\u00f3gico.<\/p>\n<h3>Peso\/Cantidad<\/h3>\n<p>15 pir\u00e1mides ensobradas x 1,5g en estuche<\/p>\n<h3>Ingredientes<\/h3>\n<p>Manzanilla<\/p>\n<h3>Al\u00e9rgenos<\/h3>\n<p>Puede contener trazas de frutos con c\u00e1scara y leche.<\/p>\n<h3>Condiciones de uso\/conservaci\u00f3n<\/h3>\n<p>Mantener en un lugar fresco y seco. Temperatura recomendada de conservaci\u00f3n &lt; 24 \u00baC.<\/p>\n<h3>Fecha de caducidad<\/h3>\n<p>24 meses<\/p>\n<h3>Un consejo<\/h3>\n<p>Introducir la pir\u00e1mide en un vaso con agua caliente y dejar infusionar 5-10 min<\/p>\n","protected":false},"excerpt":{"rendered":"<p>T\u00e9s e Infusiones Org\u00e1nicas<\/p>\n","protected":false},"featured_media":5517,"template":"","meta":{"_acf_changed":false},"product_brand":[],"product_cat":[289],"product_tag":[188,194],"class_list":{"0":"post-3605","1":"product","2":"type-product","3":"status-publish","4":"has-post-thumbnail","6":"product_cat-organicas","7":"product_tag-infusion","8":"product_tag-manzanilla","10":"first","11":"instock","12":"taxable","13":"shipping-taxable","14":"purchasable","15":"product-type-simple"},"bundled_by":[],"bundle_stock_status":"instock","bundle_stock_quantity":791,"bundle_virtual":false,"bundle_layout":"","bundle_add_to_cart_form_location":"","bundle_editable_in_cart":false,"bundle_sold_individually_context":"","bundle_item_grouping":"","bundle_min_size":"","bundle_max_size":"","bundle_price":[],"bundled_items":[],"bundle_sell_ids":[],"acf":[],"yoast_head":"<!-- This site is optimized with the Yoast SEO plugin v27.3 - https:\/\/yoast.com\/product\/yoast-seo-wordpress\/ -->\n<title>Manzanilla Bio - Caf\u00e9s Baqu\u00e9<\/title>\n<meta name=\"robots\" content=\"index, follow, max-snippet:-1, max-image-preview:large, max-video-preview:-1\" \/>\n<meta property=\"og:locale\" content=\"es_ES\" \/>\n<meta property=\"og:type\" content=\"article\" \/>\n<meta property=\"og:title\" content=\"Manzanilla Bio - Caf\u00e9s Baqu\u00e9\" \/>\n<meta property=\"og:description\" content=\"T\u00e9s e Infusiones Org\u00e1nicas\" \/>\n<meta property=\"og:url\" content=\"https:\/\/www.baque.com\/es\/tienda\/tes-infusiones\/organicas\/manzanilla-bio\/\" \/>\n<meta property=\"og:site_name\" content=\"Caf\u00e9s Baqu\u00e9\" \/>\n<meta property=\"article:modified_time\" content=\"2026-04-10T08:08:23+00:00\" \/>\n<meta property=\"og:image\" content=\"https:\/\/www.baque.com\/wp-content\/uploads\/2018\/11\/tes-e-infusiones-organicas-manzanilla-e1542887695970.jpg\" \/>\n\t<meta property=\"og:image:width\" content=\"500\" \/>\n\t<meta property=\"og:image:height\" content=\"500\" \/>\n\t<meta property=\"og:image:type\" content=\"image\/jpeg\" \/>\n<meta name=\"twitter:card\" content=\"summary_large_image\" \/>\n<script type=\"application\/ld+json\" class=\"yoast-schema-graph\">{\"@context\":\"https:\\\/\\\/schema.org\",\"@graph\":[{\"@type\":\"WebPage\",\"@id\":\"https:\\\/\\\/www.baque.com\\\/es\\\/tienda\\\/tes-infusiones\\\/organicas\\\/manzanilla-bio\\\/\",\"url\":\"https:\\\/\\\/www.baque.com\\\/es\\\/tienda\\\/tes-infusiones\\\/organicas\\\/manzanilla-bio\\\/\",\"name\":\"Manzanilla Bio - Caf\u00e9s Baqu\u00e9\",\"isPartOf\":{\"@id\":\"https:\\\/\\\/www.baque.com\\\/es\\\/#website\"},\"primaryImageOfPage\":{\"@id\":\"https:\\\/\\\/www.baque.com\\\/es\\\/tienda\\\/tes-infusiones\\\/organicas\\\/manzanilla-bio\\\/#primaryimage\"},\"image\":{\"@id\":\"https:\\\/\\\/www.baque.com\\\/es\\\/tienda\\\/tes-infusiones\\\/organicas\\\/manzanilla-bio\\\/#primaryimage\"},\"thumbnailUrl\":\"https:\\\/\\\/www.baque.com\\\/wp-content\\\/uploads\\\/2018\\\/11\\\/tes-e-infusiones-organicas-manzanilla-e1542887695970.jpg\",\"datePublished\":\"2018-06-25T07:38:18+00:00\",\"dateModified\":\"2026-04-10T08:08:23+00:00\",\"breadcrumb\":{\"@id\":\"https:\\\/\\\/www.baque.com\\\/es\\\/tienda\\\/tes-infusiones\\\/organicas\\\/manzanilla-bio\\\/#breadcrumb\"},\"inLanguage\":\"es\",\"potentialAction\":[{\"@type\":\"ReadAction\",\"target\":[\"https:\\\/\\\/www.baque.com\\\/es\\\/tienda\\\/tes-infusiones\\\/organicas\\\/manzanilla-bio\\\/\"]}]},{\"@type\":\"ImageObject\",\"inLanguage\":\"es\",\"@id\":\"https:\\\/\\\/www.baque.com\\\/es\\\/tienda\\\/tes-infusiones\\\/organicas\\\/manzanilla-bio\\\/#primaryimage\",\"url\":\"https:\\\/\\\/www.baque.com\\\/wp-content\\\/uploads\\\/2018\\\/11\\\/tes-e-infusiones-organicas-manzanilla-e1542887695970.jpg\",\"contentUrl\":\"https:\\\/\\\/www.baque.com\\\/wp-content\\\/uploads\\\/2018\\\/11\\\/tes-e-infusiones-organicas-manzanilla-e1542887695970.jpg\",\"width\":500,\"height\":500},{\"@type\":\"BreadcrumbList\",\"@id\":\"https:\\\/\\\/www.baque.com\\\/es\\\/tienda\\\/tes-infusiones\\\/organicas\\\/manzanilla-bio\\\/#breadcrumb\",\"itemListElement\":[{\"@type\":\"ListItem\",\"position\":1,\"name\":\"Portada\",\"item\":\"https:\\\/\\\/www.baque.com\\\/es\\\/\"},{\"@type\":\"ListItem\",\"position\":2,\"name\":\"Tienda\",\"item\":\"https:\\\/\\\/www.baque.com\\\/es\\\/tienda\\\/\"},{\"@type\":\"ListItem\",\"position\":3,\"name\":\"Manzanilla Bio\"}]},{\"@type\":\"WebSite\",\"@id\":\"https:\\\/\\\/www.baque.com\\\/es\\\/#website\",\"url\":\"https:\\\/\\\/www.baque.com\\\/es\\\/\",\"name\":\"Caf\u00e9s Baqu\u00e9\",\"description\":\"Somos l\u00edderes en hosteler\u00eda en Pa\u00eds Vasco y La Rioja y una de las marcas m\u00e1s reconocidas en el mercado nacional. Somos una empresa familiar en constante innovaci\u00f3n en el producto. Tostamos y distribuimos caf\u00e9 molido, en grano y c\u00e1psulas para disfrutar en casa, en el bar y en la oficina.\",\"potentialAction\":[{\"@type\":\"SearchAction\",\"target\":{\"@type\":\"EntryPoint\",\"urlTemplate\":\"https:\\\/\\\/www.baque.com\\\/es\\\/?s={search_term_string}\"},\"query-input\":{\"@type\":\"PropertyValueSpecification\",\"valueRequired\":true,\"valueName\":\"search_term_string\"}}],\"inLanguage\":\"es\"}]}<\/script>\n<!-- \/ Yoast SEO plugin. -->","yoast_head_json":{"title":"Manzanilla Bio - Caf\u00e9s Baqu\u00e9","robots":{"index":"index","follow":"follow","max-snippet":"max-snippet:-1","max-image-preview":"max-image-preview:large","max-video-preview":"max-video-preview:-1"},"og_locale":"es_ES","og_type":"article","og_title":"Manzanilla Bio - Caf\u00e9s Baqu\u00e9","og_description":"T\u00e9s e Infusiones Org\u00e1nicas","og_url":"https:\/\/www.baque.com\/es\/tienda\/tes-infusiones\/organicas\/manzanilla-bio\/","og_site_name":"Caf\u00e9s Baqu\u00e9","article_modified_time":"2026-04-10T08:08:23+00:00","og_image":[{"width":500,"height":500,"url":"https:\/\/www.baque.com\/wp-content\/uploads\/2018\/11\/tes-e-infusiones-organicas-manzanilla-e1542887695970.jpg","type":"image\/jpeg"}],"twitter_card":"summary_large_image","schema":{"@context":"https:\/\/schema.org","@graph":[{"@type":"WebPage","@id":"https:\/\/www.baque.com\/es\/tienda\/tes-infusiones\/organicas\/manzanilla-bio\/","url":"https:\/\/www.baque.com\/es\/tienda\/tes-infusiones\/organicas\/manzanilla-bio\/","name":"Manzanilla Bio - Caf\u00e9s Baqu\u00e9","isPartOf":{"@id":"https:\/\/www.baque.com\/es\/#website"},"primaryImageOfPage":{"@id":"https:\/\/www.baque.com\/es\/tienda\/tes-infusiones\/organicas\/manzanilla-bio\/#primaryimage"},"image":{"@id":"https:\/\/www.baque.com\/es\/tienda\/tes-infusiones\/organicas\/manzanilla-bio\/#primaryimage"},"thumbnailUrl":"https:\/\/www.baque.com\/wp-content\/uploads\/2018\/11\/tes-e-infusiones-organicas-manzanilla-e1542887695970.jpg","datePublished":"2018-06-25T07:38:18+00:00","dateModified":"2026-04-10T08:08:23+00:00","breadcrumb":{"@id":"https:\/\/www.baque.com\/es\/tienda\/tes-infusiones\/organicas\/manzanilla-bio\/#breadcrumb"},"inLanguage":"es","potentialAction":[{"@type":"ReadAction","target":["https:\/\/www.baque.com\/es\/tienda\/tes-infusiones\/organicas\/manzanilla-bio\/"]}]},{"@type":"ImageObject","inLanguage":"es","@id":"https:\/\/www.baque.com\/es\/tienda\/tes-infusiones\/organicas\/manzanilla-bio\/#primaryimage","url":"https:\/\/www.baque.com\/wp-content\/uploads\/2018\/11\/tes-e-infusiones-organicas-manzanilla-e1542887695970.jpg","contentUrl":"https:\/\/www.baque.com\/wp-content\/uploads\/2018\/11\/tes-e-infusiones-organicas-manzanilla-e1542887695970.jpg","width":500,"height":500},{"@type":"BreadcrumbList","@id":"https:\/\/www.baque.com\/es\/tienda\/tes-infusiones\/organicas\/manzanilla-bio\/#breadcrumb","itemListElement":[{"@type":"ListItem","position":1,"name":"Portada","item":"https:\/\/www.baque.com\/es\/"},{"@type":"ListItem","position":2,"name":"Tienda","item":"https:\/\/www.baque.com\/es\/tienda\/"},{"@type":"ListItem","position":3,"name":"Manzanilla Bio"}]},{"@type":"WebSite","@id":"https:\/\/www.baque.com\/es\/#website","url":"https:\/\/www.baque.com\/es\/","name":"Caf\u00e9s Baqu\u00e9","description":"Somos l\u00edderes en hosteler\u00eda en Pa\u00eds Vasco y La Rioja y una de las marcas m\u00e1s reconocidas en el mercado nacional. Somos una empresa familiar en constante innovaci\u00f3n en el producto. Tostamos y distribuimos caf\u00e9 molido, en grano y c\u00e1psulas para disfrutar en casa, en el bar y en la oficina.","potentialAction":[{"@type":"SearchAction","target":{"@type":"EntryPoint","urlTemplate":"https:\/\/www.baque.com\/es\/?s={search_term_string}"},"query-input":{"@type":"PropertyValueSpecification","valueRequired":true,"valueName":"search_term_string"}}],"inLanguage":"es"}]}},"_links":{"self":[{"href":"https:\/\/www.baque.com\/es\/wp-json\/wp\/v2\/product\/3605","targetHints":{"allow":["GET"]}}],"collection":[{"href":"https:\/\/www.baque.com\/es\/wp-json\/wp\/v2\/product"}],"about":[{"href":"https:\/\/www.baque.com\/es\/wp-json\/wp\/v2\/types\/product"}],"wp:featuredmedia":[{"embeddable":true,"href":"https:\/\/www.baque.com\/es\/wp-json\/wp\/v2\/media\/5517"}],"wp:attachment":[{"href":"https:\/\/www.baque.com\/es\/wp-json\/wp\/v2\/media?parent=3605"}],"wp:term":[{"taxonomy":"product_brand","embeddable":true,"href":"https:\/\/www.baque.com\/es\/wp-json\/wp\/v2\/product_brand?post=3605"},{"taxonomy":"product_cat","embeddable":true,"href":"https:\/\/www.baque.com\/es\/wp-json\/wp\/v2\/product_cat?post=3605"},{"taxonomy":"product_tag","embeddable":true,"href":"https:\/\/www.baque.com\/es\/wp-json\/wp\/v2\/product_tag?post=3605"}],"curies":[{"name":"wp","href":"https:\/\/api.w.org\/{rel}","templated":true}]}}