
{"id":3675711,"date":"2025-11-13T09:30:03","date_gmt":"2025-11-13T08:30:03","guid":{"rendered":"https:\/\/www.baque.com\/?post_type=product&#038;p=3675711"},"modified":"2026-05-04T22:53:24","modified_gmt":"2026-05-04T20:53:24","slug":"cookies-mantequilla-200-uds","status":"publish","type":"product","link":"https:\/\/www.baque.com\/es\/tienda\/amenities\/cookies-mantequilla-200-uds\/","title":{"rendered":"Cookies mantequilla, 200 uds."},"content":{"rendered":"<p>Nueva galleta de mantequilla que hemos desarrollado en colaboraci\u00f3n con la marca francesa St Michel.<span class=\"gmail_default\"> St Miche <\/span>que degustadas con el caf\u00e9 har\u00e1n de ese instante un momento de relajaci\u00f3n y placer.<\/p>\n<h3>Peso\/Cantidad<\/h3>\n<p>200 uds.<\/p>\n<h3>Ingredientes<\/h3>\n<p>Harina de <strong>trigo<\/strong> 66%, az\u00facar, <strong>mantequilla<\/strong> 18%, <strong>huevos<\/strong>, aroma natural, sal, gasificantes: carbonatados de amonio y sodio, <strong>leche<\/strong> desnatada en polvo.<\/p>\n<h3>Al\u00e9rgenos<\/h3>\n<p>Gluten, leche y huevos.<\/p>\n<h3>Informaci\u00f3n nutricional<\/h3>\n<table class='ingredientes'><tr><th align='left'>Valor Energ\u00e9tico<\/th><th align='right'>471 kcal.\/ 1979 kJ.<\/th><\/tr><tr><td align='left'>Grasa total<\/td><td align='right'>16g.<\/td><\/tr><tr><td align='left'>de las cuales saturadas<\/td><td align='right'>10 g.<\/td><\/tr><tr><td align='left'>Hidratos de carbono<\/td><td align='right'>73 g.<\/td><\/tr><tr><td align='left'>de los cuales az\u00facares<\/td><td align='right'>26 g.<\/td><\/tr><tr><td align='left'>Prote\u00ednas<\/td><td align='right'>7,4 g.<\/td><\/tr><tr><td align='left'>Sal<\/td><td align='right'>0,87 g.<\/td><\/tr><\/table>\n<h3>Condiciones de uso\/conservaci\u00f3n<\/h3>\n<p>Conservar en un lugar fresco y seco y sin olores.<\/p>\n<h3>Un consejo<\/h3>\n<p>Ideales para acompa\u00f1ar con tu caf\u00e9 por la ma\u00f1ana<\/p>\n","protected":false},"excerpt":{"rendered":"<p>Amenities.<\/p>\n","protected":false},"featured_media":3676071,"template":"","meta":{"_acf_changed":false},"product_brand":[],"product_cat":[119],"product_tag":[245,233,256,246,247,261,258,257],"class_list":{"0":"post-3675711","1":"product","2":"type-product","3":"status-publish","4":"has-post-thumbnail","6":"product_cat-amenities","7":"product_tag-amenities","8":"product_tag-chocolate","9":"product_tag-cookies","10":"product_tag-dulces","11":"product_tag-galletas","12":"product_tag-limon","13":"product_tag-mantequilla","14":"product_tag-mix","16":"first","17":"instock","18":"taxable","19":"shipping-taxable","20":"purchasable","21":"product-type-simple"},"bundled_by":[],"bundle_stock_status":"instock","bundle_stock_quantity":907,"bundle_virtual":false,"bundle_layout":"","bundle_add_to_cart_form_location":"","bundle_editable_in_cart":false,"bundle_sold_individually_context":"","bundle_item_grouping":"","bundle_min_size":"","bundle_max_size":"","bundle_price":[],"bundled_items":[],"bundle_sell_ids":[],"acf":[],"yoast_head":"<!-- This site is optimized with the Yoast SEO plugin v27.3 - https:\/\/yoast.com\/product\/yoast-seo-wordpress\/ -->\n<title>Cookies mantequilla, 200 uds. - Caf\u00e9s Baqu\u00e9<\/title>\n<meta name=\"robots\" content=\"index, follow, max-snippet:-1, max-image-preview:large, max-video-preview:-1\" \/>\n<meta property=\"og:locale\" content=\"es_ES\" \/>\n<meta property=\"og:type\" content=\"article\" \/>\n<meta property=\"og:title\" content=\"Cookies mantequilla, 200 uds. - Caf\u00e9s Baqu\u00e9\" \/>\n<meta property=\"og:description\" content=\"Amenities.\" \/>\n<meta property=\"og:url\" content=\"https:\/\/www.baque.com\/es\/tienda\/amenities\/cookies-mantequilla-200-uds\/\" \/>\n<meta property=\"og:site_name\" content=\"Caf\u00e9s Baqu\u00e9\" \/>\n<meta property=\"article:modified_time\" content=\"2026-05-04T20:53:24+00:00\" \/>\n<meta property=\"og:image\" content=\"https:\/\/www.baque.com\/wp-content\/uploads\/2025\/11\/Montaje-Galleta_low-01.jpg\" \/>\n\t<meta property=\"og:image:width\" content=\"736\" \/>\n\t<meta property=\"og:image:height\" content=\"524\" \/>\n\t<meta property=\"og:image:type\" content=\"image\/jpeg\" \/>\n<meta name=\"twitter:card\" content=\"summary_large_image\" \/>\n<meta name=\"twitter:label1\" content=\"Tiempo de lectura\" \/>\n\t<meta name=\"twitter:data1\" content=\"1 minuto\" \/>\n<script type=\"application\/ld+json\" class=\"yoast-schema-graph\">{\"@context\":\"https:\\\/\\\/schema.org\",\"@graph\":[{\"@type\":\"WebPage\",\"@id\":\"https:\\\/\\\/www.baque.com\\\/es\\\/tienda\\\/amenities\\\/cookies-mantequilla-200-uds\\\/\",\"url\":\"https:\\\/\\\/www.baque.com\\\/es\\\/tienda\\\/amenities\\\/cookies-mantequilla-200-uds\\\/\",\"name\":\"Cookies mantequilla, 200 uds. - Caf\u00e9s Baqu\u00e9\",\"isPartOf\":{\"@id\":\"https:\\\/\\\/www.baque.com\\\/es\\\/#website\"},\"primaryImageOfPage\":{\"@id\":\"https:\\\/\\\/www.baque.com\\\/es\\\/tienda\\\/amenities\\\/cookies-mantequilla-200-uds\\\/#primaryimage\"},\"image\":{\"@id\":\"https:\\\/\\\/www.baque.com\\\/es\\\/tienda\\\/amenities\\\/cookies-mantequilla-200-uds\\\/#primaryimage\"},\"thumbnailUrl\":\"https:\\\/\\\/www.baque.com\\\/wp-content\\\/uploads\\\/2025\\\/11\\\/Montaje-Galleta_low-01.jpg\",\"datePublished\":\"2025-11-13T08:30:03+00:00\",\"dateModified\":\"2026-05-04T20:53:24+00:00\",\"breadcrumb\":{\"@id\":\"https:\\\/\\\/www.baque.com\\\/es\\\/tienda\\\/amenities\\\/cookies-mantequilla-200-uds\\\/#breadcrumb\"},\"inLanguage\":\"es\",\"potentialAction\":[{\"@type\":\"ReadAction\",\"target\":[\"https:\\\/\\\/www.baque.com\\\/es\\\/tienda\\\/amenities\\\/cookies-mantequilla-200-uds\\\/\"]}]},{\"@type\":\"ImageObject\",\"inLanguage\":\"es\",\"@id\":\"https:\\\/\\\/www.baque.com\\\/es\\\/tienda\\\/amenities\\\/cookies-mantequilla-200-uds\\\/#primaryimage\",\"url\":\"https:\\\/\\\/www.baque.com\\\/wp-content\\\/uploads\\\/2025\\\/11\\\/Montaje-Galleta_low-01.jpg\",\"contentUrl\":\"https:\\\/\\\/www.baque.com\\\/wp-content\\\/uploads\\\/2025\\\/11\\\/Montaje-Galleta_low-01.jpg\",\"width\":736,\"height\":524},{\"@type\":\"BreadcrumbList\",\"@id\":\"https:\\\/\\\/www.baque.com\\\/es\\\/tienda\\\/amenities\\\/cookies-mantequilla-200-uds\\\/#breadcrumb\",\"itemListElement\":[{\"@type\":\"ListItem\",\"position\":1,\"name\":\"Portada\",\"item\":\"https:\\\/\\\/www.baque.com\\\/es\\\/\"},{\"@type\":\"ListItem\",\"position\":2,\"name\":\"Tienda\",\"item\":\"https:\\\/\\\/www.baque.com\\\/es\\\/tienda\\\/\"},{\"@type\":\"ListItem\",\"position\":3,\"name\":\"Cookies mantequilla, 200 uds.\"}]},{\"@type\":\"WebSite\",\"@id\":\"https:\\\/\\\/www.baque.com\\\/es\\\/#website\",\"url\":\"https:\\\/\\\/www.baque.com\\\/es\\\/\",\"name\":\"Caf\u00e9s Baqu\u00e9\",\"description\":\"Somos l\u00edderes en hosteler\u00eda en Pa\u00eds Vasco y La Rioja y una de las marcas m\u00e1s reconocidas en el mercado nacional. Somos una empresa familiar en constante innovaci\u00f3n en el producto. Tostamos y distribuimos caf\u00e9 molido, en grano y c\u00e1psulas para disfrutar en casa, en el bar y en la oficina.\",\"potentialAction\":[{\"@type\":\"SearchAction\",\"target\":{\"@type\":\"EntryPoint\",\"urlTemplate\":\"https:\\\/\\\/www.baque.com\\\/es\\\/?s={search_term_string}\"},\"query-input\":{\"@type\":\"PropertyValueSpecification\",\"valueRequired\":true,\"valueName\":\"search_term_string\"}}],\"inLanguage\":\"es\"}]}<\/script>\n<!-- \/ Yoast SEO plugin. -->","yoast_head_json":{"title":"Cookies mantequilla, 200 uds. - Caf\u00e9s Baqu\u00e9","robots":{"index":"index","follow":"follow","max-snippet":"max-snippet:-1","max-image-preview":"max-image-preview:large","max-video-preview":"max-video-preview:-1"},"og_locale":"es_ES","og_type":"article","og_title":"Cookies mantequilla, 200 uds. - Caf\u00e9s Baqu\u00e9","og_description":"Amenities.","og_url":"https:\/\/www.baque.com\/es\/tienda\/amenities\/cookies-mantequilla-200-uds\/","og_site_name":"Caf\u00e9s Baqu\u00e9","article_modified_time":"2026-05-04T20:53:24+00:00","og_image":[{"width":736,"height":524,"url":"https:\/\/www.baque.com\/wp-content\/uploads\/2025\/11\/Montaje-Galleta_low-01.jpg","type":"image\/jpeg"}],"twitter_card":"summary_large_image","twitter_misc":{"Tiempo de lectura":"1 minuto"},"schema":{"@context":"https:\/\/schema.org","@graph":[{"@type":"WebPage","@id":"https:\/\/www.baque.com\/es\/tienda\/amenities\/cookies-mantequilla-200-uds\/","url":"https:\/\/www.baque.com\/es\/tienda\/amenities\/cookies-mantequilla-200-uds\/","name":"Cookies mantequilla, 200 uds. - Caf\u00e9s Baqu\u00e9","isPartOf":{"@id":"https:\/\/www.baque.com\/es\/#website"},"primaryImageOfPage":{"@id":"https:\/\/www.baque.com\/es\/tienda\/amenities\/cookies-mantequilla-200-uds\/#primaryimage"},"image":{"@id":"https:\/\/www.baque.com\/es\/tienda\/amenities\/cookies-mantequilla-200-uds\/#primaryimage"},"thumbnailUrl":"https:\/\/www.baque.com\/wp-content\/uploads\/2025\/11\/Montaje-Galleta_low-01.jpg","datePublished":"2025-11-13T08:30:03+00:00","dateModified":"2026-05-04T20:53:24+00:00","breadcrumb":{"@id":"https:\/\/www.baque.com\/es\/tienda\/amenities\/cookies-mantequilla-200-uds\/#breadcrumb"},"inLanguage":"es","potentialAction":[{"@type":"ReadAction","target":["https:\/\/www.baque.com\/es\/tienda\/amenities\/cookies-mantequilla-200-uds\/"]}]},{"@type":"ImageObject","inLanguage":"es","@id":"https:\/\/www.baque.com\/es\/tienda\/amenities\/cookies-mantequilla-200-uds\/#primaryimage","url":"https:\/\/www.baque.com\/wp-content\/uploads\/2025\/11\/Montaje-Galleta_low-01.jpg","contentUrl":"https:\/\/www.baque.com\/wp-content\/uploads\/2025\/11\/Montaje-Galleta_low-01.jpg","width":736,"height":524},{"@type":"BreadcrumbList","@id":"https:\/\/www.baque.com\/es\/tienda\/amenities\/cookies-mantequilla-200-uds\/#breadcrumb","itemListElement":[{"@type":"ListItem","position":1,"name":"Portada","item":"https:\/\/www.baque.com\/es\/"},{"@type":"ListItem","position":2,"name":"Tienda","item":"https:\/\/www.baque.com\/es\/tienda\/"},{"@type":"ListItem","position":3,"name":"Cookies mantequilla, 200 uds."}]},{"@type":"WebSite","@id":"https:\/\/www.baque.com\/es\/#website","url":"https:\/\/www.baque.com\/es\/","name":"Caf\u00e9s Baqu\u00e9","description":"Somos l\u00edderes en hosteler\u00eda en Pa\u00eds Vasco y La Rioja y una de las marcas m\u00e1s reconocidas en el mercado nacional. Somos una empresa familiar en constante innovaci\u00f3n en el producto. Tostamos y distribuimos caf\u00e9 molido, en grano y c\u00e1psulas para disfrutar en casa, en el bar y en la oficina.","potentialAction":[{"@type":"SearchAction","target":{"@type":"EntryPoint","urlTemplate":"https:\/\/www.baque.com\/es\/?s={search_term_string}"},"query-input":{"@type":"PropertyValueSpecification","valueRequired":true,"valueName":"search_term_string"}}],"inLanguage":"es"}]}},"_links":{"self":[{"href":"https:\/\/www.baque.com\/es\/wp-json\/wp\/v2\/product\/3675711","targetHints":{"allow":["GET"]}}],"collection":[{"href":"https:\/\/www.baque.com\/es\/wp-json\/wp\/v2\/product"}],"about":[{"href":"https:\/\/www.baque.com\/es\/wp-json\/wp\/v2\/types\/product"}],"wp:featuredmedia":[{"embeddable":true,"href":"https:\/\/www.baque.com\/es\/wp-json\/wp\/v2\/media\/3676071"}],"wp:attachment":[{"href":"https:\/\/www.baque.com\/es\/wp-json\/wp\/v2\/media?parent=3675711"}],"wp:term":[{"taxonomy":"product_brand","embeddable":true,"href":"https:\/\/www.baque.com\/es\/wp-json\/wp\/v2\/product_brand?post=3675711"},{"taxonomy":"product_cat","embeddable":true,"href":"https:\/\/www.baque.com\/es\/wp-json\/wp\/v2\/product_cat?post=3675711"},{"taxonomy":"product_tag","embeddable":true,"href":"https:\/\/www.baque.com\/es\/wp-json\/wp\/v2\/product_tag?post=3675711"}],"curies":[{"name":"wp","href":"https:\/\/api.w.org\/{rel}","templated":true}]}}