
{"id":368773,"date":"2021-03-16T12:55:11","date_gmt":"2021-03-16T10:55:11","guid":{"rendered":"https:\/\/www.baque.com\/?post_type=product&#038;p=368773"},"modified":"2026-04-16T23:23:51","modified_gmt":"2026-04-16T21:23:51","slug":"capsulas-blue-barista-soft-100-arabicas","status":"publish","type":"product","link":"https:\/\/www.baque.com\/es\/tienda\/cafe-capsulas\/blue-barista\/capsulas-blue-barista-soft-100-arabicas\/","title":{"rendered":"C\u00c1PSULAS BLUE BARISTA SOFT 100% AR\u00c1BICAS"},"content":{"rendered":"<p>Un caf\u00e9 arom\u00e1tico de tueste 100% natural, elaborado con los mejores or\u00edgenes suaves lavados de Brasil y Colombia del mercado. Un caf\u00e9 sedoso con acidez marcada y ligeras notas afrutadas y a cacao.<\/p>\n<h3>Peso\/Cantidad<\/h3>\n<p>60 uds.<\/p>\n<h3>Ingredientes<\/h3>\n<p>Caf\u00e9.<\/p>\n<h3>Al\u00e9rgenos<\/h3>\n<p>Ninguno.<\/p>\n<h3>Condiciones de uso\/conservaci\u00f3n<\/h3>\n<p>Conservar en un lugar fresco, seco y preservado de la luz del sol. V\u00e1lidas \u00fanicamente para cafeteras blue barista.<\/p>\n<h3>Fecha de caducidad<\/h3>\n<p>24 meses<\/p>\n<h3>Un consejo<\/h3>\n<p>Se aconseja consumirlo s\u00f3lo o cortado, y preferiblemente por la tarde.<\/p>\n","protected":false},"excerpt":{"rendered":"<p>Soft 100% Ar\u00e1bicas estuche 60 caps.<\/p>\n","protected":false},"featured_media":368786,"template":"","meta":{"_acf_changed":false},"product_brand":[],"product_cat":[505],"product_tag":[],"class_list":{"0":"post-368773","1":"product","2":"type-product","3":"status-publish","4":"has-post-thumbnail","6":"product_cat-blue-barista","8":"first","9":"instock","10":"taxable","11":"shipping-taxable","12":"purchasable","13":"product-type-simple"},"bundled_by":[],"bundle_stock_status":"instock","bundle_stock_quantity":779,"bundle_virtual":false,"bundle_layout":"","bundle_add_to_cart_form_location":"","bundle_editable_in_cart":false,"bundle_sold_individually_context":"","bundle_item_grouping":"","bundle_min_size":"","bundle_max_size":"","bundle_price":[],"bundled_items":[],"bundle_sell_ids":[],"acf":[],"yoast_head":"<!-- This site is optimized with the Yoast SEO plugin v27.3 - https:\/\/yoast.com\/product\/yoast-seo-wordpress\/ -->\n<title>C\u00c1PSULAS BLUE BARISTA SOFT 100% AR\u00c1BICAS - Caf\u00e9s Baqu\u00e9<\/title>\n<meta name=\"robots\" content=\"index, follow, max-snippet:-1, max-image-preview:large, max-video-preview:-1\" \/>\n<meta property=\"og:locale\" content=\"es_ES\" \/>\n<meta property=\"og:type\" content=\"article\" \/>\n<meta property=\"og:title\" content=\"C\u00c1PSULAS BLUE BARISTA SOFT 100% AR\u00c1BICAS - Caf\u00e9s Baqu\u00e9\" \/>\n<meta property=\"og:description\" content=\"Soft 100% Ar\u00e1bicas estuche 60 caps.\" \/>\n<meta property=\"og:url\" content=\"https:\/\/www.baque.com\/es\/tienda\/cafe-capsulas\/blue-barista\/capsulas-blue-barista-soft-100-arabicas\/\" \/>\n<meta property=\"og:site_name\" content=\"Caf\u00e9s Baqu\u00e9\" \/>\n<meta property=\"article:modified_time\" content=\"2026-04-16T21:23:51+00:00\" \/>\n<meta property=\"og:image\" content=\"https:\/\/www.baque.com\/wp-content\/uploads\/2021\/03\/soft-scaled.jpg\" \/>\n\t<meta property=\"og:image:width\" content=\"2560\" \/>\n\t<meta property=\"og:image:height\" content=\"2560\" \/>\n\t<meta property=\"og:image:type\" content=\"image\/jpeg\" \/>\n<meta name=\"twitter:card\" content=\"summary_large_image\" \/>\n<script type=\"application\/ld+json\" class=\"yoast-schema-graph\">{\"@context\":\"https:\\\/\\\/schema.org\",\"@graph\":[{\"@type\":\"WebPage\",\"@id\":\"https:\\\/\\\/www.baque.com\\\/es\\\/tienda\\\/cafe-capsulas\\\/blue-barista\\\/capsulas-blue-barista-soft-100-arabicas\\\/\",\"url\":\"https:\\\/\\\/www.baque.com\\\/es\\\/tienda\\\/cafe-capsulas\\\/blue-barista\\\/capsulas-blue-barista-soft-100-arabicas\\\/\",\"name\":\"C\u00c1PSULAS BLUE BARISTA SOFT 100% AR\u00c1BICAS - Caf\u00e9s Baqu\u00e9\",\"isPartOf\":{\"@id\":\"https:\\\/\\\/www.baque.com\\\/es\\\/#website\"},\"primaryImageOfPage\":{\"@id\":\"https:\\\/\\\/www.baque.com\\\/es\\\/tienda\\\/cafe-capsulas\\\/blue-barista\\\/capsulas-blue-barista-soft-100-arabicas\\\/#primaryimage\"},\"image\":{\"@id\":\"https:\\\/\\\/www.baque.com\\\/es\\\/tienda\\\/cafe-capsulas\\\/blue-barista\\\/capsulas-blue-barista-soft-100-arabicas\\\/#primaryimage\"},\"thumbnailUrl\":\"https:\\\/\\\/www.baque.com\\\/wp-content\\\/uploads\\\/2021\\\/03\\\/soft-scaled.jpg\",\"datePublished\":\"2021-03-16T10:55:11+00:00\",\"dateModified\":\"2026-04-16T21:23:51+00:00\",\"breadcrumb\":{\"@id\":\"https:\\\/\\\/www.baque.com\\\/es\\\/tienda\\\/cafe-capsulas\\\/blue-barista\\\/capsulas-blue-barista-soft-100-arabicas\\\/#breadcrumb\"},\"inLanguage\":\"es\",\"potentialAction\":[{\"@type\":\"ReadAction\",\"target\":[\"https:\\\/\\\/www.baque.com\\\/es\\\/tienda\\\/cafe-capsulas\\\/blue-barista\\\/capsulas-blue-barista-soft-100-arabicas\\\/\"]}]},{\"@type\":\"ImageObject\",\"inLanguage\":\"es\",\"@id\":\"https:\\\/\\\/www.baque.com\\\/es\\\/tienda\\\/cafe-capsulas\\\/blue-barista\\\/capsulas-blue-barista-soft-100-arabicas\\\/#primaryimage\",\"url\":\"https:\\\/\\\/www.baque.com\\\/wp-content\\\/uploads\\\/2021\\\/03\\\/soft-scaled.jpg\",\"contentUrl\":\"https:\\\/\\\/www.baque.com\\\/wp-content\\\/uploads\\\/2021\\\/03\\\/soft-scaled.jpg\",\"width\":2560,\"height\":2560},{\"@type\":\"BreadcrumbList\",\"@id\":\"https:\\\/\\\/www.baque.com\\\/es\\\/tienda\\\/cafe-capsulas\\\/blue-barista\\\/capsulas-blue-barista-soft-100-arabicas\\\/#breadcrumb\",\"itemListElement\":[{\"@type\":\"ListItem\",\"position\":1,\"name\":\"Portada\",\"item\":\"https:\\\/\\\/www.baque.com\\\/es\\\/\"},{\"@type\":\"ListItem\",\"position\":2,\"name\":\"Tienda\",\"item\":\"https:\\\/\\\/www.baque.com\\\/es\\\/tienda\\\/\"},{\"@type\":\"ListItem\",\"position\":3,\"name\":\"C\u00c1PSULAS BLUE BARISTA SOFT 100% AR\u00c1BICAS\"}]},{\"@type\":\"WebSite\",\"@id\":\"https:\\\/\\\/www.baque.com\\\/es\\\/#website\",\"url\":\"https:\\\/\\\/www.baque.com\\\/es\\\/\",\"name\":\"Caf\u00e9s Baqu\u00e9\",\"description\":\"Somos l\u00edderes en hosteler\u00eda en Pa\u00eds Vasco y La Rioja y una de las marcas m\u00e1s reconocidas en el mercado nacional. Somos una empresa familiar en constante innovaci\u00f3n en el producto. Tostamos y distribuimos caf\u00e9 molido, en grano y c\u00e1psulas para disfrutar en casa, en el bar y en la oficina.\",\"potentialAction\":[{\"@type\":\"SearchAction\",\"target\":{\"@type\":\"EntryPoint\",\"urlTemplate\":\"https:\\\/\\\/www.baque.com\\\/es\\\/?s={search_term_string}\"},\"query-input\":{\"@type\":\"PropertyValueSpecification\",\"valueRequired\":true,\"valueName\":\"search_term_string\"}}],\"inLanguage\":\"es\"}]}<\/script>\n<!-- \/ Yoast SEO plugin. -->","yoast_head_json":{"title":"C\u00c1PSULAS BLUE BARISTA SOFT 100% AR\u00c1BICAS - Caf\u00e9s Baqu\u00e9","robots":{"index":"index","follow":"follow","max-snippet":"max-snippet:-1","max-image-preview":"max-image-preview:large","max-video-preview":"max-video-preview:-1"},"og_locale":"es_ES","og_type":"article","og_title":"C\u00c1PSULAS BLUE BARISTA SOFT 100% AR\u00c1BICAS - Caf\u00e9s Baqu\u00e9","og_description":"Soft 100% Ar\u00e1bicas estuche 60 caps.","og_url":"https:\/\/www.baque.com\/es\/tienda\/cafe-capsulas\/blue-barista\/capsulas-blue-barista-soft-100-arabicas\/","og_site_name":"Caf\u00e9s Baqu\u00e9","article_modified_time":"2026-04-16T21:23:51+00:00","og_image":[{"width":2560,"height":2560,"url":"https:\/\/www.baque.com\/wp-content\/uploads\/2021\/03\/soft-scaled.jpg","type":"image\/jpeg"}],"twitter_card":"summary_large_image","schema":{"@context":"https:\/\/schema.org","@graph":[{"@type":"WebPage","@id":"https:\/\/www.baque.com\/es\/tienda\/cafe-capsulas\/blue-barista\/capsulas-blue-barista-soft-100-arabicas\/","url":"https:\/\/www.baque.com\/es\/tienda\/cafe-capsulas\/blue-barista\/capsulas-blue-barista-soft-100-arabicas\/","name":"C\u00c1PSULAS BLUE BARISTA SOFT 100% AR\u00c1BICAS - Caf\u00e9s Baqu\u00e9","isPartOf":{"@id":"https:\/\/www.baque.com\/es\/#website"},"primaryImageOfPage":{"@id":"https:\/\/www.baque.com\/es\/tienda\/cafe-capsulas\/blue-barista\/capsulas-blue-barista-soft-100-arabicas\/#primaryimage"},"image":{"@id":"https:\/\/www.baque.com\/es\/tienda\/cafe-capsulas\/blue-barista\/capsulas-blue-barista-soft-100-arabicas\/#primaryimage"},"thumbnailUrl":"https:\/\/www.baque.com\/wp-content\/uploads\/2021\/03\/soft-scaled.jpg","datePublished":"2021-03-16T10:55:11+00:00","dateModified":"2026-04-16T21:23:51+00:00","breadcrumb":{"@id":"https:\/\/www.baque.com\/es\/tienda\/cafe-capsulas\/blue-barista\/capsulas-blue-barista-soft-100-arabicas\/#breadcrumb"},"inLanguage":"es","potentialAction":[{"@type":"ReadAction","target":["https:\/\/www.baque.com\/es\/tienda\/cafe-capsulas\/blue-barista\/capsulas-blue-barista-soft-100-arabicas\/"]}]},{"@type":"ImageObject","inLanguage":"es","@id":"https:\/\/www.baque.com\/es\/tienda\/cafe-capsulas\/blue-barista\/capsulas-blue-barista-soft-100-arabicas\/#primaryimage","url":"https:\/\/www.baque.com\/wp-content\/uploads\/2021\/03\/soft-scaled.jpg","contentUrl":"https:\/\/www.baque.com\/wp-content\/uploads\/2021\/03\/soft-scaled.jpg","width":2560,"height":2560},{"@type":"BreadcrumbList","@id":"https:\/\/www.baque.com\/es\/tienda\/cafe-capsulas\/blue-barista\/capsulas-blue-barista-soft-100-arabicas\/#breadcrumb","itemListElement":[{"@type":"ListItem","position":1,"name":"Portada","item":"https:\/\/www.baque.com\/es\/"},{"@type":"ListItem","position":2,"name":"Tienda","item":"https:\/\/www.baque.com\/es\/tienda\/"},{"@type":"ListItem","position":3,"name":"C\u00c1PSULAS BLUE BARISTA SOFT 100% AR\u00c1BICAS"}]},{"@type":"WebSite","@id":"https:\/\/www.baque.com\/es\/#website","url":"https:\/\/www.baque.com\/es\/","name":"Caf\u00e9s Baqu\u00e9","description":"Somos l\u00edderes en hosteler\u00eda en Pa\u00eds Vasco y La Rioja y una de las marcas m\u00e1s reconocidas en el mercado nacional. Somos una empresa familiar en constante innovaci\u00f3n en el producto. Tostamos y distribuimos caf\u00e9 molido, en grano y c\u00e1psulas para disfrutar en casa, en el bar y en la oficina.","potentialAction":[{"@type":"SearchAction","target":{"@type":"EntryPoint","urlTemplate":"https:\/\/www.baque.com\/es\/?s={search_term_string}"},"query-input":{"@type":"PropertyValueSpecification","valueRequired":true,"valueName":"search_term_string"}}],"inLanguage":"es"}]}},"_links":{"self":[{"href":"https:\/\/www.baque.com\/es\/wp-json\/wp\/v2\/product\/368773","targetHints":{"allow":["GET"]}}],"collection":[{"href":"https:\/\/www.baque.com\/es\/wp-json\/wp\/v2\/product"}],"about":[{"href":"https:\/\/www.baque.com\/es\/wp-json\/wp\/v2\/types\/product"}],"wp:featuredmedia":[{"embeddable":true,"href":"https:\/\/www.baque.com\/es\/wp-json\/wp\/v2\/media\/368786"}],"wp:attachment":[{"href":"https:\/\/www.baque.com\/es\/wp-json\/wp\/v2\/media?parent=368773"}],"wp:term":[{"taxonomy":"product_brand","embeddable":true,"href":"https:\/\/www.baque.com\/es\/wp-json\/wp\/v2\/product_brand?post=368773"},{"taxonomy":"product_cat","embeddable":true,"href":"https:\/\/www.baque.com\/es\/wp-json\/wp\/v2\/product_cat?post=368773"},{"taxonomy":"product_tag","embeddable":true,"href":"https:\/\/www.baque.com\/es\/wp-json\/wp\/v2\/product_tag?post=368773"}],"curies":[{"name":"wp","href":"https:\/\/api.w.org\/{rel}","templated":true}]}}