
{"id":3924798,"date":"2026-02-10T09:54:58","date_gmt":"2026-02-10T08:54:58","guid":{"rendered":"https:\/\/www.baque.com\/?post_type=product&#038;p=3924798"},"modified":"2026-04-10T14:38:29","modified_gmt":"2026-04-10T12:38:29","slug":"cafetera-moccamaster-rosa","status":"publish","type":"product","link":"https:\/\/www.baque.com\/es\/tienda\/cafeteras-accesorios\/moccamaster\/cafetera-moccamaster-rosa\/","title":{"rendered":"CAFETERA MOCCAMASTER ROSA"},"content":{"rendered":"<p>Moccamaster , conocida mundialmente como una de las mejores m\u00e1quinas de caf\u00e9 con filtro, se ha convertido en una referencia para baristas tostadores y amantes del caf\u00e9 en Espa\u00f1a. En 2019, las m\u00e1quinas Moccamaster est\u00e1n disponibles en casi todos los rincones del pa\u00eds as\u00ed como en los principales tostadores de caf\u00e9 de especialidad, as\u00ed como restaurantes estrella michel\u00edn, hoteles 5* e incluso en casa de grandes amantes del caf\u00e9 y deportistas de \u00e9lite.<\/p>\n<ul>\n<li><strong>Mejor extracci\u00f3n<\/strong><\/li>\n<\/ul>\n<p>Temperatura ideal del agua entre 92 \u00b0 y 96 \u00b0 para una mejor extracci\u00f3n de los aromas del caf\u00e9. El nuevo brazo de salida con sus 9 agujeros en acero garantiza una mejor distribuci\u00f3n del agua en la molienda.<\/p>\n<ul>\n<li><strong>Precisi\u00f3n<\/strong><\/li>\n<\/ul>\n<p>The Select le ofrece el tiempo de extracci\u00f3n perfecto de 5,5 minutos.\u00a0 Con Moccamaster, su caf\u00e9 revelar\u00e1 sus sabores m\u00e1s profundos.<\/p>\n<ul>\n<li><strong>Temperatura<\/strong><\/li>\n<\/ul>\n<p>La placa calefactora ajusta su temperatura a la cantidad de caf\u00e9 en la jarra para evitar quemar el caf\u00e9. La placa, mantiene el caf\u00e9 durante 45 minutos despu\u00e9s de haberlo preparado, sin que pierda sus carateristicas singulares. Apagado autom\u00e1tico.<\/p>\n<ul>\n<li><strong>Capacidad<\/strong><\/li>\n<\/ul>\n<p>Una jarra con capacidad de 1,25 litros (unas 10 tazas) y con un bot\u00f3n puedes seleccionar la preparaci\u00f3n de la mitad.<\/p>\n<ul>\n<li><strong>Garant\u00eda de calidad<\/strong><\/li>\n<\/ul>\n<p>Cada m\u00e1quina est\u00e1 hecha a mano y probada en los Pa\u00edses Bajos.<\/p>\n<ul>\n<li><strong>Dimensiones y peso<\/strong><\/li>\n<\/ul>\n<p>Dimensiones del art\u00edculo 32 x 17 x 36 cm. Peso del art\u00edculo 2,7 kg.<\/p>\n","protected":false},"excerpt":{"rendered":"<p>Moccamaster , conocida mundialmente como una de las mejores m\u00e1quinas de caf\u00e9 con filtro, se ha convertido en una referencia para baristas tostadores y amantes del caf\u00e9 en Espa\u00f1a. En 2019, las m\u00e1quinas Moccamaster est\u00e1n disponibles en casi todos los rincones del pa\u00eds as\u00ed como en los principales tostadores de caf\u00e9 de especialidad, as\u00ed como [&hellip;]<\/p>\n","protected":false},"featured_media":3924803,"template":"","meta":{"_acf_changed":false},"product_brand":[],"product_cat":[91,596],"product_tag":[],"class_list":{"0":"post-3924798","1":"product","2":"type-product","3":"status-publish","4":"has-post-thumbnail","6":"product_cat-cafe","7":"product_cat-moccamaster","9":"first","10":"outofstock","11":"taxable","12":"shipping-taxable","13":"purchasable","14":"product-type-simple"},"bundled_by":[],"bundle_stock_status":"outofstock","bundle_stock_quantity":0,"bundle_virtual":false,"bundle_layout":"","bundle_add_to_cart_form_location":"","bundle_editable_in_cart":false,"bundle_sold_individually_context":"","bundle_item_grouping":"","bundle_min_size":"","bundle_max_size":"","bundle_price":[],"bundled_items":[],"bundle_sell_ids":[],"acf":[],"yoast_head":"<!-- This site is optimized with the Yoast SEO plugin v27.3 - https:\/\/yoast.com\/product\/yoast-seo-wordpress\/ -->\n<title>CAFETERA MOCCAMASTER ROSA - Caf\u00e9s Baqu\u00e9<\/title>\n<meta name=\"robots\" content=\"index, follow, max-snippet:-1, max-image-preview:large, max-video-preview:-1\" \/>\n<meta property=\"og:locale\" content=\"es_ES\" \/>\n<meta property=\"og:type\" content=\"article\" \/>\n<meta property=\"og:title\" content=\"CAFETERA MOCCAMASTER ROSA - Caf\u00e9s Baqu\u00e9\" \/>\n<meta property=\"og:description\" content=\"Moccamaster , conocida mundialmente como una de las mejores m\u00e1quinas de caf\u00e9 con filtro, se ha convertido en una referencia para baristas tostadores y amantes del caf\u00e9 en Espa\u00f1a. En 2019, las m\u00e1quinas Moccamaster est\u00e1n disponibles en casi todos los rincones del pa\u00eds as\u00ed como en los principales tostadores de caf\u00e9 de especialidad, as\u00ed como [&hellip;]\" \/>\n<meta property=\"og:url\" content=\"https:\/\/www.baque.com\/es\/tienda\/cafeteras-accesorios\/moccamaster\/cafetera-moccamaster-rosa\/\" \/>\n<meta property=\"og:site_name\" content=\"Caf\u00e9s Baqu\u00e9\" \/>\n<meta property=\"article:modified_time\" content=\"2026-04-10T12:38:29+00:00\" \/>\n<meta property=\"og:image\" content=\"https:\/\/www.baque.com\/wp-content\/uploads\/2026\/02\/KBG-Select-Pink-1-1-1-01.jpg\" \/>\n\t<meta property=\"og:image:width\" content=\"2277\" \/>\n\t<meta property=\"og:image:height\" content=\"2466\" \/>\n\t<meta property=\"og:image:type\" content=\"image\/jpeg\" \/>\n<meta name=\"twitter:card\" content=\"summary_large_image\" \/>\n<meta name=\"twitter:label1\" content=\"Tiempo de lectura\" \/>\n\t<meta name=\"twitter:data1\" content=\"2 minutos\" \/>\n<script type=\"application\/ld+json\" class=\"yoast-schema-graph\">{\"@context\":\"https:\\\/\\\/schema.org\",\"@graph\":[{\"@type\":\"WebPage\",\"@id\":\"https:\\\/\\\/www.baque.com\\\/es\\\/tienda\\\/cafeteras-accesorios\\\/moccamaster\\\/cafetera-moccamaster-rosa\\\/\",\"url\":\"https:\\\/\\\/www.baque.com\\\/es\\\/tienda\\\/cafeteras-accesorios\\\/moccamaster\\\/cafetera-moccamaster-rosa\\\/\",\"name\":\"CAFETERA MOCCAMASTER ROSA - Caf\u00e9s Baqu\u00e9\",\"isPartOf\":{\"@id\":\"https:\\\/\\\/www.baque.com\\\/es\\\/#website\"},\"primaryImageOfPage\":{\"@id\":\"https:\\\/\\\/www.baque.com\\\/es\\\/tienda\\\/cafeteras-accesorios\\\/moccamaster\\\/cafetera-moccamaster-rosa\\\/#primaryimage\"},\"image\":{\"@id\":\"https:\\\/\\\/www.baque.com\\\/es\\\/tienda\\\/cafeteras-accesorios\\\/moccamaster\\\/cafetera-moccamaster-rosa\\\/#primaryimage\"},\"thumbnailUrl\":\"https:\\\/\\\/www.baque.com\\\/wp-content\\\/uploads\\\/2026\\\/02\\\/KBG-Select-Pink-1-1-1-01.jpg\",\"datePublished\":\"2026-02-10T08:54:58+00:00\",\"dateModified\":\"2026-04-10T12:38:29+00:00\",\"breadcrumb\":{\"@id\":\"https:\\\/\\\/www.baque.com\\\/es\\\/tienda\\\/cafeteras-accesorios\\\/moccamaster\\\/cafetera-moccamaster-rosa\\\/#breadcrumb\"},\"inLanguage\":\"es\",\"potentialAction\":[{\"@type\":\"ReadAction\",\"target\":[\"https:\\\/\\\/www.baque.com\\\/es\\\/tienda\\\/cafeteras-accesorios\\\/moccamaster\\\/cafetera-moccamaster-rosa\\\/\"]}]},{\"@type\":\"ImageObject\",\"inLanguage\":\"es\",\"@id\":\"https:\\\/\\\/www.baque.com\\\/es\\\/tienda\\\/cafeteras-accesorios\\\/moccamaster\\\/cafetera-moccamaster-rosa\\\/#primaryimage\",\"url\":\"https:\\\/\\\/www.baque.com\\\/wp-content\\\/uploads\\\/2026\\\/02\\\/KBG-Select-Pink-1-1-1-01.jpg\",\"contentUrl\":\"https:\\\/\\\/www.baque.com\\\/wp-content\\\/uploads\\\/2026\\\/02\\\/KBG-Select-Pink-1-1-1-01.jpg\",\"width\":2277,\"height\":2466},{\"@type\":\"BreadcrumbList\",\"@id\":\"https:\\\/\\\/www.baque.com\\\/es\\\/tienda\\\/cafeteras-accesorios\\\/moccamaster\\\/cafetera-moccamaster-rosa\\\/#breadcrumb\",\"itemListElement\":[{\"@type\":\"ListItem\",\"position\":1,\"name\":\"Portada\",\"item\":\"https:\\\/\\\/www.baque.com\\\/es\\\/\"},{\"@type\":\"ListItem\",\"position\":2,\"name\":\"Tienda\",\"item\":\"https:\\\/\\\/www.baque.com\\\/es\\\/tienda\\\/\"},{\"@type\":\"ListItem\",\"position\":3,\"name\":\"CAFETERA MOCCAMASTER ROSA\"}]},{\"@type\":\"WebSite\",\"@id\":\"https:\\\/\\\/www.baque.com\\\/es\\\/#website\",\"url\":\"https:\\\/\\\/www.baque.com\\\/es\\\/\",\"name\":\"Caf\u00e9s Baqu\u00e9\",\"description\":\"Somos l\u00edderes en hosteler\u00eda en Pa\u00eds Vasco y La Rioja y una de las marcas m\u00e1s reconocidas en el mercado nacional. Somos una empresa familiar en constante innovaci\u00f3n en el producto. Tostamos y distribuimos caf\u00e9 molido, en grano y c\u00e1psulas para disfrutar en casa, en el bar y en la oficina.\",\"potentialAction\":[{\"@type\":\"SearchAction\",\"target\":{\"@type\":\"EntryPoint\",\"urlTemplate\":\"https:\\\/\\\/www.baque.com\\\/es\\\/?s={search_term_string}\"},\"query-input\":{\"@type\":\"PropertyValueSpecification\",\"valueRequired\":true,\"valueName\":\"search_term_string\"}}],\"inLanguage\":\"es\"}]}<\/script>\n<!-- \/ Yoast SEO plugin. -->","yoast_head_json":{"title":"CAFETERA MOCCAMASTER ROSA - Caf\u00e9s Baqu\u00e9","robots":{"index":"index","follow":"follow","max-snippet":"max-snippet:-1","max-image-preview":"max-image-preview:large","max-video-preview":"max-video-preview:-1"},"og_locale":"es_ES","og_type":"article","og_title":"CAFETERA MOCCAMASTER ROSA - Caf\u00e9s Baqu\u00e9","og_description":"Moccamaster , conocida mundialmente como una de las mejores m\u00e1quinas de caf\u00e9 con filtro, se ha convertido en una referencia para baristas tostadores y amantes del caf\u00e9 en Espa\u00f1a. En 2019, las m\u00e1quinas Moccamaster est\u00e1n disponibles en casi todos los rincones del pa\u00eds as\u00ed como en los principales tostadores de caf\u00e9 de especialidad, as\u00ed como [&hellip;]","og_url":"https:\/\/www.baque.com\/es\/tienda\/cafeteras-accesorios\/moccamaster\/cafetera-moccamaster-rosa\/","og_site_name":"Caf\u00e9s Baqu\u00e9","article_modified_time":"2026-04-10T12:38:29+00:00","og_image":[{"width":2277,"height":2466,"url":"https:\/\/www.baque.com\/wp-content\/uploads\/2026\/02\/KBG-Select-Pink-1-1-1-01.jpg","type":"image\/jpeg"}],"twitter_card":"summary_large_image","twitter_misc":{"Tiempo de lectura":"2 minutos"},"schema":{"@context":"https:\/\/schema.org","@graph":[{"@type":"WebPage","@id":"https:\/\/www.baque.com\/es\/tienda\/cafeteras-accesorios\/moccamaster\/cafetera-moccamaster-rosa\/","url":"https:\/\/www.baque.com\/es\/tienda\/cafeteras-accesorios\/moccamaster\/cafetera-moccamaster-rosa\/","name":"CAFETERA MOCCAMASTER ROSA - Caf\u00e9s Baqu\u00e9","isPartOf":{"@id":"https:\/\/www.baque.com\/es\/#website"},"primaryImageOfPage":{"@id":"https:\/\/www.baque.com\/es\/tienda\/cafeteras-accesorios\/moccamaster\/cafetera-moccamaster-rosa\/#primaryimage"},"image":{"@id":"https:\/\/www.baque.com\/es\/tienda\/cafeteras-accesorios\/moccamaster\/cafetera-moccamaster-rosa\/#primaryimage"},"thumbnailUrl":"https:\/\/www.baque.com\/wp-content\/uploads\/2026\/02\/KBG-Select-Pink-1-1-1-01.jpg","datePublished":"2026-02-10T08:54:58+00:00","dateModified":"2026-04-10T12:38:29+00:00","breadcrumb":{"@id":"https:\/\/www.baque.com\/es\/tienda\/cafeteras-accesorios\/moccamaster\/cafetera-moccamaster-rosa\/#breadcrumb"},"inLanguage":"es","potentialAction":[{"@type":"ReadAction","target":["https:\/\/www.baque.com\/es\/tienda\/cafeteras-accesorios\/moccamaster\/cafetera-moccamaster-rosa\/"]}]},{"@type":"ImageObject","inLanguage":"es","@id":"https:\/\/www.baque.com\/es\/tienda\/cafeteras-accesorios\/moccamaster\/cafetera-moccamaster-rosa\/#primaryimage","url":"https:\/\/www.baque.com\/wp-content\/uploads\/2026\/02\/KBG-Select-Pink-1-1-1-01.jpg","contentUrl":"https:\/\/www.baque.com\/wp-content\/uploads\/2026\/02\/KBG-Select-Pink-1-1-1-01.jpg","width":2277,"height":2466},{"@type":"BreadcrumbList","@id":"https:\/\/www.baque.com\/es\/tienda\/cafeteras-accesorios\/moccamaster\/cafetera-moccamaster-rosa\/#breadcrumb","itemListElement":[{"@type":"ListItem","position":1,"name":"Portada","item":"https:\/\/www.baque.com\/es\/"},{"@type":"ListItem","position":2,"name":"Tienda","item":"https:\/\/www.baque.com\/es\/tienda\/"},{"@type":"ListItem","position":3,"name":"CAFETERA MOCCAMASTER ROSA"}]},{"@type":"WebSite","@id":"https:\/\/www.baque.com\/es\/#website","url":"https:\/\/www.baque.com\/es\/","name":"Caf\u00e9s Baqu\u00e9","description":"Somos l\u00edderes en hosteler\u00eda en Pa\u00eds Vasco y La Rioja y una de las marcas m\u00e1s reconocidas en el mercado nacional. Somos una empresa familiar en constante innovaci\u00f3n en el producto. Tostamos y distribuimos caf\u00e9 molido, en grano y c\u00e1psulas para disfrutar en casa, en el bar y en la oficina.","potentialAction":[{"@type":"SearchAction","target":{"@type":"EntryPoint","urlTemplate":"https:\/\/www.baque.com\/es\/?s={search_term_string}"},"query-input":{"@type":"PropertyValueSpecification","valueRequired":true,"valueName":"search_term_string"}}],"inLanguage":"es"}]}},"_links":{"self":[{"href":"https:\/\/www.baque.com\/es\/wp-json\/wp\/v2\/product\/3924798","targetHints":{"allow":["GET"]}}],"collection":[{"href":"https:\/\/www.baque.com\/es\/wp-json\/wp\/v2\/product"}],"about":[{"href":"https:\/\/www.baque.com\/es\/wp-json\/wp\/v2\/types\/product"}],"wp:featuredmedia":[{"embeddable":true,"href":"https:\/\/www.baque.com\/es\/wp-json\/wp\/v2\/media\/3924803"}],"wp:attachment":[{"href":"https:\/\/www.baque.com\/es\/wp-json\/wp\/v2\/media?parent=3924798"}],"wp:term":[{"taxonomy":"product_brand","embeddable":true,"href":"https:\/\/www.baque.com\/es\/wp-json\/wp\/v2\/product_brand?post=3924798"},{"taxonomy":"product_cat","embeddable":true,"href":"https:\/\/www.baque.com\/es\/wp-json\/wp\/v2\/product_cat?post=3924798"},{"taxonomy":"product_tag","embeddable":true,"href":"https:\/\/www.baque.com\/es\/wp-json\/wp\/v2\/product_tag?post=3924798"}],"curies":[{"name":"wp","href":"https:\/\/api.w.org\/{rel}","templated":true}]}}