
{"id":3947643,"date":"2026-02-18T14:02:05","date_gmt":"2026-02-18T13:02:05","guid":{"rendered":"https:\/\/www.baque.com\/?post_type=product&#038;p=3947643"},"modified":"2026-04-10T14:23:28","modified_gmt":"2026-04-10T12:23:28","slug":"canela-ceilan-500-uds","status":"publish","type":"product","link":"https:\/\/www.baque.com\/es\/tienda\/endulzantes\/canela-ceilan-500-uds\/","title":{"rendered":"Canela Ceil\u00e1n, 500 uds."},"content":{"rendered":"<p><span data-path-to-node=\"5,3,1,0\"><span class=\"citation-34\">Aporta una dulzura sutil que permite reducir el uso de az\u00facar o edulcorantes en el caf\u00e9<\/span><\/span><span data-path-to-node=\"5,3,1,2\">. <span class=\"citation-39\">A diferencia de las variedades comunes, nuestra canela de origen Ceil\u00e1n destaca por un <\/span><b data-path-to-node=\"3,1\" data-index-in-node=\"87\"><span class=\"citation-39\">perfil organol\u00e9ptico superior<\/span><\/b>. <\/span><\/p>\n<h3>Peso\/Cantidad<\/h3>\n<p>500 uds.<\/p>\n<h3>Ingredientes<\/h3>\n<p>Canela de origen Ceil\u00e1n<\/p>\n<h3>Al\u00e9rgenos<\/h3>\n<p>Ninguno.<\/p>\n<h3>Condiciones de uso\/conservaci\u00f3n<\/h3>\n<p>Conservar en un lugar fresco y seco.<\/p>\n<h3>Fecha de caducidad<\/h3>\n<p>36 meses<\/p>\n","protected":false},"excerpt":{"rendered":"<p>Endulzantes.<\/p>\n","protected":false},"featured_media":3947773,"template":"","meta":{"_acf_changed":false},"product_brand":[],"product_cat":[120],"product_tag":[260],"class_list":{"0":"post-3947643","1":"product","2":"type-product","3":"status-publish","4":"has-post-thumbnail","6":"product_cat-endulzantes","7":"product_tag-azucar","9":"first","10":"instock","11":"taxable","12":"shipping-taxable","13":"purchasable","14":"product-type-simple"},"bundled_by":[],"bundle_stock_status":"instock","bundle_stock_quantity":362,"bundle_virtual":false,"bundle_layout":"","bundle_add_to_cart_form_location":"","bundle_editable_in_cart":false,"bundle_sold_individually_context":"","bundle_item_grouping":"","bundle_min_size":"","bundle_max_size":"","bundle_price":[],"bundled_items":[],"bundle_sell_ids":[],"acf":[],"yoast_head":"<!-- This site is optimized with the Yoast SEO plugin v27.3 - https:\/\/yoast.com\/product\/yoast-seo-wordpress\/ -->\n<title>Canela Ceil\u00e1n, 500 uds. - Caf\u00e9s Baqu\u00e9<\/title>\n<meta name=\"robots\" content=\"index, follow, max-snippet:-1, max-image-preview:large, max-video-preview:-1\" \/>\n<meta property=\"og:locale\" content=\"es_ES\" \/>\n<meta property=\"og:type\" content=\"article\" \/>\n<meta property=\"og:title\" content=\"Canela Ceil\u00e1n, 500 uds. - Caf\u00e9s Baqu\u00e9\" \/>\n<meta property=\"og:description\" content=\"Endulzantes.\" \/>\n<meta property=\"og:url\" content=\"https:\/\/www.baque.com\/es\/tienda\/endulzantes\/canela-ceilan-500-uds\/\" \/>\n<meta property=\"og:site_name\" content=\"Caf\u00e9s Baqu\u00e9\" \/>\n<meta property=\"article:modified_time\" content=\"2026-04-10T12:23:28+00:00\" \/>\n<meta property=\"og:image\" content=\"https:\/\/www.baque.com\/wp-content\/uploads\/2026\/02\/Sobre_canela-1-01.jpg\" \/>\n\t<meta property=\"og:image:width\" content=\"2275\" \/>\n\t<meta property=\"og:image:height\" content=\"1554\" \/>\n\t<meta property=\"og:image:type\" content=\"image\/jpeg\" \/>\n<meta name=\"twitter:card\" content=\"summary_large_image\" \/>\n<meta name=\"twitter:label1\" content=\"Tiempo de lectura\" \/>\n\t<meta name=\"twitter:data1\" content=\"1 minuto\" \/>\n<script type=\"application\/ld+json\" class=\"yoast-schema-graph\">{\"@context\":\"https:\\\/\\\/schema.org\",\"@graph\":[{\"@type\":\"WebPage\",\"@id\":\"https:\\\/\\\/www.baque.com\\\/es\\\/tienda\\\/endulzantes\\\/canela-ceilan-500-uds\\\/\",\"url\":\"https:\\\/\\\/www.baque.com\\\/es\\\/tienda\\\/endulzantes\\\/canela-ceilan-500-uds\\\/\",\"name\":\"Canela Ceil\u00e1n, 500 uds. - Caf\u00e9s Baqu\u00e9\",\"isPartOf\":{\"@id\":\"https:\\\/\\\/www.baque.com\\\/es\\\/#website\"},\"primaryImageOfPage\":{\"@id\":\"https:\\\/\\\/www.baque.com\\\/es\\\/tienda\\\/endulzantes\\\/canela-ceilan-500-uds\\\/#primaryimage\"},\"image\":{\"@id\":\"https:\\\/\\\/www.baque.com\\\/es\\\/tienda\\\/endulzantes\\\/canela-ceilan-500-uds\\\/#primaryimage\"},\"thumbnailUrl\":\"https:\\\/\\\/www.baque.com\\\/wp-content\\\/uploads\\\/2026\\\/02\\\/Sobre_canela-1-01.jpg\",\"datePublished\":\"2026-02-18T13:02:05+00:00\",\"dateModified\":\"2026-04-10T12:23:28+00:00\",\"breadcrumb\":{\"@id\":\"https:\\\/\\\/www.baque.com\\\/es\\\/tienda\\\/endulzantes\\\/canela-ceilan-500-uds\\\/#breadcrumb\"},\"inLanguage\":\"es\",\"potentialAction\":[{\"@type\":\"ReadAction\",\"target\":[\"https:\\\/\\\/www.baque.com\\\/es\\\/tienda\\\/endulzantes\\\/canela-ceilan-500-uds\\\/\"]}]},{\"@type\":\"ImageObject\",\"inLanguage\":\"es\",\"@id\":\"https:\\\/\\\/www.baque.com\\\/es\\\/tienda\\\/endulzantes\\\/canela-ceilan-500-uds\\\/#primaryimage\",\"url\":\"https:\\\/\\\/www.baque.com\\\/wp-content\\\/uploads\\\/2026\\\/02\\\/Sobre_canela-1-01.jpg\",\"contentUrl\":\"https:\\\/\\\/www.baque.com\\\/wp-content\\\/uploads\\\/2026\\\/02\\\/Sobre_canela-1-01.jpg\",\"width\":2275,\"height\":1554},{\"@type\":\"BreadcrumbList\",\"@id\":\"https:\\\/\\\/www.baque.com\\\/es\\\/tienda\\\/endulzantes\\\/canela-ceilan-500-uds\\\/#breadcrumb\",\"itemListElement\":[{\"@type\":\"ListItem\",\"position\":1,\"name\":\"Portada\",\"item\":\"https:\\\/\\\/www.baque.com\\\/es\\\/\"},{\"@type\":\"ListItem\",\"position\":2,\"name\":\"Tienda\",\"item\":\"https:\\\/\\\/www.baque.com\\\/es\\\/tienda\\\/\"},{\"@type\":\"ListItem\",\"position\":3,\"name\":\"Canela Ceil\u00e1n, 500 uds.\"}]},{\"@type\":\"WebSite\",\"@id\":\"https:\\\/\\\/www.baque.com\\\/es\\\/#website\",\"url\":\"https:\\\/\\\/www.baque.com\\\/es\\\/\",\"name\":\"Caf\u00e9s Baqu\u00e9\",\"description\":\"Somos l\u00edderes en hosteler\u00eda en Pa\u00eds Vasco y La Rioja y una de las marcas m\u00e1s reconocidas en el mercado nacional. Somos una empresa familiar en constante innovaci\u00f3n en el producto. Tostamos y distribuimos caf\u00e9 molido, en grano y c\u00e1psulas para disfrutar en casa, en el bar y en la oficina.\",\"potentialAction\":[{\"@type\":\"SearchAction\",\"target\":{\"@type\":\"EntryPoint\",\"urlTemplate\":\"https:\\\/\\\/www.baque.com\\\/es\\\/?s={search_term_string}\"},\"query-input\":{\"@type\":\"PropertyValueSpecification\",\"valueRequired\":true,\"valueName\":\"search_term_string\"}}],\"inLanguage\":\"es\"}]}<\/script>\n<!-- \/ Yoast SEO plugin. -->","yoast_head_json":{"title":"Canela Ceil\u00e1n, 500 uds. - Caf\u00e9s Baqu\u00e9","robots":{"index":"index","follow":"follow","max-snippet":"max-snippet:-1","max-image-preview":"max-image-preview:large","max-video-preview":"max-video-preview:-1"},"og_locale":"es_ES","og_type":"article","og_title":"Canela Ceil\u00e1n, 500 uds. - Caf\u00e9s Baqu\u00e9","og_description":"Endulzantes.","og_url":"https:\/\/www.baque.com\/es\/tienda\/endulzantes\/canela-ceilan-500-uds\/","og_site_name":"Caf\u00e9s Baqu\u00e9","article_modified_time":"2026-04-10T12:23:28+00:00","og_image":[{"width":2275,"height":1554,"url":"https:\/\/www.baque.com\/wp-content\/uploads\/2026\/02\/Sobre_canela-1-01.jpg","type":"image\/jpeg"}],"twitter_card":"summary_large_image","twitter_misc":{"Tiempo de lectura":"1 minuto"},"schema":{"@context":"https:\/\/schema.org","@graph":[{"@type":"WebPage","@id":"https:\/\/www.baque.com\/es\/tienda\/endulzantes\/canela-ceilan-500-uds\/","url":"https:\/\/www.baque.com\/es\/tienda\/endulzantes\/canela-ceilan-500-uds\/","name":"Canela Ceil\u00e1n, 500 uds. - Caf\u00e9s Baqu\u00e9","isPartOf":{"@id":"https:\/\/www.baque.com\/es\/#website"},"primaryImageOfPage":{"@id":"https:\/\/www.baque.com\/es\/tienda\/endulzantes\/canela-ceilan-500-uds\/#primaryimage"},"image":{"@id":"https:\/\/www.baque.com\/es\/tienda\/endulzantes\/canela-ceilan-500-uds\/#primaryimage"},"thumbnailUrl":"https:\/\/www.baque.com\/wp-content\/uploads\/2026\/02\/Sobre_canela-1-01.jpg","datePublished":"2026-02-18T13:02:05+00:00","dateModified":"2026-04-10T12:23:28+00:00","breadcrumb":{"@id":"https:\/\/www.baque.com\/es\/tienda\/endulzantes\/canela-ceilan-500-uds\/#breadcrumb"},"inLanguage":"es","potentialAction":[{"@type":"ReadAction","target":["https:\/\/www.baque.com\/es\/tienda\/endulzantes\/canela-ceilan-500-uds\/"]}]},{"@type":"ImageObject","inLanguage":"es","@id":"https:\/\/www.baque.com\/es\/tienda\/endulzantes\/canela-ceilan-500-uds\/#primaryimage","url":"https:\/\/www.baque.com\/wp-content\/uploads\/2026\/02\/Sobre_canela-1-01.jpg","contentUrl":"https:\/\/www.baque.com\/wp-content\/uploads\/2026\/02\/Sobre_canela-1-01.jpg","width":2275,"height":1554},{"@type":"BreadcrumbList","@id":"https:\/\/www.baque.com\/es\/tienda\/endulzantes\/canela-ceilan-500-uds\/#breadcrumb","itemListElement":[{"@type":"ListItem","position":1,"name":"Portada","item":"https:\/\/www.baque.com\/es\/"},{"@type":"ListItem","position":2,"name":"Tienda","item":"https:\/\/www.baque.com\/es\/tienda\/"},{"@type":"ListItem","position":3,"name":"Canela Ceil\u00e1n, 500 uds."}]},{"@type":"WebSite","@id":"https:\/\/www.baque.com\/es\/#website","url":"https:\/\/www.baque.com\/es\/","name":"Caf\u00e9s Baqu\u00e9","description":"Somos l\u00edderes en hosteler\u00eda en Pa\u00eds Vasco y La Rioja y una de las marcas m\u00e1s reconocidas en el mercado nacional. Somos una empresa familiar en constante innovaci\u00f3n en el producto. Tostamos y distribuimos caf\u00e9 molido, en grano y c\u00e1psulas para disfrutar en casa, en el bar y en la oficina.","potentialAction":[{"@type":"SearchAction","target":{"@type":"EntryPoint","urlTemplate":"https:\/\/www.baque.com\/es\/?s={search_term_string}"},"query-input":{"@type":"PropertyValueSpecification","valueRequired":true,"valueName":"search_term_string"}}],"inLanguage":"es"}]}},"_links":{"self":[{"href":"https:\/\/www.baque.com\/es\/wp-json\/wp\/v2\/product\/3947643","targetHints":{"allow":["GET"]}}],"collection":[{"href":"https:\/\/www.baque.com\/es\/wp-json\/wp\/v2\/product"}],"about":[{"href":"https:\/\/www.baque.com\/es\/wp-json\/wp\/v2\/types\/product"}],"wp:featuredmedia":[{"embeddable":true,"href":"https:\/\/www.baque.com\/es\/wp-json\/wp\/v2\/media\/3947773"}],"wp:attachment":[{"href":"https:\/\/www.baque.com\/es\/wp-json\/wp\/v2\/media?parent=3947643"}],"wp:term":[{"taxonomy":"product_brand","embeddable":true,"href":"https:\/\/www.baque.com\/es\/wp-json\/wp\/v2\/product_brand?post=3947643"},{"taxonomy":"product_cat","embeddable":true,"href":"https:\/\/www.baque.com\/es\/wp-json\/wp\/v2\/product_cat?post=3947643"},{"taxonomy":"product_tag","embeddable":true,"href":"https:\/\/www.baque.com\/es\/wp-json\/wp\/v2\/product_tag?post=3947643"}],"curies":[{"name":"wp","href":"https:\/\/api.w.org\/{rel}","templated":true}]}}