
{"id":3953089,"date":"2026-02-20T12:25:05","date_gmt":"2026-02-20T11:25:05","guid":{"rendered":"https:\/\/www.baque.com\/?post_type=product&#038;p=3953089"},"modified":"2026-04-26T02:08:42","modified_gmt":"2026-04-26T00:08:42","slug":"cafetera-moccamaster-one-cup-blanca","status":"publish","type":"product","link":"https:\/\/www.baque.com\/es\/tienda\/cafeteras-accesorios\/moccamaster\/cafetera-moccamaster-one-cup-blanca\/","title":{"rendered":"CAFETERA MOCCAMASTER ONE-CUP BLANCA"},"content":{"rendered":"<p>La Cup One en color Blanco de Moccamaster es la cafetera perfecta para quienes disfrutan de una taza de caf\u00e9 a la vez. Este modelo compacto prepara una taza de caf\u00e9 en solo 4 minutos, garantizando un sabor perfecto gracias a su control de temperatura preciso. El elegante acabado en blanco crema se adapta a cualquier espacio, y la m\u00e1quina incluye una taza de cer\u00e1mica y un soporte de taza desmontable para mayor comodidad<\/p>\n<ul>\n<li><strong>Mejor extracci\u00f3n<\/strong><\/li>\n<\/ul>\n<p>Temperatura ideal del agua entre 92 \u00b0 y 96 \u00b0 para una mejor extracci\u00f3n de los aromas del caf\u00e9. El nuevo brazo de salida con sus 9 agujeros en acero garantiza una mejor distribuci\u00f3n del agua en la molienda.<\/p>\n<ul>\n<li><strong>Temperatura<\/strong><\/li>\n<\/ul>\n<p>La placa calefactora ajusta su temperatura a la cantidad de caf\u00e9 en la jarra para evitar quemar el caf\u00e9. La placa, mantiene el caf\u00e9 durante 45 minutos despu\u00e9s de haberlo preparado, sin que pierda sus carateristicas singulares. Apagado autom\u00e1tico.<\/p>\n<ul>\n<li><strong>Capacidad<\/strong><\/li>\n<\/ul>\n<p>300 ml (1 taza)<\/p>\n<ul>\n<li><strong>Garant\u00eda de calidad<\/strong><\/li>\n<\/ul>\n<p>Cada m\u00e1quina est\u00e1 hecha a mano y probada en los Pa\u00edses Bajos.<\/p>\n<ul>\n<li><strong>Dimensiones y peso<\/strong><\/li>\n<\/ul>\n<p>Dimensiones del art\u00edculo 26 cm x 17 cm x 30 cm. Peso del art\u00edculo 2 kg.<\/p>\n","protected":false},"excerpt":{"rendered":"<p>La Cup One en color Blanco de Moccamaster es la cafetera perfecta para quienes disfrutan de una taza de caf\u00e9 a la vez. Este modelo compacto prepara una taza de caf\u00e9 en solo 4 minutos, garantizando un sabor perfecto gracias a su control de temperatura preciso. El elegante acabado en blanco crema se adapta a [&hellip;]<\/p>\n","protected":false},"featured_media":3953092,"template":"","meta":{"_acf_changed":false},"product_brand":[],"product_cat":[91,596],"product_tag":[],"class_list":{"0":"post-3953089","1":"product","2":"type-product","3":"status-publish","4":"has-post-thumbnail","6":"product_cat-cafe","7":"product_cat-moccamaster","9":"first","10":"instock","11":"taxable","12":"shipping-taxable","13":"purchasable","14":"product-type-simple"},"bundled_by":[],"bundle_stock_status":"instock","bundle_stock_quantity":1,"bundle_virtual":false,"bundle_layout":"","bundle_add_to_cart_form_location":"","bundle_editable_in_cart":false,"bundle_sold_individually_context":"","bundle_item_grouping":"","bundle_min_size":"","bundle_max_size":"","bundle_price":[],"bundled_items":[],"bundle_sell_ids":[],"acf":[],"yoast_head":"<!-- This site is optimized with the Yoast SEO plugin v27.3 - https:\/\/yoast.com\/product\/yoast-seo-wordpress\/ -->\n<title>CAFETERA MOCCAMASTER ONE-CUP BLANCA - Caf\u00e9s Baqu\u00e9<\/title>\n<meta name=\"robots\" content=\"index, follow, max-snippet:-1, max-image-preview:large, max-video-preview:-1\" \/>\n<meta property=\"og:locale\" content=\"es_ES\" \/>\n<meta property=\"og:type\" content=\"article\" \/>\n<meta property=\"og:title\" content=\"CAFETERA MOCCAMASTER ONE-CUP BLANCA - Caf\u00e9s Baqu\u00e9\" \/>\n<meta property=\"og:description\" content=\"La Cup One en color Blanco de Moccamaster es la cafetera perfecta para quienes disfrutan de una taza de caf\u00e9 a la vez. Este modelo compacto prepara una taza de caf\u00e9 en solo 4 minutos, garantizando un sabor perfecto gracias a su control de temperatura preciso. El elegante acabado en blanco crema se adapta a [&hellip;]\" \/>\n<meta property=\"og:url\" content=\"https:\/\/www.baque.com\/es\/tienda\/cafeteras-accesorios\/moccamaster\/cafetera-moccamaster-one-cup-blanca\/\" \/>\n<meta property=\"og:site_name\" content=\"Caf\u00e9s Baqu\u00e9\" \/>\n<meta property=\"article:modified_time\" content=\"2026-04-26T00:08:42+00:00\" \/>\n<meta property=\"og:image\" content=\"https:\/\/www.baque.com\/wp-content\/uploads\/2026\/02\/Cup-One-Off-White-2600x2600px-1-1-scaled.jpg\" \/>\n\t<meta property=\"og:image:width\" content=\"2560\" \/>\n\t<meta property=\"og:image:height\" content=\"2560\" \/>\n\t<meta property=\"og:image:type\" content=\"image\/jpeg\" \/>\n<meta name=\"twitter:card\" content=\"summary_large_image\" \/>\n<meta name=\"twitter:label1\" content=\"Tiempo de lectura\" \/>\n\t<meta name=\"twitter:data1\" content=\"2 minutos\" \/>\n<script type=\"application\/ld+json\" class=\"yoast-schema-graph\">{\"@context\":\"https:\\\/\\\/schema.org\",\"@graph\":[{\"@type\":\"WebPage\",\"@id\":\"https:\\\/\\\/www.baque.com\\\/es\\\/tienda\\\/cafeteras-accesorios\\\/moccamaster\\\/cafetera-moccamaster-one-cup-blanca\\\/\",\"url\":\"https:\\\/\\\/www.baque.com\\\/es\\\/tienda\\\/cafeteras-accesorios\\\/moccamaster\\\/cafetera-moccamaster-one-cup-blanca\\\/\",\"name\":\"CAFETERA MOCCAMASTER ONE-CUP BLANCA - Caf\u00e9s Baqu\u00e9\",\"isPartOf\":{\"@id\":\"https:\\\/\\\/www.baque.com\\\/es\\\/#website\"},\"primaryImageOfPage\":{\"@id\":\"https:\\\/\\\/www.baque.com\\\/es\\\/tienda\\\/cafeteras-accesorios\\\/moccamaster\\\/cafetera-moccamaster-one-cup-blanca\\\/#primaryimage\"},\"image\":{\"@id\":\"https:\\\/\\\/www.baque.com\\\/es\\\/tienda\\\/cafeteras-accesorios\\\/moccamaster\\\/cafetera-moccamaster-one-cup-blanca\\\/#primaryimage\"},\"thumbnailUrl\":\"https:\\\/\\\/www.baque.com\\\/wp-content\\\/uploads\\\/2026\\\/02\\\/Cup-One-Off-White-2600x2600px-1-1-scaled.jpg\",\"datePublished\":\"2026-02-20T11:25:05+00:00\",\"dateModified\":\"2026-04-26T00:08:42+00:00\",\"breadcrumb\":{\"@id\":\"https:\\\/\\\/www.baque.com\\\/es\\\/tienda\\\/cafeteras-accesorios\\\/moccamaster\\\/cafetera-moccamaster-one-cup-blanca\\\/#breadcrumb\"},\"inLanguage\":\"es\",\"potentialAction\":[{\"@type\":\"ReadAction\",\"target\":[\"https:\\\/\\\/www.baque.com\\\/es\\\/tienda\\\/cafeteras-accesorios\\\/moccamaster\\\/cafetera-moccamaster-one-cup-blanca\\\/\"]}]},{\"@type\":\"ImageObject\",\"inLanguage\":\"es\",\"@id\":\"https:\\\/\\\/www.baque.com\\\/es\\\/tienda\\\/cafeteras-accesorios\\\/moccamaster\\\/cafetera-moccamaster-one-cup-blanca\\\/#primaryimage\",\"url\":\"https:\\\/\\\/www.baque.com\\\/wp-content\\\/uploads\\\/2026\\\/02\\\/Cup-One-Off-White-2600x2600px-1-1-scaled.jpg\",\"contentUrl\":\"https:\\\/\\\/www.baque.com\\\/wp-content\\\/uploads\\\/2026\\\/02\\\/Cup-One-Off-White-2600x2600px-1-1-scaled.jpg\",\"width\":2560,\"height\":2560},{\"@type\":\"BreadcrumbList\",\"@id\":\"https:\\\/\\\/www.baque.com\\\/es\\\/tienda\\\/cafeteras-accesorios\\\/moccamaster\\\/cafetera-moccamaster-one-cup-blanca\\\/#breadcrumb\",\"itemListElement\":[{\"@type\":\"ListItem\",\"position\":1,\"name\":\"Portada\",\"item\":\"https:\\\/\\\/www.baque.com\\\/es\\\/\"},{\"@type\":\"ListItem\",\"position\":2,\"name\":\"Tienda\",\"item\":\"https:\\\/\\\/www.baque.com\\\/es\\\/tienda\\\/\"},{\"@type\":\"ListItem\",\"position\":3,\"name\":\"CAFETERA MOCCAMASTER ONE-CUP BLANCA\"}]},{\"@type\":\"WebSite\",\"@id\":\"https:\\\/\\\/www.baque.com\\\/es\\\/#website\",\"url\":\"https:\\\/\\\/www.baque.com\\\/es\\\/\",\"name\":\"Caf\u00e9s Baqu\u00e9\",\"description\":\"Somos l\u00edderes en hosteler\u00eda en Pa\u00eds Vasco y La Rioja y una de las marcas m\u00e1s reconocidas en el mercado nacional. Somos una empresa familiar en constante innovaci\u00f3n en el producto. Tostamos y distribuimos caf\u00e9 molido, en grano y c\u00e1psulas para disfrutar en casa, en el bar y en la oficina.\",\"potentialAction\":[{\"@type\":\"SearchAction\",\"target\":{\"@type\":\"EntryPoint\",\"urlTemplate\":\"https:\\\/\\\/www.baque.com\\\/es\\\/?s={search_term_string}\"},\"query-input\":{\"@type\":\"PropertyValueSpecification\",\"valueRequired\":true,\"valueName\":\"search_term_string\"}}],\"inLanguage\":\"es\"}]}<\/script>\n<!-- \/ Yoast SEO plugin. -->","yoast_head_json":{"title":"CAFETERA MOCCAMASTER ONE-CUP BLANCA - Caf\u00e9s Baqu\u00e9","robots":{"index":"index","follow":"follow","max-snippet":"max-snippet:-1","max-image-preview":"max-image-preview:large","max-video-preview":"max-video-preview:-1"},"og_locale":"es_ES","og_type":"article","og_title":"CAFETERA MOCCAMASTER ONE-CUP BLANCA - Caf\u00e9s Baqu\u00e9","og_description":"La Cup One en color Blanco de Moccamaster es la cafetera perfecta para quienes disfrutan de una taza de caf\u00e9 a la vez. Este modelo compacto prepara una taza de caf\u00e9 en solo 4 minutos, garantizando un sabor perfecto gracias a su control de temperatura preciso. El elegante acabado en blanco crema se adapta a [&hellip;]","og_url":"https:\/\/www.baque.com\/es\/tienda\/cafeteras-accesorios\/moccamaster\/cafetera-moccamaster-one-cup-blanca\/","og_site_name":"Caf\u00e9s Baqu\u00e9","article_modified_time":"2026-04-26T00:08:42+00:00","og_image":[{"width":2560,"height":2560,"url":"https:\/\/www.baque.com\/wp-content\/uploads\/2026\/02\/Cup-One-Off-White-2600x2600px-1-1-scaled.jpg","type":"image\/jpeg"}],"twitter_card":"summary_large_image","twitter_misc":{"Tiempo de lectura":"2 minutos"},"schema":{"@context":"https:\/\/schema.org","@graph":[{"@type":"WebPage","@id":"https:\/\/www.baque.com\/es\/tienda\/cafeteras-accesorios\/moccamaster\/cafetera-moccamaster-one-cup-blanca\/","url":"https:\/\/www.baque.com\/es\/tienda\/cafeteras-accesorios\/moccamaster\/cafetera-moccamaster-one-cup-blanca\/","name":"CAFETERA MOCCAMASTER ONE-CUP BLANCA - Caf\u00e9s Baqu\u00e9","isPartOf":{"@id":"https:\/\/www.baque.com\/es\/#website"},"primaryImageOfPage":{"@id":"https:\/\/www.baque.com\/es\/tienda\/cafeteras-accesorios\/moccamaster\/cafetera-moccamaster-one-cup-blanca\/#primaryimage"},"image":{"@id":"https:\/\/www.baque.com\/es\/tienda\/cafeteras-accesorios\/moccamaster\/cafetera-moccamaster-one-cup-blanca\/#primaryimage"},"thumbnailUrl":"https:\/\/www.baque.com\/wp-content\/uploads\/2026\/02\/Cup-One-Off-White-2600x2600px-1-1-scaled.jpg","datePublished":"2026-02-20T11:25:05+00:00","dateModified":"2026-04-26T00:08:42+00:00","breadcrumb":{"@id":"https:\/\/www.baque.com\/es\/tienda\/cafeteras-accesorios\/moccamaster\/cafetera-moccamaster-one-cup-blanca\/#breadcrumb"},"inLanguage":"es","potentialAction":[{"@type":"ReadAction","target":["https:\/\/www.baque.com\/es\/tienda\/cafeteras-accesorios\/moccamaster\/cafetera-moccamaster-one-cup-blanca\/"]}]},{"@type":"ImageObject","inLanguage":"es","@id":"https:\/\/www.baque.com\/es\/tienda\/cafeteras-accesorios\/moccamaster\/cafetera-moccamaster-one-cup-blanca\/#primaryimage","url":"https:\/\/www.baque.com\/wp-content\/uploads\/2026\/02\/Cup-One-Off-White-2600x2600px-1-1-scaled.jpg","contentUrl":"https:\/\/www.baque.com\/wp-content\/uploads\/2026\/02\/Cup-One-Off-White-2600x2600px-1-1-scaled.jpg","width":2560,"height":2560},{"@type":"BreadcrumbList","@id":"https:\/\/www.baque.com\/es\/tienda\/cafeteras-accesorios\/moccamaster\/cafetera-moccamaster-one-cup-blanca\/#breadcrumb","itemListElement":[{"@type":"ListItem","position":1,"name":"Portada","item":"https:\/\/www.baque.com\/es\/"},{"@type":"ListItem","position":2,"name":"Tienda","item":"https:\/\/www.baque.com\/es\/tienda\/"},{"@type":"ListItem","position":3,"name":"CAFETERA MOCCAMASTER ONE-CUP BLANCA"}]},{"@type":"WebSite","@id":"https:\/\/www.baque.com\/es\/#website","url":"https:\/\/www.baque.com\/es\/","name":"Caf\u00e9s Baqu\u00e9","description":"Somos l\u00edderes en hosteler\u00eda en Pa\u00eds Vasco y La Rioja y una de las marcas m\u00e1s reconocidas en el mercado nacional. Somos una empresa familiar en constante innovaci\u00f3n en el producto. Tostamos y distribuimos caf\u00e9 molido, en grano y c\u00e1psulas para disfrutar en casa, en el bar y en la oficina.","potentialAction":[{"@type":"SearchAction","target":{"@type":"EntryPoint","urlTemplate":"https:\/\/www.baque.com\/es\/?s={search_term_string}"},"query-input":{"@type":"PropertyValueSpecification","valueRequired":true,"valueName":"search_term_string"}}],"inLanguage":"es"}]}},"_links":{"self":[{"href":"https:\/\/www.baque.com\/es\/wp-json\/wp\/v2\/product\/3953089","targetHints":{"allow":["GET"]}}],"collection":[{"href":"https:\/\/www.baque.com\/es\/wp-json\/wp\/v2\/product"}],"about":[{"href":"https:\/\/www.baque.com\/es\/wp-json\/wp\/v2\/types\/product"}],"wp:featuredmedia":[{"embeddable":true,"href":"https:\/\/www.baque.com\/es\/wp-json\/wp\/v2\/media\/3953092"}],"wp:attachment":[{"href":"https:\/\/www.baque.com\/es\/wp-json\/wp\/v2\/media?parent=3953089"}],"wp:term":[{"taxonomy":"product_brand","embeddable":true,"href":"https:\/\/www.baque.com\/es\/wp-json\/wp\/v2\/product_brand?post=3953089"},{"taxonomy":"product_cat","embeddable":true,"href":"https:\/\/www.baque.com\/es\/wp-json\/wp\/v2\/product_cat?post=3953089"},{"taxonomy":"product_tag","embeddable":true,"href":"https:\/\/www.baque.com\/es\/wp-json\/wp\/v2\/product_tag?post=3953089"}],"curies":[{"name":"wp","href":"https:\/\/api.w.org\/{rel}","templated":true}]}}