
{"id":3986425,"date":"2026-03-04T09:53:56","date_gmt":"2026-03-04T08:53:56","guid":{"rendered":"https:\/\/www.baque.com\/?post_type=product&#038;p=3986425"},"modified":"2026-04-19T08:23:03","modified_gmt":"2026-04-19T06:23:03","slug":"te-matcha-organico","status":"publish","type":"product","link":"https:\/\/www.baque.com\/es\/tienda\/tes-infusiones\/tes-solubles\/te-matcha-organico\/","title":{"rendered":"T\u00e9 Matcha org\u00e1nico"},"content":{"rendered":"<p>T\u00e9 puro 100% matcha org\u00e1nico de origen Jap\u00f3n y de grado ceremonial. A diferencia de otros t\u00e9s, sus hojas est\u00e1n finamente molidas en un polvo verde intenso que se consume disuelto, lo que permite ingerir la hoja entera y aprovechar toda su concentraci\u00f3n de antioxidantes, vitaminas y nutrientes. Es un superalimento que proporciona energ\u00eda sostenida y mejora el enfoque mental sin causar ansiedad.<\/p>\n<p><strong>Peso\/Cantidad<\/strong><\/p>\n<p>Bote de 50 g.<\/p>\n<p><strong>Ingredientes<\/strong><\/p>\n<p>100% T\u00e9 matcha org\u00e1nico de origen Jap\u00f3n.<\/p>\n<p><strong>Al\u00e9rgenos<\/strong><\/p>\n<p>Producto puro 100% matcha.<\/p>\n<p><strong>Condiciones de uso\/conservaci\u00f3n<\/strong><\/p>\n<p>Consumir disuelto en agua caliente, asegur\u00e1ndose de que no est\u00e9 hirviendo. Para mantener su calidad, conservar en un ambiente fresco, seco y protegido de la humedad.<\/p>\n<p><strong>Un consejo<\/strong><\/p>\n<p>Es un producto muy vers\u00e1til: puedes disfrutarlo como un <strong>Matcha Latte<\/strong> (fr\u00edo o caliente) o con bebidas vegetales.<\/p>\n","protected":false},"excerpt":{"rendered":"<p>T\u00e9 puro 100% matcha org\u00e1nico de origen Jap\u00f3n y de grado ceremonial. A diferencia de otros t\u00e9s, sus hojas est\u00e1n finamente molidas en un polvo verde intenso que se consume disuelto, lo que permite ingerir la hoja entera y aprovechar toda su concentraci\u00f3n de antioxidantes, vitaminas y nutrientes. Es un superalimento que proporciona energ\u00eda sostenida [&hellip;]<\/p>\n","protected":false},"featured_media":3989748,"template":"","meta":{"_acf_changed":false},"product_brand":[],"product_cat":[610,112],"product_tag":[192,193,188,189,190,191],"class_list":{"0":"post-3986425","1":"product","2":"type-product","3":"status-publish","4":"has-post-thumbnail","6":"product_cat-tes-solubles","7":"product_cat-tes-infusiones","8":"product_tag-darjeeling","9":"product_tag-ftgfop","10":"product_tag-infusion","11":"product_tag-piramidal","12":"product_tag-piramide","13":"product_tag-te","15":"first","16":"instock","17":"taxable","18":"shipping-taxable","19":"purchasable","20":"product-type-simple"},"bundled_by":[],"bundle_stock_status":"instock","bundle_stock_quantity":234,"bundle_virtual":false,"bundle_layout":"","bundle_add_to_cart_form_location":"","bundle_editable_in_cart":false,"bundle_sold_individually_context":"","bundle_item_grouping":"","bundle_min_size":"","bundle_max_size":"","bundle_price":[],"bundled_items":[],"bundle_sell_ids":[],"acf":[],"yoast_head":"<!-- This site is optimized with the Yoast SEO plugin v27.3 - https:\/\/yoast.com\/product\/yoast-seo-wordpress\/ -->\n<title>T\u00e9 Matcha org\u00e1nico - Caf\u00e9s Baqu\u00e9<\/title>\n<meta name=\"robots\" content=\"index, follow, max-snippet:-1, max-image-preview:large, max-video-preview:-1\" \/>\n<meta property=\"og:locale\" content=\"es_ES\" \/>\n<meta property=\"og:type\" content=\"article\" \/>\n<meta property=\"og:title\" content=\"T\u00e9 Matcha org\u00e1nico - Caf\u00e9s Baqu\u00e9\" \/>\n<meta property=\"og:description\" content=\"T\u00e9 puro 100% matcha org\u00e1nico de origen Jap\u00f3n y de grado ceremonial. A diferencia de otros t\u00e9s, sus hojas est\u00e1n finamente molidas en un polvo verde intenso que se consume disuelto, lo que permite ingerir la hoja entera y aprovechar toda su concentraci\u00f3n de antioxidantes, vitaminas y nutrientes. Es un superalimento que proporciona energ\u00eda sostenida [&hellip;]\" \/>\n<meta property=\"og:url\" content=\"https:\/\/www.baque.com\/es\/tienda\/tes-infusiones\/tes-solubles\/te-matcha-organico\/\" \/>\n<meta property=\"og:site_name\" content=\"Caf\u00e9s Baqu\u00e9\" \/>\n<meta property=\"article:modified_time\" content=\"2026-04-19T06:23:03+00:00\" \/>\n<meta property=\"og:image\" content=\"https:\/\/www.baque.com\/wp-content\/uploads\/2026\/03\/matcha.png\" \/>\n\t<meta property=\"og:image:width\" content=\"625\" \/>\n\t<meta property=\"og:image:height\" content=\"625\" \/>\n\t<meta property=\"og:image:type\" content=\"image\/png\" \/>\n<meta name=\"twitter:card\" content=\"summary_large_image\" \/>\n<meta name=\"twitter:label1\" content=\"Tiempo de lectura\" \/>\n\t<meta name=\"twitter:data1\" content=\"1 minuto\" \/>\n<script type=\"application\/ld+json\" class=\"yoast-schema-graph\">{\"@context\":\"https:\\\/\\\/schema.org\",\"@graph\":[{\"@type\":\"WebPage\",\"@id\":\"https:\\\/\\\/www.baque.com\\\/es\\\/tienda\\\/tes-infusiones\\\/tes-solubles\\\/te-matcha-organico\\\/\",\"url\":\"https:\\\/\\\/www.baque.com\\\/es\\\/tienda\\\/tes-infusiones\\\/tes-solubles\\\/te-matcha-organico\\\/\",\"name\":\"T\u00e9 Matcha org\u00e1nico - Caf\u00e9s Baqu\u00e9\",\"isPartOf\":{\"@id\":\"https:\\\/\\\/www.baque.com\\\/es\\\/#website\"},\"primaryImageOfPage\":{\"@id\":\"https:\\\/\\\/www.baque.com\\\/es\\\/tienda\\\/tes-infusiones\\\/tes-solubles\\\/te-matcha-organico\\\/#primaryimage\"},\"image\":{\"@id\":\"https:\\\/\\\/www.baque.com\\\/es\\\/tienda\\\/tes-infusiones\\\/tes-solubles\\\/te-matcha-organico\\\/#primaryimage\"},\"thumbnailUrl\":\"https:\\\/\\\/www.baque.com\\\/wp-content\\\/uploads\\\/2026\\\/03\\\/matcha.png\",\"datePublished\":\"2026-03-04T08:53:56+00:00\",\"dateModified\":\"2026-04-19T06:23:03+00:00\",\"breadcrumb\":{\"@id\":\"https:\\\/\\\/www.baque.com\\\/es\\\/tienda\\\/tes-infusiones\\\/tes-solubles\\\/te-matcha-organico\\\/#breadcrumb\"},\"inLanguage\":\"es\",\"potentialAction\":[{\"@type\":\"ReadAction\",\"target\":[\"https:\\\/\\\/www.baque.com\\\/es\\\/tienda\\\/tes-infusiones\\\/tes-solubles\\\/te-matcha-organico\\\/\"]}]},{\"@type\":\"ImageObject\",\"inLanguage\":\"es\",\"@id\":\"https:\\\/\\\/www.baque.com\\\/es\\\/tienda\\\/tes-infusiones\\\/tes-solubles\\\/te-matcha-organico\\\/#primaryimage\",\"url\":\"https:\\\/\\\/www.baque.com\\\/wp-content\\\/uploads\\\/2026\\\/03\\\/matcha.png\",\"contentUrl\":\"https:\\\/\\\/www.baque.com\\\/wp-content\\\/uploads\\\/2026\\\/03\\\/matcha.png\",\"width\":625,\"height\":625},{\"@type\":\"BreadcrumbList\",\"@id\":\"https:\\\/\\\/www.baque.com\\\/es\\\/tienda\\\/tes-infusiones\\\/tes-solubles\\\/te-matcha-organico\\\/#breadcrumb\",\"itemListElement\":[{\"@type\":\"ListItem\",\"position\":1,\"name\":\"Portada\",\"item\":\"https:\\\/\\\/www.baque.com\\\/es\\\/\"},{\"@type\":\"ListItem\",\"position\":2,\"name\":\"Tienda\",\"item\":\"https:\\\/\\\/www.baque.com\\\/es\\\/tienda\\\/\"},{\"@type\":\"ListItem\",\"position\":3,\"name\":\"T\u00e9 Matcha org\u00e1nico\"}]},{\"@type\":\"WebSite\",\"@id\":\"https:\\\/\\\/www.baque.com\\\/es\\\/#website\",\"url\":\"https:\\\/\\\/www.baque.com\\\/es\\\/\",\"name\":\"Caf\u00e9s Baqu\u00e9\",\"description\":\"Somos l\u00edderes en hosteler\u00eda en Pa\u00eds Vasco y La Rioja y una de las marcas m\u00e1s reconocidas en el mercado nacional. Somos una empresa familiar en constante innovaci\u00f3n en el producto. Tostamos y distribuimos caf\u00e9 molido, en grano y c\u00e1psulas para disfrutar en casa, en el bar y en la oficina.\",\"potentialAction\":[{\"@type\":\"SearchAction\",\"target\":{\"@type\":\"EntryPoint\",\"urlTemplate\":\"https:\\\/\\\/www.baque.com\\\/es\\\/?s={search_term_string}\"},\"query-input\":{\"@type\":\"PropertyValueSpecification\",\"valueRequired\":true,\"valueName\":\"search_term_string\"}}],\"inLanguage\":\"es\"}]}<\/script>\n<!-- \/ Yoast SEO plugin. -->","yoast_head_json":{"title":"T\u00e9 Matcha org\u00e1nico - Caf\u00e9s Baqu\u00e9","robots":{"index":"index","follow":"follow","max-snippet":"max-snippet:-1","max-image-preview":"max-image-preview:large","max-video-preview":"max-video-preview:-1"},"og_locale":"es_ES","og_type":"article","og_title":"T\u00e9 Matcha org\u00e1nico - Caf\u00e9s Baqu\u00e9","og_description":"T\u00e9 puro 100% matcha org\u00e1nico de origen Jap\u00f3n y de grado ceremonial. A diferencia de otros t\u00e9s, sus hojas est\u00e1n finamente molidas en un polvo verde intenso que se consume disuelto, lo que permite ingerir la hoja entera y aprovechar toda su concentraci\u00f3n de antioxidantes, vitaminas y nutrientes. Es un superalimento que proporciona energ\u00eda sostenida [&hellip;]","og_url":"https:\/\/www.baque.com\/es\/tienda\/tes-infusiones\/tes-solubles\/te-matcha-organico\/","og_site_name":"Caf\u00e9s Baqu\u00e9","article_modified_time":"2026-04-19T06:23:03+00:00","og_image":[{"width":625,"height":625,"url":"https:\/\/www.baque.com\/wp-content\/uploads\/2026\/03\/matcha.png","type":"image\/png"}],"twitter_card":"summary_large_image","twitter_misc":{"Tiempo de lectura":"1 minuto"},"schema":{"@context":"https:\/\/schema.org","@graph":[{"@type":"WebPage","@id":"https:\/\/www.baque.com\/es\/tienda\/tes-infusiones\/tes-solubles\/te-matcha-organico\/","url":"https:\/\/www.baque.com\/es\/tienda\/tes-infusiones\/tes-solubles\/te-matcha-organico\/","name":"T\u00e9 Matcha org\u00e1nico - Caf\u00e9s Baqu\u00e9","isPartOf":{"@id":"https:\/\/www.baque.com\/es\/#website"},"primaryImageOfPage":{"@id":"https:\/\/www.baque.com\/es\/tienda\/tes-infusiones\/tes-solubles\/te-matcha-organico\/#primaryimage"},"image":{"@id":"https:\/\/www.baque.com\/es\/tienda\/tes-infusiones\/tes-solubles\/te-matcha-organico\/#primaryimage"},"thumbnailUrl":"https:\/\/www.baque.com\/wp-content\/uploads\/2026\/03\/matcha.png","datePublished":"2026-03-04T08:53:56+00:00","dateModified":"2026-04-19T06:23:03+00:00","breadcrumb":{"@id":"https:\/\/www.baque.com\/es\/tienda\/tes-infusiones\/tes-solubles\/te-matcha-organico\/#breadcrumb"},"inLanguage":"es","potentialAction":[{"@type":"ReadAction","target":["https:\/\/www.baque.com\/es\/tienda\/tes-infusiones\/tes-solubles\/te-matcha-organico\/"]}]},{"@type":"ImageObject","inLanguage":"es","@id":"https:\/\/www.baque.com\/es\/tienda\/tes-infusiones\/tes-solubles\/te-matcha-organico\/#primaryimage","url":"https:\/\/www.baque.com\/wp-content\/uploads\/2026\/03\/matcha.png","contentUrl":"https:\/\/www.baque.com\/wp-content\/uploads\/2026\/03\/matcha.png","width":625,"height":625},{"@type":"BreadcrumbList","@id":"https:\/\/www.baque.com\/es\/tienda\/tes-infusiones\/tes-solubles\/te-matcha-organico\/#breadcrumb","itemListElement":[{"@type":"ListItem","position":1,"name":"Portada","item":"https:\/\/www.baque.com\/es\/"},{"@type":"ListItem","position":2,"name":"Tienda","item":"https:\/\/www.baque.com\/es\/tienda\/"},{"@type":"ListItem","position":3,"name":"T\u00e9 Matcha org\u00e1nico"}]},{"@type":"WebSite","@id":"https:\/\/www.baque.com\/es\/#website","url":"https:\/\/www.baque.com\/es\/","name":"Caf\u00e9s Baqu\u00e9","description":"Somos l\u00edderes en hosteler\u00eda en Pa\u00eds Vasco y La Rioja y una de las marcas m\u00e1s reconocidas en el mercado nacional. Somos una empresa familiar en constante innovaci\u00f3n en el producto. Tostamos y distribuimos caf\u00e9 molido, en grano y c\u00e1psulas para disfrutar en casa, en el bar y en la oficina.","potentialAction":[{"@type":"SearchAction","target":{"@type":"EntryPoint","urlTemplate":"https:\/\/www.baque.com\/es\/?s={search_term_string}"},"query-input":{"@type":"PropertyValueSpecification","valueRequired":true,"valueName":"search_term_string"}}],"inLanguage":"es"}]}},"_links":{"self":[{"href":"https:\/\/www.baque.com\/es\/wp-json\/wp\/v2\/product\/3986425","targetHints":{"allow":["GET"]}}],"collection":[{"href":"https:\/\/www.baque.com\/es\/wp-json\/wp\/v2\/product"}],"about":[{"href":"https:\/\/www.baque.com\/es\/wp-json\/wp\/v2\/types\/product"}],"wp:featuredmedia":[{"embeddable":true,"href":"https:\/\/www.baque.com\/es\/wp-json\/wp\/v2\/media\/3989748"}],"wp:attachment":[{"href":"https:\/\/www.baque.com\/es\/wp-json\/wp\/v2\/media?parent=3986425"}],"wp:term":[{"taxonomy":"product_brand","embeddable":true,"href":"https:\/\/www.baque.com\/es\/wp-json\/wp\/v2\/product_brand?post=3986425"},{"taxonomy":"product_cat","embeddable":true,"href":"https:\/\/www.baque.com\/es\/wp-json\/wp\/v2\/product_cat?post=3986425"},{"taxonomy":"product_tag","embeddable":true,"href":"https:\/\/www.baque.com\/es\/wp-json\/wp\/v2\/product_tag?post=3986425"}],"curies":[{"name":"wp","href":"https:\/\/api.w.org\/{rel}","templated":true}]}}