
{"id":4098669,"date":"2026-04-13T09:04:45","date_gmt":"2026-04-13T07:04:45","guid":{"rendered":"https:\/\/www.baque.com\/?post_type=product&#038;p=4098669"},"modified":"2026-05-04T13:34:10","modified_gmt":"2026-05-04T11:34:10","slug":"peru-san-martin-cafe-de-finca-grano-250g","status":"publish","type":"product","link":"https:\/\/www.baque.com\/es\/tienda\/cafe\/peru-san-martin-cafe-de-finca-grano-250g\/","title":{"rendered":"Per\u00fa San Mart\u00edn Caf\u00e9 de Finca, grano 250g."},"content":{"rendered":"<p>Este caf\u00e9 que viene de San Mart\u00edn, pertenece a diferentes fincas con sus 40 productores.<\/p>\n<p>Fue fundada el 15 de Julio del 2012, y desde sus inicios, sus actividades estaban enmarcadas en el cultivo del caf\u00e9 a fin de mejorar la producci\u00f3n y calidad de vida de las familias asociadas.<\/p>\n<table style=\"height: 170px;\" width=\"305\">\n<tbody>\n<tr>\n<th style=\"text-align: left;\" valign=\"top\">Proceso<\/th>\n<td style=\"text-align: left;\" valign=\"top\">Lavado<\/td>\n<\/tr>\n<tr>\n<th style=\"text-align: left;\" valign=\"top\">Varietal<\/th>\n<td valign=\"top\">Caturra-Bourbon<\/td>\n<\/tr>\n<tr>\n<th style=\"text-align: left;\" valign=\"top\">Altitud<\/th>\n<td valign=\"top\">\n<table>\n<tbody>\n<tr>\n<td valign=\"top\">1.200-1.900m<\/td>\n<\/tr>\n<\/tbody>\n<\/table>\n<\/td>\n<\/tr>\n<tr>\n<th style=\"text-align: left;\" valign=\"top\">Puntuaci\u00f3n SCA<\/th>\n<td style=\"text-align: left;\" valign=\"top\">84<\/td>\n<\/tr>\n<\/tbody>\n<\/table>\n<p>&nbsp;<\/p>\n<p>Cada uno de estos caf\u00e9s es aut\u00e9ntico y \u00fanico y lleva una historia detr\u00e1s. Son caf\u00e9s de temporada, elaborados por peque\u00f1os productores que cultivan su varietal en una regi\u00f3n concreta a una altitud determinada y con unas condiciones de suelo, temperatura y humedad espec\u00edficas. Es un proceso 100% artesanal, desde el \u00e1rbol a la taza. Los agricultores hacen la recolecci\u00f3n a mano, eligiendo \u00fanicamente las cerezas que se encuentran en el punto \u00f3ptimo de maduraci\u00f3n, y durante el despulpado de estas, realizan una nueva selecci\u00f3n de los granos de caf\u00e9 para desechar los defectuosos.<\/p>\n","protected":false},"excerpt":{"rendered":"<p>Este caf\u00e9 que viene de San Mart\u00edn, pertenece a diferentes fincas con sus 40 productores. Fue fundada el 15 de Julio del 2012, y desde sus inicios, sus actividades estaban enmarcadas en el cultivo del caf\u00e9 a fin de mejorar la producci\u00f3n y calidad de vida de las familias asociadas. Proceso Lavado Varietal Caturra-Bourbon Altitud [&hellip;]<\/p>\n","protected":false},"featured_media":4098079,"template":"","meta":{"_acf_changed":false},"product_brand":[],"product_cat":[91,517],"product_tag":[],"class_list":{"0":"post-4098669","1":"product","2":"type-product","3":"status-publish","4":"has-post-thumbnail","6":"product_cat-cafe","7":"product_cat-specialty-coffees","9":"first","10":"instock","11":"taxable","12":"shipping-taxable","13":"purchasable","14":"product-type-simple"},"bundled_by":[],"bundle_stock_status":"instock","bundle_stock_quantity":132,"bundle_virtual":false,"bundle_layout":"","bundle_add_to_cart_form_location":"","bundle_editable_in_cart":false,"bundle_sold_individually_context":"","bundle_item_grouping":"","bundle_min_size":"","bundle_max_size":"","bundle_price":[],"bundled_items":[],"bundle_sell_ids":[],"acf":[],"yoast_head":"<!-- This site is optimized with the Yoast SEO plugin v27.3 - https:\/\/yoast.com\/product\/yoast-seo-wordpress\/ -->\n<title>Per\u00fa San Mart\u00edn Caf\u00e9 de Finca, grano 250g. - Caf\u00e9s Baqu\u00e9<\/title>\n<meta name=\"robots\" content=\"index, follow, max-snippet:-1, max-image-preview:large, max-video-preview:-1\" \/>\n<meta property=\"og:locale\" content=\"es_ES\" \/>\n<meta property=\"og:type\" content=\"article\" \/>\n<meta property=\"og:title\" content=\"Per\u00fa San Mart\u00edn Caf\u00e9 de Finca, grano 250g. - Caf\u00e9s Baqu\u00e9\" \/>\n<meta property=\"og:description\" content=\"Este caf\u00e9 que viene de San Mart\u00edn, pertenece a diferentes fincas con sus 40 productores. Fue fundada el 15 de Julio del 2012, y desde sus inicios, sus actividades estaban enmarcadas en el cultivo del caf\u00e9 a fin de mejorar la producci\u00f3n y calidad de vida de las familias asociadas. Proceso Lavado Varietal Caturra-Bourbon Altitud [&hellip;]\" \/>\n<meta property=\"og:url\" content=\"https:\/\/www.baque.com\/es\/tienda\/cafe\/peru-san-martin-cafe-de-finca-grano-250g\/\" \/>\n<meta property=\"og:site_name\" content=\"Caf\u00e9s Baqu\u00e9\" \/>\n<meta property=\"article:modified_time\" content=\"2026-05-04T11:34:10+00:00\" \/>\n<meta property=\"og:image\" content=\"https:\/\/www.baque.com\/wp-content\/uploads\/2026\/04\/App-Peru.jpg\" \/>\n\t<meta property=\"og:image:width\" content=\"300\" \/>\n\t<meta property=\"og:image:height\" content=\"300\" \/>\n\t<meta property=\"og:image:type\" content=\"image\/jpeg\" \/>\n<meta name=\"twitter:card\" content=\"summary_large_image\" \/>\n<meta name=\"twitter:label1\" content=\"Tiempo de lectura\" \/>\n\t<meta name=\"twitter:data1\" content=\"1 minuto\" \/>\n<script type=\"application\/ld+json\" class=\"yoast-schema-graph\">{\"@context\":\"https:\\\/\\\/schema.org\",\"@graph\":[{\"@type\":\"WebPage\",\"@id\":\"https:\\\/\\\/www.baque.com\\\/es\\\/tienda\\\/cafe\\\/peru-san-martin-cafe-de-finca-grano-250g\\\/\",\"url\":\"https:\\\/\\\/www.baque.com\\\/es\\\/tienda\\\/cafe\\\/peru-san-martin-cafe-de-finca-grano-250g\\\/\",\"name\":\"Per\u00fa San Mart\u00edn Caf\u00e9 de Finca, grano 250g. - Caf\u00e9s Baqu\u00e9\",\"isPartOf\":{\"@id\":\"https:\\\/\\\/www.baque.com\\\/es\\\/#website\"},\"primaryImageOfPage\":{\"@id\":\"https:\\\/\\\/www.baque.com\\\/es\\\/tienda\\\/cafe\\\/peru-san-martin-cafe-de-finca-grano-250g\\\/#primaryimage\"},\"image\":{\"@id\":\"https:\\\/\\\/www.baque.com\\\/es\\\/tienda\\\/cafe\\\/peru-san-martin-cafe-de-finca-grano-250g\\\/#primaryimage\"},\"thumbnailUrl\":\"https:\\\/\\\/www.baque.com\\\/wp-content\\\/uploads\\\/2026\\\/04\\\/App-Peru.jpg\",\"datePublished\":\"2026-04-13T07:04:45+00:00\",\"dateModified\":\"2026-05-04T11:34:10+00:00\",\"breadcrumb\":{\"@id\":\"https:\\\/\\\/www.baque.com\\\/es\\\/tienda\\\/cafe\\\/peru-san-martin-cafe-de-finca-grano-250g\\\/#breadcrumb\"},\"inLanguage\":\"es\",\"potentialAction\":[{\"@type\":\"ReadAction\",\"target\":[\"https:\\\/\\\/www.baque.com\\\/es\\\/tienda\\\/cafe\\\/peru-san-martin-cafe-de-finca-grano-250g\\\/\"]}]},{\"@type\":\"ImageObject\",\"inLanguage\":\"es\",\"@id\":\"https:\\\/\\\/www.baque.com\\\/es\\\/tienda\\\/cafe\\\/peru-san-martin-cafe-de-finca-grano-250g\\\/#primaryimage\",\"url\":\"https:\\\/\\\/www.baque.com\\\/wp-content\\\/uploads\\\/2026\\\/04\\\/App-Peru.jpg\",\"contentUrl\":\"https:\\\/\\\/www.baque.com\\\/wp-content\\\/uploads\\\/2026\\\/04\\\/App-Peru.jpg\",\"width\":300,\"height\":300},{\"@type\":\"BreadcrumbList\",\"@id\":\"https:\\\/\\\/www.baque.com\\\/es\\\/tienda\\\/cafe\\\/peru-san-martin-cafe-de-finca-grano-250g\\\/#breadcrumb\",\"itemListElement\":[{\"@type\":\"ListItem\",\"position\":1,\"name\":\"Portada\",\"item\":\"https:\\\/\\\/www.baque.com\\\/es\\\/\"},{\"@type\":\"ListItem\",\"position\":2,\"name\":\"Tienda\",\"item\":\"https:\\\/\\\/www.baque.com\\\/es\\\/tienda\\\/\"},{\"@type\":\"ListItem\",\"position\":3,\"name\":\"Per\u00fa San Mart\u00edn Caf\u00e9 de Finca, grano 250g.\"}]},{\"@type\":\"WebSite\",\"@id\":\"https:\\\/\\\/www.baque.com\\\/es\\\/#website\",\"url\":\"https:\\\/\\\/www.baque.com\\\/es\\\/\",\"name\":\"Caf\u00e9s Baqu\u00e9\",\"description\":\"Somos l\u00edderes en hosteler\u00eda en Pa\u00eds Vasco y La Rioja y una de las marcas m\u00e1s reconocidas en el mercado nacional. Somos una empresa familiar en constante innovaci\u00f3n en el producto. Tostamos y distribuimos caf\u00e9 molido, en grano y c\u00e1psulas para disfrutar en casa, en el bar y en la oficina.\",\"potentialAction\":[{\"@type\":\"SearchAction\",\"target\":{\"@type\":\"EntryPoint\",\"urlTemplate\":\"https:\\\/\\\/www.baque.com\\\/es\\\/?s={search_term_string}\"},\"query-input\":{\"@type\":\"PropertyValueSpecification\",\"valueRequired\":true,\"valueName\":\"search_term_string\"}}],\"inLanguage\":\"es\"}]}<\/script>\n<!-- \/ Yoast SEO plugin. -->","yoast_head_json":{"title":"Per\u00fa San Mart\u00edn Caf\u00e9 de Finca, grano 250g. - Caf\u00e9s Baqu\u00e9","robots":{"index":"index","follow":"follow","max-snippet":"max-snippet:-1","max-image-preview":"max-image-preview:large","max-video-preview":"max-video-preview:-1"},"og_locale":"es_ES","og_type":"article","og_title":"Per\u00fa San Mart\u00edn Caf\u00e9 de Finca, grano 250g. - Caf\u00e9s Baqu\u00e9","og_description":"Este caf\u00e9 que viene de San Mart\u00edn, pertenece a diferentes fincas con sus 40 productores. Fue fundada el 15 de Julio del 2012, y desde sus inicios, sus actividades estaban enmarcadas en el cultivo del caf\u00e9 a fin de mejorar la producci\u00f3n y calidad de vida de las familias asociadas. Proceso Lavado Varietal Caturra-Bourbon Altitud [&hellip;]","og_url":"https:\/\/www.baque.com\/es\/tienda\/cafe\/peru-san-martin-cafe-de-finca-grano-250g\/","og_site_name":"Caf\u00e9s Baqu\u00e9","article_modified_time":"2026-05-04T11:34:10+00:00","og_image":[{"width":300,"height":300,"url":"https:\/\/www.baque.com\/wp-content\/uploads\/2026\/04\/App-Peru.jpg","type":"image\/jpeg"}],"twitter_card":"summary_large_image","twitter_misc":{"Tiempo de lectura":"1 minuto"},"schema":{"@context":"https:\/\/schema.org","@graph":[{"@type":"WebPage","@id":"https:\/\/www.baque.com\/es\/tienda\/cafe\/peru-san-martin-cafe-de-finca-grano-250g\/","url":"https:\/\/www.baque.com\/es\/tienda\/cafe\/peru-san-martin-cafe-de-finca-grano-250g\/","name":"Per\u00fa San Mart\u00edn Caf\u00e9 de Finca, grano 250g. - Caf\u00e9s Baqu\u00e9","isPartOf":{"@id":"https:\/\/www.baque.com\/es\/#website"},"primaryImageOfPage":{"@id":"https:\/\/www.baque.com\/es\/tienda\/cafe\/peru-san-martin-cafe-de-finca-grano-250g\/#primaryimage"},"image":{"@id":"https:\/\/www.baque.com\/es\/tienda\/cafe\/peru-san-martin-cafe-de-finca-grano-250g\/#primaryimage"},"thumbnailUrl":"https:\/\/www.baque.com\/wp-content\/uploads\/2026\/04\/App-Peru.jpg","datePublished":"2026-04-13T07:04:45+00:00","dateModified":"2026-05-04T11:34:10+00:00","breadcrumb":{"@id":"https:\/\/www.baque.com\/es\/tienda\/cafe\/peru-san-martin-cafe-de-finca-grano-250g\/#breadcrumb"},"inLanguage":"es","potentialAction":[{"@type":"ReadAction","target":["https:\/\/www.baque.com\/es\/tienda\/cafe\/peru-san-martin-cafe-de-finca-grano-250g\/"]}]},{"@type":"ImageObject","inLanguage":"es","@id":"https:\/\/www.baque.com\/es\/tienda\/cafe\/peru-san-martin-cafe-de-finca-grano-250g\/#primaryimage","url":"https:\/\/www.baque.com\/wp-content\/uploads\/2026\/04\/App-Peru.jpg","contentUrl":"https:\/\/www.baque.com\/wp-content\/uploads\/2026\/04\/App-Peru.jpg","width":300,"height":300},{"@type":"BreadcrumbList","@id":"https:\/\/www.baque.com\/es\/tienda\/cafe\/peru-san-martin-cafe-de-finca-grano-250g\/#breadcrumb","itemListElement":[{"@type":"ListItem","position":1,"name":"Portada","item":"https:\/\/www.baque.com\/es\/"},{"@type":"ListItem","position":2,"name":"Tienda","item":"https:\/\/www.baque.com\/es\/tienda\/"},{"@type":"ListItem","position":3,"name":"Per\u00fa San Mart\u00edn Caf\u00e9 de Finca, grano 250g."}]},{"@type":"WebSite","@id":"https:\/\/www.baque.com\/es\/#website","url":"https:\/\/www.baque.com\/es\/","name":"Caf\u00e9s Baqu\u00e9","description":"Somos l\u00edderes en hosteler\u00eda en Pa\u00eds Vasco y La Rioja y una de las marcas m\u00e1s reconocidas en el mercado nacional. Somos una empresa familiar en constante innovaci\u00f3n en el producto. Tostamos y distribuimos caf\u00e9 molido, en grano y c\u00e1psulas para disfrutar en casa, en el bar y en la oficina.","potentialAction":[{"@type":"SearchAction","target":{"@type":"EntryPoint","urlTemplate":"https:\/\/www.baque.com\/es\/?s={search_term_string}"},"query-input":{"@type":"PropertyValueSpecification","valueRequired":true,"valueName":"search_term_string"}}],"inLanguage":"es"}]}},"_links":{"self":[{"href":"https:\/\/www.baque.com\/es\/wp-json\/wp\/v2\/product\/4098669","targetHints":{"allow":["GET"]}}],"collection":[{"href":"https:\/\/www.baque.com\/es\/wp-json\/wp\/v2\/product"}],"about":[{"href":"https:\/\/www.baque.com\/es\/wp-json\/wp\/v2\/types\/product"}],"wp:featuredmedia":[{"embeddable":true,"href":"https:\/\/www.baque.com\/es\/wp-json\/wp\/v2\/media\/4098079"}],"wp:attachment":[{"href":"https:\/\/www.baque.com\/es\/wp-json\/wp\/v2\/media?parent=4098669"}],"wp:term":[{"taxonomy":"product_brand","embeddable":true,"href":"https:\/\/www.baque.com\/es\/wp-json\/wp\/v2\/product_brand?post=4098669"},{"taxonomy":"product_cat","embeddable":true,"href":"https:\/\/www.baque.com\/es\/wp-json\/wp\/v2\/product_cat?post=4098669"},{"taxonomy":"product_tag","embeddable":true,"href":"https:\/\/www.baque.com\/es\/wp-json\/wp\/v2\/product_tag?post=4098669"}],"curies":[{"name":"wp","href":"https:\/\/api.w.org\/{rel}","templated":true}]}}