
{"id":430096,"date":"2021-05-12T15:32:04","date_gmt":"2021-05-12T13:32:04","guid":{"rendered":"https:\/\/www.baque.com\/?post_type=product&#038;p=430096"},"modified":"2026-04-14T18:08:57","modified_gmt":"2026-04-14T16:08:57","slug":"cafe-molido-espresso-cremoso-250-g","status":"publish","type":"product","link":"https:\/\/www.baque.com\/es\/tienda\/cafe-molido\/cafe-molido-espresso-cremoso-250-g\/","title":{"rendered":"Caf\u00e9 molido Espresso Cremoso, 250 g."},"content":{"rendered":"<p>Espresso es su forma natural de preparaci\u00f3n y el cuerpo y la crema sus atributos. Una taza equilibrada en sabores, cremoso y con personalidad. Ideal para tomar un espresso en casa.<\/p>\n<h3>Intensidad<\/h3>\n<p class=\"intensity\">4 <span class=\"circle\"><\/span><span class=\"circle\"><\/span><span class=\"circle\"><\/span><span class=\"circle\"><\/span><span class=\"circle circle0\"><\/span><span class=\"circle circle0\"><\/span><span class=\"circle circle0\"><\/span><span class=\"circle circle0\"><\/span><span class=\"circle circle0\"><\/span><span class=\"circle circle0\"><\/span><\/p>\n<h3>Peso\/Cantidad<\/h3>\n<p>250 g.<\/p>\n<h3>Ingredientes<\/h3>\n<p>Caf\u00e9.<\/p>\n<h3>Al\u00e9rgenos<\/h3>\n<p>Ninguno.<\/p>\n<h3>Condiciones de uso\/conservaci\u00f3n<\/h3>\n<p>Conservar en un lugar fresco, seco y preservado de la luz del sol.<\/p>\n<h3>Fecha de caducidad<\/h3>\n<p>18 meses<\/p>\n<h3>Un consejo<\/h3>\n<p>Una vez abierto, col\u00f3quelo en un envase herm\u00e9tico y cons\u00e9rvelo en el frigor\u00edfico.<\/p>\n","protected":false},"excerpt":{"rendered":"<p>Caf\u00e9 molido de tueste natural.<\/p>\n","protected":false},"featured_media":429816,"template":"","meta":{"_acf_changed":false},"product_brand":[],"product_cat":[108],"product_tag":[163,152,170,149,169,165],"class_list":{"0":"post-430096","1":"product","2":"type-product","3":"status-publish","4":"has-post-thumbnail","6":"product_cat-cafe-molido","7":"product_tag-capsulas","8":"product_tag-colombia","9":"product_tag-compatibles","10":"product_tag-natural","11":"product_tag-nespresso","12":"product_tag-suave","14":"first","15":"outofstock","16":"featured","17":"taxable","18":"shipping-taxable","19":"purchasable","20":"product-type-simple"},"bundled_by":[],"bundle_stock_status":"outofstock","bundle_stock_quantity":0,"bundle_virtual":false,"bundle_layout":"","bundle_add_to_cart_form_location":"","bundle_editable_in_cart":false,"bundle_sold_individually_context":"","bundle_item_grouping":"","bundle_min_size":"","bundle_max_size":"","bundle_price":[],"bundled_items":[],"bundle_sell_ids":[],"acf":[],"yoast_head":"<!-- This site is optimized with the Yoast SEO plugin v27.3 - https:\/\/yoast.com\/product\/yoast-seo-wordpress\/ -->\n<title>Caf\u00e9 molido Espresso Cremoso, 250 g. - Caf\u00e9s Baqu\u00e9<\/title>\n<meta name=\"robots\" content=\"index, follow, max-snippet:-1, max-image-preview:large, max-video-preview:-1\" \/>\n<meta property=\"og:locale\" content=\"es_ES\" \/>\n<meta property=\"og:type\" content=\"article\" \/>\n<meta property=\"og:title\" content=\"Caf\u00e9 molido Espresso Cremoso, 250 g. - Caf\u00e9s Baqu\u00e9\" \/>\n<meta property=\"og:description\" content=\"Caf\u00e9 molido de tueste natural.\" \/>\n<meta property=\"og:url\" content=\"https:\/\/www.baque.com\/es\/tienda\/cafe-molido\/cafe-molido-espresso-cremoso-250-g\/\" \/>\n<meta property=\"og:site_name\" content=\"Caf\u00e9s Baqu\u00e9\" \/>\n<meta property=\"article:modified_time\" content=\"2026-04-14T16:08:57+00:00\" \/>\n<meta property=\"og:image\" content=\"https:\/\/www.baque.com\/wp-content\/uploads\/2021\/05\/21211030_LA-COLECCI\u00d3N-ESPRESSO-MOLIDO-250_front.jpg\" \/>\n\t<meta property=\"og:image:width\" content=\"1182\" \/>\n\t<meta property=\"og:image:height\" content=\"1182\" \/>\n\t<meta property=\"og:image:type\" content=\"image\/jpeg\" \/>\n<meta name=\"twitter:card\" content=\"summary_large_image\" \/>\n<script type=\"application\/ld+json\" class=\"yoast-schema-graph\">{\"@context\":\"https:\\\/\\\/schema.org\",\"@graph\":[{\"@type\":\"WebPage\",\"@id\":\"https:\\\/\\\/www.baque.com\\\/es\\\/tienda\\\/cafe-molido\\\/cafe-molido-espresso-cremoso-250-g\\\/\",\"url\":\"https:\\\/\\\/www.baque.com\\\/es\\\/tienda\\\/cafe-molido\\\/cafe-molido-espresso-cremoso-250-g\\\/\",\"name\":\"Caf\u00e9 molido Espresso Cremoso, 250 g. - Caf\u00e9s Baqu\u00e9\",\"isPartOf\":{\"@id\":\"https:\\\/\\\/www.baque.com\\\/es\\\/#website\"},\"primaryImageOfPage\":{\"@id\":\"https:\\\/\\\/www.baque.com\\\/es\\\/tienda\\\/cafe-molido\\\/cafe-molido-espresso-cremoso-250-g\\\/#primaryimage\"},\"image\":{\"@id\":\"https:\\\/\\\/www.baque.com\\\/es\\\/tienda\\\/cafe-molido\\\/cafe-molido-espresso-cremoso-250-g\\\/#primaryimage\"},\"thumbnailUrl\":\"https:\\\/\\\/www.baque.com\\\/wp-content\\\/uploads\\\/2021\\\/05\\\/21211030_LA-COLECCI\u00d3N-ESPRESSO-MOLIDO-250_front.jpg\",\"datePublished\":\"2021-05-12T13:32:04+00:00\",\"dateModified\":\"2026-04-14T16:08:57+00:00\",\"breadcrumb\":{\"@id\":\"https:\\\/\\\/www.baque.com\\\/es\\\/tienda\\\/cafe-molido\\\/cafe-molido-espresso-cremoso-250-g\\\/#breadcrumb\"},\"inLanguage\":\"es\",\"potentialAction\":[{\"@type\":\"ReadAction\",\"target\":[\"https:\\\/\\\/www.baque.com\\\/es\\\/tienda\\\/cafe-molido\\\/cafe-molido-espresso-cremoso-250-g\\\/\"]}]},{\"@type\":\"ImageObject\",\"inLanguage\":\"es\",\"@id\":\"https:\\\/\\\/www.baque.com\\\/es\\\/tienda\\\/cafe-molido\\\/cafe-molido-espresso-cremoso-250-g\\\/#primaryimage\",\"url\":\"https:\\\/\\\/www.baque.com\\\/wp-content\\\/uploads\\\/2021\\\/05\\\/21211030_LA-COLECCI\u00d3N-ESPRESSO-MOLIDO-250_front.jpg\",\"contentUrl\":\"https:\\\/\\\/www.baque.com\\\/wp-content\\\/uploads\\\/2021\\\/05\\\/21211030_LA-COLECCI\u00d3N-ESPRESSO-MOLIDO-250_front.jpg\",\"width\":1182,\"height\":1182},{\"@type\":\"BreadcrumbList\",\"@id\":\"https:\\\/\\\/www.baque.com\\\/es\\\/tienda\\\/cafe-molido\\\/cafe-molido-espresso-cremoso-250-g\\\/#breadcrumb\",\"itemListElement\":[{\"@type\":\"ListItem\",\"position\":1,\"name\":\"Portada\",\"item\":\"https:\\\/\\\/www.baque.com\\\/es\\\/\"},{\"@type\":\"ListItem\",\"position\":2,\"name\":\"Tienda\",\"item\":\"https:\\\/\\\/www.baque.com\\\/es\\\/tienda\\\/\"},{\"@type\":\"ListItem\",\"position\":3,\"name\":\"Caf\u00e9 molido Espresso Cremoso, 250 g.\"}]},{\"@type\":\"WebSite\",\"@id\":\"https:\\\/\\\/www.baque.com\\\/es\\\/#website\",\"url\":\"https:\\\/\\\/www.baque.com\\\/es\\\/\",\"name\":\"Caf\u00e9s Baqu\u00e9\",\"description\":\"Somos l\u00edderes en hosteler\u00eda en Pa\u00eds Vasco y La Rioja y una de las marcas m\u00e1s reconocidas en el mercado nacional. Somos una empresa familiar en constante innovaci\u00f3n en el producto. Tostamos y distribuimos caf\u00e9 molido, en grano y c\u00e1psulas para disfrutar en casa, en el bar y en la oficina.\",\"potentialAction\":[{\"@type\":\"SearchAction\",\"target\":{\"@type\":\"EntryPoint\",\"urlTemplate\":\"https:\\\/\\\/www.baque.com\\\/es\\\/?s={search_term_string}\"},\"query-input\":{\"@type\":\"PropertyValueSpecification\",\"valueRequired\":true,\"valueName\":\"search_term_string\"}}],\"inLanguage\":\"es\"}]}<\/script>\n<!-- \/ Yoast SEO plugin. -->","yoast_head_json":{"title":"Caf\u00e9 molido Espresso Cremoso, 250 g. - Caf\u00e9s Baqu\u00e9","robots":{"index":"index","follow":"follow","max-snippet":"max-snippet:-1","max-image-preview":"max-image-preview:large","max-video-preview":"max-video-preview:-1"},"og_locale":"es_ES","og_type":"article","og_title":"Caf\u00e9 molido Espresso Cremoso, 250 g. - Caf\u00e9s Baqu\u00e9","og_description":"Caf\u00e9 molido de tueste natural.","og_url":"https:\/\/www.baque.com\/es\/tienda\/cafe-molido\/cafe-molido-espresso-cremoso-250-g\/","og_site_name":"Caf\u00e9s Baqu\u00e9","article_modified_time":"2026-04-14T16:08:57+00:00","og_image":[{"width":1182,"height":1182,"url":"https:\/\/www.baque.com\/wp-content\/uploads\/2021\/05\/21211030_LA-COLECCI\u00d3N-ESPRESSO-MOLIDO-250_front.jpg","type":"image\/jpeg"}],"twitter_card":"summary_large_image","schema":{"@context":"https:\/\/schema.org","@graph":[{"@type":"WebPage","@id":"https:\/\/www.baque.com\/es\/tienda\/cafe-molido\/cafe-molido-espresso-cremoso-250-g\/","url":"https:\/\/www.baque.com\/es\/tienda\/cafe-molido\/cafe-molido-espresso-cremoso-250-g\/","name":"Caf\u00e9 molido Espresso Cremoso, 250 g. - Caf\u00e9s Baqu\u00e9","isPartOf":{"@id":"https:\/\/www.baque.com\/es\/#website"},"primaryImageOfPage":{"@id":"https:\/\/www.baque.com\/es\/tienda\/cafe-molido\/cafe-molido-espresso-cremoso-250-g\/#primaryimage"},"image":{"@id":"https:\/\/www.baque.com\/es\/tienda\/cafe-molido\/cafe-molido-espresso-cremoso-250-g\/#primaryimage"},"thumbnailUrl":"https:\/\/www.baque.com\/wp-content\/uploads\/2021\/05\/21211030_LA-COLECCI\u00d3N-ESPRESSO-MOLIDO-250_front.jpg","datePublished":"2021-05-12T13:32:04+00:00","dateModified":"2026-04-14T16:08:57+00:00","breadcrumb":{"@id":"https:\/\/www.baque.com\/es\/tienda\/cafe-molido\/cafe-molido-espresso-cremoso-250-g\/#breadcrumb"},"inLanguage":"es","potentialAction":[{"@type":"ReadAction","target":["https:\/\/www.baque.com\/es\/tienda\/cafe-molido\/cafe-molido-espresso-cremoso-250-g\/"]}]},{"@type":"ImageObject","inLanguage":"es","@id":"https:\/\/www.baque.com\/es\/tienda\/cafe-molido\/cafe-molido-espresso-cremoso-250-g\/#primaryimage","url":"https:\/\/www.baque.com\/wp-content\/uploads\/2021\/05\/21211030_LA-COLECCI\u00d3N-ESPRESSO-MOLIDO-250_front.jpg","contentUrl":"https:\/\/www.baque.com\/wp-content\/uploads\/2021\/05\/21211030_LA-COLECCI\u00d3N-ESPRESSO-MOLIDO-250_front.jpg","width":1182,"height":1182},{"@type":"BreadcrumbList","@id":"https:\/\/www.baque.com\/es\/tienda\/cafe-molido\/cafe-molido-espresso-cremoso-250-g\/#breadcrumb","itemListElement":[{"@type":"ListItem","position":1,"name":"Portada","item":"https:\/\/www.baque.com\/es\/"},{"@type":"ListItem","position":2,"name":"Tienda","item":"https:\/\/www.baque.com\/es\/tienda\/"},{"@type":"ListItem","position":3,"name":"Caf\u00e9 molido Espresso Cremoso, 250 g."}]},{"@type":"WebSite","@id":"https:\/\/www.baque.com\/es\/#website","url":"https:\/\/www.baque.com\/es\/","name":"Caf\u00e9s Baqu\u00e9","description":"Somos l\u00edderes en hosteler\u00eda en Pa\u00eds Vasco y La Rioja y una de las marcas m\u00e1s reconocidas en el mercado nacional. Somos una empresa familiar en constante innovaci\u00f3n en el producto. Tostamos y distribuimos caf\u00e9 molido, en grano y c\u00e1psulas para disfrutar en casa, en el bar y en la oficina.","potentialAction":[{"@type":"SearchAction","target":{"@type":"EntryPoint","urlTemplate":"https:\/\/www.baque.com\/es\/?s={search_term_string}"},"query-input":{"@type":"PropertyValueSpecification","valueRequired":true,"valueName":"search_term_string"}}],"inLanguage":"es"}]}},"_links":{"self":[{"href":"https:\/\/www.baque.com\/es\/wp-json\/wp\/v2\/product\/430096","targetHints":{"allow":["GET"]}}],"collection":[{"href":"https:\/\/www.baque.com\/es\/wp-json\/wp\/v2\/product"}],"about":[{"href":"https:\/\/www.baque.com\/es\/wp-json\/wp\/v2\/types\/product"}],"wp:featuredmedia":[{"embeddable":true,"href":"https:\/\/www.baque.com\/es\/wp-json\/wp\/v2\/media\/429816"}],"wp:attachment":[{"href":"https:\/\/www.baque.com\/es\/wp-json\/wp\/v2\/media?parent=430096"}],"wp:term":[{"taxonomy":"product_brand","embeddable":true,"href":"https:\/\/www.baque.com\/es\/wp-json\/wp\/v2\/product_brand?post=430096"},{"taxonomy":"product_cat","embeddable":true,"href":"https:\/\/www.baque.com\/es\/wp-json\/wp\/v2\/product_cat?post=430096"},{"taxonomy":"product_tag","embeddable":true,"href":"https:\/\/www.baque.com\/es\/wp-json\/wp\/v2\/product_tag?post=430096"}],"curies":[{"name":"wp","href":"https:\/\/api.w.org\/{rel}","templated":true}]}}