
{"id":430113,"date":"2021-05-12T15:40:03","date_gmt":"2021-05-12T13:40:03","guid":{"rendered":"https:\/\/www.baque.com\/?post_type=product&#038;p=430113"},"modified":"2026-05-14T14:08:06","modified_gmt":"2026-05-14T12:08:06","slug":"cafe-molido-honey-process-250-g","status":"publish","type":"product","link":"https:\/\/www.baque.com\/es\/tienda\/cafe-molido\/cafe-molido-honey-process-250-g\/","title":{"rendered":"Caf\u00e9 molido Honey process, 250 g."},"content":{"rendered":"<p>El caf\u00e9 de proceso Honey contiene un gran dulzor con aroma de fruta madura y acidez balanceada con un retrogusto a chocolate con leche. Se caracteriza por ser un caf\u00e9 dulce y afrutado.<\/p>\n<p>Honey process. Se recolectan las cerezas m\u00e1s maduras de los \u00e1rboles y a la hora de despulpar los granos de caf\u00e9 se deja el mucilago, la capa que rodea cada una de las semillas. Este secado a\u00fan con el mucilago recubriendo el grano, tiene un impacto directo sobre el dulzor de la taza, aportando un sabor \u00fanico, caracterizado por un trasfondo dulce y afrutado y una acidez equilibrada.<\/p>\n<h3>Peso\/Cantidad<\/h3>\n<p>250 g.<\/p>\n<h3>Ingredientes<\/h3>\n<p>Caf\u00e9<\/p>\n<h3>Al\u00e9rgenos<\/h3>\n<p>Ninguno.<\/p>\n<h3>Condiciones de uso\/conservaci\u00f3n<\/h3>\n<p>Conservar en un lugar fresco, seco y preservado de la luz del sol.<\/p>\n<h3>Fecha de caducidad<\/h3>\n<p>18 meses<\/p>\n<h3>Un consejo<\/h3>\n<p>Una vez abierto, col\u00f3quelo en un envase herm\u00e9tico y cons\u00e9rvelo en el frigor\u00edfico.<\/p>\n","protected":false},"excerpt":{"rendered":"<p>Caf\u00e9 molido de tueste natural.<\/p>\n","protected":false},"featured_media":465119,"template":"","meta":{"_acf_changed":false},"product_brand":[],"product_cat":[108],"product_tag":[152,151,149],"class_list":{"0":"post-430113","1":"product","2":"type-product","3":"status-publish","4":"has-post-thumbnail","6":"product_cat-cafe-molido","7":"product_tag-colombia","8":"product_tag-molido","9":"product_tag-natural","11":"first","12":"outofstock","13":"taxable","14":"shipping-taxable","15":"purchasable","16":"product-type-simple"},"bundled_by":[],"bundle_stock_status":"outofstock","bundle_stock_quantity":0,"bundle_virtual":false,"bundle_layout":"","bundle_add_to_cart_form_location":"","bundle_editable_in_cart":false,"bundle_sold_individually_context":"","bundle_item_grouping":"","bundle_min_size":"","bundle_max_size":"","bundle_price":[],"bundled_items":[],"bundle_sell_ids":[],"acf":[],"yoast_head":"<!-- This site is optimized with the Yoast SEO plugin v27.3 - https:\/\/yoast.com\/product\/yoast-seo-wordpress\/ -->\n<title>Caf\u00e9 molido Honey process, 250 g. - Caf\u00e9s Baqu\u00e9<\/title>\n<meta name=\"robots\" content=\"index, follow, max-snippet:-1, max-image-preview:large, max-video-preview:-1\" \/>\n<meta property=\"og:locale\" content=\"es_ES\" \/>\n<meta property=\"og:type\" content=\"article\" \/>\n<meta property=\"og:title\" content=\"Caf\u00e9 molido Honey process, 250 g. - Caf\u00e9s Baqu\u00e9\" \/>\n<meta property=\"og:description\" content=\"Caf\u00e9 molido de tueste natural.\" \/>\n<meta property=\"og:url\" content=\"https:\/\/www.baque.com\/es\/tienda\/cafe-molido\/cafe-molido-honey-process-250-g\/\" \/>\n<meta property=\"og:site_name\" content=\"Caf\u00e9s Baqu\u00e9\" \/>\n<meta property=\"article:modified_time\" content=\"2026-05-14T12:08:06+00:00\" \/>\n<meta property=\"og:image\" content=\"https:\/\/www.baque.com\/wp-content\/uploads\/2021\/05\/Honey-mol-250-2-copia-1.jpg\" \/>\n\t<meta property=\"og:image:width\" content=\"1441\" \/>\n\t<meta property=\"og:image:height\" content=\"1441\" \/>\n\t<meta property=\"og:image:type\" content=\"image\/jpeg\" \/>\n<meta name=\"twitter:card\" content=\"summary_large_image\" \/>\n<meta name=\"twitter:label1\" content=\"Tiempo de lectura\" \/>\n\t<meta name=\"twitter:data1\" content=\"1 minuto\" \/>\n<script type=\"application\/ld+json\" class=\"yoast-schema-graph\">{\"@context\":\"https:\\\/\\\/schema.org\",\"@graph\":[{\"@type\":\"WebPage\",\"@id\":\"https:\\\/\\\/www.baque.com\\\/es\\\/tienda\\\/cafe-molido\\\/cafe-molido-honey-process-250-g\\\/\",\"url\":\"https:\\\/\\\/www.baque.com\\\/es\\\/tienda\\\/cafe-molido\\\/cafe-molido-honey-process-250-g\\\/\",\"name\":\"Caf\u00e9 molido Honey process, 250 g. - Caf\u00e9s Baqu\u00e9\",\"isPartOf\":{\"@id\":\"https:\\\/\\\/www.baque.com\\\/es\\\/#website\"},\"primaryImageOfPage\":{\"@id\":\"https:\\\/\\\/www.baque.com\\\/es\\\/tienda\\\/cafe-molido\\\/cafe-molido-honey-process-250-g\\\/#primaryimage\"},\"image\":{\"@id\":\"https:\\\/\\\/www.baque.com\\\/es\\\/tienda\\\/cafe-molido\\\/cafe-molido-honey-process-250-g\\\/#primaryimage\"},\"thumbnailUrl\":\"https:\\\/\\\/www.baque.com\\\/wp-content\\\/uploads\\\/2021\\\/05\\\/Honey-mol-250-2-copia-1.jpg\",\"datePublished\":\"2021-05-12T13:40:03+00:00\",\"dateModified\":\"2026-05-14T12:08:06+00:00\",\"breadcrumb\":{\"@id\":\"https:\\\/\\\/www.baque.com\\\/es\\\/tienda\\\/cafe-molido\\\/cafe-molido-honey-process-250-g\\\/#breadcrumb\"},\"inLanguage\":\"es\",\"potentialAction\":[{\"@type\":\"ReadAction\",\"target\":[\"https:\\\/\\\/www.baque.com\\\/es\\\/tienda\\\/cafe-molido\\\/cafe-molido-honey-process-250-g\\\/\"]}]},{\"@type\":\"ImageObject\",\"inLanguage\":\"es\",\"@id\":\"https:\\\/\\\/www.baque.com\\\/es\\\/tienda\\\/cafe-molido\\\/cafe-molido-honey-process-250-g\\\/#primaryimage\",\"url\":\"https:\\\/\\\/www.baque.com\\\/wp-content\\\/uploads\\\/2021\\\/05\\\/Honey-mol-250-2-copia-1.jpg\",\"contentUrl\":\"https:\\\/\\\/www.baque.com\\\/wp-content\\\/uploads\\\/2021\\\/05\\\/Honey-mol-250-2-copia-1.jpg\",\"width\":1441,\"height\":1441},{\"@type\":\"BreadcrumbList\",\"@id\":\"https:\\\/\\\/www.baque.com\\\/es\\\/tienda\\\/cafe-molido\\\/cafe-molido-honey-process-250-g\\\/#breadcrumb\",\"itemListElement\":[{\"@type\":\"ListItem\",\"position\":1,\"name\":\"Portada\",\"item\":\"https:\\\/\\\/www.baque.com\\\/es\\\/\"},{\"@type\":\"ListItem\",\"position\":2,\"name\":\"Tienda\",\"item\":\"https:\\\/\\\/www.baque.com\\\/es\\\/tienda\\\/\"},{\"@type\":\"ListItem\",\"position\":3,\"name\":\"Caf\u00e9 molido Honey process, 250 g.\"}]},{\"@type\":\"WebSite\",\"@id\":\"https:\\\/\\\/www.baque.com\\\/es\\\/#website\",\"url\":\"https:\\\/\\\/www.baque.com\\\/es\\\/\",\"name\":\"Caf\u00e9s Baqu\u00e9\",\"description\":\"Somos l\u00edderes en hosteler\u00eda en Pa\u00eds Vasco y La Rioja y una de las marcas m\u00e1s reconocidas en el mercado nacional. Somos una empresa familiar en constante innovaci\u00f3n en el producto. Tostamos y distribuimos caf\u00e9 molido, en grano y c\u00e1psulas para disfrutar en casa, en el bar y en la oficina.\",\"potentialAction\":[{\"@type\":\"SearchAction\",\"target\":{\"@type\":\"EntryPoint\",\"urlTemplate\":\"https:\\\/\\\/www.baque.com\\\/es\\\/?s={search_term_string}\"},\"query-input\":{\"@type\":\"PropertyValueSpecification\",\"valueRequired\":true,\"valueName\":\"search_term_string\"}}],\"inLanguage\":\"es\"}]}<\/script>\n<!-- \/ Yoast SEO plugin. -->","yoast_head_json":{"title":"Caf\u00e9 molido Honey process, 250 g. - Caf\u00e9s Baqu\u00e9","robots":{"index":"index","follow":"follow","max-snippet":"max-snippet:-1","max-image-preview":"max-image-preview:large","max-video-preview":"max-video-preview:-1"},"og_locale":"es_ES","og_type":"article","og_title":"Caf\u00e9 molido Honey process, 250 g. - Caf\u00e9s Baqu\u00e9","og_description":"Caf\u00e9 molido de tueste natural.","og_url":"https:\/\/www.baque.com\/es\/tienda\/cafe-molido\/cafe-molido-honey-process-250-g\/","og_site_name":"Caf\u00e9s Baqu\u00e9","article_modified_time":"2026-05-14T12:08:06+00:00","og_image":[{"width":1441,"height":1441,"url":"https:\/\/www.baque.com\/wp-content\/uploads\/2021\/05\/Honey-mol-250-2-copia-1.jpg","type":"image\/jpeg"}],"twitter_card":"summary_large_image","twitter_misc":{"Tiempo de lectura":"1 minuto"},"schema":{"@context":"https:\/\/schema.org","@graph":[{"@type":"WebPage","@id":"https:\/\/www.baque.com\/es\/tienda\/cafe-molido\/cafe-molido-honey-process-250-g\/","url":"https:\/\/www.baque.com\/es\/tienda\/cafe-molido\/cafe-molido-honey-process-250-g\/","name":"Caf\u00e9 molido Honey process, 250 g. - Caf\u00e9s Baqu\u00e9","isPartOf":{"@id":"https:\/\/www.baque.com\/es\/#website"},"primaryImageOfPage":{"@id":"https:\/\/www.baque.com\/es\/tienda\/cafe-molido\/cafe-molido-honey-process-250-g\/#primaryimage"},"image":{"@id":"https:\/\/www.baque.com\/es\/tienda\/cafe-molido\/cafe-molido-honey-process-250-g\/#primaryimage"},"thumbnailUrl":"https:\/\/www.baque.com\/wp-content\/uploads\/2021\/05\/Honey-mol-250-2-copia-1.jpg","datePublished":"2021-05-12T13:40:03+00:00","dateModified":"2026-05-14T12:08:06+00:00","breadcrumb":{"@id":"https:\/\/www.baque.com\/es\/tienda\/cafe-molido\/cafe-molido-honey-process-250-g\/#breadcrumb"},"inLanguage":"es","potentialAction":[{"@type":"ReadAction","target":["https:\/\/www.baque.com\/es\/tienda\/cafe-molido\/cafe-molido-honey-process-250-g\/"]}]},{"@type":"ImageObject","inLanguage":"es","@id":"https:\/\/www.baque.com\/es\/tienda\/cafe-molido\/cafe-molido-honey-process-250-g\/#primaryimage","url":"https:\/\/www.baque.com\/wp-content\/uploads\/2021\/05\/Honey-mol-250-2-copia-1.jpg","contentUrl":"https:\/\/www.baque.com\/wp-content\/uploads\/2021\/05\/Honey-mol-250-2-copia-1.jpg","width":1441,"height":1441},{"@type":"BreadcrumbList","@id":"https:\/\/www.baque.com\/es\/tienda\/cafe-molido\/cafe-molido-honey-process-250-g\/#breadcrumb","itemListElement":[{"@type":"ListItem","position":1,"name":"Portada","item":"https:\/\/www.baque.com\/es\/"},{"@type":"ListItem","position":2,"name":"Tienda","item":"https:\/\/www.baque.com\/es\/tienda\/"},{"@type":"ListItem","position":3,"name":"Caf\u00e9 molido Honey process, 250 g."}]},{"@type":"WebSite","@id":"https:\/\/www.baque.com\/es\/#website","url":"https:\/\/www.baque.com\/es\/","name":"Caf\u00e9s Baqu\u00e9","description":"Somos l\u00edderes en hosteler\u00eda en Pa\u00eds Vasco y La Rioja y una de las marcas m\u00e1s reconocidas en el mercado nacional. Somos una empresa familiar en constante innovaci\u00f3n en el producto. Tostamos y distribuimos caf\u00e9 molido, en grano y c\u00e1psulas para disfrutar en casa, en el bar y en la oficina.","potentialAction":[{"@type":"SearchAction","target":{"@type":"EntryPoint","urlTemplate":"https:\/\/www.baque.com\/es\/?s={search_term_string}"},"query-input":{"@type":"PropertyValueSpecification","valueRequired":true,"valueName":"search_term_string"}}],"inLanguage":"es"}]}},"_links":{"self":[{"href":"https:\/\/www.baque.com\/es\/wp-json\/wp\/v2\/product\/430113","targetHints":{"allow":["GET"]}}],"collection":[{"href":"https:\/\/www.baque.com\/es\/wp-json\/wp\/v2\/product"}],"about":[{"href":"https:\/\/www.baque.com\/es\/wp-json\/wp\/v2\/types\/product"}],"wp:featuredmedia":[{"embeddable":true,"href":"https:\/\/www.baque.com\/es\/wp-json\/wp\/v2\/media\/465119"}],"wp:attachment":[{"href":"https:\/\/www.baque.com\/es\/wp-json\/wp\/v2\/media?parent=430113"}],"wp:term":[{"taxonomy":"product_brand","embeddable":true,"href":"https:\/\/www.baque.com\/es\/wp-json\/wp\/v2\/product_brand?post=430113"},{"taxonomy":"product_cat","embeddable":true,"href":"https:\/\/www.baque.com\/es\/wp-json\/wp\/v2\/product_cat?post=430113"},{"taxonomy":"product_tag","embeddable":true,"href":"https:\/\/www.baque.com\/es\/wp-json\/wp\/v2\/product_tag?post=430113"}],"curies":[{"name":"wp","href":"https:\/\/api.w.org\/{rel}","templated":true}]}}