
{"id":1356,"date":"2018-02-14T15:37:03","date_gmt":"2018-02-14T15:37:03","guid":{"rendered":"http:\/\/www.baque.com\/?page_id=1356"},"modified":"2018-05-30T17:52:52","modified_gmt":"2018-05-30T15:52:52","slug":"hasiera","status":"publish","type":"page","link":"https:\/\/www.baque.com\/eu\/","title":{"rendered":"Hasiera"},"content":{"rendered":"<p><section  id='home1' class='videophoto expand'><img src='https:\/\/www.baque.com\/wp-content\/uploads\/2024\/01\/BaqueWeb_Mesa-de-trabajo-1-copia.png' class='bg' alt='' \/><img src='https:\/\/www.baque.com\/wp-content\/uploads\/2024\/01\/BaqueWeb_Mesa-de-trabajo-1-copia.png' class='bgresp' alt='' \/><div class='shadow bg-grey'><\/div><span class='videoplay' data-openvideo='video-DhMEDNTmquk'><\/span><div class='container'><h2 class='likeh1'>KAPSULA<br\/>ALUMINIUM<\/h2><h3 class='likeh2'>ALUMINIUM KAPSULA BERRIAK<\/h3><a href='https:\/\/www.baque.com\/eu\/erosi\/kafe-kapsulak\/aluminiozko-kapsulak-nespresso-rekin-bateragarriak\/' class='button  white'>Informazio gehiago<\/a><\/div><\/section><div class='popupvideo' id='video-DhMEDNTmquk'><span class='videostop' data-closevideo='video-DhMEDNTmquk'>&#10005;<\/span><iframe src='https:\/\/www.youtube.com\/embed\/DhMEDNTmquk?rel=0&controls=0&showinfo=0&enablejsapi=1&widgetid=1'><\/iframe><\/div><section  id='home3' class='videophoto expand'><img src='\/wp-content\/uploads\/2019\/07\/hosteleria-desktop.jpg' class='bg' alt='' \/><img src='\/wp-content\/uploads\/2019\/07\/hosteleria-responsive.jpg' class='bgresp' alt='' \/><div class='shadow bg-brown'><\/div><span class='videoplay' data-openvideo='video-xRIxiKkG7j4'><\/span><div class='container'><h2 class='likeh1'>ALUMINIUM<br\/>KAPSULA BERRIAK<\/h2><h3 class='likeh2'>ALUMINIUM KAPSULA BERRIA<\/h3><a href='https:\/\/www.baque.com\/eu\/ostalaritzarako\/kafea\/#cafe-negocio-6' class='button  white'>INFORMAZIO GEHIAGO<\/a><\/div><\/section><div class='popupvideo' id='video-xRIxiKkG7j4'><span class='videostop' data-closevideo='video-xRIxiKkG7j4'>&#10005;<\/span><iframe src='https:\/\/www.youtube.com\/embed\/xRIxiKkG7j4?rel=0&controls=0&showinfo=0&enablejsapi=1&widgetid=1'><\/iframe><\/div><section  id='home4' class='videophoto expand'><img src='\/wp-content\/uploads\/2021\/10\/Youtube_eusk.jpg' class='bg' alt='' \/><img src='\/wp-content\/uploads\/2021\/10\/responsive_eus.jpeg' class='bgresp' alt='' \/><div class='shadow bg-grey'><\/div><span class='videoplay' data-openvideo='video-lVb4253aTtA'><\/span><div class='container'><h2 class='likeh1'>JARRI ZURE BAQU\u00c9<br\/>#ZUREMODURA<\/h2><h3 class='likeh2'>ZAUDEN MODUAN ZAUDELA<br\/>JARRI ZURE BAQU\u00c9<br\/>#ZUREMODURA<\/h3><a href='https:\/\/www.youtube.com\/watch?v=lVb4253aTtA' class='button  white'>IKUSI BIDEOA<\/a><\/div><\/section><div class='popupvideo' id='video-lVb4253aTtA'><span class='videostop' data-closevideo='video-lVb4253aTtA'>&#10005;<\/span><iframe src='https:\/\/www.youtube.com\/embed\/lVb4253aTtA?rel=0&controls=0&showinfo=0&enablejsapi=1&widgetid=1'><\/iframe><\/div><section  id='home1' class='videophoto expand'><img src='\/wp-content\/uploads\/2021\/03\/caratula-cafe-oficial-eus-web.jpg' class='bg' alt='' \/><img src='\/wp-content\/uploads\/2021\/03\/caratula-cafe-oficial-eus-mobile.jpg' class='bgresp' alt='' \/><div class='shadow bg-grey'><\/div><span class='videoplay' data-openvideo='video-kpoA95hfIvI'><\/span><div class='container'><h1>Caf\u00e9s Baqu\u00e9 <br\/> Athletic Club eta <br\/> Realaren <br\/> Kafe Ofiziala<\/h1><a href='https:\/\/youtu.be\/kpoA95hfIvI' class='button  white'>Ikusi bideoa<\/a><\/div><\/section><div class='popupvideo' id='video-kpoA95hfIvI'><span class='videostop' data-closevideo='video-kpoA95hfIvI'>&#10005;<\/span><iframe src='https:\/\/www.youtube.com\/embed\/kpoA95hfIvI?rel=0&controls=0&showinfo=0&enablejsapi=1&widgetid=1'><\/iframe><\/div><section  id='home4' class='videophoto expand'><img src='\/wp-content\/themes\/baque\/img\/images\/escuela-de-cafe.jpg' class='bg' alt='' \/><img src='\/wp-content\/themes\/baque\/img\/images\/escuela-de-cafe_resp.jpg' class='bgresp' alt='' \/><div class='shadow bg-brown'><\/div><div class='container'><h2 class='likeh1'>KAFE-ESKOLA<\/h2><h3 class='likeh2'>KAFEAREN KULTURA<br\/>BULTZATZEKO GURE<br\/>APUSTUA.<\/h3><a href='https:\/\/www.baque.com\/eu\/kafean-adituak\/kafe-eskola\/' class='button  white'>INFORMAZIO GEHIAGO<\/a><\/div><\/section><br \/>\n<section  id='home5' class='whitezone'><div class='container'><br \/>\n<div  class='sidebar'><\/p>\n<p class=\"text-left\">100 urte baino gehiago gure zaletasunean jardunez: kafea.<\/p>\n<p class=\"text-left\">Egunean Caf\u00e9 Baqu\u00e9-ren 300.000 kafe-kikara kontsumitzen dira, zure aldeko apustua egiteko arrazoi onena.<\/p>\n<p><\/div><br \/>\n<div  class='content'><\/p>\n<p class=\"text-left\">Caf\u00e9s Baqu\u00e9-n <strong>100 urte baino gehiago daramatzagu gure zaletasunari eskainiak: kafea<\/strong>. Liderrak gara Euskadiko eta Errioxako ostalaritzan eta marka ezagunenetako bat estatu mailan.<\/p>\n<p class=\"text-left\">Familia-enpresa <strong>bat gara eta tradizioa eta berrikuntza konbinatzearen aldeko apustua egin dugu gure bezero guztiak gogobetetzeko<\/strong>, bai etxekoak, baita ostalaritzakoak eta enpresetakoak ere.<\/p>\n<p class=\"text-left\">Pertsonen balioan sinesten dugu gure <strong>sektorea eraldatzeko eta garapen jasangarri bati laguntzeko<\/strong>. Zerbitzu onena eskaintzeko dugun ardura dela-eta, <strong>barista profesionalak trebatzen ditugu lehengai onenarekin esperientzia paregabeak sortzeko kafearen inguruan<\/strong>.<\/p>\n<p class=\"text-left\">Horretarako, <strong>jatorri onenak hautatzen ditugu<\/strong> gure nahasketek bere ezaugarriak mantentzeko prozesuaren hasieratik zure kikarara iritsi arte. <strong>3 milioi kilo kafe baino gehiago txigortzen ditugu urtean<\/strong> eta Caf\u00e9 Baqu\u00e9-ren 300.000 kikara baino gehiago kontsumitzen dira egunean.<\/p>\n<p class=\"text-left\">Eta zure alboan egin nahi dugu aurrera.<\/p>\n<p><div class='separator height50' ><\/div><br \/>\n<a href='https:\/\/www.baque.com\/eu\/etxerako\/' class='button '>EZAGUTU ETXERAKO BAQU\u00c9 PRODUKTUAK<\/a><br \/>\n<a href='https:\/\/www.baque.com\/eu\/ostalaritzarako\/' class='button '>OSTALARIA ZARA? EZAGUTU GAMAK <\/a><br \/>\n<\/div><br \/>\n<\/div><\/section><\/p>\n","protected":false},"excerpt":{"rendered":"","protected":false},"author":1,"featured_media":0,"parent":0,"menu_order":10,"comment_status":"closed","ping_status":"open","template":"index.php","meta":{"_acf_changed":false,"footnotes":""},"class_list":["post-1356","page","type-page","status-publish","hentry"],"acf":[],"yoast_head":"<!-- This site is optimized with the Yoast SEO plugin v27.3 - https:\/\/yoast.com\/product\/yoast-seo-wordpress\/ -->\n<title>Caf\u00e9s Baqu\u00e9: adituak kafe ona egiten. Lehenak ostalaritzan<\/title>\n<meta name=\"description\" content=\"Lehenak gara Euskadiko eta Errioxako ostalaritzan eta marka ezagunenetako bat merkatu nazionalean. Produktua etengabe berritzen duen familia-enpresa bat gara. Kafea txigortu eta ehotuta, aletan eta kapsuletan banatzen dugu, etxean, tabernan edo bulegoan gozatzeko.\" \/>\n<meta name=\"robots\" content=\"index, follow, max-snippet:-1, max-image-preview:large, max-video-preview:-1\" \/>\n<meta property=\"og:locale\" content=\"eu_ES\" \/>\n<meta property=\"og:type\" content=\"article\" \/>\n<meta property=\"og:title\" content=\"Caf\u00e9s Baqu\u00e9: adituak kafe ona egiten. Lehenak ostalaritzan\" \/>\n<meta property=\"og:description\" content=\"Lehenak gara Euskadiko eta Errioxako ostalaritzan eta marka ezagunenetako bat merkatu nazionalean. Produktua etengabe berritzen duen familia-enpresa bat gara. Kafea txigortu eta ehotuta, aletan eta kapsuletan banatzen dugu, etxean, tabernan edo bulegoan gozatzeko.\" \/>\n<meta property=\"og:url\" content=\"https:\/\/www.baque.com\/eu\/\" \/>\n<meta property=\"og:site_name\" content=\"Caf\u00e9s Baqu\u00e9\" \/>\n<meta property=\"article:modified_time\" content=\"2018-05-30T15:52:52+00:00\" \/>\n<meta name=\"twitter:card\" content=\"summary_large_image\" \/>\n<meta name=\"twitter:label1\" content=\"Est. reading time\" \/>\n\t<meta name=\"twitter:data1\" content=\"1 minute\" \/>\n<script type=\"application\/ld+json\" class=\"yoast-schema-graph\">{\"@context\":\"https:\\\/\\\/schema.org\",\"@graph\":[{\"@type\":\"WebPage\",\"@id\":\"https:\\\/\\\/www.baque.com\\\/eu\\\/\",\"url\":\"https:\\\/\\\/www.baque.com\\\/eu\\\/\",\"name\":\"Caf\u00e9s Baqu\u00e9: adituak kafe ona egiten. Lehenak ostalaritzan\",\"isPartOf\":{\"@id\":\"https:\\\/\\\/www.baque.com\\\/es\\\/#website\"},\"datePublished\":\"2018-02-14T15:37:03+00:00\",\"dateModified\":\"2018-05-30T15:52:52+00:00\",\"description\":\"Lehenak gara Euskadiko eta Errioxako ostalaritzan eta marka ezagunenetako bat merkatu nazionalean. Produktua etengabe berritzen duen familia-enpresa bat gara. Kafea txigortu eta ehotuta, aletan eta kapsuletan banatzen dugu, etxean, tabernan edo bulegoan gozatzeko.\",\"breadcrumb\":{\"@id\":\"https:\\\/\\\/www.baque.com\\\/eu\\\/#breadcrumb\"},\"inLanguage\":\"eu-ES\",\"potentialAction\":[{\"@type\":\"ReadAction\",\"target\":[\"https:\\\/\\\/www.baque.com\\\/eu\\\/\"]}]},{\"@type\":\"BreadcrumbList\",\"@id\":\"https:\\\/\\\/www.baque.com\\\/eu\\\/#breadcrumb\",\"itemListElement\":[{\"@type\":\"ListItem\",\"position\":1,\"name\":\"Portada\",\"item\":\"https:\\\/\\\/www.baque.com\\\/eu\\\/\"},{\"@type\":\"ListItem\",\"position\":2,\"name\":\"Hasiera\"}]},{\"@type\":\"WebSite\",\"@id\":\"https:\\\/\\\/www.baque.com\\\/es\\\/#website\",\"url\":\"https:\\\/\\\/www.baque.com\\\/es\\\/\",\"name\":\"Caf\u00e9s Baqu\u00e9\",\"description\":\"Somos l\u00edderes en hosteler\u00eda en Pa\u00eds Vasco y La Rioja y una de las marcas m\u00e1s reconocidas en el mercado nacional. Somos una empresa familiar en constante innovaci\u00f3n en el producto. Tostamos y distribuimos caf\u00e9 molido, en grano y c\u00e1psulas para disfrutar en casa, en el bar y en la oficina.\",\"potentialAction\":[{\"@type\":\"SearchAction\",\"target\":{\"@type\":\"EntryPoint\",\"urlTemplate\":\"https:\\\/\\\/www.baque.com\\\/es\\\/?s={search_term_string}\"},\"query-input\":{\"@type\":\"PropertyValueSpecification\",\"valueRequired\":true,\"valueName\":\"search_term_string\"}}],\"inLanguage\":\"eu-ES\"}]}<\/script>\n<!-- \/ Yoast SEO plugin. -->","yoast_head_json":{"title":"Caf\u00e9s Baqu\u00e9: adituak kafe ona egiten. Lehenak ostalaritzan","description":"Lehenak gara Euskadiko eta Errioxako ostalaritzan eta marka ezagunenetako bat merkatu nazionalean. Produktua etengabe berritzen duen familia-enpresa bat gara. Kafea txigortu eta ehotuta, aletan eta kapsuletan banatzen dugu, etxean, tabernan edo bulegoan gozatzeko.","robots":{"index":"index","follow":"follow","max-snippet":"max-snippet:-1","max-image-preview":"max-image-preview:large","max-video-preview":"max-video-preview:-1"},"og_locale":"eu_ES","og_type":"article","og_title":"Caf\u00e9s Baqu\u00e9: adituak kafe ona egiten. Lehenak ostalaritzan","og_description":"Lehenak gara Euskadiko eta Errioxako ostalaritzan eta marka ezagunenetako bat merkatu nazionalean. Produktua etengabe berritzen duen familia-enpresa bat gara. Kafea txigortu eta ehotuta, aletan eta kapsuletan banatzen dugu, etxean, tabernan edo bulegoan gozatzeko.","og_url":"https:\/\/www.baque.com\/eu\/","og_site_name":"Caf\u00e9s Baqu\u00e9","article_modified_time":"2018-05-30T15:52:52+00:00","twitter_card":"summary_large_image","twitter_misc":{"Est. reading time":"1 minute"},"schema":{"@context":"https:\/\/schema.org","@graph":[{"@type":"WebPage","@id":"https:\/\/www.baque.com\/eu\/","url":"https:\/\/www.baque.com\/eu\/","name":"Caf\u00e9s Baqu\u00e9: adituak kafe ona egiten. Lehenak ostalaritzan","isPartOf":{"@id":"https:\/\/www.baque.com\/es\/#website"},"datePublished":"2018-02-14T15:37:03+00:00","dateModified":"2018-05-30T15:52:52+00:00","description":"Lehenak gara Euskadiko eta Errioxako ostalaritzan eta marka ezagunenetako bat merkatu nazionalean. Produktua etengabe berritzen duen familia-enpresa bat gara. Kafea txigortu eta ehotuta, aletan eta kapsuletan banatzen dugu, etxean, tabernan edo bulegoan gozatzeko.","breadcrumb":{"@id":"https:\/\/www.baque.com\/eu\/#breadcrumb"},"inLanguage":"eu-ES","potentialAction":[{"@type":"ReadAction","target":["https:\/\/www.baque.com\/eu\/"]}]},{"@type":"BreadcrumbList","@id":"https:\/\/www.baque.com\/eu\/#breadcrumb","itemListElement":[{"@type":"ListItem","position":1,"name":"Portada","item":"https:\/\/www.baque.com\/eu\/"},{"@type":"ListItem","position":2,"name":"Hasiera"}]},{"@type":"WebSite","@id":"https:\/\/www.baque.com\/es\/#website","url":"https:\/\/www.baque.com\/es\/","name":"Caf\u00e9s Baqu\u00e9","description":"Somos l\u00edderes en hosteler\u00eda en Pa\u00eds Vasco y La Rioja y una de las marcas m\u00e1s reconocidas en el mercado nacional. Somos una empresa familiar en constante innovaci\u00f3n en el producto. Tostamos y distribuimos caf\u00e9 molido, en grano y c\u00e1psulas para disfrutar en casa, en el bar y en la oficina.","potentialAction":[{"@type":"SearchAction","target":{"@type":"EntryPoint","urlTemplate":"https:\/\/www.baque.com\/es\/?s={search_term_string}"},"query-input":{"@type":"PropertyValueSpecification","valueRequired":true,"valueName":"search_term_string"}}],"inLanguage":"eu-ES"}]}},"_links":{"self":[{"href":"https:\/\/www.baque.com\/eu\/wp-json\/wp\/v2\/pages\/1356","targetHints":{"allow":["GET"]}}],"collection":[{"href":"https:\/\/www.baque.com\/eu\/wp-json\/wp\/v2\/pages"}],"about":[{"href":"https:\/\/www.baque.com\/eu\/wp-json\/wp\/v2\/types\/page"}],"author":[{"embeddable":true,"href":"https:\/\/www.baque.com\/eu\/wp-json\/wp\/v2\/users\/1"}],"replies":[{"embeddable":true,"href":"https:\/\/www.baque.com\/eu\/wp-json\/wp\/v2\/comments?post=1356"}],"version-history":[{"count":1,"href":"https:\/\/www.baque.com\/eu\/wp-json\/wp\/v2\/pages\/1356\/revisions"}],"predecessor-version":[{"id":3156,"href":"https:\/\/www.baque.com\/eu\/wp-json\/wp\/v2\/pages\/1356\/revisions\/3156"}],"wp:attachment":[{"href":"https:\/\/www.baque.com\/eu\/wp-json\/wp\/v2\/media?parent=1356"}],"curies":[{"name":"wp","href":"https:\/\/api.w.org\/{rel}","templated":true}]}}