
{"id":1512,"date":"2018-02-22T08:29:34","date_gmt":"2018-02-22T08:29:34","guid":{"rendered":"http:\/\/www.baque.com\/?page_id=1512"},"modified":"2018-04-10T08:45:52","modified_gmt":"2018-04-10T08:45:52","slug":"kafe-saltzaile-adituak","status":"publish","type":"page","link":"https:\/\/www.baque.com\/eu\/kafean-adituak\/kafe-saltzaile-adituak\/","title":{"rendered":"Kafean adituak"},"content":{"rendered":"<p><section  id='expertos-cafeteros' class='multicol'><div class='container'><br \/>\n\t<div class='col1'><img src='\/wp-content\/themes\/baque\/img\/images\/especialistas-expertos-cafeteros.jpg' class='bg withoutbgresp' alt='' \/><\/div><br \/>\n\t<p class='entradilla'>Kafean adituak gara, jatorriak errespetatzen ditugu eta lurrin eta zapore orekatuko nahasketak lortzen saiatzen gara, ahalik eta gehien goza dezazun.<\/p><br \/>\n\t<div class='col2'>\n\t\t<p class='text-left'>Jatorritik, gure kontsumitzaileak asebete nahi ditugu, gehieneko kalitatea eta jasangarritasuna bermatuz<\/p>\n\t\t<img src='\/wp-content\/themes\/baque\/img\/images\/especialistas-expertos-cafeteros-cafe.jpg' class='bg withoutbgresp' alt='' \/>\n\t<\/div><br \/>\n\t<div class='col3'><\/p>\n<h2>Jatorriak: lehentasuna<\/h2>\n<p class=\"text-left\">Jatorriak hautatzeko unean kontuan hartzen dugu gordinik daudenean kalitatezkoak izatea, ingurunearekin jasangarriak izatea eta bidezko merkataritzakoak izatea. Kalitate onena eta zaporearen uniformetasuna lortzeko gure sekretuak alearen hautaketan, siloratzean eta txigorketan datza.<\/p>\n<h2>Balioa: kafea baino gehiago da gure kafea<\/h2>\n<ul>\n<li>Gure kontsumitzailera moldatzen gara. Produktu-gama zabala eskaintzen dugu, kafearen kategoriako segmentu guztiak landuz eta mimatuz: alea, ehotzea, kapsulak, saileko kafeak\u2026<\/li>\n<li>Pertsonengan sinesten dugu. Kafe-eskola bat dugu, kafearen inguruko kultura sortzeko eta kafe-baristak edo -adituak trebatzeko.<\/li>\n<li>Hurbiltasuna eta laguntza. Kafean aditua den merkataritza-talde bat, astero gure bezero guztiengana iristen dena.<\/li>\n<li>Lasaitasuna. Bezeroaren arreta-zerbitzua eguneko 24 ordutan eta urteko 365 egunetan.<\/li>\n<li>Desberdintze-balioa. Zure negozioa desberdina izaten lagunduko dizun trade-marketing talde bat dugu.<\/li>\n<\/ul>\n<p>\t<\/div><br \/>\n<\/div><\/section><br \/>\n<section  id='expertos-cafeteros-1' class='squares videophoto cols3 borderwhite borderwhitefooter'><br \/>\n\t<div  class='square nocontainer'>\n\t\t\t<img src='\/wp-content\/themes\/baque\/img\/images\/especialistas-expertos-cafeteros-1.jpg' class='bg withoutbgresp' alt='' \/>\n\t\t\t\n\t\t\t<div class='container'>\n\t\t\t\t\n\t\t\t<\/div>\n\t\t<\/div><br \/>\n\t<div  class='square nocontainer'>\n\t\t\t<img src='\/wp-content\/themes\/baque\/img\/images\/especialistas-expertos-cafeteros-2.jpg' class='bg withoutbgresp' alt='' \/>\n\t\t\t\n\t\t\t<div class='container'>\n\t\t\t\t\n\t\t\t<\/div>\n\t\t<\/div><br \/>\n\t<div  class='square nocontainer'>\n\t\t\t<img src='\/wp-content\/themes\/baque\/img\/images\/especialistas-expertos-cafeteros-3.jpg' class='bg withoutbgresp' alt='' \/>\n\t\t\t\n\t\t\t<div class='container'>\n\t\t\t\t\n\t\t\t<\/div>\n\t\t<\/div><br \/>\n<\/section><\/p>\n","protected":false},"excerpt":{"rendered":"","protected":false},"author":1,"featured_media":0,"parent":1507,"menu_order":10,"comment_status":"closed","ping_status":"closed","template":"","meta":{"_acf_changed":false,"footnotes":""},"class_list":["post-1512","page","type-page","status-publish","hentry"],"acf":[],"yoast_head":"<!-- This site is optimized with the Yoast SEO plugin v27.3 - https:\/\/yoast.com\/product\/yoast-seo-wordpress\/ -->\n<title>Kafe-saltzaile adituak | Kafe-espezialistak | Caf\u00e9s Baqu\u00e9<\/title>\n<meta name=\"description\" content=\"Caf\u00e9s Baqu\u00e9-n kafe-saltzaile adituak gara, jatorriak errespetatzen ditugu eta lurrin eta zapore orekatuko nahasketak lortzen saiatzen gara, ahalik eta gehien goza dezazun.\" \/>\n<meta name=\"robots\" content=\"index, follow, max-snippet:-1, max-image-preview:large, max-video-preview:-1\" \/>\n<meta property=\"og:locale\" content=\"eu_ES\" \/>\n<meta property=\"og:type\" content=\"article\" \/>\n<meta property=\"og:title\" content=\"Kafe-saltzaile adituak | Kafe-espezialistak | Caf\u00e9s Baqu\u00e9\" \/>\n<meta property=\"og:description\" content=\"Caf\u00e9s Baqu\u00e9-n kafe-saltzaile adituak gara, jatorriak errespetatzen ditugu eta lurrin eta zapore orekatuko nahasketak lortzen saiatzen gara, ahalik eta gehien goza dezazun.\" \/>\n<meta property=\"og:url\" content=\"https:\/\/www.baque.com\/eu\/kafean-adituak\/kafe-saltzaile-adituak\/\" \/>\n<meta property=\"og:site_name\" content=\"Caf\u00e9s Baqu\u00e9\" \/>\n<meta property=\"article:modified_time\" content=\"2018-04-10T08:45:52+00:00\" \/>\n<meta name=\"twitter:card\" content=\"summary_large_image\" \/>\n<meta name=\"twitter:label1\" content=\"Est. reading time\" \/>\n\t<meta name=\"twitter:data1\" content=\"1 minute\" \/>\n<script type=\"application\/ld+json\" class=\"yoast-schema-graph\">{\"@context\":\"https:\\\/\\\/schema.org\",\"@graph\":[{\"@type\":\"WebPage\",\"@id\":\"https:\\\/\\\/www.baque.com\\\/eu\\\/kafean-adituak\\\/kafe-saltzaile-adituak\\\/\",\"url\":\"https:\\\/\\\/www.baque.com\\\/eu\\\/kafean-adituak\\\/kafe-saltzaile-adituak\\\/\",\"name\":\"Kafe-saltzaile adituak | Kafe-espezialistak | Caf\u00e9s Baqu\u00e9\",\"isPartOf\":{\"@id\":\"https:\\\/\\\/www.baque.com\\\/es\\\/#website\"},\"datePublished\":\"2018-02-22T08:29:34+00:00\",\"dateModified\":\"2018-04-10T08:45:52+00:00\",\"description\":\"Caf\u00e9s Baqu\u00e9-n kafe-saltzaile adituak gara, jatorriak errespetatzen ditugu eta lurrin eta zapore orekatuko nahasketak lortzen saiatzen gara, ahalik eta gehien goza dezazun.\",\"breadcrumb\":{\"@id\":\"https:\\\/\\\/www.baque.com\\\/eu\\\/kafean-adituak\\\/kafe-saltzaile-adituak\\\/#breadcrumb\"},\"inLanguage\":\"eu-ES\",\"potentialAction\":[{\"@type\":\"ReadAction\",\"target\":[\"https:\\\/\\\/www.baque.com\\\/eu\\\/kafean-adituak\\\/kafe-saltzaile-adituak\\\/\"]}]},{\"@type\":\"BreadcrumbList\",\"@id\":\"https:\\\/\\\/www.baque.com\\\/eu\\\/kafean-adituak\\\/kafe-saltzaile-adituak\\\/#breadcrumb\",\"itemListElement\":[{\"@type\":\"ListItem\",\"position\":1,\"name\":\"Portada\",\"item\":\"https:\\\/\\\/www.baque.com\\\/eu\\\/\"},{\"@type\":\"ListItem\",\"position\":2,\"name\":\"Kafean adituak\",\"item\":\"https:\\\/\\\/www.baque.com\\\/eu\\\/kafean-adituak\\\/\"},{\"@type\":\"ListItem\",\"position\":3,\"name\":\"Kafean adituak\"}]},{\"@type\":\"WebSite\",\"@id\":\"https:\\\/\\\/www.baque.com\\\/es\\\/#website\",\"url\":\"https:\\\/\\\/www.baque.com\\\/es\\\/\",\"name\":\"Caf\u00e9s Baqu\u00e9\",\"description\":\"Somos l\u00edderes en hosteler\u00eda en Pa\u00eds Vasco y La Rioja y una de las marcas m\u00e1s reconocidas en el mercado nacional. Somos una empresa familiar en constante innovaci\u00f3n en el producto. Tostamos y distribuimos caf\u00e9 molido, en grano y c\u00e1psulas para disfrutar en casa, en el bar y en la oficina.\",\"potentialAction\":[{\"@type\":\"SearchAction\",\"target\":{\"@type\":\"EntryPoint\",\"urlTemplate\":\"https:\\\/\\\/www.baque.com\\\/es\\\/?s={search_term_string}\"},\"query-input\":{\"@type\":\"PropertyValueSpecification\",\"valueRequired\":true,\"valueName\":\"search_term_string\"}}],\"inLanguage\":\"eu-ES\"}]}<\/script>\n<!-- \/ Yoast SEO plugin. -->","yoast_head_json":{"title":"Kafe-saltzaile adituak | Kafe-espezialistak | Caf\u00e9s Baqu\u00e9","description":"Caf\u00e9s Baqu\u00e9-n kafe-saltzaile adituak gara, jatorriak errespetatzen ditugu eta lurrin eta zapore orekatuko nahasketak lortzen saiatzen gara, ahalik eta gehien goza dezazun.","robots":{"index":"index","follow":"follow","max-snippet":"max-snippet:-1","max-image-preview":"max-image-preview:large","max-video-preview":"max-video-preview:-1"},"og_locale":"eu_ES","og_type":"article","og_title":"Kafe-saltzaile adituak | Kafe-espezialistak | Caf\u00e9s Baqu\u00e9","og_description":"Caf\u00e9s Baqu\u00e9-n kafe-saltzaile adituak gara, jatorriak errespetatzen ditugu eta lurrin eta zapore orekatuko nahasketak lortzen saiatzen gara, ahalik eta gehien goza dezazun.","og_url":"https:\/\/www.baque.com\/eu\/kafean-adituak\/kafe-saltzaile-adituak\/","og_site_name":"Caf\u00e9s Baqu\u00e9","article_modified_time":"2018-04-10T08:45:52+00:00","twitter_card":"summary_large_image","twitter_misc":{"Est. reading time":"1 minute"},"schema":{"@context":"https:\/\/schema.org","@graph":[{"@type":"WebPage","@id":"https:\/\/www.baque.com\/eu\/kafean-adituak\/kafe-saltzaile-adituak\/","url":"https:\/\/www.baque.com\/eu\/kafean-adituak\/kafe-saltzaile-adituak\/","name":"Kafe-saltzaile adituak | Kafe-espezialistak | Caf\u00e9s Baqu\u00e9","isPartOf":{"@id":"https:\/\/www.baque.com\/es\/#website"},"datePublished":"2018-02-22T08:29:34+00:00","dateModified":"2018-04-10T08:45:52+00:00","description":"Caf\u00e9s Baqu\u00e9-n kafe-saltzaile adituak gara, jatorriak errespetatzen ditugu eta lurrin eta zapore orekatuko nahasketak lortzen saiatzen gara, ahalik eta gehien goza dezazun.","breadcrumb":{"@id":"https:\/\/www.baque.com\/eu\/kafean-adituak\/kafe-saltzaile-adituak\/#breadcrumb"},"inLanguage":"eu-ES","potentialAction":[{"@type":"ReadAction","target":["https:\/\/www.baque.com\/eu\/kafean-adituak\/kafe-saltzaile-adituak\/"]}]},{"@type":"BreadcrumbList","@id":"https:\/\/www.baque.com\/eu\/kafean-adituak\/kafe-saltzaile-adituak\/#breadcrumb","itemListElement":[{"@type":"ListItem","position":1,"name":"Portada","item":"https:\/\/www.baque.com\/eu\/"},{"@type":"ListItem","position":2,"name":"Kafean adituak","item":"https:\/\/www.baque.com\/eu\/kafean-adituak\/"},{"@type":"ListItem","position":3,"name":"Kafean adituak"}]},{"@type":"WebSite","@id":"https:\/\/www.baque.com\/es\/#website","url":"https:\/\/www.baque.com\/es\/","name":"Caf\u00e9s Baqu\u00e9","description":"Somos l\u00edderes en hosteler\u00eda en Pa\u00eds Vasco y La Rioja y una de las marcas m\u00e1s reconocidas en el mercado nacional. Somos una empresa familiar en constante innovaci\u00f3n en el producto. Tostamos y distribuimos caf\u00e9 molido, en grano y c\u00e1psulas para disfrutar en casa, en el bar y en la oficina.","potentialAction":[{"@type":"SearchAction","target":{"@type":"EntryPoint","urlTemplate":"https:\/\/www.baque.com\/es\/?s={search_term_string}"},"query-input":{"@type":"PropertyValueSpecification","valueRequired":true,"valueName":"search_term_string"}}],"inLanguage":"eu-ES"}]}},"_links":{"self":[{"href":"https:\/\/www.baque.com\/eu\/wp-json\/wp\/v2\/pages\/1512","targetHints":{"allow":["GET"]}}],"collection":[{"href":"https:\/\/www.baque.com\/eu\/wp-json\/wp\/v2\/pages"}],"about":[{"href":"https:\/\/www.baque.com\/eu\/wp-json\/wp\/v2\/types\/page"}],"author":[{"embeddable":true,"href":"https:\/\/www.baque.com\/eu\/wp-json\/wp\/v2\/users\/1"}],"replies":[{"embeddable":true,"href":"https:\/\/www.baque.com\/eu\/wp-json\/wp\/v2\/comments?post=1512"}],"version-history":[{"count":0,"href":"https:\/\/www.baque.com\/eu\/wp-json\/wp\/v2\/pages\/1512\/revisions"}],"up":[{"embeddable":true,"href":"https:\/\/www.baque.com\/eu\/wp-json\/wp\/v2\/pages\/1507"}],"wp:attachment":[{"href":"https:\/\/www.baque.com\/eu\/wp-json\/wp\/v2\/media?parent=1512"}],"curies":[{"name":"wp","href":"https:\/\/api.w.org\/{rel}","templated":true}]}}