
{"id":1531,"date":"2018-02-22T08:50:23","date_gmt":"2018-02-22T08:50:23","guid":{"rendered":"http:\/\/www.baque.com\/?page_id=1531"},"modified":"2025-01-27T16:10:45","modified_gmt":"2025-01-27T15:10:45","slug":"etxerako","status":"publish","type":"page","link":"https:\/\/www.baque.com\/eu\/etxerako\/","title":{"rendered":"Etxerako"},"content":{"rendered":"<section  id='cafe-para-casa' class='introtext'><div class='container'>\n<h2>Adituak egunero zure etxean konpainia egiten.<\/h2>\n<p class=\"text-center\">Ezagutu gure kafeen, teen eta infusioen sorta eta gozatu sentsazio ugariz, bai etxean, bai<br \/>\n    bulegoan.<\/p>\n<p><\/div><\/section><br \/>\n<section  id='cafe-para-casa-1' class='videophoto expand'><div class='container'><\/p>\n<h2 class=\"likeh1\">GURE<br \/>\n    KAFEA<\/h2>\n<h3 class=\"likeh2\">KAFE PAREGABEA<br \/>\n    AHO FINENTZAT.<\/h3>\n<p><a href='https:\/\/www.baque.com\/eu\/etxerako\/kafea\/' class='button  white'>KAFEA IKUSI<\/a><br \/>\n<\/div><\/section><br \/>\n<section  id='cafe-para-casa-3' class='squares videophoto expand cols3'><br \/>\n<div  class='square'>\n\t\t\t<img src='\/wp-content\/themes\/baque\/img\/images\/para-casa-dulces.jpg' class='bg withoutbgresp' alt='' \/>\n\t\t\t\n\t\t\t<div class='container'>\n\t\t\t\t<\/p>\n<h2 class=\"likeh1\">GOZOKIAK<\/h2>\n<h3 class=\"likeh2\">KAKAOAK,<br \/>\n    AMENITY-AK, GOZAGARRIAK<br \/>\n    ETA OSAGARRIAK<\/h3>\n<p><a href='https:\/\/www.baque.com\/eu\/etxerako\/gozoak\/' class='button  white'>GOZOAK IKUSI<\/a><br \/>\n\n\t\t\t<\/div>\n\t\t<\/div><br \/>\n<div  class='square'>\n\t\t\t<img src='\/wp-content\/themes\/baque\/img\/images\/para-casa-oficinas.jpg' class='bg withoutbgresp' alt='' \/>\n\t\t\t\n\t\t\t<div class='container'>\n\t\t\t\t<\/p>\n<h2 class=\"likeh1\">BULEGOETARAKO<\/h2>\n<h3 class=\"likeh2\">EZAGUTU BULEGORAKO<br \/>\n    BAQU\u00c9-REN AUKERA.<\/h3>\n<p><a href='https:\/\/www.baque.com\/eu\/etxerako\/bulegorako-kafeak\/' class='button  white'>SOLUZIOAK IKUSI<\/a><br \/>\n\n\t\t\t<\/div>\n\t\t<\/div><br \/>\n<div  class='square'>\n\t\t\t<img src='\/wp-content\/themes\/baque\/img\/images\/para-casa-tes-infusiones.jpg' class='bg withoutbgresp' alt='' \/>\n\t\t\t\n\t\t\t<div class='container'>\n\t\t\t\t<\/p>\n<h2 class=\"likeh1\">TEAK ETA INFUSIOAK<\/h2>\n<h3 class=\"likeh2\">INFUSIO PERFEKTUA,<br \/>\n    GUSTU ETA FORMATU<br \/>\n    GUZTIETARA EGOKITUA.<\/h3>\n<p><a href='https:\/\/www.baque.com\/eu\/etxerako\/teak-infusioak\/' class='button  white'>TEAK ETA INFUSIOAK IKUSI<\/a><br \/>\n\n\t\t\t<\/div>\n\t\t<\/div><br \/>\n<\/section><\/p>\n","protected":false},"excerpt":{"rendered":"","protected":false},"author":1,"featured_media":0,"parent":0,"menu_order":30,"comment_status":"closed","ping_status":"closed","template":"","meta":{"_acf_changed":false,"footnotes":""},"class_list":["post-1531","page","type-page","status-publish","hentry"],"acf":[],"yoast_head":"<!-- This site is optimized with the Yoast SEO plugin v27.3 - https:\/\/yoast.com\/product\/yoast-seo-wordpress\/ -->\n<title>Caf\u00e9s Baqu\u00e9 \/ Etxerako kafea | Etxerako kafe onena | Caf\u00e9s Baqu\u00e9<\/title>\n<meta name=\"description\" content=\"Caf\u00e9s Baqu\u00e9-n adituak gara egunero zure etxean konpainia egiten. Ezagutu gure kafeen, teen eta infusioen gama, eta hasi sentsazio aldra bizitzen etxean edo bulegoan.\" \/>\n<meta name=\"robots\" content=\"index, follow, max-snippet:-1, max-image-preview:large, max-video-preview:-1\" \/>\n<meta property=\"og:locale\" content=\"eu_ES\" \/>\n<meta property=\"og:type\" content=\"article\" \/>\n<meta property=\"og:title\" content=\"Caf\u00e9s Baqu\u00e9 \/ Etxerako kafea | Etxerako kafe onena | Caf\u00e9s Baqu\u00e9\" \/>\n<meta property=\"og:description\" content=\"Caf\u00e9s Baqu\u00e9-n adituak gara egunero zure etxean konpainia egiten. Ezagutu gure kafeen, teen eta infusioen gama, eta hasi sentsazio aldra bizitzen etxean edo bulegoan.\" \/>\n<meta property=\"og:url\" content=\"https:\/\/www.baque.com\/eu\/etxerako\/\" \/>\n<meta property=\"og:site_name\" content=\"Caf\u00e9s Baqu\u00e9\" \/>\n<meta property=\"article:modified_time\" content=\"2025-01-27T15:10:45+00:00\" \/>\n<meta name=\"twitter:card\" content=\"summary_large_image\" \/>\n<meta name=\"twitter:label1\" content=\"Est. reading time\" \/>\n\t<meta name=\"twitter:data1\" content=\"1 minute\" \/>\n<script type=\"application\/ld+json\" class=\"yoast-schema-graph\">{\"@context\":\"https:\\\/\\\/schema.org\",\"@graph\":[{\"@type\":\"WebPage\",\"@id\":\"https:\\\/\\\/www.baque.com\\\/eu\\\/etxerako\\\/\",\"url\":\"https:\\\/\\\/www.baque.com\\\/eu\\\/etxerako\\\/\",\"name\":\"Caf\u00e9s Baqu\u00e9 \\\/ Etxerako kafea | Etxerako kafe onena | Caf\u00e9s Baqu\u00e9\",\"isPartOf\":{\"@id\":\"https:\\\/\\\/www.baque.com\\\/es\\\/#website\"},\"datePublished\":\"2018-02-22T08:50:23+00:00\",\"dateModified\":\"2025-01-27T15:10:45+00:00\",\"description\":\"Caf\u00e9s Baqu\u00e9-n adituak gara egunero zure etxean konpainia egiten. Ezagutu gure kafeen, teen eta infusioen gama, eta hasi sentsazio aldra bizitzen etxean edo bulegoan.\",\"breadcrumb\":{\"@id\":\"https:\\\/\\\/www.baque.com\\\/eu\\\/etxerako\\\/#breadcrumb\"},\"inLanguage\":\"eu-ES\",\"potentialAction\":[{\"@type\":\"ReadAction\",\"target\":[\"https:\\\/\\\/www.baque.com\\\/eu\\\/etxerako\\\/\"]}]},{\"@type\":\"BreadcrumbList\",\"@id\":\"https:\\\/\\\/www.baque.com\\\/eu\\\/etxerako\\\/#breadcrumb\",\"itemListElement\":[{\"@type\":\"ListItem\",\"position\":1,\"name\":\"Portada\",\"item\":\"https:\\\/\\\/www.baque.com\\\/eu\\\/\"},{\"@type\":\"ListItem\",\"position\":2,\"name\":\"Etxerako\"}]},{\"@type\":\"WebSite\",\"@id\":\"https:\\\/\\\/www.baque.com\\\/es\\\/#website\",\"url\":\"https:\\\/\\\/www.baque.com\\\/es\\\/\",\"name\":\"Caf\u00e9s Baqu\u00e9\",\"description\":\"Somos l\u00edderes en hosteler\u00eda en Pa\u00eds Vasco y La Rioja y una de las marcas m\u00e1s reconocidas en el mercado nacional. Somos una empresa familiar en constante innovaci\u00f3n en el producto. Tostamos y distribuimos caf\u00e9 molido, en grano y c\u00e1psulas para disfrutar en casa, en el bar y en la oficina.\",\"potentialAction\":[{\"@type\":\"SearchAction\",\"target\":{\"@type\":\"EntryPoint\",\"urlTemplate\":\"https:\\\/\\\/www.baque.com\\\/es\\\/?s={search_term_string}\"},\"query-input\":{\"@type\":\"PropertyValueSpecification\",\"valueRequired\":true,\"valueName\":\"search_term_string\"}}],\"inLanguage\":\"eu-ES\"}]}<\/script>\n<!-- \/ Yoast SEO plugin. -->","yoast_head_json":{"title":"Caf\u00e9s Baqu\u00e9 \/ Etxerako kafea | Etxerako kafe onena | Caf\u00e9s Baqu\u00e9","description":"Caf\u00e9s Baqu\u00e9-n adituak gara egunero zure etxean konpainia egiten. Ezagutu gure kafeen, teen eta infusioen gama, eta hasi sentsazio aldra bizitzen etxean edo bulegoan.","robots":{"index":"index","follow":"follow","max-snippet":"max-snippet:-1","max-image-preview":"max-image-preview:large","max-video-preview":"max-video-preview:-1"},"og_locale":"eu_ES","og_type":"article","og_title":"Caf\u00e9s Baqu\u00e9 \/ Etxerako kafea | Etxerako kafe onena | Caf\u00e9s Baqu\u00e9","og_description":"Caf\u00e9s Baqu\u00e9-n adituak gara egunero zure etxean konpainia egiten. Ezagutu gure kafeen, teen eta infusioen gama, eta hasi sentsazio aldra bizitzen etxean edo bulegoan.","og_url":"https:\/\/www.baque.com\/eu\/etxerako\/","og_site_name":"Caf\u00e9s Baqu\u00e9","article_modified_time":"2025-01-27T15:10:45+00:00","twitter_card":"summary_large_image","twitter_misc":{"Est. reading time":"1 minute"},"schema":{"@context":"https:\/\/schema.org","@graph":[{"@type":"WebPage","@id":"https:\/\/www.baque.com\/eu\/etxerako\/","url":"https:\/\/www.baque.com\/eu\/etxerako\/","name":"Caf\u00e9s Baqu\u00e9 \/ Etxerako kafea | Etxerako kafe onena | Caf\u00e9s Baqu\u00e9","isPartOf":{"@id":"https:\/\/www.baque.com\/es\/#website"},"datePublished":"2018-02-22T08:50:23+00:00","dateModified":"2025-01-27T15:10:45+00:00","description":"Caf\u00e9s Baqu\u00e9-n adituak gara egunero zure etxean konpainia egiten. Ezagutu gure kafeen, teen eta infusioen gama, eta hasi sentsazio aldra bizitzen etxean edo bulegoan.","breadcrumb":{"@id":"https:\/\/www.baque.com\/eu\/etxerako\/#breadcrumb"},"inLanguage":"eu-ES","potentialAction":[{"@type":"ReadAction","target":["https:\/\/www.baque.com\/eu\/etxerako\/"]}]},{"@type":"BreadcrumbList","@id":"https:\/\/www.baque.com\/eu\/etxerako\/#breadcrumb","itemListElement":[{"@type":"ListItem","position":1,"name":"Portada","item":"https:\/\/www.baque.com\/eu\/"},{"@type":"ListItem","position":2,"name":"Etxerako"}]},{"@type":"WebSite","@id":"https:\/\/www.baque.com\/es\/#website","url":"https:\/\/www.baque.com\/es\/","name":"Caf\u00e9s Baqu\u00e9","description":"Somos l\u00edderes en hosteler\u00eda en Pa\u00eds Vasco y La Rioja y una de las marcas m\u00e1s reconocidas en el mercado nacional. Somos una empresa familiar en constante innovaci\u00f3n en el producto. Tostamos y distribuimos caf\u00e9 molido, en grano y c\u00e1psulas para disfrutar en casa, en el bar y en la oficina.","potentialAction":[{"@type":"SearchAction","target":{"@type":"EntryPoint","urlTemplate":"https:\/\/www.baque.com\/es\/?s={search_term_string}"},"query-input":{"@type":"PropertyValueSpecification","valueRequired":true,"valueName":"search_term_string"}}],"inLanguage":"eu-ES"}]}},"_links":{"self":[{"href":"https:\/\/www.baque.com\/eu\/wp-json\/wp\/v2\/pages\/1531","targetHints":{"allow":["GET"]}}],"collection":[{"href":"https:\/\/www.baque.com\/eu\/wp-json\/wp\/v2\/pages"}],"about":[{"href":"https:\/\/www.baque.com\/eu\/wp-json\/wp\/v2\/types\/page"}],"author":[{"embeddable":true,"href":"https:\/\/www.baque.com\/eu\/wp-json\/wp\/v2\/users\/1"}],"replies":[{"embeddable":true,"href":"https:\/\/www.baque.com\/eu\/wp-json\/wp\/v2\/comments?post=1531"}],"version-history":[{"count":9,"href":"https:\/\/www.baque.com\/eu\/wp-json\/wp\/v2\/pages\/1531\/revisions"}],"predecessor-version":[{"id":2874239,"href":"https:\/\/www.baque.com\/eu\/wp-json\/wp\/v2\/pages\/1531\/revisions\/2874239"}],"wp:attachment":[{"href":"https:\/\/www.baque.com\/eu\/wp-json\/wp\/v2\/media?parent=1531"}],"curies":[{"name":"wp","href":"https:\/\/api.w.org\/{rel}","templated":true}]}}