
{"id":1537,"date":"2018-02-22T08:55:33","date_gmt":"2018-02-22T08:55:33","guid":{"rendered":"http:\/\/www.baque.com\/?page_id=1537"},"modified":"2019-01-08T11:15:56","modified_gmt":"2019-01-08T09:15:56","slug":"kafea","status":"publish","type":"page","link":"https:\/\/www.baque.com\/eu\/etxerako\/kafea\/","title":{"rendered":"Kafea"},"content":{"rendered":"<section  id='cafe' class='introtext'><div class='container'>\n<h2>Kafe paregabea aho finenentzat.<\/h2>\n<p class=\"text-center\">Ezagutu gure gama zabala eta zuri egokitzen zaizkizun formatu desberdinak: kafe-alea, xehatua,zurekin bateragarriak diren kapsulak eta disolbagarriak. Caf\u00e9s Baqu\u00e9-ren zapore guztia zure eskura.<\/p>\n<p class=\"text-center\">Gure esperientziari eta ezagutzari esker, errezeta perfektua diseina dezakegu, gustu eta formatu guztietara egokitutakoa.<\/p>\n<p><\/div><\/section><br \/>\n<section  id='cafe-1' class='videophoto expand nocontainer'><img src='\/wp-content\/themes\/baque\/img\/images\/para-casa-cafe.jpg' class='bg' alt='' \/><img src='\/wp-content\/themes\/baque\/img\/images\/para-casa-cafe_resp.jpg' class='bgresp' alt='' \/><div class='container'><br \/>\n<\/div><\/section><br \/>\n<section  id='cafe-2' class='squares videophoto expand cols3 borderwhite'><br \/>\n        <div  class='square'>\n\t\t\t<img src='\/wp-content\/themes\/baque\/img\/images\/capsulas-compostables-box.jpg' class='bg withoutbgresp' alt='' \/>\n\t\t\t\n\t\t\t<div class='container'>\n\t\t\t\t<\/p>\n<h2 class=\"likeh1\">KAPSULA<br \/>KONPOSTAGARRIAK<\/h2>\n<h3 class=\"likeh2\">INGURUMENAREKIN<br \/>BATERAGARRIAK.<\/h3>\n<p>\t\t<a href='https:\/\/www.baque.com\/eu\/etxerako\/kafea\/kapsula-konpostagarriak\/' class='button  white'>KAPSULAK IKUSI<\/a><br \/>\n\t\n\t\t\t<\/div>\n\t\t<\/div><br \/>\n\t<div  class='square'>\n\t\t\t<img src='\/wp-content\/themes\/baque\/img\/images\/para-casa-capsulas-baque.jpg' class='bg withoutbgresp' alt='' \/>\n\t\t\t\n\t\t\t<div class='container'>\n\t\t\t\t<\/p>\n<h2 class=\"likeh1\">BAQU\u00c9<br \/>KAPSULAK<\/h2>\n<h3 class=\"likeh2\">ZUREKIN BATERAGARRIA<br \/>DEN KAFEA.<\/h3>\n<p>\t\t<a href='https:\/\/www.baque.com\/eu\/etxerako\/kafea\/kapsulak\/' class='button  white'>KAPSULAK IKUSI<\/a><br \/>\n\t\n\t\t\t<\/div>\n\t\t<\/div><br \/>\n\t<div  class='square'>\n\t\t\t<img src='\/wp-content\/themes\/baque\/img\/images\/para-casa-capsulas-organicas.jpg' class='bg withoutbgresp' alt='' \/>\n\t\t\t\n\t\t\t<div class='container'>\n\t\t\t\t<\/p>\n<h2 class=\"likeh1\">KAFE<br \/>ORGANIKOA<\/h2>\n<h3 class=\"likeh2\">BIZITZEKO ESTILO BAT<br \/>PARTEKATZEN DUGU ZUREKIN<\/h3>\n<p>\t\t<a href='https:\/\/www.baque.com\/eu\/etxerako\/kafea\/kafe-organikoa\/' class='button  white'>KAFE ORGANIKOA IKUSI<\/a><br \/>\n\t\n\t\t\t<\/div>\n\t\t<\/div><br \/>\n<\/section><br \/>\n<section  id='cafe-3' class='squares videophoto expand cols2'><br \/>\n\t<div  class='square'>\n\t\t\t<img src='\/wp-content\/themes\/baque\/img\/images\/para-casa-molido-grano.jpg' class='bg withoutbgresp' alt='' \/>\n\t\t\t\n\t\t\t<div class='container'>\n\t\t\t\t<\/p>\n<h2 class=\"likeh1\">EHOA ETA<br \/>ALEA<\/h2>\n<h3 class=\"likeh2\">BETIKO KAFEAK<br \/>ZURETZAT PENTSATUAK.<\/h3>\n<p>\t\t<a href='https:\/\/www.baque.com\/eu\/etxerako\/kafea\/ehoa-alea\/' class='button  white'>EHOA ETA ALEAN IKUSI<\/a><br \/>\n\t\n\t\t\t<\/div>\n\t\t<\/div><br \/>\n\t<div  class='square'>\n\t\t\t<img src='\/wp-content\/themes\/baque\/img\/images\/para-casa-solubles-monodosis.jpg' class='bg withoutbgresp' alt='' \/>\n\t\t\t\n\t\t\t<div class='container'>\n\t\t\t\t<\/p>\n<h2 class=\"likeh1\">DISOLBAGARRIAK<\/h2>\n<h3 class=\"likeh2\">DOSI TXIKIAK BAINA<br \/>ZAPORE HANDIKOAK.<\/h3>\n<p>\t\t<a href='https:\/\/www.baque.com\/eu\/etxerako\/kafea\/disolbagarriak\/' class='button  white'>DISOLBAGARRIAK IKUSI<\/a><br \/>\n\t\n\t\t\t<\/div>\n\t\t<\/div><br \/>\n<\/section><\/p>\n","protected":false},"excerpt":{"rendered":"","protected":false},"author":1,"featured_media":0,"parent":1531,"menu_order":10,"comment_status":"closed","ping_status":"closed","template":"","meta":{"_acf_changed":false,"footnotes":""},"class_list":["post-1537","page","type-page","status-publish","hentry"],"acf":[],"yoast_head":"<!-- This site is optimized with the Yoast SEO plugin v27.3 - https:\/\/yoast.com\/product\/yoast-seo-wordpress\/ -->\n<title>Kafeak | Etxerako kafea | Erosi etxerako kafea | Caf\u00e9s Baqu\u00e9<\/title>\n<meta name=\"description\" content=\"Ezagutu gure gama zabala eta zuri egokitzen zaizkizun formatu desberdinak: kafe-alea, ehoa,zurekin bateragarriak diren kapsulak eta disolbagarriak. Caf\u00e9s Baqu\u00e9-ren zapore guztia zure eskura.\" \/>\n<meta name=\"robots\" content=\"index, follow, max-snippet:-1, max-image-preview:large, max-video-preview:-1\" \/>\n<meta property=\"og:locale\" content=\"eu_ES\" \/>\n<meta property=\"og:type\" content=\"article\" \/>\n<meta property=\"og:title\" content=\"Kafeak | Etxerako kafea | Erosi etxerako kafea | Caf\u00e9s Baqu\u00e9\" \/>\n<meta property=\"og:description\" content=\"Ezagutu gure gama zabala eta zuri egokitzen zaizkizun formatu desberdinak: kafe-alea, ehoa,zurekin bateragarriak diren kapsulak eta disolbagarriak. Caf\u00e9s Baqu\u00e9-ren zapore guztia zure eskura.\" \/>\n<meta property=\"og:url\" content=\"https:\/\/www.baque.com\/eu\/etxerako\/kafea\/\" \/>\n<meta property=\"og:site_name\" content=\"Caf\u00e9s Baqu\u00e9\" \/>\n<meta property=\"article:modified_time\" content=\"2019-01-08T09:15:56+00:00\" \/>\n<meta name=\"twitter:card\" content=\"summary_large_image\" \/>\n<meta name=\"twitter:label1\" content=\"Est. reading time\" \/>\n\t<meta name=\"twitter:data1\" content=\"1 minute\" \/>\n<script type=\"application\/ld+json\" class=\"yoast-schema-graph\">{\"@context\":\"https:\\\/\\\/schema.org\",\"@graph\":[{\"@type\":\"WebPage\",\"@id\":\"https:\\\/\\\/www.baque.com\\\/eu\\\/etxerako\\\/kafea\\\/\",\"url\":\"https:\\\/\\\/www.baque.com\\\/eu\\\/etxerako\\\/kafea\\\/\",\"name\":\"Kafeak | Etxerako kafea | Erosi etxerako kafea | Caf\u00e9s Baqu\u00e9\",\"isPartOf\":{\"@id\":\"https:\\\/\\\/www.baque.com\\\/es\\\/#website\"},\"datePublished\":\"2018-02-22T08:55:33+00:00\",\"dateModified\":\"2019-01-08T09:15:56+00:00\",\"description\":\"Ezagutu gure gama zabala eta zuri egokitzen zaizkizun formatu desberdinak: kafe-alea, ehoa,zurekin bateragarriak diren kapsulak eta disolbagarriak. Caf\u00e9s Baqu\u00e9-ren zapore guztia zure eskura.\",\"breadcrumb\":{\"@id\":\"https:\\\/\\\/www.baque.com\\\/eu\\\/etxerako\\\/kafea\\\/#breadcrumb\"},\"inLanguage\":\"eu-ES\",\"potentialAction\":[{\"@type\":\"ReadAction\",\"target\":[\"https:\\\/\\\/www.baque.com\\\/eu\\\/etxerako\\\/kafea\\\/\"]}]},{\"@type\":\"BreadcrumbList\",\"@id\":\"https:\\\/\\\/www.baque.com\\\/eu\\\/etxerako\\\/kafea\\\/#breadcrumb\",\"itemListElement\":[{\"@type\":\"ListItem\",\"position\":1,\"name\":\"Portada\",\"item\":\"https:\\\/\\\/www.baque.com\\\/eu\\\/\"},{\"@type\":\"ListItem\",\"position\":2,\"name\":\"Etxerako\",\"item\":\"https:\\\/\\\/www.baque.com\\\/eu\\\/etxerako\\\/\"},{\"@type\":\"ListItem\",\"position\":3,\"name\":\"Kafea\"}]},{\"@type\":\"WebSite\",\"@id\":\"https:\\\/\\\/www.baque.com\\\/es\\\/#website\",\"url\":\"https:\\\/\\\/www.baque.com\\\/es\\\/\",\"name\":\"Caf\u00e9s Baqu\u00e9\",\"description\":\"Somos l\u00edderes en hosteler\u00eda en Pa\u00eds Vasco y La Rioja y una de las marcas m\u00e1s reconocidas en el mercado nacional. Somos una empresa familiar en constante innovaci\u00f3n en el producto. Tostamos y distribuimos caf\u00e9 molido, en grano y c\u00e1psulas para disfrutar en casa, en el bar y en la oficina.\",\"potentialAction\":[{\"@type\":\"SearchAction\",\"target\":{\"@type\":\"EntryPoint\",\"urlTemplate\":\"https:\\\/\\\/www.baque.com\\\/es\\\/?s={search_term_string}\"},\"query-input\":{\"@type\":\"PropertyValueSpecification\",\"valueRequired\":true,\"valueName\":\"search_term_string\"}}],\"inLanguage\":\"eu-ES\"}]}<\/script>\n<!-- \/ Yoast SEO plugin. -->","yoast_head_json":{"title":"Kafeak | Etxerako kafea | Erosi etxerako kafea | Caf\u00e9s Baqu\u00e9","description":"Ezagutu gure gama zabala eta zuri egokitzen zaizkizun formatu desberdinak: kafe-alea, ehoa,zurekin bateragarriak diren kapsulak eta disolbagarriak. Caf\u00e9s Baqu\u00e9-ren zapore guztia zure eskura.","robots":{"index":"index","follow":"follow","max-snippet":"max-snippet:-1","max-image-preview":"max-image-preview:large","max-video-preview":"max-video-preview:-1"},"og_locale":"eu_ES","og_type":"article","og_title":"Kafeak | Etxerako kafea | Erosi etxerako kafea | Caf\u00e9s Baqu\u00e9","og_description":"Ezagutu gure gama zabala eta zuri egokitzen zaizkizun formatu desberdinak: kafe-alea, ehoa,zurekin bateragarriak diren kapsulak eta disolbagarriak. Caf\u00e9s Baqu\u00e9-ren zapore guztia zure eskura.","og_url":"https:\/\/www.baque.com\/eu\/etxerako\/kafea\/","og_site_name":"Caf\u00e9s Baqu\u00e9","article_modified_time":"2019-01-08T09:15:56+00:00","twitter_card":"summary_large_image","twitter_misc":{"Est. reading time":"1 minute"},"schema":{"@context":"https:\/\/schema.org","@graph":[{"@type":"WebPage","@id":"https:\/\/www.baque.com\/eu\/etxerako\/kafea\/","url":"https:\/\/www.baque.com\/eu\/etxerako\/kafea\/","name":"Kafeak | Etxerako kafea | Erosi etxerako kafea | Caf\u00e9s Baqu\u00e9","isPartOf":{"@id":"https:\/\/www.baque.com\/es\/#website"},"datePublished":"2018-02-22T08:55:33+00:00","dateModified":"2019-01-08T09:15:56+00:00","description":"Ezagutu gure gama zabala eta zuri egokitzen zaizkizun formatu desberdinak: kafe-alea, ehoa,zurekin bateragarriak diren kapsulak eta disolbagarriak. Caf\u00e9s Baqu\u00e9-ren zapore guztia zure eskura.","breadcrumb":{"@id":"https:\/\/www.baque.com\/eu\/etxerako\/kafea\/#breadcrumb"},"inLanguage":"eu-ES","potentialAction":[{"@type":"ReadAction","target":["https:\/\/www.baque.com\/eu\/etxerako\/kafea\/"]}]},{"@type":"BreadcrumbList","@id":"https:\/\/www.baque.com\/eu\/etxerako\/kafea\/#breadcrumb","itemListElement":[{"@type":"ListItem","position":1,"name":"Portada","item":"https:\/\/www.baque.com\/eu\/"},{"@type":"ListItem","position":2,"name":"Etxerako","item":"https:\/\/www.baque.com\/eu\/etxerako\/"},{"@type":"ListItem","position":3,"name":"Kafea"}]},{"@type":"WebSite","@id":"https:\/\/www.baque.com\/es\/#website","url":"https:\/\/www.baque.com\/es\/","name":"Caf\u00e9s Baqu\u00e9","description":"Somos l\u00edderes en hosteler\u00eda en Pa\u00eds Vasco y La Rioja y una de las marcas m\u00e1s reconocidas en el mercado nacional. Somos una empresa familiar en constante innovaci\u00f3n en el producto. Tostamos y distribuimos caf\u00e9 molido, en grano y c\u00e1psulas para disfrutar en casa, en el bar y en la oficina.","potentialAction":[{"@type":"SearchAction","target":{"@type":"EntryPoint","urlTemplate":"https:\/\/www.baque.com\/es\/?s={search_term_string}"},"query-input":{"@type":"PropertyValueSpecification","valueRequired":true,"valueName":"search_term_string"}}],"inLanguage":"eu-ES"}]}},"_links":{"self":[{"href":"https:\/\/www.baque.com\/eu\/wp-json\/wp\/v2\/pages\/1537","targetHints":{"allow":["GET"]}}],"collection":[{"href":"https:\/\/www.baque.com\/eu\/wp-json\/wp\/v2\/pages"}],"about":[{"href":"https:\/\/www.baque.com\/eu\/wp-json\/wp\/v2\/types\/page"}],"author":[{"embeddable":true,"href":"https:\/\/www.baque.com\/eu\/wp-json\/wp\/v2\/users\/1"}],"replies":[{"embeddable":true,"href":"https:\/\/www.baque.com\/eu\/wp-json\/wp\/v2\/comments?post=1537"}],"version-history":[{"count":4,"href":"https:\/\/www.baque.com\/eu\/wp-json\/wp\/v2\/pages\/1537\/revisions"}],"predecessor-version":[{"id":5946,"href":"https:\/\/www.baque.com\/eu\/wp-json\/wp\/v2\/pages\/1537\/revisions\/5946"}],"up":[{"embeddable":true,"href":"https:\/\/www.baque.com\/eu\/wp-json\/wp\/v2\/pages\/1531"}],"wp:attachment":[{"href":"https:\/\/www.baque.com\/eu\/wp-json\/wp\/v2\/media?parent=1537"}],"curies":[{"name":"wp","href":"https:\/\/api.w.org\/{rel}","templated":true}]}}