
{"id":1562,"date":"2018-02-22T09:16:04","date_gmt":"2018-02-22T09:16:04","guid":{"rendered":"http:\/\/www.baque.com\/?page_id=1562"},"modified":"2024-06-26T13:04:14","modified_gmt":"2024-06-26T11:04:14","slug":"ezagut-gaitzazu","status":"publish","type":"page","link":"https:\/\/www.baque.com\/eu\/ezagut-gaitzazu\/","title":{"rendered":"Ezagutu gaitzazu"},"content":{"rendered":"<section  id='conocenos' class='introtext'><div class='container'>\n<h2>Caf\u00e9s Baqu\u00e9 gara<\/h2>\n<p class=\"text-center\">Ezagutu zer garen, ezagutu zer maite dugun.<\/p>\n<p><\/div><\/section><br \/>\n<section  id='conocenos-1'><div class='container'><\/p>\n<h2 class=\"likeh1\">GURE<br \/>HISTORIA<\/h2>\n<h3 class=\"likeh2\">ZAPORE ETA EGUNEROKO<br \/>LAN HANDIKO HISTORIA<\/h3>\n<p><a href='https:\/\/www.baque.com\/eu\/ezagut-gaitzazu\/cafes-baque-historia\/' class='button  white'>EZAGUTU GURE HISTORIA <\/a><br \/>\n<\/div><\/section><br \/>\n<section  id='conocenos-2' class='squares videophoto expand cols2 borderwhite nobottom'><br \/>\n<div  class='square'>\n\t\t\t<img src='\/wp-content\/themes\/baque\/img\/images\/conocenos-fundacion-baque.jpg' class='bg withoutbgresp' alt='' \/>\n\t\t\t\n\t\t\t<div class='container'>\n\t\t\t\t<\/p>\n<h2 class=\"likeh1\">BAQU\u00c9<br \/>FUNDAZIOA<\/h2>\n<h3 class=\"likeh2\">KULTURA-, KIROL-<br \/>ETA GIZARTE-EKINTZAK<br \/>SUSTATUZ<\/h3>\n<p><a href='https:\/\/www.baque.com\/eu\/ezagut-gaitzazu\/baque-fundazioa\/' class='button  white'>EZAGUTU FUNDAZIOA <\/a><br \/>\n\n\t\t\t<\/div>\n\t\t<\/div><br \/>\n<div  class='square'>\n\t\t\t<img src='\/wp-content\/themes\/baque\/img\/images\/conocenos-calidad-sostenible.jpg' class='bg withoutbgresp' alt='' \/>\n\t\t\t\n\t\t\t<div class='container'>\n\t\t\t\t<\/p>\n<h2 class=\"likeh1\">KALITATE JASANGARRIA<\/h2>\n<h3 class=\"likeh2\">AITZINDARIAK<br \/>GIZARTE-ARDURAKO EKINTZAK<br \/>GURE GAIN HARTZEN.<\/h3>\n<p><a href='https:\/\/www.baque.com\/eu\/ezagut-gaitzazu\/kalitate-jasangarria\/' class='button  white'>EZAGUTU GEHIAGO<\/a><br \/>\n\n\t\t\t<\/div>\n\t\t<\/div><br \/>\n<\/section><br \/>\n<section  id='conocenos-3' class='squares videophoto expand cols2 borderwhite'><br \/>\n<div  class='square'>\n\t\t\t<img src='\/wp-content\/themes\/baque\/img\/images\/conocenos-certificaciones.jpg' class='bg withoutbgresp' alt='' \/>\n\t\t\t\n\t\t\t<div class='container'>\n\t\t\t\t<\/p>\n<h2 class=\"likeh1\">ZIURTAGIRIAK<\/h2>\n<h3 class=\"likeh2\">20.000 DASTATZE BAINO<br \/>GEHIAGO KATILU BAKOITZAREN<br \/>KALITATEA BERMATZEKO.<\/h3>\n<p><a href='https:\/\/www.baque.com\/eu\/ezagut-gaitzazu\/ziurtagiriak\/' class='button  white'>INFORMAZIO GEHIAGO<\/a><br \/>\n\n\t\t\t<\/div>\n\t\t<\/div><br \/>\n<\/section><br \/>\n<section  id='conocenos-4'><div class='container'><\/p>\n<h2 class=\"likeh1\">NON<br \/>GAUDE<\/h2>\n<p><a href='https:\/\/www.baque.com\/eu\/ezagut-gaitzazu\/non-gaude\/' class='button  white'>ZUGANDIK GERTU<\/a><br \/>\n<\/div><\/section><\/p>\n","protected":false},"excerpt":{"rendered":"","protected":false},"author":1,"featured_media":0,"parent":0,"menu_order":50,"comment_status":"closed","ping_status":"closed","template":"","meta":{"_acf_changed":false,"footnotes":""},"class_list":["post-1562","page","type-page","status-publish","hentry"],"acf":[],"yoast_head":"<!-- This site is optimized with the Yoast SEO plugin v27.3 - https:\/\/yoast.com\/product\/yoast-seo-wordpress\/ -->\n<title>Ezagut gaitzazu | Kafe-txigortzaileak eta -banatzaileak | Caf\u00e9s Baqu\u00e9<\/title>\n<meta name=\"description\" content=\"zagutu Caf\u00e9s Baqu\u00e9. Kafe-ekoizpeneko enpresa Espainian. Caf\u00e9s Baqu\u00e9 enpresa nagusia da Euskadin eta Errioxan, eta ordezkaritzak ditu lurralde nazionalean.\" \/>\n<meta name=\"robots\" content=\"index, follow, max-snippet:-1, max-image-preview:large, max-video-preview:-1\" \/>\n<meta property=\"og:locale\" content=\"eu_ES\" \/>\n<meta property=\"og:type\" content=\"article\" \/>\n<meta property=\"og:title\" content=\"Ezagut gaitzazu | Kafe-txigortzaileak eta -banatzaileak | Caf\u00e9s Baqu\u00e9\" \/>\n<meta property=\"og:description\" content=\"zagutu Caf\u00e9s Baqu\u00e9. Kafe-ekoizpeneko enpresa Espainian. Caf\u00e9s Baqu\u00e9 enpresa nagusia da Euskadin eta Errioxan, eta ordezkaritzak ditu lurralde nazionalean.\" \/>\n<meta property=\"og:url\" content=\"https:\/\/www.baque.com\/eu\/ezagut-gaitzazu\/\" \/>\n<meta property=\"og:site_name\" content=\"Caf\u00e9s Baqu\u00e9\" \/>\n<meta property=\"article:modified_time\" content=\"2024-06-26T11:04:14+00:00\" \/>\n<meta name=\"twitter:card\" content=\"summary_large_image\" \/>\n<meta name=\"twitter:label1\" content=\"Est. reading time\" \/>\n\t<meta name=\"twitter:data1\" content=\"1 minute\" \/>\n<script type=\"application\/ld+json\" class=\"yoast-schema-graph\">{\"@context\":\"https:\\\/\\\/schema.org\",\"@graph\":[{\"@type\":\"WebPage\",\"@id\":\"https:\\\/\\\/www.baque.com\\\/eu\\\/ezagut-gaitzazu\\\/\",\"url\":\"https:\\\/\\\/www.baque.com\\\/eu\\\/ezagut-gaitzazu\\\/\",\"name\":\"Ezagut gaitzazu | Kafe-txigortzaileak eta -banatzaileak | Caf\u00e9s Baqu\u00e9\",\"isPartOf\":{\"@id\":\"https:\\\/\\\/www.baque.com\\\/es\\\/#website\"},\"datePublished\":\"2018-02-22T09:16:04+00:00\",\"dateModified\":\"2024-06-26T11:04:14+00:00\",\"description\":\"zagutu Caf\u00e9s Baqu\u00e9. Kafe-ekoizpeneko enpresa Espainian. Caf\u00e9s Baqu\u00e9 enpresa nagusia da Euskadin eta Errioxan, eta ordezkaritzak ditu lurralde nazionalean.\",\"breadcrumb\":{\"@id\":\"https:\\\/\\\/www.baque.com\\\/eu\\\/ezagut-gaitzazu\\\/#breadcrumb\"},\"inLanguage\":\"eu-ES\",\"potentialAction\":[{\"@type\":\"ReadAction\",\"target\":[\"https:\\\/\\\/www.baque.com\\\/eu\\\/ezagut-gaitzazu\\\/\"]}]},{\"@type\":\"BreadcrumbList\",\"@id\":\"https:\\\/\\\/www.baque.com\\\/eu\\\/ezagut-gaitzazu\\\/#breadcrumb\",\"itemListElement\":[{\"@type\":\"ListItem\",\"position\":1,\"name\":\"Portada\",\"item\":\"https:\\\/\\\/www.baque.com\\\/eu\\\/\"},{\"@type\":\"ListItem\",\"position\":2,\"name\":\"Ezagutu gaitzazu\"}]},{\"@type\":\"WebSite\",\"@id\":\"https:\\\/\\\/www.baque.com\\\/es\\\/#website\",\"url\":\"https:\\\/\\\/www.baque.com\\\/es\\\/\",\"name\":\"Caf\u00e9s Baqu\u00e9\",\"description\":\"Somos l\u00edderes en hosteler\u00eda en Pa\u00eds Vasco y La Rioja y una de las marcas m\u00e1s reconocidas en el mercado nacional. Somos una empresa familiar en constante innovaci\u00f3n en el producto. Tostamos y distribuimos caf\u00e9 molido, en grano y c\u00e1psulas para disfrutar en casa, en el bar y en la oficina.\",\"potentialAction\":[{\"@type\":\"SearchAction\",\"target\":{\"@type\":\"EntryPoint\",\"urlTemplate\":\"https:\\\/\\\/www.baque.com\\\/es\\\/?s={search_term_string}\"},\"query-input\":{\"@type\":\"PropertyValueSpecification\",\"valueRequired\":true,\"valueName\":\"search_term_string\"}}],\"inLanguage\":\"eu-ES\"}]}<\/script>\n<!-- \/ Yoast SEO plugin. -->","yoast_head_json":{"title":"Ezagut gaitzazu | Kafe-txigortzaileak eta -banatzaileak | Caf\u00e9s Baqu\u00e9","description":"zagutu Caf\u00e9s Baqu\u00e9. Kafe-ekoizpeneko enpresa Espainian. Caf\u00e9s Baqu\u00e9 enpresa nagusia da Euskadin eta Errioxan, eta ordezkaritzak ditu lurralde nazionalean.","robots":{"index":"index","follow":"follow","max-snippet":"max-snippet:-1","max-image-preview":"max-image-preview:large","max-video-preview":"max-video-preview:-1"},"og_locale":"eu_ES","og_type":"article","og_title":"Ezagut gaitzazu | Kafe-txigortzaileak eta -banatzaileak | Caf\u00e9s Baqu\u00e9","og_description":"zagutu Caf\u00e9s Baqu\u00e9. Kafe-ekoizpeneko enpresa Espainian. Caf\u00e9s Baqu\u00e9 enpresa nagusia da Euskadin eta Errioxan, eta ordezkaritzak ditu lurralde nazionalean.","og_url":"https:\/\/www.baque.com\/eu\/ezagut-gaitzazu\/","og_site_name":"Caf\u00e9s Baqu\u00e9","article_modified_time":"2024-06-26T11:04:14+00:00","twitter_card":"summary_large_image","twitter_misc":{"Est. reading time":"1 minute"},"schema":{"@context":"https:\/\/schema.org","@graph":[{"@type":"WebPage","@id":"https:\/\/www.baque.com\/eu\/ezagut-gaitzazu\/","url":"https:\/\/www.baque.com\/eu\/ezagut-gaitzazu\/","name":"Ezagut gaitzazu | Kafe-txigortzaileak eta -banatzaileak | Caf\u00e9s Baqu\u00e9","isPartOf":{"@id":"https:\/\/www.baque.com\/es\/#website"},"datePublished":"2018-02-22T09:16:04+00:00","dateModified":"2024-06-26T11:04:14+00:00","description":"zagutu Caf\u00e9s Baqu\u00e9. Kafe-ekoizpeneko enpresa Espainian. Caf\u00e9s Baqu\u00e9 enpresa nagusia da Euskadin eta Errioxan, eta ordezkaritzak ditu lurralde nazionalean.","breadcrumb":{"@id":"https:\/\/www.baque.com\/eu\/ezagut-gaitzazu\/#breadcrumb"},"inLanguage":"eu-ES","potentialAction":[{"@type":"ReadAction","target":["https:\/\/www.baque.com\/eu\/ezagut-gaitzazu\/"]}]},{"@type":"BreadcrumbList","@id":"https:\/\/www.baque.com\/eu\/ezagut-gaitzazu\/#breadcrumb","itemListElement":[{"@type":"ListItem","position":1,"name":"Portada","item":"https:\/\/www.baque.com\/eu\/"},{"@type":"ListItem","position":2,"name":"Ezagutu gaitzazu"}]},{"@type":"WebSite","@id":"https:\/\/www.baque.com\/es\/#website","url":"https:\/\/www.baque.com\/es\/","name":"Caf\u00e9s Baqu\u00e9","description":"Somos l\u00edderes en hosteler\u00eda en Pa\u00eds Vasco y La Rioja y una de las marcas m\u00e1s reconocidas en el mercado nacional. Somos una empresa familiar en constante innovaci\u00f3n en el producto. Tostamos y distribuimos caf\u00e9 molido, en grano y c\u00e1psulas para disfrutar en casa, en el bar y en la oficina.","potentialAction":[{"@type":"SearchAction","target":{"@type":"EntryPoint","urlTemplate":"https:\/\/www.baque.com\/es\/?s={search_term_string}"},"query-input":{"@type":"PropertyValueSpecification","valueRequired":true,"valueName":"search_term_string"}}],"inLanguage":"eu-ES"}]}},"_links":{"self":[{"href":"https:\/\/www.baque.com\/eu\/wp-json\/wp\/v2\/pages\/1562","targetHints":{"allow":["GET"]}}],"collection":[{"href":"https:\/\/www.baque.com\/eu\/wp-json\/wp\/v2\/pages"}],"about":[{"href":"https:\/\/www.baque.com\/eu\/wp-json\/wp\/v2\/types\/page"}],"author":[{"embeddable":true,"href":"https:\/\/www.baque.com\/eu\/wp-json\/wp\/v2\/users\/1"}],"replies":[{"embeddable":true,"href":"https:\/\/www.baque.com\/eu\/wp-json\/wp\/v2\/comments?post=1562"}],"version-history":[{"count":1,"href":"https:\/\/www.baque.com\/eu\/wp-json\/wp\/v2\/pages\/1562\/revisions"}],"predecessor-version":[{"id":2360542,"href":"https:\/\/www.baque.com\/eu\/wp-json\/wp\/v2\/pages\/1562\/revisions\/2360542"}],"wp:attachment":[{"href":"https:\/\/www.baque.com\/eu\/wp-json\/wp\/v2\/media?parent=1562"}],"curies":[{"name":"wp","href":"https:\/\/api.w.org\/{rel}","templated":true}]}}