
{"id":1571,"date":"2018-02-22T09:22:09","date_gmt":"2018-02-22T09:22:09","guid":{"rendered":"http:\/\/www.baque.com\/?page_id=1571"},"modified":"2025-05-16T10:13:20","modified_gmt":"2025-05-16T08:13:20","slug":"cafes-baque-historia","status":"publish","type":"page","link":"https:\/\/www.baque.com\/eu\/ezagut-gaitzazu\/cafes-baque-historia\/","title":{"rendered":"Gure historia"},"content":{"rendered":"<p><section  id='nuestra-historia' class='multicol'><div class='container'><br \/>\n<div class='col1'><img src='\/wp-content\/themes\/baque\/img\/images\/nuestra-historia.jpg' class='bg withoutbgresp' alt='' \/><\/div><\/p>\n<h2>Zapore eta eguneroko lan handiko historia.<\/h2>\n<p><div class='col2'>\n\t\t<p class='text-left'>145 lagunek gure kafearen kalitatea helarazten diete gure 5.000 bezero asebete baino baino gehiagori.<\/p>\n\t\t<img src='\/wp-content\/themes\/baque\/img\/images\/nuestra-historia-cafe.jpg' class='bg withoutbgresp' alt='' \/>\n\t<\/div><br \/>\n<div class='col3'><\/p>\n<h3>BILBOKO JATORRITIK<\/h3>\n<p class=\"text-left\">XX. mendearen hasieran, Juan Baqu\u00e9 Fargasek Kolonialetako biltegi bat zuen Bilbon. Garai hartan, kafearen kudeaketa eta salmenta egiteko gaitasuna eman zitzaizkion.<\/p>\n<p class=\"text-left\">Handik aurrera, Baqu\u00e9 familiak <strong>harreman estua eraiki zuen kafearekin<\/strong>. Geroago, Juan Baqu\u00e9ren bi seme, Emilio eta Francisco, bihurtu ziren negozioaren arduradunak, eta Compa\u00f1\u00eda Viuda e Hijos de Juan Baqu\u00e9 enpresa sortu zuten.<\/p>\n<h3>DURANGOKO ALDE ZAHARRERA<\/h3>\n<p class=\"text-left\">XX. mendiaren erdialdera, familiak Durangora eraman zituen bere negozioak, nabarmen hazten ari zen hiri bizkaitarrera.<\/p>\n<p class=\"text-left\">Pinondon, gaur egungo Gran Hotel Durangotik oso gertu, jarri zuten martxan lima, arraspa eta zuztarren negozio bat, baita <strong>txikoria txigortzeko eta ontziratzeko fabrika txiki bat ere Barrenkalen.<\/strong><\/p>\n<p class=\"text-left\">68. urtean, Caf\u00e9s Baqu\u00e9 <strong>ezagun egiten hasi zen kafearen munduan<\/strong>.<\/p>\n<h3>ALDE ZAHARRETIK KANPORA<\/h3>\n<p class=\"text-left\">76. urtean, enpresaren leku-aldaketa garrantzitsuena egin <strong>zen eta gaur egun egoitza nagusia dagoen tokira eraman zen<\/strong>. Caf\u00e9s Baqu\u00e9 oso ongi komunikatuta geratu zen, geroago eraiki zen Bilbo-Behobia autopistari esker.<\/p>\n<h3>HAZTEN DIHARDUGU<\/h3>\n<p class=\"text-left\">2005. urtean Caf\u00e9s Baqu\u00e9-k Errioxako ostalaritzako marka nagusia erosi zuen, Caf\u00e9s Greiba. Urte horietan, hazten joan da <strong>eta ontziratzeko eta txigortzeko makina berriak gehitu ditu<\/strong>, baita kafe berdea gordetzeko edukiera handiagoko silo berriak ere, berrikuntzaren eta inbertsioren alde eginez hazten jarraitzeko.<\/p>\n<h3>&#8230; GAUR ARTE<\/h3>\n<p class=\"text-left\">Gaur, Caf\u00e9s Baqu\u00e9 familia-kapitaleko enpresa bat da kudeaketa guztiz profesionalizatuarekin. 145 laguneko taldea du eta 5000 bezero baino gehiagorengana iristen da.<\/p>\n<p><\/div><br \/>\n<\/div><\/section><br \/>\n<section  id='nuestra-historia-1' class='squares videophoto cols3 borderwhite borderwhitefooter'><br \/>\n<div  class='square nocontainer'>\n\t\t\t<img src='\/wp-content\/themes\/baque\/img\/images\/nuestra-historia-1.jpg' class='bg withoutbgresp' alt='' \/>\n\t\t\t\n\t\t\t<div class='container'>\n\t\t\t\t\n\t\t\t<\/div>\n\t\t<\/div><br \/>\n<div  class='square nocontainer'>\n\t\t\t<img src='\/wp-content\/themes\/baque\/img\/images\/nuestra-historia-2.jpg' class='bg withoutbgresp' alt='' \/>\n\t\t\t\n\t\t\t<div class='container'>\n\t\t\t\t\n\t\t\t<\/div>\n\t\t<\/div><br \/>\n<div  class='square nocontainer'>\n\t\t\t<img src='\/wp-content\/themes\/baque\/img\/images\/nuestra-historia-3.jpg' class='bg withoutbgresp' alt='' \/>\n\t\t\t\n\t\t\t<div class='container'>\n\t\t\t\t\n\t\t\t<\/div>\n\t\t<\/div><br \/>\n<div  class='square nocontainer'>\n\t\t\t<img src='\/wp-content\/themes\/baque\/img\/images\/nuestra-historia-4.jpg' class='bg withoutbgresp' alt='' \/>\n\t\t\t\n\t\t\t<div class='container'>\n\t\t\t\t\n\t\t\t<\/div>\n\t\t<\/div><br \/>\n<div  class='square nocontainer'>\n\t\t\t<img src='\/wp-content\/themes\/baque\/img\/images\/nuestra-historia-5.jpg' class='bg withoutbgresp' alt='' \/>\n\t\t\t\n\t\t\t<div class='container'>\n\t\t\t\t\n\t\t\t<\/div>\n\t\t<\/div><br \/>\n<div  class='square nocontainer'>\n\t\t\t<img src='\/wp-content\/themes\/baque\/img\/images\/nuestra-historia-6.jpg' class='bg withoutbgresp' alt='' \/>\n\t\t\t\n\t\t\t<div class='container'>\n\t\t\t\t\n\t\t\t<\/div>\n\t\t<\/div><br \/>\n<\/section><\/p>\n","protected":false},"excerpt":{"rendered":"","protected":false},"author":1,"featured_media":0,"parent":1562,"menu_order":10,"comment_status":"closed","ping_status":"closed","template":"","meta":{"_acf_changed":false,"footnotes":""},"class_list":["post-1571","page","type-page","status-publish","hentry"],"acf":[],"yoast_head":"<!-- This site is optimized with the Yoast SEO plugin v27.3 - https:\/\/yoast.com\/product\/yoast-seo-wordpress\/ -->\n<title>Caf\u00e9s Baqu\u00e9-ren historia | Kafe-banatzaileak | Caf\u00e9s Baqu\u00e9<\/title>\n<meta name=\"description\" content=\"Ezagutu Caf\u00e9 Baqu\u00e9-ren historia, XX. mendearen hasieratik kafe onena eskaintzeko lanean. Gaur egun, 120 lagunek gure kafearen kalitatea iristarazten diete pozik diren gure 5.000 bezerori baino gehiagori.\" \/>\n<meta name=\"robots\" content=\"index, follow, max-snippet:-1, max-image-preview:large, max-video-preview:-1\" \/>\n<meta property=\"og:locale\" content=\"eu_ES\" \/>\n<meta property=\"og:type\" content=\"article\" \/>\n<meta property=\"og:title\" content=\"Caf\u00e9s Baqu\u00e9-ren historia | Kafe-banatzaileak | Caf\u00e9s Baqu\u00e9\" \/>\n<meta property=\"og:description\" content=\"Ezagutu Caf\u00e9 Baqu\u00e9-ren historia, XX. mendearen hasieratik kafe onena eskaintzeko lanean. Gaur egun, 120 lagunek gure kafearen kalitatea iristarazten diete pozik diren gure 5.000 bezerori baino gehiagori.\" \/>\n<meta property=\"og:url\" content=\"https:\/\/www.baque.com\/eu\/ezagut-gaitzazu\/cafes-baque-historia\/\" \/>\n<meta property=\"og:site_name\" content=\"Caf\u00e9s Baqu\u00e9\" \/>\n<meta property=\"article:modified_time\" content=\"2025-05-16T08:13:20+00:00\" \/>\n<meta name=\"twitter:card\" content=\"summary_large_image\" \/>\n<meta name=\"twitter:label1\" content=\"Est. reading time\" \/>\n\t<meta name=\"twitter:data1\" content=\"2 minutes\" \/>\n<script type=\"application\/ld+json\" class=\"yoast-schema-graph\">{\"@context\":\"https:\\\/\\\/schema.org\",\"@graph\":[{\"@type\":\"WebPage\",\"@id\":\"https:\\\/\\\/www.baque.com\\\/eu\\\/ezagut-gaitzazu\\\/cafes-baque-historia\\\/\",\"url\":\"https:\\\/\\\/www.baque.com\\\/eu\\\/ezagut-gaitzazu\\\/cafes-baque-historia\\\/\",\"name\":\"Caf\u00e9s Baqu\u00e9-ren historia | Kafe-banatzaileak | Caf\u00e9s Baqu\u00e9\",\"isPartOf\":{\"@id\":\"https:\\\/\\\/www.baque.com\\\/es\\\/#website\"},\"datePublished\":\"2018-02-22T09:22:09+00:00\",\"dateModified\":\"2025-05-16T08:13:20+00:00\",\"description\":\"Ezagutu Caf\u00e9 Baqu\u00e9-ren historia, XX. mendearen hasieratik kafe onena eskaintzeko lanean. Gaur egun, 120 lagunek gure kafearen kalitatea iristarazten diete pozik diren gure 5.000 bezerori baino gehiagori.\",\"breadcrumb\":{\"@id\":\"https:\\\/\\\/www.baque.com\\\/eu\\\/ezagut-gaitzazu\\\/cafes-baque-historia\\\/#breadcrumb\"},\"inLanguage\":\"eu-ES\",\"potentialAction\":[{\"@type\":\"ReadAction\",\"target\":[\"https:\\\/\\\/www.baque.com\\\/eu\\\/ezagut-gaitzazu\\\/cafes-baque-historia\\\/\"]}]},{\"@type\":\"BreadcrumbList\",\"@id\":\"https:\\\/\\\/www.baque.com\\\/eu\\\/ezagut-gaitzazu\\\/cafes-baque-historia\\\/#breadcrumb\",\"itemListElement\":[{\"@type\":\"ListItem\",\"position\":1,\"name\":\"Portada\",\"item\":\"https:\\\/\\\/www.baque.com\\\/eu\\\/\"},{\"@type\":\"ListItem\",\"position\":2,\"name\":\"Ezagutu gaitzazu\",\"item\":\"https:\\\/\\\/www.baque.com\\\/eu\\\/ezagut-gaitzazu\\\/\"},{\"@type\":\"ListItem\",\"position\":3,\"name\":\"Gure historia\"}]},{\"@type\":\"WebSite\",\"@id\":\"https:\\\/\\\/www.baque.com\\\/es\\\/#website\",\"url\":\"https:\\\/\\\/www.baque.com\\\/es\\\/\",\"name\":\"Caf\u00e9s Baqu\u00e9\",\"description\":\"Somos l\u00edderes en hosteler\u00eda en Pa\u00eds Vasco y La Rioja y una de las marcas m\u00e1s reconocidas en el mercado nacional. Somos una empresa familiar en constante innovaci\u00f3n en el producto. Tostamos y distribuimos caf\u00e9 molido, en grano y c\u00e1psulas para disfrutar en casa, en el bar y en la oficina.\",\"potentialAction\":[{\"@type\":\"SearchAction\",\"target\":{\"@type\":\"EntryPoint\",\"urlTemplate\":\"https:\\\/\\\/www.baque.com\\\/es\\\/?s={search_term_string}\"},\"query-input\":{\"@type\":\"PropertyValueSpecification\",\"valueRequired\":true,\"valueName\":\"search_term_string\"}}],\"inLanguage\":\"eu-ES\"}]}<\/script>\n<!-- \/ Yoast SEO plugin. -->","yoast_head_json":{"title":"Caf\u00e9s Baqu\u00e9-ren historia | Kafe-banatzaileak | Caf\u00e9s Baqu\u00e9","description":"Ezagutu Caf\u00e9 Baqu\u00e9-ren historia, XX. mendearen hasieratik kafe onena eskaintzeko lanean. Gaur egun, 120 lagunek gure kafearen kalitatea iristarazten diete pozik diren gure 5.000 bezerori baino gehiagori.","robots":{"index":"index","follow":"follow","max-snippet":"max-snippet:-1","max-image-preview":"max-image-preview:large","max-video-preview":"max-video-preview:-1"},"og_locale":"eu_ES","og_type":"article","og_title":"Caf\u00e9s Baqu\u00e9-ren historia | Kafe-banatzaileak | Caf\u00e9s Baqu\u00e9","og_description":"Ezagutu Caf\u00e9 Baqu\u00e9-ren historia, XX. mendearen hasieratik kafe onena eskaintzeko lanean. Gaur egun, 120 lagunek gure kafearen kalitatea iristarazten diete pozik diren gure 5.000 bezerori baino gehiagori.","og_url":"https:\/\/www.baque.com\/eu\/ezagut-gaitzazu\/cafes-baque-historia\/","og_site_name":"Caf\u00e9s Baqu\u00e9","article_modified_time":"2025-05-16T08:13:20+00:00","twitter_card":"summary_large_image","twitter_misc":{"Est. reading time":"2 minutes"},"schema":{"@context":"https:\/\/schema.org","@graph":[{"@type":"WebPage","@id":"https:\/\/www.baque.com\/eu\/ezagut-gaitzazu\/cafes-baque-historia\/","url":"https:\/\/www.baque.com\/eu\/ezagut-gaitzazu\/cafes-baque-historia\/","name":"Caf\u00e9s Baqu\u00e9-ren historia | Kafe-banatzaileak | Caf\u00e9s Baqu\u00e9","isPartOf":{"@id":"https:\/\/www.baque.com\/es\/#website"},"datePublished":"2018-02-22T09:22:09+00:00","dateModified":"2025-05-16T08:13:20+00:00","description":"Ezagutu Caf\u00e9 Baqu\u00e9-ren historia, XX. mendearen hasieratik kafe onena eskaintzeko lanean. Gaur egun, 120 lagunek gure kafearen kalitatea iristarazten diete pozik diren gure 5.000 bezerori baino gehiagori.","breadcrumb":{"@id":"https:\/\/www.baque.com\/eu\/ezagut-gaitzazu\/cafes-baque-historia\/#breadcrumb"},"inLanguage":"eu-ES","potentialAction":[{"@type":"ReadAction","target":["https:\/\/www.baque.com\/eu\/ezagut-gaitzazu\/cafes-baque-historia\/"]}]},{"@type":"BreadcrumbList","@id":"https:\/\/www.baque.com\/eu\/ezagut-gaitzazu\/cafes-baque-historia\/#breadcrumb","itemListElement":[{"@type":"ListItem","position":1,"name":"Portada","item":"https:\/\/www.baque.com\/eu\/"},{"@type":"ListItem","position":2,"name":"Ezagutu gaitzazu","item":"https:\/\/www.baque.com\/eu\/ezagut-gaitzazu\/"},{"@type":"ListItem","position":3,"name":"Gure historia"}]},{"@type":"WebSite","@id":"https:\/\/www.baque.com\/es\/#website","url":"https:\/\/www.baque.com\/es\/","name":"Caf\u00e9s Baqu\u00e9","description":"Somos l\u00edderes en hosteler\u00eda en Pa\u00eds Vasco y La Rioja y una de las marcas m\u00e1s reconocidas en el mercado nacional. Somos una empresa familiar en constante innovaci\u00f3n en el producto. Tostamos y distribuimos caf\u00e9 molido, en grano y c\u00e1psulas para disfrutar en casa, en el bar y en la oficina.","potentialAction":[{"@type":"SearchAction","target":{"@type":"EntryPoint","urlTemplate":"https:\/\/www.baque.com\/es\/?s={search_term_string}"},"query-input":{"@type":"PropertyValueSpecification","valueRequired":true,"valueName":"search_term_string"}}],"inLanguage":"eu-ES"}]}},"_links":{"self":[{"href":"https:\/\/www.baque.com\/eu\/wp-json\/wp\/v2\/pages\/1571","targetHints":{"allow":["GET"]}}],"collection":[{"href":"https:\/\/www.baque.com\/eu\/wp-json\/wp\/v2\/pages"}],"about":[{"href":"https:\/\/www.baque.com\/eu\/wp-json\/wp\/v2\/types\/page"}],"author":[{"embeddable":true,"href":"https:\/\/www.baque.com\/eu\/wp-json\/wp\/v2\/users\/1"}],"replies":[{"embeddable":true,"href":"https:\/\/www.baque.com\/eu\/wp-json\/wp\/v2\/comments?post=1571"}],"version-history":[{"count":2,"href":"https:\/\/www.baque.com\/eu\/wp-json\/wp\/v2\/pages\/1571\/revisions"}],"predecessor-version":[{"id":3172776,"href":"https:\/\/www.baque.com\/eu\/wp-json\/wp\/v2\/pages\/1571\/revisions\/3172776"}],"up":[{"embeddable":true,"href":"https:\/\/www.baque.com\/eu\/wp-json\/wp\/v2\/pages\/1562"}],"wp:attachment":[{"href":"https:\/\/www.baque.com\/eu\/wp-json\/wp\/v2\/media?parent=1571"}],"curies":[{"name":"wp","href":"https:\/\/api.w.org\/{rel}","templated":true}]}}