
{"id":1578,"date":"2018-02-22T09:24:20","date_gmt":"2018-02-22T09:24:20","guid":{"rendered":"http:\/\/www.baque.com\/?page_id=1578"},"modified":"2024-07-23T10:18:37","modified_gmt":"2024-07-23T08:18:37","slug":"baque-fundazioa","status":"publish","type":"page","link":"https:\/\/www.baque.com\/eu\/ezagut-gaitzazu\/baque-fundazioa\/","title":{"rendered":"Baqu\u00e9 Fundazioa"},"content":{"rendered":"<p><section  id='fundacion-baque' class='multicol'><div class='container'><br \/>\n<div class='col1'><img src='\/wp-content\/uploads\/2024\/07\/fundacion-baque.jpeg' class='bg withoutbgresp' alt='' \/><\/div><br \/>\n<div class='col4'><br \/>\n<p class='entradilla'>Fundaci\u00f3n Baqu\u00e9 Fundazioa 2001ean sortu zen irabazte-asmorik gabeko elkarteek sortutako kultura-, kirol- eta gizarte-jarduerak sustatzeko, batez ere, gure gazteei kirolaren balioak transmititzera bideratutakoak.<\/p><\/p>\n<p class=\"text-left\">Era berean, <strong>gazte horiei gure kultura eta hizkuntza gerturatu nahi zaizkie<\/strong>, eta gure gizarteko <strong>behartsuei laguntzea hainbat gizarte-ekintzen bidez<\/strong>.<\/p>\n<p class=\"text-left\">Fundazioa 2001ean sortu bazen ere, <strong>Caf\u00e9s Baqu\u00e9-k urteak daramatza klubak eta elkarteak babesten eta horiei laguntza ematen<\/strong>.<\/p>\n<p class=\"text-left\">Orain handitu egin nahi dugu etorkizuneko proiektu hori eta enpresa, erakunde eta banako berriak gehitu nahi ditugu gizarteari proiektu, ideia eta proposamen gehiago eskaintzeko, <strong>eta trebatzen ari diren gure gazteei solidaritatearen, lanaren eta konpromisoaren balioetan oinarritutako etorkizun bat emateko<\/strong>.<\/p>\n<h3>Ezagutu Baqu\u00e9 Fundazioak parte hartzen duen zenbait proiektu:<\/h3>\n<ul>\n<li>Durangoko Tabirako saskibaloi-klubaren laguntzaile gara.<\/li>\n<li>Caf\u00e9s Baqu\u00e9 txirrindularitza-taldea babesten dugu.<\/li>\n<li>Esku-pilotako Baqu\u00e9 txapelketaren babesle nagusia gara.<\/li>\n<li>Durangoko Sociedad Cultural Deportiva futbol-klubaren laguntzaile gara.<\/li>\n<li>Ikastolen jaien laguntzaile gara.<\/li>\n<li>Hainbat kultura-elkarte babesten ditugu.<\/li>\n<li>Gizarte-ekintzako proiektu ugaritan gaude.<\/li>\n<\/ul>\n<p><\/div><br \/>\n<\/div><\/section><br \/>\n<section  id='fundacion-baque-1' class='squares videophoto cols3 borderwhite borderwhitefooter'><br \/>\n<div  class='square nocontainer'>\n\t\t\t<img src='\/wp-content\/themes\/baque\/img\/images\/fundacion-baque-1.jpg' class='bg withoutbgresp' alt='' \/>\n\t\t\t\n\t\t\t<div class='container'>\n\t\t\t\t\n\t\t\t<\/div>\n\t\t<\/div><br \/>\n<div  class='square nocontainer'>\n\t\t\t<img src='\/wp-content\/themes\/baque\/img\/images\/fundacion-baque-2.jpg' class='bg withoutbgresp' alt='' \/>\n\t\t\t\n\t\t\t<div class='container'>\n\t\t\t\t\n\t\t\t<\/div>\n\t\t<\/div><br \/>\n<div  class='square nocontainer'>\n\t\t\t<img src='\/wp-content\/themes\/baque\/img\/images\/fundacion-baque-3.jpg' class='bg withoutbgresp' alt='' \/>\n\t\t\t\n\t\t\t<div class='container'>\n\t\t\t\t\n\t\t\t<\/div>\n\t\t<\/div><br \/>\n<\/section><\/p>\n","protected":false},"excerpt":{"rendered":"","protected":false},"author":1,"featured_media":0,"parent":1562,"menu_order":20,"comment_status":"closed","ping_status":"closed","template":"","meta":{"_acf_changed":false,"footnotes":""},"class_list":["post-1578","page","type-page","status-publish","hentry"],"acf":[],"yoast_head":"<!-- This site is optimized with the Yoast SEO plugin v27.3 - https:\/\/yoast.com\/product\/yoast-seo-wordpress\/ -->\n<title>Baqu\u00e9 Fundazioa | Ezagutu gaitzazu | Caf\u00e9s Baqu\u00e9<\/title>\n<meta name=\"description\" content=\"Fundaci\u00f3n Baqu\u00e9 Fundazioa 2001ean zortu zen irabazi-asmorik gabeko elkarteek sortutako kultura- eta gizarte-jarduerak promozionatzeko, batez ere, gure gazteei kirolaren balioak transmititzera bideratutakoak.\" \/>\n<meta name=\"robots\" content=\"index, follow, max-snippet:-1, max-image-preview:large, max-video-preview:-1\" \/>\n<meta property=\"og:locale\" content=\"eu_ES\" \/>\n<meta property=\"og:type\" content=\"article\" \/>\n<meta property=\"og:title\" content=\"Baqu\u00e9 Fundazioa | Ezagutu gaitzazu | Caf\u00e9s Baqu\u00e9\" \/>\n<meta property=\"og:description\" content=\"Fundaci\u00f3n Baqu\u00e9 Fundazioa 2001ean zortu zen irabazi-asmorik gabeko elkarteek sortutako kultura- eta gizarte-jarduerak promozionatzeko, batez ere, gure gazteei kirolaren balioak transmititzera bideratutakoak.\" \/>\n<meta property=\"og:url\" content=\"https:\/\/www.baque.com\/eu\/ezagut-gaitzazu\/baque-fundazioa\/\" \/>\n<meta property=\"og:site_name\" content=\"Caf\u00e9s Baqu\u00e9\" \/>\n<meta property=\"article:modified_time\" content=\"2024-07-23T08:18:37+00:00\" \/>\n<meta name=\"twitter:card\" content=\"summary_large_image\" \/>\n<meta name=\"twitter:label1\" content=\"Est. reading time\" \/>\n\t<meta name=\"twitter:data1\" content=\"1 minute\" \/>\n<script type=\"application\/ld+json\" class=\"yoast-schema-graph\">{\"@context\":\"https:\\\/\\\/schema.org\",\"@graph\":[{\"@type\":\"WebPage\",\"@id\":\"https:\\\/\\\/www.baque.com\\\/eu\\\/ezagut-gaitzazu\\\/baque-fundazioa\\\/\",\"url\":\"https:\\\/\\\/www.baque.com\\\/eu\\\/ezagut-gaitzazu\\\/baque-fundazioa\\\/\",\"name\":\"Baqu\u00e9 Fundazioa | Ezagutu gaitzazu | Caf\u00e9s Baqu\u00e9\",\"isPartOf\":{\"@id\":\"https:\\\/\\\/www.baque.com\\\/es\\\/#website\"},\"datePublished\":\"2018-02-22T09:24:20+00:00\",\"dateModified\":\"2024-07-23T08:18:37+00:00\",\"description\":\"Fundaci\u00f3n Baqu\u00e9 Fundazioa 2001ean zortu zen irabazi-asmorik gabeko elkarteek sortutako kultura- eta gizarte-jarduerak promozionatzeko, batez ere, gure gazteei kirolaren balioak transmititzera bideratutakoak.\",\"breadcrumb\":{\"@id\":\"https:\\\/\\\/www.baque.com\\\/eu\\\/ezagut-gaitzazu\\\/baque-fundazioa\\\/#breadcrumb\"},\"inLanguage\":\"eu-ES\",\"potentialAction\":[{\"@type\":\"ReadAction\",\"target\":[\"https:\\\/\\\/www.baque.com\\\/eu\\\/ezagut-gaitzazu\\\/baque-fundazioa\\\/\"]}]},{\"@type\":\"BreadcrumbList\",\"@id\":\"https:\\\/\\\/www.baque.com\\\/eu\\\/ezagut-gaitzazu\\\/baque-fundazioa\\\/#breadcrumb\",\"itemListElement\":[{\"@type\":\"ListItem\",\"position\":1,\"name\":\"Portada\",\"item\":\"https:\\\/\\\/www.baque.com\\\/eu\\\/\"},{\"@type\":\"ListItem\",\"position\":2,\"name\":\"Ezagutu gaitzazu\",\"item\":\"https:\\\/\\\/www.baque.com\\\/eu\\\/ezagut-gaitzazu\\\/\"},{\"@type\":\"ListItem\",\"position\":3,\"name\":\"Baqu\u00e9 Fundazioa\"}]},{\"@type\":\"WebSite\",\"@id\":\"https:\\\/\\\/www.baque.com\\\/es\\\/#website\",\"url\":\"https:\\\/\\\/www.baque.com\\\/es\\\/\",\"name\":\"Caf\u00e9s Baqu\u00e9\",\"description\":\"Somos l\u00edderes en hosteler\u00eda en Pa\u00eds Vasco y La Rioja y una de las marcas m\u00e1s reconocidas en el mercado nacional. Somos una empresa familiar en constante innovaci\u00f3n en el producto. Tostamos y distribuimos caf\u00e9 molido, en grano y c\u00e1psulas para disfrutar en casa, en el bar y en la oficina.\",\"potentialAction\":[{\"@type\":\"SearchAction\",\"target\":{\"@type\":\"EntryPoint\",\"urlTemplate\":\"https:\\\/\\\/www.baque.com\\\/es\\\/?s={search_term_string}\"},\"query-input\":{\"@type\":\"PropertyValueSpecification\",\"valueRequired\":true,\"valueName\":\"search_term_string\"}}],\"inLanguage\":\"eu-ES\"}]}<\/script>\n<!-- \/ Yoast SEO plugin. -->","yoast_head_json":{"title":"Baqu\u00e9 Fundazioa | Ezagutu gaitzazu | Caf\u00e9s Baqu\u00e9","description":"Fundaci\u00f3n Baqu\u00e9 Fundazioa 2001ean zortu zen irabazi-asmorik gabeko elkarteek sortutako kultura- eta gizarte-jarduerak promozionatzeko, batez ere, gure gazteei kirolaren balioak transmititzera bideratutakoak.","robots":{"index":"index","follow":"follow","max-snippet":"max-snippet:-1","max-image-preview":"max-image-preview:large","max-video-preview":"max-video-preview:-1"},"og_locale":"eu_ES","og_type":"article","og_title":"Baqu\u00e9 Fundazioa | Ezagutu gaitzazu | Caf\u00e9s Baqu\u00e9","og_description":"Fundaci\u00f3n Baqu\u00e9 Fundazioa 2001ean zortu zen irabazi-asmorik gabeko elkarteek sortutako kultura- eta gizarte-jarduerak promozionatzeko, batez ere, gure gazteei kirolaren balioak transmititzera bideratutakoak.","og_url":"https:\/\/www.baque.com\/eu\/ezagut-gaitzazu\/baque-fundazioa\/","og_site_name":"Caf\u00e9s Baqu\u00e9","article_modified_time":"2024-07-23T08:18:37+00:00","twitter_card":"summary_large_image","twitter_misc":{"Est. reading time":"1 minute"},"schema":{"@context":"https:\/\/schema.org","@graph":[{"@type":"WebPage","@id":"https:\/\/www.baque.com\/eu\/ezagut-gaitzazu\/baque-fundazioa\/","url":"https:\/\/www.baque.com\/eu\/ezagut-gaitzazu\/baque-fundazioa\/","name":"Baqu\u00e9 Fundazioa | Ezagutu gaitzazu | Caf\u00e9s Baqu\u00e9","isPartOf":{"@id":"https:\/\/www.baque.com\/es\/#website"},"datePublished":"2018-02-22T09:24:20+00:00","dateModified":"2024-07-23T08:18:37+00:00","description":"Fundaci\u00f3n Baqu\u00e9 Fundazioa 2001ean zortu zen irabazi-asmorik gabeko elkarteek sortutako kultura- eta gizarte-jarduerak promozionatzeko, batez ere, gure gazteei kirolaren balioak transmititzera bideratutakoak.","breadcrumb":{"@id":"https:\/\/www.baque.com\/eu\/ezagut-gaitzazu\/baque-fundazioa\/#breadcrumb"},"inLanguage":"eu-ES","potentialAction":[{"@type":"ReadAction","target":["https:\/\/www.baque.com\/eu\/ezagut-gaitzazu\/baque-fundazioa\/"]}]},{"@type":"BreadcrumbList","@id":"https:\/\/www.baque.com\/eu\/ezagut-gaitzazu\/baque-fundazioa\/#breadcrumb","itemListElement":[{"@type":"ListItem","position":1,"name":"Portada","item":"https:\/\/www.baque.com\/eu\/"},{"@type":"ListItem","position":2,"name":"Ezagutu gaitzazu","item":"https:\/\/www.baque.com\/eu\/ezagut-gaitzazu\/"},{"@type":"ListItem","position":3,"name":"Baqu\u00e9 Fundazioa"}]},{"@type":"WebSite","@id":"https:\/\/www.baque.com\/es\/#website","url":"https:\/\/www.baque.com\/es\/","name":"Caf\u00e9s Baqu\u00e9","description":"Somos l\u00edderes en hosteler\u00eda en Pa\u00eds Vasco y La Rioja y una de las marcas m\u00e1s reconocidas en el mercado nacional. Somos una empresa familiar en constante innovaci\u00f3n en el producto. Tostamos y distribuimos caf\u00e9 molido, en grano y c\u00e1psulas para disfrutar en casa, en el bar y en la oficina.","potentialAction":[{"@type":"SearchAction","target":{"@type":"EntryPoint","urlTemplate":"https:\/\/www.baque.com\/es\/?s={search_term_string}"},"query-input":{"@type":"PropertyValueSpecification","valueRequired":true,"valueName":"search_term_string"}}],"inLanguage":"eu-ES"}]}},"_links":{"self":[{"href":"https:\/\/www.baque.com\/eu\/wp-json\/wp\/v2\/pages\/1578","targetHints":{"allow":["GET"]}}],"collection":[{"href":"https:\/\/www.baque.com\/eu\/wp-json\/wp\/v2\/pages"}],"about":[{"href":"https:\/\/www.baque.com\/eu\/wp-json\/wp\/v2\/types\/page"}],"author":[{"embeddable":true,"href":"https:\/\/www.baque.com\/eu\/wp-json\/wp\/v2\/users\/1"}],"replies":[{"embeddable":true,"href":"https:\/\/www.baque.com\/eu\/wp-json\/wp\/v2\/comments?post=1578"}],"version-history":[{"count":2,"href":"https:\/\/www.baque.com\/eu\/wp-json\/wp\/v2\/pages\/1578\/revisions"}],"predecessor-version":[{"id":2420159,"href":"https:\/\/www.baque.com\/eu\/wp-json\/wp\/v2\/pages\/1578\/revisions\/2420159"}],"up":[{"embeddable":true,"href":"https:\/\/www.baque.com\/eu\/wp-json\/wp\/v2\/pages\/1562"}],"wp:attachment":[{"href":"https:\/\/www.baque.com\/eu\/wp-json\/wp\/v2\/media?parent=1578"}],"curies":[{"name":"wp","href":"https:\/\/api.w.org\/{rel}","templated":true}]}}