
{"id":1592,"date":"2018-02-22T09:37:32","date_gmt":"2018-02-22T09:37:32","guid":{"rendered":"http:\/\/www.baque.com\/?page_id=1592"},"modified":"2024-10-31T12:49:38","modified_gmt":"2024-10-31T11:49:38","slug":"kalitate-jasangarria","status":"publish","type":"page","link":"https:\/\/www.baque.com\/eu\/ezagut-gaitzazu\/kalitate-jasangarria\/","title":{"rendered":"Kalitate jasangarria"},"content":{"rendered":"<p><section  id='calidad-sostenible' class='multicol'><div class='container'><br \/>\n<div class='col1'><img src='\/wp-content\/themes\/baque\/img\/images\/calidad-sostenible-baque.jpg' class='bg withoutbgresp' alt='' \/><\/div><\/p>\n<h2>Jasangarritasunaren kultura bultzatzeko lanean dihardugu<\/h2>\n<p class=\"entradilla\">Caf\u00e9s Baqu\u00e9 enpresan, gure jarduera orokorra hobetu eta garapen jasangarria sustatzen duten ekintzak ezartzeko asmoz, helburu hauek dituen kudeaketa-sistema integratua ezartzeko erabaki estrategikoa hartu dugu:<\/p>\n<div class='col4'>\n<ul>\n<li><strong>Caf\u00e9s Baqu\u00e9 enpresaren Kalitatea eta elikadura-segurtasuna indartzea,<\/strong> elikadura-segurtasunerako sistema ezarri, mantendu eta hobetuta; produktuaren kalitateari, gardentasunari eta erantzukizunari buruz gizarteak dituen itxaropenak betez.<\/li>\n<li><strong>Ingurumen-legedia betetzeaz harago,<\/strong> ingurumena etengabe hobetzea da gure erronketako bat, eta hori lortzeko, urtero definitu eta berrikusiko ditugu kalte nagusiak murrizteko helburuak, lorpenak eta ingurumen-programak. Horretarako, gure jarduera gauzatzerakoan, <strong>ingurumena babesten dugu<\/strong>, jasangarritasunaren kultura bultzatzen dugu gure langileen artean, gure hornitzaileek baliabideen erabilera on bat egin dezaten ahalegintzen gara eta edozein kutsadura mota edo ekosistemen degradazioa saihesten ahalegintzen gara.<\/li>\n<li>Etorkizunean gure bezeroen gogobetetasuna bermatzen jarraitzeko asmoz, eta ingurumenarekin dugun erantzukizuna geure gain hartzeko, bidezkoa eta jasangarria den garapen ekonomikoa lortu nahi dugu, <strong>komunitatea garatzeko aukerak sortuz<\/strong>.<\/li>\n<\/ul>\n<p class=\"text-left\">Helburu horiek lortzeko asmoz, eta zehazki 2001. urtean ISO 9001 sistemaren eta 2011. urtean ISO 14001 sistemaren ziurtagiria lortu ostean, hobekuntza nabarmenak lortu dira hainbat alorretan:<\/p>\n<p><\/div><br \/>\n<\/div><\/section><br \/>\n<div class='separator height50' ><\/div><br \/>\n<section  id='calidad-sostenible-1-1' class='multicol'><div class='container'><\/p>\n<div class=\"col1\">\n<div><img decoding=\"async\" src=\"\/wp-content\/themes\/baque\/img\/images\/calidad-sostenible-a.jpg\" alt=\"\" \/><\/div>\n<div><img decoding=\"async\" src=\"\/wp-content\/themes\/baque\/img\/images\/calidad-sostenible-b.jpg\" alt=\"\" \/><\/div>\n<\/div>\n<div class='col4'>\n<ul class=\"boxes bar\">\n<li>Etengabe hobetu dira gure prozesuak eta produktuak.<\/li>\n<li>Prozesu ugari automatizatu dira.<\/li>\n<li>Gure flotak erregai gutxiago kontsumitzen du.<\/li>\n<\/ul>\n<ul class=\"boxes\">\n<li>Ekoizpen tona bakoitzeko bilgarriak murriztu dira.<\/li>\n<li>Gure instalazioetako energia-kontsumoa murriztu da.<\/li>\n<li>Gure hondakinen % 80 baino gehiago balioztatu dugu.<\/li>\n<\/ul>\n<p><\/div><br \/>\n<\/div><\/section><br \/>\n<section  id='calidad-sostenible-1' class='multicol'><div class='container'><br \/>\n<div class='separator height100' ><\/div><br \/>\n<div class='separator height50 bar' ><\/div><br \/>\n<div class='col5'><\/p>\n<h2>EZAGUTU GURE KALITATEARI ETA INGURUMENARI BURUZKO GIDALERROAK:<\/h2>\n<p class=\"text-left\">CAF\u00c9S BAQU\u00c9 SLUk Kalitatea eta Ingurumena Kudeatzeko Sistema bat erabiltzen du, gero eta lehiakorragoa den merkatuaren eta ingurune aldakor baten beharretara egokitzeko, aintzat harturik ISO 9001 eta ISO 14001 Nazioarteko Arauen eskakizunak. Elikadura segurtasunerako sistema ezarriz, mantenduz eta hobetuz, helburua da higiene eta osasungarritasun maila gorena lortzea CAF\u00c9S BAQU\u00c9 SLUren jardueretan.<\/p>\n<p class=\"text-left\">Zuzendaritza Nagusiak espreski jakinarazi nahi du CAF\u00c9S BAQU\u00c9 SLUk funtsezko konpromisoa duela Kalitatearekin, Ingurumen babesarekin eta elikadura segurtasunarekin (APPCC eta ISO 9001 eta 14001 sistemak ezarriz eta haien jarraipena eginez), honako politika hau betetzeko xedearekin:<\/p>\n<p class=\"text-left\">Helburu nagusia da alde guztien gogobetetzea, eta kontsumitzaileentzat eta ingurumenarentzat segurua izango den kalitatezko produktu bat sortzea.<\/p>\n<p class=\"text-left\">Zuzendaritzak konpromisoa hartzen du bere ekarpena egiteko ingurumenaren babesari; besteak beste, kutsaduraren prebentzioa eta baliabideen kontsumo jasangarria bultzatuz gure produktuen bizi ziklo osoan zehar.<\/p>\n<p class=\"text-left\">Zuzendaritzak helburuak betetzeko behar diren hobekuntzak egingo ditu, eta prozesuetan oinarritutako ikuspegia eta arriskuetan oinarritutako pentsamendua sustatuko ditu.<\/p>\n<p class=\"text-left\">Elikagaien kalitatea eta segurtasuna eta ingurumenaren babesa soil-soilik uler daitezke eskakizunak etengabe betetzearen ikuspegitik, legeak eta araudiek ezarritako eskakizunak barne, baita testuinguruari dagozkion beste konpromiso espezifiko batzuk ere.<\/p>\n<p class=\"text-left\">Elikagaien kalitatea eta segurtasuna, baita ingurumenaren kudeaketa ere, etengabe hobetu daitezke. Akatsak erabili behar dira ikasteko eta haien sorburu izan diren arrazoiak ezabatzeko.<\/p>\n<p class=\"text-left\">Langile guztiek beren gain hartu behar dute konpromisoa Kalitatea, elikagaien segurtasuna eta ingurumenaren babesa hobetzeko, nork bere lanpostutik.<\/p>\n<p><\/div><br \/>\n<div class='col5'><\/p>\n<div><img decoding=\"async\" class=\"bg withoutbgresp\" src=\"\/wp-content\/themes\/baque\/img\/images\/calidad-sostenible-politicas.jpg\" alt=\"\" \/><\/div>\n<div class='separator height25' ><\/div>\n<p class=\"text-left\">Zuzendaritza Nagusiak ziurtatzen du langile guztiek ezagutu eta onartzen dutela bere Kalitate eta Ingurumen Politika, eta barne auditoretzak egiten direla Kudeaketa Sistema Integratuak bere eraginkortasuna eta egokitasuna mantentzen dituela egiaztatzeko.<\/p>\n<div class='separator height25 bar' ><\/div>\n<h2><\/h2>\n<p class=\"text-left\">\n<p><\/div><br \/>\n<\/div><\/section><br \/>\n<section  id='calidad-sostenible-1' class='squares videophoto cols3 borderwhite borderwhitefooter'><br \/>\n<div  class='square nocontainer'>\n\t\t\t<img src='\/wp-content\/themes\/baque\/img\/images\/calidad-sostenible-1.jpg' class='bg withoutbgresp' alt='' \/>\n\t\t\t\n\t\t\t<div class='container'>\n\t\t\t\t\n\t\t\t<\/div>\n\t\t<\/div><br \/>\n<div  class='square nocontainer'>\n\t\t\t<img src='\/wp-content\/themes\/baque\/img\/images\/calidad-sostenible-2.jpg' class='bg withoutbgresp' alt='' \/>\n\t\t\t\n\t\t\t<div class='container'>\n\t\t\t\t\n\t\t\t<\/div>\n\t\t<\/div><br \/>\n<div  class='square nocontainer'>\n\t\t\t<img src='\/wp-content\/themes\/baque\/img\/images\/calidad-sostenible-3.jpg' class='bg withoutbgresp' alt='' \/>\n\t\t\t\n\t\t\t<div class='container'>\n\t\t\t\t\n\t\t\t<\/div>\n\t\t<\/div><br \/>\n<\/section><\/p>\n","protected":false},"excerpt":{"rendered":"","protected":false},"author":1,"featured_media":0,"parent":1562,"menu_order":40,"comment_status":"closed","ping_status":"closed","template":"","meta":{"_acf_changed":false,"footnotes":""},"class_list":["post-1592","page","type-page","status-publish","hentry"],"acf":[],"yoast_head":"<!-- This site is optimized with the Yoast SEO plugin v27.3 - https:\/\/yoast.com\/product\/yoast-seo-wordpress\/ -->\n<title>Kalitate jasangarria | Ezagut gaitzazu | Caf\u00e9s Baqu\u00e9<\/title>\n<meta name=\"description\" content=\"Caf\u00e9s Baqu\u00e9-n, gure jarduera orokorra hobetzeko eta garapen jasangarriko ekintzak ezartzeko xedez, Kudeaketa-sistema oso bat ezartzeko erabaki estrategikoa hartu dugu jasangarritasunaren kultura bultzatzeko.\" \/>\n<meta name=\"robots\" content=\"index, follow, max-snippet:-1, max-image-preview:large, max-video-preview:-1\" \/>\n<meta property=\"og:locale\" content=\"eu_ES\" \/>\n<meta property=\"og:type\" content=\"article\" \/>\n<meta property=\"og:title\" content=\"Kalitate jasangarria | Ezagut gaitzazu | Caf\u00e9s Baqu\u00e9\" \/>\n<meta property=\"og:description\" content=\"Caf\u00e9s Baqu\u00e9-n, gure jarduera orokorra hobetzeko eta garapen jasangarriko ekintzak ezartzeko xedez, Kudeaketa-sistema oso bat ezartzeko erabaki estrategikoa hartu dugu jasangarritasunaren kultura bultzatzeko.\" \/>\n<meta property=\"og:url\" content=\"https:\/\/www.baque.com\/eu\/ezagut-gaitzazu\/kalitate-jasangarria\/\" \/>\n<meta property=\"og:site_name\" content=\"Caf\u00e9s Baqu\u00e9\" \/>\n<meta property=\"article:modified_time\" content=\"2024-10-31T11:49:38+00:00\" \/>\n<meta name=\"twitter:card\" content=\"summary_large_image\" \/>\n<meta name=\"twitter:label1\" content=\"Est. reading time\" \/>\n\t<meta name=\"twitter:data1\" content=\"3 minutes\" \/>\n<script type=\"application\/ld+json\" class=\"yoast-schema-graph\">{\"@context\":\"https:\\\/\\\/schema.org\",\"@graph\":[{\"@type\":\"WebPage\",\"@id\":\"https:\\\/\\\/www.baque.com\\\/eu\\\/ezagut-gaitzazu\\\/kalitate-jasangarria\\\/\",\"url\":\"https:\\\/\\\/www.baque.com\\\/eu\\\/ezagut-gaitzazu\\\/kalitate-jasangarria\\\/\",\"name\":\"Kalitate jasangarria | Ezagut gaitzazu | Caf\u00e9s Baqu\u00e9\",\"isPartOf\":{\"@id\":\"https:\\\/\\\/www.baque.com\\\/es\\\/#website\"},\"datePublished\":\"2018-02-22T09:37:32+00:00\",\"dateModified\":\"2024-10-31T11:49:38+00:00\",\"description\":\"Caf\u00e9s Baqu\u00e9-n, gure jarduera orokorra hobetzeko eta garapen jasangarriko ekintzak ezartzeko xedez, Kudeaketa-sistema oso bat ezartzeko erabaki estrategikoa hartu dugu jasangarritasunaren kultura bultzatzeko.\",\"breadcrumb\":{\"@id\":\"https:\\\/\\\/www.baque.com\\\/eu\\\/ezagut-gaitzazu\\\/kalitate-jasangarria\\\/#breadcrumb\"},\"inLanguage\":\"eu-ES\",\"potentialAction\":[{\"@type\":\"ReadAction\",\"target\":[\"https:\\\/\\\/www.baque.com\\\/eu\\\/ezagut-gaitzazu\\\/kalitate-jasangarria\\\/\"]}]},{\"@type\":\"BreadcrumbList\",\"@id\":\"https:\\\/\\\/www.baque.com\\\/eu\\\/ezagut-gaitzazu\\\/kalitate-jasangarria\\\/#breadcrumb\",\"itemListElement\":[{\"@type\":\"ListItem\",\"position\":1,\"name\":\"Portada\",\"item\":\"https:\\\/\\\/www.baque.com\\\/eu\\\/\"},{\"@type\":\"ListItem\",\"position\":2,\"name\":\"Ezagutu gaitzazu\",\"item\":\"https:\\\/\\\/www.baque.com\\\/eu\\\/ezagut-gaitzazu\\\/\"},{\"@type\":\"ListItem\",\"position\":3,\"name\":\"Kalitate jasangarria\"}]},{\"@type\":\"WebSite\",\"@id\":\"https:\\\/\\\/www.baque.com\\\/es\\\/#website\",\"url\":\"https:\\\/\\\/www.baque.com\\\/es\\\/\",\"name\":\"Caf\u00e9s Baqu\u00e9\",\"description\":\"Somos l\u00edderes en hosteler\u00eda en Pa\u00eds Vasco y La Rioja y una de las marcas m\u00e1s reconocidas en el mercado nacional. Somos una empresa familiar en constante innovaci\u00f3n en el producto. Tostamos y distribuimos caf\u00e9 molido, en grano y c\u00e1psulas para disfrutar en casa, en el bar y en la oficina.\",\"potentialAction\":[{\"@type\":\"SearchAction\",\"target\":{\"@type\":\"EntryPoint\",\"urlTemplate\":\"https:\\\/\\\/www.baque.com\\\/es\\\/?s={search_term_string}\"},\"query-input\":{\"@type\":\"PropertyValueSpecification\",\"valueRequired\":true,\"valueName\":\"search_term_string\"}}],\"inLanguage\":\"eu-ES\"}]}<\/script>\n<!-- \/ Yoast SEO plugin. -->","yoast_head_json":{"title":"Kalitate jasangarria | Ezagut gaitzazu | Caf\u00e9s Baqu\u00e9","description":"Caf\u00e9s Baqu\u00e9-n, gure jarduera orokorra hobetzeko eta garapen jasangarriko ekintzak ezartzeko xedez, Kudeaketa-sistema oso bat ezartzeko erabaki estrategikoa hartu dugu jasangarritasunaren kultura bultzatzeko.","robots":{"index":"index","follow":"follow","max-snippet":"max-snippet:-1","max-image-preview":"max-image-preview:large","max-video-preview":"max-video-preview:-1"},"og_locale":"eu_ES","og_type":"article","og_title":"Kalitate jasangarria | Ezagut gaitzazu | Caf\u00e9s Baqu\u00e9","og_description":"Caf\u00e9s Baqu\u00e9-n, gure jarduera orokorra hobetzeko eta garapen jasangarriko ekintzak ezartzeko xedez, Kudeaketa-sistema oso bat ezartzeko erabaki estrategikoa hartu dugu jasangarritasunaren kultura bultzatzeko.","og_url":"https:\/\/www.baque.com\/eu\/ezagut-gaitzazu\/kalitate-jasangarria\/","og_site_name":"Caf\u00e9s Baqu\u00e9","article_modified_time":"2024-10-31T11:49:38+00:00","twitter_card":"summary_large_image","twitter_misc":{"Est. reading time":"3 minutes"},"schema":{"@context":"https:\/\/schema.org","@graph":[{"@type":"WebPage","@id":"https:\/\/www.baque.com\/eu\/ezagut-gaitzazu\/kalitate-jasangarria\/","url":"https:\/\/www.baque.com\/eu\/ezagut-gaitzazu\/kalitate-jasangarria\/","name":"Kalitate jasangarria | Ezagut gaitzazu | Caf\u00e9s Baqu\u00e9","isPartOf":{"@id":"https:\/\/www.baque.com\/es\/#website"},"datePublished":"2018-02-22T09:37:32+00:00","dateModified":"2024-10-31T11:49:38+00:00","description":"Caf\u00e9s Baqu\u00e9-n, gure jarduera orokorra hobetzeko eta garapen jasangarriko ekintzak ezartzeko xedez, Kudeaketa-sistema oso bat ezartzeko erabaki estrategikoa hartu dugu jasangarritasunaren kultura bultzatzeko.","breadcrumb":{"@id":"https:\/\/www.baque.com\/eu\/ezagut-gaitzazu\/kalitate-jasangarria\/#breadcrumb"},"inLanguage":"eu-ES","potentialAction":[{"@type":"ReadAction","target":["https:\/\/www.baque.com\/eu\/ezagut-gaitzazu\/kalitate-jasangarria\/"]}]},{"@type":"BreadcrumbList","@id":"https:\/\/www.baque.com\/eu\/ezagut-gaitzazu\/kalitate-jasangarria\/#breadcrumb","itemListElement":[{"@type":"ListItem","position":1,"name":"Portada","item":"https:\/\/www.baque.com\/eu\/"},{"@type":"ListItem","position":2,"name":"Ezagutu gaitzazu","item":"https:\/\/www.baque.com\/eu\/ezagut-gaitzazu\/"},{"@type":"ListItem","position":3,"name":"Kalitate jasangarria"}]},{"@type":"WebSite","@id":"https:\/\/www.baque.com\/es\/#website","url":"https:\/\/www.baque.com\/es\/","name":"Caf\u00e9s Baqu\u00e9","description":"Somos l\u00edderes en hosteler\u00eda en Pa\u00eds Vasco y La Rioja y una de las marcas m\u00e1s reconocidas en el mercado nacional. Somos una empresa familiar en constante innovaci\u00f3n en el producto. Tostamos y distribuimos caf\u00e9 molido, en grano y c\u00e1psulas para disfrutar en casa, en el bar y en la oficina.","potentialAction":[{"@type":"SearchAction","target":{"@type":"EntryPoint","urlTemplate":"https:\/\/www.baque.com\/es\/?s={search_term_string}"},"query-input":{"@type":"PropertyValueSpecification","valueRequired":true,"valueName":"search_term_string"}}],"inLanguage":"eu-ES"}]}},"_links":{"self":[{"href":"https:\/\/www.baque.com\/eu\/wp-json\/wp\/v2\/pages\/1592","targetHints":{"allow":["GET"]}}],"collection":[{"href":"https:\/\/www.baque.com\/eu\/wp-json\/wp\/v2\/pages"}],"about":[{"href":"https:\/\/www.baque.com\/eu\/wp-json\/wp\/v2\/types\/page"}],"author":[{"embeddable":true,"href":"https:\/\/www.baque.com\/eu\/wp-json\/wp\/v2\/users\/1"}],"replies":[{"embeddable":true,"href":"https:\/\/www.baque.com\/eu\/wp-json\/wp\/v2\/comments?post=1592"}],"version-history":[{"count":4,"href":"https:\/\/www.baque.com\/eu\/wp-json\/wp\/v2\/pages\/1592\/revisions"}],"predecessor-version":[{"id":2641610,"href":"https:\/\/www.baque.com\/eu\/wp-json\/wp\/v2\/pages\/1592\/revisions\/2641610"}],"up":[{"embeddable":true,"href":"https:\/\/www.baque.com\/eu\/wp-json\/wp\/v2\/pages\/1562"}],"wp:attachment":[{"href":"https:\/\/www.baque.com\/eu\/wp-json\/wp\/v2\/media?parent=1592"}],"curies":[{"name":"wp","href":"https:\/\/api.w.org\/{rel}","templated":true}]}}