
{"id":1606,"date":"2018-02-22T10:14:23","date_gmt":"2018-02-22T10:14:23","guid":{"rendered":"http:\/\/www.baque.com\/?page_id=1606"},"modified":"2018-02-23T12:01:57","modified_gmt":"2018-02-23T12:01:57","slug":"aholkularitza-zerbitzua","status":"publish","type":"page","link":"https:\/\/www.baque.com\/eu\/ostalaritzarako\/aholkularitza-zerbitzua\/","title":{"rendered":"Gure zerbitzua"},"content":{"rendered":"<p><section  id='nuestro-servicio' class='multicol'><div class='container'><br \/>\n\t<div class='col1'><img src='\/wp-content\/themes\/baque\/img\/images\/nuestro-servicio.jpg' class='bg withoutbgresp' alt='' \/><\/div><\/p>\n<div class=\"col2\">\n\t\t<img decoding=\"async\" src=\"\/wp-content\/themes\/baque\/img\/images\/nuestro-servicio-cafe-1.jpg\" class=\"bg withoutbgresp\" alt=\"\" style=\"margin-bottom: 25px;\"><br \/>\n\t\t<img decoding=\"async\" src=\"\/wp-content\/themes\/baque\/img\/images\/nuestro-servicio-cafe-2.jpg\" class=\"bg withoutbgresp\" alt=\"\"><br \/>\n\t\t<div class='separator height25' ><\/div><\/p>\n<p class=\"text-left black\">Aholkularitza, instalazioa, mantentze-lanak, arreta teknikoa eta askoz gehiago.<\/p>\n<\/p><\/div>\n<div class='col3'>\n<h2>Zerbitzu paregabea, zu bezalako pertsona paregabeentzat.<\/h2>\n<p class=\"text-left\">Hornitzaile integrala gara eta hasieratik bertatik eskaintzen dugu laguntza: aholkularitza, instalazioa eta kafe-makinen mantentze-lanak, arreta teknikoko zerbitzua eta askoz gehiago.<\/p>\n<p class=\"text-left\">Caf\u00e9s Baqu\u00e9-ren bezeroek zerbitzuaren gertutasuna balioesten dute eta, batez ere, amaierako produktuaren kalitatea. <\/p>\n<h2>Guzti hori dela eta, honakoa eskaintzen dizugu:<\/h2>\n<p class=\"text-left\">Larrialdi-momentuetan <strong>Caf\u00e9s Baqu\u00e9-k beti erantzungo duela jakitearen lasaitasuna<\/strong>. Bezeroaren ondoan gaude beti, makinen mantentze-lanetan, stock-hausteengatik ematen diren azken orduko eskaeretan edo bezeroak antolatu nahi dituen ekitaldi txikietan, besteak beste.<\/p>\n<p>\t<\/div><br \/>\n<\/div><\/section><br \/>\n<div class='separator height100' ><\/div><br \/>\n<section  id='nuestro-servicio-1' class='multicol'><div class='container'><\/p>\n<h2>Zure ostalaritzako lokalerako Caf\u00e9s Baqu\u00e9-n konfiantza izatearen abantailak<\/h2>\n<p><\/div><\/section><br \/>\n<section  id='nuestro-servicio-2' class='multicol'><div class='container'><\/p>\n<div class=\"service-box\">\n<div><img decoding=\"async\" src=\"\/wp-content\/themes\/baque\/img\/images\/ventajas-confiar-baque-1.jpg\" alt=\"Zu entzuteko gaude.\" \/><\/div>\n<h3>Zu entzuteko gaude.<\/h3>\n<p class=\"text-left\">Bezero bakoitzarentzako eta momentu bakoitzerako produkturik egokiena eskaintzea. Zerbitzu integrala daukagu eskura, zure negozioaren arrakasta bermatuko duena.<\/p>\n<\/p><\/div>\n<div class=\"service-box\">\n<div><img decoding=\"async\" src=\"\/wp-content\/themes\/baque\/img\/images\/ventajas-confiar-baque-2.jpg\" alt=\"Kalitate bermatua.\" \/><\/div>\n<h3>Kalitate bermatua.<\/h3>\n<p class=\"text-left\">Gure Kalitate Sailean 20.000 katilukada baino gehiago dastatzen dira urtean, katilu bakoitzeko kafearen kalitatea eta homogeneotasuna bermatuz.<\/p>\n<\/p><\/div>\n<div class=\"service-box\">\n<div><img decoding=\"async\" src=\"\/wp-content\/themes\/baque\/img\/images\/ventajas-confiar-baque-3.jpg\" alt=\"Neurrira egindako ekipamendua.\" \/><\/div>\n<h3>Neurrira egindako ekipamendua.<\/h3>\n<p class=\"text-left\">Beharrezko erremintak instalatuko dizkizugu, beti kaferik onena zerbitzatu ahalko duzula bermatzeko. Diseinu findu batek eta teknologia aurreratuenak berezi egiten dituen kafe-makina eta kafe-errotak.<\/p>\n<\/p><\/div>\n<p><\/div><\/section><br \/>\n<section  id='nuestro-servicio-3' class='multicol'><div class='container'><\/p>\n<div class=\"service-box\">\n<div><img decoding=\"async\" src=\"\/wp-content\/themes\/baque\/img\/images\/ventajas-confiar-baque-4.jpg\" alt=\"Senti zaitez seguru.\" \/><\/div>\n<h3>Senti zaitez seguru.<\/h3>\n<p class=\"text-left\">Gure arreta teknikoko zerbitzua (ATZ), kafe-katilu bakoitzean kalitate eta homogeneotasun gorena bermatuko dizkizuna.<\/p>\n<p class=\"text-left\">Astelehenetik igandera, urteko 365 egunetan, zure ekipamendua egoera perfektuan mantenduz eta zure negozioan gerta daitekeen edozein ezustekori erantzuna emanez.<\/p>\n<\/p><\/div>\n<div class=\"service-box\">\n<div><img decoding=\"async\" src=\"\/wp-content\/themes\/baque\/img\/images\/ventajas-confiar-baque-5.jpg\" alt=\"Izan desberdin.\" \/><\/div>\n<h3>Izan desberdin.<\/h3>\n<p class=\"text-left\">Caf\u00e9s Baqu\u00e9-ko kafe-mota desberdinak eta produktu osagarriak guztiz moldatzen dira zugana eta zure kontsumitzailearengana. Produktu-eskaintza bereizgarria, kalitatezkoa eta egiaztatua izango duzu eskura, zure negozioa gainontzekotatik bereiziko duena.<\/p>\n<\/p><\/div>\n<div class=\"service-box\">\n<div><img decoding=\"async\" src=\"\/wp-content\/themes\/baque\/img\/images\/ventajas-confiar-baque-6.jpg\" alt=\"Trebakuntza.\" \/><\/div>\n<h3>Trebakuntza.<\/h3>\n<p class=\"text-left\">Gure Kafe Eskolan zure beharren araberako aholkua jasoko duzu. Ikastaro desberdinak eskaintzen dizkizugu: oinarrizkoak, aurreratuak eta adituak.<\/p>\n<\/p><\/div>\n<p><\/div><\/section><br \/>\n<div class='separator height50' ><\/div><br \/>\n<section  id='nuestro-servicio-5' class='multicol'><div class='container'><\/p>\n<h3>ATZ ARRETA 24\/7 URTEKO 365 EGUNETAN<\/h3>\n<p clasS=\"text-left\">Inoiz baino gertuago gaude zugandik, gure arreta teknikoko zerbitzuari esker.<\/p>\n<p clasS=\"text-left\">Caf\u00e9s Baqu\u00e9-n Arreta Teknikoko Zerbitzu (ATZ) propioa daukagu zure eskura, gure zerbitzuaren efizientzia handienaren berme eta, nola ez, zure negozioaren lasaitasunerako.<\/p>\n<p clasS=\"text-left\">Hona hemen gure Arreta Teknikoko Zerbitzuaren inguruko datu batzuk.<\/p>\n<p><\/div><\/section><br \/>\n<section  id='nuestro-servicio-6' class='multicol'><div class='container'><\/p>\n<ul>\n<li><img decoding=\"async\" src=\"\/wp-content\/themes\/baque\/img\/images\/365dias_eu.png\" alt=\"\" \/>ATZ Saila, urtean 365 egunetako zerbitzua eskaintzen duena.<\/li>\n<li><img decoding=\"async\" src=\"\/wp-content\/themes\/baque\/img\/images\/41horas_eu.png\"\" alt=\"41 horas\" \/>Batez besteko itxarote-denbora gorabeherako.<\/li>\n<li><img decoding=\"async\" src=\"\/wp-content\/themes\/baque\/img\/images\/10personas_eu.png\"\" alt=\"\" \/>10 pertsonak osatutako lantalde propioa.<\/li>\n<li><img decoding=\"async\" src=\"\/wp-content\/themes\/baque\/img\/images\/355poblaciones_eu.png\"\" alt=\"355\" \/>2017an artatutako herriak.<\/li>\n<li><img decoding=\"async\" src=\"\/wp-content\/themes\/baque\/img\/images\/40minutos_eu.png\"\" alt=\"40 minutuak\" \/>Batez besteko konpontze-denbora bezeroaren establezimenduan.<\/li>\n<li><img decoding=\"async\" src=\"\/wp-content\/themes\/baque\/img\/images\/10000horas_eu.png\"\" alt=\"100000\" \/>2017ko konpontze-orduak guztira.<\/li>\n<li><img decoding=\"async\" src=\"\/wp-content\/themes\/baque\/img\/images\/3300clientesatendidos_eu.png\"\" alt=\"3300\" \/>2017an artatutako bezeroak.<\/li>\n<li><img decoding=\"async\" src=\"\/wp-content\/themes\/baque\/img\/images\/11524maquinas_eu.png\"\" alt=\"11524\" \/>2017an konpondutako makinak.<\/li>\n<li><img decoding=\"async\" src=\"\/wp-content\/themes\/baque\/img\/images\/12402desplazamientos_eu.png\"\" alt=\"12402\" \/>2017an burututako desplazamenduak.<\/li>\n<li><img decoding=\"async\" src=\"\/wp-content\/themes\/baque\/img\/images\/657molinos_eu.png\"\" alt=\"657\" \/>2017an konpondutako kafe-errotak.<\/li>\n<li><img decoding=\"async\" src=\"\/wp-content\/themes\/baque\/img\/images\/10500incidencias_eu.png\"\" alt=\"M\u00e1s de 10500\" \/>2017an artatutako gorabeherak.<\/li>\n<li><img decoding=\"async\" src=\"\/wp-content\/themes\/baque\/img\/images\/322incidencasfindesemana_eu.png\"\" alt=\"322\" \/>2017an gauzatutako larrialdi-zerbitzuak (asteburuak eta jai-egunak).<\/li>\n<\/ul>\n<p><\/div><\/section><br \/>\n<div class='separator height50' ><\/div><br \/>\n<section  id='informacion' class='videophoto expand'><img src='\/wp-content\/themes\/baque\/img\/images\/informacion.jpg' class='bg' alt='' \/><img src='\/wp-content\/themes\/baque\/img\/images\/informacion_resp.jpg' class='bgresp' alt='' \/><div class='container'><\/p>\n<h2 class=\"likeh1\">ESKATU ORAIN<br \/>INFORMAZIO GEHIAGO<br \/>KONPROMISORIK GABE.<\/h2>\n<p>\t<a href='https:\/\/www.baque.com\/eu\/kontaktua\/' class='button  white'>INFORMAZIO GEHIAGO<\/a><br \/>\n<\/div><\/section><br \/>\n<section  id='nuestro-servicio-6' class='squares videophoto cols3 borderwhite borderwhitefooter'><br \/>\n\t<div  class='square nocontainer'>\n\t\t\t<img src='\/wp-content\/themes\/baque\/img\/images\/nuestro-servicio-1.jpg' class='bg withoutbgresp' alt='' \/>\n\t\t\t\n\t\t\t<div class='container'>\n\t\t\t\t\n\t\t\t<\/div>\n\t\t<\/div><br \/>\n\t<div  class='square nocontainer'>\n\t\t\t<img src='\/wp-content\/themes\/baque\/img\/images\/nuestro-servicio-2.jpg' class='bg withoutbgresp' alt='' \/>\n\t\t\t\n\t\t\t<div class='container'>\n\t\t\t\t\n\t\t\t<\/div>\n\t\t<\/div><br \/>\n\t<div  class='square nocontainer'>\n\t\t\t<img src='\/wp-content\/themes\/baque\/img\/images\/nuestro-servicio-3.jpg' class='bg withoutbgresp' alt='' \/>\n\t\t\t\n\t\t\t<div class='container'>\n\t\t\t\t\n\t\t\t<\/div>\n\t\t<\/div><br \/>\n<\/section><\/p>\n","protected":false},"excerpt":{"rendered":"","protected":false},"author":1,"featured_media":0,"parent":1639,"menu_order":90,"comment_status":"closed","ping_status":"closed","template":"","meta":{"_acf_changed":false,"footnotes":""},"class_list":["post-1606","page","type-page","status-publish","hentry"],"acf":[],"yoast_head":"<!-- This site is optimized with the Yoast SEO plugin v27.3 - https:\/\/yoast.com\/product\/yoast-seo-wordpress\/ -->\n<title>Kafearen hornitzaile integrala ostalaritzarako | Ostalaritzarako aholkularitza | Caf\u00e9s Baqu\u00e9\u2028<\/title>\n<meta name=\"description\" content=\"Caf\u00e9s Baqu\u00e9 ostalaritzarako kafearen hornitzaile integrala da. Hasieratik lagunduko dizugu: aholkularitza, kafe-makinen instalazioa eta mantentzea, laguntza teknikoko zerbitzua eta abar.\" \/>\n<meta name=\"robots\" content=\"index, follow, max-snippet:-1, max-image-preview:large, max-video-preview:-1\" \/>\n<meta property=\"og:locale\" content=\"eu_ES\" \/>\n<meta property=\"og:type\" content=\"article\" \/>\n<meta property=\"og:title\" content=\"Kafearen hornitzaile integrala ostalaritzarako | Ostalaritzarako aholkularitza | Caf\u00e9s Baqu\u00e9\u2028\" \/>\n<meta property=\"og:description\" content=\"Caf\u00e9s Baqu\u00e9 ostalaritzarako kafearen hornitzaile integrala da. Hasieratik lagunduko dizugu: aholkularitza, kafe-makinen instalazioa eta mantentzea, laguntza teknikoko zerbitzua eta abar.\" \/>\n<meta property=\"og:url\" content=\"https:\/\/www.baque.com\/eu\/ostalaritzarako\/aholkularitza-zerbitzua\/\" \/>\n<meta property=\"og:site_name\" content=\"Caf\u00e9s Baqu\u00e9\" \/>\n<meta property=\"article:modified_time\" content=\"2018-02-23T12:01:57+00:00\" \/>\n<meta property=\"og:image\" content=\"https:\/\/www.baque.com\/wp-content\/themes\/baque\/img\/images\/nuestro-servicio-cafe-1.jpg\" \/>\n<meta name=\"twitter:card\" content=\"summary_large_image\" \/>\n<meta name=\"twitter:label1\" content=\"Est. reading time\" \/>\n\t<meta name=\"twitter:data1\" content=\"2 minutes\" \/>\n<script type=\"application\/ld+json\" class=\"yoast-schema-graph\">{\"@context\":\"https:\\\/\\\/schema.org\",\"@graph\":[{\"@type\":\"WebPage\",\"@id\":\"https:\\\/\\\/www.baque.com\\\/eu\\\/ostalaritzarako\\\/aholkularitza-zerbitzua\\\/\",\"url\":\"https:\\\/\\\/www.baque.com\\\/eu\\\/ostalaritzarako\\\/aholkularitza-zerbitzua\\\/\",\"name\":\"Kafearen hornitzaile integrala ostalaritzarako | Ostalaritzarako aholkularitza | Caf\u00e9s Baqu\u00e9\\u2028\",\"isPartOf\":{\"@id\":\"https:\\\/\\\/www.baque.com\\\/es\\\/#website\"},\"datePublished\":\"2018-02-22T10:14:23+00:00\",\"dateModified\":\"2018-02-23T12:01:57+00:00\",\"description\":\"Caf\u00e9s Baqu\u00e9 ostalaritzarako kafearen hornitzaile integrala da. Hasieratik lagunduko dizugu: aholkularitza, kafe-makinen instalazioa eta mantentzea, laguntza teknikoko zerbitzua eta abar.\",\"breadcrumb\":{\"@id\":\"https:\\\/\\\/www.baque.com\\\/eu\\\/ostalaritzarako\\\/aholkularitza-zerbitzua\\\/#breadcrumb\"},\"inLanguage\":\"eu-ES\",\"potentialAction\":[{\"@type\":\"ReadAction\",\"target\":[\"https:\\\/\\\/www.baque.com\\\/eu\\\/ostalaritzarako\\\/aholkularitza-zerbitzua\\\/\"]}]},{\"@type\":\"BreadcrumbList\",\"@id\":\"https:\\\/\\\/www.baque.com\\\/eu\\\/ostalaritzarako\\\/aholkularitza-zerbitzua\\\/#breadcrumb\",\"itemListElement\":[{\"@type\":\"ListItem\",\"position\":1,\"name\":\"Portada\",\"item\":\"https:\\\/\\\/www.baque.com\\\/eu\\\/\"},{\"@type\":\"ListItem\",\"position\":2,\"name\":\"Zure negoziorako soluzioak\",\"item\":\"https:\\\/\\\/www.baque.com\\\/eu\\\/ostalaritzarako\\\/\"},{\"@type\":\"ListItem\",\"position\":3,\"name\":\"Gure zerbitzua\"}]},{\"@type\":\"WebSite\",\"@id\":\"https:\\\/\\\/www.baque.com\\\/es\\\/#website\",\"url\":\"https:\\\/\\\/www.baque.com\\\/es\\\/\",\"name\":\"Caf\u00e9s Baqu\u00e9\",\"description\":\"Somos l\u00edderes en hosteler\u00eda en Pa\u00eds Vasco y La Rioja y una de las marcas m\u00e1s reconocidas en el mercado nacional. Somos una empresa familiar en constante innovaci\u00f3n en el producto. Tostamos y distribuimos caf\u00e9 molido, en grano y c\u00e1psulas para disfrutar en casa, en el bar y en la oficina.\",\"potentialAction\":[{\"@type\":\"SearchAction\",\"target\":{\"@type\":\"EntryPoint\",\"urlTemplate\":\"https:\\\/\\\/www.baque.com\\\/es\\\/?s={search_term_string}\"},\"query-input\":{\"@type\":\"PropertyValueSpecification\",\"valueRequired\":true,\"valueName\":\"search_term_string\"}}],\"inLanguage\":\"eu-ES\"}]}<\/script>\n<!-- \/ Yoast SEO plugin. -->","yoast_head_json":{"title":"Kafearen hornitzaile integrala ostalaritzarako | Ostalaritzarako aholkularitza | Caf\u00e9s Baqu\u00e9\u2028","description":"Caf\u00e9s Baqu\u00e9 ostalaritzarako kafearen hornitzaile integrala da. Hasieratik lagunduko dizugu: aholkularitza, kafe-makinen instalazioa eta mantentzea, laguntza teknikoko zerbitzua eta abar.","robots":{"index":"index","follow":"follow","max-snippet":"max-snippet:-1","max-image-preview":"max-image-preview:large","max-video-preview":"max-video-preview:-1"},"og_locale":"eu_ES","og_type":"article","og_title":"Kafearen hornitzaile integrala ostalaritzarako | Ostalaritzarako aholkularitza | Caf\u00e9s Baqu\u00e9\u2028","og_description":"Caf\u00e9s Baqu\u00e9 ostalaritzarako kafearen hornitzaile integrala da. Hasieratik lagunduko dizugu: aholkularitza, kafe-makinen instalazioa eta mantentzea, laguntza teknikoko zerbitzua eta abar.","og_url":"https:\/\/www.baque.com\/eu\/ostalaritzarako\/aholkularitza-zerbitzua\/","og_site_name":"Caf\u00e9s Baqu\u00e9","article_modified_time":"2018-02-23T12:01:57+00:00","og_image":[{"url":"https:\/\/www.baque.com\/wp-content\/themes\/baque\/img\/images\/nuestro-servicio-cafe-1.jpg","type":"","width":"","height":""}],"twitter_card":"summary_large_image","twitter_misc":{"Est. reading time":"2 minutes"},"schema":{"@context":"https:\/\/schema.org","@graph":[{"@type":"WebPage","@id":"https:\/\/www.baque.com\/eu\/ostalaritzarako\/aholkularitza-zerbitzua\/","url":"https:\/\/www.baque.com\/eu\/ostalaritzarako\/aholkularitza-zerbitzua\/","name":"Kafearen hornitzaile integrala ostalaritzarako | Ostalaritzarako aholkularitza | Caf\u00e9s Baqu\u00e9\u2028","isPartOf":{"@id":"https:\/\/www.baque.com\/es\/#website"},"datePublished":"2018-02-22T10:14:23+00:00","dateModified":"2018-02-23T12:01:57+00:00","description":"Caf\u00e9s Baqu\u00e9 ostalaritzarako kafearen hornitzaile integrala da. Hasieratik lagunduko dizugu: aholkularitza, kafe-makinen instalazioa eta mantentzea, laguntza teknikoko zerbitzua eta abar.","breadcrumb":{"@id":"https:\/\/www.baque.com\/eu\/ostalaritzarako\/aholkularitza-zerbitzua\/#breadcrumb"},"inLanguage":"eu-ES","potentialAction":[{"@type":"ReadAction","target":["https:\/\/www.baque.com\/eu\/ostalaritzarako\/aholkularitza-zerbitzua\/"]}]},{"@type":"BreadcrumbList","@id":"https:\/\/www.baque.com\/eu\/ostalaritzarako\/aholkularitza-zerbitzua\/#breadcrumb","itemListElement":[{"@type":"ListItem","position":1,"name":"Portada","item":"https:\/\/www.baque.com\/eu\/"},{"@type":"ListItem","position":2,"name":"Zure negoziorako soluzioak","item":"https:\/\/www.baque.com\/eu\/ostalaritzarako\/"},{"@type":"ListItem","position":3,"name":"Gure zerbitzua"}]},{"@type":"WebSite","@id":"https:\/\/www.baque.com\/es\/#website","url":"https:\/\/www.baque.com\/es\/","name":"Caf\u00e9s Baqu\u00e9","description":"Somos l\u00edderes en hosteler\u00eda en Pa\u00eds Vasco y La Rioja y una de las marcas m\u00e1s reconocidas en el mercado nacional. Somos una empresa familiar en constante innovaci\u00f3n en el producto. Tostamos y distribuimos caf\u00e9 molido, en grano y c\u00e1psulas para disfrutar en casa, en el bar y en la oficina.","potentialAction":[{"@type":"SearchAction","target":{"@type":"EntryPoint","urlTemplate":"https:\/\/www.baque.com\/es\/?s={search_term_string}"},"query-input":{"@type":"PropertyValueSpecification","valueRequired":true,"valueName":"search_term_string"}}],"inLanguage":"eu-ES"}]}},"_links":{"self":[{"href":"https:\/\/www.baque.com\/eu\/wp-json\/wp\/v2\/pages\/1606","targetHints":{"allow":["GET"]}}],"collection":[{"href":"https:\/\/www.baque.com\/eu\/wp-json\/wp\/v2\/pages"}],"about":[{"href":"https:\/\/www.baque.com\/eu\/wp-json\/wp\/v2\/types\/page"}],"author":[{"embeddable":true,"href":"https:\/\/www.baque.com\/eu\/wp-json\/wp\/v2\/users\/1"}],"replies":[{"embeddable":true,"href":"https:\/\/www.baque.com\/eu\/wp-json\/wp\/v2\/comments?post=1606"}],"version-history":[{"count":0,"href":"https:\/\/www.baque.com\/eu\/wp-json\/wp\/v2\/pages\/1606\/revisions"}],"up":[{"embeddable":true,"href":"https:\/\/www.baque.com\/eu\/wp-json\/wp\/v2\/pages\/1639"}],"wp:attachment":[{"href":"https:\/\/www.baque.com\/eu\/wp-json\/wp\/v2\/media?parent=1606"}],"curies":[{"name":"wp","href":"https:\/\/api.w.org\/{rel}","templated":true}]}}