
{"id":1609,"date":"2018-02-22T09:57:32","date_gmt":"2018-02-22T09:57:32","guid":{"rendered":"http:\/\/www.baque.com\/?page_id=1609"},"modified":"2026-01-21T13:33:06","modified_gmt":"2026-01-21T12:33:06","slug":"ziurtagiriak","status":"publish","type":"page","link":"https:\/\/www.baque.com\/eu\/ezagut-gaitzazu\/ziurtagiriak\/","title":{"rendered":"Ziurtagiriak"},"content":{"rendered":"<p><section  id='certificaciones' class='multicol'><div class='container'><br \/>\n<div class='col1'><img src='\/wp-content\/themes\/baque\/img\/images\/certificaciones-baque.jpg' class='bg withoutbgresp' alt='' \/><\/div><br \/>\n<div class='col4'><\/div><\/p>\n<p class=\"entradilla\">Kalitate-kontrol altuak ezartzen ditugu produktuan. Kafe berde guztia, fabrikazio-prozesua eta amaierako produktua <strong>zehaztasunez eta arretaz aztertzen ditugu gure Kalitate Sailean, urtean 20.000 kikara baino gehiago dastatzera iristen garelarik<\/strong>.<\/p>\n<p class=\"text-left\">Askotariko ziurtagiriak dauzkagu gure esku, produkturik onena eskaintzeko egiten dugun esfortzuaren berme direnak. 2001ean ISO 9001 <strong>ziurtagiria lortu genuen eta ISO 14001 ziurtagiria duen Euskal Herriko lehen torrefakzio-enpresa<\/strong> gara 2011. urtetik.<\/p>\n<p class=\"text-left\"><img decoding=\"async\" style=\"max-width: 313px !important;\" src=\"\/wp-content\/uploads\/2024\/11\/certificaciones-calidad.png\" alt=\"\" \/><\/p>\n<h3>ZIURTAGIRIAK<\/h3>\n<p class=\"text-left\">\n  <a href=\"\/wp-content\/uploads\/2026\/01\/ISO-14001-ED-8-ES.pdf\" target=\"_blank\" rel=\"noopener noreferrer\"><br \/>\n    <img decoding=\"async\" class=\"alignnone\" style=\"max-width: 125px !important;\" src=\"\/wp-content\/uploads\/2022\/12\/CERTF.-ED-7-14001-CASTELLANO-14000-2015.jpg\" alt=\"\" width=\"125\" \/><br \/>\n  <\/a><br \/>\n  <a href=\"\/wp-content\/uploads\/2026\/01\/ISO-9001-ED-14-ES.pdf\" target=\"_blank\" rel=\"noopener noreferrer\"><br \/>\n    <img decoding=\"async\" class=\"alignnone\" style=\"max-width: 125px !important;\" src=\"\/wp-content\/uploads\/2022\/12\/CERTF.-ED-13-9001-CASTELLANO-14000-20151.jpg\" alt=\"\" width=\"125\" \/><br \/>\n  <\/a>\n<\/p>\n<p><\/div><\/section><br \/>\n<section  id='certificaciones-1' class='squares videophoto cols3 borderwhite borderwhitefooter'><br \/>\n<div  class='square nocontainer'>\n\t\t\t<img src='\/wp-content\/themes\/baque\/img\/images\/certificaciones-baque-1.jpg' class='bg withoutbgresp' alt='' \/>\n\t\t\t\n\t\t\t<div class='container'>\n\t\t\t\t\n\t\t\t<\/div>\n\t\t<\/div><br \/>\n<div  class='square nocontainer'>\n\t\t\t<img src='\/wp-content\/uploads\/2026\/01\/ISO-14001-ED-8-ES.pdf' class='bg withoutbgresp' alt='' \/>\n\t\t\t\n\t\t\t<div class='container'>\n\t\t\t\t\n\t\t\t<\/div>\n\t\t<\/div><br \/>\n<div  class='square nocontainer'>\n\t\t\t<img src='\/wp-content\/uploads\/2026\/01\/ISO-9001-ED-14-ES.pdf' class='bg withoutbgresp' alt='' \/>\n\t\t\t\n\t\t\t<div class='container'>\n\t\t\t\t\n\t\t\t<\/div>\n\t\t<\/div><br \/>\n<\/section><\/p>\n","protected":false},"excerpt":{"rendered":"","protected":false},"author":1,"featured_media":0,"parent":1562,"menu_order":50,"comment_status":"closed","ping_status":"closed","template":"","meta":{"_acf_changed":false,"footnotes":""},"class_list":["post-1609","page","type-page","status-publish","hentry"],"acf":[],"yoast_head":"<!-- This site is optimized with the Yoast SEO plugin v27.3 - https:\/\/yoast.com\/product\/yoast-seo-wordpress\/ -->\n<title>Ziurtagiriak | Kafe-hornitzaileak| Caf\u00e9s Baqu\u00e9<\/title>\n<meta name=\"description\" content=\"Kafe berde guztia, fabrikazio-prozesua eta amaierako produktua zehaztasunez eta arretaz aztertzen ditugu gure Kalitate Sailean, urtean 20.000 kafe-kikara baino gehiago dastatzera iristen garelarik.\" \/>\n<meta name=\"robots\" content=\"index, follow, max-snippet:-1, max-image-preview:large, max-video-preview:-1\" \/>\n<meta property=\"og:locale\" content=\"eu_ES\" \/>\n<meta property=\"og:type\" content=\"article\" \/>\n<meta property=\"og:title\" content=\"Ziurtagiriak | Kafe-hornitzaileak| Caf\u00e9s Baqu\u00e9\" \/>\n<meta property=\"og:description\" content=\"Kafe berde guztia, fabrikazio-prozesua eta amaierako produktua zehaztasunez eta arretaz aztertzen ditugu gure Kalitate Sailean, urtean 20.000 kafe-kikara baino gehiago dastatzera iristen garelarik.\" \/>\n<meta property=\"og:url\" content=\"https:\/\/www.baque.com\/eu\/ezagut-gaitzazu\/ziurtagiriak\/\" \/>\n<meta property=\"og:site_name\" content=\"Caf\u00e9s Baqu\u00e9\" \/>\n<meta property=\"article:modified_time\" content=\"2026-01-21T12:33:06+00:00\" \/>\n<meta name=\"twitter:card\" content=\"summary_large_image\" \/>\n<meta name=\"twitter:label1\" content=\"Est. reading time\" \/>\n\t<meta name=\"twitter:data1\" content=\"1 minute\" \/>\n<script type=\"application\/ld+json\" class=\"yoast-schema-graph\">{\"@context\":\"https:\\\/\\\/schema.org\",\"@graph\":[{\"@type\":\"WebPage\",\"@id\":\"https:\\\/\\\/www.baque.com\\\/eu\\\/ezagut-gaitzazu\\\/ziurtagiriak\\\/\",\"url\":\"https:\\\/\\\/www.baque.com\\\/eu\\\/ezagut-gaitzazu\\\/ziurtagiriak\\\/\",\"name\":\"Ziurtagiriak | Kafe-hornitzaileak| Caf\u00e9s Baqu\u00e9\",\"isPartOf\":{\"@id\":\"https:\\\/\\\/www.baque.com\\\/es\\\/#website\"},\"datePublished\":\"2018-02-22T09:57:32+00:00\",\"dateModified\":\"2026-01-21T12:33:06+00:00\",\"description\":\"Kafe berde guztia, fabrikazio-prozesua eta amaierako produktua zehaztasunez eta arretaz aztertzen ditugu gure Kalitate Sailean, urtean 20.000 kafe-kikara baino gehiago dastatzera iristen garelarik.\",\"breadcrumb\":{\"@id\":\"https:\\\/\\\/www.baque.com\\\/eu\\\/ezagut-gaitzazu\\\/ziurtagiriak\\\/#breadcrumb\"},\"inLanguage\":\"eu-ES\",\"potentialAction\":[{\"@type\":\"ReadAction\",\"target\":[\"https:\\\/\\\/www.baque.com\\\/eu\\\/ezagut-gaitzazu\\\/ziurtagiriak\\\/\"]}]},{\"@type\":\"BreadcrumbList\",\"@id\":\"https:\\\/\\\/www.baque.com\\\/eu\\\/ezagut-gaitzazu\\\/ziurtagiriak\\\/#breadcrumb\",\"itemListElement\":[{\"@type\":\"ListItem\",\"position\":1,\"name\":\"Portada\",\"item\":\"https:\\\/\\\/www.baque.com\\\/eu\\\/\"},{\"@type\":\"ListItem\",\"position\":2,\"name\":\"Ezagutu gaitzazu\",\"item\":\"https:\\\/\\\/www.baque.com\\\/eu\\\/ezagut-gaitzazu\\\/\"},{\"@type\":\"ListItem\",\"position\":3,\"name\":\"Ziurtagiriak\"}]},{\"@type\":\"WebSite\",\"@id\":\"https:\\\/\\\/www.baque.com\\\/es\\\/#website\",\"url\":\"https:\\\/\\\/www.baque.com\\\/es\\\/\",\"name\":\"Caf\u00e9s Baqu\u00e9\",\"description\":\"Somos l\u00edderes en hosteler\u00eda en Pa\u00eds Vasco y La Rioja y una de las marcas m\u00e1s reconocidas en el mercado nacional. Somos una empresa familiar en constante innovaci\u00f3n en el producto. Tostamos y distribuimos caf\u00e9 molido, en grano y c\u00e1psulas para disfrutar en casa, en el bar y en la oficina.\",\"potentialAction\":[{\"@type\":\"SearchAction\",\"target\":{\"@type\":\"EntryPoint\",\"urlTemplate\":\"https:\\\/\\\/www.baque.com\\\/es\\\/?s={search_term_string}\"},\"query-input\":{\"@type\":\"PropertyValueSpecification\",\"valueRequired\":true,\"valueName\":\"search_term_string\"}}],\"inLanguage\":\"eu-ES\"}]}<\/script>\n<!-- \/ Yoast SEO plugin. -->","yoast_head_json":{"title":"Ziurtagiriak | Kafe-hornitzaileak| Caf\u00e9s Baqu\u00e9","description":"Kafe berde guztia, fabrikazio-prozesua eta amaierako produktua zehaztasunez eta arretaz aztertzen ditugu gure Kalitate Sailean, urtean 20.000 kafe-kikara baino gehiago dastatzera iristen garelarik.","robots":{"index":"index","follow":"follow","max-snippet":"max-snippet:-1","max-image-preview":"max-image-preview:large","max-video-preview":"max-video-preview:-1"},"og_locale":"eu_ES","og_type":"article","og_title":"Ziurtagiriak | Kafe-hornitzaileak| Caf\u00e9s Baqu\u00e9","og_description":"Kafe berde guztia, fabrikazio-prozesua eta amaierako produktua zehaztasunez eta arretaz aztertzen ditugu gure Kalitate Sailean, urtean 20.000 kafe-kikara baino gehiago dastatzera iristen garelarik.","og_url":"https:\/\/www.baque.com\/eu\/ezagut-gaitzazu\/ziurtagiriak\/","og_site_name":"Caf\u00e9s Baqu\u00e9","article_modified_time":"2026-01-21T12:33:06+00:00","twitter_card":"summary_large_image","twitter_misc":{"Est. reading time":"1 minute"},"schema":{"@context":"https:\/\/schema.org","@graph":[{"@type":"WebPage","@id":"https:\/\/www.baque.com\/eu\/ezagut-gaitzazu\/ziurtagiriak\/","url":"https:\/\/www.baque.com\/eu\/ezagut-gaitzazu\/ziurtagiriak\/","name":"Ziurtagiriak | Kafe-hornitzaileak| Caf\u00e9s Baqu\u00e9","isPartOf":{"@id":"https:\/\/www.baque.com\/es\/#website"},"datePublished":"2018-02-22T09:57:32+00:00","dateModified":"2026-01-21T12:33:06+00:00","description":"Kafe berde guztia, fabrikazio-prozesua eta amaierako produktua zehaztasunez eta arretaz aztertzen ditugu gure Kalitate Sailean, urtean 20.000 kafe-kikara baino gehiago dastatzera iristen garelarik.","breadcrumb":{"@id":"https:\/\/www.baque.com\/eu\/ezagut-gaitzazu\/ziurtagiriak\/#breadcrumb"},"inLanguage":"eu-ES","potentialAction":[{"@type":"ReadAction","target":["https:\/\/www.baque.com\/eu\/ezagut-gaitzazu\/ziurtagiriak\/"]}]},{"@type":"BreadcrumbList","@id":"https:\/\/www.baque.com\/eu\/ezagut-gaitzazu\/ziurtagiriak\/#breadcrumb","itemListElement":[{"@type":"ListItem","position":1,"name":"Portada","item":"https:\/\/www.baque.com\/eu\/"},{"@type":"ListItem","position":2,"name":"Ezagutu gaitzazu","item":"https:\/\/www.baque.com\/eu\/ezagut-gaitzazu\/"},{"@type":"ListItem","position":3,"name":"Ziurtagiriak"}]},{"@type":"WebSite","@id":"https:\/\/www.baque.com\/es\/#website","url":"https:\/\/www.baque.com\/es\/","name":"Caf\u00e9s Baqu\u00e9","description":"Somos l\u00edderes en hosteler\u00eda en Pa\u00eds Vasco y La Rioja y una de las marcas m\u00e1s reconocidas en el mercado nacional. Somos una empresa familiar en constante innovaci\u00f3n en el producto. Tostamos y distribuimos caf\u00e9 molido, en grano y c\u00e1psulas para disfrutar en casa, en el bar y en la oficina.","potentialAction":[{"@type":"SearchAction","target":{"@type":"EntryPoint","urlTemplate":"https:\/\/www.baque.com\/es\/?s={search_term_string}"},"query-input":{"@type":"PropertyValueSpecification","valueRequired":true,"valueName":"search_term_string"}}],"inLanguage":"eu-ES"}]}},"_links":{"self":[{"href":"https:\/\/www.baque.com\/eu\/wp-json\/wp\/v2\/pages\/1609","targetHints":{"allow":["GET"]}}],"collection":[{"href":"https:\/\/www.baque.com\/eu\/wp-json\/wp\/v2\/pages"}],"about":[{"href":"https:\/\/www.baque.com\/eu\/wp-json\/wp\/v2\/types\/page"}],"author":[{"embeddable":true,"href":"https:\/\/www.baque.com\/eu\/wp-json\/wp\/v2\/users\/1"}],"replies":[{"embeddable":true,"href":"https:\/\/www.baque.com\/eu\/wp-json\/wp\/v2\/comments?post=1609"}],"version-history":[{"count":7,"href":"https:\/\/www.baque.com\/eu\/wp-json\/wp\/v2\/pages\/1609\/revisions"}],"predecessor-version":[{"id":3869315,"href":"https:\/\/www.baque.com\/eu\/wp-json\/wp\/v2\/pages\/1609\/revisions\/3869315"}],"up":[{"embeddable":true,"href":"https:\/\/www.baque.com\/eu\/wp-json\/wp\/v2\/pages\/1562"}],"wp:attachment":[{"href":"https:\/\/www.baque.com\/eu\/wp-json\/wp\/v2\/media?parent=1609"}],"curies":[{"name":"wp","href":"https:\/\/api.w.org\/{rel}","templated":true}]}}