
{"id":1613,"date":"2018-02-22T10:08:31","date_gmt":"2018-02-22T10:08:31","guid":{"rendered":"http:\/\/www.baque.com\/?page_id=1613"},"modified":"2022-08-05T10:50:59","modified_gmt":"2022-08-05T08:50:59","slug":"non-gaude","status":"publish","type":"page","link":"https:\/\/www.baque.com\/eu\/ezagut-gaitzazu\/non-gaude\/","title":{"rendered":"Non gaude"},"content":{"rendered":"<p><section  id='donde-encontrarnos' class='multicol'><div class='container'><br \/>\n<div class='col5'><\/p>\n<p class=\"text-right\"><strong>EGOITZA NAGUSIA<\/strong><br \/>\nIurreta (Bizkaia)<\/p>\n<p class=\"text-right\"><strong>CAF\u00c9S BAQU\u00c9 S.L.U.<\/strong><br \/>\nSanta Apolonia industriagunea<br \/>\nU.A.I. 2-2 48215<br \/>\nIurreta, Bizkaia<br \/>\nT \u00b7 94 621 56 10<br \/>\nF \u00b7 94 681 02 26<\/p>\n<p><\/div><br \/>\n<div class='col5'><\/p>\n<p class=\"text-left\"><strong>DELEGAZIOAK<\/strong><\/p>\n<p class=\"text-left\"><strong>Urnietako delegazioa (Gipuzkoa)<\/strong><br \/>\nErratzu poligonoa, 329C<br \/>\n20130 Urnieta, Gipuzkoa<br \/>\nT \u00b7 943 49 28 18<br \/>\nF \u00b7 943 49 12 02<\/p>\n<p class=\"text-left\"><strong>Madrilgo delegazioa<\/strong><br \/>\nBascu\u00f1uelos 13F,<br \/>\n28021 Madril. T \u00b7 943 49 28 18<\/p>\n<p class=\"text-left\"><strong>Malagako delegazioa<\/strong><br \/>\nSan Pedro de Alc\u00e1ntara poligonoa<br \/>\nFinlandia kalea, 13.<br \/>\n29670 San Pedro de Alc\u00e1ntara, M\u00e1laga. T \u00b7 600 902 324<\/p>\n<p class=\"text-left\"><strong>Errioxako delegazioa<\/strong><br \/>\nLa Variante poligonoa<br \/>\nLa Grajera, 10<br \/>\n26140 Lardero, Errioxa. T \u00b7 673 493 750<\/p>\n<p class=\"text-left\"><strong>Sevillako delegazioa<\/strong><br \/>\nPisa enpresa parkea. Brujula kalea 29.<br \/>\n41927 Mairena del Aljarafe, Sevilla. T \u00b7 600 902 324<\/p>\n<p><\/div><br \/>\n<\/div><\/section><br \/>\n<section  id='donde-encontrarnos-1' class='multicol'><div class='container'><br \/>\n<p class='entradilla'>Gurekin kontaktuan jarri nahi duzu?<\/p><br \/>\n<a href='https:\/\/www.baque.com\/eu\/kontaktua\/' class='button '>KONTAKTATU<\/a><br \/>\n<div class='separator height100' ><\/div><br \/>\n<\/div><\/section><br \/>\n<section  id='donde-encontrarnos-3'><div class='container'><br \/>\n<iframe loading=\"lazy\" style=\"border: 0;\" src=\"https:\/\/www.google.com\/maps\/embed?pb=!1m14!1m8!1m3!1d11638.841190300924!2d-2.6447653!3d43.1736049!3m2!1i1024!2i768!4f13.1!3m3!1m2!1s0x0%3A0xdde5015f306fc35b!2zQ2Fmw6lzIEJhcXXDqQ!5e0!3m2!1ses!2ses!4v1518435565835\" width=\"100%\" height=\"450\" frameborder=\"0\" allowfullscreen=\"allowfullscreen\"><\/iframe><br \/>\n<iframe loading=\"lazy\" style=\"border: 0;\" src=\"https:\/\/www.google.com\/maps\/embed?pb=!1m18!1m12!1m3!1d2903.7519868036848!2d-1.8847881845137227!3d43.29851527913505!2m3!1f0!2f0!3f0!3m2!1i1024!2i768!4f13.1!3m3!1m2!1s0x0%3A0x896c41cd0c8bac6e!2zQ2Fmw6lzIEJhcXXDqQ!5e0!3m2!1ses!2ses!4v1518453609858\" width=\"100%\" height=\"450\" frameborder=\"0\" allowfullscreen=\"allowfullscreen\"><\/iframe><br \/>\n<iframe loading=\"lazy\" style=\"border: 0;\" src=\"https:\/\/www.google.com\/maps\/embed?pb=!1m18!1m12!1m3!1d2944.848033377912!2d-2.4804793845414506!3d42.4309694791822!2m3!1f0!2f0!3f0!3m2!1i1024!2i768!4f13.1!3m3!1m2!1s0x0%3A0xd5c91f0386484fb!2zQ2Fmw6lzIEJhcXXDqQ!5e0!3m2!1ses!2ses!4v1518453539361\" width=\"100%\" height=\"450\" frameborder=\"0\" allowfullscreen=\"allowfullscreen\"><\/iframe><br \/>\n<\/div><\/section><br \/>\n<div class='separator height100' ><\/div><br \/>\n<section  id='donde-encontrarnos-2' class='videophoto expand'><img src='\/wp-content\/themes\/baque\/img\/images\/donde-encontrarnos.jpg' class='bg' alt='' \/><img src='\/wp-content\/themes\/baque\/img\/images\/donde-encontrarnos_resp.jpg' class='bgresp' alt='' \/><div class='container'><br \/>\n<\/div><\/section><\/p>\n","protected":false},"excerpt":{"rendered":"","protected":false},"author":1,"featured_media":0,"parent":1562,"menu_order":60,"comment_status":"closed","ping_status":"closed","template":"","meta":{"_acf_changed":false,"footnotes":""},"class_list":["post-1613","page","type-page","status-publish","hentry"],"acf":[],"yoast_head":"<!-- This site is optimized with the Yoast SEO plugin v27.3 - https:\/\/yoast.com\/product\/yoast-seo-wordpress\/ -->\n<title>Non gaude | Kafe-hornitzaileak Espainian | Caf\u00e9s Baqu\u00e9<\/title>\n<meta name=\"description\" content=\"Jakin non dagoen Caf\u00e9s Baqu\u00e9, bere egoitza nagusia eta herrialdeko ordezkaritzak, kafe onena modu eraginkorrean banatzeko.\" \/>\n<meta name=\"robots\" content=\"index, follow, max-snippet:-1, max-image-preview:large, max-video-preview:-1\" \/>\n<meta property=\"og:locale\" content=\"eu_ES\" \/>\n<meta property=\"og:type\" content=\"article\" \/>\n<meta property=\"og:title\" content=\"Non gaude | Kafe-hornitzaileak Espainian | Caf\u00e9s Baqu\u00e9\" \/>\n<meta property=\"og:description\" content=\"Jakin non dagoen Caf\u00e9s Baqu\u00e9, bere egoitza nagusia eta herrialdeko ordezkaritzak, kafe onena modu eraginkorrean banatzeko.\" \/>\n<meta property=\"og:url\" content=\"https:\/\/www.baque.com\/eu\/ezagut-gaitzazu\/non-gaude\/\" \/>\n<meta property=\"og:site_name\" content=\"Caf\u00e9s Baqu\u00e9\" \/>\n<meta property=\"article:modified_time\" content=\"2022-08-05T08:50:59+00:00\" \/>\n<meta name=\"twitter:card\" content=\"summary_large_image\" \/>\n<meta name=\"twitter:label1\" content=\"Est. reading time\" \/>\n\t<meta name=\"twitter:data1\" content=\"1 minute\" \/>\n<script type=\"application\/ld+json\" class=\"yoast-schema-graph\">{\"@context\":\"https:\\\/\\\/schema.org\",\"@graph\":[{\"@type\":\"WebPage\",\"@id\":\"https:\\\/\\\/www.baque.com\\\/eu\\\/ezagut-gaitzazu\\\/non-gaude\\\/\",\"url\":\"https:\\\/\\\/www.baque.com\\\/eu\\\/ezagut-gaitzazu\\\/non-gaude\\\/\",\"name\":\"Non gaude | Kafe-hornitzaileak Espainian | Caf\u00e9s Baqu\u00e9\",\"isPartOf\":{\"@id\":\"https:\\\/\\\/www.baque.com\\\/es\\\/#website\"},\"datePublished\":\"2018-02-22T10:08:31+00:00\",\"dateModified\":\"2022-08-05T08:50:59+00:00\",\"description\":\"Jakin non dagoen Caf\u00e9s Baqu\u00e9, bere egoitza nagusia eta herrialdeko ordezkaritzak, kafe onena modu eraginkorrean banatzeko.\",\"breadcrumb\":{\"@id\":\"https:\\\/\\\/www.baque.com\\\/eu\\\/ezagut-gaitzazu\\\/non-gaude\\\/#breadcrumb\"},\"inLanguage\":\"eu-ES\",\"potentialAction\":[{\"@type\":\"ReadAction\",\"target\":[\"https:\\\/\\\/www.baque.com\\\/eu\\\/ezagut-gaitzazu\\\/non-gaude\\\/\"]}]},{\"@type\":\"BreadcrumbList\",\"@id\":\"https:\\\/\\\/www.baque.com\\\/eu\\\/ezagut-gaitzazu\\\/non-gaude\\\/#breadcrumb\",\"itemListElement\":[{\"@type\":\"ListItem\",\"position\":1,\"name\":\"Portada\",\"item\":\"https:\\\/\\\/www.baque.com\\\/eu\\\/\"},{\"@type\":\"ListItem\",\"position\":2,\"name\":\"Ezagutu gaitzazu\",\"item\":\"https:\\\/\\\/www.baque.com\\\/eu\\\/ezagut-gaitzazu\\\/\"},{\"@type\":\"ListItem\",\"position\":3,\"name\":\"Non gaude\"}]},{\"@type\":\"WebSite\",\"@id\":\"https:\\\/\\\/www.baque.com\\\/es\\\/#website\",\"url\":\"https:\\\/\\\/www.baque.com\\\/es\\\/\",\"name\":\"Caf\u00e9s Baqu\u00e9\",\"description\":\"Somos l\u00edderes en hosteler\u00eda en Pa\u00eds Vasco y La Rioja y una de las marcas m\u00e1s reconocidas en el mercado nacional. Somos una empresa familiar en constante innovaci\u00f3n en el producto. Tostamos y distribuimos caf\u00e9 molido, en grano y c\u00e1psulas para disfrutar en casa, en el bar y en la oficina.\",\"potentialAction\":[{\"@type\":\"SearchAction\",\"target\":{\"@type\":\"EntryPoint\",\"urlTemplate\":\"https:\\\/\\\/www.baque.com\\\/es\\\/?s={search_term_string}\"},\"query-input\":{\"@type\":\"PropertyValueSpecification\",\"valueRequired\":true,\"valueName\":\"search_term_string\"}}],\"inLanguage\":\"eu-ES\"}]}<\/script>\n<!-- \/ Yoast SEO plugin. -->","yoast_head_json":{"title":"Non gaude | Kafe-hornitzaileak Espainian | Caf\u00e9s Baqu\u00e9","description":"Jakin non dagoen Caf\u00e9s Baqu\u00e9, bere egoitza nagusia eta herrialdeko ordezkaritzak, kafe onena modu eraginkorrean banatzeko.","robots":{"index":"index","follow":"follow","max-snippet":"max-snippet:-1","max-image-preview":"max-image-preview:large","max-video-preview":"max-video-preview:-1"},"og_locale":"eu_ES","og_type":"article","og_title":"Non gaude | Kafe-hornitzaileak Espainian | Caf\u00e9s Baqu\u00e9","og_description":"Jakin non dagoen Caf\u00e9s Baqu\u00e9, bere egoitza nagusia eta herrialdeko ordezkaritzak, kafe onena modu eraginkorrean banatzeko.","og_url":"https:\/\/www.baque.com\/eu\/ezagut-gaitzazu\/non-gaude\/","og_site_name":"Caf\u00e9s Baqu\u00e9","article_modified_time":"2022-08-05T08:50:59+00:00","twitter_card":"summary_large_image","twitter_misc":{"Est. reading time":"1 minute"},"schema":{"@context":"https:\/\/schema.org","@graph":[{"@type":"WebPage","@id":"https:\/\/www.baque.com\/eu\/ezagut-gaitzazu\/non-gaude\/","url":"https:\/\/www.baque.com\/eu\/ezagut-gaitzazu\/non-gaude\/","name":"Non gaude | Kafe-hornitzaileak Espainian | Caf\u00e9s Baqu\u00e9","isPartOf":{"@id":"https:\/\/www.baque.com\/es\/#website"},"datePublished":"2018-02-22T10:08:31+00:00","dateModified":"2022-08-05T08:50:59+00:00","description":"Jakin non dagoen Caf\u00e9s Baqu\u00e9, bere egoitza nagusia eta herrialdeko ordezkaritzak, kafe onena modu eraginkorrean banatzeko.","breadcrumb":{"@id":"https:\/\/www.baque.com\/eu\/ezagut-gaitzazu\/non-gaude\/#breadcrumb"},"inLanguage":"eu-ES","potentialAction":[{"@type":"ReadAction","target":["https:\/\/www.baque.com\/eu\/ezagut-gaitzazu\/non-gaude\/"]}]},{"@type":"BreadcrumbList","@id":"https:\/\/www.baque.com\/eu\/ezagut-gaitzazu\/non-gaude\/#breadcrumb","itemListElement":[{"@type":"ListItem","position":1,"name":"Portada","item":"https:\/\/www.baque.com\/eu\/"},{"@type":"ListItem","position":2,"name":"Ezagutu gaitzazu","item":"https:\/\/www.baque.com\/eu\/ezagut-gaitzazu\/"},{"@type":"ListItem","position":3,"name":"Non gaude"}]},{"@type":"WebSite","@id":"https:\/\/www.baque.com\/es\/#website","url":"https:\/\/www.baque.com\/es\/","name":"Caf\u00e9s Baqu\u00e9","description":"Somos l\u00edderes en hosteler\u00eda en Pa\u00eds Vasco y La Rioja y una de las marcas m\u00e1s reconocidas en el mercado nacional. Somos una empresa familiar en constante innovaci\u00f3n en el producto. Tostamos y distribuimos caf\u00e9 molido, en grano y c\u00e1psulas para disfrutar en casa, en el bar y en la oficina.","potentialAction":[{"@type":"SearchAction","target":{"@type":"EntryPoint","urlTemplate":"https:\/\/www.baque.com\/es\/?s={search_term_string}"},"query-input":{"@type":"PropertyValueSpecification","valueRequired":true,"valueName":"search_term_string"}}],"inLanguage":"eu-ES"}]}},"_links":{"self":[{"href":"https:\/\/www.baque.com\/eu\/wp-json\/wp\/v2\/pages\/1613","targetHints":{"allow":["GET"]}}],"collection":[{"href":"https:\/\/www.baque.com\/eu\/wp-json\/wp\/v2\/pages"}],"about":[{"href":"https:\/\/www.baque.com\/eu\/wp-json\/wp\/v2\/types\/page"}],"author":[{"embeddable":true,"href":"https:\/\/www.baque.com\/eu\/wp-json\/wp\/v2\/users\/1"}],"replies":[{"embeddable":true,"href":"https:\/\/www.baque.com\/eu\/wp-json\/wp\/v2\/comments?post=1613"}],"version-history":[{"count":7,"href":"https:\/\/www.baque.com\/eu\/wp-json\/wp\/v2\/pages\/1613\/revisions"}],"predecessor-version":[{"id":962271,"href":"https:\/\/www.baque.com\/eu\/wp-json\/wp\/v2\/pages\/1613\/revisions\/962271"}],"up":[{"embeddable":true,"href":"https:\/\/www.baque.com\/eu\/wp-json\/wp\/v2\/pages\/1562"}],"wp:attachment":[{"href":"https:\/\/www.baque.com\/eu\/wp-json\/wp\/v2\/media?parent=1613"}],"curies":[{"name":"wp","href":"https:\/\/api.w.org\/{rel}","templated":true}]}}