
{"id":1619,"date":"2018-02-22T10:30:08","date_gmt":"2018-02-22T10:30:08","guid":{"rendered":"http:\/\/www.baque.com\/?page_id=1619"},"modified":"2024-01-11T10:04:17","modified_gmt":"2024-01-11T09:04:17","slug":"erreferentziako-hornitzaileak","status":"publish","type":"page","link":"https:\/\/www.baque.com\/eu\/ostalaritzarako\/erreferentziako-hornitzaileak\/","title":{"rendered":"Erreferentziazko hornitzaileak"},"content":{"rendered":"<p><section  id='proveedores-de-referencia' class='multicol'><div class='container'><br \/>\n<div class='col1'><img src='\/wp-content\/themes\/baque\/img\/images\/proveedores-de-referencia.jpg' class='bg withoutbgresp' alt='' \/><\/div><\/p>\n<div class=\"col2\">\n<p class=\"text-left\">Liderrak gara ostalaritzan, eta sukaldaririk entzutetsuenek aukeratutako marka.<\/p>\n<p><img decoding=\"async\" class=\"bg withoutbgresp\" src=\"\/wp-content\/themes\/baque\/img\/images\/proveedores-de-referencia-cafe-1.jpg\" alt=\"\" \/><br \/>\n<div class='separator height25' ><\/div><\/p>\n<p class=\"text-left black\">Lehen kafe-marka gara nabaritasun espontaneoan, bai Euskadin eta bai Nafarroan.<\/p>\n<p><div class='separator height25' ><\/div><br \/>\n<img decoding=\"async\" class=\"bg withoutbgresp\" src=\"\/wp-content\/themes\/baque\/img\/images\/proveedores-de-referencia-cafe-2.jpg\" alt=\"\" \/><\/p>\n<\/div>\n<div class='col3'>\n<h2>Marka lider baten aintzatespena<\/h2>\n<ul>\n<li>Caf\u00e9s Baqu\u00e9 lehen kafe-marka da nabaritasun espontaneoan Euskadiko eta Nafarroako kontsumitzaileen artean*.<\/li>\n<li>Liderrak gara merkatuan, non ostalaritzako 100 establezimendutik 30 Caf\u00e9s Baqu\u00e9-ren bezero diren.<\/li>\n<li>Euskadin gehien kontsumitzen den kafe-marka gara, egunean 300.000 kafe baino gehiagorekin.<\/li>\n<li>Euskadiko kontsumo handiko kanalean %25eko balioko partaidetza daukagu.<\/li>\n<li>Azken urteetan gure presentzia sendotu dugu Errioxan, Gaztela eta Leonen, Madrilen eta Malagan.<\/li>\n<\/ul>\n<h2>Sukaldaririk entzutetsuenek Baqu\u00e9-n jarri dute konfiantza<\/h2>\n<p class=\"text-left\">Euskadi bere gastronomiaren maila altuagatik da berezia eta 20 jatetxetako 28 Michelin izarrekin aitortua izan da nazioartean, Caf\u00e9s Baqu\u00e9 delarik saritu horietako 7ren hornitzaile ofiziala**.<\/p>\n<p class=\"text-left\">Caf\u00e9s Baqu\u00e9-k harreman estua mantentzen du Euskadiko gizarte- eta gastronomia-erakundeekin, zeinak garrantzia berezia ematen dioten kafearen kalitateari eta prestakuntzari, katiluan emaitzarik onena lortzeko orduan.<\/p>\n<p class=\"text-left quote2\">*Iturria: Ikerfel, 2016. EAEko kafearen erosketaren eta kontsumoaren adierazleen analisiaren inguruko ikerketa.&lt;br\/*&gt;&lt;br\/*&gt;**2015eko datua.<\/p>\n<p><\/div><br \/>\n<\/div><\/section><br \/>\n<div class='separator height100' ><\/div><br \/>\n<section  id='proveedores-de-referencia-1' class='multicol'><div class='container'><\/p>\n<h2>Produktu onena lantzen jarraitzera animatzen gaituzten iritziak<\/h2>\n<p><\/div><\/section><br \/>\n<section  id='proveedores-de-referencia-2' class='multicol'><div class='container'><br \/>\n<div class='col1'><img src='\/wp-content\/themes\/baque\/img\/images\/proveedores-de-referencia-eneko-atxa.jpg' class='bg withoutbgresp' alt='' \/><\/div><br \/>\n<div class='col4'><\/p>\n<h2>ENEKO ATXA<\/h2>\n<p class=\"text-left quote\">\u201cBaqu\u00e9 familia, niretzako, eskuzabaltasuna da, lan bikaina, konpromisoa, pasioa, ardura, elkartasuna, babesa, konpromiso soziala, berrikuntzarako izaera, gertutasuna, eta, gainera&#8230; kafe aparta egiten dute!\u201d<\/p>\n<p class=\"text-left\"><strong>Eneko Atxa,<\/strong><br \/>\n4 Michelin izarrekin<br \/>\nsaritutako sukaldariburua.<\/p>\n<p><\/div><br \/>\n<\/div><\/section><br \/>\n<div class='separator height100' ><\/div><br \/>\n<section  id='proveedores-de-referencia-3' class='multicol'><div class='container'><br \/>\n<div class='col1'><img src='\/wp-content\/themes\/baque\/img\/images\/proveedores-de-referencia-grupo-iruna.jpg' class='bg withoutbgresp' alt='' \/><\/div><br \/>\n<div class='col4'><\/p>\n<h2>IRU\u00d1A TALDEA<\/h2>\n<p class=\"text-left quote\">\u201cEhun urtetik gorako bi enpresa, eskutik helduta.Caf\u00e9s Baqu\u00e9 eta Iru\u00f1a Taldeak negozioan funtsezko eta oinarrizko diren aspektu asko partekatzen dituzte.200 urte baino gehiago batzen dituzten bi negozio.Bi enpresek bilatzen dute amaierako bezeroarengan emozio positiboak sortzea; biak ari dira zerbitzuaren malgutasunean eta haren kalitatean lanean, enpresa-etika nabari batekin, produktuaren berrikuntza- eta bilakaera-marko baten baitan; eta, batez ere, produktuaren kalitatea mantentzeko autoexijentzia maximo batetik abiatuta.\u201d<\/p>\n<p class=\"text-left\"><strong>Ignacio Cano Ajuria,<\/strong><br \/>\nIru\u00f1a Taldeko gerentea.<\/p>\n<p><\/div><br \/>\n<\/div><\/section><br \/>\n<div class='separator height100' ><\/div><br \/>\n<section  id='proveedores-de-referencia-4' class='multicol'><div class='container'><br \/>\n<div class='col1'><img src='\/wp-content\/themes\/baque\/img\/images\/proveedores-de-referencia-amazonico.jpg' class='bg withoutbgresp' alt='' \/><\/div><br \/>\n<div class='col4'><\/p>\n<h2>AMAZ\u00d3NICO<\/h2>\n<p class=\"text-left quote\">\u201cAmaz\u00f3nico esperientzia bat da, bere ateak gurutzatzen duen oro freskotasunez, aromaz eta sentsazioz hartzen saiatzen dena.Esperientzia horren osagarri gisa, aroma basati, fresko eta naturalak transmititzen dituen kafe bat behar genuen eta Caf\u00e9s Baqu\u00e9 daukagu orain, bere esperientzia eta trebetasunarekin, bidaia ahaztezin honetan lagun.Negozio bakoitza modu berdingabean ulertzen duen enpresa bat.\u201d<\/p>\n<p class=\"text-left\"><strong>Sandro Silva,<\/strong><br \/>\nAmaz\u00f3nico jatetxeko<br \/>\njabea eta sukaldariburua.<\/p>\n<p><\/div><br \/>\n<\/div><\/section><\/p>\n<p><div class='separator height50' ><\/div><br \/>\n<section  id='informacion' class='videophoto expand'><img src='\/wp-content\/themes\/baque\/img\/images\/informacion.jpg' class='bg' alt='' \/><img src='\/wp-content\/themes\/baque\/img\/images\/informacion_resp.jpg' class='bgresp' alt='' \/><div class='container'><\/p>\n<h2 class=\"likeh1\">BERAIEN KONFIANTZA<br \/>\nBADAUKAGU JADA, ETA ZUREA?<br \/>\nESKATU ORAIN<br \/>\nINFORMAZIO GEHIAGO<br \/>\nKONPROMISORIK GABE.<\/h2>\n<p><a href='https:\/\/www.baque.com\/eu\/kontaktua\/' class='button  white'>INFORMAZIO GEHIAGO<\/a><br \/>\n<\/div><\/section><br \/>\n<section  id='proveedores-de-referencia-6' class='squares videophoto cols3 borderwhite borderwhitefooter'><br \/>\n<div  class='square nocontainer'>\n\t\t\t<img src='\/wp-content\/themes\/baque\/img\/images\/proveedores-de-referencia-1.jpg' class='bg withoutbgresp' alt='' \/>\n\t\t\t\n\t\t\t<div class='container'>\n\t\t\t\t\n\t\t\t<\/div>\n\t\t<\/div><br \/>\n<div  class='square nocontainer'>\n\t\t\t<img src='\/wp-content\/themes\/baque\/img\/images\/proveedores-de-referencia-2.jpg' class='bg withoutbgresp' alt='' \/>\n\t\t\t\n\t\t\t<div class='container'>\n\t\t\t\t\n\t\t\t<\/div>\n\t\t<\/div><br \/>\n<div  class='square nocontainer'>\n\t\t\t<img src='\/wp-content\/themes\/baque\/img\/images\/proveedores-de-referencia-3.jpg' class='bg withoutbgresp' alt='' \/>\n\t\t\t\n\t\t\t<div class='container'>\n\t\t\t\t\n\t\t\t<\/div>\n\t\t<\/div><br \/>\n<\/section><\/p>\n","protected":false},"excerpt":{"rendered":"","protected":false},"author":1,"featured_media":0,"parent":1639,"menu_order":100,"comment_status":"closed","ping_status":"closed","template":"","meta":{"_acf_changed":false,"footnotes":""},"class_list":["post-1619","page","type-page","status-publish","hentry"],"acf":[],"yoast_head":"<!-- This site is optimized with the Yoast SEO plugin v27.3 - https:\/\/yoast.com\/product\/yoast-seo-wordpress\/ -->\n<title>Erreferentziako hornitzaileak | Ostalaritzarako kafea | Caf\u00e9s Baqu\u00e9<\/title>\n<meta name=\"description\" content=\"Lehen kafe-marka gara nabaritasun espontaneoan, bai Euskadin eta bai Nafarroan. Liderrak gara merkatuan, non ostalaritzako 100 establezimendutik 30 Caf\u00e9s Baqu\u00e9-ren bezero diren.\" \/>\n<meta name=\"robots\" content=\"index, follow, max-snippet:-1, max-image-preview:large, max-video-preview:-1\" \/>\n<meta property=\"og:locale\" content=\"eu_ES\" \/>\n<meta property=\"og:type\" content=\"article\" \/>\n<meta property=\"og:title\" content=\"Erreferentziako hornitzaileak | Ostalaritzarako kafea | Caf\u00e9s Baqu\u00e9\" \/>\n<meta property=\"og:description\" content=\"Lehen kafe-marka gara nabaritasun espontaneoan, bai Euskadin eta bai Nafarroan. Liderrak gara merkatuan, non ostalaritzako 100 establezimendutik 30 Caf\u00e9s Baqu\u00e9-ren bezero diren.\" \/>\n<meta property=\"og:url\" content=\"https:\/\/www.baque.com\/eu\/ostalaritzarako\/erreferentziako-hornitzaileak\/\" \/>\n<meta property=\"og:site_name\" content=\"Caf\u00e9s Baqu\u00e9\" \/>\n<meta property=\"article:modified_time\" content=\"2024-01-11T09:04:17+00:00\" \/>\n<meta name=\"twitter:card\" content=\"summary_large_image\" \/>\n<meta name=\"twitter:label1\" content=\"Est. reading time\" \/>\n\t<meta name=\"twitter:data1\" content=\"3 minutes\" \/>\n<script type=\"application\/ld+json\" class=\"yoast-schema-graph\">{\"@context\":\"https:\\\/\\\/schema.org\",\"@graph\":[{\"@type\":\"WebPage\",\"@id\":\"https:\\\/\\\/www.baque.com\\\/eu\\\/ostalaritzarako\\\/erreferentziako-hornitzaileak\\\/\",\"url\":\"https:\\\/\\\/www.baque.com\\\/eu\\\/ostalaritzarako\\\/erreferentziako-hornitzaileak\\\/\",\"name\":\"Erreferentziako hornitzaileak | Ostalaritzarako kafea | Caf\u00e9s Baqu\u00e9\",\"isPartOf\":{\"@id\":\"https:\\\/\\\/www.baque.com\\\/es\\\/#website\"},\"datePublished\":\"2018-02-22T10:30:08+00:00\",\"dateModified\":\"2024-01-11T09:04:17+00:00\",\"description\":\"Lehen kafe-marka gara nabaritasun espontaneoan, bai Euskadin eta bai Nafarroan. Liderrak gara merkatuan, non ostalaritzako 100 establezimendutik 30 Caf\u00e9s Baqu\u00e9-ren bezero diren.\",\"breadcrumb\":{\"@id\":\"https:\\\/\\\/www.baque.com\\\/eu\\\/ostalaritzarako\\\/erreferentziako-hornitzaileak\\\/#breadcrumb\"},\"inLanguage\":\"eu-ES\",\"potentialAction\":[{\"@type\":\"ReadAction\",\"target\":[\"https:\\\/\\\/www.baque.com\\\/eu\\\/ostalaritzarako\\\/erreferentziako-hornitzaileak\\\/\"]}]},{\"@type\":\"BreadcrumbList\",\"@id\":\"https:\\\/\\\/www.baque.com\\\/eu\\\/ostalaritzarako\\\/erreferentziako-hornitzaileak\\\/#breadcrumb\",\"itemListElement\":[{\"@type\":\"ListItem\",\"position\":1,\"name\":\"Portada\",\"item\":\"https:\\\/\\\/www.baque.com\\\/eu\\\/\"},{\"@type\":\"ListItem\",\"position\":2,\"name\":\"Zure negoziorako soluzioak\",\"item\":\"https:\\\/\\\/www.baque.com\\\/eu\\\/ostalaritzarako\\\/\"},{\"@type\":\"ListItem\",\"position\":3,\"name\":\"Erreferentziazko hornitzaileak\"}]},{\"@type\":\"WebSite\",\"@id\":\"https:\\\/\\\/www.baque.com\\\/es\\\/#website\",\"url\":\"https:\\\/\\\/www.baque.com\\\/es\\\/\",\"name\":\"Caf\u00e9s Baqu\u00e9\",\"description\":\"Somos l\u00edderes en hosteler\u00eda en Pa\u00eds Vasco y La Rioja y una de las marcas m\u00e1s reconocidas en el mercado nacional. Somos una empresa familiar en constante innovaci\u00f3n en el producto. Tostamos y distribuimos caf\u00e9 molido, en grano y c\u00e1psulas para disfrutar en casa, en el bar y en la oficina.\",\"potentialAction\":[{\"@type\":\"SearchAction\",\"target\":{\"@type\":\"EntryPoint\",\"urlTemplate\":\"https:\\\/\\\/www.baque.com\\\/es\\\/?s={search_term_string}\"},\"query-input\":{\"@type\":\"PropertyValueSpecification\",\"valueRequired\":true,\"valueName\":\"search_term_string\"}}],\"inLanguage\":\"eu-ES\"}]}<\/script>\n<!-- \/ Yoast SEO plugin. -->","yoast_head_json":{"title":"Erreferentziako hornitzaileak | Ostalaritzarako kafea | Caf\u00e9s Baqu\u00e9","description":"Lehen kafe-marka gara nabaritasun espontaneoan, bai Euskadin eta bai Nafarroan. Liderrak gara merkatuan, non ostalaritzako 100 establezimendutik 30 Caf\u00e9s Baqu\u00e9-ren bezero diren.","robots":{"index":"index","follow":"follow","max-snippet":"max-snippet:-1","max-image-preview":"max-image-preview:large","max-video-preview":"max-video-preview:-1"},"og_locale":"eu_ES","og_type":"article","og_title":"Erreferentziako hornitzaileak | Ostalaritzarako kafea | Caf\u00e9s Baqu\u00e9","og_description":"Lehen kafe-marka gara nabaritasun espontaneoan, bai Euskadin eta bai Nafarroan. Liderrak gara merkatuan, non ostalaritzako 100 establezimendutik 30 Caf\u00e9s Baqu\u00e9-ren bezero diren.","og_url":"https:\/\/www.baque.com\/eu\/ostalaritzarako\/erreferentziako-hornitzaileak\/","og_site_name":"Caf\u00e9s Baqu\u00e9","article_modified_time":"2024-01-11T09:04:17+00:00","twitter_card":"summary_large_image","twitter_misc":{"Est. reading time":"3 minutes"},"schema":{"@context":"https:\/\/schema.org","@graph":[{"@type":"WebPage","@id":"https:\/\/www.baque.com\/eu\/ostalaritzarako\/erreferentziako-hornitzaileak\/","url":"https:\/\/www.baque.com\/eu\/ostalaritzarako\/erreferentziako-hornitzaileak\/","name":"Erreferentziako hornitzaileak | Ostalaritzarako kafea | Caf\u00e9s Baqu\u00e9","isPartOf":{"@id":"https:\/\/www.baque.com\/es\/#website"},"datePublished":"2018-02-22T10:30:08+00:00","dateModified":"2024-01-11T09:04:17+00:00","description":"Lehen kafe-marka gara nabaritasun espontaneoan, bai Euskadin eta bai Nafarroan. Liderrak gara merkatuan, non ostalaritzako 100 establezimendutik 30 Caf\u00e9s Baqu\u00e9-ren bezero diren.","breadcrumb":{"@id":"https:\/\/www.baque.com\/eu\/ostalaritzarako\/erreferentziako-hornitzaileak\/#breadcrumb"},"inLanguage":"eu-ES","potentialAction":[{"@type":"ReadAction","target":["https:\/\/www.baque.com\/eu\/ostalaritzarako\/erreferentziako-hornitzaileak\/"]}]},{"@type":"BreadcrumbList","@id":"https:\/\/www.baque.com\/eu\/ostalaritzarako\/erreferentziako-hornitzaileak\/#breadcrumb","itemListElement":[{"@type":"ListItem","position":1,"name":"Portada","item":"https:\/\/www.baque.com\/eu\/"},{"@type":"ListItem","position":2,"name":"Zure negoziorako soluzioak","item":"https:\/\/www.baque.com\/eu\/ostalaritzarako\/"},{"@type":"ListItem","position":3,"name":"Erreferentziazko hornitzaileak"}]},{"@type":"WebSite","@id":"https:\/\/www.baque.com\/es\/#website","url":"https:\/\/www.baque.com\/es\/","name":"Caf\u00e9s Baqu\u00e9","description":"Somos l\u00edderes en hosteler\u00eda en Pa\u00eds Vasco y La Rioja y una de las marcas m\u00e1s reconocidas en el mercado nacional. Somos una empresa familiar en constante innovaci\u00f3n en el producto. Tostamos y distribuimos caf\u00e9 molido, en grano y c\u00e1psulas para disfrutar en casa, en el bar y en la oficina.","potentialAction":[{"@type":"SearchAction","target":{"@type":"EntryPoint","urlTemplate":"https:\/\/www.baque.com\/es\/?s={search_term_string}"},"query-input":{"@type":"PropertyValueSpecification","valueRequired":true,"valueName":"search_term_string"}}],"inLanguage":"eu-ES"}]}},"_links":{"self":[{"href":"https:\/\/www.baque.com\/eu\/wp-json\/wp\/v2\/pages\/1619","targetHints":{"allow":["GET"]}}],"collection":[{"href":"https:\/\/www.baque.com\/eu\/wp-json\/wp\/v2\/pages"}],"about":[{"href":"https:\/\/www.baque.com\/eu\/wp-json\/wp\/v2\/types\/page"}],"author":[{"embeddable":true,"href":"https:\/\/www.baque.com\/eu\/wp-json\/wp\/v2\/users\/1"}],"replies":[{"embeddable":true,"href":"https:\/\/www.baque.com\/eu\/wp-json\/wp\/v2\/comments?post=1619"}],"version-history":[{"count":3,"href":"https:\/\/www.baque.com\/eu\/wp-json\/wp\/v2\/pages\/1619\/revisions"}],"predecessor-version":[{"id":1989744,"href":"https:\/\/www.baque.com\/eu\/wp-json\/wp\/v2\/pages\/1619\/revisions\/1989744"}],"up":[{"embeddable":true,"href":"https:\/\/www.baque.com\/eu\/wp-json\/wp\/v2\/pages\/1639"}],"wp:attachment":[{"href":"https:\/\/www.baque.com\/eu\/wp-json\/wp\/v2\/media?parent=1619"}],"curies":[{"name":"wp","href":"https:\/\/api.w.org\/{rel}","templated":true}]}}