
{"id":1639,"date":"2018-02-22T10:56:02","date_gmt":"2018-02-22T10:56:02","guid":{"rendered":"http:\/\/www.baque.com\/?page_id=1639"},"modified":"2018-11-07T10:43:18","modified_gmt":"2018-11-07T08:43:18","slug":"ostalaritzarako","status":"publish","type":"page","link":"https:\/\/www.baque.com\/eu\/ostalaritzarako\/","title":{"rendered":"Zure negoziorako soluzioak"},"content":{"rendered":"<section  id='soluciones-para-tu-negocio' class='introtext'><div class='container'>\n<h2>Adituak gara ostalaritzarako kafean.<\/h2>\n<p class=\"text-center\">Caf\u00e9s Baqu\u00e9-n gure bezero eta kontsumitzaileen beharren jakitun gara, eta, hori dela eta, inbertitu egiten dugu urtez urte beraien inguruko ezagutzan sakontzeko, negozio eta kontsumo-momentu bakoitzera egokitzen diren soluzio desberdinak eskaintzeko. Hala, balio handiko hornitzaile integral bilakatzen gara ostalariarentzako.<\/p>\n<p class=\"text-center\">Ezagutu ostalaritzarako gure produktuak eta asteko 7 eguneko eta urteko 365 eguneko bezeroaren arreta-zerbitzua.<\/p>\n<p><\/div><\/section><br \/>\n<section  id='soluciones-para-tu-negocio-1' class='videophoto expand'><img src='\/wp-content\/themes\/baque\/img\/images\/para-tu-negocio-nuestro-cafe.jpg' class='bg' alt='' \/><img src='\/wp-content\/themes\/baque\/img\/images\/para-tu-negocio-nuestro-cafe_resp.jpg' class='bgresp' alt='' \/><div class='container'>\n\t\t\t<h2 class=\"likeh1\">GURE<br\/>KAFEA<\/h2>\n\t\t\t<h3 class=\"likeh2\">KAFE PAREGABEA<br\/>AHO FINENTZAT.<\/h3>\n\t\t\t<a href='https:\/\/www.baque.com\/eu\/ostalaritzarako\/kafea\/' class='button  white'>KAFEA IKUSI<\/a>\n\t\t<\/div><\/section><br \/>\n<section  id='soluciones-para-tu-negocio-3' class='squares squares videophoto expand cols3 borderwhite borderwhitefooter'><br \/>\n\t<div  class='square'>\n\t\t\t<img src='\/wp-content\/uploads\/2018\/03\/soluciones-para-tu-negocio-te-e-infusiones.jpg' class='bg withoutbgresp' alt='' \/>\n\t\t\t\n\t\t\t<div class='container'>\n\t\t\t\t\n\t\t\t<h2 class=\"likeh1\">TEAK ETA INFUSIOAK<\/h2>\n\t\t\t<h3 class=\"likeh2\">INFUSIO PERFEKTUA,<br\/>GUSTU ETA FORMATU<\/br>GUZTIETARA EGOKITUA.<\/h3>\n\t\t\t<a href='https:\/\/www.baque.com\/eu\/ostalaritzarako\/teak-infusioak\/' class='button  white'>TEAK ETA INFUSIOAK IKUSI<\/a>\n\t\t\n\t\t\t<\/div>\n\t\t<\/div><br \/>\n\t<br \/>\n\t<div  class='square'>\n\t\t\t<img src='\/wp-content\/uploads\/2018\/10\/soluciones-para-tu-negocio-nuestro-servicio-baque.jpg' class='bg withoutbgresp' alt='' \/>\n\t\t\t\n\t\t\t<div class='container'>\n\t\t\t\t<\/p>\n<h2 class=\"likeh1\">GURE<br \/>ZERBITZUA<\/h2>\n<h3 class=\"likeh2\">\nZerbitzu bakarra zu bezalako pertsonentzat.<br \/>\n<\/h3>\n<p>\t\t<a href='https:\/\/www.baque.com\/eu\/ostalaritzarako\/aholkularitza-zerbitzua\/' class='button  white'>ZERBITZUAK IKUSI<\/a><br \/>\n\t\n\t\t\t<\/div>\n\t\t<\/div><br \/>\n\t<div  class='square'>\n\t\t\t<img src='\/wp-content\/uploads\/2018\/10\/soluciones-para-tu-negocio-referencia.jpg' class='bg withoutbgresp' alt='' \/>\n\t\t\t\n\t\t\t<div class='container'>\n\t\t\t\t<\/p>\n<h2 class=\"likeh1\">ERREFERENTZIAZKO<br \/>HORNITZAILEAK<\/h2>\n<h3 class=\"likeh2\">\nLiderrak ostalaritzan eta izen handiko<br \/>\n<br \/>\nchefek aukeratutako marka.<br \/>\n<\/h3>\n<p>\t\t<a href='https:\/\/www.baque.com\/eu\/ostalaritzarako\/erreferentziako-hornitzaileak\/' class='button  white'>AURKITU BIKAINTASUNA<\/a><br \/>\n\t\n\t\t\t<\/div>\n\t\t<\/div><br \/>\n<\/section><br \/>\n<div class='separator height25' ><\/div><br \/>\n<section  id='soluciones-para-tu-negocio-5' class='multicol'><div class='container'><br \/>\n\t<div class='productbox'><div><img src='\/wp-content\/themes\/baque\/img\/images\/para-tu-negocio-milk-shakes-cacaos.jpg' alt='' \/><\/div><\/p>\n<h3 class=\"likeh2\">MILK SHAKES-AK ETA KAKAOAK<\/h3>\n<p>\t\t<a href='https:\/\/www.baque.com\/eu\/ostalaritzarako\/esne-kakao-disolbagarriak\/' class='button  white'>EZAGUTU PRODUKTUAK<\/a><br \/>\n\t<\/div><br \/>\n\t<div class='productbox'><div><img src='\/wp-content\/themes\/baque\/img\/images\/para-tu-negocio-bebidas-verano.jpg' alt='' \/><\/div><\/p>\n<h3 class=\"likeh2\">UDAKO EDARIAK<\/h3>\n<p>\t\t<a href='https:\/\/www.baque.com\/eu\/ostalaritzarako\/udako-edariak\/' class='button  white'>EZAGUTU PRODUKTUAK<\/a><br \/>\n\t<\/div><br \/>\n\t<div class='productbox'><div><img src='\/wp-content\/themes\/baque\/img\/images\/para-tu-negocio-endulzantes.jpg' alt='' \/><\/div><\/p>\n<h3 class=\"likeh2\">GOZAGARRIAK<\/h3>\n<p>\t\t<a href='https:\/\/www.baque.com\/eu\/ostalaritzarako\/gozagarriak\/' class='button  white'>EZAGUTU PRODUKTUAK<\/a><br \/>\n\t<\/div><br \/>\n\t<div class='productbox'><div><img src='\/wp-content\/themes\/baque\/img\/images\/para-tu-negocio-dulces.jpg' alt='' \/><\/div><\/p>\n<h3 class=\"likeh2\">GOZOKIAK<\/h3>\n<p>\t\t<a href='https:\/\/www.baque.com\/eu\/ostalaritzarako\/gozoak\/' class='button  white'>EZAGUTU PRODUKTUAK<\/a><br \/>\n\t<\/div><br \/>\n\t<div class='productbox'><div><img src='\/wp-content\/themes\/baque\/img\/images\/para-tu-negocio-accesorios.jpg' alt='' \/><\/div><\/p>\n<h3 class=\"likeh2\">OSAGARRIAK<\/h3>\n<p>\t\t<a href='https:\/\/www.baque.com\/eu\/ostalaritzarako\/osagarriak\/' class='button  white'>EZAGUTU PRODUKTUAK<\/a><br \/>\n\t<\/div><br \/>\n<\/div><\/section><br \/>\n<div class='separator height100' ><\/div><br \/>\n<section  id='soluciones-para-tu-negocio-6' class='multicol'><div class='container'><br \/>\n\t<div class='col1'><img src='\/wp-content\/themes\/baque\/img\/images\/soluciones-apara-tu-negocio-apuesta-tecnologia-baque.jpg' class='bg withoutbgresp' alt='' \/><\/div><br \/>\n\t<div class='col2'>\n\t\t<p class='text-left'>Teknologiaren eta kalitatearen aldeko apustua egiten dugu zure negoziorako soluzioak eskaintzeko.<\/p>\n\t\t\n\t<\/div><br \/>\n\t<div class='col3'><\/p>\n<p class=\"text-left\"><strong>Teknologiarik aurreratuena<\/strong>z baliatzen gara, produkturik onena bermatzeko. Halaber, arreta pertsonalizaturik onena eskaintzen du gure lantalde komertzial eta teknikoak. Faktore horiei esker, <strong>kalitatearen alde egiten dugun apustu etengabeari<\/strong> eta gure kalitate-kontrol zorrotzei lotuta, eta gure ekoizpen-prozesuarekin bat eginda, non jatorriaren arabera txigortu eta material nobleekin ontziratzen dugun, <strong>ostalaritzan lider den kafea<\/strong> lortzen dugu: zure bezeroek kafetegian hartu nahi duten kafe hori berbera.<\/p>\n<p>\t<\/div><br \/>\n<\/div><\/section><\/p>\n","protected":false},"excerpt":{"rendered":"","protected":false},"author":1,"featured_media":0,"parent":0,"menu_order":40,"comment_status":"closed","ping_status":"closed","template":"","meta":{"_acf_changed":false,"footnotes":""},"class_list":["post-1639","page","type-page","status-publish","hentry"],"acf":[],"yoast_head":"<!-- This site is optimized with the Yoast SEO plugin v27.3 - https:\/\/yoast.com\/product\/yoast-seo-wordpress\/ -->\n<title>Ostalaritzarako eta negozioetarako kafea | Ostalaritzarako kafe-hornitzaileak<\/title>\n<meta name=\"description\" content=\"Caf\u00e9s Baqu\u00e9-n adituak gara ostalaritzarako kafean. Gure bezeroen eta kontsumitzaileen beharren jakitun gara, eta hori dela-eta, negozio eta kontsumo-une bakoitzera egokitzen diren soluzioak eskaintzen dizkizugu. Hala, balio handiko hornitzaile integral bilakatzen gara ostalariarentzako.\" \/>\n<meta name=\"robots\" content=\"index, follow, max-snippet:-1, max-image-preview:large, max-video-preview:-1\" \/>\n<meta property=\"og:locale\" content=\"eu_ES\" \/>\n<meta property=\"og:type\" content=\"article\" \/>\n<meta property=\"og:title\" content=\"Ostalaritzarako eta negozioetarako kafea | Ostalaritzarako kafe-hornitzaileak\" \/>\n<meta property=\"og:description\" content=\"Caf\u00e9s Baqu\u00e9-n adituak gara ostalaritzarako kafean. Gure bezeroen eta kontsumitzaileen beharren jakitun gara, eta hori dela-eta, negozio eta kontsumo-une bakoitzera egokitzen diren soluzioak eskaintzen dizkizugu. Hala, balio handiko hornitzaile integral bilakatzen gara ostalariarentzako.\" \/>\n<meta property=\"og:url\" content=\"https:\/\/www.baque.com\/eu\/ostalaritzarako\/\" \/>\n<meta property=\"og:site_name\" content=\"Caf\u00e9s Baqu\u00e9\" \/>\n<meta property=\"article:modified_time\" content=\"2018-11-07T08:43:18+00:00\" \/>\n<meta name=\"twitter:card\" content=\"summary_large_image\" \/>\n<meta name=\"twitter:label1\" content=\"Est. reading time\" \/>\n\t<meta name=\"twitter:data1\" content=\"2 minutes\" \/>\n<script type=\"application\/ld+json\" class=\"yoast-schema-graph\">{\"@context\":\"https:\\\/\\\/schema.org\",\"@graph\":[{\"@type\":\"WebPage\",\"@id\":\"https:\\\/\\\/www.baque.com\\\/eu\\\/ostalaritzarako\\\/\",\"url\":\"https:\\\/\\\/www.baque.com\\\/eu\\\/ostalaritzarako\\\/\",\"name\":\"Ostalaritzarako eta negozioetarako kafea | Ostalaritzarako kafe-hornitzaileak\",\"isPartOf\":{\"@id\":\"https:\\\/\\\/www.baque.com\\\/es\\\/#website\"},\"datePublished\":\"2018-02-22T10:56:02+00:00\",\"dateModified\":\"2018-11-07T08:43:18+00:00\",\"description\":\"Caf\u00e9s Baqu\u00e9-n adituak gara ostalaritzarako kafean. Gure bezeroen eta kontsumitzaileen beharren jakitun gara, eta hori dela-eta, negozio eta kontsumo-une bakoitzera egokitzen diren soluzioak eskaintzen dizkizugu. Hala, balio handiko hornitzaile integral bilakatzen gara ostalariarentzako.\",\"breadcrumb\":{\"@id\":\"https:\\\/\\\/www.baque.com\\\/eu\\\/ostalaritzarako\\\/#breadcrumb\"},\"inLanguage\":\"eu-ES\",\"potentialAction\":[{\"@type\":\"ReadAction\",\"target\":[\"https:\\\/\\\/www.baque.com\\\/eu\\\/ostalaritzarako\\\/\"]}]},{\"@type\":\"BreadcrumbList\",\"@id\":\"https:\\\/\\\/www.baque.com\\\/eu\\\/ostalaritzarako\\\/#breadcrumb\",\"itemListElement\":[{\"@type\":\"ListItem\",\"position\":1,\"name\":\"Portada\",\"item\":\"https:\\\/\\\/www.baque.com\\\/eu\\\/\"},{\"@type\":\"ListItem\",\"position\":2,\"name\":\"Zure negoziorako soluzioak\"}]},{\"@type\":\"WebSite\",\"@id\":\"https:\\\/\\\/www.baque.com\\\/es\\\/#website\",\"url\":\"https:\\\/\\\/www.baque.com\\\/es\\\/\",\"name\":\"Caf\u00e9s Baqu\u00e9\",\"description\":\"Somos l\u00edderes en hosteler\u00eda en Pa\u00eds Vasco y La Rioja y una de las marcas m\u00e1s reconocidas en el mercado nacional. Somos una empresa familiar en constante innovaci\u00f3n en el producto. Tostamos y distribuimos caf\u00e9 molido, en grano y c\u00e1psulas para disfrutar en casa, en el bar y en la oficina.\",\"potentialAction\":[{\"@type\":\"SearchAction\",\"target\":{\"@type\":\"EntryPoint\",\"urlTemplate\":\"https:\\\/\\\/www.baque.com\\\/es\\\/?s={search_term_string}\"},\"query-input\":{\"@type\":\"PropertyValueSpecification\",\"valueRequired\":true,\"valueName\":\"search_term_string\"}}],\"inLanguage\":\"eu-ES\"}]}<\/script>\n<!-- \/ Yoast SEO plugin. -->","yoast_head_json":{"title":"Ostalaritzarako eta negozioetarako kafea | Ostalaritzarako kafe-hornitzaileak","description":"Caf\u00e9s Baqu\u00e9-n adituak gara ostalaritzarako kafean. Gure bezeroen eta kontsumitzaileen beharren jakitun gara, eta hori dela-eta, negozio eta kontsumo-une bakoitzera egokitzen diren soluzioak eskaintzen dizkizugu. Hala, balio handiko hornitzaile integral bilakatzen gara ostalariarentzako.","robots":{"index":"index","follow":"follow","max-snippet":"max-snippet:-1","max-image-preview":"max-image-preview:large","max-video-preview":"max-video-preview:-1"},"og_locale":"eu_ES","og_type":"article","og_title":"Ostalaritzarako eta negozioetarako kafea | Ostalaritzarako kafe-hornitzaileak","og_description":"Caf\u00e9s Baqu\u00e9-n adituak gara ostalaritzarako kafean. Gure bezeroen eta kontsumitzaileen beharren jakitun gara, eta hori dela-eta, negozio eta kontsumo-une bakoitzera egokitzen diren soluzioak eskaintzen dizkizugu. Hala, balio handiko hornitzaile integral bilakatzen gara ostalariarentzako.","og_url":"https:\/\/www.baque.com\/eu\/ostalaritzarako\/","og_site_name":"Caf\u00e9s Baqu\u00e9","article_modified_time":"2018-11-07T08:43:18+00:00","twitter_card":"summary_large_image","twitter_misc":{"Est. reading time":"2 minutes"},"schema":{"@context":"https:\/\/schema.org","@graph":[{"@type":"WebPage","@id":"https:\/\/www.baque.com\/eu\/ostalaritzarako\/","url":"https:\/\/www.baque.com\/eu\/ostalaritzarako\/","name":"Ostalaritzarako eta negozioetarako kafea | Ostalaritzarako kafe-hornitzaileak","isPartOf":{"@id":"https:\/\/www.baque.com\/es\/#website"},"datePublished":"2018-02-22T10:56:02+00:00","dateModified":"2018-11-07T08:43:18+00:00","description":"Caf\u00e9s Baqu\u00e9-n adituak gara ostalaritzarako kafean. Gure bezeroen eta kontsumitzaileen beharren jakitun gara, eta hori dela-eta, negozio eta kontsumo-une bakoitzera egokitzen diren soluzioak eskaintzen dizkizugu. Hala, balio handiko hornitzaile integral bilakatzen gara ostalariarentzako.","breadcrumb":{"@id":"https:\/\/www.baque.com\/eu\/ostalaritzarako\/#breadcrumb"},"inLanguage":"eu-ES","potentialAction":[{"@type":"ReadAction","target":["https:\/\/www.baque.com\/eu\/ostalaritzarako\/"]}]},{"@type":"BreadcrumbList","@id":"https:\/\/www.baque.com\/eu\/ostalaritzarako\/#breadcrumb","itemListElement":[{"@type":"ListItem","position":1,"name":"Portada","item":"https:\/\/www.baque.com\/eu\/"},{"@type":"ListItem","position":2,"name":"Zure negoziorako soluzioak"}]},{"@type":"WebSite","@id":"https:\/\/www.baque.com\/es\/#website","url":"https:\/\/www.baque.com\/es\/","name":"Caf\u00e9s Baqu\u00e9","description":"Somos l\u00edderes en hosteler\u00eda en Pa\u00eds Vasco y La Rioja y una de las marcas m\u00e1s reconocidas en el mercado nacional. Somos una empresa familiar en constante innovaci\u00f3n en el producto. Tostamos y distribuimos caf\u00e9 molido, en grano y c\u00e1psulas para disfrutar en casa, en el bar y en la oficina.","potentialAction":[{"@type":"SearchAction","target":{"@type":"EntryPoint","urlTemplate":"https:\/\/www.baque.com\/es\/?s={search_term_string}"},"query-input":{"@type":"PropertyValueSpecification","valueRequired":true,"valueName":"search_term_string"}}],"inLanguage":"eu-ES"}]}},"_links":{"self":[{"href":"https:\/\/www.baque.com\/eu\/wp-json\/wp\/v2\/pages\/1639","targetHints":{"allow":["GET"]}}],"collection":[{"href":"https:\/\/www.baque.com\/eu\/wp-json\/wp\/v2\/pages"}],"about":[{"href":"https:\/\/www.baque.com\/eu\/wp-json\/wp\/v2\/types\/page"}],"author":[{"embeddable":true,"href":"https:\/\/www.baque.com\/eu\/wp-json\/wp\/v2\/users\/1"}],"replies":[{"embeddable":true,"href":"https:\/\/www.baque.com\/eu\/wp-json\/wp\/v2\/comments?post=1639"}],"version-history":[{"count":4,"href":"https:\/\/www.baque.com\/eu\/wp-json\/wp\/v2\/pages\/1639\/revisions"}],"predecessor-version":[{"id":5001,"href":"https:\/\/www.baque.com\/eu\/wp-json\/wp\/v2\/pages\/1639\/revisions\/5001"}],"wp:attachment":[{"href":"https:\/\/www.baque.com\/eu\/wp-json\/wp\/v2\/media?parent=1639"}],"curies":[{"name":"wp","href":"https:\/\/api.w.org\/{rel}","templated":true}]}}