
{"id":1649,"date":"2018-02-22T11:23:15","date_gmt":"2018-02-22T11:23:15","guid":{"rendered":"http:\/\/www.baque.com\/?page_id=1649"},"modified":"2024-06-14T11:39:06","modified_gmt":"2024-06-14T09:39:06","slug":"esne-kakao-disolbagarriak","status":"publish","type":"page","link":"https:\/\/www.baque.com\/eu\/ostalaritzarako\/esne-kakao-disolbagarriak\/","title":{"rendered":"Ostalaritzarako esne eta kakao disolbagarriak"},"content":{"rendered":"<p><section  id='milk-shakes-cacaos' class='videophoto expand nocontainer'><img src='\/wp-content\/themes\/baque\/img\/images\/milkshakes-cacaos-negocio.jpg' class='bg' alt='' \/><img src='\/wp-content\/themes\/baque\/img\/images\/milkshakes-cacaos-negocio_resp.jpg' class='bgresp' alt='' \/><div class='container'><\/div><\/section><br \/>\n<div class='separator height50' ><\/div><br \/>\n<section  id='milk-shakes-cacaos-1' class='introtext step'><div class='container'><\/p>\n<h2>KAKAOAK ETA ESNEA<\/h2>\n<h3>Neguko egun hotzak gozoago egingo zaizkizu.<\/h3>\n<p class=\"text-center\">Gure edari beroen aukera zabala txokolate eta kakao bikain eta krematsuz osatutako aukera txiki batekin osatu dugu, beren bertsiorik epelenean. Beren zapore gozoak kalitate handiko edari zoragarri bilakatzen ditu.<\/p>\n<p><\/div><\/section><br \/>\n<section  id='milk-shakes-cacaos-2-1' class='productsquares step'><div class='container'><br \/>\n<div class='productsquare' itemscope itemtype='http:\/\/schema.org\/Product'><div class='productsquareimg' ><img src='\/wp-content\/uploads\/2020\/06\/cacao-sin-gluten-baque.jpg' itemprop='image' alt='<\/p>' \/><\/div><div class='productsquaretext'><h3 itemprop='name'><\/p><\/h3><span itemprop='description'><\/p>\n<p class=\"text-left\">Betiko kakao disolbagarria, orain glutenik gabe. Gozatu kakaoaren usainaz, aromaz eta testuraz, zeliakoentzat ere egokia den aukera honekin<\/p>\n<table>\n<tbody>\n<tr>\n<th colspan=\"2\"><strong>Fitxa Teknikoa:<\/strong><\/th>\n<\/tr>\n<tr>\n<th valign=\"top\">Aurkezpena<\/th>\n<td valign=\"top\">Kartoizko estutxe banagailua.<\/td>\n<\/tr>\n<tr>\n<th valign=\"top\">Formatu logistikoa<\/th>\n<td valign=\"top\">18g-ko 30 zorro.<\/td>\n<\/tr>\n<\/tbody>\n<\/table>\n<p>\n<\/span><\/div><\/div><br \/>\n<div class='productsquare' itemscope itemtype='http:\/\/schema.org\/Product'><div class='productsquareimg' ><img src='\/wp-content\/themes\/baque\/img\/productos\/chocolate-taza-baque.jpg' itemprop='image' alt='EDATEKO TXOKOLATEA' \/><\/div><div class='productsquaretext'><h3 itemprop='name'>EDATEKO TXOKOLATEA<\/h3><span itemprop='description'><\/p>\n<p class=\"text-left\">Prestatzen erraza eta erosoa, kafetera espresean edo esne-emultsionatzailean egin ahal izango duzu. Meriendetarako aproposa.<\/p>\n<table>\n<tbody>\n<tr>\n<th colspan=\"2\"><strong>Fitxa Teknikoa:<\/strong><\/th>\n<\/tr>\n<tr>\n<th valign=\"top\">Aurkezpena<\/th>\n<td valign=\"top\">Kartoizko estutxe banagailua.<\/td>\n<\/tr>\n<tr>\n<th valign=\"top\">Formatu logistikoa<\/th>\n<td valign=\"top\">30g-ko 25 zorro.<\/td>\n<\/tr>\n<\/tbody>\n<\/table>\n<p><span style=\"font-size: inherit;\"><\/p>\n<\/span><\/div><\/div><\/span><\/p>\n<div class='productsquare' itemscope itemtype='http:\/\/schema.org\/Product'><div class='productsquareimg' ><img src='\/wp-content\/uploads\/2024\/06\/cacao-soluble-sin-gluten-baque-hosteleria-1.png' itemprop='image' alt='GLUTENIK GABEAKO KAKAO-HAUTSA' \/><\/div><div class='productsquaretext'><h3 itemprop='name'>GLUTENIK GABEAKO KAKAO-HAUTSA<\/h3><span itemprop='description'><\/p>\n<p class=\"text-left\">Kakao-hauts ezinhobea vending-makinetarako eta makina super automatikoetarako. Glutenik eta kontserbagarririk eta koloratzaile artifizialik gabe.<\/p>\n<table>\n<tbody>\n<tr>\n<th colspan=\"2\"><strong>Fitxa teknikoa:<\/strong><\/th>\n<\/tr>\n<tr>\n<th valign=\"top\">Aurkezpena<\/th>\n<td valign=\"top\">1kg-ko poltsa<\/td>\n<\/tr>\n<\/tbody>\n<\/table>\n<p>\n<\/span><\/div><\/div>\n<div class='productsquare' itemscope itemtype='http:\/\/schema.org\/Product'><div class='productsquareimg' ><img src='\/wp-content\/uploads\/2024\/06\/leche-desnatada-polvo-baque-hosteleria-1.png' itemprop='image' alt='ESNE GAINGABETU HAUTSA' \/><\/div><div class='productsquaretext'><h3 itemprop='name'>ESNE GAINGABETU HAUTSA<\/h3><span itemprop='description'><\/p>\n<p class=\"text-left\">Esne gaingabetuaren hautsa, glutenik gabea eta kontserbagarri eta koloratzaile artifizialik gabea. % 100 esnea.<\/p>\n<table>\n<tbody>\n<tr>\n<th colspan=\"2\"><strong>Fitxa teknikoa:<\/strong><\/th>\n<\/tr>\n<tr>\n<th valign=\"top\">Aurkezpena<\/th>\n<td valign=\"top\">500g-ko poltsa<\/td>\n<\/tr>\n<\/tbody>\n<\/table>\n<p>\n<\/span><\/div><\/div>\n<p><\/div><\/section><br \/>\n<div class='separator height50' ><\/div><br \/>\n<section  id='mas-informacion'><div class='container'><\/p>\n<h3>ESKATU ORAIN INFORMAZIO GEHIAGO, KONPROMISORIK GABE.<\/h3>\n<p><a href='https:\/\/www.baque.com\/eu\/kontaktua\/' class='button '>INFORMAZIO GEHIAGO<\/a><br \/>\n<\/div><\/section><\/p>\n","protected":false},"excerpt":{"rendered":"","protected":false},"author":1,"featured_media":0,"parent":1639,"menu_order":40,"comment_status":"closed","ping_status":"closed","template":"","meta":{"_acf_changed":false,"footnotes":""},"class_list":["post-1649","page","type-page","status-publish","hentry"],"acf":[],"yoast_head":"<!-- This site is optimized with the Yoast SEO plugin v27.3 - https:\/\/yoast.com\/product\/yoast-seo-wordpress\/ -->\n<title>Kakaoak ostalaritzarako, tabernetarako eta sukaldaritzarako | Caf\u00e9s Baqu\u00e9<\/title>\n<meta name=\"description\" content=\"Baqu\u00e9 irabiakien familia, zapore exotikoak maite dituztenentzat. Caf\u00e9s Baqu\u00e9-ko Milk Shake-ak esnea oinarri duten irabiaki krematsuak dira, bihotzak berotzeko gai direnak. Bizitu sentsazio-mundu bat eta esperimentatu zapore harrigarriekin. Ostalaritzarako bereziak.\" \/>\n<meta name=\"robots\" content=\"index, follow, max-snippet:-1, max-image-preview:large, max-video-preview:-1\" \/>\n<meta property=\"og:locale\" content=\"eu_ES\" \/>\n<meta property=\"og:type\" content=\"article\" \/>\n<meta property=\"og:title\" content=\"Kakaoak ostalaritzarako, tabernetarako eta sukaldaritzarako | Caf\u00e9s Baqu\u00e9\" \/>\n<meta property=\"og:description\" content=\"Baqu\u00e9 irabiakien familia, zapore exotikoak maite dituztenentzat. Caf\u00e9s Baqu\u00e9-ko Milk Shake-ak esnea oinarri duten irabiaki krematsuak dira, bihotzak berotzeko gai direnak. Bizitu sentsazio-mundu bat eta esperimentatu zapore harrigarriekin. Ostalaritzarako bereziak.\" \/>\n<meta property=\"og:url\" content=\"https:\/\/www.baque.com\/eu\/ostalaritzarako\/esne-kakao-disolbagarriak\/\" \/>\n<meta property=\"og:site_name\" content=\"Caf\u00e9s Baqu\u00e9\" \/>\n<meta property=\"article:modified_time\" content=\"2024-06-14T09:39:06+00:00\" \/>\n<meta name=\"twitter:card\" content=\"summary_large_image\" \/>\n<meta name=\"twitter:label1\" content=\"Est. reading time\" \/>\n\t<meta name=\"twitter:data1\" content=\"1 minute\" \/>\n<script type=\"application\/ld+json\" class=\"yoast-schema-graph\">{\"@context\":\"https:\\\/\\\/schema.org\",\"@graph\":[{\"@type\":\"WebPage\",\"@id\":\"https:\\\/\\\/www.baque.com\\\/eu\\\/ostalaritzarako\\\/esne-kakao-disolbagarriak\\\/\",\"url\":\"https:\\\/\\\/www.baque.com\\\/eu\\\/ostalaritzarako\\\/esne-kakao-disolbagarriak\\\/\",\"name\":\"Kakaoak ostalaritzarako, tabernetarako eta sukaldaritzarako | Caf\u00e9s Baqu\u00e9\",\"isPartOf\":{\"@id\":\"https:\\\/\\\/www.baque.com\\\/es\\\/#website\"},\"datePublished\":\"2018-02-22T11:23:15+00:00\",\"dateModified\":\"2024-06-14T09:39:06+00:00\",\"description\":\"Baqu\u00e9 irabiakien familia, zapore exotikoak maite dituztenentzat. Caf\u00e9s Baqu\u00e9-ko Milk Shake-ak esnea oinarri duten irabiaki krematsuak dira, bihotzak berotzeko gai direnak. Bizitu sentsazio-mundu bat eta esperimentatu zapore harrigarriekin. Ostalaritzarako bereziak.\",\"breadcrumb\":{\"@id\":\"https:\\\/\\\/www.baque.com\\\/eu\\\/ostalaritzarako\\\/esne-kakao-disolbagarriak\\\/#breadcrumb\"},\"inLanguage\":\"eu-ES\",\"potentialAction\":[{\"@type\":\"ReadAction\",\"target\":[\"https:\\\/\\\/www.baque.com\\\/eu\\\/ostalaritzarako\\\/esne-kakao-disolbagarriak\\\/\"]}]},{\"@type\":\"BreadcrumbList\",\"@id\":\"https:\\\/\\\/www.baque.com\\\/eu\\\/ostalaritzarako\\\/esne-kakao-disolbagarriak\\\/#breadcrumb\",\"itemListElement\":[{\"@type\":\"ListItem\",\"position\":1,\"name\":\"Portada\",\"item\":\"https:\\\/\\\/www.baque.com\\\/eu\\\/\"},{\"@type\":\"ListItem\",\"position\":2,\"name\":\"Zure negoziorako soluzioak\",\"item\":\"https:\\\/\\\/www.baque.com\\\/eu\\\/ostalaritzarako\\\/\"},{\"@type\":\"ListItem\",\"position\":3,\"name\":\"Ostalaritzarako esne eta kakao disolbagarriak\"}]},{\"@type\":\"WebSite\",\"@id\":\"https:\\\/\\\/www.baque.com\\\/es\\\/#website\",\"url\":\"https:\\\/\\\/www.baque.com\\\/es\\\/\",\"name\":\"Caf\u00e9s Baqu\u00e9\",\"description\":\"Somos l\u00edderes en hosteler\u00eda en Pa\u00eds Vasco y La Rioja y una de las marcas m\u00e1s reconocidas en el mercado nacional. Somos una empresa familiar en constante innovaci\u00f3n en el producto. Tostamos y distribuimos caf\u00e9 molido, en grano y c\u00e1psulas para disfrutar en casa, en el bar y en la oficina.\",\"potentialAction\":[{\"@type\":\"SearchAction\",\"target\":{\"@type\":\"EntryPoint\",\"urlTemplate\":\"https:\\\/\\\/www.baque.com\\\/es\\\/?s={search_term_string}\"},\"query-input\":{\"@type\":\"PropertyValueSpecification\",\"valueRequired\":true,\"valueName\":\"search_term_string\"}}],\"inLanguage\":\"eu-ES\"}]}<\/script>\n<!-- \/ Yoast SEO plugin. -->","yoast_head_json":{"title":"Kakaoak ostalaritzarako, tabernetarako eta sukaldaritzarako | Caf\u00e9s Baqu\u00e9","description":"Baqu\u00e9 irabiakien familia, zapore exotikoak maite dituztenentzat. Caf\u00e9s Baqu\u00e9-ko Milk Shake-ak esnea oinarri duten irabiaki krematsuak dira, bihotzak berotzeko gai direnak. Bizitu sentsazio-mundu bat eta esperimentatu zapore harrigarriekin. Ostalaritzarako bereziak.","robots":{"index":"index","follow":"follow","max-snippet":"max-snippet:-1","max-image-preview":"max-image-preview:large","max-video-preview":"max-video-preview:-1"},"og_locale":"eu_ES","og_type":"article","og_title":"Kakaoak ostalaritzarako, tabernetarako eta sukaldaritzarako | Caf\u00e9s Baqu\u00e9","og_description":"Baqu\u00e9 irabiakien familia, zapore exotikoak maite dituztenentzat. Caf\u00e9s Baqu\u00e9-ko Milk Shake-ak esnea oinarri duten irabiaki krematsuak dira, bihotzak berotzeko gai direnak. Bizitu sentsazio-mundu bat eta esperimentatu zapore harrigarriekin. Ostalaritzarako bereziak.","og_url":"https:\/\/www.baque.com\/eu\/ostalaritzarako\/esne-kakao-disolbagarriak\/","og_site_name":"Caf\u00e9s Baqu\u00e9","article_modified_time":"2024-06-14T09:39:06+00:00","twitter_card":"summary_large_image","twitter_misc":{"Est. reading time":"1 minute"},"schema":{"@context":"https:\/\/schema.org","@graph":[{"@type":"WebPage","@id":"https:\/\/www.baque.com\/eu\/ostalaritzarako\/esne-kakao-disolbagarriak\/","url":"https:\/\/www.baque.com\/eu\/ostalaritzarako\/esne-kakao-disolbagarriak\/","name":"Kakaoak ostalaritzarako, tabernetarako eta sukaldaritzarako | Caf\u00e9s Baqu\u00e9","isPartOf":{"@id":"https:\/\/www.baque.com\/es\/#website"},"datePublished":"2018-02-22T11:23:15+00:00","dateModified":"2024-06-14T09:39:06+00:00","description":"Baqu\u00e9 irabiakien familia, zapore exotikoak maite dituztenentzat. Caf\u00e9s Baqu\u00e9-ko Milk Shake-ak esnea oinarri duten irabiaki krematsuak dira, bihotzak berotzeko gai direnak. Bizitu sentsazio-mundu bat eta esperimentatu zapore harrigarriekin. Ostalaritzarako bereziak.","breadcrumb":{"@id":"https:\/\/www.baque.com\/eu\/ostalaritzarako\/esne-kakao-disolbagarriak\/#breadcrumb"},"inLanguage":"eu-ES","potentialAction":[{"@type":"ReadAction","target":["https:\/\/www.baque.com\/eu\/ostalaritzarako\/esne-kakao-disolbagarriak\/"]}]},{"@type":"BreadcrumbList","@id":"https:\/\/www.baque.com\/eu\/ostalaritzarako\/esne-kakao-disolbagarriak\/#breadcrumb","itemListElement":[{"@type":"ListItem","position":1,"name":"Portada","item":"https:\/\/www.baque.com\/eu\/"},{"@type":"ListItem","position":2,"name":"Zure negoziorako soluzioak","item":"https:\/\/www.baque.com\/eu\/ostalaritzarako\/"},{"@type":"ListItem","position":3,"name":"Ostalaritzarako esne eta kakao disolbagarriak"}]},{"@type":"WebSite","@id":"https:\/\/www.baque.com\/es\/#website","url":"https:\/\/www.baque.com\/es\/","name":"Caf\u00e9s Baqu\u00e9","description":"Somos l\u00edderes en hosteler\u00eda en Pa\u00eds Vasco y La Rioja y una de las marcas m\u00e1s reconocidas en el mercado nacional. Somos una empresa familiar en constante innovaci\u00f3n en el producto. Tostamos y distribuimos caf\u00e9 molido, en grano y c\u00e1psulas para disfrutar en casa, en el bar y en la oficina.","potentialAction":[{"@type":"SearchAction","target":{"@type":"EntryPoint","urlTemplate":"https:\/\/www.baque.com\/es\/?s={search_term_string}"},"query-input":{"@type":"PropertyValueSpecification","valueRequired":true,"valueName":"search_term_string"}}],"inLanguage":"eu-ES"}]}},"_links":{"self":[{"href":"https:\/\/www.baque.com\/eu\/wp-json\/wp\/v2\/pages\/1649","targetHints":{"allow":["GET"]}}],"collection":[{"href":"https:\/\/www.baque.com\/eu\/wp-json\/wp\/v2\/pages"}],"about":[{"href":"https:\/\/www.baque.com\/eu\/wp-json\/wp\/v2\/types\/page"}],"author":[{"embeddable":true,"href":"https:\/\/www.baque.com\/eu\/wp-json\/wp\/v2\/users\/1"}],"replies":[{"embeddable":true,"href":"https:\/\/www.baque.com\/eu\/wp-json\/wp\/v2\/comments?post=1649"}],"version-history":[{"count":7,"href":"https:\/\/www.baque.com\/eu\/wp-json\/wp\/v2\/pages\/1649\/revisions"}],"predecessor-version":[{"id":2333773,"href":"https:\/\/www.baque.com\/eu\/wp-json\/wp\/v2\/pages\/1649\/revisions\/2333773"}],"up":[{"embeddable":true,"href":"https:\/\/www.baque.com\/eu\/wp-json\/wp\/v2\/pages\/1639"}],"wp:attachment":[{"href":"https:\/\/www.baque.com\/eu\/wp-json\/wp\/v2\/media?parent=1649"}],"curies":[{"name":"wp","href":"https:\/\/api.w.org\/{rel}","templated":true}]}}