
{"id":1668,"date":"2018-02-22T11:40:38","date_gmt":"2018-02-22T11:40:38","guid":{"rendered":"http:\/\/www.baque.com\/?page_id=1668"},"modified":"2026-03-05T10:43:52","modified_gmt":"2026-03-05T09:43:52","slug":"teak-infusioak","status":"publish","type":"page","link":"https:\/\/www.baque.com\/eu\/etxerako\/teak-infusioak\/","title":{"rendered":"Teak eta Infusioak"},"content":{"rendered":"<section  id='tes-infusiones' class='introtext'><div class='container'>\n<h2>Ezagutu gure te- eta infusio-aukera.<\/h2>\n<p class=\"text-center\">Ezagutu gure aukera zabala eta zure premietara hobekien egokitzen diren formatu desberdinak: piramide-formako infusioak eta zorrotxoetakoak.<\/p>\n<p class=\"text-center\">Ezagutu itzazu gure infusioen lurrin eta zapore exotikoak eta nabaritu ongi baino hobeto sentiaraziko zaituzten onurak.<\/p>\n<p><\/div><\/section><br \/>\n<section  id='tes-infusiones-1' class='videophoto expand nocontainer'><img src='\/wp-content\/themes\/baque\/img\/images\/tes-infusiones.jpg' class='bg' alt='' \/><img src='\/wp-content\/themes\/baque\/img\/images\/tes-infusiones_resp.jpg' class='bgresp' alt='' \/><div class='container'><br \/>\n<\/div><\/section><br \/>\n<section  id='tes-infusiones-2' class='squares squares squares videophoto expand cols4 borderwhite'><br \/>\n        <div  class='square'>\n\t\t\t<img src='\/wp-content\/themes\/baque\/img\/images\/latte-soluble.webp' class='bg withoutbgresp' alt='' \/>\n\t\t\t\n\t\t\t<div class='container'>\n\t\t\t\t<\/p>\n<h2 class=\"likeh1\">LATTE DISOLBAGARRIAK<\/h2>\n<h3 class=\"likeh2\">EMAN KAPRITXO <br \/>EXOTIKO BAT<\/h3>\n<p>\t\t<a href='https:\/\/www.baque.com\/eu\/etxerako\/teak-infusioak\/latte-disolbagarriak\/' class='button  white'>DISOLBAGARRIAK IKUSI<\/a><br \/>\n\t\n\t\t\t<\/div>\n\t\t<\/div><br \/>\n        <div  class='square'>\n\t\t\t<img src='\/wp-content\/themes\/baque\/img\/images\/organicas.jpg' class='bg withoutbgresp' alt='' \/>\n\t\t\t\n\t\t\t<div class='container'>\n\t\t\t\t<\/p>\n<h2 class=\"likeh1\">ORGANIKOAK<\/h2>\n<h3 class=\"likeh2\">BIO HAZKUNTZAKO<br \/> SAPORE ETA LURRIN<br \/>PAREGABEAK<\/h3>\n<p>\t\t<a href='https:\/\/www.baque.com\/eu\/etxerako\/teak-infusioak\/organikoak\/' class='button  white'>ORGANIKOAK IKUSI<\/a><br \/>\n\t\n\t\t\t<\/div>\n\t\t<\/div><br \/>\n\t<div  class='square'>\n\t\t\t<img src='\/wp-content\/themes\/baque\/img\/images\/tes-infusiones-basicas.jpg' class='bg withoutbgresp' alt='' \/>\n\t\t\t\n\t\t\t<div class='container'>\n\t\t\t\t<\/p>\n<h2 class=\"likeh1\">PIRAMIDALAK<\/h2>\n<h3 class=\"likeh2\">BIHOTZAK BEROTZEN<br \/>DITUZTEN ZAPORE<br \/>HANDIAK.<\/h3>\n<p>\t\t<a href='https:\/\/www.baque.com\/eu\/etxerako\/teak-infusioak\/piramide-formakoak\/' class='button  white'>INFUSIOAK IKUSI<\/a><br \/>\n\t\n\t\t\t<\/div>\n\t\t<\/div><br \/>\n\t<div  class='square'>\n\t\t\t<img src='\/wp-content\/themes\/baque\/img\/images\/tes-infusiones-piramidales.jpg' class='bg withoutbgresp' alt='' \/>\n\t\t\t\n\t\t\t<div class='container'>\n\t\t\t\t<\/p>\n<h2 class=\"likeh1\">OINARRIZKOAK<\/h2>\n<h3 class=\"likeh2\">UNE HANDIEZ<br \/>GOZATZEKO<br \/>ZAPOREA<\/h3>\n<p>\t\t<a href='https:\/\/www.baque.com\/eu\/etxerako\/teak-infusioak\/oinarrizkoak\/' class='button  white'>INFUSIOAK IKUSI<\/a><br \/>\n\t\n\t\t\t<\/div>\n\t\t<\/div><br \/>\n<\/section><\/p>\n","protected":false},"excerpt":{"rendered":"","protected":false},"author":1,"featured_media":0,"parent":1531,"menu_order":20,"comment_status":"closed","ping_status":"closed","template":"","meta":{"_acf_changed":false,"footnotes":""},"class_list":["post-1668","page","type-page","status-publish","hentry"],"acf":[],"yoast_head":"<!-- This site is optimized with the Yoast SEO plugin v27.3 - https:\/\/yoast.com\/product\/yoast-seo-wordpress\/ -->\n<title>Erosi teak eta infusioak | Etxerako infusioak | Caf\u00e9s Baqu\u00e9<\/title>\n<meta name=\"description\" content=\"Ezagutu itzazu gure infusioen lurrin eta zapore exotikoak eta nabaritu ongi baino hobeto sentiaraziko zaituzten onurak. Caf\u00e9s Baqu\u00e9-ren bermearekin.\" \/>\n<meta name=\"robots\" content=\"index, follow, max-snippet:-1, max-image-preview:large, max-video-preview:-1\" \/>\n<meta property=\"og:locale\" content=\"eu_ES\" \/>\n<meta property=\"og:type\" content=\"article\" \/>\n<meta property=\"og:title\" content=\"Erosi teak eta infusioak | Etxerako infusioak | Caf\u00e9s Baqu\u00e9\" \/>\n<meta property=\"og:description\" content=\"Ezagutu itzazu gure infusioen lurrin eta zapore exotikoak eta nabaritu ongi baino hobeto sentiaraziko zaituzten onurak. Caf\u00e9s Baqu\u00e9-ren bermearekin.\" \/>\n<meta property=\"og:url\" content=\"https:\/\/www.baque.com\/eu\/etxerako\/teak-infusioak\/\" \/>\n<meta property=\"og:site_name\" content=\"Caf\u00e9s Baqu\u00e9\" \/>\n<meta property=\"article:modified_time\" content=\"2026-03-05T09:43:52+00:00\" \/>\n<meta name=\"twitter:card\" content=\"summary_large_image\" \/>\n<meta name=\"twitter:label1\" content=\"Est. reading time\" \/>\n\t<meta name=\"twitter:data1\" content=\"1 minute\" \/>\n<script type=\"application\/ld+json\" class=\"yoast-schema-graph\">{\"@context\":\"https:\\\/\\\/schema.org\",\"@graph\":[{\"@type\":\"WebPage\",\"@id\":\"https:\\\/\\\/www.baque.com\\\/eu\\\/etxerako\\\/teak-infusioak\\\/\",\"url\":\"https:\\\/\\\/www.baque.com\\\/eu\\\/etxerako\\\/teak-infusioak\\\/\",\"name\":\"Erosi teak eta infusioak | Etxerako infusioak | Caf\u00e9s Baqu\u00e9\",\"isPartOf\":{\"@id\":\"https:\\\/\\\/www.baque.com\\\/es\\\/#website\"},\"datePublished\":\"2018-02-22T11:40:38+00:00\",\"dateModified\":\"2026-03-05T09:43:52+00:00\",\"description\":\"Ezagutu itzazu gure infusioen lurrin eta zapore exotikoak eta nabaritu ongi baino hobeto sentiaraziko zaituzten onurak. Caf\u00e9s Baqu\u00e9-ren bermearekin.\",\"breadcrumb\":{\"@id\":\"https:\\\/\\\/www.baque.com\\\/eu\\\/etxerako\\\/teak-infusioak\\\/#breadcrumb\"},\"inLanguage\":\"eu-ES\",\"potentialAction\":[{\"@type\":\"ReadAction\",\"target\":[\"https:\\\/\\\/www.baque.com\\\/eu\\\/etxerako\\\/teak-infusioak\\\/\"]}]},{\"@type\":\"BreadcrumbList\",\"@id\":\"https:\\\/\\\/www.baque.com\\\/eu\\\/etxerako\\\/teak-infusioak\\\/#breadcrumb\",\"itemListElement\":[{\"@type\":\"ListItem\",\"position\":1,\"name\":\"Portada\",\"item\":\"https:\\\/\\\/www.baque.com\\\/eu\\\/\"},{\"@type\":\"ListItem\",\"position\":2,\"name\":\"Etxerako\",\"item\":\"https:\\\/\\\/www.baque.com\\\/eu\\\/etxerako\\\/\"},{\"@type\":\"ListItem\",\"position\":3,\"name\":\"Teak eta Infusioak\"}]},{\"@type\":\"WebSite\",\"@id\":\"https:\\\/\\\/www.baque.com\\\/es\\\/#website\",\"url\":\"https:\\\/\\\/www.baque.com\\\/es\\\/\",\"name\":\"Caf\u00e9s Baqu\u00e9\",\"description\":\"Somos l\u00edderes en hosteler\u00eda en Pa\u00eds Vasco y La Rioja y una de las marcas m\u00e1s reconocidas en el mercado nacional. Somos una empresa familiar en constante innovaci\u00f3n en el producto. Tostamos y distribuimos caf\u00e9 molido, en grano y c\u00e1psulas para disfrutar en casa, en el bar y en la oficina.\",\"potentialAction\":[{\"@type\":\"SearchAction\",\"target\":{\"@type\":\"EntryPoint\",\"urlTemplate\":\"https:\\\/\\\/www.baque.com\\\/es\\\/?s={search_term_string}\"},\"query-input\":{\"@type\":\"PropertyValueSpecification\",\"valueRequired\":true,\"valueName\":\"search_term_string\"}}],\"inLanguage\":\"eu-ES\"}]}<\/script>\n<!-- \/ Yoast SEO plugin. -->","yoast_head_json":{"title":"Erosi teak eta infusioak | Etxerako infusioak | Caf\u00e9s Baqu\u00e9","description":"Ezagutu itzazu gure infusioen lurrin eta zapore exotikoak eta nabaritu ongi baino hobeto sentiaraziko zaituzten onurak. Caf\u00e9s Baqu\u00e9-ren bermearekin.","robots":{"index":"index","follow":"follow","max-snippet":"max-snippet:-1","max-image-preview":"max-image-preview:large","max-video-preview":"max-video-preview:-1"},"og_locale":"eu_ES","og_type":"article","og_title":"Erosi teak eta infusioak | Etxerako infusioak | Caf\u00e9s Baqu\u00e9","og_description":"Ezagutu itzazu gure infusioen lurrin eta zapore exotikoak eta nabaritu ongi baino hobeto sentiaraziko zaituzten onurak. Caf\u00e9s Baqu\u00e9-ren bermearekin.","og_url":"https:\/\/www.baque.com\/eu\/etxerako\/teak-infusioak\/","og_site_name":"Caf\u00e9s Baqu\u00e9","article_modified_time":"2026-03-05T09:43:52+00:00","twitter_card":"summary_large_image","twitter_misc":{"Est. reading time":"1 minute"},"schema":{"@context":"https:\/\/schema.org","@graph":[{"@type":"WebPage","@id":"https:\/\/www.baque.com\/eu\/etxerako\/teak-infusioak\/","url":"https:\/\/www.baque.com\/eu\/etxerako\/teak-infusioak\/","name":"Erosi teak eta infusioak | Etxerako infusioak | Caf\u00e9s Baqu\u00e9","isPartOf":{"@id":"https:\/\/www.baque.com\/es\/#website"},"datePublished":"2018-02-22T11:40:38+00:00","dateModified":"2026-03-05T09:43:52+00:00","description":"Ezagutu itzazu gure infusioen lurrin eta zapore exotikoak eta nabaritu ongi baino hobeto sentiaraziko zaituzten onurak. Caf\u00e9s Baqu\u00e9-ren bermearekin.","breadcrumb":{"@id":"https:\/\/www.baque.com\/eu\/etxerako\/teak-infusioak\/#breadcrumb"},"inLanguage":"eu-ES","potentialAction":[{"@type":"ReadAction","target":["https:\/\/www.baque.com\/eu\/etxerako\/teak-infusioak\/"]}]},{"@type":"BreadcrumbList","@id":"https:\/\/www.baque.com\/eu\/etxerako\/teak-infusioak\/#breadcrumb","itemListElement":[{"@type":"ListItem","position":1,"name":"Portada","item":"https:\/\/www.baque.com\/eu\/"},{"@type":"ListItem","position":2,"name":"Etxerako","item":"https:\/\/www.baque.com\/eu\/etxerako\/"},{"@type":"ListItem","position":3,"name":"Teak eta Infusioak"}]},{"@type":"WebSite","@id":"https:\/\/www.baque.com\/es\/#website","url":"https:\/\/www.baque.com\/es\/","name":"Caf\u00e9s Baqu\u00e9","description":"Somos l\u00edderes en hosteler\u00eda en Pa\u00eds Vasco y La Rioja y una de las marcas m\u00e1s reconocidas en el mercado nacional. Somos una empresa familiar en constante innovaci\u00f3n en el producto. Tostamos y distribuimos caf\u00e9 molido, en grano y c\u00e1psulas para disfrutar en casa, en el bar y en la oficina.","potentialAction":[{"@type":"SearchAction","target":{"@type":"EntryPoint","urlTemplate":"https:\/\/www.baque.com\/es\/?s={search_term_string}"},"query-input":{"@type":"PropertyValueSpecification","valueRequired":true,"valueName":"search_term_string"}}],"inLanguage":"eu-ES"}]}},"_links":{"self":[{"href":"https:\/\/www.baque.com\/eu\/wp-json\/wp\/v2\/pages\/1668","targetHints":{"allow":["GET"]}}],"collection":[{"href":"https:\/\/www.baque.com\/eu\/wp-json\/wp\/v2\/pages"}],"about":[{"href":"https:\/\/www.baque.com\/eu\/wp-json\/wp\/v2\/types\/page"}],"author":[{"embeddable":true,"href":"https:\/\/www.baque.com\/eu\/wp-json\/wp\/v2\/users\/1"}],"replies":[{"embeddable":true,"href":"https:\/\/www.baque.com\/eu\/wp-json\/wp\/v2\/comments?post=1668"}],"version-history":[{"count":8,"href":"https:\/\/www.baque.com\/eu\/wp-json\/wp\/v2\/pages\/1668\/revisions"}],"predecessor-version":[{"id":3989348,"href":"https:\/\/www.baque.com\/eu\/wp-json\/wp\/v2\/pages\/1668\/revisions\/3989348"}],"up":[{"embeddable":true,"href":"https:\/\/www.baque.com\/eu\/wp-json\/wp\/v2\/pages\/1531"}],"wp:attachment":[{"href":"https:\/\/www.baque.com\/eu\/wp-json\/wp\/v2\/media?parent=1668"}],"curies":[{"name":"wp","href":"https:\/\/api.w.org\/{rel}","templated":true}]}}