
{"id":1672,"date":"2018-02-22T11:53:33","date_gmt":"2018-02-22T11:53:33","guid":{"rendered":"http:\/\/www.baque.com\/?page_id=1672"},"modified":"2024-05-17T12:14:24","modified_gmt":"2024-05-17T10:14:24","slug":"gozoak","status":"publish","type":"page","link":"https:\/\/www.baque.com\/eu\/ostalaritzarako\/gozoak\/","title":{"rendered":"Ostalaritzarako gozokiak"},"content":{"rendered":"<section  id='dulces-negocio' class='introtext'><div class='container'>\n<h2>Sentiaraz itzazu berdingabe<\/h2>\n<p class=\"text-center\">Produktu osagarrien sorta zabal bat, zure bezeroak berdingabe eta aparteko senti daitezen. Katilu bakoitzak daraman detaileak desberdintasuna ezarriko du zerbitzu biribil bat eskaintzerako orduan; zure bezeroak berriz erakarriko dituen zerbitzu bat.<\/p>\n<p class=\"text-center\">Horretaz jakitun, Caf\u00e9s Baqu\u00e9-k kalitatezko <strong>osagarri gozoz osatutako era askotako sorta<\/strong> bat aurkezten du, banakako edukiontzi erosoetan ematen direnak, kontsumitu arte produktua modu egokian kontserbatuko dela bermatuz. Keinu txiki bat zure bezeroei, Caf\u00e9s Baqu\u00e9-ren bermearekin.<\/p>\n<p><\/div><\/section><br \/>\n<section  id='accesorios-negocio-1' class='videophoto expand nocontainer'><img src='\/wp-content\/themes\/baque\/img\/images\/dulces-negocio.jpg' class='bg' alt='' \/><img src='\/wp-content\/themes\/baque\/img\/images\/dulces-negocio_resp.jpg' class='bgresp' alt='' \/><div class='container'><\/div><\/section><br \/>\n<div class='separator height25' ><\/div><br \/>\n<section  class='productsquares'><div class='container'><br \/>\n<div class='productsquare' itemscope itemtype='http:\/\/schema.org\/Product'><div class='productsquareimg' ><img src='\/wp-content\/uploads\/2020\/04\/Finitas-horizontal-1.jpg' itemprop='image' alt='KANELAZKO GAILETA FINAK' \/><\/div><div class='productsquaretext'><h3 itemprop='name'>KANELAZKO GAILETA FINAK<\/h3><span itemprop='description'><\/p>\n<p class=\"text-left\">Zure bezeroentzako detaile bereizgarri paregabea. Gaileten kanelazko zaporeak kafearekin bat egiten du, harekin batera jateko osagarri gozo-gozo gisa.<\/p>\n<table>\n<tbody>\n<tr>\n<th colspan=\"2\"><strong>Fitxa Teknikoa:<\/strong><\/th>\n<\/tr>\n<tr>\n<th valign=\"top\">Aurkezpena<\/th>\n<td valign=\"top\">Kartoizko kaxa.<\/td>\n<\/tr>\n<tr>\n<th valign=\"top\">ormatu logistikoa<\/th>\n<td valign=\"top\">300 unitate \/ kutxako.<\/td>\n<\/tr>\n<\/tbody>\n<\/table>\n<p>\n<\/span><\/div><\/div><br \/>\n<div class='productsquare' itemscope itemtype='http:\/\/schema.org\/Product'><div class='productsquareimg' ><img src='\/wp-content\/uploads\/2019\/10\/MIX-BOLITAS.jpg' itemprop='image' alt='ZEREALDUN BOLATXOEN MIX-A' \/><\/div><div class='productsquaretext'><h3 itemprop='name'>ZEREALDUN BOLATXOEN MIX-A<\/h3><span itemprop='description'><\/p>\n<p class=\"text-left\">3 saporedun zerealdun bolatxoen mix-a 200 unitateko kutxa berean konbinatuta: Pralin\u00e9, Mocca eta Speculoos.<\/p>\n<table>\n<tbody>\n<tr>\n<th colspan=\"2\"><strong>Fitxa Teknikoa:<\/strong><\/th>\n<\/tr>\n<tr>\n<th valign=\"top\">Aurkezpena<\/th>\n<td valign=\"top\">Kartoizko kaxa.<\/td>\n<\/tr>\n<tr>\n<th valign=\"top\">Formatu logistikoa<\/th>\n<td valign=\"top\">200 unitate \/ kutxako.<\/td>\n<\/tr>\n<\/tbody>\n<\/table>\n<p>\n<\/span><\/div><\/div><br \/>\n<\/div><\/section><br \/>\n<section  class='productsquares'><div class='container'><br \/>\n<div class='productsquare' itemscope itemtype='http:\/\/schema.org\/Product'><div class='productsquareimg' ><img src='\/wp-content\/themes\/baque\/img\/productos\/palmeritas-baque.jpg' itemprop='image' alt='PALMERATXOAK' \/><\/div><div class='productsquaretext'><h3 itemprop='name'>PALMERATXOAK<\/h3><span itemprop='description'><\/p>\n<p class=\"text-left\">Hostorezko palmeratxo gozo-gozoak, banan-banan ontziratuak; erosotasun, garbitasun, azkartasun eta higiene handiagoa eskaintzen duen ontziratze-sistema, aldi berean produktua modu perfektuan kontserbatzeko balio duena, berau kontsumitu arte. Kalitate perfektuzko osagarria, kafearekin batera hartzeko.<\/p>\n<table>\n<tbody>\n<tr>\n<th colspan=\"2\"><strong>Fitxa Teknikoa:<\/strong><\/th>\n<\/tr>\n<tr>\n<th valign=\"top\">Aurkezpena<\/th>\n<td valign=\"top\">Kartoizko kaxa.<\/td>\n<\/tr>\n<tr>\n<th valign=\"top\">Formatu logistikoa<\/th>\n<td valign=\"top\">235 unitate \/ kutxako.<\/td>\n<\/tr>\n<\/tbody>\n<\/table>\n<p>\n<\/span><\/div><\/div><br \/>\n<div class='productsquare' itemscope itemtype='http:\/\/schema.org\/Product'><div class='productsquareimg' ><img src='\/wp-content\/themes\/baque\/img\/productos\/mini-magdalenas-baque.jpg' itemprop='image' alt='MADALENA TXIKIAK' \/><\/div><div class='productsquaretext'><h3 itemprop='name'>MADALENA TXIKIAK<\/h3><span itemprop='description'><\/p>\n<p class=\"text-left\">Osagai onenei eta laberatze zehatz bati esker, madalena txiki hauek zaporetsuak, mamitsuak eta suabeak dira. Banan-banan ontziratuak.<\/p>\n<table>\n<tbody>\n<tr>\n<th colspan=\"2\"><strong>Fitxa Teknikoa:<\/strong><\/th>\n<\/tr>\n<tr>\n<th valign=\"top\">Aurkezpena<\/th>\n<td valign=\"top\">Kartoizko kaxa.<\/td>\n<\/tr>\n<tr>\n<th valign=\"top\">Formatu logistikoa<\/th>\n<td valign=\"top\">120 unitate \/ kutxako.<\/td>\n<\/tr>\n<\/tbody>\n<\/table>\n<p>\n<\/span><\/div><\/div><br \/>\n<section  class='productsquares'><div class='container'><\/div><\/section><br \/>\n<div class='productsquare' itemscope itemtype='http:\/\/schema.org\/Product'><div class='productsquareimg' ><img src='\/wp-content\/themes\/baque\/img\/productos\/mix-cookies-baque.jpg' itemprop='image' alt='COOKIE NAHASKETA' \/><\/div><div class='productsquaretext'><h3 itemprop='name'>COOKIE NAHASKETA<\/h3><span itemprop='description'><\/p>\n<p class=\"text-left\">Hiru zaporetako cookie txikiz osatutako kalitatezko sorta (limoia, gurina eta txokolatea), kafearekin batera hartuta momentu hori lasaitasun- eta plazer-une bilakatuko dutenak.<\/p>\n<table>\n<tbody>\n<tr>\n<th colspan=\"2\"><strong>Fitxa Teknikoa:<\/strong><\/th>\n<\/tr>\n<tr>\n<th valign=\"top\">Aurkezpena<\/th>\n<td valign=\"top\">Kartoizko kaxa.<\/td>\n<\/tr>\n<tr>\n<th valign=\"top\">Formatu logistikoa<\/th>\n<td valign=\"top\">200 unitate \/ kutxako.<\/td>\n<\/tr>\n<\/tbody>\n<\/table>\n<p>\n<\/span><\/div><\/div><br \/>\n<div class='productsquare' itemscope itemtype='http:\/\/schema.org\/Product'><div class='productsquareimg' ><img src='\/wp-content\/uploads\/2018\/10\/Cookie.org_.-300x300.jpg' itemprop='image' alt='COOKIE ORGANIKOAK' \/><\/div><div class='productsquaretext'><h3 itemprop='name'>COOKIE ORGANIKOAK<\/h3><span itemprop='description'><\/p>\n<p class=\"text-left\">Banilla zaporezko gaileta organikoak. Nekazaritza ekologikotik eratorriko osagaiekin egindakoak.<\/p>\n<table>\n<tbody>\n<tr>\n<th colspan=\"2\"><strong>Fitxa Teknikoa:<\/strong><\/th>\n<\/tr>\n<tr>\n<th valign=\"top\">Aurkezpena<\/th>\n<td valign=\"top\">Kartoizko kaxa.<\/td>\n<\/tr>\n<tr>\n<th valign=\"top\">Formatu logistikoa<\/th>\n<td valign=\"top\">200 unitate \/ kutxako.<\/td>\n<\/tr>\n<\/tbody>\n<\/table>\n<p>\n<\/span><\/div><\/div><br \/>\n<\/div><\/section><\/p>\n<p><div class='separator height50' ><\/div><br \/>\n<section  id='mas-informacion'><div class='container'><\/p>\n<h3>ESKATU ORAIN INFORMAZIO GEHIAGO, KONPROMISORIK GABE.<\/h3>\n<p><a href='https:\/\/www.baque.com\/eu\/kontaktua\/' class='button '>INFORMAZIO GEHIAGO <\/a><br \/>\n<\/div><\/section><\/p>\n","protected":false},"excerpt":{"rendered":"","protected":false},"author":1,"featured_media":0,"parent":1639,"menu_order":70,"comment_status":"closed","ping_status":"closed","template":"","meta":{"_acf_changed":false,"footnotes":""},"class_list":["post-1672","page","type-page","status-publish","hentry"],"acf":[],"yoast_head":"<!-- This site is optimized with the Yoast SEO plugin v27.3 - https:\/\/yoast.com\/product\/yoast-seo-wordpress\/ -->\n<title>Ostalaritzarako gozoak | Tabernetarako eta jatetxeetarako gozoak | Caf\u00e9s Baqu\u00e9<\/title>\n<meta name=\"description\" content=\"Produktu osagarrien sorta zabal bat, zure bezeroak berdingabe eta aparteko senti daitezen. Katilu bakoitzak daraman detaileak desberdintasuna ezarriko du zerbitzu biribil bat eskaintzerako orduan; zure bezeroak berriz erakarriko dituen zerbitzu bat.\" \/>\n<meta name=\"robots\" content=\"index, follow, max-snippet:-1, max-image-preview:large, max-video-preview:-1\" \/>\n<meta property=\"og:locale\" content=\"eu_ES\" \/>\n<meta property=\"og:type\" content=\"article\" \/>\n<meta property=\"og:title\" content=\"Ostalaritzarako gozoak | Tabernetarako eta jatetxeetarako gozoak | Caf\u00e9s Baqu\u00e9\" \/>\n<meta property=\"og:description\" content=\"Produktu osagarrien sorta zabal bat, zure bezeroak berdingabe eta aparteko senti daitezen. Katilu bakoitzak daraman detaileak desberdintasuna ezarriko du zerbitzu biribil bat eskaintzerako orduan; zure bezeroak berriz erakarriko dituen zerbitzu bat.\" \/>\n<meta property=\"og:url\" content=\"https:\/\/www.baque.com\/eu\/ostalaritzarako\/gozoak\/\" \/>\n<meta property=\"og:site_name\" content=\"Caf\u00e9s Baqu\u00e9\" \/>\n<meta property=\"article:modified_time\" content=\"2024-05-17T10:14:24+00:00\" \/>\n<meta name=\"twitter:card\" content=\"summary_large_image\" \/>\n<meta name=\"twitter:label1\" content=\"Est. reading time\" \/>\n\t<meta name=\"twitter:data1\" content=\"2 minutes\" \/>\n<script type=\"application\/ld+json\" class=\"yoast-schema-graph\">{\"@context\":\"https:\\\/\\\/schema.org\",\"@graph\":[{\"@type\":\"WebPage\",\"@id\":\"https:\\\/\\\/www.baque.com\\\/eu\\\/ostalaritzarako\\\/gozoak\\\/\",\"url\":\"https:\\\/\\\/www.baque.com\\\/eu\\\/ostalaritzarako\\\/gozoak\\\/\",\"name\":\"Ostalaritzarako gozoak | Tabernetarako eta jatetxeetarako gozoak | Caf\u00e9s Baqu\u00e9\",\"isPartOf\":{\"@id\":\"https:\\\/\\\/www.baque.com\\\/es\\\/#website\"},\"datePublished\":\"2018-02-22T11:53:33+00:00\",\"dateModified\":\"2024-05-17T10:14:24+00:00\",\"description\":\"Produktu osagarrien sorta zabal bat, zure bezeroak berdingabe eta aparteko senti daitezen. Katilu bakoitzak daraman detaileak desberdintasuna ezarriko du zerbitzu biribil bat eskaintzerako orduan; zure bezeroak berriz erakarriko dituen zerbitzu bat.\",\"breadcrumb\":{\"@id\":\"https:\\\/\\\/www.baque.com\\\/eu\\\/ostalaritzarako\\\/gozoak\\\/#breadcrumb\"},\"inLanguage\":\"eu-ES\",\"potentialAction\":[{\"@type\":\"ReadAction\",\"target\":[\"https:\\\/\\\/www.baque.com\\\/eu\\\/ostalaritzarako\\\/gozoak\\\/\"]}]},{\"@type\":\"BreadcrumbList\",\"@id\":\"https:\\\/\\\/www.baque.com\\\/eu\\\/ostalaritzarako\\\/gozoak\\\/#breadcrumb\",\"itemListElement\":[{\"@type\":\"ListItem\",\"position\":1,\"name\":\"Portada\",\"item\":\"https:\\\/\\\/www.baque.com\\\/eu\\\/\"},{\"@type\":\"ListItem\",\"position\":2,\"name\":\"Zure negoziorako soluzioak\",\"item\":\"https:\\\/\\\/www.baque.com\\\/eu\\\/ostalaritzarako\\\/\"},{\"@type\":\"ListItem\",\"position\":3,\"name\":\"Ostalaritzarako gozokiak\"}]},{\"@type\":\"WebSite\",\"@id\":\"https:\\\/\\\/www.baque.com\\\/es\\\/#website\",\"url\":\"https:\\\/\\\/www.baque.com\\\/es\\\/\",\"name\":\"Caf\u00e9s Baqu\u00e9\",\"description\":\"Somos l\u00edderes en hosteler\u00eda en Pa\u00eds Vasco y La Rioja y una de las marcas m\u00e1s reconocidas en el mercado nacional. Somos una empresa familiar en constante innovaci\u00f3n en el producto. Tostamos y distribuimos caf\u00e9 molido, en grano y c\u00e1psulas para disfrutar en casa, en el bar y en la oficina.\",\"potentialAction\":[{\"@type\":\"SearchAction\",\"target\":{\"@type\":\"EntryPoint\",\"urlTemplate\":\"https:\\\/\\\/www.baque.com\\\/es\\\/?s={search_term_string}\"},\"query-input\":{\"@type\":\"PropertyValueSpecification\",\"valueRequired\":true,\"valueName\":\"search_term_string\"}}],\"inLanguage\":\"eu-ES\"}]}<\/script>\n<!-- \/ Yoast SEO plugin. -->","yoast_head_json":{"title":"Ostalaritzarako gozoak | Tabernetarako eta jatetxeetarako gozoak | Caf\u00e9s Baqu\u00e9","description":"Produktu osagarrien sorta zabal bat, zure bezeroak berdingabe eta aparteko senti daitezen. Katilu bakoitzak daraman detaileak desberdintasuna ezarriko du zerbitzu biribil bat eskaintzerako orduan; zure bezeroak berriz erakarriko dituen zerbitzu bat.","robots":{"index":"index","follow":"follow","max-snippet":"max-snippet:-1","max-image-preview":"max-image-preview:large","max-video-preview":"max-video-preview:-1"},"og_locale":"eu_ES","og_type":"article","og_title":"Ostalaritzarako gozoak | Tabernetarako eta jatetxeetarako gozoak | Caf\u00e9s Baqu\u00e9","og_description":"Produktu osagarrien sorta zabal bat, zure bezeroak berdingabe eta aparteko senti daitezen. Katilu bakoitzak daraman detaileak desberdintasuna ezarriko du zerbitzu biribil bat eskaintzerako orduan; zure bezeroak berriz erakarriko dituen zerbitzu bat.","og_url":"https:\/\/www.baque.com\/eu\/ostalaritzarako\/gozoak\/","og_site_name":"Caf\u00e9s Baqu\u00e9","article_modified_time":"2024-05-17T10:14:24+00:00","twitter_card":"summary_large_image","twitter_misc":{"Est. reading time":"2 minutes"},"schema":{"@context":"https:\/\/schema.org","@graph":[{"@type":"WebPage","@id":"https:\/\/www.baque.com\/eu\/ostalaritzarako\/gozoak\/","url":"https:\/\/www.baque.com\/eu\/ostalaritzarako\/gozoak\/","name":"Ostalaritzarako gozoak | Tabernetarako eta jatetxeetarako gozoak | Caf\u00e9s Baqu\u00e9","isPartOf":{"@id":"https:\/\/www.baque.com\/es\/#website"},"datePublished":"2018-02-22T11:53:33+00:00","dateModified":"2024-05-17T10:14:24+00:00","description":"Produktu osagarrien sorta zabal bat, zure bezeroak berdingabe eta aparteko senti daitezen. Katilu bakoitzak daraman detaileak desberdintasuna ezarriko du zerbitzu biribil bat eskaintzerako orduan; zure bezeroak berriz erakarriko dituen zerbitzu bat.","breadcrumb":{"@id":"https:\/\/www.baque.com\/eu\/ostalaritzarako\/gozoak\/#breadcrumb"},"inLanguage":"eu-ES","potentialAction":[{"@type":"ReadAction","target":["https:\/\/www.baque.com\/eu\/ostalaritzarako\/gozoak\/"]}]},{"@type":"BreadcrumbList","@id":"https:\/\/www.baque.com\/eu\/ostalaritzarako\/gozoak\/#breadcrumb","itemListElement":[{"@type":"ListItem","position":1,"name":"Portada","item":"https:\/\/www.baque.com\/eu\/"},{"@type":"ListItem","position":2,"name":"Zure negoziorako soluzioak","item":"https:\/\/www.baque.com\/eu\/ostalaritzarako\/"},{"@type":"ListItem","position":3,"name":"Ostalaritzarako gozokiak"}]},{"@type":"WebSite","@id":"https:\/\/www.baque.com\/es\/#website","url":"https:\/\/www.baque.com\/es\/","name":"Caf\u00e9s Baqu\u00e9","description":"Somos l\u00edderes en hosteler\u00eda en Pa\u00eds Vasco y La Rioja y una de las marcas m\u00e1s reconocidas en el mercado nacional. Somos una empresa familiar en constante innovaci\u00f3n en el producto. Tostamos y distribuimos caf\u00e9 molido, en grano y c\u00e1psulas para disfrutar en casa, en el bar y en la oficina.","potentialAction":[{"@type":"SearchAction","target":{"@type":"EntryPoint","urlTemplate":"https:\/\/www.baque.com\/es\/?s={search_term_string}"},"query-input":{"@type":"PropertyValueSpecification","valueRequired":true,"valueName":"search_term_string"}}],"inLanguage":"eu-ES"}]}},"_links":{"self":[{"href":"https:\/\/www.baque.com\/eu\/wp-json\/wp\/v2\/pages\/1672","targetHints":{"allow":["GET"]}}],"collection":[{"href":"https:\/\/www.baque.com\/eu\/wp-json\/wp\/v2\/pages"}],"about":[{"href":"https:\/\/www.baque.com\/eu\/wp-json\/wp\/v2\/types\/page"}],"author":[{"embeddable":true,"href":"https:\/\/www.baque.com\/eu\/wp-json\/wp\/v2\/users\/1"}],"replies":[{"embeddable":true,"href":"https:\/\/www.baque.com\/eu\/wp-json\/wp\/v2\/comments?post=1672"}],"version-history":[{"count":10,"href":"https:\/\/www.baque.com\/eu\/wp-json\/wp\/v2\/pages\/1672\/revisions"}],"predecessor-version":[{"id":2271827,"href":"https:\/\/www.baque.com\/eu\/wp-json\/wp\/v2\/pages\/1672\/revisions\/2271827"}],"up":[{"embeddable":true,"href":"https:\/\/www.baque.com\/eu\/wp-json\/wp\/v2\/pages\/1639"}],"wp:attachment":[{"href":"https:\/\/www.baque.com\/eu\/wp-json\/wp\/v2\/media?parent=1672"}],"curies":[{"name":"wp","href":"https:\/\/api.w.org\/{rel}","templated":true}]}}