
{"id":1701,"date":"2018-02-22T15:31:53","date_gmt":"2018-02-22T15:31:53","guid":{"rendered":"http:\/\/www.baque.com\/?page_id=1701"},"modified":"2020-04-16T16:55:05","modified_gmt":"2020-04-16T14:55:05","slug":"udako-edariak","status":"publish","type":"page","link":"https:\/\/www.baque.com\/eu\/ostalaritzarako\/udako-edariak\/","title":{"rendered":"Udako edariak"},"content":{"rendered":"<section  id='bebidas-verano-negocio' class='introtext'><div class='container'>\n<h2>Udako freskoena.<\/h2>\n<p class=\"text-center\">Caf\u00e9s Baqu\u00e9-k udako sorta berezia sortu du, zapore bizi eta naturaleko edari freskagarriz osatua, egokiak eguneko edozein ordutan hartzeko.<\/p>\n<p class=\"text-center\">Kolorez eta fruta-gustuko zapore gozoz betetako proposamenak.<\/p>\n<p><\/div><\/section><br \/>\n<section  id='tes-infusiones-1' class='videophoto expand nocontainer'><img src='\/wp-content\/themes\/baque\/img\/images\/bebidas-de-verano-negocio.jpg' class='bg' alt='' \/><img src='\/wp-content\/themes\/baque\/img\/images\/bebidas-de-verano-negocio_resp.jpg' class='bgresp' alt='' \/><div class='container'><\/div><\/section><br \/>\n<div class='separator height25' ><\/div><br \/>\n<section  class='productsquares'><div class='container'><br \/>\n<div class='productsquare mainimage' itemscope itemtype='http:\/\/schema.org\/Product'><div class='productsquareimg' ><img src='\/wp-content\/uploads\/2019\/08\/bodegon-ice-teas-02-01-01.jpg' itemprop='image' alt='ICE TEA' \/><\/div><div class='productsquaretext'><h3 itemprop='name'>ICE TEA<\/h3><span itemprop='description'><\/p>\n<p class=\"text-left\">Gure te\u00a0 hotzen sortak aho zabalik utziko zaitu. Zapore biziko edari freskagarria, zapore-sorta paregabearekin: Limoia, Mangoa, Fruitu Gorriak eta Sagarra.<\/p>\n<table>\n<tbody>\n<tr>\n<th colspan=\"2\"><strong>Fitxa Teknikoa:<\/strong><\/th>\n<\/tr>\n<tr>\n<th valign=\"top\">Aurkezpena<\/th>\n<td valign=\"top\">20 sobredun kutxa.<\/td>\n<\/tr>\n<tr>\n<th valign=\"top\">Formatu logistikoa<\/th>\n<td valign=\"top\">60 gr.ko sobreak<\/td>\n<\/tr>\n<\/tbody>\n<\/table>\n<p>\n<\/span><\/div><\/div><br \/>\n<\/div><\/section><br \/>\n<div class='separator height50' ><\/div><br \/>\n<section  id='mas-informacion'><div class='container'><\/p>\n<h3>ESKATU ORAIN INFORMAZIO GEHIAGO, KONPROMISORIK GABE.<\/h3>\n<p><a href='https:\/\/www.baque.com\/eu\/kontaktua\/' class='button '>INFORMAZIO GEHIAGO<\/a><br \/>\n<\/div><\/section><\/p>\n","protected":false},"excerpt":{"rendered":"","protected":false},"author":1,"featured_media":0,"parent":1639,"menu_order":50,"comment_status":"closed","ping_status":"closed","template":"","meta":{"_acf_changed":false,"footnotes":""},"class_list":["post-1701","page","type-page","status-publish","hentry"],"acf":[],"yoast_head":"<!-- This site is optimized with the Yoast SEO plugin v27.3 - https:\/\/yoast.com\/product\/yoast-seo-wordpress\/ -->\n<title>Ostalaritzarako, tabernetarako eta jatetxeetarako udako edariak | Caf\u00e9s Baqu\u00e9<\/title>\n<meta name=\"description\" content=\"Caf\u00e9s Baqu\u00e9-k udako sorta berezia sortu du, zapore bizi eta naturaleko edari freskagarriz osatua, egokiak eguneko edozein ordutan hartzeko. Bertsio hotzak edo izoztuak, zapore zitrikoak dauzkaten te edo infusioetatik hasita frutarik gozoenez osatutako smoothie-taraino, frapp\u00e9 krematsuenetatik pasata.\" \/>\n<meta name=\"robots\" content=\"index, follow, max-snippet:-1, max-image-preview:large, max-video-preview:-1\" \/>\n<meta property=\"og:locale\" content=\"eu_ES\" \/>\n<meta property=\"og:type\" content=\"article\" \/>\n<meta property=\"og:title\" content=\"Ostalaritzarako, tabernetarako eta jatetxeetarako udako edariak | Caf\u00e9s Baqu\u00e9\" \/>\n<meta property=\"og:description\" content=\"Caf\u00e9s Baqu\u00e9-k udako sorta berezia sortu du, zapore bizi eta naturaleko edari freskagarriz osatua, egokiak eguneko edozein ordutan hartzeko. Bertsio hotzak edo izoztuak, zapore zitrikoak dauzkaten te edo infusioetatik hasita frutarik gozoenez osatutako smoothie-taraino, frapp\u00e9 krematsuenetatik pasata.\" \/>\n<meta property=\"og:url\" content=\"https:\/\/www.baque.com\/eu\/ostalaritzarako\/udako-edariak\/\" \/>\n<meta property=\"og:site_name\" content=\"Caf\u00e9s Baqu\u00e9\" \/>\n<meta property=\"article:modified_time\" content=\"2020-04-16T14:55:05+00:00\" \/>\n<meta name=\"twitter:card\" content=\"summary_large_image\" \/>\n<meta name=\"twitter:label1\" content=\"Est. reading time\" \/>\n\t<meta name=\"twitter:data1\" content=\"1 minute\" \/>\n<script type=\"application\/ld+json\" class=\"yoast-schema-graph\">{\"@context\":\"https:\\\/\\\/schema.org\",\"@graph\":[{\"@type\":\"WebPage\",\"@id\":\"https:\\\/\\\/www.baque.com\\\/eu\\\/ostalaritzarako\\\/udako-edariak\\\/\",\"url\":\"https:\\\/\\\/www.baque.com\\\/eu\\\/ostalaritzarako\\\/udako-edariak\\\/\",\"name\":\"Ostalaritzarako, tabernetarako eta jatetxeetarako udako edariak | Caf\u00e9s Baqu\u00e9\",\"isPartOf\":{\"@id\":\"https:\\\/\\\/www.baque.com\\\/es\\\/#website\"},\"datePublished\":\"2018-02-22T15:31:53+00:00\",\"dateModified\":\"2020-04-16T14:55:05+00:00\",\"description\":\"Caf\u00e9s Baqu\u00e9-k udako sorta berezia sortu du, zapore bizi eta naturaleko edari freskagarriz osatua, egokiak eguneko edozein ordutan hartzeko. Bertsio hotzak edo izoztuak, zapore zitrikoak dauzkaten te edo infusioetatik hasita frutarik gozoenez osatutako smoothie-taraino, frapp\u00e9 krematsuenetatik pasata.\",\"breadcrumb\":{\"@id\":\"https:\\\/\\\/www.baque.com\\\/eu\\\/ostalaritzarako\\\/udako-edariak\\\/#breadcrumb\"},\"inLanguage\":\"eu-ES\",\"potentialAction\":[{\"@type\":\"ReadAction\",\"target\":[\"https:\\\/\\\/www.baque.com\\\/eu\\\/ostalaritzarako\\\/udako-edariak\\\/\"]}]},{\"@type\":\"BreadcrumbList\",\"@id\":\"https:\\\/\\\/www.baque.com\\\/eu\\\/ostalaritzarako\\\/udako-edariak\\\/#breadcrumb\",\"itemListElement\":[{\"@type\":\"ListItem\",\"position\":1,\"name\":\"Portada\",\"item\":\"https:\\\/\\\/www.baque.com\\\/eu\\\/\"},{\"@type\":\"ListItem\",\"position\":2,\"name\":\"Zure negoziorako soluzioak\",\"item\":\"https:\\\/\\\/www.baque.com\\\/eu\\\/ostalaritzarako\\\/\"},{\"@type\":\"ListItem\",\"position\":3,\"name\":\"Udako edariak\"}]},{\"@type\":\"WebSite\",\"@id\":\"https:\\\/\\\/www.baque.com\\\/es\\\/#website\",\"url\":\"https:\\\/\\\/www.baque.com\\\/es\\\/\",\"name\":\"Caf\u00e9s Baqu\u00e9\",\"description\":\"Somos l\u00edderes en hosteler\u00eda en Pa\u00eds Vasco y La Rioja y una de las marcas m\u00e1s reconocidas en el mercado nacional. Somos una empresa familiar en constante innovaci\u00f3n en el producto. Tostamos y distribuimos caf\u00e9 molido, en grano y c\u00e1psulas para disfrutar en casa, en el bar y en la oficina.\",\"potentialAction\":[{\"@type\":\"SearchAction\",\"target\":{\"@type\":\"EntryPoint\",\"urlTemplate\":\"https:\\\/\\\/www.baque.com\\\/es\\\/?s={search_term_string}\"},\"query-input\":{\"@type\":\"PropertyValueSpecification\",\"valueRequired\":true,\"valueName\":\"search_term_string\"}}],\"inLanguage\":\"eu-ES\"}]}<\/script>\n<!-- \/ Yoast SEO plugin. -->","yoast_head_json":{"title":"Ostalaritzarako, tabernetarako eta jatetxeetarako udako edariak | Caf\u00e9s Baqu\u00e9","description":"Caf\u00e9s Baqu\u00e9-k udako sorta berezia sortu du, zapore bizi eta naturaleko edari freskagarriz osatua, egokiak eguneko edozein ordutan hartzeko. Bertsio hotzak edo izoztuak, zapore zitrikoak dauzkaten te edo infusioetatik hasita frutarik gozoenez osatutako smoothie-taraino, frapp\u00e9 krematsuenetatik pasata.","robots":{"index":"index","follow":"follow","max-snippet":"max-snippet:-1","max-image-preview":"max-image-preview:large","max-video-preview":"max-video-preview:-1"},"og_locale":"eu_ES","og_type":"article","og_title":"Ostalaritzarako, tabernetarako eta jatetxeetarako udako edariak | Caf\u00e9s Baqu\u00e9","og_description":"Caf\u00e9s Baqu\u00e9-k udako sorta berezia sortu du, zapore bizi eta naturaleko edari freskagarriz osatua, egokiak eguneko edozein ordutan hartzeko. Bertsio hotzak edo izoztuak, zapore zitrikoak dauzkaten te edo infusioetatik hasita frutarik gozoenez osatutako smoothie-taraino, frapp\u00e9 krematsuenetatik pasata.","og_url":"https:\/\/www.baque.com\/eu\/ostalaritzarako\/udako-edariak\/","og_site_name":"Caf\u00e9s Baqu\u00e9","article_modified_time":"2020-04-16T14:55:05+00:00","twitter_card":"summary_large_image","twitter_misc":{"Est. reading time":"1 minute"},"schema":{"@context":"https:\/\/schema.org","@graph":[{"@type":"WebPage","@id":"https:\/\/www.baque.com\/eu\/ostalaritzarako\/udako-edariak\/","url":"https:\/\/www.baque.com\/eu\/ostalaritzarako\/udako-edariak\/","name":"Ostalaritzarako, tabernetarako eta jatetxeetarako udako edariak | Caf\u00e9s Baqu\u00e9","isPartOf":{"@id":"https:\/\/www.baque.com\/es\/#website"},"datePublished":"2018-02-22T15:31:53+00:00","dateModified":"2020-04-16T14:55:05+00:00","description":"Caf\u00e9s Baqu\u00e9-k udako sorta berezia sortu du, zapore bizi eta naturaleko edari freskagarriz osatua, egokiak eguneko edozein ordutan hartzeko. Bertsio hotzak edo izoztuak, zapore zitrikoak dauzkaten te edo infusioetatik hasita frutarik gozoenez osatutako smoothie-taraino, frapp\u00e9 krematsuenetatik pasata.","breadcrumb":{"@id":"https:\/\/www.baque.com\/eu\/ostalaritzarako\/udako-edariak\/#breadcrumb"},"inLanguage":"eu-ES","potentialAction":[{"@type":"ReadAction","target":["https:\/\/www.baque.com\/eu\/ostalaritzarako\/udako-edariak\/"]}]},{"@type":"BreadcrumbList","@id":"https:\/\/www.baque.com\/eu\/ostalaritzarako\/udako-edariak\/#breadcrumb","itemListElement":[{"@type":"ListItem","position":1,"name":"Portada","item":"https:\/\/www.baque.com\/eu\/"},{"@type":"ListItem","position":2,"name":"Zure negoziorako soluzioak","item":"https:\/\/www.baque.com\/eu\/ostalaritzarako\/"},{"@type":"ListItem","position":3,"name":"Udako edariak"}]},{"@type":"WebSite","@id":"https:\/\/www.baque.com\/es\/#website","url":"https:\/\/www.baque.com\/es\/","name":"Caf\u00e9s Baqu\u00e9","description":"Somos l\u00edderes en hosteler\u00eda en Pa\u00eds Vasco y La Rioja y una de las marcas m\u00e1s reconocidas en el mercado nacional. Somos una empresa familiar en constante innovaci\u00f3n en el producto. Tostamos y distribuimos caf\u00e9 molido, en grano y c\u00e1psulas para disfrutar en casa, en el bar y en la oficina.","potentialAction":[{"@type":"SearchAction","target":{"@type":"EntryPoint","urlTemplate":"https:\/\/www.baque.com\/es\/?s={search_term_string}"},"query-input":{"@type":"PropertyValueSpecification","valueRequired":true,"valueName":"search_term_string"}}],"inLanguage":"eu-ES"}]}},"_links":{"self":[{"href":"https:\/\/www.baque.com\/eu\/wp-json\/wp\/v2\/pages\/1701","targetHints":{"allow":["GET"]}}],"collection":[{"href":"https:\/\/www.baque.com\/eu\/wp-json\/wp\/v2\/pages"}],"about":[{"href":"https:\/\/www.baque.com\/eu\/wp-json\/wp\/v2\/types\/page"}],"author":[{"embeddable":true,"href":"https:\/\/www.baque.com\/eu\/wp-json\/wp\/v2\/users\/1"}],"replies":[{"embeddable":true,"href":"https:\/\/www.baque.com\/eu\/wp-json\/wp\/v2\/comments?post=1701"}],"version-history":[{"count":4,"href":"https:\/\/www.baque.com\/eu\/wp-json\/wp\/v2\/pages\/1701\/revisions"}],"predecessor-version":[{"id":18772,"href":"https:\/\/www.baque.com\/eu\/wp-json\/wp\/v2\/pages\/1701\/revisions\/18772"}],"up":[{"embeddable":true,"href":"https:\/\/www.baque.com\/eu\/wp-json\/wp\/v2\/pages\/1639"}],"wp:attachment":[{"href":"https:\/\/www.baque.com\/eu\/wp-json\/wp\/v2\/media?parent=1701"}],"curies":[{"name":"wp","href":"https:\/\/api.w.org\/{rel}","templated":true}]}}