
{"id":1726,"date":"2018-02-22T16:02:16","date_gmt":"2018-02-22T16:02:16","guid":{"rendered":"http:\/\/www.baque.com\/?page_id=1726"},"modified":"2023-11-16T11:54:02","modified_gmt":"2023-11-16T10:54:02","slug":"ehoa-alea","status":"publish","type":"page","link":"https:\/\/www.baque.com\/eu\/etxerako\/kafea\/ehoa-alea\/","title":{"rendered":"Kafe ehoa eta kafe-alea"},"content":{"rendered":"<section  id='molido-grano' class='introtext'><div class='container'>\n<h2>Betiko kafeak zuretzat pentsatuak.<\/h2>\n<p class=\"text-center\">Gure kafe ehoen gamak uniformetasuna ziurtatzen du kafe-kikara bakoitzean, jatorri bakoitzaren gehieneko zaporea bermatzen duen txigorketa homogeneoari esker.<\/p>\n<p class=\"text-center\">Kafearen bertute guztiak indartzen dituzten nahasketa oso zainduak.<\/p>\n<p><\/div><\/section><br \/>\n<section  id='molido-grano-1' class='videophoto expand nocontainer'><img src='\/wp-content\/themes\/baque\/img\/images\/molido-grano.jpg' class='bg' alt='' \/><img src='\/wp-content\/themes\/baque\/img\/images\/molido-grano_resp.jpg' class='bgresp' alt='' \/><div class='container'><\/div><\/section><br \/>\n<section  id='molido-grano-2' class='products expand products2'><div class='container'><br \/>\n\t<div class='product' itemscope itemtype='http:\/\/schema.org\/Product'>\n\t\t\t<div><img itemprop='image' src='\/wp-content\/uploads\/2023\/11\/natural-extra-intenso-molido-baque-1.png' alt='EHOA' \/><\/div>\n\t\t\t<h3 itemprop='name'>EHOA<\/h3>\t<a href='\/eu\/erosi\/kafe-ehoa\/' class='button'>EROSI ORAIN<\/a><\/div><br \/>\n\t<div class='product' itemscope itemtype='http:\/\/schema.org\/Product'>\n\t\t\t<div><img itemprop='image' src='\/wp-content\/themes\/baque\/img\/productos\/en-grano-baque.png' alt='ALEA' \/><\/div>\n\t\t\t<h3 itemprop='name'>ALEA<\/h3>\t<a href='\/eu\/erosi\/kafe-aleak\/' class='button'>EROSI ORAIN<\/a><\/div><br \/>\n<\/div><\/section><br \/>\n<section  id='molido-grano-3' class='squares videophoto cols3 borderwhite borderwhitefooter'><br \/>\n\t<div  class='square nocontainer'>\n\t\t\t<img src='\/wp-content\/themes\/baque\/img\/images\/molido-grano-1.jpg' class='bg withoutbgresp' alt='' \/>\n\t\t\t\n\t\t\t<div class='container'>\n\t\t\t\t\n\t\t\t<\/div>\n\t\t<\/div><br \/>\n\t<div  class='square nocontainer'>\n\t\t\t<img src='\/wp-content\/themes\/baque\/img\/images\/molido-grano-2.jpg' class='bg withoutbgresp' alt='' \/>\n\t\t\t\n\t\t\t<div class='container'>\n\t\t\t\t\n\t\t\t<\/div>\n\t\t<\/div><br \/>\n\t<div  class='square nocontainer'>\n\t\t\t<img src='\/wp-content\/themes\/baque\/img\/images\/molido-grano-3.jpg' class='bg withoutbgresp' alt='' \/>\n\t\t\t\n\t\t\t<div class='container'>\n\t\t\t\t\n\t\t\t<\/div>\n\t\t<\/div><br \/>\n<\/section><\/p>\n","protected":false},"excerpt":{"rendered":"","protected":false},"author":1,"featured_media":0,"parent":1537,"menu_order":30,"comment_status":"closed","ping_status":"closed","template":"","meta":{"_acf_changed":false,"footnotes":""},"class_list":["post-1726","page","type-page","status-publish","hentry"],"acf":[],"yoast_head":"<!-- This site is optimized with the Yoast SEO plugin v27.3 - https:\/\/yoast.com\/product\/yoast-seo-wordpress\/ -->\n<title>Erosi kafe ehoa eta kafe-aleak | Etxerako kafea | Caf\u00e9s Baqu\u00e9<\/title>\n<meta name=\"description\" content=\"Kafe ehoen eta kafe-aleen gamak uniformetasuna ziurtatzen du kafe-kikara bakoitzean, jatorri bakoitzaren gehienezko zaporea bermatzen duen txigorketa homogeneoari esker.\" \/>\n<meta name=\"robots\" content=\"index, follow, max-snippet:-1, max-image-preview:large, max-video-preview:-1\" \/>\n<meta property=\"og:locale\" content=\"eu_ES\" \/>\n<meta property=\"og:type\" content=\"article\" \/>\n<meta property=\"og:title\" content=\"Erosi kafe ehoa eta kafe-aleak | Etxerako kafea | Caf\u00e9s Baqu\u00e9\" \/>\n<meta property=\"og:description\" content=\"Kafe ehoen eta kafe-aleen gamak uniformetasuna ziurtatzen du kafe-kikara bakoitzean, jatorri bakoitzaren gehienezko zaporea bermatzen duen txigorketa homogeneoari esker.\" \/>\n<meta property=\"og:url\" content=\"https:\/\/www.baque.com\/eu\/etxerako\/kafea\/ehoa-alea\/\" \/>\n<meta property=\"og:site_name\" content=\"Caf\u00e9s Baqu\u00e9\" \/>\n<meta property=\"article:modified_time\" content=\"2023-11-16T10:54:02+00:00\" \/>\n<meta name=\"twitter:card\" content=\"summary_large_image\" \/>\n<meta name=\"twitter:label1\" content=\"Est. reading time\" \/>\n\t<meta name=\"twitter:data1\" content=\"1 minute\" \/>\n<script type=\"application\/ld+json\" class=\"yoast-schema-graph\">{\"@context\":\"https:\\\/\\\/schema.org\",\"@graph\":[{\"@type\":\"WebPage\",\"@id\":\"https:\\\/\\\/www.baque.com\\\/eu\\\/etxerako\\\/kafea\\\/ehoa-alea\\\/\",\"url\":\"https:\\\/\\\/www.baque.com\\\/eu\\\/etxerako\\\/kafea\\\/ehoa-alea\\\/\",\"name\":\"Erosi kafe ehoa eta kafe-aleak | Etxerako kafea | Caf\u00e9s Baqu\u00e9\",\"isPartOf\":{\"@id\":\"https:\\\/\\\/www.baque.com\\\/es\\\/#website\"},\"datePublished\":\"2018-02-22T16:02:16+00:00\",\"dateModified\":\"2023-11-16T10:54:02+00:00\",\"description\":\"Kafe ehoen eta kafe-aleen gamak uniformetasuna ziurtatzen du kafe-kikara bakoitzean, jatorri bakoitzaren gehienezko zaporea bermatzen duen txigorketa homogeneoari esker.\",\"breadcrumb\":{\"@id\":\"https:\\\/\\\/www.baque.com\\\/eu\\\/etxerako\\\/kafea\\\/ehoa-alea\\\/#breadcrumb\"},\"inLanguage\":\"eu-ES\",\"potentialAction\":[{\"@type\":\"ReadAction\",\"target\":[\"https:\\\/\\\/www.baque.com\\\/eu\\\/etxerako\\\/kafea\\\/ehoa-alea\\\/\"]}]},{\"@type\":\"BreadcrumbList\",\"@id\":\"https:\\\/\\\/www.baque.com\\\/eu\\\/etxerako\\\/kafea\\\/ehoa-alea\\\/#breadcrumb\",\"itemListElement\":[{\"@type\":\"ListItem\",\"position\":1,\"name\":\"Portada\",\"item\":\"https:\\\/\\\/www.baque.com\\\/eu\\\/\"},{\"@type\":\"ListItem\",\"position\":2,\"name\":\"Etxerako\",\"item\":\"https:\\\/\\\/www.baque.com\\\/eu\\\/etxerako\\\/\"},{\"@type\":\"ListItem\",\"position\":3,\"name\":\"Kafea\",\"item\":\"https:\\\/\\\/www.baque.com\\\/eu\\\/etxerako\\\/kafea\\\/\"},{\"@type\":\"ListItem\",\"position\":4,\"name\":\"Kafe ehoa eta kafe-alea\"}]},{\"@type\":\"WebSite\",\"@id\":\"https:\\\/\\\/www.baque.com\\\/es\\\/#website\",\"url\":\"https:\\\/\\\/www.baque.com\\\/es\\\/\",\"name\":\"Caf\u00e9s Baqu\u00e9\",\"description\":\"Somos l\u00edderes en hosteler\u00eda en Pa\u00eds Vasco y La Rioja y una de las marcas m\u00e1s reconocidas en el mercado nacional. Somos una empresa familiar en constante innovaci\u00f3n en el producto. Tostamos y distribuimos caf\u00e9 molido, en grano y c\u00e1psulas para disfrutar en casa, en el bar y en la oficina.\",\"potentialAction\":[{\"@type\":\"SearchAction\",\"target\":{\"@type\":\"EntryPoint\",\"urlTemplate\":\"https:\\\/\\\/www.baque.com\\\/es\\\/?s={search_term_string}\"},\"query-input\":{\"@type\":\"PropertyValueSpecification\",\"valueRequired\":true,\"valueName\":\"search_term_string\"}}],\"inLanguage\":\"eu-ES\"}]}<\/script>\n<!-- \/ Yoast SEO plugin. -->","yoast_head_json":{"title":"Erosi kafe ehoa eta kafe-aleak | Etxerako kafea | Caf\u00e9s Baqu\u00e9","description":"Kafe ehoen eta kafe-aleen gamak uniformetasuna ziurtatzen du kafe-kikara bakoitzean, jatorri bakoitzaren gehienezko zaporea bermatzen duen txigorketa homogeneoari esker.","robots":{"index":"index","follow":"follow","max-snippet":"max-snippet:-1","max-image-preview":"max-image-preview:large","max-video-preview":"max-video-preview:-1"},"og_locale":"eu_ES","og_type":"article","og_title":"Erosi kafe ehoa eta kafe-aleak | Etxerako kafea | Caf\u00e9s Baqu\u00e9","og_description":"Kafe ehoen eta kafe-aleen gamak uniformetasuna ziurtatzen du kafe-kikara bakoitzean, jatorri bakoitzaren gehienezko zaporea bermatzen duen txigorketa homogeneoari esker.","og_url":"https:\/\/www.baque.com\/eu\/etxerako\/kafea\/ehoa-alea\/","og_site_name":"Caf\u00e9s Baqu\u00e9","article_modified_time":"2023-11-16T10:54:02+00:00","twitter_card":"summary_large_image","twitter_misc":{"Est. reading time":"1 minute"},"schema":{"@context":"https:\/\/schema.org","@graph":[{"@type":"WebPage","@id":"https:\/\/www.baque.com\/eu\/etxerako\/kafea\/ehoa-alea\/","url":"https:\/\/www.baque.com\/eu\/etxerako\/kafea\/ehoa-alea\/","name":"Erosi kafe ehoa eta kafe-aleak | Etxerako kafea | Caf\u00e9s Baqu\u00e9","isPartOf":{"@id":"https:\/\/www.baque.com\/es\/#website"},"datePublished":"2018-02-22T16:02:16+00:00","dateModified":"2023-11-16T10:54:02+00:00","description":"Kafe ehoen eta kafe-aleen gamak uniformetasuna ziurtatzen du kafe-kikara bakoitzean, jatorri bakoitzaren gehienezko zaporea bermatzen duen txigorketa homogeneoari esker.","breadcrumb":{"@id":"https:\/\/www.baque.com\/eu\/etxerako\/kafea\/ehoa-alea\/#breadcrumb"},"inLanguage":"eu-ES","potentialAction":[{"@type":"ReadAction","target":["https:\/\/www.baque.com\/eu\/etxerako\/kafea\/ehoa-alea\/"]}]},{"@type":"BreadcrumbList","@id":"https:\/\/www.baque.com\/eu\/etxerako\/kafea\/ehoa-alea\/#breadcrumb","itemListElement":[{"@type":"ListItem","position":1,"name":"Portada","item":"https:\/\/www.baque.com\/eu\/"},{"@type":"ListItem","position":2,"name":"Etxerako","item":"https:\/\/www.baque.com\/eu\/etxerako\/"},{"@type":"ListItem","position":3,"name":"Kafea","item":"https:\/\/www.baque.com\/eu\/etxerako\/kafea\/"},{"@type":"ListItem","position":4,"name":"Kafe ehoa eta kafe-alea"}]},{"@type":"WebSite","@id":"https:\/\/www.baque.com\/es\/#website","url":"https:\/\/www.baque.com\/es\/","name":"Caf\u00e9s Baqu\u00e9","description":"Somos l\u00edderes en hosteler\u00eda en Pa\u00eds Vasco y La Rioja y una de las marcas m\u00e1s reconocidas en el mercado nacional. Somos una empresa familiar en constante innovaci\u00f3n en el producto. Tostamos y distribuimos caf\u00e9 molido, en grano y c\u00e1psulas para disfrutar en casa, en el bar y en la oficina.","potentialAction":[{"@type":"SearchAction","target":{"@type":"EntryPoint","urlTemplate":"https:\/\/www.baque.com\/es\/?s={search_term_string}"},"query-input":{"@type":"PropertyValueSpecification","valueRequired":true,"valueName":"search_term_string"}}],"inLanguage":"eu-ES"}]}},"_links":{"self":[{"href":"https:\/\/www.baque.com\/eu\/wp-json\/wp\/v2\/pages\/1726","targetHints":{"allow":["GET"]}}],"collection":[{"href":"https:\/\/www.baque.com\/eu\/wp-json\/wp\/v2\/pages"}],"about":[{"href":"https:\/\/www.baque.com\/eu\/wp-json\/wp\/v2\/types\/page"}],"author":[{"embeddable":true,"href":"https:\/\/www.baque.com\/eu\/wp-json\/wp\/v2\/users\/1"}],"replies":[{"embeddable":true,"href":"https:\/\/www.baque.com\/eu\/wp-json\/wp\/v2\/comments?post=1726"}],"version-history":[{"count":3,"href":"https:\/\/www.baque.com\/eu\/wp-json\/wp\/v2\/pages\/1726\/revisions"}],"predecessor-version":[{"id":1865806,"href":"https:\/\/www.baque.com\/eu\/wp-json\/wp\/v2\/pages\/1726\/revisions\/1865806"}],"up":[{"embeddable":true,"href":"https:\/\/www.baque.com\/eu\/wp-json\/wp\/v2\/pages\/1537"}],"wp:attachment":[{"href":"https:\/\/www.baque.com\/eu\/wp-json\/wp\/v2\/media?parent=1726"}],"curies":[{"name":"wp","href":"https:\/\/api.w.org\/{rel}","templated":true}]}}