
{"id":367928,"date":"2021-03-15T17:54:05","date_gmt":"2021-03-15T15:54:05","guid":{"rendered":"https:\/\/www.baque.com\/?page_id=367928"},"modified":"2021-03-15T17:54:17","modified_gmt":"2021-03-15T15:54:17","slug":"eskerrik-asko","status":"publish","type":"page","link":"https:\/\/www.baque.com\/eu\/eskerrik-asko\/","title":{"rendered":"Eskerrik asko gurekin harremanetan jartzeagatik."},"content":{"rendered":"<h2 class=\"text-center\">Laster jarriko gara zurekin harremanetan.<\/h2>\n<div class='separator height25' ><\/div>\n<p class=\"text-center\">Bitartean, gure blogean nabigatzen jarrai dezakezu.<\/p>\n<div class='separator height25' ><\/div>\n<p class=\"text-center\"><a href='\/es\/blog-cafes-baque\/' class='button ' target='_blank'>Joan blogera<\/a><\/p>\n","protected":false},"excerpt":{"rendered":"<p>Laster jarriko gara zurekin harremanetan. Bitartean, gure blogean nabigatzen jarrai dezakezu.<\/p>\n","protected":false},"author":4013,"featured_media":0,"parent":0,"menu_order":0,"comment_status":"closed","ping_status":"closed","template":"page-typ.php","meta":{"_acf_changed":false,"footnotes":""},"class_list":["post-367928","page","type-page","status-publish","hentry"],"acf":[],"yoast_head":"<!-- This site is optimized with the Yoast SEO plugin v27.3 - https:\/\/yoast.com\/product\/yoast-seo-wordpress\/ -->\n<title>Eskerrik asko gurekin harremanetan jartzeagatik. - Caf\u00e9s Baqu\u00e9<\/title>\n<meta name=\"robots\" content=\"index, follow, max-snippet:-1, max-image-preview:large, max-video-preview:-1\" \/>\n<meta property=\"og:locale\" content=\"eu_ES\" \/>\n<meta property=\"og:type\" content=\"article\" \/>\n<meta property=\"og:title\" content=\"Eskerrik asko gurekin harremanetan jartzeagatik. - Caf\u00e9s Baqu\u00e9\" \/>\n<meta property=\"og:description\" content=\"Laster jarriko gara zurekin harremanetan. Bitartean, gure blogean nabigatzen jarrai dezakezu.\" \/>\n<meta property=\"og:url\" content=\"https:\/\/www.baque.com\/eu\/eskerrik-asko\/\" \/>\n<meta property=\"og:site_name\" content=\"Caf\u00e9s Baqu\u00e9\" \/>\n<meta property=\"article:modified_time\" content=\"2021-03-15T15:54:17+00:00\" \/>\n<meta name=\"twitter:card\" content=\"summary_large_image\" \/>\n<script type=\"application\/ld+json\" class=\"yoast-schema-graph\">{\"@context\":\"https:\\\/\\\/schema.org\",\"@graph\":[{\"@type\":\"WebPage\",\"@id\":\"https:\\\/\\\/www.baque.com\\\/eu\\\/eskerrik-asko\\\/\",\"url\":\"https:\\\/\\\/www.baque.com\\\/eu\\\/eskerrik-asko\\\/\",\"name\":\"Eskerrik asko gurekin harremanetan jartzeagatik. - Caf\u00e9s Baqu\u00e9\",\"isPartOf\":{\"@id\":\"https:\\\/\\\/www.baque.com\\\/es\\\/#website\"},\"datePublished\":\"2021-03-15T15:54:05+00:00\",\"dateModified\":\"2021-03-15T15:54:17+00:00\",\"breadcrumb\":{\"@id\":\"https:\\\/\\\/www.baque.com\\\/eu\\\/eskerrik-asko\\\/#breadcrumb\"},\"inLanguage\":\"eu-ES\",\"potentialAction\":[{\"@type\":\"ReadAction\",\"target\":[\"https:\\\/\\\/www.baque.com\\\/eu\\\/eskerrik-asko\\\/\"]}]},{\"@type\":\"BreadcrumbList\",\"@id\":\"https:\\\/\\\/www.baque.com\\\/eu\\\/eskerrik-asko\\\/#breadcrumb\",\"itemListElement\":[{\"@type\":\"ListItem\",\"position\":1,\"name\":\"Portada\",\"item\":\"https:\\\/\\\/www.baque.com\\\/eu\\\/\"},{\"@type\":\"ListItem\",\"position\":2,\"name\":\"Eskerrik asko gurekin harremanetan jartzeagatik.\"}]},{\"@type\":\"WebSite\",\"@id\":\"https:\\\/\\\/www.baque.com\\\/es\\\/#website\",\"url\":\"https:\\\/\\\/www.baque.com\\\/es\\\/\",\"name\":\"Caf\u00e9s Baqu\u00e9\",\"description\":\"Somos l\u00edderes en hosteler\u00eda en Pa\u00eds Vasco y La Rioja y una de las marcas m\u00e1s reconocidas en el mercado nacional. Somos una empresa familiar en constante innovaci\u00f3n en el producto. Tostamos y distribuimos caf\u00e9 molido, en grano y c\u00e1psulas para disfrutar en casa, en el bar y en la oficina.\",\"potentialAction\":[{\"@type\":\"SearchAction\",\"target\":{\"@type\":\"EntryPoint\",\"urlTemplate\":\"https:\\\/\\\/www.baque.com\\\/es\\\/?s={search_term_string}\"},\"query-input\":{\"@type\":\"PropertyValueSpecification\",\"valueRequired\":true,\"valueName\":\"search_term_string\"}}],\"inLanguage\":\"eu-ES\"}]}<\/script>\n<!-- \/ Yoast SEO plugin. -->","yoast_head_json":{"title":"Eskerrik asko gurekin harremanetan jartzeagatik. - Caf\u00e9s Baqu\u00e9","robots":{"index":"index","follow":"follow","max-snippet":"max-snippet:-1","max-image-preview":"max-image-preview:large","max-video-preview":"max-video-preview:-1"},"og_locale":"eu_ES","og_type":"article","og_title":"Eskerrik asko gurekin harremanetan jartzeagatik. - Caf\u00e9s Baqu\u00e9","og_description":"Laster jarriko gara zurekin harremanetan. Bitartean, gure blogean nabigatzen jarrai dezakezu.","og_url":"https:\/\/www.baque.com\/eu\/eskerrik-asko\/","og_site_name":"Caf\u00e9s Baqu\u00e9","article_modified_time":"2021-03-15T15:54:17+00:00","twitter_card":"summary_large_image","schema":{"@context":"https:\/\/schema.org","@graph":[{"@type":"WebPage","@id":"https:\/\/www.baque.com\/eu\/eskerrik-asko\/","url":"https:\/\/www.baque.com\/eu\/eskerrik-asko\/","name":"Eskerrik asko gurekin harremanetan jartzeagatik. - Caf\u00e9s Baqu\u00e9","isPartOf":{"@id":"https:\/\/www.baque.com\/es\/#website"},"datePublished":"2021-03-15T15:54:05+00:00","dateModified":"2021-03-15T15:54:17+00:00","breadcrumb":{"@id":"https:\/\/www.baque.com\/eu\/eskerrik-asko\/#breadcrumb"},"inLanguage":"eu-ES","potentialAction":[{"@type":"ReadAction","target":["https:\/\/www.baque.com\/eu\/eskerrik-asko\/"]}]},{"@type":"BreadcrumbList","@id":"https:\/\/www.baque.com\/eu\/eskerrik-asko\/#breadcrumb","itemListElement":[{"@type":"ListItem","position":1,"name":"Portada","item":"https:\/\/www.baque.com\/eu\/"},{"@type":"ListItem","position":2,"name":"Eskerrik asko gurekin harremanetan jartzeagatik."}]},{"@type":"WebSite","@id":"https:\/\/www.baque.com\/es\/#website","url":"https:\/\/www.baque.com\/es\/","name":"Caf\u00e9s Baqu\u00e9","description":"Somos l\u00edderes en hosteler\u00eda en Pa\u00eds Vasco y La Rioja y una de las marcas m\u00e1s reconocidas en el mercado nacional. Somos una empresa familiar en constante innovaci\u00f3n en el producto. Tostamos y distribuimos caf\u00e9 molido, en grano y c\u00e1psulas para disfrutar en casa, en el bar y en la oficina.","potentialAction":[{"@type":"SearchAction","target":{"@type":"EntryPoint","urlTemplate":"https:\/\/www.baque.com\/es\/?s={search_term_string}"},"query-input":{"@type":"PropertyValueSpecification","valueRequired":true,"valueName":"search_term_string"}}],"inLanguage":"eu-ES"}]}},"_links":{"self":[{"href":"https:\/\/www.baque.com\/eu\/wp-json\/wp\/v2\/pages\/367928","targetHints":{"allow":["GET"]}}],"collection":[{"href":"https:\/\/www.baque.com\/eu\/wp-json\/wp\/v2\/pages"}],"about":[{"href":"https:\/\/www.baque.com\/eu\/wp-json\/wp\/v2\/types\/page"}],"author":[{"embeddable":true,"href":"https:\/\/www.baque.com\/eu\/wp-json\/wp\/v2\/users\/4013"}],"replies":[{"embeddable":true,"href":"https:\/\/www.baque.com\/eu\/wp-json\/wp\/v2\/comments?post=367928"}],"version-history":[{"count":1,"href":"https:\/\/www.baque.com\/eu\/wp-json\/wp\/v2\/pages\/367928\/revisions"}],"predecessor-version":[{"id":367929,"href":"https:\/\/www.baque.com\/eu\/wp-json\/wp\/v2\/pages\/367928\/revisions\/367929"}],"wp:attachment":[{"href":"https:\/\/www.baque.com\/eu\/wp-json\/wp\/v2\/media?parent=367928"}],"curies":[{"name":"wp","href":"https:\/\/api.w.org\/{rel}","templated":true}]}}