
{"id":3984055,"date":"2026-03-03T11:16:30","date_gmt":"2026-03-03T10:16:30","guid":{"rendered":"https:\/\/www.baque.com\/etxerako\/teak-infusioak\/solubles\/"},"modified":"2026-03-05T13:22:06","modified_gmt":"2026-03-05T12:22:06","slug":"latte-disolbagarriak","status":"publish","type":"page","link":"https:\/\/www.baque.com\/eu\/etxerako\/teak-infusioak\/latte-disolbagarriak\/","title":{"rendered":"Latte Disolbagarriak"},"content":{"rendered":"<section  id='basicas' class='introtext'><div class='container'>\n<h2>Egin ezazu zure edari-proposamena gure Latte Disolbagarrien gamarekin.<\/h2>\n<p class=\"text-center\">Aldatu zure errutina eta eman iezaiozu zure gorputzari merezi duen purutasuna. Gure <b>Latte Disolbagarriak<\/b> ez dira edari bat soilik; nutrizio eta ongizate eztanda bat dira, kafeina hutsa baino zerbait gehiago bilatzen dutenentzat sortuak.<\/p>\n<p class=\"text-center\">Energia-bultzada naturala eta zentzumen-esperientzia paregabea eskaintzen dizun formula garbi eta osasuntsua. Eman kapritxo <b>exotiko bat zeure buruari etxetik irten gabe<\/b>: gozatu edari ikusgarri batez, zure argazkietarako bezain ona delako zure gorputzarentzako.<\/p>\n<p><\/div><\/section><br \/>\n<section  id='basicas-1' class='videophoto expand nocontainer'><img src='\/wp-content\/themes\/baque\/img\/images\/solubles-family.webp' class='bg' alt='' \/><img src='\/wp-content\/themes\/baque\/img\/images\/solubles-family.webp' class='bgresp' alt='' \/><div class='container'><\/div><\/section><br \/>\n<section  id='basicas-2' class='products expand products1'><div class='container'><br \/>\n<div class='product' itemscope itemtype='http:\/\/schema.org\/Product'>\n\t\t\t<div><img itemprop='image' src='\/wp-content\/themes\/baque\/img\/images\/match_pink_baque.png' alt='LATTE DISOLBAGARRIAK' \/><\/div>\n\t\t\t<h3 itemprop='name'>LATTE DISOLBAGARRIAK<\/h3>\t<a href='\/eu\/erosi\/teak-infusioak\/teak-disolbagarriak\/' class='button'>EROSI ORAIN<\/a><\/div><br \/>\n<\/div><\/section><br \/>\n<section  id='basicas-3' class='squares videophoto cols3 borderwhite borderwhitefooter'><br \/>\n<div  class='square nocontainer'>\n\t\t\t<img src='\/wp-content\/themes\/baque\/img\/images\/solubles-1.webp' class='bg withoutbgresp' alt='' \/>\n\t\t\t\n\t\t\t<div class='container'>\n\t\t\t\t\n\t\t\t<\/div>\n\t\t<\/div><br \/>\n<div  class='square nocontainer'>\n\t\t\t<img src='\/wp-content\/themes\/baque\/img\/images\/solubles-2.webp' class='bg withoutbgresp' alt='' \/>\n\t\t\t\n\t\t\t<div class='container'>\n\t\t\t\t\n\t\t\t<\/div>\n\t\t<\/div><br \/>\n<div  class='square nocontainer'>\n\t\t\t<img src='\/wp-content\/themes\/baque\/img\/images\/solubles-3.webp' class='bg withoutbgresp' alt='' \/>\n\t\t\t\n\t\t\t<div class='container'>\n\t\t\t\t\n\t\t\t<\/div>\n\t\t<\/div><br \/>\n<\/section><\/p>\n","protected":false},"excerpt":{"rendered":"","protected":false},"author":4013,"featured_media":0,"parent":1668,"menu_order":20,"comment_status":"closed","ping_status":"closed","template":"","meta":{"_acf_changed":false,"footnotes":""},"class_list":["post-3984055","page","type-page","status-publish","hentry"],"acf":[],"yoast_head":"<!-- This site is optimized with the Yoast SEO plugin v27.3 - https:\/\/yoast.com\/product\/yoast-seo-wordpress\/ -->\n<title>Latte Disolbagarriak | Caf\u00e9s Baqu\u00e9<\/title>\n<meta name=\"description\" content=\"Aldatu zure errutina eta eman iezaiozu zure gorputzari merezi duen purutasuna. Gure Latte Disolbagarriakez dira edari bat soilik; nutrizio eta ongizate eztanda bat dira, kafeina hutsa baino zerbait gehiago bilatzen dutenentzat sortuak.\" \/>\n<meta name=\"robots\" content=\"index, follow, max-snippet:-1, max-image-preview:large, max-video-preview:-1\" \/>\n<meta property=\"og:locale\" content=\"eu_ES\" \/>\n<meta property=\"og:type\" content=\"article\" \/>\n<meta property=\"og:title\" content=\"Latte Disolbagarriak | Caf\u00e9s Baqu\u00e9\" \/>\n<meta property=\"og:description\" content=\"Aldatu zure errutina eta eman iezaiozu zure gorputzari merezi duen purutasuna. Gure Latte Disolbagarriakez dira edari bat soilik; nutrizio eta ongizate eztanda bat dira, kafeina hutsa baino zerbait gehiago bilatzen dutenentzat sortuak.\" \/>\n<meta property=\"og:url\" content=\"https:\/\/www.baque.com\/eu\/etxerako\/teak-infusioak\/latte-disolbagarriak\/\" \/>\n<meta property=\"og:site_name\" content=\"Caf\u00e9s Baqu\u00e9\" \/>\n<meta property=\"article:modified_time\" content=\"2026-03-05T12:22:06+00:00\" \/>\n<meta name=\"twitter:card\" content=\"summary_large_image\" \/>\n<meta name=\"twitter:label1\" content=\"Est. reading time\" \/>\n\t<meta name=\"twitter:data1\" content=\"1 minute\" \/>\n<script type=\"application\/ld+json\" class=\"yoast-schema-graph\">{\"@context\":\"https:\\\/\\\/schema.org\",\"@graph\":[{\"@type\":\"WebPage\",\"@id\":\"https:\\\/\\\/www.baque.com\\\/eu\\\/etxerako\\\/teak-infusioak\\\/latte-disolbagarriak\\\/\",\"url\":\"https:\\\/\\\/www.baque.com\\\/eu\\\/etxerako\\\/teak-infusioak\\\/latte-disolbagarriak\\\/\",\"name\":\"Latte Disolbagarriak | Caf\u00e9s Baqu\u00e9\",\"isPartOf\":{\"@id\":\"https:\\\/\\\/www.baque.com\\\/es\\\/#website\"},\"datePublished\":\"2026-03-03T10:16:30+00:00\",\"dateModified\":\"2026-03-05T12:22:06+00:00\",\"description\":\"Aldatu zure errutina eta eman iezaiozu zure gorputzari merezi duen purutasuna. Gure Latte Disolbagarriakez dira edari bat soilik; nutrizio eta ongizate eztanda bat dira, kafeina hutsa baino zerbait gehiago bilatzen dutenentzat sortuak.\",\"breadcrumb\":{\"@id\":\"https:\\\/\\\/www.baque.com\\\/eu\\\/etxerako\\\/teak-infusioak\\\/latte-disolbagarriak\\\/#breadcrumb\"},\"inLanguage\":\"eu-ES\",\"potentialAction\":[{\"@type\":\"ReadAction\",\"target\":[\"https:\\\/\\\/www.baque.com\\\/eu\\\/etxerako\\\/teak-infusioak\\\/latte-disolbagarriak\\\/\"]}]},{\"@type\":\"BreadcrumbList\",\"@id\":\"https:\\\/\\\/www.baque.com\\\/eu\\\/etxerako\\\/teak-infusioak\\\/latte-disolbagarriak\\\/#breadcrumb\",\"itemListElement\":[{\"@type\":\"ListItem\",\"position\":1,\"name\":\"Portada\",\"item\":\"https:\\\/\\\/www.baque.com\\\/eu\\\/\"},{\"@type\":\"ListItem\",\"position\":2,\"name\":\"Etxerako\",\"item\":\"https:\\\/\\\/www.baque.com\\\/eu\\\/etxerako\\\/\"},{\"@type\":\"ListItem\",\"position\":3,\"name\":\"Teak eta Infusioak\",\"item\":\"https:\\\/\\\/www.baque.com\\\/eu\\\/etxerako\\\/teak-infusioak\\\/\"},{\"@type\":\"ListItem\",\"position\":4,\"name\":\"Latte Disolbagarriak\"}]},{\"@type\":\"WebSite\",\"@id\":\"https:\\\/\\\/www.baque.com\\\/es\\\/#website\",\"url\":\"https:\\\/\\\/www.baque.com\\\/es\\\/\",\"name\":\"Caf\u00e9s Baqu\u00e9\",\"description\":\"Somos l\u00edderes en hosteler\u00eda en Pa\u00eds Vasco y La Rioja y una de las marcas m\u00e1s reconocidas en el mercado nacional. Somos una empresa familiar en constante innovaci\u00f3n en el producto. Tostamos y distribuimos caf\u00e9 molido, en grano y c\u00e1psulas para disfrutar en casa, en el bar y en la oficina.\",\"potentialAction\":[{\"@type\":\"SearchAction\",\"target\":{\"@type\":\"EntryPoint\",\"urlTemplate\":\"https:\\\/\\\/www.baque.com\\\/es\\\/?s={search_term_string}\"},\"query-input\":{\"@type\":\"PropertyValueSpecification\",\"valueRequired\":true,\"valueName\":\"search_term_string\"}}],\"inLanguage\":\"eu-ES\"}]}<\/script>\n<!-- \/ Yoast SEO plugin. -->","yoast_head_json":{"title":"Latte Disolbagarriak | Caf\u00e9s Baqu\u00e9","description":"Aldatu zure errutina eta eman iezaiozu zure gorputzari merezi duen purutasuna. Gure Latte Disolbagarriakez dira edari bat soilik; nutrizio eta ongizate eztanda bat dira, kafeina hutsa baino zerbait gehiago bilatzen dutenentzat sortuak.","robots":{"index":"index","follow":"follow","max-snippet":"max-snippet:-1","max-image-preview":"max-image-preview:large","max-video-preview":"max-video-preview:-1"},"og_locale":"eu_ES","og_type":"article","og_title":"Latte Disolbagarriak | Caf\u00e9s Baqu\u00e9","og_description":"Aldatu zure errutina eta eman iezaiozu zure gorputzari merezi duen purutasuna. Gure Latte Disolbagarriakez dira edari bat soilik; nutrizio eta ongizate eztanda bat dira, kafeina hutsa baino zerbait gehiago bilatzen dutenentzat sortuak.","og_url":"https:\/\/www.baque.com\/eu\/etxerako\/teak-infusioak\/latte-disolbagarriak\/","og_site_name":"Caf\u00e9s Baqu\u00e9","article_modified_time":"2026-03-05T12:22:06+00:00","twitter_card":"summary_large_image","twitter_misc":{"Est. reading time":"1 minute"},"schema":{"@context":"https:\/\/schema.org","@graph":[{"@type":"WebPage","@id":"https:\/\/www.baque.com\/eu\/etxerako\/teak-infusioak\/latte-disolbagarriak\/","url":"https:\/\/www.baque.com\/eu\/etxerako\/teak-infusioak\/latte-disolbagarriak\/","name":"Latte Disolbagarriak | Caf\u00e9s Baqu\u00e9","isPartOf":{"@id":"https:\/\/www.baque.com\/es\/#website"},"datePublished":"2026-03-03T10:16:30+00:00","dateModified":"2026-03-05T12:22:06+00:00","description":"Aldatu zure errutina eta eman iezaiozu zure gorputzari merezi duen purutasuna. Gure Latte Disolbagarriakez dira edari bat soilik; nutrizio eta ongizate eztanda bat dira, kafeina hutsa baino zerbait gehiago bilatzen dutenentzat sortuak.","breadcrumb":{"@id":"https:\/\/www.baque.com\/eu\/etxerako\/teak-infusioak\/latte-disolbagarriak\/#breadcrumb"},"inLanguage":"eu-ES","potentialAction":[{"@type":"ReadAction","target":["https:\/\/www.baque.com\/eu\/etxerako\/teak-infusioak\/latte-disolbagarriak\/"]}]},{"@type":"BreadcrumbList","@id":"https:\/\/www.baque.com\/eu\/etxerako\/teak-infusioak\/latte-disolbagarriak\/#breadcrumb","itemListElement":[{"@type":"ListItem","position":1,"name":"Portada","item":"https:\/\/www.baque.com\/eu\/"},{"@type":"ListItem","position":2,"name":"Etxerako","item":"https:\/\/www.baque.com\/eu\/etxerako\/"},{"@type":"ListItem","position":3,"name":"Teak eta Infusioak","item":"https:\/\/www.baque.com\/eu\/etxerako\/teak-infusioak\/"},{"@type":"ListItem","position":4,"name":"Latte Disolbagarriak"}]},{"@type":"WebSite","@id":"https:\/\/www.baque.com\/es\/#website","url":"https:\/\/www.baque.com\/es\/","name":"Caf\u00e9s Baqu\u00e9","description":"Somos l\u00edderes en hosteler\u00eda en Pa\u00eds Vasco y La Rioja y una de las marcas m\u00e1s reconocidas en el mercado nacional. Somos una empresa familiar en constante innovaci\u00f3n en el producto. Tostamos y distribuimos caf\u00e9 molido, en grano y c\u00e1psulas para disfrutar en casa, en el bar y en la oficina.","potentialAction":[{"@type":"SearchAction","target":{"@type":"EntryPoint","urlTemplate":"https:\/\/www.baque.com\/es\/?s={search_term_string}"},"query-input":{"@type":"PropertyValueSpecification","valueRequired":true,"valueName":"search_term_string"}}],"inLanguage":"eu-ES"}]}},"_links":{"self":[{"href":"https:\/\/www.baque.com\/eu\/wp-json\/wp\/v2\/pages\/3984055","targetHints":{"allow":["GET"]}}],"collection":[{"href":"https:\/\/www.baque.com\/eu\/wp-json\/wp\/v2\/pages"}],"about":[{"href":"https:\/\/www.baque.com\/eu\/wp-json\/wp\/v2\/types\/page"}],"author":[{"embeddable":true,"href":"https:\/\/www.baque.com\/eu\/wp-json\/wp\/v2\/users\/4013"}],"replies":[{"embeddable":true,"href":"https:\/\/www.baque.com\/eu\/wp-json\/wp\/v2\/comments?post=3984055"}],"version-history":[{"count":5,"href":"https:\/\/www.baque.com\/eu\/wp-json\/wp\/v2\/pages\/3984055\/revisions"}],"predecessor-version":[{"id":3989648,"href":"https:\/\/www.baque.com\/eu\/wp-json\/wp\/v2\/pages\/3984055\/revisions\/3989648"}],"up":[{"embeddable":true,"href":"https:\/\/www.baque.com\/eu\/wp-json\/wp\/v2\/pages\/1668"}],"wp:attachment":[{"href":"https:\/\/www.baque.com\/eu\/wp-json\/wp\/v2\/media?parent=3984055"}],"curies":[{"name":"wp","href":"https:\/\/api.w.org\/{rel}","templated":true}]}}