
{"id":5710,"date":"2018-12-14T14:46:03","date_gmt":"2018-12-14T12:46:03","guid":{"rendered":"https:\/\/www.baque.com\/?page_id=5710"},"modified":"2023-11-16T11:26:00","modified_gmt":"2023-11-16T10:26:00","slug":"kapsula-konpostagarriak","status":"publish","type":"page","link":"https:\/\/www.baque.com\/eu\/etxerako\/kafea\/kapsula-konpostagarriak\/","title":{"rendered":"Kapsula Konpostagarriak"},"content":{"rendered":"<section  id='capsulas-organicas' class='introtext'><div class='container'>\n<h2>Ingurumenarekin bateragarriak.<\/h2>\n<p class=\"text-center\">Zure betiko Baqu\u00e9 kafeaz gozatu ingurumena zainduz, <strong>%100 KONPOSTAGARRIAK<\/strong> diren kapsula berriekin.<\/p>\n<p class=\"text-center\">Zuk ere #ecofriendly mugimenduarekin bat egin Caf\u00e9 Baqu\u00e9-ren kapsula KONPOSTAGARRI berriekin. Orain Nespresso<sup>\u00ae<\/sup>* kafe makinekin bateragarriak diren kapsulak %100 konpostagarriak dira eta 3 hilabetetan soilik desagertzen dira. Plastikoak eta aluminioak gure planetan duten ingurumenaren gaineko eragina ezabatzeko irtenbide berritzailea.<\/p>\n<div style=\"text-align: center;\"><a class=\"button\" style=\"display: inline-block;\" href=\"https:\/\/www.capsulascompostables.es\/ecofriendly-gara\/\">GEHIAGO EZAGUTU<\/a><\/div>\n<p><\/div><\/section><br \/>\n<section  id='capsulas-compostables-1' class='videophoto expand nocontainer'><img src='\/wp-content\/themes\/baque\/img\/images\/capsulas-compostables.jpg' class='bg' alt='' \/><img src='\/wp-content\/themes\/baque\/img\/images\/capsulas-compostables_resp.jpg' class='bgresp' alt='' \/><div class='container'><\/div><\/section><br \/>\n<section  id='capsulas-compostables-2' class='products expand products1'><div class='container'><br \/>\n<div class='product' itemscope itemtype='http:\/\/schema.org\/Product'>\n\t\t\t<div><img itemprop='image' src='\/wp-content\/uploads\/2023\/11\/baque-capsulas-compostables-medio-ambiente.png' alt='KAPSULA KONPOSTAGARRIAK NESPRESSO<sup>\u00ae<\/sup>* KAFE MAKINEKIN BATERAGARRIAK' \/><\/div>\n\t\t\t<h3 itemprop='name'>KAPSULA KONPOSTAGARRIAK NESPRESSO<sup>\u00ae<\/sup>* KAFE MAKINEKIN BATERAGARRIAK<\/h3>\t<a href='\/eu\/erosi\/kafe-kapsulak\/konpostagarriak-nespresso\/' class='button'>EROSI ORAIN<\/a><\/div><\/p>\n<div class=\"clear\"><\/div>\n<p class=\"text-center small\">*Caf\u00e9s Baqu\u00e9 S.L.U.-rekin loturarik ez duen konpainia baten marka.<\/p>\n<p><\/div><\/section><\/p>\n<section  id='capsulas-compostables-4' class='introtext step'><div class='container'><\/p>\n<h2>%100 KONPOSTAGARRIA<\/h2>\n<p class=\"text-center\">Konpost edo ongarri bilakatzen diren kapsulak. Kapsula berriak, biodegradagarriak izateaz gain, %100 konpostagarriak dira. 3 hilabetetan soilik desagertzen dira, inolako hondakinik utzi gabe, hezetasun-, tenperatura- eta oxigeno-egoera optimoetan.<\/p>\n<h2>BARRERA EFEKTUA<\/h2>\n<p class=\"text-center\">Erabilitako teknologiak, kafea egoera onenean mantentzen duen barrera efektu bat sortzen du, horrela, beharrezkoak ez diren plastikoa bezalako hondakinak ekidin ditzakegularik.<\/p>\n<h2>KAPSULA BERRIAK, KAFE BERBERA<\/h2>\n<p class=\"text-center\">Zure betiko Baqu\u00e9 kafeaz gozatu, Nespresso<sup>\u00ae<\/sup>* kafe-makinekin bateragarriak diren kapsula hauekin, eta #ecofriendly mugimenduarekin bat egin Ingurumena zainduz.<\/p>\n<p><\/div><\/section>\n<section  id='capsulas-organicas-3' class='squares videophoto cols3 borderwhite borderwhitefooter'><br \/>\n<div  class='square nocontainer'>\n\t\t\t<img src='\/wp-content\/themes\/baque\/img\/images\/capsulas-compostables-1.jpg' class='bg withoutbgresp' alt='' \/>\n\t\t\t\n\t\t\t<div class='container'>\n\t\t\t\t\n\t\t\t<\/div>\n\t\t<\/div><br \/>\n<div  class='square nocontainer'>\n\t\t\t<img src='\/wp-content\/themes\/baque\/img\/images\/capsulas-compostables-2.jpg' class='bg withoutbgresp' alt='' \/>\n\t\t\t\n\t\t\t<div class='container'>\n\t\t\t\t\n\t\t\t<\/div>\n\t\t<\/div><br \/>\n<div  class='square nocontainer'>\n\t\t\t<img src='\/wp-content\/themes\/baque\/img\/images\/capsulas-compostables-3.jpg' class='bg withoutbgresp' alt='' \/>\n\t\t\t\n\t\t\t<div class='container'>\n\t\t\t\t\n\t\t\t<\/div>\n\t\t<\/div><br \/>\n<\/section>\n","protected":false},"excerpt":{"rendered":"","protected":false},"author":1,"featured_media":0,"parent":1537,"menu_order":0,"comment_status":"closed","ping_status":"closed","template":"","meta":{"_acf_changed":false,"footnotes":""},"class_list":["post-5710","page","type-page","status-publish","hentry"],"acf":[],"yoast_head":"<!-- This site is optimized with the Yoast SEO plugin v27.3 - https:\/\/yoast.com\/product\/yoast-seo-wordpress\/ -->\n<title>Kapsula Konpostagarriak | Etxerako kafea | Caf\u00e9s Baqu\u00e9<\/title>\n<meta name=\"description\" content=\"Nespresso\u00ae* markako makinekin bateragarriak diren Caf\u00e9s Baqu\u00e9-ren kapsulak 0 KONPOSTAGARRIAK dira orain.\" \/>\n<meta name=\"robots\" content=\"index, follow, max-snippet:-1, max-image-preview:large, max-video-preview:-1\" \/>\n<meta property=\"og:locale\" content=\"eu_ES\" \/>\n<meta property=\"og:type\" content=\"article\" \/>\n<meta property=\"og:title\" content=\"Kapsula Konpostagarriak | Etxerako kafea | Caf\u00e9s Baqu\u00e9\" \/>\n<meta property=\"og:description\" content=\"Nespresso\u00ae* markako makinekin bateragarriak diren Caf\u00e9s Baqu\u00e9-ren kapsulak 0 KONPOSTAGARRIAK dira orain.\" \/>\n<meta property=\"og:url\" content=\"https:\/\/www.baque.com\/eu\/etxerako\/kafea\/kapsula-konpostagarriak\/\" \/>\n<meta property=\"og:site_name\" content=\"Caf\u00e9s Baqu\u00e9\" \/>\n<meta property=\"article:modified_time\" content=\"2023-11-16T10:26:00+00:00\" \/>\n<meta name=\"twitter:card\" content=\"summary_large_image\" \/>\n<meta name=\"twitter:label1\" content=\"Est. reading time\" \/>\n\t<meta name=\"twitter:data1\" content=\"1 minute\" \/>\n<script type=\"application\/ld+json\" class=\"yoast-schema-graph\">{\"@context\":\"https:\\\/\\\/schema.org\",\"@graph\":[{\"@type\":\"WebPage\",\"@id\":\"https:\\\/\\\/www.baque.com\\\/eu\\\/etxerako\\\/kafea\\\/kapsula-konpostagarriak\\\/\",\"url\":\"https:\\\/\\\/www.baque.com\\\/eu\\\/etxerako\\\/kafea\\\/kapsula-konpostagarriak\\\/\",\"name\":\"Kapsula Konpostagarriak | Etxerako kafea | Caf\u00e9s Baqu\u00e9\",\"isPartOf\":{\"@id\":\"https:\\\/\\\/www.baque.com\\\/es\\\/#website\"},\"datePublished\":\"2018-12-14T12:46:03+00:00\",\"dateModified\":\"2023-11-16T10:26:00+00:00\",\"description\":\"Nespresso\u00ae* markako makinekin bateragarriak diren Caf\u00e9s Baqu\u00e9-ren kapsulak 0 KONPOSTAGARRIAK dira orain.\",\"breadcrumb\":{\"@id\":\"https:\\\/\\\/www.baque.com\\\/eu\\\/etxerako\\\/kafea\\\/kapsula-konpostagarriak\\\/#breadcrumb\"},\"inLanguage\":\"eu-ES\",\"potentialAction\":[{\"@type\":\"ReadAction\",\"target\":[\"https:\\\/\\\/www.baque.com\\\/eu\\\/etxerako\\\/kafea\\\/kapsula-konpostagarriak\\\/\"]}]},{\"@type\":\"BreadcrumbList\",\"@id\":\"https:\\\/\\\/www.baque.com\\\/eu\\\/etxerako\\\/kafea\\\/kapsula-konpostagarriak\\\/#breadcrumb\",\"itemListElement\":[{\"@type\":\"ListItem\",\"position\":1,\"name\":\"Portada\",\"item\":\"https:\\\/\\\/www.baque.com\\\/eu\\\/\"},{\"@type\":\"ListItem\",\"position\":2,\"name\":\"Etxerako\",\"item\":\"https:\\\/\\\/www.baque.com\\\/eu\\\/etxerako\\\/\"},{\"@type\":\"ListItem\",\"position\":3,\"name\":\"Kafea\",\"item\":\"https:\\\/\\\/www.baque.com\\\/eu\\\/etxerako\\\/kafea\\\/\"},{\"@type\":\"ListItem\",\"position\":4,\"name\":\"Kapsula Konpostagarriak\"}]},{\"@type\":\"WebSite\",\"@id\":\"https:\\\/\\\/www.baque.com\\\/es\\\/#website\",\"url\":\"https:\\\/\\\/www.baque.com\\\/es\\\/\",\"name\":\"Caf\u00e9s Baqu\u00e9\",\"description\":\"Somos l\u00edderes en hosteler\u00eda en Pa\u00eds Vasco y La Rioja y una de las marcas m\u00e1s reconocidas en el mercado nacional. Somos una empresa familiar en constante innovaci\u00f3n en el producto. Tostamos y distribuimos caf\u00e9 molido, en grano y c\u00e1psulas para disfrutar en casa, en el bar y en la oficina.\",\"potentialAction\":[{\"@type\":\"SearchAction\",\"target\":{\"@type\":\"EntryPoint\",\"urlTemplate\":\"https:\\\/\\\/www.baque.com\\\/es\\\/?s={search_term_string}\"},\"query-input\":{\"@type\":\"PropertyValueSpecification\",\"valueRequired\":true,\"valueName\":\"search_term_string\"}}],\"inLanguage\":\"eu-ES\"}]}<\/script>\n<!-- \/ Yoast SEO plugin. -->","yoast_head_json":{"title":"Kapsula Konpostagarriak | Etxerako kafea | Caf\u00e9s Baqu\u00e9","description":"Nespresso\u00ae* markako makinekin bateragarriak diren Caf\u00e9s Baqu\u00e9-ren kapsulak 0 KONPOSTAGARRIAK dira orain.","robots":{"index":"index","follow":"follow","max-snippet":"max-snippet:-1","max-image-preview":"max-image-preview:large","max-video-preview":"max-video-preview:-1"},"og_locale":"eu_ES","og_type":"article","og_title":"Kapsula Konpostagarriak | Etxerako kafea | Caf\u00e9s Baqu\u00e9","og_description":"Nespresso\u00ae* markako makinekin bateragarriak diren Caf\u00e9s Baqu\u00e9-ren kapsulak 0 KONPOSTAGARRIAK dira orain.","og_url":"https:\/\/www.baque.com\/eu\/etxerako\/kafea\/kapsula-konpostagarriak\/","og_site_name":"Caf\u00e9s Baqu\u00e9","article_modified_time":"2023-11-16T10:26:00+00:00","twitter_card":"summary_large_image","twitter_misc":{"Est. reading time":"1 minute"},"schema":{"@context":"https:\/\/schema.org","@graph":[{"@type":"WebPage","@id":"https:\/\/www.baque.com\/eu\/etxerako\/kafea\/kapsula-konpostagarriak\/","url":"https:\/\/www.baque.com\/eu\/etxerako\/kafea\/kapsula-konpostagarriak\/","name":"Kapsula Konpostagarriak | Etxerako kafea | Caf\u00e9s Baqu\u00e9","isPartOf":{"@id":"https:\/\/www.baque.com\/es\/#website"},"datePublished":"2018-12-14T12:46:03+00:00","dateModified":"2023-11-16T10:26:00+00:00","description":"Nespresso\u00ae* markako makinekin bateragarriak diren Caf\u00e9s Baqu\u00e9-ren kapsulak 0 KONPOSTAGARRIAK dira orain.","breadcrumb":{"@id":"https:\/\/www.baque.com\/eu\/etxerako\/kafea\/kapsula-konpostagarriak\/#breadcrumb"},"inLanguage":"eu-ES","potentialAction":[{"@type":"ReadAction","target":["https:\/\/www.baque.com\/eu\/etxerako\/kafea\/kapsula-konpostagarriak\/"]}]},{"@type":"BreadcrumbList","@id":"https:\/\/www.baque.com\/eu\/etxerako\/kafea\/kapsula-konpostagarriak\/#breadcrumb","itemListElement":[{"@type":"ListItem","position":1,"name":"Portada","item":"https:\/\/www.baque.com\/eu\/"},{"@type":"ListItem","position":2,"name":"Etxerako","item":"https:\/\/www.baque.com\/eu\/etxerako\/"},{"@type":"ListItem","position":3,"name":"Kafea","item":"https:\/\/www.baque.com\/eu\/etxerako\/kafea\/"},{"@type":"ListItem","position":4,"name":"Kapsula Konpostagarriak"}]},{"@type":"WebSite","@id":"https:\/\/www.baque.com\/es\/#website","url":"https:\/\/www.baque.com\/es\/","name":"Caf\u00e9s Baqu\u00e9","description":"Somos l\u00edderes en hosteler\u00eda en Pa\u00eds Vasco y La Rioja y una de las marcas m\u00e1s reconocidas en el mercado nacional. Somos una empresa familiar en constante innovaci\u00f3n en el producto. Tostamos y distribuimos caf\u00e9 molido, en grano y c\u00e1psulas para disfrutar en casa, en el bar y en la oficina.","potentialAction":[{"@type":"SearchAction","target":{"@type":"EntryPoint","urlTemplate":"https:\/\/www.baque.com\/es\/?s={search_term_string}"},"query-input":{"@type":"PropertyValueSpecification","valueRequired":true,"valueName":"search_term_string"}}],"inLanguage":"eu-ES"}]}},"_links":{"self":[{"href":"https:\/\/www.baque.com\/eu\/wp-json\/wp\/v2\/pages\/5710","targetHints":{"allow":["GET"]}}],"collection":[{"href":"https:\/\/www.baque.com\/eu\/wp-json\/wp\/v2\/pages"}],"about":[{"href":"https:\/\/www.baque.com\/eu\/wp-json\/wp\/v2\/types\/page"}],"author":[{"embeddable":true,"href":"https:\/\/www.baque.com\/eu\/wp-json\/wp\/v2\/users\/1"}],"replies":[{"embeddable":true,"href":"https:\/\/www.baque.com\/eu\/wp-json\/wp\/v2\/comments?post=5710"}],"version-history":[{"count":10,"href":"https:\/\/www.baque.com\/eu\/wp-json\/wp\/v2\/pages\/5710\/revisions"}],"predecessor-version":[{"id":1865717,"href":"https:\/\/www.baque.com\/eu\/wp-json\/wp\/v2\/pages\/5710\/revisions\/1865717"}],"up":[{"embeddable":true,"href":"https:\/\/www.baque.com\/eu\/wp-json\/wp\/v2\/pages\/1537"}],"wp:attachment":[{"href":"https:\/\/www.baque.com\/eu\/wp-json\/wp\/v2\/media?parent=5710"}],"curies":[{"name":"wp","href":"https:\/\/api.w.org\/{rel}","templated":true}]}}