
{"id":8070,"date":"2019-08-09T13:45:32","date_gmt":"2019-08-09T11:45:32","guid":{"rendered":"https:\/\/www.baque.com\/?page_id=8070"},"modified":"2023-02-09T17:08:34","modified_gmt":"2023-02-09T16:08:34","slug":"baque-experience","status":"publish","type":"page","link":"https:\/\/www.baque.com\/eu\/kafean-adituak\/baque-experience\/","title":{"rendered":"Baqu\u00e9 Experience"},"content":{"rendered":"<section  id='experience-portada'><img src='\/wp-content\/uploads\/2019\/08\/baque-experience-eventos-madrid-1.jpg' class='bg withoutbgresp' alt='' \/><video class='video_fondo' src='\/wp-content\/uploads\/2019\/08\/baque-experience-eventos-madrid.mp4' muted autoplay loop><\/video><div class='container'><\/p>\n\n\n\n<h1>Baqu\u00e9 Experience<\/h1>\n<h2>Kafe esperientzia paregabe bat bizi ezazu.<\/h2>\n\n\n<p><\/div><\/section>\n\n\n<section  id='experience-slider'><div class='container'><\/p>\n\n\n\n<div class=\"info\">\n\n<p><strong>Baque Experience funtzio anitzeko<\/strong> toki bat da, aparta <strong>Madrilen ekitaldi korporatiboak edo partikularrak<\/strong> egiteko <strong>ingurune dotore<\/strong> batean.<\/p>\n\n<p><strong>Bilerak<\/strong> giro lasai batean egiteko aukera ematen due, baita <strong>bazkariak edo afariak<\/strong> ere, gurekin lankidetzan aritzen diren sukaldaritza-adituen eskutik.<\/p>\n\n<\/div>\n\n<div class=\"imagenes\">\n\n<img decoding=\"async\" src=\"\/wp-content\/uploads\/2019\/08\/baque-experience-espacio-eventos-madrid-1.jpg\" alt=\"baque-experience-espacio-eventos-madrid-1\">\n<img decoding=\"async\" src=\"\/wp-content\/uploads\/2019\/08\/baque-experience-espacio-eventos-madrid-2.jpg\" alt=\"baque-experience-espacio-eventos-madrid-2\">\n<img decoding=\"async\" src=\"\/wp-content\/uploads\/2019\/08\/baque-experience-espacio-eventos-madrid-3.jpg\" alt=\"baque-experience-espacio-eventos-madrid-3\">\n<img decoding=\"async\" src=\"\/wp-content\/uploads\/2019\/08\/baque-experience-espacio-eventos-madrid-4.jpg\" alt=\"baque-experience-espacio-eventos-madrid-4\">\n<img decoding=\"async\" src=\"\/wp-content\/uploads\/2019\/08\/baque-experience-espacio-eventos-madrid-5.jpg\" alt=\"baque-experience-espacio-eventos-madrid-5\">\n\n<div class=\"selector\">\n<img decoding=\"async\" src=\"\/wp-content\/themes\/baque\/img\/flecha.svg\" alt=\"\">\n<span>1<\/span>\n<img decoding=\"async\" src=\"\/wp-content\/themes\/baque\/img\/flecha.svg\" alt=\"\">\n<\/div>\n<\/div>\n\n\n<p><\/div><\/section>\n\n\n<section  id='experience-video'><div class='container'><\/p>\n\n\n\n<img decoding=\"async\" src=\"\/wp-content\/uploads\/2019\/08\/baque-experience-video.jpg\" alt=\"baque-experience-video\">\n<i class=\"fa fa-play\"><\/i>\n<div class=\"iframe\">\n<iframe src=\"https:\/\/www.youtube.com\/embed\/MdUE0xgAT2M\" allow=\"accelerometer; autoplay; encrypted-media; gyroscope; picture-in-picture\" allowfullscreen=\"\" frameborder=\"0\"><\/iframe>\n<span class=\"cerrar\">\u2715<\/span>\n<\/div>\n\n\n<p><\/div><\/section>\n\n\n<section  id='experience-texto' class='introtext'><div class='container'><\/p>\n\n\n\n<p>Gure tokia egokituta dago <strong>showcooking-ak<\/strong> egiteko, <strong>amerikar barra estiloko sukalde zoragarri <\/strong>bat du eta.<\/p>\n\n\n\n<p><strong>Bazkari\/Afari bat antola dezakezu bere jangela pribatuan<\/strong> <strong>Hotel Wellington, El Paraguas edo El Babero <\/strong>jatetxeekin dugun <strong>catering<\/strong> zerbitzuarekin.<\/p>\n\n\n\n<p><strong>Madrilgo gune esklusiboenetako batean<\/strong> dago, Alcal\u00e1 kalean Vel\u00e1zquez kalearen alboan, Retiro parkearen parean dagoen lokal bat da, eta bileraren ostean, otordu edo koktel-arratsalde bat antola dezakezu, edota baita kafe-esperientzia paregabe bat ere.<\/p>\n\n\n<p><\/div><\/section>\n\n\n<section  id='experience-catering'><img src='\/wp-content\/uploads\/2019\/08\/baque-experience-catering.jpg' class='bg withoutbgresp' alt='' \/><video class='video_fondo' src='\/wp-content\/uploads\/2019\/08\/baque-experience-catering.mp4' muted autoplay loop><\/video><div class='container'><\/p>\n\n\n\n<p>CATERING OFIZIALA<\/p>\n<div>\n<img decoding=\"async\" src=\"\/wp-content\/themes\/baque\/img\/logos\/wellington.svg\" alt=\"hotel-wellington\">\n<img decoding=\"async\" src=\"\/wp-content\/themes\/baque\/img\/logos\/elparaguas.svg\" alt=\"el-paraguas\">\n<img decoding=\"async\" src=\"\/wp-content\/themes\/baque\/img\/logos\/elbabero.svg\" alt=\"el-babero\">\n<\/div>\n\n\n<p><\/div><\/section>\n\n\n<section  id='experience-info'><div class='container'><\/p>\n\n\n\n<img decoding=\"async\" src=\"\/wp-content\/uploads\/2019\/08\/baque-experiencia-cafetera-unica.jpg\" alt=\"baque-experiencia-cafetera-unica\">\n<div>\n<h3>KAFE-ESPERIENTZIA BAKARRA<\/h3>\n<p>Murgil zaitez kafe-esperientzia bakarraz gozatzeko diseinatu den toki batean, eta gure barista adituen eskutik, erauzte-prozesu desberdinen bidez egindako kafearen aroma eta \u00f1abardura guztiez gozatu ahal izango duzu, tradizionalenetatik hasi eta joeran dauden berritzaileenetaraino.<\/p>\n<\/div>\n\n\n<p><\/div><\/section>\n\n\n<section  id='experience-info'><div class='container'><\/p>\n\n\n\n<img decoding=\"async\" src=\"\/wp-content\/uploads\/2019\/08\/baque-experience-espacio-multifuncional.jpg\" alt=\"baque-experience-espacio-multifuncional\">\n<div>\n<h3>FUNTZIO ANITZEKO TOKIA\n<\/h3>\n<ul>\n<li>Bilerak<\/li>\n<li>Ekitaldiak<\/li>\n<li>Ospakizunak<\/li>\n<li>Trebakuntzak<\/li>\n<li>Masterklaseak<\/li>\n<li>Erakusketak<\/li>\n<li>Showcooking-ak<\/li>\n<li>Dastaketak eta elikagai-elkarketak<\/li>\n<li>Teambuilding-ak<\/li>\n<\/ul>\n<\/div>\n\n\n<p><\/div><\/section>\n\n\n<section  id='experience-servicios'><div class='container'><\/p>\n\n\n\n<h4 class=\"titulo-seccion\">ZERBITZUAK<\/h4>\n<ul>\n\n\n<p><li><div class='imagen'><img src='\/wp-content\/uploads\/2019\/08\/baque-experience-catering-1.jpg' alt='CATERINGA'><\/div><span class='titulo'>CATERINGA<\/span><span>Gure catering espezializatuak eskainitako showcooking-a.<\/span><\/li><\/p>\n\n\n<p><li><div class='imagen'><img src='\/wp-content\/uploads\/2019\/08\/baque-experience-barman.jpg' alt='BARMANA'><\/div><span class='titulo'>BARMANA<\/span><span>Profesional onenak zure esanetara.<\/span><\/li><\/p>\n\n\n<p><li><div class='imagen'><img src='\/wp-content\/uploads\/2019\/08\/baque-experience-barista.jpg' alt='BARISTA'><\/div><span class='titulo'>BARISTA<\/span><span>Barista-esperientzia paregabe batez goza ezazu.<\/span><\/li><\/p>\n\n\n<p><li><div class='imagen'><img src='\/wp-content\/uploads\/2019\/08\/baque-experience-wifi.jpg' alt='WIFIA'><\/div><span class='titulo'>WIFIA<\/span><span>Kalitatezko wifi-konexioa barne.<\/span><\/li><\/p>\n\n\n<p><li><div class='imagen'><img src='\/wp-content\/uploads\/2019\/08\/baque-experience-audiovisual.jpg' alt='IKUS-ENTZUNEZKOA'><\/div><span class='titulo'>IKUS-ENTZUNEZKOA<\/span><span>85 hazbeteko pantaila, bideokonferentzia eta Spotify.<\/span><\/li><\/p>\n\n\n<p><li><div class='imagen'><img src='\/wp-content\/uploads\/2019\/08\/baque-experience-decoracion.jpg' alt='DEKORAZIO PERTSONALIZATUA'><\/div><span class='titulo'>DEKORAZIO PERTSONALIZATUA<\/span><span>Xehetasunak izkina bakoitzean. Giro goxo bat bilerei eta gertaerei laguntzeko.<\/span><\/li><\/p>\n\n\n<p><li><div class='imagen'><img src='\/wp-content\/uploads\/2019\/08\/baque-experience-climatizacion.jpg' alt='KLIMATIZAZIOA'><\/div><span class='titulo'>KLIMATIZAZIOA<\/span><span>Solairu guztietan aire girotua dago.<\/span><\/li><\/p>\n\n\n<p><li><div class='imagen'><img src='\/wp-content\/uploads\/2019\/08\/baque-experience-shuttle.jpg' alt='SHUTTLE ZERBITZUA'><\/div><span class='titulo'>SHUTTLE ZERBITZUA<\/span><span>Aurrez adierazitako puntuetatik. Zerbitzu hori kudeatzen dizugu.<\/span><\/li><\/p>\n\n\n\n<\/ul>\n\n\n<p><\/div><\/section>\n\n\n<section ><div class='container'><\/p>\n\n\n\n<h4 class=\"titulo-seccion\">ZURE NEURRIRA EGINDAKO TOKI BAT<\/h4>\n\n\n<p>    \n    <div class=\"espacio_experience showroom\">\n        \n        <div>\n            <p>Showroom-a<span>34,65 m2<\/span><\/p>\n            \n            <ol>\n                <li><span>1.<\/span>Jangela-aretoko sarrera<\/li>\n                <li><span>2.<\/span>Showroom-eko dastaketa-txokoa<\/li>\n                <li><span>3.<\/span>Barista-mahaia<\/li>\n                <li><span>4.<\/span>Sotorako sarrera<\/li>\n                <li><span style=\"color: #8C2222;\">5.<\/span>Kafetegiko barra<\/li>\n                <li><span>6.<\/span>Baqu\u00e9 Experience-ko sarrera<\/li>\n            <\/ol>\n        <\/div>\n        \n        <div>\n            <div class=\"imagen\">\n                <img decoding=\"async\" src=\"\/wp-content\/uploads\/2019\/08\/baque-experience-show-room-1.jpg\" alt=\"baque-experience-show-room-1\">\n                <img decoding=\"async\" src=\"\/wp-content\/uploads\/2019\/08\/baque-experience-show-room-2.jpg\" alt=\"baque-experience-show-room-2\">\n                <img decoding=\"async\" src=\"\/wp-content\/uploads\/2019\/08\/baque-experience-show-room-3.jpg\" alt=\"baque-experience-show-room-3\">\n                <img decoding=\"async\" src=\"\/wp-content\/uploads\/2019\/08\/baque-experience-show-room-4.jpg\" alt=\"baque-experience-show-room-4\">\n                <img decoding=\"async\" src=\"\/wp-content\/uploads\/2019\/08\/baque-experience-show-room-5.jpg\" alt=\"baque-experience-show-room-5\">\n                <img decoding=\"async\" src=\"\/wp-content\/uploads\/2019\/08\/baque-experience-show-room-6.jpg\" alt=\"baque-experience-show-room-6\">\n            <\/div>\n            \n            <div>\n                <div class=\"mapa\">\n                    <img decoding=\"async\" src=\"\/wp-content\/uploads\/2019\/08\/baque-experience-showroom.png\" alt=\"baque-experience-showroom\">\n                    <div class=\"pointer pos_1\">1<\/div>\n                    <div class=\"pointer pos_2\">2<\/div>\n                    <div class=\"pointer pos_3\">3<\/div>\n                    <div class=\"pointer pos_4\">4<\/div>\n                    <div class=\"pointer pos_5 actual\">5<\/div>\n                    <div class=\"pointer pos_6\">6<\/div>\n                <\/div>\n            <\/div>\n        <\/div>\n        \n    <\/div>\n    \n    <div class=\"espacio_experience salon\">\n        \n        <div>\n            <p>Sukalde-aretoa<span>91,5 m2<\/span><\/p>\n            \n            <ol>\n                <li><span>1.<\/span>Office-a<\/li>\n                <li><span>2.<\/span>Kafe-ikastaroen gela<\/li>\n                <li><span style=\"color: #8C2222;\">3.<\/span>Egongela<\/li>\n                <li><span>4.<\/span>Tabernako barra<\/li>\n                <li><span>5.<\/span>Sukaldea<\/li>\n                <li><span>6.<\/span>Jangela<\/li>\n                <li><span>7.<\/span>Irteera<\/li>\n                <li><span>8.<\/span>Mahai nagusia<\/li>\n                <li><span>9.<\/span>Multimedia-mahaia<\/li>\n            <\/ol>\n        <\/div>\n        \n        <div>\n            <div class=\"imagen\">\n                <img decoding=\"async\" src=\"\/wp-content\/uploads\/2019\/08\/baque-experience-salon-comedor-1.jpg\" alt=\"baque-experience-salon-comedor-1\">\n                <img decoding=\"async\" src=\"\/wp-content\/uploads\/2019\/08\/baque-experience-salon-comedor-2.jpg\" alt=\"baque-experience-salon-comedor-2\">\n                <img decoding=\"async\" src=\"\/wp-content\/uploads\/2019\/08\/baque-experience-salon-comedor-3.jpg\" alt=\"baque-experience-salon-comedor-3\">\n                <img decoding=\"async\" src=\"\/wp-content\/uploads\/2019\/08\/baque-experience-salon-comedor-4.jpg\" alt=\"baque-experience-salon-comedor-4\">\n                <img decoding=\"async\" src=\"\/wp-content\/uploads\/2019\/08\/baque-experience-salon-comedor-5.jpg\" alt=\"baque-experience-salon-comedor-5\">\n                <img decoding=\"async\" src=\"\/wp-content\/uploads\/2019\/08\/baque-experience-salon-comedor-6.jpg\" alt=\"baque-experience-salon-comedor-6\">\n                <img decoding=\"async\" src=\"\/wp-content\/uploads\/2019\/08\/baque-experience-salon-comedor-7.jpg\" alt=\"baque-experience-salon-comedor-7\">\n                <img decoding=\"async\" src=\"\/wp-content\/uploads\/2019\/08\/baque-experience-salon-comedor-8.jpg\" alt=\"baque-experience-salon-comedor-8\">\n                <img decoding=\"async\" src=\"\/wp-content\/uploads\/2019\/08\/baque-experience-salon-comedor-9.jpg\" alt=\"baque-experience-salon-comedor-9\">\n            <\/div>\n            \n            <div>\n                <div class=\"mapa\">\n                    <img decoding=\"async\" src=\"\/wp-content\/uploads\/2019\/08\/baque-experience-salon-cocina.jpg\" alt=\"baque-experience-salon-cocina\">\n                    <div class=\"pointer pos_1\">1<\/div>\n                    <div class=\"pointer pos_2\">2<\/div>\n                    <div class=\"pointer pos_3 actual\">3<\/div>\n                    <div class=\"pointer pos_4\">4<\/div>\n                    <div class=\"pointer pos_5\">5<\/div>\n                    <div class=\"pointer pos_6\">6<\/div>\n                    <div class=\"pointer pos_7\">7<\/div>\n                    <div class=\"pointer pos_8\">8<\/div>\n                    <div class=\"pointer pos_9\">9<\/div>\n                <\/div>\n            <\/div>\n        <\/div>\n        \n    <\/div>\n    \n    <div class=\"espacio_experience sotano\">\n        \n        <div>\n            <p>Sotoa<span>52,5 m2<\/span><\/p>\n            \n            <ol>\n                <li><span style=\"color: #8C2222;\">1.<\/span>Bilera-gela<\/li>\n            <\/ol>\n        <\/div>\n        \n        <div>\n            <div class=\"imagen\">\n                <img decoding=\"async\" src=\"\/wp-content\/uploads\/2019\/08\/baque-experience-sotano-1.jpg\" alt=\"baque-experience-sotano-1\">\n            <\/div>\n            \n            <div>\n                <div class=\"mapa\">\n                    <img decoding=\"async\" src=\"\/wp-content\/uploads\/2019\/08\/baque-experience-sotano.jpg\" alt=\"baque-experience-sotano\">\n                    <div class=\"pointer pos_1 actual\">1<\/div>\n                <\/div>\n            <\/div>\n        <\/div>\n        \n    <\/div>\n    \n    <\/p>\n\n\n<p><\/div><\/section>\n\n\n<section  id='experience-localizacion'><div class='container'><\/p>\n\n\n\n<h4 class=\"titulo-seccion\">KOKAPENA<\/h4>\n<div>\n<p>Alcal\u00e1 kalea, 99. Madril.<\/p>\n<ul>\n<li><span>200 m<\/span> &#8211; El Retiro metro-geltokia.<\/li>\n<li><span>400 m<\/span> &#8211; Alcal\u00e1ko Atea.<\/li>\n<li><span>100 m<\/span> &#8211; Retiro parkea.<\/li>\n<\/ul>\n<\/div>\n\n\n<p><\/div><\/section>\n\n\n\n<iframe src=\"https:\/\/www.google.com\/maps\/embed?pb=!1m18!1m12!1m3!1d3037.429230751126!2d-3.685787283699352!3d40.4214934793645!2m3!1f0!2f0!3f0!3m2!1i1024!2i768!4f13.1!3m3!1m2!1s0xd42289866917327%3A0xa74aeb16af785d02!2sCalle+de+Alcal%C3%A1%2C+99%2C+28009+Madrid!5e0!3m2!1ses!2ses!4v1565259341091!5m2!1ses!2ses\" allowfullscreen=\"\"><\/iframe>\n\n\n<section  id='experience-faq'><div class='container'><\/p>\n\n\n\n<div>\n<h4 class=\"titulo-seccion\">ESKATU INFORMAZIOA KONPROMISORIK GABE<\/h4>\n\n<p>Harremanetarako: Bezeroari harreta<br>\n<a href=\"mailto:baque@baque.com\">baque@baque.com<\/a><br>\n<a href=\"tel:946215610\">94 621 56 10<\/a><\/p>\n\n<p>Egun erdia (4 ordu): 450 \u20ac + BEZ<br>\nEgun osoa (8 ordu): 750 \u20ac + BEZ<\/p>\n<\/div>\n\n    \n    <form method=\"post\" onsubmit='enviarExperience(event);' action=\"\">\n      \n        <div id=\"bloque-errores\"><\/div>\n       \n        <div class='form-select' id='tipo'>\n            <select name='tipo'>\n                <option value='' disabled selected>Nolako ekitaldia egin nahi duzu?<\/option>\n                <option value='Reuni\u00f3n de trabajo'>Lan-bilera<\/option>\n                <option value='Celebraci\u00f3n'>Ospakizuna<\/option>\n                <option value='Formaci\u00f3n'>Trebakuntza<\/option>\n                <option value='Exposici\u00f3n'>Erakusketa<\/option>\n                <option value='Otros...'>Beste bat\u2026<\/option> \n            <\/select>\n        <\/div>\n        <span class='error-texto' id=\"error-tipo\"><\/span>\n        \n        \n        <input id='personas' class='form-text' type='text' name='personas' placeholder='Zenbat pertsona etorriko dira?'\/>\n\n        \n        \n        <div class='form-select' id='servicios'>\n            <select name='servicios'>\n                <option value='' disabled selected>Zein zerbitzu behar dituzu?<\/option>\n                <option value='Catering'>Cateringa<\/option>\n                <option value='Uso de cocina'>Sukaldea erabiltzea<\/option>\n                <option value='Barman'>Barmana<\/option>\n                <option value='Barista Caf\u00e9'>Kafe-barista<\/option>\n                <option value='Shuttle'>Shuttle<\/option>\n                <option value='Audiovisual'>Ikus-entzunezkoa<\/option>\n                <option value='Decoraci\u00f3n personaliza'>Dekorazio pertsonalizatua<\/option>\n                <option value='Catering'>Cateringa<\/option>\n                <option value='Otros...'>Beste bat\u2026<\/option> \n            <\/select>\n        <\/div>\n        <span class='error-texto' id=\"error-servicios\"><\/span>\n \n        \n        <input id='fechas' class='form-text' type='text' name='fechas' placeholder='Zein datatan erreserbatu nahi duzu tokia?'\/>\n        \n        \n        <input id='nombre' class='form-text' type='text' name='nombre' placeholder='Izen-abizenak'\/>\n        \n        \n        <input id='contactar' class='form-text' type='text' name='contactar' placeholder='Eman harremanetan jartzeko helbide elektroniko edo telefono bat'\/>\n        <span class='error-texto' id=\"error-contactar\"><\/span>\n        \n        <div class='form-check'>\n            <input type='checkbox' id='aviso' name='legal' value='1'>\n            <label for='aviso'>\n                <div><div><\/div><\/div>\n                <p><a href='https:\/\/www.baque.com\/es\/aviso-legal\/' target='_blank'>Lege oharra<\/a> irakurri eta onartzen dut<\/p>\n            <\/label>\n        <\/div>\n        <p id='aviso-texto' class='error-texto'><\/p>\n        \n        <input type=\"hidden\" value=\"experience\" name=\"form\">\n        \n        <input class='form-enviar' type='submit' name=\"sendform\" value='Informazio gehiago nahi dut' \/>\n        \n    <\/form>\n    \n    <script>\n        \n        function enviarExperience (e) {\n            \n            var errors = \"\";\n            \n            if (jQuery(\"#tipo > select\").val() == null || jQuery(\"#personas\").val() == \"\" || jQuery(\"#servicios > select\").val() == null || jQuery(\"#fechas\").val() == \"\" || jQuery(\"#nombre\").val() == \"\" || jQuery(\"#contactar\").val() == \"\") {\n                errors += \"Bete hutsune guztiak, mesedez.<br\/>\";\n            }\n            \n            if (!jQuery(\"#aviso\").prop(\"checked\")) {\n                errors += \"Mesedez, onartu lege oharra.<br\/>\";\n            }\n            \n            if (errors != \"\") {\n                e.preventDefault();\n                jQuery(\"#bloque-errores\").html(errors);\n            } \n            \n        }\n        \n    <\/script>\n    \n    \n\n\n<p><\/div><\/section>\n","protected":false},"excerpt":{"rendered":"","protected":false},"author":1,"featured_media":0,"parent":1507,"menu_order":0,"comment_status":"closed","ping_status":"closed","template":"page-experience.php","meta":{"_acf_changed":false,"footnotes":""},"class_list":["post-8070","page","type-page","status-publish","hentry"],"acf":[],"yoast_head":"<!-- This site is optimized with the Yoast SEO plugin v27.3 - https:\/\/yoast.com\/product\/yoast-seo-wordpress\/ -->\n<title>Baqu\u00e9 Experience Madrid \/\/ Caf\u00e9s Baqu\u00e9<\/title>\n<meta name=\"description\" content=\"Baque Experience funtzio anitzeko toki bat da, aparta Madrilen ekitaldi korporatiboak edo partikularrak egiteko ingurune dotore batean.\" \/>\n<meta name=\"robots\" content=\"index, follow, max-snippet:-1, max-image-preview:large, max-video-preview:-1\" \/>\n<meta property=\"og:locale\" content=\"eu_ES\" \/>\n<meta property=\"og:type\" content=\"article\" \/>\n<meta property=\"og:title\" content=\"Baqu\u00e9 Experience Madrid \/\/ Caf\u00e9s Baqu\u00e9\" \/>\n<meta property=\"og:description\" content=\"Baque Experience funtzio anitzeko toki bat da, aparta Madrilen ekitaldi korporatiboak edo partikularrak egiteko ingurune dotore batean.\" \/>\n<meta property=\"og:url\" content=\"https:\/\/www.baque.com\/eu\/kafean-adituak\/baque-experience\/\" \/>\n<meta property=\"og:site_name\" content=\"Caf\u00e9s Baqu\u00e9\" \/>\n<meta property=\"article:modified_time\" content=\"2023-02-09T16:08:34+00:00\" \/>\n<meta name=\"twitter:card\" content=\"summary_large_image\" \/>\n<meta name=\"twitter:label1\" content=\"Est. reading time\" \/>\n\t<meta name=\"twitter:data1\" content=\"5 minutes\" \/>\n<script type=\"application\/ld+json\" class=\"yoast-schema-graph\">{\"@context\":\"https:\\\/\\\/schema.org\",\"@graph\":[{\"@type\":\"WebPage\",\"@id\":\"https:\\\/\\\/www.baque.com\\\/eu\\\/kafean-adituak\\\/baque-experience\\\/\",\"url\":\"https:\\\/\\\/www.baque.com\\\/eu\\\/kafean-adituak\\\/baque-experience\\\/\",\"name\":\"Baqu\u00e9 Experience Madrid \\\/\\\/ Caf\u00e9s Baqu\u00e9\",\"isPartOf\":{\"@id\":\"https:\\\/\\\/www.baque.com\\\/es\\\/#website\"},\"datePublished\":\"2019-08-09T11:45:32+00:00\",\"dateModified\":\"2023-02-09T16:08:34+00:00\",\"description\":\"Baque Experience funtzio anitzeko toki bat da, aparta Madrilen ekitaldi korporatiboak edo partikularrak egiteko ingurune dotore batean.\",\"breadcrumb\":{\"@id\":\"https:\\\/\\\/www.baque.com\\\/eu\\\/kafean-adituak\\\/baque-experience\\\/#breadcrumb\"},\"inLanguage\":\"eu-ES\",\"potentialAction\":[{\"@type\":\"ReadAction\",\"target\":[\"https:\\\/\\\/www.baque.com\\\/eu\\\/kafean-adituak\\\/baque-experience\\\/\"]}]},{\"@type\":\"BreadcrumbList\",\"@id\":\"https:\\\/\\\/www.baque.com\\\/eu\\\/kafean-adituak\\\/baque-experience\\\/#breadcrumb\",\"itemListElement\":[{\"@type\":\"ListItem\",\"position\":1,\"name\":\"Portada\",\"item\":\"https:\\\/\\\/www.baque.com\\\/eu\\\/\"},{\"@type\":\"ListItem\",\"position\":2,\"name\":\"Kafean adituak\",\"item\":\"https:\\\/\\\/www.baque.com\\\/eu\\\/kafean-adituak\\\/\"},{\"@type\":\"ListItem\",\"position\":3,\"name\":\"Baqu\u00e9 Experience\"}]},{\"@type\":\"WebSite\",\"@id\":\"https:\\\/\\\/www.baque.com\\\/es\\\/#website\",\"url\":\"https:\\\/\\\/www.baque.com\\\/es\\\/\",\"name\":\"Caf\u00e9s Baqu\u00e9\",\"description\":\"Somos l\u00edderes en hosteler\u00eda en Pa\u00eds Vasco y La Rioja y una de las marcas m\u00e1s reconocidas en el mercado nacional. Somos una empresa familiar en constante innovaci\u00f3n en el producto. Tostamos y distribuimos caf\u00e9 molido, en grano y c\u00e1psulas para disfrutar en casa, en el bar y en la oficina.\",\"potentialAction\":[{\"@type\":\"SearchAction\",\"target\":{\"@type\":\"EntryPoint\",\"urlTemplate\":\"https:\\\/\\\/www.baque.com\\\/es\\\/?s={search_term_string}\"},\"query-input\":{\"@type\":\"PropertyValueSpecification\",\"valueRequired\":true,\"valueName\":\"search_term_string\"}}],\"inLanguage\":\"eu-ES\"}]}<\/script>\n<!-- \/ Yoast SEO plugin. -->","yoast_head_json":{"title":"Baqu\u00e9 Experience Madrid \/\/ Caf\u00e9s Baqu\u00e9","description":"Baque Experience funtzio anitzeko toki bat da, aparta Madrilen ekitaldi korporatiboak edo partikularrak egiteko ingurune dotore batean.","robots":{"index":"index","follow":"follow","max-snippet":"max-snippet:-1","max-image-preview":"max-image-preview:large","max-video-preview":"max-video-preview:-1"},"og_locale":"eu_ES","og_type":"article","og_title":"Baqu\u00e9 Experience Madrid \/\/ Caf\u00e9s Baqu\u00e9","og_description":"Baque Experience funtzio anitzeko toki bat da, aparta Madrilen ekitaldi korporatiboak edo partikularrak egiteko ingurune dotore batean.","og_url":"https:\/\/www.baque.com\/eu\/kafean-adituak\/baque-experience\/","og_site_name":"Caf\u00e9s Baqu\u00e9","article_modified_time":"2023-02-09T16:08:34+00:00","twitter_card":"summary_large_image","twitter_misc":{"Est. reading time":"5 minutes"},"schema":{"@context":"https:\/\/schema.org","@graph":[{"@type":"WebPage","@id":"https:\/\/www.baque.com\/eu\/kafean-adituak\/baque-experience\/","url":"https:\/\/www.baque.com\/eu\/kafean-adituak\/baque-experience\/","name":"Baqu\u00e9 Experience Madrid \/\/ Caf\u00e9s Baqu\u00e9","isPartOf":{"@id":"https:\/\/www.baque.com\/es\/#website"},"datePublished":"2019-08-09T11:45:32+00:00","dateModified":"2023-02-09T16:08:34+00:00","description":"Baque Experience funtzio anitzeko toki bat da, aparta Madrilen ekitaldi korporatiboak edo partikularrak egiteko ingurune dotore batean.","breadcrumb":{"@id":"https:\/\/www.baque.com\/eu\/kafean-adituak\/baque-experience\/#breadcrumb"},"inLanguage":"eu-ES","potentialAction":[{"@type":"ReadAction","target":["https:\/\/www.baque.com\/eu\/kafean-adituak\/baque-experience\/"]}]},{"@type":"BreadcrumbList","@id":"https:\/\/www.baque.com\/eu\/kafean-adituak\/baque-experience\/#breadcrumb","itemListElement":[{"@type":"ListItem","position":1,"name":"Portada","item":"https:\/\/www.baque.com\/eu\/"},{"@type":"ListItem","position":2,"name":"Kafean adituak","item":"https:\/\/www.baque.com\/eu\/kafean-adituak\/"},{"@type":"ListItem","position":3,"name":"Baqu\u00e9 Experience"}]},{"@type":"WebSite","@id":"https:\/\/www.baque.com\/es\/#website","url":"https:\/\/www.baque.com\/es\/","name":"Caf\u00e9s Baqu\u00e9","description":"Somos l\u00edderes en hosteler\u00eda en Pa\u00eds Vasco y La Rioja y una de las marcas m\u00e1s reconocidas en el mercado nacional. Somos una empresa familiar en constante innovaci\u00f3n en el producto. Tostamos y distribuimos caf\u00e9 molido, en grano y c\u00e1psulas para disfrutar en casa, en el bar y en la oficina.","potentialAction":[{"@type":"SearchAction","target":{"@type":"EntryPoint","urlTemplate":"https:\/\/www.baque.com\/es\/?s={search_term_string}"},"query-input":{"@type":"PropertyValueSpecification","valueRequired":true,"valueName":"search_term_string"}}],"inLanguage":"eu-ES"}]}},"_links":{"self":[{"href":"https:\/\/www.baque.com\/eu\/wp-json\/wp\/v2\/pages\/8070","targetHints":{"allow":["GET"]}}],"collection":[{"href":"https:\/\/www.baque.com\/eu\/wp-json\/wp\/v2\/pages"}],"about":[{"href":"https:\/\/www.baque.com\/eu\/wp-json\/wp\/v2\/types\/page"}],"author":[{"embeddable":true,"href":"https:\/\/www.baque.com\/eu\/wp-json\/wp\/v2\/users\/1"}],"replies":[{"embeddable":true,"href":"https:\/\/www.baque.com\/eu\/wp-json\/wp\/v2\/comments?post=8070"}],"version-history":[{"count":4,"href":"https:\/\/www.baque.com\/eu\/wp-json\/wp\/v2\/pages\/8070\/revisions"}],"predecessor-version":[{"id":1245224,"href":"https:\/\/www.baque.com\/eu\/wp-json\/wp\/v2\/pages\/8070\/revisions\/1245224"}],"up":[{"embeddable":true,"href":"https:\/\/www.baque.com\/eu\/wp-json\/wp\/v2\/pages\/1507"}],"wp:attachment":[{"href":"https:\/\/www.baque.com\/eu\/wp-json\/wp\/v2\/media?parent=8070"}],"curies":[{"name":"wp","href":"https:\/\/api.w.org\/{rel}","templated":true}]}}