
{"id":962320,"date":"2022-08-05T11:50:23","date_gmt":"2022-08-05T09:50:23","guid":{"rendered":"https:\/\/www.baque.com\/?page_id=962320"},"modified":"2024-09-25T08:43:21","modified_gmt":"2024-09-25T06:43:21","slug":"lan-egin-cafes-baque-n","status":"publish","type":"page","link":"https:\/\/www.baque.com\/eu\/lan-egin-cafes-baque-n\/","title":{"rendered":"Lan egin Caf\u00e9s Baqu\u00e9-n"},"content":{"rendered":"<section  id='caffe-latte' class='videophoto expand nocontainer'><img src='\/wp-content\/uploads\/2022\/07\/cabecera-scaled.jpg' class='bg' alt='' \/><img src='\/wp-content\/uploads\/2022\/07\/cabecera-mobile.jpg' class='bgresp' alt='' \/><div class='container'><\/div><\/section>\n<section  class='introtext normal centrado short margen-negativo'><div class='container'><\/p>\n<p><a class=\"boton grande\" href=\"#formulario-trabaja\" rel=\"noopener\">CVa bidali<\/a><\/p>\n<p><\/div><\/section>\n<p><div class='separator height50' ><\/div><br \/>\n<div class='separator height50' ><\/div><\/p>\n<section  class='introtext normal short'><div class='container'><\/p>\n<h2>Caf\u00e9s Baqu\u00e9-n\u00a0100 urte baino gehiago daramatzagu gure zaletasunari eskainiak: kafea.<\/h2>\n<p>Familia-enpresa\u00a0bat gara eta tradizioa eta berrikuntza konbinatzearen aldeko apustua egin dugu gure bezero guztiak gogobetetzeko, bai etxekoak, baita ostalaritzakoak eta enpresetakoak ere.<\/p>\n<p>Euskadin eta Errioxako hostalaritzan lehenak gara eta marka ezagunenetariko bat merkatu nazionalean. EAE-n, Errioxan, Madrilen, Malagan eta Sevillan ditugu delegazioak eta distribuidoreekin lan egiten dugu gainontzeko probintzietan.<\/p>\n<p>Pertsonen balioan sinesten dugu gure\u00a0sektorea eraldatzeko eta zerbitzu onena eskaintzeko, esperientzia paregabeak sortzeko helburuarekin kafearen inguruan.<\/p>\n<p>3 milioi kilo kafe baino gehiago txigortzen ditugu urtean\u00a0eta Caf\u00e9s Baqu\u00e9-ren 300.000 kikara baino gehiago kontsumitzen dira egunean.<\/p>\n<p><strong>Eta elkartzen gaituen pasio honengatik zure alboan egin nahi dugu aurrera.<\/strong><\/p>\n<p><\/div><\/section>\n<section  id='mas-informacion'><div class='container'><\/p>\n<h3>Zerbait duzu kontatzeko?<br \/>\nHartuko dugu kafe bat?<\/h3>\n<p><a class=\"boton\" href=\"#formulario-trabaja\" rel=\"noopener\">CVa bidali<\/a><\/p>\n<p><\/div><\/section>\n<div class='separator height50' ><\/div>\n<section  class='introtext normal short'><div class='container'><\/p>\n<h2>Caf\u00e9s Baqu\u00e9-n Berdintasun plana<\/h2>\n<p><p class='entradilla'>Caf\u00e9s Baqu\u00e9k, gizonen eta emakumeen arteko berdintasuna lortzeko helburuarekin, <strong>berdintasun-plan<\/strong> bat lantzeko eta ezartzeko konpromisoa hartu du. Plan horrek pertsonen kudeaketarako, lan-baldintzetarako, familiaren eta lanaren arteko kontziliaziorako eta sexuagatiko jazarpena prebenitzeko helburuak, estrategiak eta praktikak jaso ditu.<\/p><\/p>\n<p><\/div><\/section>\n<div class='separator height25' ><\/div>\n<section  class='multicol'><div class='container'><br \/>\n<div class='col1'><img src='\/wp-content\/uploads\/2023\/08\/plan-accion-igualdad-cafes-baque.jpg' class='bg withoutbgresp' alt='' \/><\/div><br \/>\n<div class='col4'><\/p>\n<p>2021eko otsailean, enpresak langileei berdintasunarekiko konpromisoa ezagutarazi zien, eta 2021eko urrian, berriz, proiektua abian jarri zuela jakinarazi zuen. <\/p>\n<p>Konpromiso hori sustatu eta gauzatzeko:<\/p>\n<ul>\n<li>Diagnosiko bat egin du berdintasuna enpresan zertan den jakiteko. Diagnostikorako, Emakunderen kanpo-aholkularitza teknikoa eta homologatua jaso du.<\/li>\n<li>Berdintasun Batzorde bat sortu du, enpresako eta langileen ordezkariez osatuta.<\/li>\n<li>Langileen lankidetza sustatu du, gaiari buruz langileen iritzien, beharrizanen eta<br \/>\niradokizunen jakitun izateko. Era berean, komunikazioa osoa izan da, prozesuaren<br \/>\naurrerapenak langileei jakinarazte aldera.<\/li>\n<\/ul>\n<p>Lehen helburua izan da berdintasunean zer alderdi daude hobetzeko identifikatzea eta ondorioak ateratzea. Ondorio horietan oinarrituta, helburu argiak dituen eta zer hobetu zehazten dituen ekintza-plan bat landu da. Plan horrek ere balio dezake kontzientziazioa zabaltzeko enpresa barruan zein kanpoan, langileen zein bezeroen artean. Izan ere, badago legez halako derrigortasun bat egon behar ez lukeela pentsatzen duenik eta gizartean oro har eta enpresetan zehazki desberdintasunik ez dagoela uste duenik.<\/p>\n<p>Laburbilduta, Caf\u00e9s Baqu\u00e9k berdintasunaren alde lan egiteari ekin zionetik urtea bete da, jarritako helburuak bete ditu eta 2022an 20 neurri ezarri ditu. Lau urteko plana da, eta, beraz, esan dezakegu egiazko berdintasuna ezartzeko bidean segituko dugula, plan transbertsal eta prebentibo batekin, oinarrian elkarrizketa duena, gizonen eta emakumeen aukera-berdintasunean aurrera egiten segitzeko.<\/p>\n<p><!--<a class=\"boton\" href=\"https:\/\/baque.epreselec.com?id_origen=web+corporativa\" target=\"_blank\" rel=\"noopener\">CVa bidali<\/a>--><br \/>\n<\/div><br \/>\n<\/div><\/section>\n<div id=\"formulario-trabaja\">\n<section class=\"introtext normal short\">\n<div class=\"container\">\n<h2>Lan egin Caf\u00e9s Baqu\u00e9-n<\/h2>\n<div class=\"wpforms-container \" id=\"wpforms-2561809\"><form id=\"wpforms-form-2561809\" class=\"wpforms-validate wpforms-form wpforms-ajax-form\" data-formid=\"2561809\" method=\"post\" enctype=\"multipart\/form-data\" action=\"\/eu\/wp-json\/wp\/v2\/pages\/962320?wpforms_form_id=2561809\" data-token=\"907e0616f3151f50e83cad0350ba78a3\" data-token-time=\"1776479947\"><noscript class=\"wpforms-error-noscript\">Please enable JavaScript in your browser to complete this form.<\/noscript><div class=\"wpforms-field-container\"><div id=\"wpforms-2561809-field_1-container\" class=\"wpforms-field wpforms-field-text\" data-field-id=\"1\"><label class=\"wpforms-field-label wpforms-label-hide\" for=\"wpforms-2561809-field_1\">Izena <span class=\"wpforms-required-label\">*<\/span><\/label><input type=\"text\" id=\"wpforms-2561809-field_1\" class=\"wpforms-field-medium wpforms-field-required\" name=\"wpforms[fields][1]\" placeholder=\"Izena*\" required><\/div><div id=\"wpforms-2561809-field_2-container\" class=\"wpforms-field wpforms-field-text\" data-field-id=\"2\"><label class=\"wpforms-field-label wpforms-label-hide\" for=\"wpforms-2561809-field_2\">Abizenak <span class=\"wpforms-required-label\">*<\/span><\/label><input type=\"text\" id=\"wpforms-2561809-field_2\" class=\"wpforms-field-medium wpforms-field-required\" name=\"wpforms[fields][2]\" placeholder=\"Abizenak*\" required><\/div><div id=\"wpforms-2561809-field_10-container\" class=\"wpforms-field wpforms-field-select wpforms-field-select-style-classic\" data-field-id=\"10\"><label class=\"wpforms-field-label wpforms-label-hide\" for=\"wpforms-2561809-field_10\">Lanpostu <span class=\"wpforms-required-label\">*<\/span><\/label><select id=\"wpforms-2561809-field_10\" class=\"wpforms-field-medium wpforms-field-required\" name=\"wpforms[fields][10]\" required=\"required\"><option value=\"\" class=\"placeholder\" disabled  selected='selected'>Hautatu departamentu bat*<\/option><option value=\"BILTEGIA\"  class=\"choice-1 depth-1\"  >BILTEGIA<\/option><option value=\"EROSKETAK\"  class=\"choice-2 depth-1\"  >EROSKETAK<\/option><option value=\"KALITATEA\"  class=\"choice-3 depth-1\"  >KALITATEA<\/option><option value=\"PRODUKZIOA\"  class=\"choice-4 depth-1\"  >PRODUKZIOA<\/option><option value=\"MARKETING\"  class=\"choice-5 depth-1\"  >MARKETING<\/option><option value=\"KAFE\/BARISTA ESKOLA\"  class=\"choice-6 depth-1\"  >KAFE\/BARISTA ESKOLA<\/option><option value=\"NAZIOARTEKOA\"  class=\"choice-7 depth-1\"  >NAZIOARTEKOA<\/option><option value=\"KOMERTZIALA\"  class=\"choice-8 depth-1\"  >KOMERTZIALA<\/option><option value=\"FINANTZAK\"  class=\"choice-9 depth-1\"  >FINANTZAK<\/option><option value=\"ADMINISTRAZIOA\"  class=\"choice-10 depth-1\"  >ADMINISTRAZIOA<\/option><option value=\"GIZA BALIABIDEAK\"  class=\"choice-11 depth-1\"  >GIZA BALIABIDEAK<\/option><\/select><\/div><div id=\"wpforms-2561809-field_3-container\" class=\"wpforms-field wpforms-field-select wpforms-field-select-style-classic\" data-field-id=\"3\"><label class=\"wpforms-field-label wpforms-label-hide\" for=\"wpforms-2561809-field_3\">Probintzia <span class=\"wpforms-required-label\">*<\/span><\/label><select id=\"wpforms-2561809-field_3\" class=\"wpforms-field-medium wpforms-field-required\" name=\"wpforms[fields][3]\" required=\"required\"><option value=\"\" class=\"placeholder\" disabled  selected='selected'>Probintzia*<\/option><option value=\"\u00c1lava\/Araba\"  class=\"choice-4 depth-1\"  >\u00c1lava\/Araba<\/option><option value=\"Albacete\"  class=\"choice-5 depth-1\"  >Albacete<\/option><option value=\"Alicante\"  class=\"choice-6 depth-1\"  >Alicante<\/option><option value=\"Almer\u00eda\"  class=\"choice-7 depth-1\"  >Almer\u00eda<\/option><option value=\"Asturias\"  class=\"choice-8 depth-1\"  >Asturias<\/option><option value=\"\u00c1vila\"  class=\"choice-9 depth-1\"  >\u00c1vila<\/option><option value=\"Badajoz\"  class=\"choice-10 depth-1\"  >Badajoz<\/option><option value=\"Baleares\"  class=\"choice-11 depth-1\"  >Baleares<\/option><option value=\"Barcelona\"  class=\"choice-12 depth-1\"  >Barcelona<\/option><option value=\"Burgos\"  class=\"choice-13 depth-1\"  >Burgos<\/option><option value=\"C\u00e1ceres\"  class=\"choice-14 depth-1\"  >C\u00e1ceres<\/option><option value=\"C\u00e1diz\"  class=\"choice-15 depth-1\"  >C\u00e1diz<\/option><option value=\"Cantabria\"  class=\"choice-16 depth-1\"  >Cantabria<\/option><option value=\"Castell\u00f3n\"  class=\"choice-17 depth-1\"  >Castell\u00f3n<\/option><option value=\"Ceuta\"  class=\"choice-18 depth-1\"  >Ceuta<\/option><option value=\"Ciudad Real\"  class=\"choice-19 depth-1\"  >Ciudad Real<\/option><option value=\"C\u00f3rdoba\"  class=\"choice-20 depth-1\"  >C\u00f3rdoba<\/option><option value=\"Cuenca\"  class=\"choice-21 depth-1\"  >Cuenca<\/option><option value=\"Gerona\/Girona\"  class=\"choice-22 depth-1\"  >Gerona\/Girona<\/option><option value=\"Granada\"  class=\"choice-23 depth-1\"  >Granada<\/option><option value=\"Guadalajara\"  class=\"choice-24 depth-1\"  >Guadalajara<\/option><option value=\"Guip\u00fazcoa\/Gipuzkoa\"  class=\"choice-25 depth-1\"  >Guip\u00fazcoa\/Gipuzkoa<\/option><option value=\"Huelva\"  class=\"choice-26 depth-1\"  >Huelva<\/option><option value=\"Huesca\"  class=\"choice-27 depth-1\"  >Huesca<\/option><option value=\"Ja\u00e9n\"  class=\"choice-28 depth-1\"  >Ja\u00e9n<\/option><option value=\"La Coru\u00f1a\/A Coru\u00f1a\"  class=\"choice-29 depth-1\"  >La Coru\u00f1a\/A Coru\u00f1a<\/option><option value=\"La Rioja&gt;La\"  class=\"choice-30 depth-1\"  >La Rioja&gt;La<\/option><option value=\"Las Palmas\"  class=\"choice-31 depth-1\"  >Las Palmas<\/option><option value=\"Le\u00f3n\"  class=\"choice-32 depth-1\"  >Le\u00f3n<\/option><option value=\"L\u00e9rida\/Lleida\"  class=\"choice-33 depth-1\"  >L\u00e9rida\/Lleida<\/option><option value=\"Lugo\"  class=\"choice-34 depth-1\"  >Lugo<\/option><option value=\"Madrid\"  class=\"choice-35 depth-1\"  >Madrid<\/option><option value=\"M\u00e1laga\"  class=\"choice-36 depth-1\"  >M\u00e1laga<\/option><option value=\"Melilla\"  class=\"choice-37 depth-1\"  >Melilla<\/option><option value=\"Murcia\"  class=\"choice-38 depth-1\"  >Murcia<\/option><option value=\"Navarra\"  class=\"choice-39 depth-1\"  >Navarra<\/option><option value=\"Orense\/Ourense\"  class=\"choice-40 depth-1\"  >Orense\/Ourense<\/option><option value=\"Palencia\"  class=\"choice-41 depth-1\"  >Palencia<\/option><option value=\"Pontevedra\"  class=\"choice-42 depth-1\"  >Pontevedra<\/option><option value=\"Salamanca\"  class=\"choice-43 depth-1\"  >Salamanca<\/option><option value=\"Segovia\"  class=\"choice-44 depth-1\"  >Segovia<\/option><option value=\"Sevilla\"  class=\"choice-45 depth-1\"  >Sevilla<\/option><option value=\"Soria\"  class=\"choice-46 depth-1\"  >Soria<\/option><option value=\"Tarragona\"  class=\"choice-47 depth-1\"  >Tarragona<\/option><option value=\"Tenerife\"  class=\"choice-48 depth-1\"  >Tenerife<\/option><option value=\"Teruel\"  class=\"choice-49 depth-1\"  >Teruel<\/option><option value=\"Toledo\"  class=\"choice-50 depth-1\"  >Toledo<\/option><option value=\"Valencia\"  class=\"choice-51 depth-1\"  >Valencia<\/option><option value=\"Valladolid\"  class=\"choice-52 depth-1\"  >Valladolid<\/option><option value=\"Vizcaya\/Bizkaia\"  class=\"choice-53 depth-1\"  >Vizcaya\/Bizkaia<\/option><option value=\"Zamora\"  class=\"choice-54 depth-1\"  >Zamora<\/option><option value=\"Zaragoza\"  class=\"choice-55 depth-1\"  >Zaragoza<\/option><\/select><\/div><div id=\"wpforms-2561809-field_4-container\" class=\"wpforms-field wpforms-field-phone\" data-field-id=\"4\"><label class=\"wpforms-field-label wpforms-label-hide\" for=\"wpforms-2561809-field_4\">Telefonoa <span class=\"wpforms-required-label\">*<\/span><\/label><input type=\"tel\" id=\"wpforms-2561809-field_4\" class=\"wpforms-field-large wpforms-field-required wpforms-smart-phone-field\" data-rule-smart-phone-field=\"true\" name=\"wpforms[fields][4]\" placeholder=\"Telefonoa*\" aria-label=\"Telefonoa\" required><\/div><div id=\"wpforms-2561809-field_6-container\" class=\"wpforms-field wpforms-field-email\" data-field-id=\"6\"><label class=\"wpforms-field-label wpforms-label-hide\" for=\"wpforms-2561809-field_6\">Helbide elektronikoa <span class=\"wpforms-required-label\">*<\/span><\/label><input type=\"email\" id=\"wpforms-2561809-field_6\" class=\"wpforms-field-medium wpforms-field-required\" name=\"wpforms[fields][6]\" placeholder=\"Helbide elektronikoa*\" spellcheck=\"false\" required><\/div><div id=\"wpforms-2561809-field_7-container\" class=\"wpforms-field wpforms-field-textarea\" data-field-id=\"7\"><label class=\"wpforms-field-label wpforms-label-hide\" for=\"wpforms-2561809-field_7\">Kontaiguzu nahi duzuna<\/label><textarea id=\"wpforms-2561809-field_7\" class=\"wpforms-field-medium\" name=\"wpforms[fields][7]\" placeholder=\"Kontaiguzu nahi duzuna\" ><\/textarea><\/div><div id=\"wpforms-2561809-field_8-container\" class=\"wpforms-field wpforms-field-file-upload\" data-field-id=\"8\"><label class=\"wpforms-field-label wpforms-label-hide\" for=\"wpforms-2561809-field_8\">Curriculuma eranstea <span class=\"wpforms-required-label\">*<\/span><\/label><div\n\t\tclass=\"wpforms-uploader wpforms-field-required\"\n\t\tdata-field-id=\"8\"\n\t\tdata-form-id=\"2561809\"\n\t\tdata-input-name=\"wpforms_2561809_8\"\n\t\tdata-extensions=\"doc,pdf,ppt\"\n\t\tdata-max-size=\"4194304\"\n\t\tdata-max-file-number=\"1\"\n\t\tdata-post-max-size=\"52428800\"\n\t\tdata-max-parallel-uploads=\"4\"\n\t\tdata-parallel-uploads=\"true\"\n\t\tdata-file-chunk-size=\"2097152\">\n\t<div class=\"dz-message\">\n\t\t<svg  viewBox=\"0 0 640 640\" focusable=\"false\" data-icon=\"inbox\" width=\"50px\" height=\"50px\" fill=\"currentColor\" aria-hidden=\"true\">\n\t\t\t<path d=\"M352 173.3L352 384C352 401.7 337.7 416 320 416C302.3 416 288 401.7 288 384L288 173.3L246.6 214.7C234.1 227.2 213.8 227.2 201.3 214.7C188.8 202.2 188.8 181.9 201.3 169.4L297.3 73.4C309.8 60.9 330.1 60.9 342.6 73.4L438.6 169.4C451.1 181.9 451.1 202.2 438.6 214.7C426.1 227.2 405.8 227.2 393.3 214.7L352 173.3zM320 464C364.2 464 400 428.2 400 384L480 384C515.3 384 544 412.7 544 448L544 480C544 515.3 515.3 544 480 544L160 544C124.7 544 96 515.3 96 480L96 448C96 412.7 124.7 384 160 384L240 384C240 428.2 275.8 464 320 464zM464 488C477.3 488 488 477.3 488 464C488 450.7 477.3 440 464 440C450.7 440 440 450.7 440 464C440 477.3 450.7 488 464 488z\"\/>\n\t\t<\/svg>\n\n\t\t<span class=\"modern-title\">\n\t\t\t\t\t\t\tDrag &amp; Drop Files, \t\t\t\t<span>Choose Files to Upload<\/span>\n\t\t\t\t\t<\/span>\n\n\t\t\t<\/div>\n<\/div>\n\n<input\n\t\ttype=\"text\"\n\t\tautocomplete=\"off\"\n\t\treadonly\n\t\tclass=\"dropzone-input\"\n\t\tstyle=\"position:absolute!important;clip:rect(0,0,0,0)!important;height:1px!important;width:1px!important;border:0!important;overflow:hidden!important;padding:0!important;margin:0!important;\"\n\t\tid=\"wpforms-2561809-field_8\"\n\t\tname=\"wpforms_2561809_8\" required\t\tvalue=\"\">\n<div class=\"wpforms-field-description\">Curriculum-a erantsi*. Gehienezko tamaina 4MB.<\/div><\/div><div id=\"wpforms-2561809-field_9-container\" class=\"wpforms-field wpforms-field-radio aviso-legal\" data-field-id=\"9\"><label class=\"wpforms-field-label wpforms-label-hide\">Aviso legal <span class=\"wpforms-required-label\">*<\/span><\/label><ul id=\"wpforms-2561809-field_9\" class=\"wpforms-field-required\"><li class=\"choice-1 depth-1\"><input type=\"radio\" id=\"wpforms-2561809-field_9_1\" name=\"wpforms[fields][9]\" value=\"&lt;a href=&quot;https:\/\/www.baque.com\/eu\/lege-oharra\/&quot; target=&quot;_blank&quot;&gt;Lege oharra&lt;\/a&gt; irakurri eta onartzen dut.\" required ><label class=\"wpforms-field-label-inline\" for=\"wpforms-2561809-field_9_1\"><a href=\"https:\/\/www.baque.com\/eu\/lege-oharra\/\" target=\"_blank\">Lege oharra<\/a> irakurri eta onartzen dut.<\/label><\/li><\/ul><\/div><\/div><!-- .wpforms-field-container --><div class=\"wpforms-recaptcha-container wpforms-is-recaptcha wpforms-is-recaptcha-type-v3\" ><input type=\"hidden\" name=\"wpforms[recaptcha]\" value=\"\"><\/div><div class=\"wpforms-submit-container\" ><input type=\"hidden\" name=\"wpforms[id]\" value=\"2561809\"><input type=\"hidden\" name=\"page_title\" value=\"\"><input type=\"hidden\" name=\"page_url\" value=\"https:\/\/www.baque.com\/eu\/wp-json\/wp\/v2\/pages\/962320\"><input type=\"hidden\" name=\"url_referer\" value=\"\"><button type=\"submit\" name=\"wpforms[submit]\" id=\"wpforms-submit-2561809\" class=\"wpforms-submit\" data-alt-text=\"Bidali...\" data-submit-text=\"Bidali\" aria-live=\"assertive\" value=\"wpforms-submit\">Bidali<\/button><img loading=\"lazy\" decoding=\"async\" src=\"https:\/\/www.baque.com\/wp-content\/plugins\/wpforms\/assets\/images\/submit-spin.svg\" class=\"wpforms-submit-spinner\" style=\"display: none;\" width=\"26\" height=\"26\" alt=\"Loading\"><\/div><\/form><\/div>  <!-- .wpforms-container --><\/div>\n<\/section>\n<\/div>\n<p><div class='separator height50' ><\/div><br \/>\n<div class='separator height50' ><\/div><\/p>\n<section  id='capsulas-cafe-3' class='squares videophoto cols2 borderwhite borderwhitefooter'><br \/>\n<div  class='square nocontainer'>\n\t\t\t<img src='\/wp-content\/uploads\/2022\/07\/pie2-3-scaled.jpg' class='bg withoutbgresp' alt='' \/>\n\t\t\t\n\t\t\t<div class='container'>\n\t\t\t\t\n\t\t\t<\/div>\n\t\t<\/div><br \/>\n<div  class='square nocontainer'>\n\t\t\t<img src='\/wp-content\/uploads\/2022\/07\/pie1-3-scaled.jpg' class='bg withoutbgresp' alt='' \/>\n\t\t\t\n\t\t\t<div class='container'>\n\t\t\t\t\n\t\t\t<\/div>\n\t\t<\/div><br \/>\n<\/section>\n","protected":false},"excerpt":{"rendered":"<p>Lan egin Caf\u00e9s Baqu\u00e9-n<\/p>\n","protected":false},"author":4013,"featured_media":0,"parent":0,"menu_order":20,"comment_status":"closed","ping_status":"closed","template":"","meta":{"_acf_changed":false,"footnotes":""},"class_list":["post-962320","page","type-page","status-publish","hentry"],"acf":[],"yoast_head":"<!-- This site is optimized with the Yoast SEO plugin v27.3 - https:\/\/yoast.com\/product\/yoast-seo-wordpress\/ -->\n<title>Lan egin Caf\u00e9s Baqu\u00e9-n - Caf\u00e9s Baqu\u00e9<\/title>\n<meta name=\"robots\" content=\"index, follow, max-snippet:-1, max-image-preview:large, max-video-preview:-1\" \/>\n<meta property=\"og:locale\" content=\"eu_ES\" \/>\n<meta property=\"og:type\" content=\"article\" \/>\n<meta property=\"og:title\" content=\"Lan egin Caf\u00e9s Baqu\u00e9-n - Caf\u00e9s Baqu\u00e9\" \/>\n<meta property=\"og:description\" content=\"Lan egin Caf\u00e9s Baqu\u00e9-n\" \/>\n<meta property=\"og:url\" content=\"https:\/\/www.baque.com\/eu\/lan-egin-cafes-baque-n\/\" \/>\n<meta property=\"og:site_name\" content=\"Caf\u00e9s Baqu\u00e9\" \/>\n<meta property=\"article:modified_time\" content=\"2024-09-25T06:43:21+00:00\" \/>\n<meta name=\"twitter:card\" content=\"summary_large_image\" \/>\n<meta name=\"twitter:label1\" content=\"Est. reading time\" \/>\n\t<meta name=\"twitter:data1\" content=\"2 minutes\" \/>\n<script type=\"application\/ld+json\" class=\"yoast-schema-graph\">{\"@context\":\"https:\\\/\\\/schema.org\",\"@graph\":[{\"@type\":\"WebPage\",\"@id\":\"https:\\\/\\\/www.baque.com\\\/eu\\\/lan-egin-cafes-baque-n\\\/\",\"url\":\"https:\\\/\\\/www.baque.com\\\/eu\\\/lan-egin-cafes-baque-n\\\/\",\"name\":\"Lan egin Caf\u00e9s Baqu\u00e9-n - Caf\u00e9s Baqu\u00e9\",\"isPartOf\":{\"@id\":\"https:\\\/\\\/www.baque.com\\\/es\\\/#website\"},\"datePublished\":\"2022-08-05T09:50:23+00:00\",\"dateModified\":\"2024-09-25T06:43:21+00:00\",\"breadcrumb\":{\"@id\":\"https:\\\/\\\/www.baque.com\\\/eu\\\/lan-egin-cafes-baque-n\\\/#breadcrumb\"},\"inLanguage\":\"eu-ES\",\"potentialAction\":[{\"@type\":\"ReadAction\",\"target\":[\"https:\\\/\\\/www.baque.com\\\/eu\\\/lan-egin-cafes-baque-n\\\/\"]}]},{\"@type\":\"BreadcrumbList\",\"@id\":\"https:\\\/\\\/www.baque.com\\\/eu\\\/lan-egin-cafes-baque-n\\\/#breadcrumb\",\"itemListElement\":[{\"@type\":\"ListItem\",\"position\":1,\"name\":\"Portada\",\"item\":\"https:\\\/\\\/www.baque.com\\\/eu\\\/\"},{\"@type\":\"ListItem\",\"position\":2,\"name\":\"Lan egin Caf\u00e9s Baqu\u00e9-n\"}]},{\"@type\":\"WebSite\",\"@id\":\"https:\\\/\\\/www.baque.com\\\/es\\\/#website\",\"url\":\"https:\\\/\\\/www.baque.com\\\/es\\\/\",\"name\":\"Caf\u00e9s Baqu\u00e9\",\"description\":\"Somos l\u00edderes en hosteler\u00eda en Pa\u00eds Vasco y La Rioja y una de las marcas m\u00e1s reconocidas en el mercado nacional. Somos una empresa familiar en constante innovaci\u00f3n en el producto. Tostamos y distribuimos caf\u00e9 molido, en grano y c\u00e1psulas para disfrutar en casa, en el bar y en la oficina.\",\"potentialAction\":[{\"@type\":\"SearchAction\",\"target\":{\"@type\":\"EntryPoint\",\"urlTemplate\":\"https:\\\/\\\/www.baque.com\\\/es\\\/?s={search_term_string}\"},\"query-input\":{\"@type\":\"PropertyValueSpecification\",\"valueRequired\":true,\"valueName\":\"search_term_string\"}}],\"inLanguage\":\"eu-ES\"}]}<\/script>\n<!-- \/ Yoast SEO plugin. -->","yoast_head_json":{"title":"Lan egin Caf\u00e9s Baqu\u00e9-n - Caf\u00e9s Baqu\u00e9","robots":{"index":"index","follow":"follow","max-snippet":"max-snippet:-1","max-image-preview":"max-image-preview:large","max-video-preview":"max-video-preview:-1"},"og_locale":"eu_ES","og_type":"article","og_title":"Lan egin Caf\u00e9s Baqu\u00e9-n - Caf\u00e9s Baqu\u00e9","og_description":"Lan egin Caf\u00e9s Baqu\u00e9-n","og_url":"https:\/\/www.baque.com\/eu\/lan-egin-cafes-baque-n\/","og_site_name":"Caf\u00e9s Baqu\u00e9","article_modified_time":"2024-09-25T06:43:21+00:00","twitter_card":"summary_large_image","twitter_misc":{"Est. reading time":"2 minutes"},"schema":{"@context":"https:\/\/schema.org","@graph":[{"@type":"WebPage","@id":"https:\/\/www.baque.com\/eu\/lan-egin-cafes-baque-n\/","url":"https:\/\/www.baque.com\/eu\/lan-egin-cafes-baque-n\/","name":"Lan egin Caf\u00e9s Baqu\u00e9-n - Caf\u00e9s Baqu\u00e9","isPartOf":{"@id":"https:\/\/www.baque.com\/es\/#website"},"datePublished":"2022-08-05T09:50:23+00:00","dateModified":"2024-09-25T06:43:21+00:00","breadcrumb":{"@id":"https:\/\/www.baque.com\/eu\/lan-egin-cafes-baque-n\/#breadcrumb"},"inLanguage":"eu-ES","potentialAction":[{"@type":"ReadAction","target":["https:\/\/www.baque.com\/eu\/lan-egin-cafes-baque-n\/"]}]},{"@type":"BreadcrumbList","@id":"https:\/\/www.baque.com\/eu\/lan-egin-cafes-baque-n\/#breadcrumb","itemListElement":[{"@type":"ListItem","position":1,"name":"Portada","item":"https:\/\/www.baque.com\/eu\/"},{"@type":"ListItem","position":2,"name":"Lan egin Caf\u00e9s Baqu\u00e9-n"}]},{"@type":"WebSite","@id":"https:\/\/www.baque.com\/es\/#website","url":"https:\/\/www.baque.com\/es\/","name":"Caf\u00e9s Baqu\u00e9","description":"Somos l\u00edderes en hosteler\u00eda en Pa\u00eds Vasco y La Rioja y una de las marcas m\u00e1s reconocidas en el mercado nacional. Somos una empresa familiar en constante innovaci\u00f3n en el producto. Tostamos y distribuimos caf\u00e9 molido, en grano y c\u00e1psulas para disfrutar en casa, en el bar y en la oficina.","potentialAction":[{"@type":"SearchAction","target":{"@type":"EntryPoint","urlTemplate":"https:\/\/www.baque.com\/es\/?s={search_term_string}"},"query-input":{"@type":"PropertyValueSpecification","valueRequired":true,"valueName":"search_term_string"}}],"inLanguage":"eu-ES"}]}},"_links":{"self":[{"href":"https:\/\/www.baque.com\/eu\/wp-json\/wp\/v2\/pages\/962320","targetHints":{"allow":["GET"]}}],"collection":[{"href":"https:\/\/www.baque.com\/eu\/wp-json\/wp\/v2\/pages"}],"about":[{"href":"https:\/\/www.baque.com\/eu\/wp-json\/wp\/v2\/types\/page"}],"author":[{"embeddable":true,"href":"https:\/\/www.baque.com\/eu\/wp-json\/wp\/v2\/users\/4013"}],"replies":[{"embeddable":true,"href":"https:\/\/www.baque.com\/eu\/wp-json\/wp\/v2\/comments?post=962320"}],"version-history":[{"count":9,"href":"https:\/\/www.baque.com\/eu\/wp-json\/wp\/v2\/pages\/962320\/revisions"}],"predecessor-version":[{"id":2561834,"href":"https:\/\/www.baque.com\/eu\/wp-json\/wp\/v2\/pages\/962320\/revisions\/2561834"}],"wp:attachment":[{"href":"https:\/\/www.baque.com\/eu\/wp-json\/wp\/v2\/media?parent=962320"}],"curies":[{"name":"wp","href":"https:\/\/api.w.org\/{rel}","templated":true}]}}